{"id":16568,"date":"2024-09-20T22:41:18","date_gmt":"2024-09-20T20:41:18","guid":{"rendered":"https:\/\/www.patrulrinpoche.net\/dharma-city\/reservation-des-repas-a-dharma-city\/"},"modified":"2024-09-20T22:41:24","modified_gmt":"2024-09-20T20:41:24","slug":"reservation-des-repas-a-dharma-city","status":"publish","type":"page","link":"https:\/\/www.patrulrinpoche.net\/fr\/dharma-city\/reservation-des-repas-a-dharma-city\/","title":{"rendered":"R\u00c9SERVATION DES REPAS \u00c0 DHARMA CITY"},"content":{"rendered":"<p>[et_pb_section fb_built=&#8221;1&#8243; admin_label=&#8221;Section&#8221; _builder_version=&#8221;4.25.1&#8243; _module_preset=&#8221;default&#8221; da_disable_devices=&#8221;off|off|off&#8221; global_colors_info=&#8221;{}&#8221; da_is_popup=&#8221;off&#8221; da_exit_intent=&#8221;off&#8221; da_has_close=&#8221;on&#8221; da_alt_close=&#8221;off&#8221; da_dark_close=&#8221;off&#8221; da_not_modal=&#8221;on&#8221; da_is_singular=&#8221;off&#8221; da_with_loader=&#8221;off&#8221; da_has_shadow=&#8221;on&#8221;][et_pb_row _builder_version=&#8221;4.25.1&#8243; _module_preset=&#8221;default&#8221; animation_style=&#8221;fade&#8221; global_colors_info=&#8221;{}&#8221;][et_pb_column type=&#8221;4_4&#8243; _builder_version=&#8221;4.25.1&#8243; _module_preset=&#8221;default&#8221; global_colors_info=&#8221;{}&#8221;][et_pb_image src=&#8221;http:\/\/www.patrulrinpoche.net\/wp-content\/uploads\/2024\/09\/GoldenKitchen-1.jpg&#8221; title_text=&#8221;GoldenKitchen&#8221; align=&#8221;center&#8221; _builder_version=&#8221;4.25.1&#8243; _module_preset=&#8221;default&#8221; background_color=&#8221;#001d3d&#8221; global_colors_info=&#8221;{}&#8221;][\/et_pb_image][\/et_pb_column][\/et_pb_row][et_pb_row _builder_version=&#8221;4.25.1&#8243; _module_preset=&#8221;default&#8221; global_colors_info=&#8221;{}&#8221;][et_pb_column type=&#8221;4_4&#8243; _builder_version=&#8221;4.25.1&#8243; _module_preset=&#8221;default&#8221; global_colors_info=&#8221;{}&#8221;][et_pb_heading title=&#8221;Comment puis-je r\u00e9server un repas \u00e0 Dharma City?&#8221; _builder_version=&#8221;4.25.1&#8243; _module_preset=&#8221;default&#8221; title_text_align=&#8221;center&#8221; global_colors_info=&#8221;{}&#8221;][\/et_pb_heading][et_pb_button button_url=&#8221;https:\/\/docs.google.com\/forms\/d\/e\/1FAIpQLSfWxgEjZSDepZvzhZldh4oSrcovl9c1NfDaKhAGF4za4Z-OHg\/viewform&#8221; url_new_window=&#8221;on&#8221; button_text=&#8221;FORMULAIRE DE R\u00c9SERVATION DES REPAS&#8221; button_alignment=&#8221;center&#8221; admin_label=&#8221;Button&#8221; _builder_version=&#8221;4.25.1&#8243; _module_preset=&#8221;default&#8221; global_colors_info=&#8221;{}&#8221;][\/et_pb_button][et_pb_heading title=&#8221;Comment ajouter mon nom \u00e0 la liste des b\u00e9n\u00e9voles en cuisine pour une date sp\u00e9cifique ?&#8221; _builder_version=&#8221;4.25.1&#8243; _module_preset=&#8221;default&#8221; title_text_align=&#8221;center&#8221; global_colors_info=&#8221;{}&#8221;][\/et_pb_heading][et_pb_button button_url=&#8221;https:\/\/docs.google.com\/forms\/d\/e\/1FAIpQLScUG-0fuXWDWIjpp41bVwfZm5-5_10aRMh1nAw1vm8dez6tZw\/viewform&#8221; url_new_window=&#8221;on&#8221; button_text=&#8221;FORMULAIRE LISTE DES B\u00c9N\u00c9VOLES EN CUISINE&#8221; button_alignment=&#8221;center&#8221; _builder_version=&#8221;4.25.1&#8243; _module_preset=&#8221;default&#8221; button_bg_color_last_edited=&#8221;off|desktop&#8221; global_colors_info=&#8221;{}&#8221;][\/et_pb_button][et_pb_text _builder_version=&#8221;4.25.1&#8243; _module_preset=&#8221;default&#8221; animation_style=&#8221;slide&#8221; global_colors_info=&#8221;{}&#8221;]<\/p>\n<h3 style=\"text-align: center;\">Le r\u00e9sultat de votre r\u00e9servation appara\u00eetra dans les calendriers ci-dessous.<\/h3>\n<p>[\/et_pb_text][et_pb_divider _builder_version=&#8221;4.25.1&#8243; _module_preset=&#8221;default&#8221; global_colors_info=&#8221;{}&#8221;][\/et_pb_divider][\/et_pb_column][\/et_pb_row][et_pb_row column_structure=&#8221;1_4,3_4&#8243; _builder_version=&#8221;4.25.1&#8243; _module_preset=&#8221;default&#8221; global_colors_info=&#8221;{}&#8221;][et_pb_column type=&#8221;1_4&#8243; _builder_version=&#8221;4.25.1&#8243; _module_preset=&#8221;default&#8221; global_colors_info=&#8221;{}&#8221;][et_pb_image src=&#8221;http:\/\/www.patrulrinpoche.net\/wp-content\/uploads\/2024\/09\/Google_Calendar_icon_2020.svg&#8221; title_text=&#8221;Google_Calendar_icon_(2020)&#8221; _builder_version=&#8221;4.25.1&#8243; _module_preset=&#8221;default&#8221; animation_style=&#8221;flip&#8221; global_colors_info=&#8221;{}&#8221;][\/et_pb_image][\/et_pb_column][et_pb_column type=&#8221;3_4&#8243; _builder_version=&#8221;4.25.1&#8243; _module_preset=&#8221;default&#8221; global_colors_info=&#8221;{}&#8221;][et_pb_heading title=&#8221;Je souhaite ajouter ces deux calendriers \u00e0 mon agenda Google.&#8221; _builder_version=&#8221;4.25.1&#8243; _module_preset=&#8221;default&#8221; hover_enabled=&#8221;0&#8243; title_text_shadow_style=&#8221;preset1&#8243; global_colors_info=&#8221;{}&#8221; sticky_enabled=&#8221;0&#8243;][\/et_pb_heading][et_pb_button button_url=&#8221;https:\/\/calendar.google.com\/calendar\/u\/4?cid=MDk4MmZlODE5YTI5MDI5MTk1NWZlNTBkYzE1MThlOGY3NTY2ZWNjMjJkOWQ3ZjE5ZjQ2NGQ0NzIwNjdlMzM5OEBncm91cC5jYWxlbmRhci5nb29nbGUuY29t&#8221; url_new_window=&#8221;on&#8221; button_text=&#8221;Ajouter \u2018R\u00e9servation repas \u00e0 Dharma City\u2019&#8221; _builder_version=&#8221;4.25.1&#8243; _module_preset=&#8221;default&#8221; global_colors_info=&#8221;{}&#8221;][\/et_pb_button][et_pb_button button_url=&#8221;https:\/\/calendar.google.com\/calendar\/u\/4?cid=ODNjYjQ1M2Y1ZjMyZTQ2M2IxNTRlNzAwZmI3NDIxMDNiN2VjYmRmMDFhZGYxMTlmZGMxMjM5ODU2ZmM2NGNlY0Bncm91cC5jYWxlbmRhci5nb29nbGUuY29t&#8221; url_new_window=&#8221;on&#8221; button_text=&#8221;Ajouter \u2018Calendrier B\u00e9n\u00e9voles en cuisine\u2019 &#8221; _builder_version=&#8221;4.25.1&#8243; _module_preset=&#8221;default&#8221; global_colors_info=&#8221;{}&#8221;][\/et_pb_button][\/et_pb_column][\/et_pb_row][et_pb_row _builder_version=&#8221;4.25.1&#8243; _module_preset=&#8221;default&#8221; global_colors_info=&#8221;{}&#8221;][et_pb_column type=&#8221;4_4&#8243; _builder_version=&#8221;4.25.1&#8243; _module_preset=&#8221;default&#8221; global_colors_info=&#8221;{}&#8221;][et_pb_code _builder_version=&#8221;4.25.1&#8243; _module_preset=&#8221;default&#8221; text_orientation=&#8221;center&#8221; animation_style=&#8221;fold&#8221; global_colors_info=&#8221;{}&#8221;]<iframe loading=\"lazy\" src=\"https:\/\/calendar.google.com\/calendar\/embed?height=600&amp;wkst=2&amp;ctz=Europe%2FBrussels&amp;bgcolor=%23E4C441&amp;title=Meal%20Reservation%20%26%20Cooking%20Duty&amp;mode=WEEK&amp;showPrint=0&amp;src=ODNjYjQ1M2Y1ZjMyZTQ2M2IxNTRlNzAwZmI3NDIxMDNiN2VjYmRmMDFhZGYxMTlmZGMxMjM5ODU2ZmM2NGNlY0Bncm91cC5jYWxlbmRhci5nb29nbGUuY29t&amp;src=MDk4MmZlODE5YTI5MDI5MTk1NWZlNTBkYzE1MThlOGY3NTY2ZWNjMjJkOWQ3ZjE5ZjQ2NGQ0NzIwNjdlMzM5OEBncm91cC5jYWxlbmRhci5nb29nbGUuY29t&amp;src=YWliZDBsbDJxanUxODBuMGkxaGU1MGhhNm9AZ3JvdXAuY2FsZW5kYXIuZ29vZ2xlLmNvbQ&amp;color=%237CB342&amp;color=%23D50000&amp;color=%23E67C73\" style=\"border-width:0\" width=\"800\" height=\"600\" frameborder=\"0\" scrolling=\"no\"><\/iframe>[\/et_pb_code][\/et_pb_column][\/et_pb_row][\/et_pb_section]<\/p>\n","protected":false},"excerpt":{"rendered":"<p>Le r\u00e9sultat de votre r\u00e9servation appara\u00eetra dans les calendriers ci-dessous.<\/p>\n","protected":false},"author":5,"featured_media":16267,"parent":7871,"menu_order":0,"comment_status":"closed","ping_status":"closed","template":"","meta":{"_et_pb_use_builder":"on","_et_pb_old_content":"","_et_gb_content_width":"","footnotes":""},"class_list":["post-16568","page","type-page","status-publish","has-post-thumbnail","hentry"],"_links":{"self":[{"href":"https:\/\/www.patrulrinpoche.net\/fr\/wp-json\/wp\/v2\/pages\/16568","targetHints":{"allow":["GET"]}}],"collection":[{"href":"https:\/\/www.patrulrinpoche.net\/fr\/wp-json\/wp\/v2\/pages"}],"about":[{"href":"https:\/\/www.patrulrinpoche.net\/fr\/wp-json\/wp\/v2\/types\/page"}],"author":[{"embeddable":true,"href":"https:\/\/www.patrulrinpoche.net\/fr\/wp-json\/wp\/v2\/users\/5"}],"replies":[{"embeddable":true,"href":"https:\/\/www.patrulrinpoche.net\/fr\/wp-json\/wp\/v2\/comments?post=16568"}],"version-history":[{"count":0,"href":"https:\/\/www.patrulrinpoche.net\/fr\/wp-json\/wp\/v2\/pages\/16568\/revisions"}],"up":[{"embeddable":true,"href":"https:\/\/www.patrulrinpoche.net\/fr\/wp-json\/wp\/v2\/pages\/7871"}],"wp:featuredmedia":[{"embeddable":true,"href":"https:\/\/www.patrulrinpoche.net\/fr\/wp-json\/wp\/v2\/media\/16267"}],"wp:attachment":[{"href":"https:\/\/www.patrulrinpoche.net\/fr\/wp-json\/wp\/v2\/media?parent=16568"}],"curies":[{"name":"wp","href":"https:\/\/api.w.org\/{rel}","templated":true}]}}