{"id":7627,"date":"2022-07-10T00:14:41","date_gmt":"2022-07-09T22:14:41","guid":{"rendered":"https:\/\/www.patrulrinpoche.net\/requetes-de-prieres\/"},"modified":"2026-02-21T12:11:40","modified_gmt":"2026-02-21T11:11:40","slug":"requetes-de-prieres","status":"publish","type":"page","link":"https:\/\/www.patrulrinpoche.net\/fr\/infos\/requetes-de-prieres\/","title":{"rendered":"Requ\u00eates de pri\u00e8res"},"content":{"rendered":"<p>[et_pb_section fb_built=&#8221;1&#8243; disabled_on=&#8221;on|off|off&#8221; _builder_version=&#8221;4.17.4&#8243; _module_preset=&#8221;default&#8221; background_image=&#8221;http:\/\/www.patrulrinpoche.net\/wp-content\/uploads\/2022\/06\/prayer-flags-lake-mountains.jpg&#8221; custom_padding=&#8221;0px||0px||false|false&#8221; da_disable_devices=&#8221;off|off|off&#8221; global_colors_info=&#8221;{}&#8221; da_is_popup=&#8221;off&#8221; da_exit_intent=&#8221;off&#8221; da_has_close=&#8221;on&#8221; da_alt_close=&#8221;off&#8221; da_dark_close=&#8221;off&#8221; da_not_modal=&#8221;on&#8221; da_is_singular=&#8221;off&#8221; da_with_loader=&#8221;off&#8221; da_has_shadow=&#8221;on&#8221;][et_pb_row _builder_version=&#8221;4.17.3&#8243; _module_preset=&#8221;default&#8221; global_colors_info=&#8221;{}&#8221;][et_pb_column type=&#8221;4_4&#8243; _builder_version=&#8221;4.17.3&#8243; _module_preset=&#8221;default&#8221; global_colors_info=&#8221;{}&#8221;][et_pb_text _builder_version=&#8221;4.17.4&#8243; _module_preset=&#8221;default&#8221; header_4_font=&#8221;EB Garamond|600||on|||||&#8221; header_4_text_color=&#8221;#FFFFFF&#8221; header_4_font_size=&#8221;66px&#8221; background_enable_image=&#8221;off&#8221; custom_padding=&#8221;300px||300px|0px|false|false&#8221; header_4_font_size_tablet=&#8221;66px&#8221; header_4_font_size_phone=&#8221;36px&#8221; header_4_font_size_last_edited=&#8221;on|phone&#8221; header_4_text_shadow_style=&#8221;preset1&#8243; global_colors_info=&#8221;{}&#8221;]<\/p>\n<h4 style=\"text-align: center;\">REQU\u00caTES DE PRI\u00c8RES<\/h4>\n<p>[\/et_pb_text][\/et_pb_column][\/et_pb_row][\/et_pb_section][et_pb_section fb_built=&#8221;1&#8243; fullwidth=&#8221;on&#8221; _builder_version=&#8221;4.17.3&#8243; _module_preset=&#8221;default&#8221; da_disable_devices=&#8221;off|off|off&#8221; global_colors_info=&#8221;{}&#8221; da_is_popup=&#8221;off&#8221; da_exit_intent=&#8221;off&#8221; da_has_close=&#8221;on&#8221; da_alt_close=&#8221;off&#8221; da_dark_close=&#8221;off&#8221; da_not_modal=&#8221;on&#8221; da_is_singular=&#8221;off&#8221; da_with_loader=&#8221;off&#8221; da_has_shadow=&#8221;on&#8221;][et_pb_fullwidth_header title=&#8221;REQU\u00caTES DE PRI\u00c8RES&#8221; text_orientation=&#8221;center&#8221; header_fullscreen=&#8221;on&#8221; header_scroll_down=&#8221;on&#8221; scroll_down_icon=&#8221;%%8%%&#8221; scroll_down_icon_color=&#8221;#FFFFFF&#8221; disabled_on=&#8221;off|on|on&#8221; _builder_version=&#8221;4.17.4&#8243; _module_preset=&#8221;default&#8221; title_level=&#8221;h4&#8243; title_font=&#8221;|||on|||||&#8221; title_font_size=&#8221;66px&#8221; background_enable_color=&#8221;off&#8221; background_image=&#8221;http:\/\/www.patrulrinpoche.net\/wp-content\/uploads\/2022\/06\/prayer-flags-lake-mountains.jpg&#8221; title_font_size_tablet=&#8221;66px&#8221; title_font_size_phone=&#8221;35px&#8221; title_font_size_last_edited=&#8221;on|phone&#8221; title_text_shadow_style=&#8221;preset1&#8243; global_colors_info=&#8221;{}&#8221;][\/et_pb_fullwidth_header][\/et_pb_section][et_pb_section fb_built=&#8221;1&#8243; _builder_version=&#8221;4.17.4&#8243; _module_preset=&#8221;default&#8221; da_disable_devices=&#8221;off|off|off&#8221; global_colors_info=&#8221;{}&#8221; da_is_popup=&#8221;off&#8221; da_exit_intent=&#8221;off&#8221; da_has_close=&#8221;on&#8221; da_alt_close=&#8221;off&#8221; da_dark_close=&#8221;off&#8221; da_not_modal=&#8221;on&#8221; da_is_singular=&#8221;off&#8221; da_with_loader=&#8221;off&#8221; da_has_shadow=&#8221;on&#8221;][et_pb_row _builder_version=&#8221;4.17.4&#8243; _module_preset=&#8221;default&#8221; global_colors_info=&#8221;{}&#8221;][et_pb_column type=&#8221;4_4&#8243; _builder_version=&#8221;4.17.4&#8243; _module_preset=&#8221;default&#8221; global_colors_info=&#8221;{}&#8221;][et_pb_text _builder_version=&#8221;4.17.4&#8243; _module_preset=&#8221;default&#8221; header_4_font=&#8221;EB Garamond|600|||||||&#8221; header_4_text_align=&#8221;center&#8221; header_4_font_size=&#8221;30px&#8221; header_4_font_size_tablet=&#8221;30px&#8221; header_4_font_size_phone=&#8221;24px&#8221; header_4_font_size_last_edited=&#8221;on|phone&#8221; global_colors_info=&#8221;{}&#8221;]<\/p>\n<h4>Il est dit que lorsque la Sangha est r\u00e9unie,<\/h4>\n<h4><\/h4>\n<h4>le pouvoir des pri\u00e8res est multipli\u00e9<\/h4>\n<h4><\/h4>\n<h4>et devient particuli\u00e8rement puissant.<\/h4>\n<h4><\/h4>\n<h4>De grands avantages peuvent en r\u00e9sulter.<\/h4>\n<p>[\/et_pb_text][\/et_pb_column][\/et_pb_row][et_pb_row _builder_version=&#8221;4.17.4&#8243; _module_preset=&#8221;default&#8221; global_colors_info=&#8221;{}&#8221;][et_pb_column type=&#8221;4_4&#8243; _builder_version=&#8221;4.17.4&#8243; _module_preset=&#8221;default&#8221; global_colors_info=&#8221;{}&#8221;][et_pb_text _builder_version=&#8221;4.17.4&#8243; _module_preset=&#8221;default&#8221; header_5_font_size=&#8221;29px&#8221; header_5_font_size_tablet=&#8221;29px&#8221; header_5_font_size_phone=&#8221;25px&#8221; header_5_font_size_last_edited=&#8221;on|phone&#8221; global_colors_info=&#8221;{}&#8221;]<\/p>\n<h5>QUELLE EST CETTE TRADITION ?<\/h5>\n<p>[\/et_pb_text][et_pb_text _builder_version=&#8221;4.17.4&#8243; _module_preset=&#8221;default&#8221; text_orientation=&#8221;justified&#8221; global_colors_info=&#8221;{}&#8221;]<\/p>\n<p>Il peut arriver que vous ou une autre personne rencontriez des difficult\u00e9s et des obstacles tels que des probl\u00e8mes de sant\u00e9 etc., ou que vous souhaitiez \u00eatre soutenu dans le cadre d&#8217;activit\u00e9s et de projets particuliers. Dans ce cas, vous pouvez demander des pri\u00e8res aux membres r\u00e9unis de la Sangha &#8211; dans ce cas, le groupe d&#8217;\u00e9tudiants de Ranyak Patrul Rinpoche qui se r\u00e9unit r\u00e9guli\u00e8rement pour faire des pratiques de groupe avec lui (ou parfois sans lui). Dans notre tradition, ces pri\u00e8res ont g\u00e9n\u00e9ralement lieu les jours de <a href=\"https:\/\/www.patrulrinpoche.net\/fr\/etude-pratique\/pratique\/tsok-sojong\/\"><span style=\"color: #ff9900;\"><strong>tsok<\/strong><\/span><\/a> (deux fois par mois) et tous les jours d&#8217;une retraite de <a href=\"https:\/\/www.patrulrinpoche.net\/fr\/etude-pratique\/pratique\/drupchen\/\"><span style=\"color: #ff9900;\"><strong>drupchen<\/strong><\/span><\/a>. Il est de coutume de faire un don \u00e0 la Sangha. Ce don peut \u00eatre tr\u00e8s modeste et constitue une mani\u00e8re symbolique de se lier avec la Sangha des pratiquants. Demander des pri\u00e8res \u00e0 la Sangha est une pratique r\u00e9pandue dans toutes les traditions bouddhistes. Elle est tr\u00e8s puissante.<\/p>\n<p>[\/et_pb_text][\/et_pb_column][\/et_pb_row][et_pb_row _builder_version=&#8221;4.17.4&#8243; _module_preset=&#8221;default&#8221; global_colors_info=&#8221;{}&#8221;][et_pb_column type=&#8221;4_4&#8243; _builder_version=&#8221;4.17.4&#8243; _module_preset=&#8221;default&#8221; global_colors_info=&#8221;{}&#8221;][et_pb_text disabled_on=&#8221;on|off|off&#8221; _builder_version=&#8221;4.17.4&#8243; _module_preset=&#8221;default&#8221; header_5_font_size=&#8221;29px&#8221; header_5_font_size_tablet=&#8221;29px&#8221; header_5_font_size_phone=&#8221;25px&#8221; header_5_font_size_last_edited=&#8221;on|phone&#8221; global_colors_info=&#8221;{}&#8221;]<\/p>\n<h5>COMMENT ENVOYER UNE REQU\u00caTE DE PRI\u00c8RES ?<\/h5>\n<p>[\/et_pb_text][et_pb_text disabled_on=&#8221;off|on|on&#8221; _builder_version=&#8221;4.17.4&#8243; _module_preset=&#8221;default&#8221; header_5_font_size=&#8221;29px&#8221; header_5_font_size_tablet=&#8221;29px&#8221; header_5_font_size_phone=&#8221;25px&#8221; header_5_font_size_last_edited=&#8221;on|phone&#8221; global_colors_info=&#8221;{}&#8221;]<\/p>\n<h5>Comment envoyer un requ\u00eate<\/h5>\n<h5><\/h5>\n<h5>de pri\u00e8res ?<\/h5>\n<p>[\/et_pb_text][et_pb_text _builder_version=&#8221;4.25.1&#8243; _module_preset=&#8221;default&#8221; text_orientation=&#8221;justified&#8221; global_colors_info=&#8221;{}&#8221;]<\/p>\n<p>Vous pouvez envoyer un email \u00e0 <a href=\"mailto:info@zpi.patrulrinpoche.net\"><span style=\"color: #ff9900;\"><strong>info@patrulrinpoche.net<\/strong><\/span><\/a> avant midi le jour o\u00f9 ces pratiques ont lieu (voir ci-dessus). Pour le dernier jour d&#8217;une retraite de drupchen, les pri\u00e8res doivent nous parvenir la veille au soir.<\/p>\n<p>Veuillez mentionner :<\/p>\n<p>1. le nom de la personne pour laquelle vous souhaitez que nous priions<br \/>2. le but de la pri\u00e8re ou la situation de la personne<br \/>3. le don que vous avez l&#8217;intention de faire<br \/>4. le mode de transfert de l&#8217;argent<br \/>5. si les informations personnelles (noms du donateur et de la personne pour laquelle nous prions) doivent rester anonymes, vous devez le pr\u00e9ciser<\/p>\n<p>[\/et_pb_text][\/et_pb_column][\/et_pb_row][et_pb_row _builder_version=&#8221;4.17.4&#8243; _module_preset=&#8221;default&#8221; global_colors_info=&#8221;{}&#8221;][et_pb_column type=&#8221;4_4&#8243; _builder_version=&#8221;4.17.4&#8243; _module_preset=&#8221;default&#8221; global_colors_info=&#8221;{}&#8221;][et_pb_text disabled_on=&#8221;on|off|off&#8221; _builder_version=&#8221;4.17.4&#8243; _module_preset=&#8221;default&#8221; header_5_font_size=&#8221;29px&#8221; header_5_font_size_tablet=&#8221;29px&#8221; header_5_font_size_phone=&#8221;25px&#8221; header_5_font_size_last_edited=&#8221;on|phone&#8221; global_colors_info=&#8221;{}&#8221;]<\/p>\n<h5>QUE SE PASSE-T-IL LORSQU&#8217;UNE REQU\u00caTE DE PRI\u00c8RES EST RE\u00c7UE ?<\/h5>\n<p>[\/et_pb_text][et_pb_text disabled_on=&#8221;off|on|on&#8221; _builder_version=&#8221;4.17.4&#8243; _module_preset=&#8221;default&#8221; header_5_font_size=&#8221;29px&#8221; header_5_font_size_tablet=&#8221;29px&#8221; header_5_font_size_phone=&#8221;25px&#8221; header_5_font_size_last_edited=&#8221;on|phone&#8221; global_colors_info=&#8221;{}&#8221;]<\/p>\n<h5>Que se passe-t-il lorsqu&#8217;une<\/h5>\n<h5><\/h5>\n<h5>requ\u00eate de pri\u00e8res<\/h5>\n<h5><\/h5>\n<h5>est re\u00e7ue ?<\/h5>\n<p>[\/et_pb_text][et_pb_text _builder_version=&#8221;4.17.4&#8243; _module_preset=&#8221;default&#8221; text_orientation=&#8221;justified&#8221; global_colors_info=&#8221;{}&#8221;]<\/p>\n<p>Lorsque le Geku (la personne en charge des demandes de pri\u00e8res) confirme que le don est arriv\u00e9, le jour m\u00eame ou le jour suivant, il demande \u00e0 l&#8217;assembl\u00e9e des pri\u00e8res suppl\u00e9mentaires, en annon\u00e7ant le nom, le but de la pri\u00e8re et le montant du don devant toute l&#8217;assembl\u00e9e.<br \/>Apr\u00e8s l&#8217;annonce de la requ\u00eate, tous les membres r\u00e9unis de l&#8217;assembl\u00e9e prient, y compris le ma\u00eetre vajra (g\u00e9n\u00e9ralement Patrul Rinpoche). Veuillez nous faire savoir si vous pr\u00e9f\u00e9rez que certaines informations restent confidentielles. Dans ce cas, le Geku n&#8217;annoncera que le montant et le but de la pri\u00e8re sans pr\u00e9ciser aucun nom.<\/p>\n<p>Le moment, les mantras \u00e0 r\u00e9citer et le nombre de r\u00e9citations seront d\u00e9cid\u00e9s par le ma\u00eetre vajra.<\/p>\n<p>Pendant le drupchen, le premier jour o\u00f9 les pri\u00e8res suppl\u00e9mentaires peuvent \u00eatre faites est le premier jour complet du drupchen et le dernier est le tout dernier jour du drupchen, t\u00f4t le matin.<\/p>\n<p>Ensuite, nous vous enverrons un e-mail de confirmation pr\u00e9cisant quand les pri\u00e8res ont \u00e9t\u00e9 faites.<\/p>\n<p>[\/et_pb_text][\/et_pb_column][\/et_pb_row][et_pb_row _builder_version=&#8221;4.17.4&#8243; _module_preset=&#8221;default&#8221; global_colors_info=&#8221;{}&#8221;][et_pb_column type=&#8221;4_4&#8243; _builder_version=&#8221;4.17.4&#8243; _module_preset=&#8221;default&#8221; global_colors_info=&#8221;{}&#8221;][et_pb_text _builder_version=&#8221;4.17.4&#8243; _module_preset=&#8221;default&#8221; header_3_font_size=&#8221;45px&#8221; header_5_font_size=&#8221;29px&#8221; header_5_font_size_tablet=&#8221;29px&#8221; header_5_font_size_phone=&#8221;25px&#8221; header_5_font_size_last_edited=&#8221;on|phone&#8221; global_colors_info=&#8221;{}&#8221;]<\/p>\n<h3 style=\"text-align: center;\">Comment faire un don<\/h3>\n<p>[\/et_pb_text][et_pb_button button_url=&#8221;https:\/\/docs.google.com\/forms\/d\/e\/1FAIpQLScUk0WV0GNSlRkUptj3lYTfSSJoS4CO5hNnJSgntq-3TUB_RA\/viewform&#8221; button_text=&#8221;FORMULAIRE DE DEMANDE DE PRI\u00c8RES&#8221; button_alignment=&#8221;center&#8221; _builder_version=&#8221;4.25.1&#8243; _module_preset=&#8221;default&#8221; global_colors_info=&#8221;{}&#8221;][\/et_pb_button][et_pb_button button_url=&#8221;https:\/\/docs.google.com\/forms\/d\/e\/1FAIpQLSdOenQzhfqItuHUJlQd8eMP4zJQBt5J_S_X41uF6hm-kG5sbA\/viewform&#8221; button_text=&#8221;FORMULAIRE DE DEMANDE DE PRI\u00c8RES PENDANT LE RIGDZIN DUPA DRUPCHEN &#8221; button_alignment=&#8221;center&#8221; _builder_version=&#8221;4.27.5&#8243; _module_preset=&#8221;default&#8221; hover_enabled=&#8221;0&#8243; global_colors_info=&#8221;{}&#8221; sticky_enabled=&#8221;0&#8243;][\/et_pb_button][et_pb_blurb title=&#8221;Par virement bancaire&#8221; use_icon=&#8221;on&#8221; font_icon=&#8221;&#xe046;||divi||400&#8243; icon_color=&#8221;#f6a240&#8243; icon_placement=&#8221;left&#8221; _builder_version=&#8221;4.17.4&#8243; _module_preset=&#8221;default&#8221; header_font=&#8221;EB Garamond|600|||||||&#8221; header_text_align=&#8221;center&#8221; header_font_size=&#8221;24px&#8221; text_orientation=&#8221;justified&#8221; header_text_align_tablet=&#8221;center&#8221; header_text_align_phone=&#8221;left&#8221; header_text_align_last_edited=&#8221;on|phone&#8221; global_colors_info=&#8221;{}&#8221;]<\/p>\n<p>\u00e0 l&#8217;ordre de Dzogchen Gelek Palbar Ling asbl<br \/>IBAN : BE50 0682 2863 7818<br \/>SWIFT : GKCCBEBB<br \/>Communication: Requ\u00eate de pri\u00e8res<\/p>\n<p>[\/et_pb_blurb][et_pb_blurb title=&#8221;Transfert d&apos;argent en ligne&#8221; use_icon=&#8221;on&#8221; font_icon=&#8221;&#xe046;||divi||400&#8243; icon_color=&#8221;#f6a240&#8243; icon_placement=&#8221;left&#8221; _builder_version=&#8221;4.17.4&#8243; _module_preset=&#8221;default&#8221; header_font=&#8221;EB Garamond|600|||||||&#8221; header_text_align=&#8221;center&#8221; header_font_size=&#8221;24px&#8221; header_line_height=&#8221;1.3em&#8221; text_orientation=&#8221;justified&#8221; header_text_align_tablet=&#8221;center&#8221; header_text_align_phone=&#8221;left&#8221; header_text_align_last_edited=&#8221;on|phone&#8221; global_colors_info=&#8221;{}&#8221;]<\/p>\n<p>Si vous ne pouvez pas effectuer un transfert directement sur notre compte bancaire, vous pouvez utiliser un service de transfert d&#8217;argent en ligne tel que <a href=\"https:\/\/wise.com\/\" target=\"_blank\" rel=\"noopener\"><span style=\"color: #ff9900;\"><strong>Transferwise<\/strong><\/span><\/a>.<\/p>\n<p>[\/et_pb_blurb][et_pb_blurb title=&#8221;Par PayPal&#8221; use_icon=&#8221;on&#8221; font_icon=&#8221;&#xe046;||divi||400&#8243; icon_color=&#8221;#f6a240&#8243; icon_placement=&#8221;left&#8221; _builder_version=&#8221;4.17.4&#8243; _module_preset=&#8221;default&#8221; header_font=&#8221;EB Garamond|600|||||||&#8221; header_text_align=&#8221;center&#8221; header_font_size=&#8221;24px&#8221; header_line_height=&#8221;1.3em&#8221; text_orientation=&#8221;justified&#8221; header_text_align_tablet=&#8221;center&#8221; header_text_align_phone=&#8221;left&#8221; header_text_align_last_edited=&#8221;on|phone&#8221; global_colors_info=&#8221;{}&#8221;]<\/p>\n<p>Vous pouvez effectuer un paiement PayPal (+ 4% de frais PayPal \u00e0 votre charge) :<\/p>\n<p>[\/et_pb_blurb][et_pb_image src=&#8221;http:\/\/www.patrulrinpoche.net\/wp-content\/uploads\/2022\/06\/paypal.png&#8221; alt=&#8221;paypal&#8221; title_text=&#8221;paypal&#8221; url=&#8221;http:\/\/patrulrinpoche.us\/donations.html&#8221; align=&#8221;center&#8221; _builder_version=&#8221;4.17.4&#8243; _module_preset=&#8221;default&#8221; width=&#8221;26%&#8221; min_height=&#8221;9.9px&#8221; global_colors_info=&#8221;{}&#8221;][\/et_pb_image][\/et_pb_column][\/et_pb_row][et_pb_row _builder_version=&#8221;4.17.4&#8243; _module_preset=&#8221;default&#8221; global_colors_info=&#8221;{}&#8221;][et_pb_column type=&#8221;4_4&#8243; _builder_version=&#8221;4.17.4&#8243; _module_preset=&#8221;default&#8221; global_colors_info=&#8221;{}&#8221;][et_pb_blurb title=&#8221;En scannant le code QR&#8221; use_icon=&#8221;on&#8221; font_icon=&#8221;&#xe046;||divi||400&#8243; icon_color=&#8221;#f6a240&#8243; icon_placement=&#8221;left&#8221; _builder_version=&#8221;4.17.4&#8243; _module_preset=&#8221;default&#8221; header_font=&#8221;EB Garamond|600|||||||&#8221; header_text_align=&#8221;center&#8221; header_font_size=&#8221;24px&#8221; header_line_height=&#8221;1.3em&#8221; text_orientation=&#8221;justified&#8221; header_text_align_tablet=&#8221;center&#8221; header_text_align_phone=&#8221;left&#8221; header_text_align_last_edited=&#8221;on|phone&#8221; global_colors_info=&#8221;{}&#8221;]<\/p>\n<p>Faites un don avec PayPal en scannant le code QR ou en suivant le lien ci-dessous* :<\/p>\n<p>[\/et_pb_blurb][et_pb_image src=&#8221;http:\/\/www.patrulrinpoche.net\/wp-content\/uploads\/2022\/06\/code.png&#8221; alt=&#8221;code&#8221; title_text=&#8221;code&#8221; align=&#8221;center&#8221; _builder_version=&#8221;4.17.4&#8243; _module_preset=&#8221;default&#8221; width=&#8221;24%&#8221; width_tablet=&#8221;24%&#8221; width_phone=&#8221;24%&#8221; width_last_edited=&#8221;on|phone&#8221; global_colors_info=&#8221;{}&#8221;][\/et_pb_image][et_pb_text _builder_version=&#8221;4.17.4&#8243; _module_preset=&#8221;default&#8221; text_orientation=&#8221;center&#8221; border_width_top=&#8221;2px&#8221; global_colors_info=&#8221;{}&#8221;]<\/p>\n<p style=\"text-align: center;\">Bas du formulaire<br \/>*Ajoutez 4% pour couvrir les frais de transfert.<br \/>*L&#8217;enregistrement sur le site de PayPal n&#8217;est pas n\u00e9cessaire.<\/p>\n<p>[\/et_pb_text][et_pb_blurb title=&#8221;En demandant \u00e0 un ami&#8230;&#8221; use_icon=&#8221;on&#8221; font_icon=&#8221;&#xe046;||divi||400&#8243; icon_color=&#8221;#f6a240&#8243; icon_placement=&#8221;left&#8221; _builder_version=&#8221;4.17.4&#8243; _module_preset=&#8221;default&#8221; header_font=&#8221;EB Garamond|600|||||||&#8221; header_text_align=&#8221;center&#8221; header_font_size=&#8221;24px&#8221; header_line_height=&#8221;1.3em&#8221; text_orientation=&#8221;justified&#8221; header_text_align_tablet=&#8221;center&#8221; header_text_align_phone=&#8221;left&#8221; header_text_align_last_edited=&#8221;on|phone&#8221; global_colors_info=&#8221;{}&#8221;]<\/p>\n<p>&#8230;qui va au drupchen d&#8217;apporter votre don avec lui\/elle.<\/p>\n<p>[\/et_pb_blurb][\/et_pb_column][\/et_pb_row][et_pb_row _builder_version=&#8221;4.17.4&#8243; _module_preset=&#8221;default&#8221; custom_margin=&#8221;-30px||||false|false&#8221; global_colors_info=&#8221;{}&#8221;][et_pb_column type=&#8221;4_4&#8243; _builder_version=&#8221;4.17.4&#8243; _module_preset=&#8221;default&#8221; global_colors_info=&#8221;{}&#8221;][et_pb_text _builder_version=&#8221;4.17.4&#8243; _module_preset=&#8221;default&#8221; text_orientation=&#8221;justified&#8221; global_colors_info=&#8221;{}&#8221;]<\/p>\n<p><em><strong>REMARQUE<\/strong> : Toutes les autres formes de dons &#8211; en particulier les demandes de dons ult\u00e9rieurs &#8211; ne peuvent \u00eatre accept\u00e9es, car il est important d&#8217;avoir un lien direct et personnel avec la Sangha et le drupchen (ou tsok). Merci pour votre compr\u00e9hension.<\/em><\/p>\n<p>[\/et_pb_text][\/et_pb_column][\/et_pb_row][et_pb_row _builder_version=&#8221;4.17.4&#8243; _module_preset=&#8221;default&#8221; global_colors_info=&#8221;{}&#8221;][et_pb_column type=&#8221;4_4&#8243; _builder_version=&#8221;4.17.4&#8243; _module_preset=&#8221;default&#8221; global_colors_info=&#8221;{}&#8221;][et_pb_image src=&#8221;http:\/\/www.patrulrinpoche.net\/wp-content\/uploads\/2021\/06\/Prayers-on-request_buddhist-center-Patrul-Rinpoche.jpg&#8221; alt=&#8221;Requ\u00eates de pri\u00e8res&#8221; title_text=&#8221;Requ\u00eates de pri\u00e8res_centre bouddhiste Patrul Rinpoche&#8221; _builder_version=&#8221;4.17.4&#8243; _module_preset=&#8221;default&#8221; global_colors_info=&#8221;{}&#8221;][\/et_pb_image][\/et_pb_column][\/et_pb_row][\/et_pb_section]<\/p>\n","protected":false},"excerpt":{"rendered":"<p>REQU\u00caTES DE PRI\u00c8RESIl est dit que lorsque la Sangha est r\u00e9unie, le pouvoir des pri\u00e8res est multipli\u00e9 et devient particuli\u00e8rement puissant. De grands avantages peuvent en r\u00e9sulter.QUELLE EST CETTE TRADITION ?Il peut arriver que vous ou une autre personne rencontriez des difficult\u00e9s et des obstacles tels que des probl\u00e8mes de sant\u00e9 etc., ou que vous [&hellip;]<\/p>\n","protected":false},"author":1,"featured_media":0,"parent":8163,"menu_order":4,"comment_status":"closed","ping_status":"closed","template":"","meta":{"_et_pb_use_builder":"on","_et_pb_old_content":"","_et_gb_content_width":"","footnotes":""},"class_list":["post-7627","page","type-page","status-publish","hentry"],"_links":{"self":[{"href":"https:\/\/www.patrulrinpoche.net\/fr\/wp-json\/wp\/v2\/pages\/7627","targetHints":{"allow":["GET"]}}],"collection":[{"href":"https:\/\/www.patrulrinpoche.net\/fr\/wp-json\/wp\/v2\/pages"}],"about":[{"href":"https:\/\/www.patrulrinpoche.net\/fr\/wp-json\/wp\/v2\/types\/page"}],"author":[{"embeddable":true,"href":"https:\/\/www.patrulrinpoche.net\/fr\/wp-json\/wp\/v2\/users\/1"}],"replies":[{"embeddable":true,"href":"https:\/\/www.patrulrinpoche.net\/fr\/wp-json\/wp\/v2\/comments?post=7627"}],"version-history":[{"count":0,"href":"https:\/\/www.patrulrinpoche.net\/fr\/wp-json\/wp\/v2\/pages\/7627\/revisions"}],"up":[{"embeddable":true,"href":"https:\/\/www.patrulrinpoche.net\/fr\/wp-json\/wp\/v2\/pages\/8163"}],"wp:attachment":[{"href":"https:\/\/www.patrulrinpoche.net\/fr\/wp-json\/wp\/v2\/media?parent=7627"}],"curies":[{"name":"wp","href":"https:\/\/api.w.org\/{rel}","templated":true}]}}