{"id":7723,"date":"2022-07-10T20:07:12","date_gmt":"2022-07-10T18:07:12","guid":{"rendered":"https:\/\/www.patrulrinpoche.net\/espaces-a-louer\/"},"modified":"2026-03-11T16:49:12","modified_gmt":"2026-03-11T15:49:12","slug":"espaces-a-louer","status":"publish","type":"page","link":"https:\/\/www.patrulrinpoche.net\/fr\/dharma-city\/espaces-a-louer\/","title":{"rendered":"Espaces \u00e0 louer"},"content":{"rendered":"<p>[et_pb_section fb_built=&#8221;1&#8243; _builder_version=&#8221;4.17.4&#8243; _module_preset=&#8221;default&#8221; da_disable_devices=&#8221;off|off|off&#8221; global_colors_info=&#8221;{}&#8221; da_is_popup=&#8221;off&#8221; da_exit_intent=&#8221;off&#8221; da_has_close=&#8221;on&#8221; da_alt_close=&#8221;off&#8221; da_dark_close=&#8221;off&#8221; da_not_modal=&#8221;on&#8221; da_is_singular=&#8221;off&#8221; da_with_loader=&#8221;off&#8221; da_has_shadow=&#8221;on&#8221;][et_pb_row column_structure=&#8221;1_2,1_2&#8243; _builder_version=&#8221;4.17.4&#8243; _module_preset=&#8221;default&#8221; global_colors_info=&#8221;{}&#8221;][et_pb_column type=&#8221;1_2&#8243; _builder_version=&#8221;4.17.4&#8243; _module_preset=&#8221;default&#8221; global_colors_info=&#8221;{}&#8221;][et_pb_image src=&#8221;http:\/\/www.patrulrinpoche.net\/wp-content\/uploads\/2022\/06\/Events-in-Dharma-City.jpg&#8221; alt=&#8221;\u00c9v\u00e9nements \u00e0 Dharma City&#8221; title_text=&#8221;\u00c9v\u00e9nements \u00e0 Dharma City&#8221; _builder_version=&#8221;4.17.4&#8243; _module_preset=&#8221;default&#8221; hover_enabled=&#8221;0&#8243; global_colors_info=&#8221;{}&#8221; sticky_enabled=&#8221;0&#8243;][\/et_pb_image][et_pb_blurb title=&#8221;\u00c9v\u00e9nements \u00e0 Dharma City&#8221; alt=&#8221;\u00c9v\u00e9nements \u00e0 Dharma City&#8221; _builder_version=&#8221;4.17.4&#8243; _module_preset=&#8221;default&#8221; header_text_align=&#8221;center&#8221; header_font_size=&#8221;30px&#8221; background_color=&#8221;#f7f7f7&#8243; text_orientation=&#8221;justified&#8221; custom_margin=&#8221;-30px||||false|false&#8221; custom_padding=&#8221;15px|15px|10px|15px|false|false&#8221; hover_enabled=&#8221;0&#8243; global_colors_info=&#8221;{}&#8221; sticky_enabled=&#8221;0&#8243;]<\/p>\n<p>Dharma City est un lieu actif et dynamique, nous avons de nombreuses activit\u00e9s diff\u00e9rentes toute l&#8217;ann\u00e9e. Des vacances bouddhistes aux cours de m\u00e9ditation et aux \u00e9tudes bouddhistes, en passant par le march\u00e9 de No\u00ebl, le festival tib\u00e9tain, les camps d&#8217;\u00e9t\u00e9 et bien plus encore !<\/p>\n<p>\u00c0 Dharma City, vous pouvez suivre des cours de m\u00e9ditation ouverts et des cours bouddhistes g\u00e9n\u00e9raux. Consultez le programme de nos activit\u00e9s actuelles.<br \/>Vous pouvez approfondir votre compr\u00e9hension de la philosophie bouddhiste et de la merveilleuse tradition du bouddhisme tib\u00e9tain. Vous pouvez acqu\u00e9rir de la sagesse et de la connaissance gr\u00e2ce \u00e0 nos \u00e9tudes bouddhistes g\u00e9n\u00e9rales et nos \u00e9tudes bouddhistes avanc\u00e9es.<\/p>\n<p>Nous c\u00e9l\u00e9brons les principales f\u00eates bouddhistes tib\u00e9taines \u00e0 Dharma City. Chaque ann\u00e9e, nous organisons un festival tib\u00e9tain, qui c\u00e9l\u00e8bre la culture et le patrimoine inspirants du Tibet. Avec de la danse, de la musique, des march\u00e9s et de la nourriture, le festival tib\u00e9tain est ouvert \u00e0 tous !<br \/>Suivez le <strong><a href=\"https:\/\/www.patrulrinpoche.net\/fr\/etude-pratique\/calendrier\/\">calendrier<\/a><\/strong>.<\/p>\n<p>Pour la communaut\u00e9 tib\u00e9taine de Belgique, nous organisons chaque ann\u00e9e des camps d&#8217;\u00e9t\u00e9 \u00e0 Dharma City. Des enfants tib\u00e9tains de toute la Belgique se retrouvent ici pour s&#8217;amuser. Outre les jeux, les pique-niques et les repas en plein air, c&#8217;est l&#8217;occasion de se faire de nouveaux amis. L&#8217;objectif est de pr\u00e9server la langue et l&#8217;h\u00e9ritage unique.<\/p>\n<p>Nous disposons d&#8217;une salle de conf\u00e9rence qui peut \u00eatre lou\u00e9e, ensemble avec notre restaurant et notre Bed &amp; Breakfast si vous le souhaitez. Dharma City est l&#8217;endroit id\u00e9al pour votre r\u00e9union d&#8217;affaires, votre conf\u00e9rence ou une f\u00eate d&#8217;anniversaire ou d&#8217;mariage.<\/p>\n<p>Vous \u00eates les bienvenus \u00e0 la Dharma City pour y organiser des cours.<br \/>Loin de toute agitation, Dharma City vous offre la possibilit\u00e9 d&#8217;organiser des cours de yoga, de qi gong, de th\u00e9\u00e2tre, de cirque ou toute autre activit\u00e9 !<\/p>\n<p>N&#8217;h\u00e9sitez pas \u00e0 nous contacter et nous ferons de notre mieux pour r\u00e9pondre \u00e0 vos souhaits et \u00e0 vos besoins ! Contactez-nous par courriel ou par t\u00e9l\u00e9phone.<\/p>\n<p><img loading=\"lazy\" decoding=\"async\" class=\"aligncenter wp-image-5488 size-full\" src=\"http:\/\/www.patrulrinpoche.net\/wp-content\/uploads\/2022\/06\/Patrul-Rinpoche_Summer-Courses_Dharma-City-1.jpg\" alt=\"\u00e9v\u00e9nements et location\" width=\"1024\" height=\"768\" srcset=\"http:\/\/www.patrulrinpoche.net\/wp-content\/uploads\/2022\/06\/Patrul-Rinpoche_Summer-Courses_Dharma-City-1.jpg 1024w, http:\/\/www.patrulrinpoche.net\/wp-content\/uploads\/2022\/06\/Patrul-Rinpoche_Summer-Courses_Dharma-City-1-980x735.jpg 980w, http:\/\/www.patrulrinpoche.net\/wp-content\/uploads\/2022\/06\/Patrul-Rinpoche_Summer-Courses_Dharma-City-1-480x360.jpg 480w\" sizes=\"(min-width: 0px) and (max-width: 480px) 480px, (min-width: 481px) and (max-width: 980px) 980px, (min-width: 981px) 1024px, 100vw\" \/><\/p>\n<p>[\/et_pb_blurb][\/et_pb_column][et_pb_column type=&#8221;1_2&#8243; _builder_version=&#8221;4.17.4&#8243; _module_preset=&#8221;default&#8221; global_colors_info=&#8221;{}&#8221;][et_pb_image src=&#8221;http:\/\/www.patrulrinpoche.net\/wp-content\/uploads\/2022\/06\/Rent-our-space-1.jpg&#8221; alt=&#8221;Louer nos espaces&#8221; title_text=&#8221;Louer nos espaces (1)&#8221; _builder_version=&#8221;4.17.4&#8243; _module_preset=&#8221;default&#8221; global_colors_info=&#8221;{}&#8221;][\/et_pb_image][et_pb_blurb title=&#8221;Louer nos espaces&#8221; alt=&#8221;Louer nos espaces&#8221; _builder_version=&#8221;4.27.5&#8243; _module_preset=&#8221;default&#8221; header_level=&#8221;h6&#8243; header_font=&#8221;EB Garamond||||||||&#8221; header_text_align=&#8221;center&#8221; header_font_size=&#8221;30px&#8221; background_color=&#8221;#f7f7f7&#8243; text_orientation=&#8221;justified&#8221; custom_margin=&#8221;-30px||||false|false&#8221; custom_padding=&#8221;15px|15px|10px|15px|false|false&#8221; hover_enabled=&#8221;0&#8243; global_colors_info=&#8221;{}&#8221; sticky_enabled=&#8221;0&#8243;]<\/p>\n<p style=\"text-align: center;\">\n<p style=\"text-align: center;\"><span style=\"color: #333333;\"><strong>Vous cherchez une salle pour organiser une f\u00eate d&#8217;anniversaire ? Un cours de yoga hebdomadaire ? Une r\u00e9union de travail ou un week-end de team building ?<\/strong><\/span><\/p>\n<p>Dharma City propose plusieurs salles \u00e0 louer, dont le magnifique Teahouse, qui est \u00e9galement une salle de restaurant. Vous pouvez louer l&#8217;espace avec ou sans service de restauration.<\/p>\n<p><img loading=\"lazy\" decoding=\"async\" class=\"aligncenter wp-image-5476\" src=\"http:\/\/www.patrulrinpoche.net\/wp-content\/uploads\/2022\/06\/Rent-our-space_-1.jpg\" alt=\"Louer nos espaces\" width=\"1085\" height=\"724\" srcset=\"http:\/\/www.patrulrinpoche.net\/wp-content\/uploads\/2022\/06\/Rent-our-space_-1.jpg 1085w, http:\/\/www.patrulrinpoche.net\/wp-content\/uploads\/2022\/06\/Rent-our-space_-1-980x654.jpg 980w, http:\/\/www.patrulrinpoche.net\/wp-content\/uploads\/2022\/06\/Rent-our-space_-1-480x320.jpg 480w\" sizes=\"(min-width: 0px) and (max-width: 480px) 480px, (min-width: 481px) and (max-width: 980px) 980px, (min-width: 981px) 1085px, 100vw\" \/><\/p>\n<p>Voici une liste des diff\u00e9rentes salles que nous louons pour des \u00e9v\u00e9nements, des cours r\u00e9guliers et des r\u00e9unions :<\/p>\n<p><strong>Teahouse.<\/strong> \u00c0 louer avec ou sans appareils de cuisine, ustensiles et r\u00e9frig\u00e9rateurs. Capacit\u00e9 : maximum 50 personnes assises. Acc\u00e8s aux terrasses avant et arri\u00e8re. Parfait pour les f\u00eates, les expositions, etc. Disponible avec boissons, nourriture et service. Le menu peut \u00eatre adapt\u00e9 \u00e0 votre budget et \u00e0 vos pr\u00e9f\u00e9rences.<\/p>\n<p><strong>Salle de conf\u00e9rence. <\/strong>Une grande salle, haute de plafond, avec un sol en bois, tr\u00e8s ensoleill\u00e9e et spacieuse. Pr\u00eate \u00e0 \u00eatre lou\u00e9e avec ou sans tables, chaises et mat\u00e9riel de conf\u00e9rence. Capacit\u00e9 : 60 personnes assises au maximum. R\u00e9guli\u00e8rement utilis\u00e9e pour des cours de yoga, des r\u00e9unions de travail, des cours de m\u00e9ditation, ou comme dortoir lors de s\u00e9minaires et de retraites de m\u00e9ditation.<\/p>\n<p><img loading=\"lazy\" decoding=\"async\" class=\"aligncenter wp-image-5498 size-full\" src=\"http:\/\/www.patrulrinpoche.net\/wp-content\/uploads\/2022\/06\/darma-city_conference.jpg\" alt=\"conf\u00e9rence\" width=\"1085\" height=\"724\" srcset=\"http:\/\/www.patrulrinpoche.net\/wp-content\/uploads\/2022\/06\/darma-city_conference.jpg 1085w, http:\/\/www.patrulrinpoche.net\/wp-content\/uploads\/2022\/06\/darma-city_conference-980x654.jpg 980w, http:\/\/www.patrulrinpoche.net\/wp-content\/uploads\/2022\/06\/darma-city_conference-480x320.jpg 480w\" sizes=\"(min-width: 0px) and (max-width: 480px) 480px, (min-width: 481px) and (max-width: 980px) 980px, (min-width: 981px) 1085px, 100vw\" \/><\/p>\n<p><strong>Petite salle d&#8217;affaires<\/strong> : pi\u00e8ce de taille moyenne avec un plafond bas et un plancher en bois, pas trop ensoleill\u00e9e donc parfaite pour le travail sur ordinateur et besoins similaires. Pr\u00eate \u00e0 \u00eatre lou\u00e9e avec ou sans tables, chaises et mat\u00e9riel de bureau. Capacit\u00e9 : 35 personnes assises au maximum. R\u00e9guli\u00e8rement utilis\u00e9e comme dortoir pendant les s\u00e9minaires, les retraites de m\u00e9ditation et les \u00e9v\u00e9nements du week-end.<\/p>\n<p>Les <strong>chambres de notre B&amp;B<\/strong> peuvent \u00eatre lou\u00e9es pour certains des invit\u00e9s de vos \u00e9v\u00e9nements.<\/p>\n<p style=\"text-align: center;\"><span style=\"color: #333333;\"><strong>Veuillez nous contacter par e-mail \u00e0 <span style=\"color: #ff9900;\"><a style=\"color: #ff9900;\" href=\"mailto:info@dharmacity.net\">info@dharmacity.net<\/a><\/span> ou par t\u00e9l\u00e9phone au +32 <span style=\"color: #ff9900;\">472.61.62.01<\/span>\u00a0pour toute question et demande concernant nos chambres et services.<\/strong><\/span><\/p>\n<p>Nous sommes impatients de vous accueillir \u00e0 Dharma City !<\/p>\n<p>[\/et_pb_blurb][\/et_pb_column][\/et_pb_row][\/et_pb_section]<\/p>\n","protected":false},"excerpt":{"rendered":"<p>Dharma City est un lieu actif et dynamique, nous avons de nombreuses activit\u00e9s diff\u00e9rentes toute l&#8217;ann\u00e9e. Des vacances bouddhistes aux cours de m\u00e9ditation et aux \u00e9tudes bouddhistes, en passant par le march\u00e9 de No\u00ebl, le festival tib\u00e9tain, les camps d&#8217;\u00e9t\u00e9 et bien plus encore ! \u00c0 Dharma City, vous pouvez suivre des cours de m\u00e9ditation [&hellip;]<\/p>\n","protected":false},"author":1,"featured_media":0,"parent":7871,"menu_order":9,"comment_status":"closed","ping_status":"closed","template":"","meta":{"_et_pb_use_builder":"on","_et_pb_old_content":"","_et_gb_content_width":"","footnotes":""},"class_list":["post-7723","page","type-page","status-publish","hentry"],"_links":{"self":[{"href":"https:\/\/www.patrulrinpoche.net\/fr\/wp-json\/wp\/v2\/pages\/7723","targetHints":{"allow":["GET"]}}],"collection":[{"href":"https:\/\/www.patrulrinpoche.net\/fr\/wp-json\/wp\/v2\/pages"}],"about":[{"href":"https:\/\/www.patrulrinpoche.net\/fr\/wp-json\/wp\/v2\/types\/page"}],"author":[{"embeddable":true,"href":"https:\/\/www.patrulrinpoche.net\/fr\/wp-json\/wp\/v2\/users\/1"}],"replies":[{"embeddable":true,"href":"https:\/\/www.patrulrinpoche.net\/fr\/wp-json\/wp\/v2\/comments?post=7723"}],"version-history":[{"count":0,"href":"https:\/\/www.patrulrinpoche.net\/fr\/wp-json\/wp\/v2\/pages\/7723\/revisions"}],"up":[{"embeddable":true,"href":"https:\/\/www.patrulrinpoche.net\/fr\/wp-json\/wp\/v2\/pages\/7871"}],"wp:attachment":[{"href":"https:\/\/www.patrulrinpoche.net\/fr\/wp-json\/wp\/v2\/media?parent=7723"}],"curies":[{"name":"wp","href":"https:\/\/api.w.org\/{rel}","templated":true}]}}