{"id":7857,"date":"2022-07-16T19:54:10","date_gmt":"2022-07-16T17:54:10","guid":{"rendered":"https:\/\/www.patrulrinpoche.net\/entrainement-de-lesprit\/"},"modified":"2025-06-02T10:43:18","modified_gmt":"2025-06-02T08:43:18","slug":"entrainement-de-lesprit","status":"publish","type":"page","link":"https:\/\/www.patrulrinpoche.net\/fr\/entrainement-de-lesprit\/","title":{"rendered":"Entra\u00eenement de l&#8217;esprit"},"content":{"rendered":"<p>[et_pb_section fb_built=&#8221;1&#8243; _builder_version=&#8221;4.17.4&#8243; _module_preset=&#8221;default&#8221; da_disable_devices=&#8221;off|off|off&#8221; global_colors_info=&#8221;{}&#8221; da_is_popup=&#8221;off&#8221; da_exit_intent=&#8221;off&#8221; da_has_close=&#8221;on&#8221; da_alt_close=&#8221;off&#8221; da_dark_close=&#8221;off&#8221; da_not_modal=&#8221;on&#8221; da_is_singular=&#8221;off&#8221; da_with_loader=&#8221;off&#8221; da_has_shadow=&#8221;on&#8221;][et_pb_row column_structure=&#8221;2_5,3_5&#8243; _builder_version=&#8221;4.16&#8243; background_size=&#8221;initial&#8221; background_position=&#8221;top_left&#8221; background_repeat=&#8221;repeat&#8221; global_colors_info=&#8221;{}&#8221;][et_pb_column type=&#8221;2_5&#8243; _builder_version=&#8221;4.16&#8243; custom_padding=&#8221;|||&#8221; global_colors_info=&#8221;{}&#8221; custom_padding__hover=&#8221;|||&#8221;][et_pb_image src=&#8221;http:\/\/www.patrulrinpoche.net\/wp-content\/uploads\/2022\/06\/Mind-Training.jpg&#8221; alt=&#8221;Entra\u00eenement de l&#8217;esprit&#8221; title_text=&#8221;Entra\u00eenement de l&#8217;esprit&#8221; _builder_version=&#8221;4.17.4&#8243; _module_preset=&#8221;default&#8221; global_colors_info=&#8221;{}&#8221;][\/et_pb_image][\/et_pb_column][et_pb_column type=&#8221;3_5&#8243; _builder_version=&#8221;4.16&#8243; custom_padding=&#8221;|||&#8221; global_colors_info=&#8221;{}&#8221; custom_padding__hover=&#8221;|||&#8221;][et_pb_text _builder_version=&#8221;4.17.4&#8243; header_3_font_size=&#8221;36px&#8221; background_size=&#8221;initial&#8221; background_position=&#8221;top_left&#8221; background_repeat=&#8221;repeat&#8221; header_3_font_size_tablet=&#8221;36px&#8221; header_3_font_size_phone=&#8221;30px&#8221; header_3_font_size_last_edited=&#8221;on|phone&#8221; global_colors_info=&#8221;{}&#8221; header_3_font_size__hover_enabled=&#8221;on|desktop&#8221; header_3_font_size__hover=&#8221;36px&#8221;]<\/p>\n<h3><strong>Entra\u00eenement de l&#8217;esprit &#8211; Lojong<br \/><\/strong><\/h3>\n<h3><strong>Les sept points de l&#8217;entra\u00eenement de l&#8217;esprit<\/strong><\/h3>\n<p>[\/et_pb_text][et_pb_text _builder_version=&#8221;4.27.4&#8243; header_3_font_size=&#8221;36px&#8221; background_size=&#8221;initial&#8221; background_position=&#8221;top_left&#8221; background_repeat=&#8221;repeat&#8221; text_orientation=&#8221;justified&#8221; hover_enabled=&#8221;0&#8243; header_3_font_size_tablet=&#8221;36px&#8221; header_3_font_size_phone=&#8221;30px&#8221; header_3_font_size_last_edited=&#8221;on|phone&#8221; global_colors_info=&#8221;{}&#8221; header_3_font_size__hover_enabled=&#8221;on|desktop&#8221; header_3_font_size__hover=&#8221;36px&#8221; sticky_enabled=&#8221;0&#8243;]<\/p>\n<p><strong>Attribu\u00e9 au grand ma\u00eetre Atisha<\/strong> (XIe si\u00e8cle) et arrang\u00e9 par le ma\u00eetre tib\u00e9tain Geshe Chekawa, ce <a href=\"https:\/\/www.lotsawahouse.org\/fr\/tibetan-masters\/geshe-chekhawa-yeshe-dorje\/seven-points-mind-training\" target=\"_blank\" rel=\"noopener\"><strong><span style=\"color: #ff9900;\">texte de lojong<\/span><\/strong><\/a> pr\u00e9sente un syst\u00e8me parfaitement structur\u00e9, alliant une profonde intuition \u00e0 des conseils tr\u00e8s concrets pour mettre en pratique la compassion et transformer notre esprit.<\/p>\n<p>Les 59 \u2018aphorismes\u2019 ou \u2018slogans\u2019, regroup\u00e9s en 7 points, loin d&#8217;\u00eatre de simples directives g\u00e9n\u00e9rales, traitent de la vie quotidienne avec pragmatisme et sagacit\u00e9, d\u00e9veloppant la sagesse et les moyens habiles du Mahayana, qualit\u00e9s n\u00e9cessaires pour avancer sur le chemin.<\/p>\n<p>[\/et_pb_text][\/et_pb_column][\/et_pb_row][et_pb_row _builder_version=&#8221;4.17.4&#8243; _module_preset=&#8221;default&#8221; global_colors_info=&#8221;{}&#8221;][et_pb_column type=&#8221;4_4&#8243; _builder_version=&#8221;4.17.4&#8243; _module_preset=&#8221;default&#8221; global_colors_info=&#8221;{}&#8221;][et_pb_text _builder_version=&#8221;4.27.4&#8243; _module_preset=&#8221;default&#8221; hover_enabled=&#8221;0&#8243; global_colors_info=&#8221;{}&#8221; sticky_enabled=&#8221;0&#8243;][\/et_pb_text][et_pb_text _builder_version=&#8221;4.27.4&#8243; _module_preset=&#8221;default&#8221; header_4_font=&#8221;EB Garamond|600|||||||&#8221; header_4_font_size=&#8221;21px&#8221; text_orientation=&#8221;justified&#8221; custom_padding=&#8221;50px||0px|0px|false|false&#8221; custom_padding_tablet=&#8221;50px||0px|0px|false|false&#8221; custom_padding_phone=&#8221;40px||||false|false&#8221; custom_padding_last_edited=&#8221;on|phone&#8221; hover_enabled=&#8221;0&#8243; global_colors_info=&#8221;{}&#8221; sticky_enabled=&#8221;0&#8243;]<\/p>\n<h4>Le texte sur lequel le cours est bas\u00e9 peut \u00eatre trouv\u00e9 <a href=\"https:\/\/www.lotsawahouse.org\/fr\/tibetan-masters\/geshe-chekhawa-yeshe-dorje\/seven-points-mind-training\" target=\"_blank\" rel=\"noopener\"><strong><span style=\"color: #ff9900;\">ICI<\/span><\/strong><\/a><\/h4>\n<h4>Si vous souhaitez approfondir ce texte :<\/h4>\n<h4><a href=\"https:\/\/www.lotsawahouse.org\/fr\/tibetan-masters\/geshe-langri-thangpa\/eight-verses-training-mind\" target=\"_blank\" rel=\"noopener\"><strong><span style=\"color: #ff9900;\">Commentaire sur les sept points de l&#8217;entra\u00eenement de l&#8217;esprit <\/span><\/strong><\/a> du c\u00e9l\u00e8bre ma\u00eetre kadampa Gyalse Togme Zangpo<\/h4>\n<h4><em><a href=\"https:\/\/www.lotsawahouse.org\/fr\/tibetan-masters\/geshe-langri-thangpa\/eight-verses-training-mind\" target=\"_blank\" rel=\"noopener\"><span style=\"color: #ff9900;\"><strong>Huit versets de l&#8217;entra\u00eenement de<\/strong><\/span><\/a> <a href=\"https:\/\/www.lotsawahouse.org\/tibetan-masters\/geshe-langri-thangpa\/eight-verses-training-mind\" target=\"_blank\" rel=\"noopener\"><span style=\"color: #ff9900;\"><strong>l&#8217;esprit<\/strong><\/span><\/a><\/em>, de Langripa.<\/h4>\n<p>[\/et_pb_text][\/et_pb_column][\/et_pb_row][\/et_pb_section][et_pb_section fb_built=&#8221;1&#8243; _builder_version=&#8221;4.17.4&#8243; _module_preset=&#8221;default&#8221; da_disable_devices=&#8221;off|off|off&#8221; global_colors_info=&#8221;{}&#8221; da_is_popup=&#8221;off&#8221; da_exit_intent=&#8221;off&#8221; da_has_close=&#8221;on&#8221; da_alt_close=&#8221;off&#8221; da_dark_close=&#8221;off&#8221; da_not_modal=&#8221;on&#8221; da_is_singular=&#8221;off&#8221; da_with_loader=&#8221;off&#8221; da_has_shadow=&#8221;on&#8221;][et_pb_row _builder_version=&#8221;4.17.4&#8243; _module_preset=&#8221;default&#8221; global_colors_info=&#8221;{}&#8221;][et_pb_column type=&#8221;4_4&#8243; _builder_version=&#8221;4.17.4&#8243; _module_preset=&#8221;default&#8221; global_colors_info=&#8221;{}&#8221;][et_pb_text _builder_version=&#8221;4.17.4&#8243; _module_preset=&#8221;default&#8221; header_3_font=&#8221;EB Garamond|600|||||||&#8221; header_3_font_size=&#8221;36px&#8221; header_3_font_size_tablet=&#8221;&#8221; header_3_font_size_phone=&#8221;30px&#8221; header_3_font_size_last_edited=&#8221;on|phone&#8221; global_colors_info=&#8221;{}&#8221;]<\/p>\n<h3 style=\"text-align: center;\">PLUS DE COURS HEBDOMADAIRES<\/h3>\n<p>[\/et_pb_text][\/et_pb_column][\/et_pb_row][et_pb_row column_structure=&#8221;1_3,1_3,1_3&#8243; _builder_version=&#8221;4.17.4&#8243; _module_preset=&#8221;default&#8221; global_colors_info=&#8221;{}&#8221;][et_pb_column type=&#8221;1_3&#8243; _builder_version=&#8221;4.17.4&#8243; _module_preset=&#8221;default&#8221; global_colors_info=&#8221;{}&#8221;][et_pb_blurb title=&#8221;M\u00c9DITATION&#8221; url=&#8221;https:\/\/www.patrulrinpoche.net\/study-practice\/study-programs\/weekly-studies\/meditation\/&#8221; image=&#8221;http:\/\/www.patrulrinpoche.net\/wp-content\/uploads\/2022\/06\/Meditation.jpg&#8221; alt=&#8221;M\u00e9ditation&#8221; _builder_version=&#8221;4.17.4&#8243; _module_preset=&#8221;default&#8221; header_font=&#8221;EB Garamond|600|||||||&#8221; header_text_align=&#8221;center&#8221; header_font_size=&#8221;24px&#8221; text_orientation=&#8221;justified&#8221; link_option_url=&#8221;https:\/\/www.patrulrinpoche.net\/study-practice\/study-programs\/weekly-studies\/meditation\/&#8221; header_text_align_tablet=&#8221;center&#8221; header_text_align_phone=&#8221;center&#8221; header_text_align_last_edited=&#8221;on|phone&#8221; global_colors_info=&#8221;{}&#8221; filter_brightness__hover_enabled=&#8221;on|hover&#8221; filter_brightness__hover=&#8221;60%&#8221; transform_styles__hover_enabled=&#8221;on|hover&#8221; transform_scale__hover_enabled=&#8221;on|hover&#8221; transform_translate__hover_enabled=&#8221;on|desktop&#8221; transform_rotate__hover_enabled=&#8221;on|desktop&#8221; transform_skew__hover_enabled=&#8221;on|desktop&#8221; transform_origin__hover_enabled=&#8221;on|desktop&#8221; transform_scale__hover=&#8221;110%|110%&#8221;][\/et_pb_blurb][\/et_pb_column][et_pb_column type=&#8221;1_3&#8243; _builder_version=&#8221;4.17.4&#8243; _module_preset=&#8221;default&#8221; global_colors_info=&#8221;{}&#8221;][et_pb_blurb title=&#8221;RIGDZIN D\u00fcPA&#8221; url=&#8221;https:\/\/www.patrulrinpoche.net\/rigdzin-dupa\/&#8221; image=&#8221;http:\/\/www.patrulrinpoche.net\/wp-content\/uploads\/2022\/06\/Rigdzin-Dupa-1.jpg&#8221; alt=&#8221;Rigdzin D\u00fcpa&#8221; _builder_version=&#8221;4.17.4&#8243; _module_preset=&#8221;default&#8221; header_font=&#8221;EB Garamond|600||on|||||&#8221; header_text_align=&#8221;center&#8221; header_font_size=&#8221;24px&#8221; text_orientation=&#8221;justified&#8221; link_option_url=&#8221;https:\/\/www.patrulrinpoche.net\/rigdzin-dupa\/&#8221; header_text_align_tablet=&#8221;center&#8221; header_text_align_phone=&#8221;center&#8221; header_text_align_last_edited=&#8221;on|phone&#8221; global_colors_info=&#8221;{}&#8221; filter_brightness__hover_enabled=&#8221;on|hover&#8221; filter_brightness__hover=&#8221;60%&#8221; transform_styles__hover_enabled=&#8221;on|hover&#8221; transform_scale__hover_enabled=&#8221;on|hover&#8221; transform_translate__hover_enabled=&#8221;on|desktop&#8221; transform_rotate__hover_enabled=&#8221;on|desktop&#8221; transform_skew__hover_enabled=&#8221;on|desktop&#8221; transform_origin__hover_enabled=&#8221;on|desktop&#8221; transform_scale__hover=&#8221;110%|110%&#8221;][\/et_pb_blurb][\/et_pb_column][et_pb_column type=&#8221;1_3&#8243; _builder_version=&#8221;4.17.4&#8243; _module_preset=&#8221;default&#8221; global_colors_info=&#8221;{}&#8221;][et_pb_blurb title=&#8221;Le chemin de la grande perfection&#8221; url=&#8221;https:\/\/www.patrulrinpoche.net\/words-of-my-perfect-teacher\/&#8221; image=&#8221;http:\/\/www.patrulrinpoche.net\/wp-content\/uploads\/2022\/06\/Words-of-My-Perfect-Teacher.jpg&#8221; alt=&#8221;Le chemin de la grande perfection&#8221; _builder_version=&#8221;4.17.4&#8243; _module_preset=&#8221;default&#8221; header_font=&#8221;EB Garamond|600||on|||||&#8221; header_text_align=&#8221;center&#8221; header_font_size=&#8221;24px&#8221; header_line_height=&#8221;1.2em&#8221; text_orientation=&#8221;justified&#8221; link_option_url=&#8221;https:\/\/www.patrulrinpoche.net\/words-of-my-perfect-teacher\/&#8221; header_text_align_tablet=&#8221;center&#8221; header_text_align_phone=&#8221;center&#8221; header_text_align_last_edited=&#8221;on|phone&#8221; global_colors_info=&#8221;{}&#8221; filter_brightness__hover_enabled=&#8221;on|hover&#8221; filter_brightness__hover=&#8221;60%&#8221; filter_invert__hover_enabled=&#8221;on|hover&#8221; filter_invert__hover=&#8221;0%&#8221; filter_opacity__hover_enabled=&#8221;on|hover&#8221; filter_opacity__hover=&#8221;100%&#8221; transform_styles__hover_enabled=&#8221;on|hover&#8221; transform_scale__hover_enabled=&#8221;on|hover&#8221; transform_translate__hover_enabled=&#8221;on|hover&#8221; transform_rotate__hover_enabled=&#8221;on|hover&#8221; transform_skew__hover_enabled=&#8221;on|hover&#8221; transform_origin__hover_enabled=&#8221;on|hover&#8221; transform_scale__hover=&#8221;110%|110%&#8221;][\/et_pb_blurb][\/et_pb_column][\/et_pb_row][\/et_pb_section]<\/p>\n","protected":false},"excerpt":{"rendered":"<p>Entra\u00eenement de l&#8217;esprit &#8211; Lojong Les sept points de l&#8217;entra\u00eenement de l&#8217;espritAttribu\u00e9 au grand ma\u00eetre Atisha (XIe si\u00e8cle) et arrang\u00e9 par le ma\u00eetre tib\u00e9tain Geshe Chekawa, ce texte de lojong pr\u00e9sente un syst\u00e8me parfaitement structur\u00e9, alliant une profonde intuition \u00e0 des conseils tr\u00e8s concrets pour mettre en pratique la compassion et transformer notre esprit. Les [&hellip;]<\/p>\n","protected":false},"author":3,"featured_media":0,"parent":0,"menu_order":0,"comment_status":"closed","ping_status":"closed","template":"","meta":{"_et_pb_use_builder":"on","_et_pb_old_content":"","_et_gb_content_width":"","footnotes":""},"class_list":["post-7857","page","type-page","status-publish","hentry"],"_links":{"self":[{"href":"https:\/\/www.patrulrinpoche.net\/fr\/wp-json\/wp\/v2\/pages\/7857","targetHints":{"allow":["GET"]}}],"collection":[{"href":"https:\/\/www.patrulrinpoche.net\/fr\/wp-json\/wp\/v2\/pages"}],"about":[{"href":"https:\/\/www.patrulrinpoche.net\/fr\/wp-json\/wp\/v2\/types\/page"}],"author":[{"embeddable":true,"href":"https:\/\/www.patrulrinpoche.net\/fr\/wp-json\/wp\/v2\/users\/3"}],"replies":[{"embeddable":true,"href":"https:\/\/www.patrulrinpoche.net\/fr\/wp-json\/wp\/v2\/comments?post=7857"}],"version-history":[{"count":0,"href":"https:\/\/www.patrulrinpoche.net\/fr\/wp-json\/wp\/v2\/pages\/7857\/revisions"}],"wp:attachment":[{"href":"https:\/\/www.patrulrinpoche.net\/fr\/wp-json\/wp\/v2\/media?parent=7857"}],"curies":[{"name":"wp","href":"https:\/\/api.w.org\/{rel}","templated":true}]}}