{"id":7905,"date":"2022-07-20T16:33:04","date_gmt":"2022-07-20T14:33:04","guid":{"rendered":"https:\/\/www.patrulrinpoche.net\/enseignants-racines\/"},"modified":"2022-11-24T13:18:34","modified_gmt":"2022-11-24T12:18:34","slug":"enseignants-racines","status":"publish","type":"page","link":"https:\/\/www.patrulrinpoche.net\/fr\/enseignants-racines\/","title":{"rendered":"Enseignants-racines"},"content":{"rendered":"<p>[et_pb_section fb_built=&#8221;1&#8243; _builder_version=&#8221;4.17.3&#8243; _module_preset=&#8221;default&#8221; da_disable_devices=&#8221;off|off|off&#8221; global_colors_info=&#8221;{}&#8221; da_is_popup=&#8221;off&#8221; da_exit_intent=&#8221;off&#8221; da_has_close=&#8221;on&#8221; da_alt_close=&#8221;off&#8221; da_dark_close=&#8221;off&#8221; da_not_modal=&#8221;on&#8221; da_is_singular=&#8221;off&#8221; da_with_loader=&#8221;off&#8221; da_has_shadow=&#8221;on&#8221;][et_pb_row _builder_version=&#8221;4.17.3&#8243; _module_preset=&#8221;default&#8221; global_colors_info=&#8221;{}&#8221;][et_pb_column type=&#8221;4_4&#8243; _builder_version=&#8221;4.17.3&#8243; _module_preset=&#8221;default&#8221; global_colors_info=&#8221;{}&#8221;][et_pb_text _builder_version=&#8221;4.17.3&#8243; _module_preset=&#8221;default&#8221; header_3_font_size=&#8221;64px&#8221; header_3_font_size_tablet=&#8221;64px&#8221; header_3_font_size_phone=&#8221;32px&#8221; header_3_font_size_last_edited=&#8221;on|phone&#8221; global_colors_info=&#8221;{}&#8221;]<\/p>\n<p id=\"root\">\n<h3 align=\"LEFT\" style=\"text-align: center;\"><strong>Enseignants-racines<\/strong><\/h3>\n<p>[\/et_pb_text][\/et_pb_column][\/et_pb_row][et_pb_row column_structure=&#8221;1_5,3_5,1_5&#8243; _builder_version=&#8221;4.17.3&#8243; _module_preset=&#8221;default&#8221; custom_margin=&#8221;-15px||||false|false&#8221; global_colors_info=&#8221;{}&#8221;][et_pb_column type=&#8221;1_5&#8243; _builder_version=&#8221;4.17.3&#8243; _module_preset=&#8221;default&#8221; global_colors_info=&#8221;{}&#8221;][\/et_pb_column][et_pb_column type=&#8221;3_5&#8243; _builder_version=&#8221;4.17.3&#8243; _module_preset=&#8221;default&#8221; global_colors_info=&#8221;{}&#8221;][et_pb_text _builder_version=&#8221;4.17.4&#8243; _module_preset=&#8221;default&#8221; header_4_font=&#8221;EB Garamond|500|||||||&#8221; header_4_text_align=&#8221;center&#8221; header_4_font_size=&#8221;27px&#8221; custom_padding=&#8221;20px||20px|0px|false|false&#8221; hover_enabled=&#8221;0&#8243; header_4_font_size_tablet=&#8221;34px&#8221; header_4_font_size_phone=&#8221;26px&#8221; header_4_font_size_last_edited=&#8221;on|desktop&#8221; border_width_top=&#8221;1px&#8221; border_color_top=&#8221;#881719&#8243; border_width_bottom=&#8221;1px&#8221; border_color_bottom=&#8221;#881719&#8243; global_colors_info=&#8221;{}&#8221; sticky_enabled=&#8221;0&#8243;]<\/p>\n<h4>\u00ab Personne ne peut ramener des joyaux d&#8217;une \u00eele au tr\u00e9sor<\/h4>\n<h4>sans s&#8217;appuyer sur un navigateur exp\u00e9riment\u00e9. \u00bb<\/h4>\n<p>[\/et_pb_text][et_pb_text _builder_version=&#8221;4.17.4&#8243; _module_preset=&#8221;default&#8221; header_4_font=&#8221;EB Garamond|600|||||||&#8221; header_4_font_size=&#8221;20px&#8221; global_colors_info=&#8221;{}&#8221;]<\/p>\n<h4 style=\"text-align: right;\">Patrul Rinpoche<\/h4>\n<h4 style=\"text-align: right;\"><em>Le chemin de la grande perfection<\/em><\/h4>\n<p>[\/et_pb_text][\/et_pb_column][et_pb_column type=&#8221;1_5&#8243; _builder_version=&#8221;4.17.3&#8243; _module_preset=&#8221;default&#8221; global_colors_info=&#8221;{}&#8221;][\/et_pb_column][\/et_pb_row][et_pb_row _builder_version=&#8221;4.17.4&#8243; _module_preset=&#8221;default&#8221; global_colors_info=&#8221;{}&#8221;][et_pb_column type=&#8221;4_4&#8243; _builder_version=&#8221;4.17.4&#8243; _module_preset=&#8221;default&#8221; global_colors_info=&#8221;{}&#8221;][et_pb_text _builder_version=&#8221;4.17.4&#8243; _module_preset=&#8221;default&#8221; header_4_font=&#8221;EB Garamond|600|||||||&#8221; header_4_text_align=&#8221;center&#8221; header_4_font_size=&#8221;28px&#8221; global_colors_info=&#8221;{}&#8221;]<\/p>\n<h4 style=\"text-align: center;\">Voici un court entretien avec Ranyak Patrul Rinpoche \u00e0 propos de ses principaux enseignants-racines.<\/h4>\n<p>[\/et_pb_text][\/et_pb_column][\/et_pb_row][et_pb_row column_structure=&#8221;1_4,3_4&#8243; _builder_version=&#8221;4.17.4&#8243; _module_preset=&#8221;default&#8221; global_colors_info=&#8221;{}&#8221;][et_pb_column type=&#8221;1_4&#8243; _builder_version=&#8221;4.17.4&#8243; _module_preset=&#8221;default&#8221; global_colors_info=&#8221;{}&#8221;][et_pb_image src=&#8221;http:\/\/www.patrulrinpoche.net\/wp-content\/uploads\/2022\/06\/1-root-teacher-scaled.jpg&#8221; alt=&#8221;1 enseignant-racine&#8221; title_text=&#8221;1 enseignant-racine&#8221; _builder_version=&#8221;4.17.4&#8243; _module_preset=&#8221;default&#8221; width=&#8221;80%&#8221; width_tablet=&#8221;80%&#8221; width_phone=&#8221;80%&#8221; width_last_edited=&#8221;on|phone&#8221; global_colors_info=&#8221;{}&#8221;][\/et_pb_image][\/et_pb_column][et_pb_column type=&#8221;3_4&#8243; _builder_version=&#8221;4.17.4&#8243; _module_preset=&#8221;default&#8221; global_colors_info=&#8221;{}&#8221;][et_pb_text _builder_version=&#8221;4.17.4&#8243; _module_preset=&#8221;default&#8221; header_4_font=&#8221;EB Garamond|600|||||||&#8221; header_4_font_size=&#8221;20px&#8221; text_orientation=&#8221;justified&#8221; global_colors_info=&#8221;{}&#8221;]<\/p>\n<p>-De Drukpa Rinpoche, mon ma\u00eetre principal, j&#8217;ai re\u00e7u toutes les transmissions de base, par exemple Rinchen Terdz\u00f6 et Longchen Nyingthik Tsa P\u00f6, que nous appelons normalement Dum Nyi (tib. deux gros volumes de pecha). Il y a cinq volumes, et j&#8217;ai re\u00e7u des initiations et des transmissions pour chacun d&#8217;entre eux.<\/p>\n<p>-Drukpa Rinpoche m&#8217;a \u00e9galement donn\u00e9 l&#8217;initiation et la transmission du tr\u00e8s important Nyingthik Yabzhi.<br \/>Quoi que l&#8217;on pratique dans les monast\u00e8res Dzogchen, j&#8217;ai re\u00e7u toutes les transmissions de pouvoir de Drukpa Rinpoche.<\/p>\n<p>[\/et_pb_text][\/et_pb_column][\/et_pb_row][et_pb_row column_structure=&#8221;1_2,1_2&#8243; _builder_version=&#8221;4.17.4&#8243; _module_preset=&#8221;default&#8221; global_colors_info=&#8221;{}&#8221;][et_pb_column type=&#8221;1_2&#8243; _builder_version=&#8221;4.17.4&#8243; _module_preset=&#8221;default&#8221; global_colors_info=&#8221;{}&#8221;][et_pb_image src=&#8221;http:\/\/www.patrulrinpoche.net\/wp-content\/uploads\/2022\/06\/2.-root-teachers.jpg&#8221; alt=&#8221;2. enseignants-racines&#8221; title_text=&#8221;2. enseignants-racines&#8221; _builder_version=&#8221;4.17.4&#8243; _module_preset=&#8221;default&#8221; global_colors_info=&#8221;{}&#8221;][\/et_pb_image][\/et_pb_column][et_pb_column type=&#8221;1_2&#8243; _builder_version=&#8221;4.17.4&#8243; _module_preset=&#8221;default&#8221; global_colors_info=&#8221;{}&#8221;][et_pb_image src=&#8221;http:\/\/www.patrulrinpoche.net\/wp-content\/uploads\/2022\/06\/3.jpg&#8221; alt=&#8221;enseignant-racine&#8221; title_text=&#8221;3&#8243; _builder_version=&#8221;4.17.4&#8243; _module_preset=&#8221;default&#8221; global_colors_info=&#8221;{}&#8221;][\/et_pb_image][\/et_pb_column][\/et_pb_row][et_pb_row column_structure=&#8221;1_2,1_2&#8243; _builder_version=&#8221;4.17.4&#8243; _module_preset=&#8221;default&#8221; global_colors_info=&#8221;{}&#8221;][et_pb_column type=&#8221;1_2&#8243; _builder_version=&#8221;4.17.4&#8243; _module_preset=&#8221;default&#8221; global_colors_info=&#8221;{}&#8221;][et_pb_blurb image=&#8221;http:\/\/www.patrulrinpoche.net\/wp-content\/uploads\/2022\/06\/root-teacher-2.1.jpg&#8221; alt=&#8221;enseignant-racine 2.1&#8243; _builder_version=&#8221;4.17.4&#8243; _module_preset=&#8221;default&#8221; header_font=&#8221;EB Garamond|600|||||||&#8221; header_text_align=&#8221;center&#8221; header_font_size=&#8221;22px&#8221; text_orientation=&#8221;justified&#8221; global_colors_info=&#8221;{}&#8221;]<\/p>\n<p>En m\u00eame temps, j&#8217;ai \u00e9galement re\u00e7u toutes ces transmissions de Tulku Orgyen Rinpoche. J&#8217;ai \u00e9galement re\u00e7u de lui la transmission du Terch\u00f6 de Tert\u00f6n Nyima Drakpa, qui n&#8217;est pas inclus dans le Rinchen Terdz\u00f6. Il s&#8217;agit d&#8217;un texte s\u00e9par\u00e9 et j&#8217;ai re\u00e7u les transmissions de pouvoir de Drukpa Rinpoche.<\/p>\n<p>[\/et_pb_blurb][\/et_pb_column][et_pb_column type=&#8221;1_2&#8243; _builder_version=&#8221;4.17.4&#8243; _module_preset=&#8221;default&#8221; global_colors_info=&#8221;{}&#8221;][et_pb_blurb image=&#8221;http:\/\/www.patrulrinpoche.net\/wp-content\/uploads\/2022\/06\/Patrul-Rinpoche-and-Kyabje.jpg&#8221; alt=&#8221;Patrul Rinpoche et Kyabje&#8221; _builder_version=&#8221;4.17.4&#8243; _module_preset=&#8221;default&#8221; header_font=&#8221;EB Garamond|600|||||||&#8221; header_text_align=&#8221;center&#8221; header_font_size=&#8221;22px&#8221; text_orientation=&#8221;justified&#8221; global_colors_info=&#8221;{}&#8221;]<\/p>\n<p>Kyabje Pema Kalzang Rinpoche m&#8217;a donn\u00e9 les enseignements du Chemin de la grande perfection, le Kama entier et ainsi de suite.<\/p>\n<p>[\/et_pb_blurb][\/et_pb_column][\/et_pb_row][et_pb_row column_structure=&#8221;1_5,3_5,1_5&#8243; _builder_version=&#8221;4.17.3&#8243; _module_preset=&#8221;default&#8221; custom_margin=&#8221;-15px||||false|false&#8221; global_colors_info=&#8221;{}&#8221;][et_pb_column type=&#8221;1_5&#8243; _builder_version=&#8221;4.17.3&#8243; _module_preset=&#8221;default&#8221; global_colors_info=&#8221;{}&#8221;][\/et_pb_column][et_pb_column type=&#8221;3_5&#8243; _builder_version=&#8221;4.17.3&#8243; _module_preset=&#8221;default&#8221; global_colors_info=&#8221;{}&#8221;][et_pb_image src=&#8221;http:\/\/www.patrulrinpoche.net\/wp-content\/uploads\/2022\/06\/7.-Kyabje-Zenkar-Rinpoche.jpg&#8221; alt=&#8221;Kyabje Zenkar Rinpoche&#8221; title_text=&#8221;7. Kyabje Zenkar Rinpoche&#8221; _builder_version=&#8221;4.17.4&#8243; _module_preset=&#8221;default&#8221; global_colors_info=&#8221;{}&#8221;][\/et_pb_image][\/et_pb_column][et_pb_column type=&#8221;1_5&#8243; _builder_version=&#8221;4.17.3&#8243; _module_preset=&#8221;default&#8221; global_colors_info=&#8221;{}&#8221;][\/et_pb_column][\/et_pb_row][et_pb_row _builder_version=&#8221;4.17.4&#8243; _module_preset=&#8221;default&#8221; global_colors_info=&#8221;{}&#8221;][et_pb_column type=&#8221;4_4&#8243; _builder_version=&#8221;4.17.4&#8243; _module_preset=&#8221;default&#8221; global_colors_info=&#8221;{}&#8221;][et_pb_text _builder_version=&#8221;4.17.4&#8243; _module_preset=&#8221;default&#8221; header_4_font=&#8221;EB Garamond|500|||||||&#8221; header_4_text_align=&#8221;center&#8221; header_4_font_size=&#8221;27px&#8221; custom_margin=&#8221;0px||||false|false&#8221; custom_margin_tablet=&#8221;0px||||false|false&#8221; custom_margin_phone=&#8221;0px||||false|false&#8221; custom_margin_last_edited=&#8221;on|phone&#8221; custom_padding=&#8221;20px||20px|0px|false|false&#8221; hover_enabled=&#8221;0&#8243; header_4_font_size_tablet=&#8221;34px&#8221; header_4_font_size_phone=&#8221;20px&#8221; header_4_font_size_last_edited=&#8221;on|desktop&#8221; border_width_top=&#8221;1px&#8221; border_color_top=&#8221;#881719&#8243; border_width_bottom=&#8221;1px&#8221; border_color_bottom=&#8221;#881719&#8243; global_colors_info=&#8221;{}&#8221; sticky_enabled=&#8221;0&#8243;]<\/p>\n<h4>\u00ab Kyabje Zenkar Rinpoche m&#8217;a donn\u00e9 beaucoup, beaucoup de transmissions.<\/h4>\n<h4>Je voudrais vraiment dire que Kyabje Zenkar Rinpoche est tr\u00e8s cher \u00e0 mon c\u0153ur. \u00bb<\/h4>\n<p>[\/et_pb_text][\/et_pb_column][\/et_pb_row][et_pb_row column_structure=&#8221;1_3,1_3,1_3&#8243; _builder_version=&#8221;4.17.4&#8243; _module_preset=&#8221;default&#8221; global_colors_info=&#8221;{}&#8221;][et_pb_column type=&#8221;1_3&#8243; _builder_version=&#8221;4.17.4&#8243; _module_preset=&#8221;default&#8221; global_colors_info=&#8221;{}&#8221;][et_pb_image src=&#8221;http:\/\/www.patrulrinpoche.net\/wp-content\/uploads\/2022\/06\/9.-Khangsar-Tenpe-Ongshuk.jpeg&#8221; alt=&#8221;Khangsar Tenpe Ongshuk&#8221; title_text=&#8221;9. Khangsar Tenpe Ongshuk&#8221; align=&#8221;center&#8221; _builder_version=&#8221;4.17.4&#8243; _module_preset=&#8221;default&#8221; global_colors_info=&#8221;{}&#8221;][\/et_pb_image][\/et_pb_column][et_pb_column type=&#8221;1_3&#8243; _builder_version=&#8221;4.17.4&#8243; _module_preset=&#8221;default&#8221; global_colors_info=&#8221;{}&#8221;][et_pb_text _builder_version=&#8221;4.17.4&#8243; _module_preset=&#8221;default&#8221; header_4_font=&#8221;EB Garamond|600|||||||&#8221; header_4_font_size=&#8221;20px&#8221; text_orientation=&#8221;justified&#8221; global_colors_info=&#8221;{}&#8221;]<\/p>\n<p><span style=\"font-family: Shippori Mincho, serif;\">-Et le second est <strong>Penak Wangtrul Rinpoche (Khangsar Tenpe Wangshuk, Khangsar Wangtrul).<\/strong> C&#8217;est de lui que j&#8217;ai re\u00e7u les enseignements les plus secrets, Yeshe Lama, Tsik Sum N\u00e9 Dek, Munsal Dr\u00f6nme (Une lampe pour dissiper les t\u00e9n\u00e8bres) et Namke Trindral (nam mkha&#8217; sprin bral, Le ciel sans nuages). Il m&#8217;a donn\u00e9 la transmission de pouvoir de la nature intrins\u00e8que et aussi l&#8217;introduction \u00e0 la nature de l&#8217;esprit. J&#8217;ai \u00e9galement re\u00e7u celle-ci de Drukpa Rinpoche.<\/span><\/p>\n<p>[\/et_pb_text][\/et_pb_column][et_pb_column type=&#8221;1_3&#8243; _builder_version=&#8221;4.17.4&#8243; _module_preset=&#8221;default&#8221; global_colors_info=&#8221;{}&#8221;][et_pb_image src=&#8221;http:\/\/www.patrulrinpoche.net\/wp-content\/uploads\/2022\/06\/10.-Khangsar-Tenpe-Ongshuk.jpg&#8221; alt=&#8221;10. Khangsar Tenpe Ongshuk&#8221; title_text=&#8221;10. Khangsar Tenpe Ongshuk&#8221; align=&#8221;center&#8221; _builder_version=&#8221;4.17.4&#8243; _module_preset=&#8221;default&#8221; global_colors_info=&#8221;{}&#8221;][\/et_pb_image][\/et_pb_column][\/et_pb_row][et_pb_row column_structure=&#8221;1_3,2_3&#8243; _builder_version=&#8221;4.17.4&#8243; _module_preset=&#8221;default&#8221; global_colors_info=&#8221;{}&#8221;][et_pb_column type=&#8221;1_3&#8243; _builder_version=&#8221;4.17.4&#8243; _module_preset=&#8221;default&#8221; global_colors_info=&#8221;{}&#8221;][et_pb_image src=&#8221;http:\/\/www.patrulrinpoche.net\/wp-content\/uploads\/2022\/06\/11.-Ani-Dasal.jpeg&#8221; alt=&#8221;Ani Dasal&#8221; title_text=&#8221;11. Ani Dasal&#8221; align=&#8221;center&#8221; _builder_version=&#8221;4.17.4&#8243; _module_preset=&#8221;default&#8221; global_colors_info=&#8221;{}&#8221;][\/et_pb_image][\/et_pb_column][et_pb_column type=&#8221;2_3&#8243; _builder_version=&#8221;4.17.4&#8243; _module_preset=&#8221;default&#8221; global_colors_info=&#8221;{}&#8221;][et_pb_text _builder_version=&#8221;4.17.4&#8243; _module_preset=&#8221;default&#8221; header_4_font=&#8221;EB Garamond|600|||||||&#8221; header_4_font_size=&#8221;20px&#8221; text_orientation=&#8221;justified&#8221; global_colors_info=&#8221;{}&#8221;]<\/p>\n<p>&#8211; J&#8217;ai re\u00e7u toutes les transmissions et les transmissions de pouvoir de Dzinpa Rangdrol de Khandro Dazer Wangmo,<br \/>de la lign\u00e9e de Do Khyentse Shewe Yeshe Dorje. Les initiations et transmissions que j&#8217;ai re\u00e7ues d&#8217;Ani Dasal et, bien s\u00fbr, la collection de Do Khyentse que j&#8217;ai re\u00e7ue de Kyabje Zenkar Rinpoche.<\/p>\n<p>[\/et_pb_text][et_pb_text _builder_version=&#8221;4.17.4&#8243; _module_preset=&#8221;default&#8221; header_4_font=&#8221;EB Garamond|500|||||||&#8221; header_4_text_align=&#8221;center&#8221; header_4_font_size=&#8221;27px&#8221; custom_padding=&#8221;20px||20px|0px|false|false&#8221; hover_enabled=&#8221;0&#8243; header_4_font_size_tablet=&#8221;34px&#8221; header_4_font_size_phone=&#8221;26px&#8221; header_4_font_size_last_edited=&#8221;on|desktop&#8221; border_width_top=&#8221;1px&#8221; border_color_top=&#8221;#881719&#8243; border_width_bottom=&#8221;1px&#8221; border_color_bottom=&#8221;#881719&#8243; global_colors_info=&#8221;{}&#8221; sticky_enabled=&#8221;0&#8243;]<\/p>\n<h4>\u00ab Il est le grand navire qui nous transporte<\/h4>\n<h4>au-del\u00e0 des mers de l&#8217;existence samsarique,<\/h4>\n<h4>Le vrai navigateur, infailliblement<\/h4>\n<h4>tra\u00e7ant la voie sublime. \u00bb<\/h4>\n<p>[\/et_pb_text][et_pb_text _builder_version=&#8221;4.17.4&#8243; _module_preset=&#8221;default&#8221; header_4_font=&#8221;Source Code Pro|600|||||||&#8221; header_4_font_size=&#8221;19px&#8221; header_4_letter_spacing=&#8221;0px&#8221; text_orientation=&#8221;justified&#8221; hover_enabled=&#8221;0&#8243; global_colors_info=&#8221;{}&#8221; header_4_text_align=&#8221;center&#8221; sticky_enabled=&#8221;0&#8243;]<\/p>\n<h4 style=\"text-align: center;\">JIGME LINGPA, LE TR\u00c9SOR DES QUALIT\u00c9S PR\u00c9CIEUSES<\/h4>\n<p>[\/et_pb_text][\/et_pb_column][\/et_pb_row][et_pb_row column_structure=&#8221;1_2,1_4,1_4&#8243; _builder_version=&#8221;4.17.3&#8243; _module_preset=&#8221;default&#8221; custom_margin=&#8221;-15px||||false|false&#8221; global_colors_info=&#8221;{}&#8221;][et_pb_column type=&#8221;1_2&#8243; _builder_version=&#8221;4.17.3&#8243; _module_preset=&#8221;default&#8221; global_colors_info=&#8221;{}&#8221;][et_pb_text _builder_version=&#8221;4.17.4&#8243; _module_preset=&#8221;default&#8221; header_4_font=&#8221;EB Garamond|600|||||||&#8221; header_4_font_size=&#8221;20px&#8221; text_orientation=&#8221;justified&#8221; global_colors_info=&#8221;{}&#8221;]<\/p>\n<p>-Lorsque je suis entr\u00e9 \u00e0 l&#8217;universit\u00e9, j&#8217;ai re\u00e7u de nombreux v\u0153ux de Khenpo Dawe \u00d6zer et de mon premier professeur de l&#8217;\u00e9poque, Khenpo Pema Tsewang Rinpoche. Et aussi de Khenpo Geji, un tr\u00e8s c\u00e9l\u00e8bre Khenpo. (Gejing Dzogchen gompa)<br \/>-J&#8217;ai ensuite re\u00e7u les v\u0153ux de bodhisattva de la tradition d&#8217;Asanga et de Nagarjuna, tous deux de Khenpo Kunon \u00d6zer.<\/p>\n<p>[\/et_pb_text][\/et_pb_column][et_pb_column type=&#8221;1_4&#8243; _builder_version=&#8221;4.17.3&#8243; _module_preset=&#8221;default&#8221; global_colors_info=&#8221;{}&#8221;][et_pb_image src=&#8221;http:\/\/www.patrulrinpoche.net\/wp-content\/uploads\/2022\/06\/Dazer-2.jpg&#8221; alt=&#8221;Dazer 2&#8243; title_text=&#8221;Dazer 2&#8243; align=&#8221;center&#8221; _builder_version=&#8221;4.17.4&#8243; _module_preset=&#8221;default&#8221; global_colors_info=&#8221;{}&#8221;][\/et_pb_image][\/et_pb_column][et_pb_column type=&#8221;1_4&#8243; _builder_version=&#8221;4.17.3&#8243; _module_preset=&#8221;default&#8221; global_colors_info=&#8221;{}&#8221;][et_pb_image src=&#8221;http:\/\/www.patrulrinpoche.net\/wp-content\/uploads\/2022\/06\/13.-Khenpo-Petse-Rinpoche.jpg&#8221; alt=&#8221;13. Khenpo Petse Rinpoche&#8221; title_text=&#8221;13. Khenpo Petse Rinpoche&#8221; align=&#8221;center&#8221; _builder_version=&#8221;4.17.4&#8243; _module_preset=&#8221;default&#8221; global_colors_info=&#8221;{}&#8221;][\/et_pb_image][\/et_pb_column][\/et_pb_row][et_pb_row column_structure=&#8221;1_2,1_2&#8243; _builder_version=&#8221;4.17.3&#8243; _module_preset=&#8221;default&#8221; custom_margin=&#8221;-15px||||false|false&#8221; global_colors_info=&#8221;{}&#8221;][et_pb_column type=&#8221;1_2&#8243; _builder_version=&#8221;4.17.3&#8243; _module_preset=&#8221;default&#8221; global_colors_info=&#8221;{}&#8221;][et_pb_text _builder_version=&#8221;4.17.4&#8243; _module_preset=&#8221;default&#8221; header_4_font=&#8221;EB Garamond|600|||||||&#8221; header_4_font_size=&#8221;20px&#8221; text_orientation=&#8221;justified&#8221; global_colors_info=&#8221;{}&#8221;]<\/p>\n<p>-Ensuite, il y a, par exemple, S.S. Taklung Tsetrul Rinpoche et beaucoup d&#8217;autres grands lamas dont j&#8217;ai eu la chance de recevoir un peu d&#8217;enseignements.<\/p>\n<p>Beaucoup d&#8217;autres lamas ont \u00e9t\u00e9 d&#8217;une grande bont\u00e9 avec moi. Il y a tellement de grands ma\u00eetres, d&#8217;enseignements. Je leur suis tr\u00e8s reconnaissant \u00e0 tous.<\/p>\n<p>[\/et_pb_text][\/et_pb_column][et_pb_column type=&#8221;1_2&#8243; _builder_version=&#8221;4.17.3&#8243; _module_preset=&#8221;default&#8221; global_colors_info=&#8221;{}&#8221;][et_pb_image src=&#8221;http:\/\/www.patrulrinpoche.net\/wp-content\/uploads\/2022\/06\/14.-Taklung-Tsetrul-Rinpoche-Tulku-Drakpa-Dzogchen-Ranyak-Patrul-Rinpoche.jpg&#8221; alt=&#8221;Taklung Tsetrul Rinpoche, Tulku Drakpa, Dzogchen Ranyak Patrul Rinpoche&#8221; title_text=&#8221;14. Taklung Tsetrul Rinpoche, Tulku Drakpa, Dzogchen Ranyak Patrul Rinpoche&#8221; align=&#8221;center&#8221; _builder_version=&#8221;4.17.4&#8243; _module_preset=&#8221;default&#8221; global_colors_info=&#8221;{}&#8221;][\/et_pb_image][\/et_pb_column][\/et_pb_row][\/et_pb_section]<\/p>\n","protected":false},"excerpt":{"rendered":"<p>Enseignants-racines\u00ab Personne ne peut ramener des joyaux d&#8217;une \u00eele au tr\u00e9sor sans s&#8217;appuyer sur un navigateur exp\u00e9riment\u00e9. \u00bbPatrul Rinpoche Le chemin de la grande perfectionVoici un court entretien avec Ranyak Patrul Rinpoche \u00e0 propos de ses principaux enseignants-racines.-De Drukpa Rinpoche, mon ma\u00eetre principal, j&#8217;ai re\u00e7u toutes les transmissions de base, par exemple Rinchen Terdz\u00f6 et [&hellip;]<\/p>\n","protected":false},"author":3,"featured_media":0,"parent":0,"menu_order":0,"comment_status":"closed","ping_status":"closed","template":"","meta":{"_et_pb_use_builder":"on","_et_pb_old_content":"","_et_gb_content_width":"","footnotes":""},"class_list":["post-7905","page","type-page","status-publish","hentry"],"_links":{"self":[{"href":"https:\/\/www.patrulrinpoche.net\/fr\/wp-json\/wp\/v2\/pages\/7905","targetHints":{"allow":["GET"]}}],"collection":[{"href":"https:\/\/www.patrulrinpoche.net\/fr\/wp-json\/wp\/v2\/pages"}],"about":[{"href":"https:\/\/www.patrulrinpoche.net\/fr\/wp-json\/wp\/v2\/types\/page"}],"author":[{"embeddable":true,"href":"https:\/\/www.patrulrinpoche.net\/fr\/wp-json\/wp\/v2\/users\/3"}],"replies":[{"embeddable":true,"href":"https:\/\/www.patrulrinpoche.net\/fr\/wp-json\/wp\/v2\/comments?post=7905"}],"version-history":[{"count":0,"href":"https:\/\/www.patrulrinpoche.net\/fr\/wp-json\/wp\/v2\/pages\/7905\/revisions"}],"wp:attachment":[{"href":"https:\/\/www.patrulrinpoche.net\/fr\/wp-json\/wp\/v2\/media?parent=7905"}],"curies":[{"name":"wp","href":"https:\/\/api.w.org\/{rel}","templated":true}]}}