{"id":7964,"date":"2022-07-22T21:18:36","date_gmt":"2022-07-22T19:18:36","guid":{"rendered":"https:\/\/www.patrulrinpoche.net\/activites\/"},"modified":"2024-11-27T22:13:59","modified_gmt":"2024-11-27T21:13:59","slug":"activites","status":"publish","type":"page","link":"https:\/\/www.patrulrinpoche.net\/fr\/patrul-rinpoche\/activites\/","title":{"rendered":"Activit\u00e9s"},"content":{"rendered":"<p>[et_pb_section fb_built=&#8221;1&#8243; fullwidth=&#8221;on&#8221; _builder_version=&#8221;4.17.3&#8243; _module_preset=&#8221;default&#8221; da_disable_devices=&#8221;off|off|off&#8221; global_colors_info=&#8221;{}&#8221; da_is_popup=&#8221;off&#8221; da_exit_intent=&#8221;off&#8221; da_has_close=&#8221;on&#8221; da_alt_close=&#8221;off&#8221; da_dark_close=&#8221;off&#8221; da_not_modal=&#8221;on&#8221; da_is_singular=&#8221;off&#8221; da_with_loader=&#8221;off&#8221; da_has_shadow=&#8221;on&#8221;][et_pb_fullwidth_header title=&#8221;Activit\u00e9s&#8221; text_orientation=&#8221;center&#8221; header_fullscreen=&#8221;on&#8221; header_scroll_down=&#8221;on&#8221; scroll_down_icon=&#8221;%%8%%&#8221; scroll_down_icon_color=&#8221;#FFFFFF&#8221; disabled_on=&#8221;off|on|on&#8221; _builder_version=&#8221;4.17.4&#8243; _module_preset=&#8221;default&#8221; title_level=&#8221;h4&#8243; title_font=&#8221;EB Garamond||||||||&#8221; title_text_align=&#8221;left&#8221; title_text_color=&#8221;#FFFFFF&#8221; title_font_size=&#8221;66px&#8221; background_enable_color=&#8221;off&#8221; background_image=&#8221;http:\/\/www.patrulrinpoche.net\/wp-content\/uploads\/2022\/06\/Patrul-Rinpoche-activities_buddhist-teacher.jpg&#8221; title_font_size_tablet=&#8221;66px&#8221; title_font_size_phone=&#8221;40px&#8221; title_font_size_last_edited=&#8221;on|phone&#8221; title_text_shadow_style=&#8221;preset3&#8243; global_colors_info=&#8221;{}&#8221;][\/et_pb_fullwidth_header][\/et_pb_section][et_pb_section fb_built=&#8221;1&#8243; disabled_on=&#8221;on|off|off&#8221; _builder_version=&#8221;4.17.4&#8243; _module_preset=&#8221;default&#8221; background_image=&#8221;http:\/\/www.patrulrinpoche.net\/wp-content\/uploads\/2022\/06\/Patrul-Rinpoche-teacher_activities.jpg&#8221; custom_padding=&#8221;270px||270px||false|false&#8221; da_disable_devices=&#8221;off|off|off&#8221; global_colors_info=&#8221;{}&#8221; da_is_popup=&#8221;off&#8221; da_exit_intent=&#8221;off&#8221; da_has_close=&#8221;on&#8221; da_alt_close=&#8221;off&#8221; da_dark_close=&#8221;off&#8221; da_not_modal=&#8221;on&#8221; da_is_singular=&#8221;off&#8221; da_with_loader=&#8221;off&#8221; da_has_shadow=&#8221;on&#8221;][et_pb_row column_structure=&#8221;1_2,1_2&#8243; _builder_version=&#8221;4.17.3&#8243; _module_preset=&#8221;default&#8221; global_colors_info=&#8221;{}&#8221;][et_pb_column type=&#8221;1_2&#8243; _builder_version=&#8221;4.17.3&#8243; _module_preset=&#8221;default&#8221; global_colors_info=&#8221;{}&#8221;][et_pb_text _builder_version=&#8221;4.17.4&#8243; _module_preset=&#8221;default&#8221; header_3_text_align=&#8221;right&#8221; header_3_text_color=&#8221;#202020&#8243; header_3_font_size=&#8221;95px&#8221; custom_margin_tablet=&#8221;-50px||||false|false&#8221; custom_margin_phone=&#8221;-50px||||false|false&#8221; custom_margin_last_edited=&#8221;on|desktop&#8221; custom_padding=&#8221;||0px|0px|false|false&#8221; header_3_font_size_tablet=&#8221;93px&#8221; header_3_font_size_phone=&#8221;41px&#8221; header_3_font_size_last_edited=&#8221;on|phone&#8221; global_colors_info=&#8221;{}&#8221;]<\/p>\n<h3 style=\"text-align: left;\"><strong>Activit\u00e9s<\/strong><\/h3>\n<p>[\/et_pb_text][\/et_pb_column][et_pb_column type=&#8221;1_2&#8243; _builder_version=&#8221;4.17.3&#8243; _module_preset=&#8221;default&#8221; global_colors_info=&#8221;{}&#8221;][\/et_pb_column][\/et_pb_row][\/et_pb_section][et_pb_section fb_built=&#8221;1&#8243; _builder_version=&#8221;4.17.3&#8243; _module_preset=&#8221;default&#8221; custom_padding=&#8221;||1px|||&#8221; da_disable_devices=&#8221;off|off|off&#8221; global_colors_info=&#8221;{}&#8221; da_is_popup=&#8221;off&#8221; da_exit_intent=&#8221;off&#8221; da_has_close=&#8221;on&#8221; da_alt_close=&#8221;off&#8221; da_dark_close=&#8221;off&#8221; da_not_modal=&#8221;on&#8221; da_is_singular=&#8221;off&#8221; da_with_loader=&#8221;off&#8221; da_has_shadow=&#8221;on&#8221;][et_pb_row column_structure=&#8221;1_5,1_5,1_5,1_5,1_5&#8243; _builder_version=&#8221;4.17.3&#8243; _module_preset=&#8221;default&#8221; global_colors_info=&#8221;{}&#8221;][et_pb_column type=&#8221;1_5&#8243; _builder_version=&#8221;4.17.3&#8243; _module_preset=&#8221;default&#8221; global_colors_info=&#8221;{}&#8221;][et_pb_blurb title=&#8221;Vision&#8221; url=&#8221;https:\/\/www.patrulrinpoche.net\/fr\/vision\/&#8221; image=&#8221;http:\/\/www.patrulrinpoche.net\/wp-content\/uploads\/2022\/05\/1.-vis.jpg&#8221; alt=&#8221;vision&#8221; _builder_version=&#8221;4.17.4&#8243; _module_preset=&#8221;default&#8221; header_font=&#8221;|600||on|||||&#8221; header_text_align=&#8221;center&#8221; link_option_url=&#8221;https:\/\/www.patrulrinpoche.net\/fr\/vision\/&#8221; global_colors_info=&#8221;{}&#8221; filter_sepia__hover_enabled=&#8221;on|desktop&#8221; filter_sepia__hover=&#8221;0%&#8221; filter_saturate__hover_enabled=&#8221;on|hover&#8221; filter_saturate__hover=&#8221;100%&#8221; filter_blur__hover_enabled=&#8221;on|hover&#8221; filter_blur__hover=&#8221;0px&#8221; filter_invert__hover_enabled=&#8221;on|hover&#8221; filter_invert__hover=&#8221;0%&#8221; child_filter_brightness__hover_enabled=&#8221;on|hover&#8221; child_filter_brightness__hover=&#8221;100%&#8221; child_filter_blur__hover_enabled=&#8221;on|hover&#8221; child_filter_blur__hover=&#8221;0px&#8221; filter_hue_rotate__hover_enabled=&#8221;on|hover&#8221; filter_hue_rotate__hover=&#8221;0deg&#8221; filter_brightness__hover_enabled=&#8221;on|hover&#8221; filter_brightness__hover=&#8221;100%&#8221; child_filter_opacity__hover_enabled=&#8221;on|hover&#8221; child_filter_opacity__hover=&#8221;100%&#8221; child_filter_sepia__hover_enabled=&#8221;on|hover&#8221; child_filter_sepia__hover=&#8221;0%&#8221; child_filter_invert__hover_enabled=&#8221;on|hover&#8221; child_filter_invert__hover=&#8221;0%&#8221; child_filter_contrast__hover_enabled=&#8221;on|hover&#8221; child_filter_contrast__hover=&#8221;100%&#8221; child_filter_saturate__hover_enabled=&#8221;on|hover&#8221; child_filter_saturate__hover=&#8221;100%&#8221; header_text_color__hover_enabled=&#8221;on|hover&#8221; header_text_color__hover=&#8221;#881719&#8243; transform_styles__hover_enabled=&#8221;on|hover&#8221; transform_scale__hover_enabled=&#8221;on|hover&#8221; transform_translate__hover_enabled=&#8221;on|desktop&#8221; transform_rotate__hover_enabled=&#8221;on|desktop&#8221; transform_skew__hover_enabled=&#8221;on|desktop&#8221; transform_origin__hover_enabled=&#8221;on|desktop&#8221; transform_scale__hover=&#8221;110%|110%&#8221;][\/et_pb_blurb][\/et_pb_column][et_pb_column type=&#8221;1_5&#8243; _builder_version=&#8221;4.17.3&#8243; _module_preset=&#8221;default&#8221; global_colors_info=&#8221;{}&#8221;][et_pb_blurb title=&#8221;Pr\u00e9server la culture et le patrimoine&#8221; url=&#8221;https:\/\/www.patrulrinpoche.net\/fr\/preserver-la-culture-et-le-patrimoine\/&#8221; image=&#8221;http:\/\/www.patrulrinpoche.net\/wp-content\/uploads\/2022\/05\/2.-pres.png&#8221; alt=&#8221;Pr\u00e9server la culture et le patrimoine&#8221; _builder_version=&#8221;4.17.4&#8243; _module_preset=&#8221;default&#8221; header_font=&#8221;|600||on|||||&#8221; header_text_align=&#8221;center&#8221; link_option_url=&#8221;https:\/\/www.patrulrinpoche.net\/fr\/preserver-la-culture-et-le-patrimoine\/&#8221; global_colors_info=&#8221;{}&#8221; filter_sepia__hover_enabled=&#8221;on|desktop&#8221; filter_sepia__hover=&#8221;0%&#8221; filter_saturate__hover_enabled=&#8221;on|hover&#8221; filter_saturate__hover=&#8221;100%&#8221; filter_blur__hover_enabled=&#8221;on|hover&#8221; filter_blur__hover=&#8221;0px&#8221; filter_invert__hover_enabled=&#8221;on|hover&#8221; filter_invert__hover=&#8221;0%&#8221; child_filter_brightness__hover_enabled=&#8221;on|hover&#8221; child_filter_brightness__hover=&#8221;100%&#8221; child_filter_blur__hover_enabled=&#8221;on|hover&#8221; child_filter_blur__hover=&#8221;0px&#8221; header_text_color__hover_enabled=&#8221;on|hover&#8221; header_text_color__hover=&#8221;#881719&#8243; transform_styles__hover_enabled=&#8221;on|hover&#8221; transform_scale__hover_enabled=&#8221;on|hover&#8221; transform_translate__hover_enabled=&#8221;on|hover&#8221; transform_rotate__hover_enabled=&#8221;on|hover&#8221; transform_skew__hover_enabled=&#8221;on|hover&#8221; transform_origin__hover_enabled=&#8221;on|hover&#8221; transform_scale__hover=&#8221;110%|110%&#8221;][\/et_pb_blurb][\/et_pb_column][et_pb_column type=&#8221;1_5&#8243; _builder_version=&#8221;4.17.3&#8243; _module_preset=&#8221;default&#8221; global_colors_info=&#8221;{}&#8221;][et_pb_blurb title=&#8221;Enseignant&#8221; url=&#8221;https:\/\/www.patrulrinpoche.net\/fr\/enseignant\/&#8221; image=&#8221;http:\/\/www.patrulrinpoche.net\/wp-content\/uploads\/2022\/05\/3.-teach.png&#8221; alt=&#8221;enseignant&#8221; _builder_version=&#8221;4.22.1&#8243; _module_preset=&#8221;default&#8221; header_font=&#8221;|600||on|||||&#8221; header_text_align=&#8221;center&#8221; link_option_url=&#8221;https:\/\/www.patrulrinpoche.net\/fr\/enseignant\/&#8221; global_colors_info=&#8221;{}&#8221; filter_sepia__hover_enabled=&#8221;on|desktop&#8221; filter_sepia__hover=&#8221;0%&#8221; filter_saturate__hover_enabled=&#8221;on|hover&#8221; filter_saturate__hover=&#8221;100%&#8221; filter_blur__hover_enabled=&#8221;on|hover&#8221; filter_blur__hover=&#8221;0px&#8221; filter_invert__hover_enabled=&#8221;on|hover&#8221; filter_invert__hover=&#8221;0%&#8221; child_filter_brightness__hover_enabled=&#8221;on|hover&#8221; child_filter_brightness__hover=&#8221;100%&#8221; child_filter_blur__hover_enabled=&#8221;on|hover&#8221; child_filter_blur__hover=&#8221;0px&#8221; header_text_color__hover_enabled=&#8221;on|hover&#8221; header_text_color__hover=&#8221;#881719&#8243; transform_styles__hover_enabled=&#8221;on|hover&#8221; transform_scale__hover_enabled=&#8221;on|hover&#8221; transform_translate__hover_enabled=&#8221;on|hover&#8221; transform_rotate__hover_enabled=&#8221;on|hover&#8221; transform_skew__hover_enabled=&#8221;on|hover&#8221; transform_origin__hover_enabled=&#8221;on|hover&#8221; transform_scale__hover=&#8221;110%|110%&#8221;][\/et_pb_blurb][\/et_pb_column][et_pb_column type=&#8221;1_5&#8243; _builder_version=&#8221;4.17.3&#8243; _module_preset=&#8221;default&#8221; global_colors_info=&#8221;{}&#8221;][et_pb_blurb title=&#8221;Artiste&#8221; url=&#8221;https:\/\/www.patrulrinpoche.net\/fr\/artiste\/&#8221; image=&#8221;http:\/\/www.patrulrinpoche.net\/wp-content\/uploads\/2022\/05\/4-art.jpg&#8221; alt=&#8221;Artiste&#8221; _builder_version=&#8221;4.17.4&#8243; _module_preset=&#8221;default&#8221; header_font=&#8221;|600||on|||||&#8221; header_text_align=&#8221;center&#8221; link_option_url=&#8221;https:\/\/www.patrulrinpoche.net\/fr\/artiste\/&#8221; global_colors_info=&#8221;{}&#8221; filter_sepia__hover_enabled=&#8221;on|desktop&#8221; filter_sepia__hover=&#8221;0%&#8221; filter_saturate__hover_enabled=&#8221;on|hover&#8221; filter_saturate__hover=&#8221;100%&#8221; filter_blur__hover_enabled=&#8221;on|hover&#8221; filter_blur__hover=&#8221;0px&#8221; filter_invert__hover_enabled=&#8221;on|hover&#8221; filter_invert__hover=&#8221;0%&#8221; child_filter_brightness__hover_enabled=&#8221;on|hover&#8221; child_filter_brightness__hover=&#8221;100%&#8221; child_filter_blur__hover_enabled=&#8221;on|hover&#8221; child_filter_blur__hover=&#8221;0px&#8221; header_text_color__hover_enabled=&#8221;on|hover&#8221; header_text_color__hover=&#8221;#881719&#8243; transform_styles__hover_enabled=&#8221;on|hover&#8221; transform_scale__hover_enabled=&#8221;on|hover&#8221; transform_translate__hover_enabled=&#8221;on|hover&#8221; transform_rotate__hover_enabled=&#8221;on|hover&#8221; transform_skew__hover_enabled=&#8221;on|hover&#8221; transform_origin__hover_enabled=&#8221;on|hover&#8221; transform_scale__hover=&#8221;110%|110%&#8221;][\/et_pb_blurb][\/et_pb_column][et_pb_column type=&#8221;1_5&#8243; _builder_version=&#8221;4.17.3&#8243; _module_preset=&#8221;default&#8221; global_colors_info=&#8221;{}&#8221;][et_pb_blurb title=&#8221;\u00c9crivain&#8221; url=&#8221;https:\/\/www.patrulrinpoche.net\/fr\/ecrivain\/&#8221; image=&#8221;http:\/\/www.patrulrinpoche.net\/wp-content\/uploads\/2022\/05\/5.-writ.png&#8221; alt=&#8221;\u00c9crivain&#8221; _builder_version=&#8221;4.17.4&#8243; _module_preset=&#8221;default&#8221; header_font=&#8221;|600||on|||||&#8221; header_text_align=&#8221;center&#8221; link_option_url=&#8221;https:\/\/www.patrulrinpoche.net\/fr\/ecrivain\/&#8221; global_colors_info=&#8221;{}&#8221; filter_sepia__hover_enabled=&#8221;on|desktop&#8221; filter_sepia__hover=&#8221;0%&#8221; filter_saturate__hover_enabled=&#8221;on|hover&#8221; filter_saturate__hover=&#8221;100%&#8221; filter_blur__hover_enabled=&#8221;on|hover&#8221; filter_blur__hover=&#8221;0px&#8221; filter_invert__hover_enabled=&#8221;on|hover&#8221; filter_invert__hover=&#8221;0%&#8221; child_filter_brightness__hover_enabled=&#8221;on|hover&#8221; child_filter_brightness__hover=&#8221;100%&#8221; child_filter_blur__hover_enabled=&#8221;on|hover&#8221; child_filter_blur__hover=&#8221;0px&#8221; header_text_color__hover_enabled=&#8221;on|hover&#8221; header_text_color__hover=&#8221;#881719&#8243; transform_styles__hover_enabled=&#8221;on|hover&#8221; transform_scale__hover_enabled=&#8221;on|hover&#8221; transform_translate__hover_enabled=&#8221;on|hover&#8221; transform_rotate__hover_enabled=&#8221;on|hover&#8221; transform_skew__hover_enabled=&#8221;on|hover&#8221; transform_origin__hover_enabled=&#8221;on|hover&#8221; transform_scale__hover=&#8221;110%|110%&#8221;][\/et_pb_blurb][\/et_pb_column][\/et_pb_row][et_pb_row _builder_version=&#8221;4.17.3&#8243; _module_preset=&#8221;default&#8221; global_colors_info=&#8221;{}&#8221;][et_pb_column type=&#8221;4_4&#8243; _builder_version=&#8221;4.17.3&#8243; _module_preset=&#8221;default&#8221; global_colors_info=&#8221;{}&#8221;][et_pb_text _builder_version=&#8221;4.17.4&#8243; _module_preset=&#8221;default&#8221; header_4_font=&#8221;EB Garamond|500|||||||&#8221; header_4_text_align=&#8221;center&#8221; header_4_font_size=&#8221;25px&#8221; custom_padding=&#8221;30px||20px|0px|false|false&#8221; border_width_top=&#8221;1px&#8221; border_color_top=&#8221;#881719&#8243; border_width_bottom=&#8221;1px&#8221; border_color_bottom=&#8221;#881719&#8243; global_colors_info=&#8221;{}&#8221;]<\/p>\n<h4 style=\"text-align: center;\">Pour les \u00eatres sensibles, pauvres et d\u00e9munis,<\/h4>\n<h4 style=\"text-align: center;\">Puiss\u00e9-je devenir un tr\u00e9sor toujours abondant,<\/h4>\n<h4 style=\"text-align: center;\">Et me trouver devant eux, \u00e0 leur port\u00e9e,<\/h4>\n<h4 style=\"text-align: center;\">Une source vari\u00e9e de tout ce dont ils pourraient avoir besoin.<\/h4>\n<p>[\/et_pb_text][et_pb_text _builder_version=&#8221;4.17.3&#8243; _module_preset=&#8221;default&#8221; header_4_font_size=&#8221;20px&#8221; global_colors_info=&#8221;{}&#8221;]<\/p>\n<h4 style=\"text-align: right;\">SHANTIDEVA, LA VOIE DES BODHISATTVAS<\/h4>\n<p>[\/et_pb_text][\/et_pb_column][\/et_pb_row][\/et_pb_section][et_pb_section fb_built=&#8221;1&#8243; fullwidth=&#8221;on&#8221; _builder_version=&#8221;4.17.4&#8243; _module_preset=&#8221;default&#8221; background_color=&#8221;#FFFFFF&#8221; da_disable_devices=&#8221;off|off|off&#8221; global_colors_info=&#8221;{}&#8221; da_is_popup=&#8221;off&#8221; da_exit_intent=&#8221;off&#8221; da_has_close=&#8221;on&#8221; da_alt_close=&#8221;off&#8221; da_dark_close=&#8221;off&#8221; da_not_modal=&#8221;on&#8221; da_is_singular=&#8221;off&#8221; da_with_loader=&#8221;off&#8221; da_has_shadow=&#8221;on&#8221;][et_pb_fullwidth_slider _builder_version=&#8221;4.17.4&#8243; _module_preset=&#8221;default&#8221; background_color=&#8221;#FFFFFF&#8221; custom_button=&#8221;on&#8221; button_bg_color=&#8221;#FFFFFF&#8221; custom_padding=&#8221;92px||92px|||&#8221; auto=&#8221;on&#8221; auto_speed=&#8221;4500&#8243; auto_ignore_hover=&#8221;on&#8221; global_colors_info=&#8221;{}&#8221;][et_pb_slide heading=&#8221;VISION&#8221; button_text=&#8221;EN SAVOIR PLUS&#8221; button_link=&#8221;https:\/\/www.patrulrinpoche.net\/fr\/vision\/&#8221; image=&#8221;http:\/\/www.patrulrinpoche.net\/wp-content\/uploads\/2022\/05\/Georgia_PatrulRinpoche.jpg&#8221; _builder_version=&#8221;4.17.4&#8243; _module_preset=&#8221;default&#8221; header_level=&#8221;h3&#8243; header_font=&#8221;EB Garamond||||||||&#8221; header_text_align=&#8221;center&#8221; background_enable_color=&#8221;off&#8221; custom_button=&#8221;on&#8221; button_text_color=&#8221;#202020&#8243; button_bg_color=&#8221;#FFFFFF&#8221; button_font=&#8221;|600|||||||&#8221; button_alignment=&#8221;center&#8221; text_orientation=&#8221;center&#8221; background_layout=&#8221;light&#8221; link_option_url=&#8221;https:\/\/www.patrulrinpoche.net\/fr\/vision\/&#8221; global_colors_info=&#8221;{}&#8221; sticky_transition=&#8221;on&#8221;]<\/p>\n<p><img loading=\"lazy\" decoding=\"async\" class=\"wp-image-4280 size-full aligncenter\" src=\"http:\/\/www.patrulrinpoche.net\/wp-content\/uploads\/2022\/05\/1.-vis.jpg\" alt=\"vision\" width=\"170\" height=\"170\" srcset=\"https:\/\/www.patrulrinpoche.net\/wp-content\/uploads\/2022\/05\/1.-vis.jpg 170w, https:\/\/www.patrulrinpoche.net\/wp-content\/uploads\/2022\/05\/1.-vis-150x150.jpg 150w\" sizes=\"(max-width: 170px) 100vw, 170px\" \/><\/p>\n<p>L&#8217;une des caract\u00e9ristiques remarquables de l&#8217;activit\u00e9 de Patrul Rinpoche est la durabilit\u00e9 \u00e0 diff\u00e9rents niveaux. Elle est fond\u00e9e sur la grande vision d&#8217;une action qui g\u00e9n\u00e8re des b\u00e9n\u00e9fices, qui profite aux autres.<\/p>\n<p>[\/et_pb_slide][et_pb_slide heading=&#8221;PR\u00c9SERVER LA CULTURE ET LE PATRIMOINE&#8221; button_text=&#8221;EN SAVOIR PLUS&#8221; button_link=&#8221;https:\/\/www.patrulrinpoche.net\/fr\/preserver-la-culture-et-le-patrimoine\/&#8221; image=&#8221;http:\/\/www.patrulrinpoche.net\/wp-content\/uploads\/2022\/05\/sky-Preserving-Dharma-Teachings-Culture-and-Values-2.jpg&#8221; _builder_version=&#8221;4.17.4&#8243; _module_preset=&#8221;default&#8221; header_level=&#8221;h3&#8243; header_font=&#8221;EB Garamond||||||||&#8221; header_text_align=&#8221;center&#8221; background_enable_color=&#8221;off&#8221; custom_button=&#8221;on&#8221; button_text_color=&#8221;#202020&#8243; button_bg_color=&#8221;#FFFFFF&#8221; button_font=&#8221;|600|||||||&#8221; button_alignment=&#8221;center&#8221; text_orientation=&#8221;center&#8221; background_layout=&#8221;light&#8221; link_option_url=&#8221;https:\/\/www.patrulrinpoche.net\/fr\/preserver-la-culture-et-le-patrimoine\/&#8221; global_colors_info=&#8221;{}&#8221; sticky_transition=&#8221;on&#8221;]<\/p>\n<p><img loading=\"lazy\" decoding=\"async\" src=\"http:\/\/www.patrulrinpoche.net\/wp-content\/uploads\/2022\/05\/2.-pres.png\" width=\"170\" height=\"170\" alt=\"Pr\u00e9server la culture et le patrimoine\" class=\"wp-image-4285 alignnone size-full\" style=\"display: block; margin-left: auto; margin-right: auto;\" srcset=\"https:\/\/www.patrulrinpoche.net\/wp-content\/uploads\/2022\/05\/2.-pres.png 170w, https:\/\/www.patrulrinpoche.net\/wp-content\/uploads\/2022\/05\/2.-pres-150x150.png 150w\" sizes=\"(max-width: 170px) 100vw, 170px\" \/><\/p>\n<p>Les pr\u00e9cieux enseignements du Dharma ont besoin plus que jamais de protection et d&#8217;efforts de pr\u00e9servation. Pourquoi ? Gr\u00e2ce au grand Bouddha Shakyamuni, Siddhartha Gautama, les enseignements sont apparus dans ce monde&#8230;<\/p>\n<p>[\/et_pb_slide][et_pb_slide heading=&#8221;ENSEIGNANT&#8221; button_text=&#8221;EN SAVOIR PLUS&#8221; button_link=&#8221;https:\/\/www.patrulrinpoche.net\/fr\/enseignant\/&#8221; image=&#8221;http:\/\/www.patrulrinpoche.net\/wp-content\/uploads\/2022\/05\/Patrul-Rinpoche_buddhism.jpg&#8221; _builder_version=&#8221;4.17.4&#8243; _module_preset=&#8221;default&#8221; header_level=&#8221;h3&#8243; header_font=&#8221;EB Garamond||||||||&#8221; header_text_align=&#8221;center&#8221; background_enable_color=&#8221;off&#8221; custom_button=&#8221;on&#8221; button_text_color=&#8221;#202020&#8243; button_bg_color=&#8221;#FFFFFF&#8221; button_font=&#8221;|600|||||||&#8221; button_alignment=&#8221;center&#8221; text_orientation=&#8221;center&#8221; background_layout=&#8221;light&#8221; link_option_url=&#8221;https:\/\/www.patrulrinpoche.net\/fr\/enseignant\/&#8221; global_colors_info=&#8221;{}&#8221; sticky_transition=&#8221;on&#8221;]<\/p>\n<p><img loading=\"lazy\" decoding=\"async\" src=\"http:\/\/www.patrulrinpoche.net\/wp-content\/uploads\/2022\/05\/3.-teach.png\" width=\"170\" height=\"170\" alt=\"enseignant\" class=\"wp-image-4265 alignnone size-full\" style=\"display: block; margin-left: auto; margin-right: auto;\" srcset=\"https:\/\/www.patrulrinpoche.net\/wp-content\/uploads\/2022\/05\/3.-teach.png 170w, https:\/\/www.patrulrinpoche.net\/wp-content\/uploads\/2022\/05\/3.-teach-150x150.png 150w\" sizes=\"(max-width: 170px) 100vw, 170px\" \/><\/p>\n<p>D\u00e8s que Rinpoche est apparu en Europe, il a commenc\u00e9 \u00e0 enseigner. Il enseignait dans un style informel, en tib\u00e9tain, \u00e0 ceux qui le demandaient. Les gens ont commenc\u00e9 \u00e0 se rassembler autour de lui en Belgique.<\/p>\n<p>[\/et_pb_slide][et_pb_slide heading=&#8221;ARTISTE&#8221; button_text=&#8221;EN SAVOIR PLUS&#8221; button_link=&#8221;https:\/\/www.patrulrinpoche.net\/fr\/artiste\/&#8221; image=&#8221;http:\/\/www.patrulrinpoche.net\/wp-content\/uploads\/2022\/05\/Patrul-Rinpoche_ARTIST.jpg&#8221; _builder_version=&#8221;4.17.4&#8243; _module_preset=&#8221;default&#8221; header_level=&#8221;h3&#8243; header_font=&#8221;EB Garamond||||||||&#8221; header_text_align=&#8221;center&#8221; background_enable_color=&#8221;off&#8221; custom_button=&#8221;on&#8221; button_text_color=&#8221;#202020&#8243; button_bg_color=&#8221;#FFFFFF&#8221; button_font=&#8221;|600|||||||&#8221; button_alignment=&#8221;center&#8221; text_orientation=&#8221;center&#8221; background_layout=&#8221;light&#8221; link_option_url=&#8221;https:\/\/www.patrulrinpoche.net\/fr\/artiste\/&#8221; global_colors_info=&#8221;{}&#8221; sticky_transition=&#8221;on&#8221;]<\/p>\n<p><img loading=\"lazy\" decoding=\"async\" src=\"http:\/\/www.patrulrinpoche.net\/wp-content\/uploads\/2022\/05\/4-art.jpg\" width=\"170\" height=\"170\" alt=\"Artiste\" class=\"wp-image-4270 alignnone size-full\" style=\"display: block; margin-left: auto; margin-right: auto;\" srcset=\"https:\/\/www.patrulrinpoche.net\/wp-content\/uploads\/2022\/05\/4-art.jpg 170w, https:\/\/www.patrulrinpoche.net\/wp-content\/uploads\/2022\/05\/4-art-150x150.jpg 150w\" sizes=\"(max-width: 170px) 100vw, 170px\" \/><\/p>\n<p>Quand on est un artiste, il faut avoir de nombreuses casquettes diff\u00e9rentes ! Et Dzogchen Ranyak Patrul Rinpoche a de nombreuses casquettes. Il a des casquettes de charpentier, de peintre, de designer, d&#8217;ing\u00e9nieur, de tailleur, de scientifique, de constructeur et bien d&#8217;autres encore.<\/p>\n<p>[\/et_pb_slide][et_pb_slide heading=&#8221;\u00c9CRIVAIN&#8221; button_text=&#8221;EN SAVOIR PLUS&#8221; button_link=&#8221;https:\/\/www.patrulrinpoche.net\/fr\/ecrivain\/&#8221; image=&#8221;http:\/\/www.patrulrinpoche.net\/wp-content\/uploads\/2022\/05\/Patrul-Rinpoche_writer.jpg&#8221; _builder_version=&#8221;4.17.4&#8243; _module_preset=&#8221;default&#8221; header_level=&#8221;h3&#8243; header_font=&#8221;EB Garamond||||||||&#8221; header_text_align=&#8221;center&#8221; background_enable_color=&#8221;off&#8221; custom_button=&#8221;on&#8221; button_text_color=&#8221;#202020&#8243; button_bg_color=&#8221;#FFFFFF&#8221; button_font=&#8221;|600|||||||&#8221; button_alignment=&#8221;center&#8221; text_orientation=&#8221;center&#8221; background_layout=&#8221;light&#8221; link_option_url=&#8221;https:\/\/www.patrulrinpoche.net\/fr\/ecrivain\/&#8221; global_colors_info=&#8221;{}&#8221; sticky_transition=&#8221;on&#8221;]<\/p>\n<p><img loading=\"lazy\" decoding=\"async\" src=\"http:\/\/www.patrulrinpoche.net\/wp-content\/uploads\/2022\/05\/5.-writ.png\" width=\"170\" height=\"170\" alt=\"\u00c9crivain\" class=\"wp-image-4275 alignnone size-full\" style=\"display: block; margin-left: auto; margin-right: auto;\" srcset=\"https:\/\/www.patrulrinpoche.net\/wp-content\/uploads\/2022\/05\/5.-writ.png 170w, https:\/\/www.patrulrinpoche.net\/wp-content\/uploads\/2022\/05\/5.-writ-150x150.png 150w\" sizes=\"(max-width: 170px) 100vw, 170px\" \/><\/p>\n<p>La maison d&#8217;\u00e9dition Wisdom Treasury a \u00e9t\u00e9 fond\u00e9e par Patrul Rinpoche en 2005 dans le but premier de publier des textes associ\u00e9s \u00e0 la lign\u00e9e Longchen Nyingthik et au monast\u00e8re Dzogchen.<\/p>\n<p>[\/et_pb_slide][\/et_pb_fullwidth_slider][\/et_pb_section]<\/p>\n","protected":false},"excerpt":{"rendered":"<p>Activit\u00e9sPour les \u00eatres sensibles, pauvres et d\u00e9munis, Puiss\u00e9-je devenir un tr\u00e9sor toujours abondant, Et me trouver devant eux, \u00e0 leur port\u00e9e, Une source vari\u00e9e de tout ce dont ils pourraient avoir besoin.SHANTIDEVA, LA VOIE DES BODHISATTVAS L&#8217;une des caract\u00e9ristiques remarquables de l&#8217;activit\u00e9 de Patrul Rinpoche est la durabilit\u00e9 \u00e0 diff\u00e9rents niveaux. Elle est fond\u00e9e sur [&hellip;]<\/p>\n","protected":false},"author":1,"featured_media":0,"parent":8133,"menu_order":1,"comment_status":"closed","ping_status":"closed","template":"","meta":{"_et_pb_use_builder":"on","_et_pb_old_content":"","_et_gb_content_width":"","footnotes":""},"class_list":["post-7964","page","type-page","status-publish","hentry"],"_links":{"self":[{"href":"https:\/\/www.patrulrinpoche.net\/fr\/wp-json\/wp\/v2\/pages\/7964","targetHints":{"allow":["GET"]}}],"collection":[{"href":"https:\/\/www.patrulrinpoche.net\/fr\/wp-json\/wp\/v2\/pages"}],"about":[{"href":"https:\/\/www.patrulrinpoche.net\/fr\/wp-json\/wp\/v2\/types\/page"}],"author":[{"embeddable":true,"href":"https:\/\/www.patrulrinpoche.net\/fr\/wp-json\/wp\/v2\/users\/1"}],"replies":[{"embeddable":true,"href":"https:\/\/www.patrulrinpoche.net\/fr\/wp-json\/wp\/v2\/comments?post=7964"}],"version-history":[{"count":0,"href":"https:\/\/www.patrulrinpoche.net\/fr\/wp-json\/wp\/v2\/pages\/7964\/revisions"}],"up":[{"embeddable":true,"href":"https:\/\/www.patrulrinpoche.net\/fr\/wp-json\/wp\/v2\/pages\/8133"}],"wp:attachment":[{"href":"https:\/\/www.patrulrinpoche.net\/fr\/wp-json\/wp\/v2\/media?parent=7964"}],"curies":[{"name":"wp","href":"https:\/\/api.w.org\/{rel}","templated":true}]}}