{"id":8063,"date":"2022-07-24T18:12:14","date_gmt":"2022-07-24T16:12:14","guid":{"rendered":"https:\/\/www.patrulrinpoche.net\/rgpd-politique-de-confidentialite-et-cookies\/"},"modified":"2022-07-24T18:18:26","modified_gmt":"2022-07-24T16:18:26","slug":"rgpd-politique-de-confidentialite-et-cookies","status":"publish","type":"page","link":"https:\/\/www.patrulrinpoche.net\/fr\/rgpd-politique-de-confidentialite-et-cookies\/","title":{"rendered":"RGPD, politique de confidentialit\u00e9 et cookies"},"content":{"rendered":"<p>[et_pb_section fb_built=&#8221;1&#8243; _builder_version=&#8221;4.17.4&#8243; _module_preset=&#8221;default&#8221; da_disable_devices=&#8221;off|off|off&#8221; global_colors_info=&#8221;{}&#8221; da_is_popup=&#8221;off&#8221; da_exit_intent=&#8221;off&#8221; da_has_close=&#8221;on&#8221; da_alt_close=&#8221;off&#8221; da_dark_close=&#8221;off&#8221; da_not_modal=&#8221;on&#8221; da_is_singular=&#8221;off&#8221; da_with_loader=&#8221;off&#8221; da_has_shadow=&#8221;on&#8221;][et_pb_row _builder_version=&#8221;4.17.4&#8243; _module_preset=&#8221;default&#8221; global_colors_info=&#8221;{}&#8221;][et_pb_column type=&#8221;4_4&#8243; _builder_version=&#8221;4.17.4&#8243; _module_preset=&#8221;default&#8221; global_colors_info=&#8221;{}&#8221;][et_pb_text _builder_version=&#8221;4.17.4&#8243; _module_preset=&#8221;default&#8221; text_orientation=&#8221;justified&#8221; hover_enabled=&#8221;0&#8243; global_colors_info=&#8221;{}&#8221; sticky_enabled=&#8221;0&#8243;]<\/p>\n<div class=\"et_pb_text et_pb_module et_pb_bg_layout_light et_pb_text_align_justified et_pb_text_1\">\n<div class=\"et_pb_text_inner\">\n<h3 style=\"text-align: left;\">Cher utilisateur du site patrulrinpoche.net,<\/h3>\n<blockquote>\n<p>La protection des informations priv\u00e9es concernant les utilisateurs de notre site web est de la plus haute importance pour nous, c&#8217;est pourquoi nous mettons tout en \u0153uvre pour que vous puissiez vous sentir en s\u00e9curit\u00e9 en naviguant sur nos sites web. Nous ne partageons pas les donn\u00e9es de nos lecteurs ou des personnes qui naviguent sur le site. Nous n&#8217;\u00e9tablissons pas de profil et n&#8217;envoyons pas de bulletins d&#8217;information. Nous utilisons des outils analytiques de base qui sont cens\u00e9s indiquer l&#8217;int\u00e9r\u00eat pour notre site, et non des d\u00e9tails sur les personnes qui le visitent. Nous nous en tenons \u00e9galement au principe de l&#8217;absence de publicit\u00e9 sur nos sites. Si vous en voyez, c&#8217;est une question de param\u00e8tres de votre navigateur. Toutefois, conform\u00e9ment aux exigences de l&#8217;ordonnance europ\u00e9enne, nous pla\u00e7ons toutes les r\u00e8gles plus ou moins n\u00e9cessaires li\u00e9es au RGPD.<\/p>\n<\/blockquote>\n<\/div>\n<\/div>\n<div class=\"et_pb_text et_pb_module et_pb_bg_layout_light et_pb_text_align_justified et_pb_text_2\">\n<div class=\"et_pb_text_inner\">\n<blockquote>\n<h3><strong>Selon l&#8217;art. 13 al. 1 et par. 2 du R\u00e8glement (UE) 2016\/679 du Parlement europ\u00e9en et du Conseil du 27 avril 2016 relatif \u00e0 la protection des personnes physiques \u00e0 l&#8217;\u00e9gard du traitement des donn\u00e9es \u00e0 caract\u00e8re personnel et \u00e0 la libre circulation de ces donn\u00e9es, et abrogeant la directive 95\/46 \/ CE (RODO), nous tenons \u00e0 vous informer que :<\/strong><\/h3>\n<\/blockquote>\n<\/div>\n<\/div>\n<div class=\"et_pb_text et_pb_module et_pb_bg_layout_light et_pb_text_align_justified et_pb_text_3\">\n<div class=\"et_pb_text_inner\">\n<blockquote>\n<p>Le gestionnaire de vos donn\u00e9es personnelles est <strong>Wisdom Treasury SPRL<\/strong> dont le si\u00e8ge social est situ\u00e9 \u00e0 : Rue de Stassart 104, 1050 Bruxelles, NIP\/ VAT: BE0871491748 , mail : <a href=\"mailto:info@wisdomtreasury.com\"><strong>info@wisdomtreasury.com<\/strong><\/a>. L&#8217;administrateur de ce site est \u00e9galement l&#8217;inspecteur de la protection des donn\u00e9es, qui peut \u00eatre contact\u00e9 par \u00e9crit, par courrier traditionnel et par e-mail aux adresses mentionn\u00e9es ci-dessus.<\/p>\n<\/blockquote>\n<\/div>\n<\/div>\n<div class=\"et_pb_text et_pb_module et_pb_bg_layout_light et_pb_text_align_justified et_pb_text_5\">\n<div class=\"et_pb_text_inner\">\n<h3 style=\"text-align: left;\">Politique en mati\u00e8re de cookies<\/h3>\n<\/div>\n<\/div>\n<div class=\"et_pb_text et_pb_module et_pb_bg_layout_light et_pb_text_align_justified et_pb_text_6\">\n<div class=\"et_pb_text_inner\">\n<blockquote>\n<p>Le site patrulrinpoche.net utilise des \u00ab cookies \u00bb. Les cookies sont de petits fichiers qui permettent \u00e0 un dispositif utilis\u00e9 pour naviguer sur Internet (par exemple un ordinateur, un smartphone, etc.) de stocker des informations sp\u00e9cifiques sur le dispositif utilis\u00e9. Les informations enregistr\u00e9es dans les cookies sont utilis\u00e9es, entre autres, \u00e0 des fins publicitaires et statistiques et pour adapter nos services \u00e0 vos besoins individuels. Vous pouvez modifier les param\u00e8tres des cookies dans votre navigateur web. Si ces param\u00e8tres ne sont pas modifi\u00e9s, les cookies seront enregistr\u00e9s dans la m\u00e9moire de l&#8217;appareil. La modification des param\u00e8tres des cookies peut limiter la fonctionnalit\u00e9 du site web.<\/p>\n<\/blockquote>\n<\/div>\n<\/div>\n<div class=\"et_pb_text et_pb_module et_pb_bg_layout_light et_pb_text_align_justified et_pb_text_7\">\n<div class=\"et_pb_text_inner\">\n<h3 style=\"text-align: left;\">Plugin Facebook<\/h3>\n<\/div>\n<\/div>\n<div class=\"et_pb_text et_pb_module et_pb_bg_layout_light et_pb_text_align_justified et_pb_text_8\">\n<div class=\"et_pb_text_inner\">\n<blockquote>\n<p>Notre site contient un plugin pour le r\u00e9seau social Facebook (Facebook Inc., 1601 Willow Road, Menlo Park, California, 94025, USA). Le plugin Facebook sur notre site est marqu\u00e9 par le logo Facebook. Ce plugin vous connecte directement \u00e0 notre profil sur le serveur de Facebook. Facebook peut alors obtenir l&#8217;information que vous avez visit\u00e9 notre site \u00e0 partir de votre adresse IP. Si vous visitez notre site en \u00e9tant connect\u00e9 \u00e0 votre profil Facebook, Facebook enregistre des informations sur cette visite. M\u00eame si vous n&#8217;\u00eates pas connect\u00e9, Facebook est en mesure d&#8217;obtenir des informations sur l&#8217;adresse IP. Nous tenons \u00e0 souligner que Facebook ne nous fournit pas d&#8217;informations sur les donn\u00e9es collect\u00e9es et sur la mani\u00e8re de les utiliser. L&#8217;objectif et la port\u00e9e des donn\u00e9es collect\u00e9es par Facebook ne nous sont pas connus. Afin d&#8217;obtenir des informations suppl\u00e9mentaires sur la confidentialit\u00e9 sur Facebook, nous vous sugg\u00e9rons de contacter directement Facebook ou de lire la politique de confidentialit\u00e9 du portail \u00e0 l&#8217;adresse suivante : <strong><a href=\"https:\/\/www.facebook.com\/about\/privacy\/\">https:\/\/www.facebook.com\/about\/privacy\/<\/a><\/strong>Si vous ne souhaitez pas que Facebook obtienne des informations sur vos visites sur nos sites, nous vous conseillons de vous d\u00e9connecter de votre compte Facebook au pr\u00e9alable.<\/p>\n<\/blockquote>\n<\/div>\n<\/div>\n<div class=\"et_pb_text et_pb_module et_pb_bg_layout_light et_pb_text_align_justified et_pb_text_9\">\n<div class=\"et_pb_text_inner\">\n<h3 style=\"text-align: left;\">Nous envoyer un message \u00e9lectronique\u2026<\/h3>\n<\/div>\n<\/div>\n<div class=\"et_pb_text et_pb_module et_pb_bg_layout_light et_pb_text_align_justified et_pb_text_10\">\n<div class=\"et_pb_text_inner\">\n<blockquote>\n<p>En nous envoyant un message \u00e9lectronique, vous confirmez que l&#8217;adresse \u00e9lectronique \u00e0 laquelle vous \u00e9crivez vous appartient.<\/p>\n<\/blockquote>\n<\/div>\n<\/div>\n<div class=\"et_pb_text et_pb_module et_pb_bg_layout_light et_pb_text_align_justified et_pb_text_11\">\n<div class=\"et_pb_text_inner\">\n<h3 style=\"text-align: left;\">Le droit \u00e0 l&#8217;oubli<\/h3>\n<\/div>\n<\/div>\n<div class=\"et_pb_text et_pb_module et_pb_bg_layout_light et_pb_text_align_justified et_pb_text_12\">\n<div class=\"et_pb_text_inner\">\n<blockquote>\n<p>RODO accorde aux personnes concern\u00e9es un droit de suppression des donn\u00e9es, y compris le droit \u00e0 l&#8217;oubli. Conform\u00e9ment aux dispositions du RODO, une telle personne a le droit, dans les cas d\u00e9crits dans le RGPD, de demander \u00e0 l&#8217;administrateur de supprimer imm\u00e9diatement ses donn\u00e9es personnelles. Afin de supprimer les donn\u00e9es, veuillez contacter l&#8217;administrateur par e-mail.<\/p>\n<\/blockquote>\n<\/div>\n<\/div>\n<div class=\"et_pb_text et_pb_module et_pb_bg_layout_light et_pb_text_align_justified et_pb_text_13\">\n<div class=\"et_pb_text_inner\">\n<h3><strong>Apr\u00e8s avoir lu le texte ci-dessus, veuillez accepter dans la fen\u00eatre pop-up en bas \u00e0 droite de l&#8217;\u00e9cran de la page.<\/strong><\/h3>\n<\/div>\n<\/div>\n<div class=\"et_pb_text et_pb_module et_pb_bg_layout_light et_pb_text_align_justified et_pb_text_14\">\n<div class=\"et_pb_text_inner\">Vous trouverez de plus amples informations sur le RODO \u00e0 l&#8217;adresse suivante : <strong><a href=\"http:\/\/sowiweb.com\/rodo-dla-firm-10-najwazniejszych-informacji\/\" target=\"_blank\" rel=\"noopener noreferrer\">RODO pour les entreprises<\/a><\/strong>.<\/div>\n<\/div>\n<p>[\/et_pb_text][et_pb_button button_url=&#8221;https:\/\/www.patrulrinpoche.net\/fr\/&#8221; button_text=&#8221;ALLER \u00c0 NOTRE PAGE D&#8217;ACCUEIL&#8221; button_alignment=&#8221;center&#8221; _builder_version=&#8221;4.17.4&#8243; _module_preset=&#8221;default&#8221; global_colors_info=&#8221;{}&#8221;][\/et_pb_button][\/et_pb_column][\/et_pb_row][\/et_pb_section]<\/p>\n","protected":false},"excerpt":{"rendered":"<p>Cher utilisateur du site patrulrinpoche.net, La protection des informations priv\u00e9es concernant les utilisateurs de notre site web est de la plus haute importance pour nous, c&#8217;est pourquoi nous mettons tout en \u0153uvre pour que vous puissiez vous sentir en s\u00e9curit\u00e9 en naviguant sur nos sites web. Nous ne partageons pas les donn\u00e9es de nos lecteurs [&hellip;]<\/p>\n","protected":false},"author":21,"featured_media":0,"parent":0,"menu_order":0,"comment_status":"closed","ping_status":"closed","template":"","meta":{"_et_pb_use_builder":"on","_et_pb_old_content":"","_et_gb_content_width":"","footnotes":""},"class_list":["post-8063","page","type-page","status-publish","hentry"],"_links":{"self":[{"href":"https:\/\/www.patrulrinpoche.net\/fr\/wp-json\/wp\/v2\/pages\/8063","targetHints":{"allow":["GET"]}}],"collection":[{"href":"https:\/\/www.patrulrinpoche.net\/fr\/wp-json\/wp\/v2\/pages"}],"about":[{"href":"https:\/\/www.patrulrinpoche.net\/fr\/wp-json\/wp\/v2\/types\/page"}],"author":[{"embeddable":true,"href":"https:\/\/www.patrulrinpoche.net\/fr\/wp-json\/wp\/v2\/users\/21"}],"replies":[{"embeddable":true,"href":"https:\/\/www.patrulrinpoche.net\/fr\/wp-json\/wp\/v2\/comments?post=8063"}],"version-history":[{"count":0,"href":"https:\/\/www.patrulrinpoche.net\/fr\/wp-json\/wp\/v2\/pages\/8063\/revisions"}],"wp:attachment":[{"href":"https:\/\/www.patrulrinpoche.net\/fr\/wp-json\/wp\/v2\/media?parent=8063"}],"curies":[{"name":"wp","href":"https:\/\/api.w.org\/{rel}","templated":true}]}}