{"id":8076,"date":"2022-07-24T20:10:29","date_gmt":"2022-07-24T18:10:29","guid":{"rendered":"https:\/\/www.patrulrinpoche.net\/le-chemin-de-la-grande-perfection\/"},"modified":"2022-07-31T12:04:13","modified_gmt":"2022-07-31T10:04:13","slug":"le-chemin-de-la-grande-perfection","status":"publish","type":"page","link":"https:\/\/www.patrulrinpoche.net\/fr\/le-chemin-de-la-grande-perfection\/","title":{"rendered":"Le chemin de la grande perfection"},"content":{"rendered":"<p>[et_pb_section fb_built=&#8221;1&#8243; _builder_version=&#8221;4.17.4&#8243; _module_preset=&#8221;default&#8221; da_disable_devices=&#8221;off|off|off&#8221; global_colors_info=&#8221;{}&#8221; da_is_popup=&#8221;off&#8221; da_exit_intent=&#8221;off&#8221; da_has_close=&#8221;on&#8221; da_alt_close=&#8221;off&#8221; da_dark_close=&#8221;off&#8221; da_not_modal=&#8221;on&#8221; da_is_singular=&#8221;off&#8221; da_with_loader=&#8221;off&#8221; da_has_shadow=&#8221;on&#8221;][et_pb_row column_structure=&#8221;2_5,3_5&#8243; _builder_version=&#8221;4.16&#8243; background_size=&#8221;initial&#8221; background_position=&#8221;top_left&#8221; background_repeat=&#8221;repeat&#8221; global_colors_info=&#8221;{}&#8221;][et_pb_column type=&#8221;2_5&#8243; _builder_version=&#8221;4.16&#8243; custom_padding=&#8221;|||&#8221; global_colors_info=&#8221;{}&#8221; custom_padding__hover=&#8221;|||&#8221;][et_pb_image src=&#8221;http:\/\/www.patrulrinpoche.net\/wp-content\/uploads\/2022\/06\/Words-of-My-Perfect-Teacher.jpg&#8221; alt=&#8221;Le chemin de la grande perfection&#8221; title_text=&#8221;Le chemin de la grande perfection&#8221; _builder_version=&#8221;4.17.4&#8243; _module_preset=&#8221;default&#8221; global_colors_info=&#8221;{}&#8221;][\/et_pb_image][\/et_pb_column][et_pb_column type=&#8221;3_5&#8243; _builder_version=&#8221;4.16&#8243; custom_padding=&#8221;|||&#8221; global_colors_info=&#8221;{}&#8221; custom_padding__hover=&#8221;|||&#8221;][et_pb_text _builder_version=&#8221;4.17.4&#8243; header_3_font_size=&#8221;36px&#8221; background_size=&#8221;initial&#8221; background_position=&#8221;top_left&#8221; background_repeat=&#8221;repeat&#8221; header_3_font_size_tablet=&#8221;36px&#8221; header_3_font_size_phone=&#8221;30px&#8221; header_3_font_size_last_edited=&#8221;on|phone&#8221; global_colors_info=&#8221;{}&#8221; header_3_font_size__hover_enabled=&#8221;on|desktop&#8221; header_3_font_size__hover=&#8221;36px&#8221;]<\/p>\n<h3><strong>Le chemin de la grande perfection<\/strong><\/h3>\n<p>[\/et_pb_text][et_pb_text _builder_version=&#8221;4.17.4&#8243; header_3_font_size=&#8221;36px&#8221; background_size=&#8221;initial&#8221; background_position=&#8221;top_left&#8221; background_repeat=&#8221;repeat&#8221; text_orientation=&#8221;justified&#8221; hover_enabled=&#8221;0&#8243; header_3_font_size_tablet=&#8221;36px&#8221; header_3_font_size_phone=&#8221;30px&#8221; header_3_font_size_last_edited=&#8221;on|phone&#8221; global_colors_info=&#8221;{}&#8221; header_3_font_size__hover_enabled=&#8221;on|desktop&#8221; header_3_font_size__hover=&#8221;36px&#8221; sticky_enabled=&#8221;0&#8243;]<\/p>\n<p>Compos\u00e9 par le charismatique ma\u00eetre errant <span style=\"color: #ff9900;\"><a href=\"https:\/\/www.patrulrinpoche.net\/fr\/patrul-rinpoche\/biographie\/#Incarnations\" style=\"color: #ff9900;\"><strong>Dza Patrul Rinpoche<\/strong><\/a><\/span> (1808-1887) dans une grotte de retraite de la vall\u00e9e tib\u00e9taine de Dzogchen, Le chemin de la grande perfection est une introduction quintessentielle aux pratiques spirituelles communes \u00e0 toutes les \u00e9coles bouddhistes tib\u00e9taines, dans une combinaison unique de profondeur exceptionnelle et d&#8217;expression color\u00e9e. Bien qu&#8217;il ait \u00e9t\u00e9 \u00e9crit pour les pratiquants du <a href=\"https:\/\/www.patrulrinpoche.net\/fr\/patrul-rinpoche\/lignee-longchen-nyingthig\/\"><span style=\"color: #ff9900;\"><strong>Longchen Nyingthik<\/strong><\/span><\/a> dans la tradition Nyingma, il est directement accessible au lecteur occidental et moderne qui souhaite suivre une voie authentique vers la lib\u00e9ration.<\/p>\n<p>[\/et_pb_text][\/et_pb_column][\/et_pb_row][et_pb_row _builder_version=&#8221;4.17.4&#8243; _module_preset=&#8221;default&#8221; global_colors_info=&#8221;{}&#8221;][et_pb_column type=&#8221;4_4&#8243; _builder_version=&#8221;4.17.4&#8243; _module_preset=&#8221;default&#8221; global_colors_info=&#8221;{}&#8221;][et_pb_text _builder_version=&#8221;4.17.4&#8243; header_3_font_size=&#8221;36px&#8221; background_size=&#8221;initial&#8221; background_position=&#8221;top_left&#8221; background_repeat=&#8221;repeat&#8221; text_orientation=&#8221;justified&#8221; header_3_font_size_tablet=&#8221;36px&#8221; header_3_font_size_phone=&#8221;30px&#8221; header_3_font_size_last_edited=&#8221;on|phone&#8221; global_colors_info=&#8221;{}&#8221; header_3_font_size__hover_enabled=&#8221;on|desktop&#8221; header_3_font_size__hover=&#8221;36px&#8221;]<\/p>\n<p>Pr\u00e9sentant d&#8217;abord une s\u00e9rie de contemplations pr\u00e9liminaires sur des notions universelles telles que l&#8217;impermanence, le karma, la souffrance et l&#8217;amour bienveillant, le livre aborde ensuite les pratiques initiales du Vajrayana, tout en soulignant la n\u00e9cessit\u00e9 de g\u00e9n\u00e9rer et de d\u00e9velopper la compassion comme condition indispensable pour atteindre l\u2019\u00e9veil.<\/p>\n<p>[\/et_pb_text][et_pb_text _builder_version=&#8221;4.17.4&#8243; _module_preset=&#8221;default&#8221; header_4_font=&#8221;EB Garamond|600|||||||&#8221; header_4_font_size=&#8221;21px&#8221; text_orientation=&#8221;justified&#8221; custom_padding=&#8221;50px||0px|0px|false|false&#8221; custom_padding_tablet=&#8221;50px||0px|0px|false|false&#8221; custom_padding_phone=&#8221;40px||||false|false&#8221; custom_padding_last_edited=&#8221;on|phone&#8221; global_colors_info=&#8221;{}&#8221;]<\/p>\n<h4>C&#8217;est ce texte inestimable que commente <a href=\"https:\/\/www.patrulrinpoche.net\/fr\/lopon-tsering-gonpo\/\"><strong><span style=\"color: #ff9900;\">Lop\u00f6n Tsering G\u00f6npo<\/span><\/strong><\/a> pendant ce cours, un enseignant hautement qualifi\u00e9 qui s&#8217;appuie sur sa propre exp\u00e9rience de la m\u00e9ditation et qui a en outre \u00e9t\u00e9 form\u00e9 pour r\u00e9pondre aux besoins sp\u00e9cifiques d&#8217;un public occidental. Il enseigne en anglais, avec des traductions audio pour les langues suivantes <span style=\"color: #ff9900;\"><a href=\"https:\/\/www.youtube.com\/ZangdokPalri\" target=\"_blank\" rel=\"noopener\" style=\"color: #ff9900;\"><strong>anglais<\/strong><\/a><\/span>, <a href=\"https:\/\/mixlr.com\/patrulrinpoche-ru\" target=\"_blank\" rel=\"noopener\"><span style=\"color: #ff9900;\"><strong>russe<\/strong><\/span><\/a>, <a href=\"https:\/\/mixlr.com\/patrulrinpoche-pl\" target=\"_blank\" rel=\"noopener\"><strong><span style=\"color: #ff9900;\">polonais<\/span><\/strong><\/a>, <a href=\"https:\/\/mixlr.com\/patrulrinpoche-fr\" target=\"_blank\" rel=\"noopener\"><strong><span style=\"color: #ff9900;\">fran\u00e7ais<\/span><\/strong><\/a>, <a href=\"https:\/\/mixlr.com\/patrulrinpoche-pt\" target=\"_blank\" rel=\"noopener\"><span style=\"color: #ff9900;\"><strong>portugais<\/strong><\/span><\/a> et <a href=\"https:\/\/www.youtube.com\/SemrigTV\" target=\"_blank\" rel=\"noopener\"><span style=\"color: #ff9900;\"><strong>japonais<\/strong><\/span><\/a>.<\/h4>\n<h4> <\/h4>\n<h4>Les enregistrements des cours pr\u00e9c\u00e9dents sont archiv\u00e9s <a href=\"https:\/\/www.youtube.com\/c\/ZangdokPalri\/playlists\" target=\"_blank\" rel=\"noopener\"><strong><span style=\"color: #ff9900;\">ICI<\/span><\/strong><\/a>.<\/h4>\n<h4> <\/h4>\n<h4>Pour conna\u00eetre les dates des prochains cours, veuillez consulter le <a href=\"https:\/\/www.patrulrinpoche.net\/fr\/etude-pratique\/calendrier\/\"><span style=\"color: #ff9900;\"><strong>CALENDRIER<\/strong><\/span><\/a>.<\/h4>\n<p>[\/et_pb_text][\/et_pb_column][\/et_pb_row][\/et_pb_section][et_pb_section fb_built=&#8221;1&#8243; _builder_version=&#8221;4.17.4&#8243; _module_preset=&#8221;default&#8221; da_disable_devices=&#8221;off|off|off&#8221; global_colors_info=&#8221;{}&#8221; da_is_popup=&#8221;off&#8221; da_exit_intent=&#8221;off&#8221; da_has_close=&#8221;on&#8221; da_alt_close=&#8221;off&#8221; da_dark_close=&#8221;off&#8221; da_not_modal=&#8221;on&#8221; da_is_singular=&#8221;off&#8221; da_with_loader=&#8221;off&#8221; da_has_shadow=&#8221;on&#8221;][et_pb_row _builder_version=&#8221;4.17.4&#8243; _module_preset=&#8221;default&#8221; global_colors_info=&#8221;{}&#8221;][et_pb_column type=&#8221;4_4&#8243; _builder_version=&#8221;4.17.4&#8243; _module_preset=&#8221;default&#8221; global_colors_info=&#8221;{}&#8221;][et_pb_text _builder_version=&#8221;4.17.4&#8243; _module_preset=&#8221;default&#8221; header_3_font=&#8221;EB Garamond|600|||||||&#8221; header_3_font_size=&#8221;36px&#8221; header_3_font_size_tablet=&#8221;&#8221; header_3_font_size_phone=&#8221;30px&#8221; header_3_font_size_last_edited=&#8221;on|phone&#8221; global_colors_info=&#8221;{}&#8221;]<\/p>\n<h3 style=\"text-align: center;\">PLUS DE COURS HEBDOMADAIRES<\/h3>\n<p>[\/et_pb_text][\/et_pb_column][\/et_pb_row][et_pb_row column_structure=&#8221;1_3,1_3,1_3&#8243; _builder_version=&#8221;4.17.4&#8243; _module_preset=&#8221;default&#8221; global_colors_info=&#8221;{}&#8221;][et_pb_column type=&#8221;1_3&#8243; _builder_version=&#8221;4.17.4&#8243; _module_preset=&#8221;default&#8221; global_colors_info=&#8221;{}&#8221;][et_pb_blurb title=&#8221;M\u00c9DITATION&#8221; url=&#8221;https:\/\/www.patrulrinpoche.net\/fr\/etudes-hebdomadaires\/meditation\/&#8221; image=&#8221;http:\/\/www.patrulrinpoche.net\/wp-content\/uploads\/2022\/06\/Meditation.jpg&#8221; alt=&#8221;M\u00e9ditation&#8221; _builder_version=&#8221;4.17.4&#8243; _module_preset=&#8221;default&#8221; header_font=&#8221;EB Garamond|600|||||||&#8221; header_text_align=&#8221;center&#8221; header_font_size=&#8221;24px&#8221; text_orientation=&#8221;justified&#8221; link_option_url=&#8221;https:\/\/www.patrulrinpoche.net\/fr\/etudes-hebdomadaires\/meditation\/&#8221; header_text_align_tablet=&#8221;center&#8221; header_text_align_phone=&#8221;center&#8221; header_text_align_last_edited=&#8221;on|phone&#8221; global_colors_info=&#8221;{}&#8221; filter_brightness__hover_enabled=&#8221;on|hover&#8221; filter_brightness__hover=&#8221;60%&#8221; transform_styles__hover_enabled=&#8221;on|hover&#8221; transform_scale__hover_enabled=&#8221;on|hover&#8221; transform_translate__hover_enabled=&#8221;on|desktop&#8221; transform_rotate__hover_enabled=&#8221;on|desktop&#8221; transform_skew__hover_enabled=&#8221;on|desktop&#8221; transform_origin__hover_enabled=&#8221;on|desktop&#8221; transform_scale__hover=&#8221;110%|110%&#8221;][\/et_pb_blurb][\/et_pb_column][et_pb_column type=&#8221;1_3&#8243; _builder_version=&#8221;4.17.4&#8243; _module_preset=&#8221;default&#8221; global_colors_info=&#8221;{}&#8221;][et_pb_blurb title=&#8221;RIGDZIN D\u00fcPA&#8221; url=&#8221;https:\/\/www.patrulrinpoche.net\/fr\/rigdzin-dupa\/&#8221; image=&#8221;http:\/\/www.patrulrinpoche.net\/wp-content\/uploads\/2022\/06\/Rigdzin-Dupa-1.jpg&#8221; alt=&#8221;Rigdzin D\u00fcpa&#8221; _builder_version=&#8221;4.17.4&#8243; _module_preset=&#8221;default&#8221; header_font=&#8221;EB Garamond|600||on|||||&#8221; header_text_align=&#8221;center&#8221; header_font_size=&#8221;24px&#8221; text_orientation=&#8221;justified&#8221; link_option_url=&#8221;https:\/\/www.patrulrinpoche.net\/fr\/rigdzin-dupa\/&#8221; header_text_align_tablet=&#8221;center&#8221; header_text_align_phone=&#8221;center&#8221; header_text_align_last_edited=&#8221;on|phone&#8221; global_colors_info=&#8221;{}&#8221; filter_brightness__hover_enabled=&#8221;on|hover&#8221; filter_brightness__hover=&#8221;60%&#8221; transform_styles__hover_enabled=&#8221;on|hover&#8221; transform_scale__hover_enabled=&#8221;on|hover&#8221; transform_translate__hover_enabled=&#8221;on|desktop&#8221; transform_rotate__hover_enabled=&#8221;on|desktop&#8221; transform_skew__hover_enabled=&#8221;on|desktop&#8221; transform_origin__hover_enabled=&#8221;on|desktop&#8221; transform_scale__hover=&#8221;110%|110%&#8221;][\/et_pb_blurb][\/et_pb_column][et_pb_column type=&#8221;1_3&#8243; _builder_version=&#8221;4.17.4&#8243; _module_preset=&#8221;default&#8221; global_colors_info=&#8221;{}&#8221;][et_pb_blurb title=&#8221;Entra\u00eenement de l&#8217;esprit&#8221; url=&#8221;https:\/\/www.patrulrinpoche.net\/fr\/entrainement-de-lesprit\/&#8221; image=&#8221;http:\/\/www.patrulrinpoche.net\/wp-content\/uploads\/2022\/06\/Mind-Training.jpg&#8221; alt=&#8221;Entra\u00eenement de l&#8217;esprit&#8221; _builder_version=&#8221;4.17.4&#8243; _module_preset=&#8221;default&#8221; header_font=&#8221;EB Garamond|600||on|||||&#8221; header_text_align=&#8221;center&#8221; header_font_size=&#8221;24px&#8221; text_orientation=&#8221;justified&#8221; link_option_url=&#8221;https:\/\/www.patrulrinpoche.net\/fr\/entrainement-de-lesprit\/&#8221; header_text_align_tablet=&#8221;center&#8221; header_text_align_phone=&#8221;center&#8221; header_text_align_last_edited=&#8221;on|phone&#8221; global_colors_info=&#8221;{}&#8221; filter_brightness__hover_enabled=&#8221;on|hover&#8221; filter_brightness__hover=&#8221;60%&#8221; transform_styles__hover_enabled=&#8221;on|hover&#8221; transform_scale__hover_enabled=&#8221;on|hover&#8221; transform_translate__hover_enabled=&#8221;on|desktop&#8221; transform_rotate__hover_enabled=&#8221;on|desktop&#8221; transform_skew__hover_enabled=&#8221;on|desktop&#8221; transform_origin__hover_enabled=&#8221;on|desktop&#8221; transform_scale__hover=&#8221;110%|110%&#8221;][\/et_pb_blurb][\/et_pb_column][\/et_pb_row][\/et_pb_section]<\/p>\n","protected":false},"excerpt":{"rendered":"<p>Le chemin de la grande perfectionCompos\u00e9 par le charismatique ma\u00eetre errant Dza Patrul Rinpoche (1808-1887) dans une grotte de retraite de la vall\u00e9e tib\u00e9taine de Dzogchen, Le chemin de la grande perfection est une introduction quintessentielle aux pratiques spirituelles communes \u00e0 toutes les \u00e9coles bouddhistes tib\u00e9taines, dans une combinaison unique de profondeur exceptionnelle et d&#8217;expression [&hellip;]<\/p>\n","protected":false},"author":3,"featured_media":0,"parent":0,"menu_order":0,"comment_status":"closed","ping_status":"closed","template":"","meta":{"_et_pb_use_builder":"on","_et_pb_old_content":"","_et_gb_content_width":"","footnotes":""},"class_list":["post-8076","page","type-page","status-publish","hentry"],"_links":{"self":[{"href":"https:\/\/www.patrulrinpoche.net\/fr\/wp-json\/wp\/v2\/pages\/8076","targetHints":{"allow":["GET"]}}],"collection":[{"href":"https:\/\/www.patrulrinpoche.net\/fr\/wp-json\/wp\/v2\/pages"}],"about":[{"href":"https:\/\/www.patrulrinpoche.net\/fr\/wp-json\/wp\/v2\/types\/page"}],"author":[{"embeddable":true,"href":"https:\/\/www.patrulrinpoche.net\/fr\/wp-json\/wp\/v2\/users\/3"}],"replies":[{"embeddable":true,"href":"https:\/\/www.patrulrinpoche.net\/fr\/wp-json\/wp\/v2\/comments?post=8076"}],"version-history":[{"count":0,"href":"https:\/\/www.patrulrinpoche.net\/fr\/wp-json\/wp\/v2\/pages\/8076\/revisions"}],"wp:attachment":[{"href":"https:\/\/www.patrulrinpoche.net\/fr\/wp-json\/wp\/v2\/media?parent=8076"}],"curies":[{"name":"wp","href":"https:\/\/api.w.org\/{rel}","templated":true}]}}