{"id":8139,"date":"2022-07-28T17:39:58","date_gmt":"2022-07-28T15:39:58","guid":{"rendered":"https:\/\/www.patrulrinpoche.net\/rigdzin-dupa\/"},"modified":"2022-07-28T17:42:51","modified_gmt":"2022-07-28T15:42:51","slug":"rigdzin-dupa","status":"publish","type":"page","link":"https:\/\/www.patrulrinpoche.net\/fr\/rigdzin-dupa\/","title":{"rendered":"Rigdzin D\u00fcpa"},"content":{"rendered":"<p>[et_pb_section fb_built=&#8221;1&#8243; _builder_version=&#8221;4.17.4&#8243; _module_preset=&#8221;default&#8221; da_disable_devices=&#8221;off|off|off&#8221; global_colors_info=&#8221;{}&#8221; da_is_popup=&#8221;off&#8221; da_exit_intent=&#8221;off&#8221; da_has_close=&#8221;on&#8221; da_alt_close=&#8221;off&#8221; da_dark_close=&#8221;off&#8221; da_not_modal=&#8221;on&#8221; da_is_singular=&#8221;off&#8221; da_with_loader=&#8221;off&#8221; da_has_shadow=&#8221;on&#8221;][et_pb_row column_structure=&#8221;2_5,3_5&#8243; _builder_version=&#8221;4.16&#8243; background_size=&#8221;initial&#8221; background_position=&#8221;top_left&#8221; background_repeat=&#8221;repeat&#8221; global_colors_info=&#8221;{}&#8221;][et_pb_column type=&#8221;2_5&#8243; _builder_version=&#8221;4.16&#8243; custom_padding=&#8221;|||&#8221; global_colors_info=&#8221;{}&#8221; custom_padding__hover=&#8221;|||&#8221;][et_pb_image src=&#8221;http:\/\/www.patrulrinpoche.net\/wp-content\/uploads\/2022\/06\/Rigdzin-Dupa-1.jpg&#8221; alt=&#8221;Rigdzin D\u00fcpa&#8221; title_text=&#8221;Rigdzin D\u00fcpa (1)&#8221; _builder_version=&#8221;4.17.4&#8243; _module_preset=&#8221;default&#8221; global_colors_info=&#8221;{}&#8221;][\/et_pb_image][\/et_pb_column][et_pb_column type=&#8221;3_5&#8243; _builder_version=&#8221;4.16&#8243; custom_padding=&#8221;|||&#8221; global_colors_info=&#8221;{}&#8221; custom_padding__hover=&#8221;|||&#8221;][et_pb_text _builder_version=&#8221;4.17.4&#8243; header_3_font_size=&#8221;36px&#8221; background_size=&#8221;initial&#8221; background_position=&#8221;top_left&#8221; background_repeat=&#8221;repeat&#8221; header_3_font_size_tablet=&#8221;36px&#8221; header_3_font_size_phone=&#8221;30px&#8221; header_3_font_size_last_edited=&#8221;on|phone&#8221; global_colors_info=&#8221;{}&#8221; header_3_font_size__hover_enabled=&#8221;on|desktop&#8221; header_3_font_size__hover=&#8221;36px&#8221;]<\/p>\n<h3>Sadhana de Rigdzin D\u00fcpa<\/h3>\n<p>[\/et_pb_text][et_pb_text _builder_version=&#8221;4.17.4&#8243; header_3_font_size=&#8221;36px&#8221; background_size=&#8221;initial&#8221; background_position=&#8221;top_left&#8221; background_repeat=&#8221;repeat&#8221; text_orientation=&#8221;justified&#8221; header_3_font_size_tablet=&#8221;36px&#8221; header_3_font_size_phone=&#8221;30px&#8221; header_3_font_size_last_edited=&#8221;on|phone&#8221; global_colors_info=&#8221;{}&#8221; header_3_font_size__hover_enabled=&#8221;on|desktop&#8221; header_3_font_size__hover=&#8221;36px&#8221;]<\/p>\n<p>Rigdzin D\u00fcpa (l&#8217;assembl\u00e9e des vidyadharas) est l&#8217;un des plus importants textes de pratique, issu du cycle d&#8217;enseignements du Longchen Nyingthik et a \u00e9t\u00e9 r\u00e9v\u00e9l\u00e9 par le grand ma\u00eetre Jigme Lingpa. Il s&#8217;agit d&#8217;une pratique de guru int\u00e9rieur centr\u00e9e sur Padmasambhava en tant que d\u00e9it\u00e9 principale. Elle est la source de toutes les b\u00e9n\u00e9dictions et est donc pratiqu\u00e9e par des pratiquants du monde entier. Elle peut \u00eatre effectu\u00e9e comme une pratique quotidienne concise, comme une pratique de tsok le 10e jour du mois lunaire, ou comme une pratique de <span style=\"color: #ff9900;\"><a href=\"https:\/\/www.patrulrinpoche.net\/fr\/etude-pratique\/pratique\/drupchen\/\" style=\"color: #ff9900;\"><strong>drupchen<\/strong><\/a><\/span> intensive avec un certain nombre de branches subsidiaires.<\/p>\n<p>De nombreux enseignants accomplis consid\u00e8rent cette sadhana comme un joyau qui exauce les souhaits, accordant des accomplissements sur le chemin.<\/p>\n<p>[\/et_pb_text][\/et_pb_column][\/et_pb_row][et_pb_row _builder_version=&#8221;4.17.4&#8243; _module_preset=&#8221;default&#8221; global_colors_info=&#8221;{}&#8221;][et_pb_column type=&#8221;4_4&#8243; _builder_version=&#8221;4.17.4&#8243; _module_preset=&#8221;default&#8221; global_colors_info=&#8221;{}&#8221;][et_pb_text _builder_version=&#8221;4.17.4&#8243; header_3_font_size=&#8221;36px&#8221; background_size=&#8221;initial&#8221; background_position=&#8221;top_left&#8221; background_repeat=&#8221;repeat&#8221; text_orientation=&#8221;justified&#8221; header_3_font_size_tablet=&#8221;36px&#8221; header_3_font_size_phone=&#8221;30px&#8221; header_3_font_size_last_edited=&#8221;on|phone&#8221; global_colors_info=&#8221;{}&#8221; header_3_font_size__hover_enabled=&#8221;on|desktop&#8221; header_3_font_size__hover=&#8221;36px&#8221;]<\/p>\n<p>Cependant, il n&#8217;est pas toujours facile d&#8217;acc\u00e9der aux profondeurs de cette pr\u00e9cieuse sadhana et de r\u00e9colter tout le bien qu&#8217;elle peut nous apporter sans \u00eatre guid\u00e9. Par cons\u00e9quent, ce cours hebdomadaire tenu par Lop\u00f6n Tsering G\u00f6npo est une occasion tr\u00e8s pr\u00e9cieuse pour comprendre davantage et obtenir les siddhis qui sont le r\u00e9sultat de cette pratique.<\/p>\n<p>[\/et_pb_text][et_pb_text _builder_version=&#8221;4.17.4&#8243; _module_preset=&#8221;default&#8221; header_4_font=&#8221;EB Garamond|600|||||||&#8221; header_4_font_size=&#8221;21px&#8221; text_orientation=&#8221;justified&#8221; custom_padding=&#8221;50px||0px|0px|false|false&#8221; custom_padding_tablet=&#8221;50px||0px|0px|false|false&#8221; custom_padding_phone=&#8221;40px||||false|false&#8221; custom_padding_last_edited=&#8221;on|phone&#8221; hover_enabled=&#8221;0&#8243; global_colors_info=&#8221;{}&#8221; sticky_enabled=&#8221;0&#8243;]<\/p>\n<h4><a href=\"https:\/\/www.patrulrinpoche.net\/fr\/lopon-tsering-gonpo\/\"><span style=\"color: #ff9900;\"><strong>Lop\u00f6n Tsering G\u00f6npo<\/strong><\/span><\/a> est un enseignant hautement qualifi\u00e9 ; de plus, il a \u00e9t\u00e9 form\u00e9 aux besoins sp\u00e9cifiques d&#8217;un public<\/h4>\n<h4>occidental. Il enseigne en anglais, avec des traductions en <span style=\"color: #ff9900;\"><a href=\"https:\/\/www.youtube.com\/ZangdokPalri\" target=\"_blank\" rel=\"noopener\" style=\"color: #ff9900;\"><strong>anglais<\/strong><\/a><\/span>, <a href=\"https:\/\/mixlr.com\/patrulrinpoche-ru\" target=\"_blank\" rel=\"noopener\"><span style=\"color: #ff9900;\"><strong>russe<\/strong><\/span><\/a>, <a href=\"https:\/\/mixlr.com\/patrulrinpoche-pl\" target=\"_blank\" rel=\"noopener\"><strong><span style=\"color: #ff9900;\">polonais<\/span><\/strong><\/a>, <a href=\"https:\/\/mixlr.com\/patrulrinpoche-fr\" target=\"_blank\" rel=\"noopener\"><strong><span style=\"color: #ff9900;\">fran\u00e7ais<\/span><\/strong><\/a>, <a href=\"https:\/\/mixlr.com\/patrulrinpoche-pt\" target=\"_blank\" rel=\"noopener\"><span style=\"color: #ff9900;\"><strong>portugais<\/strong><\/span><\/a> et <a href=\"https:\/\/www.youtube.com\/SemrigTV\" target=\"_blank\" rel=\"noopener\"><span style=\"color: #ff9900;\"><strong>japonais<\/strong><\/span><\/a>.<\/h4>\n<p>&nbsp;<\/p>\n<h4><\/h4>\n<h4>Le texte sur lequel le cours est bas\u00e9 peut \u00eatre trouv\u00e9 \u00e0 Dharma City et les enregistrements des cours pr\u00e9c\u00e9dents sont<\/h4>\n<h4>archiv\u00e9s <strong><a href=\"https:\/\/www.youtube.com\/watch?v=eRZHLMKNcBY&amp;list=PLBS54w9itguUhDs5q37hXnIte9-myZVYK\" target=\"_blank\" rel=\"noopener\"><span style=\"color: #ff9900;\">ICI<\/span><\/a><\/strong>.<\/h4>\n<h4><\/h4>\n<p>&nbsp;<\/p>\n<h4>Pour conna\u00eetre les dates des prochains cours, veuillez consulter le <a href=\"https:\/\/www.patrulrinpoche.net\/fr\/etude-pratique\/calendrier\/\"><span style=\"color: #ff9900;\"><strong>CALENDRIER<\/strong><\/span><\/a>.<\/h4>\n<p>[\/et_pb_text][\/et_pb_column][\/et_pb_row][\/et_pb_section][et_pb_section fb_built=&#8221;1&#8243; _builder_version=&#8221;4.17.4&#8243; _module_preset=&#8221;default&#8221; da_disable_devices=&#8221;off|off|off&#8221; global_colors_info=&#8221;{}&#8221; da_is_popup=&#8221;off&#8221; da_exit_intent=&#8221;off&#8221; da_has_close=&#8221;on&#8221; da_alt_close=&#8221;off&#8221; da_dark_close=&#8221;off&#8221; da_not_modal=&#8221;on&#8221; da_is_singular=&#8221;off&#8221; da_with_loader=&#8221;off&#8221; da_has_shadow=&#8221;on&#8221;][et_pb_row _builder_version=&#8221;4.17.4&#8243; _module_preset=&#8221;default&#8221; global_colors_info=&#8221;{}&#8221;][et_pb_column type=&#8221;4_4&#8243; _builder_version=&#8221;4.17.4&#8243; _module_preset=&#8221;default&#8221; global_colors_info=&#8221;{}&#8221;][et_pb_text _builder_version=&#8221;4.17.4&#8243; _module_preset=&#8221;default&#8221; header_3_font=&#8221;EB Garamond|600|||||||&#8221; header_3_font_size=&#8221;36px&#8221; header_3_font_size_tablet=&#8221;&#8221; header_3_font_size_phone=&#8221;30px&#8221; header_3_font_size_last_edited=&#8221;on|phone&#8221; global_colors_info=&#8221;{}&#8221;]<\/p>\n<h3 style=\"text-align: center;\">PLUS DE COURS HEBDOMADAIRES<\/h3>\n<p>[\/et_pb_text][\/et_pb_column][\/et_pb_row][et_pb_row column_structure=&#8221;1_3,1_3,1_3&#8243; _builder_version=&#8221;4.17.4&#8243; _module_preset=&#8221;default&#8221; global_colors_info=&#8221;{}&#8221;][et_pb_column type=&#8221;1_3&#8243; _builder_version=&#8221;4.17.4&#8243; _module_preset=&#8221;default&#8221; global_colors_info=&#8221;{}&#8221;][et_pb_blurb title=&#8221;M\u00c9DITATION&#8221; url=&#8221;https:\/\/www.patrulrinpoche.net\/study-practice\/study-programs\/weekly-studies\/meditation\/&#8221; image=&#8221;http:\/\/www.patrulrinpoche.net\/wp-content\/uploads\/2022\/06\/Meditation.jpg&#8221; alt=&#8221;M\u00e9ditation&#8221; _builder_version=&#8221;4.17.4&#8243; _module_preset=&#8221;default&#8221; header_font=&#8221;EB Garamond|600|||||||&#8221; header_text_align=&#8221;center&#8221; header_font_size=&#8221;24px&#8221; text_orientation=&#8221;justified&#8221; link_option_url=&#8221;https:\/\/www.patrulrinpoche.net\/study-practice\/study-programs\/weekly-studies\/meditation\/&#8221; hover_enabled=&#8221;0&#8243; header_text_align_tablet=&#8221;center&#8221; header_text_align_phone=&#8221;center&#8221; header_text_align_last_edited=&#8221;on|phone&#8221; global_colors_info=&#8221;{}&#8221; filter_brightness__hover_enabled=&#8221;on|hover&#8221; filter_brightness__hover=&#8221;60%&#8221; transform_styles__hover_enabled=&#8221;on|hover&#8221; transform_scale__hover_enabled=&#8221;on|hover&#8221; transform_translate__hover_enabled=&#8221;on|desktop&#8221; transform_rotate__hover_enabled=&#8221;on|desktop&#8221; transform_skew__hover_enabled=&#8221;on|desktop&#8221; transform_origin__hover_enabled=&#8221;on|desktop&#8221; transform_scale__hover=&#8221;110%|110%&#8221; sticky_enabled=&#8221;0&#8243;][\/et_pb_blurb][\/et_pb_column][et_pb_column type=&#8221;1_3&#8243; _builder_version=&#8221;4.17.4&#8243; _module_preset=&#8221;default&#8221; global_colors_info=&#8221;{}&#8221;][et_pb_blurb title=&#8221;Entra\u00eenement de l&#8217;esprit&#8221; url=&#8221;https:\/\/www.patrulrinpoche.net\/fr\/entrainement-de-lesprit\/&#8221; image=&#8221;http:\/\/www.patrulrinpoche.net\/wp-content\/uploads\/2022\/06\/Mind-Training.jpg&#8221; alt=&#8221;Entra\u00eenement de l&#8217;esprit&#8221; _builder_version=&#8221;4.17.4&#8243; _module_preset=&#8221;default&#8221; header_font=&#8221;EB Garamond|600||on|||||&#8221; header_text_align=&#8221;center&#8221; header_font_size=&#8221;24px&#8221; text_orientation=&#8221;justified&#8221; link_option_url=&#8221;https:\/\/www.patrulrinpoche.net\/fr\/entrainement-de-lesprit\/&#8221; hover_enabled=&#8221;0&#8243; header_text_align_tablet=&#8221;center&#8221; header_text_align_phone=&#8221;center&#8221; header_text_align_last_edited=&#8221;on|phone&#8221; global_colors_info=&#8221;{}&#8221; filter_brightness__hover_enabled=&#8221;on|hover&#8221; filter_brightness__hover=&#8221;60%&#8221; transform_styles__hover_enabled=&#8221;on|hover&#8221; transform_scale__hover_enabled=&#8221;on|hover&#8221; transform_translate__hover_enabled=&#8221;on|desktop&#8221; transform_rotate__hover_enabled=&#8221;on|desktop&#8221; transform_skew__hover_enabled=&#8221;on|desktop&#8221; transform_origin__hover_enabled=&#8221;on|desktop&#8221; transform_scale__hover=&#8221;110%|110%&#8221; sticky_enabled=&#8221;0&#8243;][\/et_pb_blurb][\/et_pb_column][et_pb_column type=&#8221;1_3&#8243; _builder_version=&#8221;4.17.4&#8243; _module_preset=&#8221;default&#8221; global_colors_info=&#8221;{}&#8221;][et_pb_blurb title=&#8221;Le chemin de la grande perfection&#8221; url=&#8221;https:\/\/www.patrulrinpoche.net\/fr\/le-chemin-de-la-grande-perfection\/&#8221; image=&#8221;http:\/\/www.patrulrinpoche.net\/wp-content\/uploads\/2022\/06\/Words-of-My-Perfect-Teacher.jpg&#8221; alt=&#8221;Le chemin de la grande perfection&#8221; _builder_version=&#8221;4.17.4&#8243; _module_preset=&#8221;default&#8221; header_font=&#8221;EB Garamond|600||on|||||&#8221; header_text_align=&#8221;center&#8221; header_font_size=&#8221;24px&#8221; header_line_height=&#8221;1.2em&#8221; text_orientation=&#8221;justified&#8221; link_option_url=&#8221;https:\/\/www.patrulrinpoche.net\/fr\/le-chemin-de-la-grande-perfection\/&#8221; hover_enabled=&#8221;0&#8243; header_text_align_tablet=&#8221;center&#8221; header_text_align_phone=&#8221;center&#8221; header_text_align_last_edited=&#8221;on|phone&#8221; global_colors_info=&#8221;{}&#8221; filter_brightness__hover_enabled=&#8221;on|hover&#8221; filter_brightness__hover=&#8221;60%&#8221; filter_invert__hover_enabled=&#8221;on|hover&#8221; filter_invert__hover=&#8221;0%&#8221; filter_opacity__hover_enabled=&#8221;on|hover&#8221; filter_opacity__hover=&#8221;100%&#8221; transform_styles__hover_enabled=&#8221;on|hover&#8221; transform_scale__hover_enabled=&#8221;on|hover&#8221; transform_translate__hover_enabled=&#8221;on|hover&#8221; transform_rotate__hover_enabled=&#8221;on|hover&#8221; transform_skew__hover_enabled=&#8221;on|hover&#8221; transform_origin__hover_enabled=&#8221;on|hover&#8221; transform_scale__hover=&#8221;110%|110%&#8221; sticky_enabled=&#8221;0&#8243;][\/et_pb_blurb][\/et_pb_column][\/et_pb_row][\/et_pb_section]<\/p>\n","protected":false},"excerpt":{"rendered":"<p>Sadhana de Rigdzin D\u00fcpaRigdzin D\u00fcpa (l&#8217;assembl\u00e9e des vidyadharas) est l&#8217;un des plus importants textes de pratique, issu du cycle d&#8217;enseignements du Longchen Nyingthik et a \u00e9t\u00e9 r\u00e9v\u00e9l\u00e9 par le grand ma\u00eetre Jigme Lingpa. Il s&#8217;agit d&#8217;une pratique de guru int\u00e9rieur centr\u00e9e sur Padmasambhava en tant que d\u00e9it\u00e9 principale. Elle est la source de toutes les [&hellip;]<\/p>\n","protected":false},"author":3,"featured_media":0,"parent":0,"menu_order":0,"comment_status":"closed","ping_status":"closed","template":"","meta":{"_et_pb_use_builder":"on","_et_pb_old_content":"","_et_gb_content_width":"","footnotes":""},"class_list":["post-8139","page","type-page","status-publish","hentry"],"_links":{"self":[{"href":"https:\/\/www.patrulrinpoche.net\/fr\/wp-json\/wp\/v2\/pages\/8139","targetHints":{"allow":["GET"]}}],"collection":[{"href":"https:\/\/www.patrulrinpoche.net\/fr\/wp-json\/wp\/v2\/pages"}],"about":[{"href":"https:\/\/www.patrulrinpoche.net\/fr\/wp-json\/wp\/v2\/types\/page"}],"author":[{"embeddable":true,"href":"https:\/\/www.patrulrinpoche.net\/fr\/wp-json\/wp\/v2\/users\/3"}],"replies":[{"embeddable":true,"href":"https:\/\/www.patrulrinpoche.net\/fr\/wp-json\/wp\/v2\/comments?post=8139"}],"version-history":[{"count":0,"href":"https:\/\/www.patrulrinpoche.net\/fr\/wp-json\/wp\/v2\/pages\/8139\/revisions"}],"wp:attachment":[{"href":"https:\/\/www.patrulrinpoche.net\/fr\/wp-json\/wp\/v2\/media?parent=8139"}],"curies":[{"name":"wp","href":"https:\/\/api.w.org\/{rel}","templated":true}]}}