{"id":8220,"date":"2022-07-30T23:46:13","date_gmt":"2022-07-30T21:46:13","guid":{"rendered":"https:\/\/www.patrulrinpoche.net\/centres\/"},"modified":"2024-10-05T18:11:05","modified_gmt":"2024-10-05T16:11:05","slug":"centres","status":"publish","type":"page","link":"https:\/\/www.patrulrinpoche.net\/fr\/centres\/","title":{"rendered":"Centres"},"content":{"rendered":"<p>[et_pb_section fb_built=&#8221;1&#8243; _builder_version=&#8221;4.17.4&#8243; _module_preset=&#8221;default&#8221; da_disable_devices=&#8221;off|off|off&#8221; global_colors_info=&#8221;{}&#8221; da_is_popup=&#8221;off&#8221; da_exit_intent=&#8221;off&#8221; da_has_close=&#8221;on&#8221; da_alt_close=&#8221;off&#8221; da_dark_close=&#8221;off&#8221; da_not_modal=&#8221;on&#8221; da_is_singular=&#8221;off&#8221; da_with_loader=&#8221;off&#8221; da_has_shadow=&#8221;on&#8221;][et_pb_row column_structure=&#8221;1_2,1_2&#8243; _builder_version=&#8221;4.17.4&#8243; _module_preset=&#8221;default&#8221; global_colors_info=&#8221;{}&#8221;][et_pb_column type=&#8221;1_2&#8243; _builder_version=&#8221;4.17.4&#8243; _module_preset=&#8221;default&#8221; global_colors_info=&#8221;{}&#8221;][et_pb_image src=&#8221;http:\/\/www.patrulrinpoche.net\/wp-content\/uploads\/2022\/06\/centres.png&#8221; alt=&#8221;centres&#8221; title_text=&#8221;centres&#8221; _builder_version=&#8221;4.17.4&#8243; _module_preset=&#8221;default&#8221; global_colors_info=&#8221;{}&#8221;][\/et_pb_image][\/et_pb_column][et_pb_column type=&#8221;1_2&#8243; _builder_version=&#8221;4.17.4&#8243; _module_preset=&#8221;default&#8221; global_colors_info=&#8221;{}&#8221;][et_pb_text _builder_version=&#8221;4.17.4&#8243; _module_preset=&#8221;default&#8221; header_3_font=&#8221;EB Garamond|600|||||||&#8221; custom_padding=&#8221;60px||0px|0px|false|false&#8221; custom_padding_tablet=&#8221;70px||0px|0px|false|false&#8221; custom_padding_phone=&#8221;0px||||false|false&#8221; custom_padding_last_edited=&#8221;on|phone&#8221; header_3_font_size_tablet=&#8221;&#8221; header_3_font_size_phone=&#8221;21px&#8221; header_3_font_size_last_edited=&#8221;on|phone&#8221; global_colors_info=&#8221;{}&#8221;]<\/p>\n<h3>\u00ab Ce n&#8217;est pas que les bouddhas enseignent dans le nord et qu&#8217;ils ne le font pas dans le sud.<\/h3>\n<h3>Ce n&#8217;est pas qu&#8217;ils envoient leurs b\u00e9n\u00e9dictions \u00e0 l&#8217;ouest mais pas \u00e0 l&#8217;est.<\/h3>\n<h3>Tout comme le soleil brille \u00e9galement sur toute la v\u00e9g\u00e9tation,<\/h3>\n<h3>les bouddhas apportent des bienfaits \u00e0 tous les \u00eatres de mani\u00e8re \u00e9gale. \u00bb<\/h3>\n<p>[\/et_pb_text][et_pb_text disabled_on=&#8221;on|off|off&#8221; _builder_version=&#8221;4.17.4&#8243; _module_preset=&#8221;default&#8221; header_5_font_size=&#8221;20px&#8221; global_colors_info=&#8221;{}&#8221;]<\/p>\n<h5>Dzogchen Ranyak Patrul Rinpoche,<\/h5>\n<h5><\/h5>\n<h5>un commentaire du livre \u00ab Le chemin de la grande perfection \u00bb<\/h5>\n<p>[\/et_pb_text][et_pb_text disabled_on=&#8221;off|on|on&#8221; _builder_version=&#8221;4.17.4&#8243; _module_preset=&#8221;default&#8221; header_5_text_align=&#8221;justify&#8221; header_5_font_size=&#8221;20px&#8221; global_colors_info=&#8221;{}&#8221;]<\/p>\n<h5 style=\"text-align: justify;\">dzogchen ranyak Patrul<\/h5>\n<h5 style=\"text-align: justify;\"><\/h5>\n<h5 style=\"text-align: justify;\">Rinpoche, un commentaire du livre<\/h5>\n<h5 style=\"text-align: justify;\"><\/h5>\n<h5 style=\"text-align: justify;\">\u00ab Le chemin de la grande<\/h5>\n<h5><\/h5>\n<h5>perfection \u00bb<\/h5>\n<p>[\/et_pb_text][\/et_pb_column][\/et_pb_row][et_pb_row _builder_version=&#8221;4.17.4&#8243; _module_preset=&#8221;default&#8221; custom_margin=&#8221;30px||||false|false&#8221; global_colors_info=&#8221;{}&#8221;][et_pb_column type=&#8221;4_4&#8243; _builder_version=&#8221;4.17.4&#8243; _module_preset=&#8221;default&#8221; global_colors_info=&#8221;{}&#8221;][et_pb_divider color=&#8221;#202020&#8243; divider_weight=&#8221;2px&#8221; _builder_version=&#8221;4.17.4&#8243; _module_preset=&#8221;default&#8221; global_colors_info=&#8221;{}&#8221;][\/et_pb_divider][et_pb_text _builder_version=&#8221;4.17.4&#8243; _module_preset=&#8221;default&#8221; header_3_font_size=&#8221;46px&#8221; header_3_font_size_tablet=&#8221;46px&#8221; header_3_font_size_phone=&#8221;30px&#8221; header_3_font_size_last_edited=&#8221;on|phone&#8221; global_colors_info=&#8221;{}&#8221;]<\/p>\n<h3 style=\"text-align: center;\">CENTRES PRINCIPAUX<\/h3>\n<p>[\/et_pb_text][et_pb_text _builder_version=&#8221;4.17.4&#8243; _module_preset=&#8221;default&#8221; text_orientation=&#8221;justified&#8221; global_colors_info=&#8221;{}&#8221;]<\/p>\n<p>Depuis que Rinpoche est venu en Europe, il a \u00e9t\u00e9 invit\u00e9 dans de nombreux endroits pour donner des enseignements. <\/p>\n<p>Certains de ces lieux sont devenus les centres \u00e9tablis de Rinpoche.<\/p>\n<p>[\/et_pb_text][\/et_pb_column][\/et_pb_row][et_pb_row column_structure=&#8221;1_2,1_2&#8243; _builder_version=&#8221;4.17.4&#8243; _module_preset=&#8221;default&#8221; global_colors_info=&#8221;{}&#8221;][et_pb_column type=&#8221;1_2&#8243; _builder_version=&#8221;4.17.4&#8243; _module_preset=&#8221;default&#8221; global_colors_info=&#8221;{}&#8221;][et_pb_blurb title=&#8221;Dharma City Belgique &#8221; use_icon=&#8221;on&#8221; font_icon=&#8221;&#xe081;||divi||400&#8243; icon_color=&#8221;#881719&#8243; image_icon_width=&#8221;70px&#8221; _builder_version=&#8221;4.17.4&#8243; _module_preset=&#8221;default&#8221; header_font=&#8221;|600|||||||&#8221; header_text_align=&#8221;center&#8221; header_font_size=&#8221;26px&#8221; text_orientation=&#8221;center&#8221; global_colors_info=&#8221;{}&#8221;]<\/p>\n<p>Dzogchen Gelek Pelbar Ling<br \/>dharmacity.net<br \/><strong><span style=\"color: #ff9900;\"><a href=\"mailto:info@patrulrinpoche.net\" target=\"_blank\" rel=\"noopener\" style=\"color: #ff9900;\">info@patrulrinpoche.net<\/a><\/span><\/strong><br \/><span style=\"color: #ff9900;\"><strong><a href=\"tel:+32-493-94-95-02\" style=\"color: #ff9900;\">+<span>32 493 94 95 02<\/span><\/a><\/strong><\/span><br \/>300 Rue de Mettet, 5620<br \/>Florennes, Belgique<\/p>\n<p>[\/et_pb_blurb][\/et_pb_column][et_pb_column type=&#8221;1_2&#8243; _builder_version=&#8221;4.17.4&#8243; _module_preset=&#8221;default&#8221; global_colors_info=&#8221;{}&#8221;][et_pb_blurb title=&#8221;Portugal, Lisbonne &#8221; use_icon=&#8221;on&#8221; font_icon=&#8221;&#xe081;||divi||400&#8243; icon_color=&#8221;#881719&#8243; image_icon_width=&#8221;70px&#8221; _builder_version=&#8221;4.17.4&#8243; _module_preset=&#8221;default&#8221; header_font=&#8221;|600|||||||&#8221; header_text_align=&#8221;center&#8221; header_font_size=&#8221;26px&#8221; text_orientation=&#8221;center&#8221; global_colors_info=&#8221;{}&#8221;]<\/p>\n<p>Palgue Nyishar Ling<br \/><a href=\"mailto:Palgue%20Nyishar%20Ling%20info@portugal.patrulrinpoche.net\"><span style=\"color: #ff9900;\"><strong>info@portugal.patrulrinpoche.net<\/strong><\/span><\/a><br \/><a href=\"tel:+351-935-610-893\"><span style=\"color: #ff9900;\"><strong>+351 935 610 893<\/strong><\/span><\/a><\/p>\n<p>[\/et_pb_blurb][et_pb_button button_url=&#8221;https:\/\/www.patrulrinpoche.net\/fr\/centre-au-portugal-2\/&#8221; button_text=&#8221;En savoir plus&#8221; button_alignment=&#8221;center&#8221; _builder_version=&#8221;4.25.1&#8243; _module_preset=&#8221;default&#8221; hover_enabled=&#8221;0&#8243; global_colors_info=&#8221;{}&#8221; sticky_enabled=&#8221;0&#8243;][\/et_pb_button][\/et_pb_column][\/et_pb_row][et_pb_row column_structure=&#8221;1_3,1_3,1_3&#8243; _builder_version=&#8221;4.17.4&#8243; _module_preset=&#8221;default&#8221; global_colors_info=&#8221;{}&#8221;][et_pb_column type=&#8221;1_3&#8243; _builder_version=&#8221;4.17.4&#8243; _module_preset=&#8221;default&#8221; global_colors_info=&#8221;{}&#8221;][et_pb_blurb title=&#8221;Pologne, Varsovie &#8221; use_icon=&#8221;on&#8221; font_icon=&#8221;&#xe081;||divi||400&#8243; icon_color=&#8221;#881719&#8243; image_icon_width=&#8221;70px&#8221; _builder_version=&#8221;4.17.4&#8243; _module_preset=&#8221;default&#8221; header_font=&#8221;|600|||||||&#8221; header_text_align=&#8221;center&#8221; header_font_size=&#8221;26px&#8221; text_orientation=&#8221;center&#8221; global_colors_info=&#8221;{}&#8221;]<\/p>\n<p>Dzogczien Kunzang Cziuling<br \/><a href=\"mailto:sangapatrularinpocze@gmail.com\"><span style=\"color: #ff9900;\"><strong>sangapatrularinpocze@gmail.com<\/strong><\/span><\/a><br \/><a href=\"tel:+32-471-825-675\"><span style=\"color: #ff9900;\"><strong>+32 471 825 675<\/strong><\/span><\/a>, <a href=\"+48-601-365-194\"><span style=\"color: #ff9900;\"><strong>+48 601365194<\/strong><\/span><\/a><\/p>\n<p>[\/et_pb_blurb][et_pb_button button_url=&#8221;https:\/\/www.patrulrinpoche.net\/fr\/poland\/&#8221; button_text=&#8221;En savoir plus&#8221; button_alignment=&#8221;center&#8221; _builder_version=&#8221;4.25.1&#8243; _module_preset=&#8221;default&#8221; global_colors_info=&#8221;{}&#8221;][\/et_pb_button][\/et_pb_column][et_pb_column type=&#8221;1_3&#8243; _builder_version=&#8221;4.17.4&#8243; _module_preset=&#8221;default&#8221; global_colors_info=&#8221;{}&#8221;][et_pb_blurb title=&#8221;Japon, Tokyo &#8221; use_icon=&#8221;on&#8221; font_icon=&#8221;&#xe081;||divi||400&#8243; icon_color=&#8221;#881719&#8243; image_icon_width=&#8221;70px&#8221; _builder_version=&#8221;4.17.4&#8243; _module_preset=&#8221;default&#8221; header_font=&#8221;|600|||||||&#8221; header_text_align=&#8221;center&#8221; header_font_size=&#8221;26px&#8221; text_orientation=&#8221;center&#8221; global_colors_info=&#8221;{}&#8221;]<\/p>\n<p>Dzogchen Dohngak Darje Ling<br \/><a href=\"https:\/\/www.patrulrinpoche.jp\/\"><span style=\"color: #ff9900;\"><strong>www.patrulrinpoche.jp<\/strong><\/span><\/a><br \/><a href=\"mailto:tokyo@dzogchencentre.org\"><span style=\"color: #ff9900;\"><strong>tokyo@dzogchencentre.org<\/strong><\/span><\/a><br \/><a href=\"tel:+81-50-7570-0102\"><span style=\"color: #ff9900;\"><strong>+81 (50) 7570 0102<\/strong><\/span><\/a><\/p>\n<p>[\/et_pb_blurb][\/et_pb_column][et_pb_column type=&#8221;1_3&#8243; _builder_version=&#8221;4.17.4&#8243; _module_preset=&#8221;default&#8221; global_colors_info=&#8221;{}&#8221;][et_pb_blurb title=&#8221;G\u00e9orgie, Tbilisi &#8221; use_icon=&#8221;on&#8221; font_icon=&#8221;&#xe081;||divi||400&#8243; icon_color=&#8221;#881719&#8243; image_icon_width=&#8221;70px&#8221; _builder_version=&#8221;4.17.4&#8243; _module_preset=&#8221;default&#8221; header_font=&#8221;|600|||||||&#8221; header_text_align=&#8221;center&#8221; header_font_size=&#8221;26px&#8221; text_orientation=&#8221;center&#8221; global_colors_info=&#8221;{}&#8221;]<\/p>\n<p>Dhumathala<br \/>Dzogchen Urgyen Shedrup Dudul Ling<br \/>dhumathala.ge<br \/><a href=\"mailto:dhumathala@gmail.com\"><span style=\"color: #ff9900;\"><strong>dhumathala@gmail.com<\/strong><\/span><\/a><br \/><a href=\"tel:+995-599-922-189\"><span style=\"color: #ff9900;\"><strong>+995 599 922 189<\/strong><\/span><\/a><\/p>\n<p>[\/et_pb_blurb][\/et_pb_column][\/et_pb_row][et_pb_row _builder_version=&#8221;4.17.4&#8243; _module_preset=&#8221;default&#8221; global_colors_info=&#8221;{}&#8221;][et_pb_column type=&#8221;4_4&#8243; _builder_version=&#8221;4.17.4&#8243; _module_preset=&#8221;default&#8221; global_colors_info=&#8221;{}&#8221;][et_pb_text _builder_version=&#8221;4.17.4&#8243; _module_preset=&#8221;default&#8221; text_orientation=&#8221;justified&#8221; global_colors_info=&#8221;{}&#8221;]<\/p>\n<p>Diff\u00e9rents cours ont lieu localement et r\u00e9guli\u00e8rement. Pour en savoir plus, contactez les coordinateurs locaux.<\/p>\n<p>[\/et_pb_text][\/et_pb_column][\/et_pb_row][et_pb_row column_structure=&#8221;1_2,1_2&#8243; _builder_version=&#8221;4.17.4&#8243; _module_preset=&#8221;default&#8221; custom_margin=&#8221;-20px||||false|false&#8221; global_colors_info=&#8221;{}&#8221;][et_pb_column type=&#8221;1_2&#8243; _builder_version=&#8221;4.17.4&#8243; _module_preset=&#8221;default&#8221; global_colors_info=&#8221;{}&#8221;][et_pb_text _builder_version=&#8221;4.17.4&#8243; _module_preset=&#8221;default&#8221; text_orientation=&#8221;justified&#8221; global_colors_info=&#8221;{}&#8221;]<\/p>\n<p>Rinpoche offre beaucoup d&#8217;enseignements en ligne.<\/p>\n<p>[\/et_pb_text][\/et_pb_column][et_pb_column type=&#8221;1_2&#8243; _builder_version=&#8221;4.17.4&#8243; _module_preset=&#8221;default&#8221; global_colors_info=&#8221;{}&#8221;][et_pb_button button_url=&#8221;https:\/\/www.patrulrinpoche.net\/fr\/cours-en-ligne\/&#8221; button_text=&#8221;EN SAVOIR PLUS&#8221; _builder_version=&#8221;4.17.4&#8243; _module_preset=&#8221;default&#8221; global_colors_info=&#8221;{}&#8221;][\/et_pb_button][\/et_pb_column][\/et_pb_row][et_pb_row _builder_version=&#8221;4.17.4&#8243; _module_preset=&#8221;default&#8221; global_colors_info=&#8221;{}&#8221;][et_pb_column type=&#8221;4_4&#8243; _builder_version=&#8221;4.17.4&#8243; _module_preset=&#8221;default&#8221; global_colors_info=&#8221;{}&#8221;][et_pb_text _builder_version=&#8221;4.17.4&#8243; _module_preset=&#8221;default&#8221; text_orientation=&#8221;justified&#8221; custom_margin=&#8221;-20px||||false|false&#8221; global_colors_info=&#8221;{}&#8221;]<\/p>\n<p>Les enseignements sont traduits en fran\u00e7ais, russe, polonais, japonais et portugais.<\/p>\n<p>[\/et_pb_text][\/et_pb_column][\/et_pb_row][et_pb_row _builder_version=&#8221;4.17.4&#8243; _module_preset=&#8221;default&#8221; custom_padding=&#8221;||||false|false&#8221; global_colors_info=&#8221;{}&#8221;][et_pb_column type=&#8221;4_4&#8243; _builder_version=&#8221;4.17.4&#8243; _module_preset=&#8221;default&#8221; global_colors_info=&#8221;{}&#8221;][et_pb_text _builder_version=&#8221;4.17.4&#8243; _module_preset=&#8221;default&#8221; global_colors_info=&#8221;{}&#8221;]<\/p>\n<h3><strong>Si vous souhaitez \u00e9couter des enseignements avec traduction dans d&#8217;autres langues :<\/strong><\/h3>\n<p>[\/et_pb_text][\/et_pb_column][\/et_pb_row][et_pb_row column_structure=&#8221;1_5,1_5,1_5,1_5,1_5&#8243; _builder_version=&#8221;4.17.4&#8243; _module_preset=&#8221;default&#8221; global_colors_info=&#8221;{}&#8221;][et_pb_column type=&#8221;1_5&#8243; _builder_version=&#8221;4.17.4&#8243; _module_preset=&#8221;default&#8221; global_colors_info=&#8221;{}&#8221;][et_pb_button button_url=&#8221;https:\/\/www.youtube.com\/user\/DzogchenCentre&#8221; url_new_window=&#8221;on&#8221; button_text=&#8221;Fran\u00e7ais &#8221; button_alignment=&#8221;center&#8221; _builder_version=&#8221;4.17.4&#8243; _module_preset=&#8221;default&#8221; global_colors_info=&#8221;{}&#8221;][\/et_pb_button][\/et_pb_column][et_pb_column type=&#8221;1_5&#8243; _builder_version=&#8221;4.17.4&#8243; _module_preset=&#8221;default&#8221; global_colors_info=&#8221;{}&#8221;][et_pb_button button_url=&#8221;https:\/\/www.youtube.com\/channel\/UC5nKbukHXlg5la5hJ-JxbBA&#8221; url_new_window=&#8221;on&#8221; button_text=&#8221;Polonais&#8221; button_alignment=&#8221;center&#8221; _builder_version=&#8221;4.17.4&#8243; _module_preset=&#8221;default&#8221; global_colors_info=&#8221;{}&#8221;][\/et_pb_button][\/et_pb_column][et_pb_column type=&#8221;1_5&#8243; _builder_version=&#8221;4.17.4&#8243; _module_preset=&#8221;default&#8221; global_colors_info=&#8221;{}&#8221;][et_pb_button button_url=&#8221;https:\/\/www.youtube.com\/c\/Semrig\/&#8221; url_new_window=&#8221;on&#8221; button_text=&#8221;Russe&#8221; button_alignment=&#8221;center&#8221; _builder_version=&#8221;4.17.4&#8243; _module_preset=&#8221;default&#8221; global_colors_info=&#8221;{}&#8221;][\/et_pb_button][\/et_pb_column][et_pb_column type=&#8221;1_5&#8243; _builder_version=&#8221;4.17.4&#8243; _module_preset=&#8221;default&#8221; global_colors_info=&#8221;{}&#8221;][et_pb_button button_url=&#8221;https:\/\/www.youtube.com\/user\/SemrigTV\/&#8221; url_new_window=&#8221;on&#8221; button_text=&#8221;Japonais&#8221; button_alignment=&#8221;center&#8221; _builder_version=&#8221;4.17.4&#8243; _module_preset=&#8221;default&#8221; global_colors_info=&#8221;{}&#8221;][\/et_pb_button][\/et_pb_column][et_pb_column type=&#8221;1_5&#8243; _builder_version=&#8221;4.17.4&#8243; _module_preset=&#8221;default&#8221; global_colors_info=&#8221;{}&#8221;][et_pb_button button_url=&#8221;https:\/\/mixlr.com\/patrulrinpoche-pt\/showreel&#8221; url_new_window=&#8221;on&#8221; button_text=&#8221;Portugais&#8221; button_alignment=&#8221;center&#8221; _builder_version=&#8221;4.17.4&#8243; _module_preset=&#8221;default&#8221; global_colors_info=&#8221;{}&#8221;][\/et_pb_button][\/et_pb_column][\/et_pb_row][et_pb_row _builder_version=&#8221;4.17.4&#8243; _module_preset=&#8221;default&#8221; global_colors_info=&#8221;{}&#8221;][et_pb_column type=&#8221;4_4&#8243; _builder_version=&#8221;4.17.4&#8243; _module_preset=&#8221;default&#8221; global_colors_info=&#8221;{}&#8221;][et_pb_image src=&#8221;http:\/\/www.patrulrinpoche.net\/wp-content\/uploads\/2022\/06\/Patrul-Rinpoche_Shedra2007.jpg&#8221; alt=&#8221;Patrul Rinpoche_Shedra2007&#8243; title_text=&#8221;Patrul Rinpoche_Shedra2007&#8243; _builder_version=&#8221;4.17.4&#8243; _module_preset=&#8221;default&#8221; global_colors_info=&#8221;{}&#8221;][\/et_pb_image][et_pb_text _builder_version=&#8221;4.17.4&#8243; _module_preset=&#8221;default&#8221; global_colors_info=&#8221;{}&#8221;]<\/p>\n<p><span lang=\"en-US\">Shedra cours 2007<\/span><\/p>\n<p>[\/et_pb_text][\/et_pb_column][\/et_pb_row][et_pb_row _builder_version=&#8221;4.17.4&#8243; _module_preset=&#8221;default&#8221; global_colors_info=&#8221;{}&#8221;][et_pb_column type=&#8221;4_4&#8243; _builder_version=&#8221;4.17.4&#8243; _module_preset=&#8221;default&#8221; global_colors_info=&#8221;{}&#8221;][et_pb_text _builder_version=&#8221;4.17.4&#8243; _module_preset=&#8221;default&#8221; header_3_font_size=&#8221;41px&#8221; header_3_font_size_tablet=&#8221;41px&#8221; header_3_font_size_phone=&#8221;30px&#8221; header_3_font_size_last_edited=&#8221;on|phone&#8221; global_colors_info=&#8221;{}&#8221;]<\/p>\n<h3 style=\"text-align: center;\">AUTRES CENTRES<\/h3>\n<p>[\/et_pb_text][et_pb_blurb title=&#8221;Russie, St-Petersbourg &#8221; use_icon=&#8221;on&#8221; font_icon=&#8221;&#xe081;||divi||400&#8243; icon_color=&#8221;#881719&#8243; image_icon_width=&#8221;70px&#8221; _builder_version=&#8221;4.17.4&#8243; _module_preset=&#8221;default&#8221; header_font=&#8221;|600|||||||&#8221; header_text_align=&#8221;center&#8221; header_font_size=&#8221;26px&#8221; text_orientation=&#8221;center&#8221; global_colors_info=&#8221;{}&#8221;]<\/p>\n<p>Dzogchen Dudul Chiiling<br \/>www.nyingmapa.ru<br \/><span style=\"color: #ff9900;\"><a href=\"mailto:kaya@pditgroup.com\" style=\"color: #ff9900;\"><strong>kaya@pditgroup.com<\/strong><\/a><\/span><br \/><a href=\"tel:+7-812-589-23-18\"><strong><span style=\"color: #ff9900;\">+7 (812) 589 23 18<\/span><\/strong><\/a><br \/>fax <a href=\"tel:+7-812-320-00-31\"><strong><span style=\"color: #ff9900;\">+7 (812) 320 00 31<\/span><\/strong><\/a> Russie, Chelyabinsk<br \/>Nyingma Sheddrub Dargyiling<br \/><a href=\"mailto:vadimpitanie@mail.ru\"><span style=\"color: #ff9900;\"><strong>vadimpitanie@mail.ru<\/strong><\/span><\/a> Russie, Moscou<br \/>Dzogchen Jigme Choling<br \/>patrulrinpoche.ru<br \/><a href=\"mailto:a@bugaev.net\"><span style=\"color: #ff9900;\"><strong>a@bugaev.net<\/strong><\/span><\/a>,<br \/><a href=\"mailto:pemarig.ga@gmail.com\"><span style=\"color: #ff9900;\"><strong>pemarig.ga@gmail.com<\/strong><\/span><\/a><\/p>\n<p>[\/et_pb_blurb][et_pb_image src=&#8221;http:\/\/www.patrulrinpoche.net\/wp-content\/uploads\/2022\/06\/buddhist-whell.png&#8221; alt=&#8221;roue bouddhiste&#8221; title_text=&#8221;roue bouddhiste&#8221; align=&#8221;center&#8221; _builder_version=&#8221;4.17.4&#8243; _module_preset=&#8221;default&#8221; global_colors_info=&#8221;{}&#8221;][\/et_pb_image][\/et_pb_column][\/et_pb_row][\/et_pb_section]<\/p>\n","protected":false},"excerpt":{"rendered":"<p>\u00ab Ce n&#8217;est pas que les bouddhas enseignent dans le nord et qu&#8217;ils ne le font pas dans le sud. Ce n&#8217;est pas qu&#8217;ils envoient leurs b\u00e9n\u00e9dictions \u00e0 l&#8217;ouest mais pas \u00e0 l&#8217;est. Tout comme le soleil brille \u00e9galement sur toute la v\u00e9g\u00e9tation, les bouddhas apportent des bienfaits \u00e0 tous les \u00eatres de mani\u00e8re \u00e9gale. [&hellip;]<\/p>\n","protected":false},"author":1,"featured_media":0,"parent":0,"menu_order":4,"comment_status":"closed","ping_status":"closed","template":"","meta":{"_et_pb_use_builder":"on","_et_pb_old_content":"<!-- wp:paragraph -->\r\n<p>coming soon...<\/p>\r\n<!-- \/wp:paragraph -->","_et_gb_content_width":"","footnotes":""},"class_list":["post-8220","page","type-page","status-publish","hentry"],"_links":{"self":[{"href":"https:\/\/www.patrulrinpoche.net\/fr\/wp-json\/wp\/v2\/pages\/8220","targetHints":{"allow":["GET"]}}],"collection":[{"href":"https:\/\/www.patrulrinpoche.net\/fr\/wp-json\/wp\/v2\/pages"}],"about":[{"href":"https:\/\/www.patrulrinpoche.net\/fr\/wp-json\/wp\/v2\/types\/page"}],"author":[{"embeddable":true,"href":"https:\/\/www.patrulrinpoche.net\/fr\/wp-json\/wp\/v2\/users\/1"}],"replies":[{"embeddable":true,"href":"https:\/\/www.patrulrinpoche.net\/fr\/wp-json\/wp\/v2\/comments?post=8220"}],"version-history":[{"count":0,"href":"https:\/\/www.patrulrinpoche.net\/fr\/wp-json\/wp\/v2\/pages\/8220\/revisions"}],"wp:attachment":[{"href":"https:\/\/www.patrulrinpoche.net\/fr\/wp-json\/wp\/v2\/media?parent=8220"}],"curies":[{"name":"wp","href":"https:\/\/api.w.org\/{rel}","templated":true}]}}