{"id":8722,"date":"2022-08-13T08:39:56","date_gmt":"2022-08-13T06:39:56","guid":{"rendered":"https:\/\/www.patrulrinpoche.net\/prieres-de-longue-vie\/"},"modified":"2022-09-02T17:17:02","modified_gmt":"2022-09-02T15:17:02","slug":"prieres-de-longue-vie","status":"publish","type":"page","link":"https:\/\/www.patrulrinpoche.net\/fr\/etude-pratique\/pratique\/prieres-de-longue-vie\/","title":{"rendered":"Pri\u00e8res de longue vie"},"content":{"rendered":"<p>[et_pb_section fb_built=&#8221;1&#8243; _builder_version=&#8221;4.17.4&#8243; _module_preset=&#8221;default&#8221; da_disable_devices=&#8221;off|off|off&#8221; global_colors_info=&#8221;{}&#8221; da_is_popup=&#8221;off&#8221; da_exit_intent=&#8221;off&#8221; da_has_close=&#8221;on&#8221; da_alt_close=&#8221;off&#8221; da_dark_close=&#8221;off&#8221; da_not_modal=&#8221;on&#8221; da_is_singular=&#8221;off&#8221; da_with_loader=&#8221;off&#8221; da_has_shadow=&#8221;on&#8221;][et_pb_row _builder_version=&#8221;4.17.4&#8243; _module_preset=&#8221;default&#8221; global_colors_info=&#8221;{}&#8221;][et_pb_column type=&#8221;4_4&#8243; _builder_version=&#8221;4.17.4&#8243; _module_preset=&#8221;default&#8221; global_colors_info=&#8221;{}&#8221;][et_pb_text _builder_version=&#8221;4.17.4&#8243; _module_preset=&#8221;default&#8221; header_3_font_size=&#8221;50px&#8221; header_3_font_size_tablet=&#8221;50px&#8221; header_3_font_size_phone=&#8221;30px&#8221; header_3_font_size_last_edited=&#8221;on|phone&#8221; global_colors_info=&#8221;{}&#8221;]<\/p>\n<h3><strong>Pri\u00e8res de longue vie pour Patrul Rinpoche<\/strong><\/h3>\n<p>[\/et_pb_text][\/et_pb_column][\/et_pb_row][et_pb_row column_structure=&#8221;1_2,1_2&#8243; _builder_version=&#8221;4.17.4&#8243; _module_preset=&#8221;default&#8221; global_colors_info=&#8221;{}&#8221;][et_pb_column type=&#8221;1_2&#8243; _builder_version=&#8221;4.17.4&#8243; _module_preset=&#8221;default&#8221; global_colors_info=&#8221;{}&#8221;][et_pb_image src=&#8221;http:\/\/www.patrulrinpoche.net\/wp-content\/uploads\/2022\/06\/Amitayus_big_crop.jpg&#8221; alt=&#8221;Amitayus&#8221; title_text=&#8221;Amitayus_big_crop&#8221; _builder_version=&#8221;4.17.4&#8243; _module_preset=&#8221;default&#8221; global_colors_info=&#8221;{}&#8221;][\/et_pb_image][\/et_pb_column][et_pb_column type=&#8221;1_2&#8243; _builder_version=&#8221;4.17.4&#8243; _module_preset=&#8221;default&#8221; global_colors_info=&#8221;{}&#8221;][et_pb_text _builder_version=&#8221;4.17.4&#8243; _module_preset=&#8221;default&#8221; text_orientation=&#8221;justified&#8221; global_colors_info=&#8221;{}&#8221;]<\/p>\n<p><span style=\"color: #333333;\"><strong>Dzogchen Ranyak Patrul Rinpoche a mentionn\u00e9 que nos pri\u00e8res et nos \u00e9tudes continues sont le meilleur moyen de soutenir sa sant\u00e9 et sa force vitale.<\/strong> <\/span>La Sangha de ses \u00e9tudiants a accumul\u00e9 des pri\u00e8res pour sa longue vie depuis 2004, en commen\u00e7ant par un million de r\u00e9citations de dharanis de Tsepame, comme l&#8217;avait sugg\u00e9r\u00e9 Lop\u00f6n Tsering G\u00f6npo. Plus r\u00e9cemment, le ma\u00eetre racine de Patrul Rinpoche, Kyabje Alak Zenkar Rinpoche, a conseill\u00e9 d&#8217;accumuler deux pri\u00e8res pour sa longue vie : A) 10.000 r\u00e9citations des \u2018Seize Ain\u00e9s\u2019 (Neten Changch\u00f6), et B) 1.000 r\u00e9citations de \u2018Menla\u2019, une liturgie compl\u00e8te du Bouddha de la M\u00e9decine compil\u00e9e par Mipham Rinpoche. Ces accumulations ont \u00e9t\u00e9 r\u00e9alis\u00e9es entre septembre et novembre 2020, avec la participation en ligne de tous les \u00e9tudiants du monde entier. Ensuite, Kyabje Rinpoche a conseill\u00e9 d&#8217;accumuler en outre 1.000 fois la \u2018M\u00e9thode pour la d\u00e9dicace aux cr\u00e9anciers karmiques\u2019, ce qui a \u00e9t\u00e9 fait en une seule session.<\/p>\n<p>[\/et_pb_text][\/et_pb_column][\/et_pb_row][et_pb_row _builder_version=&#8221;4.17.4&#8243; _module_preset=&#8221;default&#8221; global_colors_info=&#8221;{}&#8221;][et_pb_column type=&#8221;4_4&#8243; _builder_version=&#8221;4.17.4&#8243; _module_preset=&#8221;default&#8221; global_colors_info=&#8221;{}&#8221;][et_pb_text _builder_version=&#8221;4.17.4&#8243; _module_preset=&#8221;default&#8221; header_3_font_size=&#8221;41px&#8221; header_3_font_size_tablet=&#8221;50px&#8221; header_3_font_size_phone=&#8221;30px&#8221; header_3_font_size_last_edited=&#8221;on|phone&#8221; global_colors_info=&#8221;{}&#8221;]<\/p>\n<h3>Que se passe-t-il maintenant ?<\/h3>\n<p>[\/et_pb_text][et_pb_text _builder_version=&#8221;4.17.4&#8243; _module_preset=&#8221;default&#8221; global_colors_info=&#8221;{}&#8221;]<\/p>\n<p>Pour le moment, nous continuons \u00e0 accumuler la pratique des <span style=\"color: #333333;\"><strong>\u2018Seize A\u00een\u00e9s\u2019 <\/strong><\/span> (Neten Changch\u00f6) pour la longue vie et la bonne sant\u00e9 de Ranyak Patrul Rinpoche. La r\u00e9citation a lieu en ligne. <strong>Tous les dimanches.<\/strong><\/p>\n<p>[\/et_pb_text][et_pb_button button_url=&#8221;https:\/\/www.patrulrinpoche.net\/fr\/calendrier\/&#8221; button_text=&#8221;V\u00c9RIFIER L&#8217;HEURE&#8221; button_alignment=&#8221;center&#8221; _builder_version=&#8221;4.17.4&#8243; _module_preset=&#8221;default&#8221; hover_enabled=&#8221;0&#8243; global_colors_info=&#8221;{}&#8221; sticky_enabled=&#8221;0&#8243;][\/et_pb_button][et_pb_text _builder_version=&#8221;4.17.4&#8243; _module_preset=&#8221;default&#8221; global_colors_info=&#8221;{}&#8221;]<\/p>\n<p>Si vous souhaitez vous joindre \u00e0 nous, veuillez consulter le <a href=\"https:\/\/www.patrulrinpoche.net\/fr\/etude-pratique\/calendrier\/\"><span style=\"color: #ff9900;\"><strong>calendrier <\/strong><\/span><\/a> o\u00f9 tous les d\u00e9tails sont r\u00e9guli\u00e8rement mis \u00e0 jour.<br \/>La pri\u00e8re peut \u00eatre t\u00e9l\u00e9charg\u00e9e <a href=\"https:\/\/drive.google.com\/drive\/folders\/1LZEToSD6ItIz361MT6o1njVv_JseSmEV\" target=\"_blank\" rel=\"noopener\"><span style=\"color: #ff9900;\"><strong>ici<\/strong><\/span><\/a>.<\/p>\n<p>[\/et_pb_text][et_pb_text _builder_version=&#8221;4.17.4&#8243; _module_preset=&#8221;default&#8221; global_colors_info=&#8221;{}&#8221;]<\/p>\n<h3>Nous sommes tr\u00e8s heureux d&#8217;accumuler ces pri\u00e8res tous ensemble, elles apporteront d&#8217;immenses b\u00e9n\u00e9fices !<\/h3>\n<p>[\/et_pb_text][et_pb_button button_url=&#8221;https:\/\/www.patrulrinpoche.net\/fr\/patrul-rinpoche\/&#8221; button_text=&#8221;EN SAVOIR PLUS SUR PATRUL RINPOCHE&#8221; button_alignment=&#8221;center&#8221; _builder_version=&#8221;4.17.4&#8243; _module_preset=&#8221;default&#8221; global_colors_info=&#8221;{}&#8221;][\/et_pb_button][\/et_pb_column][\/et_pb_row][\/et_pb_section]<\/p>\n","protected":false},"excerpt":{"rendered":"<p>Pri\u00e8res de longue vie pour Patrul RinpocheDzogchen Ranyak Patrul Rinpoche a mentionn\u00e9 que nos pri\u00e8res et nos \u00e9tudes continues sont le meilleur moyen de soutenir sa sant\u00e9 et sa force vitale. La Sangha de ses \u00e9tudiants a accumul\u00e9 des pri\u00e8res pour sa longue vie depuis 2004, en commen\u00e7ant par un million de r\u00e9citations de dharanis [&hellip;]<\/p>\n","protected":false},"author":1,"featured_media":0,"parent":9193,"menu_order":4,"comment_status":"closed","ping_status":"closed","template":"","meta":{"_et_pb_use_builder":"on","_et_pb_old_content":"","_et_gb_content_width":"","footnotes":""},"class_list":["post-8722","page","type-page","status-publish","hentry"],"_links":{"self":[{"href":"https:\/\/www.patrulrinpoche.net\/fr\/wp-json\/wp\/v2\/pages\/8722","targetHints":{"allow":["GET"]}}],"collection":[{"href":"https:\/\/www.patrulrinpoche.net\/fr\/wp-json\/wp\/v2\/pages"}],"about":[{"href":"https:\/\/www.patrulrinpoche.net\/fr\/wp-json\/wp\/v2\/types\/page"}],"author":[{"embeddable":true,"href":"https:\/\/www.patrulrinpoche.net\/fr\/wp-json\/wp\/v2\/users\/1"}],"replies":[{"embeddable":true,"href":"https:\/\/www.patrulrinpoche.net\/fr\/wp-json\/wp\/v2\/comments?post=8722"}],"version-history":[{"count":0,"href":"https:\/\/www.patrulrinpoche.net\/fr\/wp-json\/wp\/v2\/pages\/8722\/revisions"}],"up":[{"embeddable":true,"href":"https:\/\/www.patrulrinpoche.net\/fr\/wp-json\/wp\/v2\/pages\/9193"}],"wp:attachment":[{"href":"https:\/\/www.patrulrinpoche.net\/fr\/wp-json\/wp\/v2\/media?parent=8722"}],"curies":[{"name":"wp","href":"https:\/\/api.w.org\/{rel}","templated":true}]}}