{"id":8747,"date":"2022-08-13T16:31:44","date_gmt":"2022-08-13T14:31:44","guid":{"rendered":"https:\/\/www.patrulrinpoche.net\/etude-pratique\/programmes-detudes\/"},"modified":"2022-09-05T08:28:16","modified_gmt":"2022-09-05T06:28:16","slug":"programmes-detudes","status":"publish","type":"page","link":"https:\/\/www.patrulrinpoche.net\/fr\/etude-pratique\/programmes-detudes\/","title":{"rendered":"Programmes d&#8217;\u00e9tudes"},"content":{"rendered":"<p>[et_pb_section fb_built=&#8221;1&#8243; disabled_on=&#8221;off|off|off&#8221; _builder_version=&#8221;4.17.4&#8243; _module_preset=&#8221;default&#8221; background_image=&#8221;http:\/\/www.patrulrinpoche.net\/wp-content\/uploads\/2022\/06\/Study-and-practice_Patrul-Rinpoche.jpg&#8221; custom_padding=&#8221;0px||0px||false|false&#8221; da_disable_devices=&#8221;off|off|off&#8221; global_colors_info=&#8221;{}&#8221; da_is_popup=&#8221;off&#8221; da_exit_intent=&#8221;off&#8221; da_has_close=&#8221;on&#8221; da_alt_close=&#8221;off&#8221; da_dark_close=&#8221;off&#8221; da_not_modal=&#8221;on&#8221; da_is_singular=&#8221;off&#8221; da_with_loader=&#8221;off&#8221; da_has_shadow=&#8221;on&#8221;][et_pb_row _builder_version=&#8221;4.17.3&#8243; _module_preset=&#8221;default&#8221; global_colors_info=&#8221;{}&#8221;][et_pb_column type=&#8221;4_4&#8243; _builder_version=&#8221;4.17.3&#8243; _module_preset=&#8221;default&#8221; global_colors_info=&#8221;{}&#8221;][et_pb_divider show_divider=&#8221;off&#8221; _builder_version=&#8221;4.17.4&#8243; _module_preset=&#8221;default&#8221; custom_margin=&#8221;0px||||false|false&#8221; global_colors_info=&#8221;{}&#8221;][\/et_pb_divider][et_pb_text _builder_version=&#8221;4.17.4&#8243; _module_preset=&#8221;default&#8221; header_4_font=&#8221;EB Garamond|600|||||||&#8221; header_4_text_align=&#8221;left&#8221; header_4_text_color=&#8221;#FFFFFF&#8221; header_4_font_size=&#8221;66px&#8221; background_enable_image=&#8221;off&#8221; custom_padding=&#8221;380px||40px|0px|false|false&#8221; custom_padding_tablet=&#8221;430px||40px|0px|false|false&#8221; custom_padding_phone=&#8221;330px||||false|false&#8221; custom_padding_last_edited=&#8221;on|phone&#8221; hover_enabled=&#8221;0&#8243; header_4_font_size_tablet=&#8221;66px&#8221; header_4_font_size_phone=&#8221;36px&#8221; header_4_font_size_last_edited=&#8221;on|phone&#8221; header_4_text_shadow_style=&#8221;preset1&#8243; border_width_bottom=&#8221;2px&#8221; border_color_bottom=&#8221;#FFFFFF&#8221; global_colors_info=&#8221;{}&#8221; sticky_enabled=&#8221;0&#8243;]<\/p>\n<h4 style=\"text-align: left;\">\u00c9tudes<\/h4>\n<p>[\/et_pb_text][\/et_pb_column][\/et_pb_row][et_pb_row column_structure=&#8221;1_5,1_5,1_5,1_5,1_5&#8243; _builder_version=&#8221;4.17.4&#8243; _module_preset=&#8221;default&#8221; global_colors_info=&#8221;{}&#8221;][et_pb_column type=&#8221;1_5&#8243; _builder_version=&#8221;4.17.4&#8243; _module_preset=&#8221;default&#8221; global_colors_info=&#8221;{}&#8221;][et_pb_text _builder_version=&#8221;4.17.4&#8243; _module_preset=&#8221;default&#8221; header_5_text_color=&#8221;#FFFFFF&#8221; header_5_font_size=&#8221;20px&#8221; custom_margin=&#8221;-30px||||false|false&#8221; link_option_url=&#8221;https:\/\/www.patrulrinpoche.net\/fr\/etude-pratique\/programmes-detudes\/cours-detudes-bouddhistes-generales\/&#8221; header_5_text_shadow_style=&#8221;preset3&#8243; global_colors_info=&#8221;{}&#8221;]<\/p>\n<h5>\u00c9TUDES G\u00c9N\u00c9RALES<\/h5>\n<p>[\/et_pb_text][\/et_pb_column][et_pb_column type=&#8221;1_5&#8243; _builder_version=&#8221;4.17.4&#8243; _module_preset=&#8221;default&#8221; global_colors_info=&#8221;{}&#8221;][et_pb_text _builder_version=&#8221;4.17.4&#8243; _module_preset=&#8221;default&#8221; header_5_text_color=&#8221;#FFFFFF&#8221; header_5_font_size=&#8221;20px&#8221; custom_margin=&#8221;-30px||||false|false&#8221; link_option_url=&#8221;https:\/\/www.patrulrinpoche.net\/fr\/etude-pratique\/programmes-detudes\/cycles-de-shedras\/&#8221; header_5_text_shadow_style=&#8221;preset3&#8243; global_colors_info=&#8221;{}&#8221;]<\/p>\n<h5>SHEDRA AVANC\u00c9E<\/h5>\n<p>[\/et_pb_text][\/et_pb_column][et_pb_column type=&#8221;1_5&#8243; _builder_version=&#8221;4.17.4&#8243; _module_preset=&#8221;default&#8221; global_colors_info=&#8221;{}&#8221;][et_pb_text _builder_version=&#8221;4.17.4&#8243; _module_preset=&#8221;default&#8221; header_5_text_color=&#8221;#FFFFFF&#8221; header_5_font_size=&#8221;20px&#8221; custom_margin=&#8221;-30px||||false|false&#8221; link_option_url=&#8221;https:\/\/www.patrulrinpoche.net\/fr\/etude-pratique\/programmes-detudes\/etudes-hebdomadaires\/&#8221; header_5_text_shadow_style=&#8221;preset3&#8243; global_colors_info=&#8221;{}&#8221;]<\/p>\n<h5>COURS HEBDOMADAIRES<\/h5>\n<p>[\/et_pb_text][\/et_pb_column][et_pb_column type=&#8221;1_5&#8243; _builder_version=&#8221;4.17.4&#8243; _module_preset=&#8221;default&#8221; global_colors_info=&#8221;{}&#8221;][et_pb_text _builder_version=&#8221;4.17.4&#8243; _module_preset=&#8221;default&#8221; header_5_text_color=&#8221;#FFFFFF&#8221; header_5_font_size=&#8221;20px&#8221; custom_margin=&#8221;-30px||||false|false&#8221; link_option_url=&#8221;https:\/\/www.patrulrinpoche.net\/fr\/cours-en-ligne\/&#8221; header_5_text_shadow_style=&#8221;preset3&#8243; global_colors_info=&#8221;{}&#8221;]<\/p>\n<h5>COURS EN LIGNE<\/h5>\n<p>[\/et_pb_text][\/et_pb_column][et_pb_column type=&#8221;1_5&#8243; _builder_version=&#8221;4.17.4&#8243; _module_preset=&#8221;default&#8221; global_colors_info=&#8221;{}&#8221;][et_pb_text _builder_version=&#8221;4.17.4&#8243; _module_preset=&#8221;default&#8221; header_5_text_color=&#8221;#FFFFFF&#8221; header_5_font_size=&#8221;20px&#8221; custom_margin=&#8221;-30px||||false|false&#8221; link_option_url=&#8221;https:\/\/www.patrulrinpoche.net\/fr\/etude-pratique\/programmes-detudes\/autres-cours\/&#8221; header_5_text_shadow_style=&#8221;preset3&#8243; global_colors_info=&#8221;{}&#8221;]<\/p>\n<h5>AUTRES<\/h5>\n<p>[\/et_pb_text][\/et_pb_column][\/et_pb_row][\/et_pb_section][et_pb_section fb_built=&#8221;1&#8243; _builder_version=&#8221;4.17.4&#8243; _module_preset=&#8221;default&#8221; da_disable_devices=&#8221;off|off|off&#8221; global_colors_info=&#8221;{}&#8221; da_is_popup=&#8221;off&#8221; da_exit_intent=&#8221;off&#8221; da_has_close=&#8221;on&#8221; da_alt_close=&#8221;off&#8221; da_dark_close=&#8221;off&#8221; da_not_modal=&#8221;on&#8221; da_is_singular=&#8221;off&#8221; da_with_loader=&#8221;off&#8221; da_has_shadow=&#8221;on&#8221;][et_pb_row _builder_version=&#8221;4.17.4&#8243; _module_preset=&#8221;default&#8221; global_colors_info=&#8221;{}&#8221;][et_pb_column type=&#8221;4_4&#8243; _builder_version=&#8221;4.17.4&#8243; _module_preset=&#8221;default&#8221; global_colors_info=&#8221;{}&#8221;][et_pb_text _builder_version=&#8221;4.17.4&#8243; _module_preset=&#8221;default&#8221; text_orientation=&#8221;justified&#8221; global_colors_info=&#8221;{}&#8221;]<\/p>\n<p>Pour d\u00e9velopper la sagesse, nous devons \u00e9couter, r\u00e9fl\u00e9chir et m\u00e9diter. Les cours d&#8217;\u00e9tude donnent l&#8217;occasion d&#8217;\u00e9couter les enseignements du Dharma. C&#8217;est la premi\u00e8re \u00e9tape et la base de la r\u00e9flexion et de la m\u00e9ditation.<\/p>\n<p>[\/et_pb_text][et_pb_text _builder_version=&#8221;4.17.4&#8243; _module_preset=&#8221;default&#8221; header_5_font=&#8221;Source Sans Pro|700||on|||||&#8221; header_5_font_size=&#8221;18px&#8221; custom_margin=&#8221;30px||||false|false&#8221; custom_padding=&#8221;20px||0px|0px|false|false&#8221; global_colors_info=&#8221;{}&#8221;]<\/p>\n<h5>Par l&#8217;\u00e9coute, nous connaissons les ph\u00e9nom\u00e8nes.<\/h5>\n<h5> <\/h5>\n<h5>Par l&#8217;\u00e9coute, nous nous d\u00e9tournons des mauvaises actions.<\/h5>\n<h5> <\/h5>\n<h5>Par l&#8217;\u00e9coute, nous abandonnons ce qui n&#8217;a pas de sens.<\/h5>\n<h5> <\/h5>\n<h5>Par l&#8217;\u00e9coute, nous atteignons la lib\u00e9ration compl\u00e8te.<\/h5>\n<p>[\/et_pb_text][et_pb_text _builder_version=&#8221;4.17.4&#8243; _module_preset=&#8221;default&#8221; header_5_font=&#8221;Source Sans Pro|||on|||||&#8221; header_5_font_size=&#8221;17px&#8221; custom_margin=&#8221;0px||||false|false&#8221; global_colors_info=&#8221;{}&#8221;]<\/p>\n<h5>Bodhisattvapi\u1e6dakasUtra<\/h5>\n<p>[\/et_pb_text][\/et_pb_column][\/et_pb_row][\/et_pb_section][et_pb_section fb_built=&#8221;1&#8243; fullwidth=&#8221;on&#8221; _builder_version=&#8221;4.17.4&#8243; _module_preset=&#8221;default&#8221; background_color=&#8221;#FFFFFF&#8221; da_disable_devices=&#8221;off|off|off&#8221; global_colors_info=&#8221;{}&#8221; da_is_popup=&#8221;off&#8221; da_exit_intent=&#8221;off&#8221; da_has_close=&#8221;on&#8221; da_alt_close=&#8221;off&#8221; da_dark_close=&#8221;off&#8221; da_not_modal=&#8221;on&#8221; da_is_singular=&#8221;off&#8221; da_with_loader=&#8221;off&#8221; da_has_shadow=&#8221;on&#8221;][et_pb_fullwidth_slider _builder_version=&#8221;4.17.4&#8243; _module_preset=&#8221;default&#8221; background_color=&#8221;#FFFFFF&#8221; custom_button=&#8221;on&#8221; button_bg_color=&#8221;#FFFFFF&#8221; custom_padding=&#8221;92px||92px|||&#8221; auto=&#8221;on&#8221; auto_speed=&#8221;4500&#8243; auto_ignore_hover=&#8221;on&#8221; body_font_size_tablet=&#8221;&#8221; body_font_size_phone=&#8221;19px&#8221; body_font_size_last_edited=&#8221;on|phone&#8221; global_colors_info=&#8221;{}&#8221;][et_pb_slide heading=&#8221;\u00c9tudes g\u00e9n\u00e9rales &#8221; button_text=&#8221;EN SAVOIR PLUS&#8221; button_link=&#8221;https:\/\/www.patrulrinpoche.net\/fr\/etude-pratique\/programmes-detudes\/cours-detudes-bouddhistes-generales\/&#8221; image=&#8221;http:\/\/www.patrulrinpoche.net\/wp-content\/uploads\/2022\/06\/Buddhist-Studies_general-studies.jpg&#8221; _builder_version=&#8221;4.17.4&#8243; _module_preset=&#8221;default&#8221; header_level=&#8221;h3&#8243; header_font=&#8221;EB Garamond||||||||&#8221; header_text_align=&#8221;center&#8221; background_enable_color=&#8221;off&#8221; custom_button=&#8221;on&#8221; button_text_color=&#8221;#202020&#8243; button_bg_color=&#8221;#FFFFFF&#8221; button_font=&#8221;|600|||||||&#8221; button_alignment=&#8221;center&#8221; text_orientation=&#8221;center&#8221; background_layout=&#8221;light&#8221; link_option_url=&#8221;https:\/\/www.patrulrinpoche.net\/fr\/etude-pratique\/programmes-detudes\/cours-detudes-bouddhistes-generales\/&#8221; global_colors_info=&#8221;{}&#8221; sticky_transition=&#8221;on&#8221;]<\/p>\n<p>Les <strong>cours d&#8217;\u00e9tude g\u00e9n\u00e9rale du bouddhisme<\/strong> et les <strong>retraites d&#8217;hiver<\/strong> sont destin\u00e9s \u00e0 ceux qui souhaitent \u00eatre guid\u00e9s dans leur \u00e9tude du bouddhisme et acqu\u00e9rir des connaissances g\u00e9n\u00e9rales.<br \/>Ces \u00e9tudes-retraites sont ouvertes \u00e0 tous. Pendant ces cours, Patrul Rinpoche enseigne des aspects importants de la philosophie et de la pratique bouddhistes.<\/p>\n<p>[\/et_pb_slide][et_pb_slide heading=&#8221;Avanc\u00e9s&#8221; button_text=&#8221;EN SAVOIR PLUS&#8221; button_link=&#8221;https:\/\/www.patrulrinpoche.net\/fr\/etude-pratique\/programmes-detudes\/cycles-de-shedras\/&#8221; image=&#8221;http:\/\/www.patrulrinpoche.net\/wp-content\/uploads\/2022\/06\/Buddhist-Studies_advanced-studies.jpg&#8221; _builder_version=&#8221;4.17.4&#8243; _module_preset=&#8221;default&#8221; header_level=&#8221;h3&#8243; header_font=&#8221;EB Garamond||||||||&#8221; header_text_align=&#8221;center&#8221; background_enable_color=&#8221;off&#8221; custom_button=&#8221;on&#8221; button_text_color=&#8221;#202020&#8243; button_bg_color=&#8221;#FFFFFF&#8221; button_font=&#8221;|600|||||||&#8221; button_alignment=&#8221;center&#8221; text_orientation=&#8221;center&#8221; background_layout=&#8221;light&#8221; link_option_url=&#8221;https:\/\/www.patrulrinpoche.net\/fr\/etude-pratique\/programmes-detudes\/cycles-de-shedras\/&#8221; global_colors_info=&#8221;{}&#8221; sticky_transition=&#8221;on&#8221;]<\/p>\n<p>Le cours de six ans pour les pratiquants de Dzogchen a \u00e9t\u00e9 con\u00e7u comme un cadre plus appropri\u00e9 pour les \u00e9tudiants qui souhaitent approfondir et \u00e9largir la port\u00e9e de leur \u00e9tude et de leur pratique du bouddhisme, et qui souhaitent s&#8217;engager dans un programme d&#8217;\u00e9tude et de pratique intensive.<\/p>\n<p>[\/et_pb_slide][et_pb_slide heading=&#8221;Cours hebdomadaires&#8221; button_text=&#8221;EN SAVOIR PLUS&#8221; button_link=&#8221;https:\/\/www.patrulrinpoche.net\/fr\/etude-pratique\/programmes-detudes\/etudes-hebdomadaires\/&#8221; image=&#8221;http:\/\/www.patrulrinpoche.net\/wp-content\/uploads\/2022\/06\/Buddhist-Studies_weekly-courses.jpg&#8221; _builder_version=&#8221;4.17.4&#8243; _module_preset=&#8221;default&#8221; header_level=&#8221;h3&#8243; header_font=&#8221;EB Garamond||||||||&#8221; header_text_align=&#8221;center&#8221; background_enable_color=&#8221;off&#8221; custom_button=&#8221;on&#8221; button_text_color=&#8221;#202020&#8243; button_bg_color=&#8221;#FFFFFF&#8221; button_font=&#8221;|600|||||||&#8221; button_alignment=&#8221;center&#8221; text_orientation=&#8221;center&#8221; background_layout=&#8221;light&#8221; link_option_url=&#8221;https:\/\/www.patrulrinpoche.net\/fr\/etude-pratique\/programmes-detudes\/etudes-hebdomadaires\/&#8221; global_colors_info=&#8221;{}&#8221; sticky_transition=&#8221;on&#8221;]<\/p>\n<p>L&#8217;Institut Zangdok Palri propose une s\u00e9rie de cours hebdomadaires auxquels il est possible d&#8217;assister en direct ou en \u00e9coutant les enregistrements. Les enseignements sont ouverts \u00e0 toutes les personnes,<br \/>qu&#8217;elles soient d\u00e9butantes ou exp\u00e9riment\u00e9es dans la m\u00e9ditation ou la pratique, qui cherchent un chemin authentique au milieu de leurs obligations familiales et professionnelles.<\/p>\n<p>[\/et_pb_slide][et_pb_slide heading=&#8221;Cours en ligne&#8221; button_text=&#8221;EN SAVOIR PLUS&#8221; button_link=&#8221;https:\/\/www.patrulrinpoche.net\/fr\/cours-en-ligne\/&#8221; image=&#8221;http:\/\/www.patrulrinpoche.net\/wp-content\/uploads\/2022\/06\/Buddhist-Studies_online-courses.jpg&#8221; _builder_version=&#8221;4.17.4&#8243; _module_preset=&#8221;default&#8221; header_level=&#8221;h3&#8243; header_font=&#8221;EB Garamond||||||||&#8221; header_text_align=&#8221;center&#8221; background_enable_color=&#8221;off&#8221; custom_button=&#8221;on&#8221; button_text_color=&#8221;#202020&#8243; button_bg_color=&#8221;#FFFFFF&#8221; button_font=&#8221;|600|||||||&#8221; button_alignment=&#8221;center&#8221; text_orientation=&#8221;center&#8221; background_layout=&#8221;light&#8221; link_option_url=&#8221;https:\/\/www.patrulrinpoche.net\/fr\/cours-en-ligne\/&#8221; global_colors_info=&#8221;{}&#8221; sticky_transition=&#8221;on&#8221;]<\/p>\n<p>En raison de la pand\u00e9mie de Covid 19, Patrul Rinpoche a accept\u00e9 de donner des enseignements en ligne et souhaite continuer \u00e0 le faire m\u00eame dans un avenir meilleur. Ces enseignements sont ouverts \u00e0 tous, gratuits et traduits simultan\u00e9ment dans d&#8217;autres langues.<\/p>\n<p>[\/et_pb_slide][et_pb_slide heading=&#8221;Autres cours&#8221; button_text=&#8221;EN SAVOIR PLUS&#8221; button_link=&#8221;https:\/\/www.patrulrinpoche.net\/fr\/etude-pratique\/programmes-detudes\/autres-cours\/&#8221; image=&#8221;http:\/\/www.patrulrinpoche.net\/wp-content\/uploads\/2022\/06\/Buddhist-Studies_additional-courses.jpg&#8221; _builder_version=&#8221;4.17.4&#8243; _module_preset=&#8221;default&#8221; header_level=&#8221;h3&#8243; header_font=&#8221;EB Garamond||||||||&#8221; header_text_align=&#8221;center&#8221; background_enable_color=&#8221;off&#8221; custom_button=&#8221;on&#8221; button_text_color=&#8221;#202020&#8243; button_bg_color=&#8221;#FFFFFF&#8221; button_font=&#8221;|600|||||||&#8221; button_alignment=&#8221;center&#8221; text_orientation=&#8221;center&#8221; background_layout=&#8221;light&#8221; link_option_url=&#8221;https:\/\/www.patrulrinpoche.net\/fr\/etude-pratique\/programmes-detudes\/autres-cours\/&#8221; global_colors_info=&#8221;{}&#8221; sticky_transition=&#8221;on&#8221;]<\/p>\n<p>Retraite de b\u00e9n\u00e9voles, cours de langue tib\u00e9taine et autres.<\/p>\n<p>[\/et_pb_slide][\/et_pb_fullwidth_slider][\/et_pb_section][et_pb_section fb_built=&#8221;1&#8243; _builder_version=&#8221;4.17.4&#8243; _module_preset=&#8221;default&#8221; da_disable_devices=&#8221;off|off|off&#8221; global_colors_info=&#8221;{}&#8221; da_is_popup=&#8221;off&#8221; da_exit_intent=&#8221;off&#8221; da_has_close=&#8221;on&#8221; da_alt_close=&#8221;off&#8221; da_dark_close=&#8221;off&#8221; da_not_modal=&#8221;on&#8221; da_is_singular=&#8221;off&#8221; da_with_loader=&#8221;off&#8221; da_has_shadow=&#8221;on&#8221;][et_pb_row _builder_version=&#8221;4.17.4&#8243; _module_preset=&#8221;default&#8221; global_colors_info=&#8221;{}&#8221;][et_pb_column type=&#8221;4_4&#8243; _builder_version=&#8221;4.17.4&#8243; _module_preset=&#8221;default&#8221; global_colors_info=&#8221;{}&#8221;][et_pb_text _builder_version=&#8221;4.17.4&#8243; _module_preset=&#8221;default&#8221; header_3_font=&#8221;EB Garamond|600|||||||&#8221; header_3_font_size=&#8221;38px&#8221; header_3_font_size_tablet=&#8221;38px&#8221; header_3_font_size_phone=&#8221;30px&#8221; header_3_font_size_last_edited=&#8221;on|phone&#8221; global_colors_info=&#8221;{}&#8221;]<\/p>\n<h3>Quel cours souhaitez-vous rejoindre en premier ?<\/h3>\n<p>[\/et_pb_text][et_pb_text _builder_version=&#8221;4.17.4&#8243; _module_preset=&#8221;default&#8221; header_3_font=&#8221;EB Garamond|600|||||||&#8221; header_3_font_size=&#8221;38px&#8221; header_4_font_size=&#8221;21px&#8221; text_orientation=&#8221;justified&#8221; header_3_font_size_tablet=&#8221;38px&#8221; header_3_font_size_phone=&#8221;30px&#8221; header_3_font_size_last_edited=&#8221;on|phone&#8221; global_colors_info=&#8221;{}&#8221;]<\/p>\n<h4 style=\"text-align: left;\"><strong>AU MOMENT DE L&#8217;ENSEIGNEMENT<\/strong><\/h4>\n<p>Pendant le cours d&#8217;\u00e9tude, au cours de diff\u00e9rentes s\u00e9ances r\u00e9parties dans la journ\u00e9e, l&#8217;enseignant explique le sens du texte ligne par ligne. Plus important encore, il indique comment le texte peut \u00eatre adapt\u00e9 \u00e0 la vie occidentale moderne et \u00e0 la m\u00e9ditation. En g\u00e9n\u00e9ral, \u00e0 la fin de la conf\u00e9rence, les participants ont le temps de poser des questions. Les participants sont les bienvenus pour clarifier leur compr\u00e9hension et poser d&#8217;autres questions sur le sujet abord\u00e9.<\/p>\n<p>Au centre de Patrul Rinpoche, les anciens textes bouddhistes ne sont pas \u00e9tudi\u00e9s pour leur valeur litt\u00e9raire, historique ou culturelle. <strong>Leur sagesse est analys\u00e9e et discut\u00e9e pour aider les gens ordinaires comme vous et moi \u00e0 devenir des personnes plus heureuses, plus paisibles et plus utiles.<\/strong><\/p>\n<p>[\/et_pb_text][\/et_pb_column][\/et_pb_row][et_pb_row column_structure=&#8221;1_2,1_2&#8243; _builder_version=&#8221;4.17.4&#8243; _module_preset=&#8221;default&#8221; global_colors_info=&#8221;{}&#8221;][et_pb_column type=&#8221;1_2&#8243; _builder_version=&#8221;4.17.4&#8243; _module_preset=&#8221;default&#8221; global_colors_info=&#8221;{}&#8221;][et_pb_text _builder_version=&#8221;4.17.4&#8243; _module_preset=&#8221;default&#8221; header_3_font_size=&#8221;40px&#8221; header_3_font_size_tablet=&#8221;40px&#8221; header_3_font_size_phone=&#8221;30px&#8221; header_3_font_size_last_edited=&#8221;on|phone&#8221; global_colors_info=&#8221;{}&#8221;]<\/p>\n<h3>Vous voulez en savoir plus ?<\/h3>\n<p>[\/et_pb_text][\/et_pb_column][et_pb_column type=&#8221;1_2&#8243; _builder_version=&#8221;4.17.4&#8243; _module_preset=&#8221;default&#8221; global_colors_info=&#8221;{}&#8221;][et_pb_button button_url=&#8221;https:\/\/www.patrulrinpoche.net\/study-practice\/practice\/&#8221; button_text=&#8221;ALLER \u00c0 LA PRATIQUE&#8221; _builder_version=&#8221;4.17.4&#8243; _module_preset=&#8221;default&#8221; global_colors_info=&#8221;{}&#8221;][\/et_pb_button][\/et_pb_column][\/et_pb_row][\/et_pb_section]<\/p>\n","protected":false},"excerpt":{"rendered":"<p>\u00c9tudes\u00c9TUDES G\u00c9N\u00c9RALESSHEDRA AVANC\u00c9ECOURS HEBDOMADAIRESCOURS EN LIGNEAUTRESPour d\u00e9velopper la sagesse, nous devons \u00e9couter, r\u00e9fl\u00e9chir et m\u00e9diter. Les cours d&#8217;\u00e9tude donnent l&#8217;occasion d&#8217;\u00e9couter les enseignements du Dharma. C&#8217;est la premi\u00e8re \u00e9tape et la base de la r\u00e9flexion et de la m\u00e9ditation.Par l&#8217;\u00e9coute, nous connaissons les ph\u00e9nom\u00e8nes. Par l&#8217;\u00e9coute, nous nous d\u00e9tournons des mauvaises actions. Par l&#8217;\u00e9coute, nous [&hellip;]<\/p>\n","protected":false},"author":1,"featured_media":0,"parent":8682,"menu_order":3,"comment_status":"closed","ping_status":"closed","template":"","meta":{"_et_pb_use_builder":"on","_et_pb_old_content":"","_et_gb_content_width":"","footnotes":""},"class_list":["post-8747","page","type-page","status-publish","hentry"],"_links":{"self":[{"href":"https:\/\/www.patrulrinpoche.net\/fr\/wp-json\/wp\/v2\/pages\/8747","targetHints":{"allow":["GET"]}}],"collection":[{"href":"https:\/\/www.patrulrinpoche.net\/fr\/wp-json\/wp\/v2\/pages"}],"about":[{"href":"https:\/\/www.patrulrinpoche.net\/fr\/wp-json\/wp\/v2\/types\/page"}],"author":[{"embeddable":true,"href":"https:\/\/www.patrulrinpoche.net\/fr\/wp-json\/wp\/v2\/users\/1"}],"replies":[{"embeddable":true,"href":"https:\/\/www.patrulrinpoche.net\/fr\/wp-json\/wp\/v2\/comments?post=8747"}],"version-history":[{"count":0,"href":"https:\/\/www.patrulrinpoche.net\/fr\/wp-json\/wp\/v2\/pages\/8747\/revisions"}],"up":[{"embeddable":true,"href":"https:\/\/www.patrulrinpoche.net\/fr\/wp-json\/wp\/v2\/pages\/8682"}],"wp:attachment":[{"href":"https:\/\/www.patrulrinpoche.net\/fr\/wp-json\/wp\/v2\/media?parent=8747"}],"curies":[{"name":"wp","href":"https:\/\/api.w.org\/{rel}","templated":true}]}}