{"id":8823,"date":"2022-08-18T23:50:50","date_gmt":"2022-08-18T21:50:50","guid":{"rendered":"https:\/\/www.patrulrinpoche.net\/dharma-city\/bb\/"},"modified":"2026-03-11T16:46:30","modified_gmt":"2026-03-11T15:46:30","slug":"bb","status":"publish","type":"page","link":"https:\/\/www.patrulrinpoche.net\/fr\/dharma-city\/bb\/","title":{"rendered":"B&amp;B"},"content":{"rendered":"<p>[et_pb_section fb_built=&#8221;1&#8243; disabled_on=&#8221;on|off|off&#8221; _builder_version=&#8221;4.17.4&#8243; _module_preset=&#8221;default&#8221; background_image=&#8221;http:\/\/www.patrulrinpoche.net\/wp-content\/uploads\/2022\/06\/Bed-Breakfast_Dharma-City.jpg&#8221; custom_padding=&#8221;200px||200px||false|false&#8221; da_disable_devices=&#8221;off|off|off&#8221; global_colors_info=&#8221;{}&#8221; da_is_popup=&#8221;off&#8221; da_exit_intent=&#8221;off&#8221; da_has_close=&#8221;on&#8221; da_alt_close=&#8221;off&#8221; da_dark_close=&#8221;off&#8221; da_not_modal=&#8221;on&#8221; da_is_singular=&#8221;off&#8221; da_with_loader=&#8221;off&#8221; da_has_shadow=&#8221;on&#8221;][et_pb_row column_structure=&#8221;1_2,1_2&#8243; _builder_version=&#8221;4.17.3&#8243; _module_preset=&#8221;default&#8221; global_colors_info=&#8221;{}&#8221;][et_pb_column type=&#8221;1_2&#8243; _builder_version=&#8221;4.17.3&#8243; _module_preset=&#8221;default&#8221; global_colors_info=&#8221;{}&#8221;][et_pb_text _builder_version=&#8221;4.17.4&#8243; _module_preset=&#8221;default&#8221; header_3_text_align=&#8221;right&#8221; header_3_text_color=&#8221;#202020&#8243; header_3_font_size=&#8221;72px&#8221; custom_margin_tablet=&#8221;-50px||||false|false&#8221; custom_margin_phone=&#8221;-50px||||false|false&#8221; custom_margin_last_edited=&#8221;on|desktop&#8221; custom_padding=&#8221;||0px|0px|false|false&#8221; header_3_font_size_tablet=&#8221;93px&#8221; header_3_font_size_phone=&#8221;35px&#8221; header_3_font_size_last_edited=&#8221;on|phone&#8221; global_colors_info=&#8221;{}&#8221;]<\/p>\n<h3 style=\"text-align: left;\">Dharma City<\/h3>\n<h3 style=\"text-align: left;\"> <\/h3>\n<h3 style=\"text-align: left;\"> <\/h3>\n<h3 style=\"text-align: left;\"> <\/h3>\n<p>&nbsp;<\/p>\n<h3 style=\"text-align: left;\"> <\/h3>\n<h3 style=\"text-align: left;\">Bed &amp; Breakfast<\/h3>\n<p>[\/et_pb_text][\/et_pb_column][et_pb_column type=&#8221;1_2&#8243; _builder_version=&#8221;4.17.3&#8243; _module_preset=&#8221;default&#8221; global_colors_info=&#8221;{}&#8221;][\/et_pb_column][\/et_pb_row][\/et_pb_section][et_pb_section fb_built=&#8221;1&#8243; fullwidth=&#8221;on&#8221; _builder_version=&#8221;4.17.4&#8243; _module_preset=&#8221;default&#8221; background_enable_image=&#8221;off&#8221; da_disable_devices=&#8221;off|off|off&#8221; global_colors_info=&#8221;{}&#8221; da_is_popup=&#8221;off&#8221; da_exit_intent=&#8221;off&#8221; da_has_close=&#8221;on&#8221; da_alt_close=&#8221;off&#8221; da_dark_close=&#8221;off&#8221; da_not_modal=&#8221;on&#8221; da_is_singular=&#8221;off&#8221; da_with_loader=&#8221;off&#8221; da_has_shadow=&#8221;on&#8221;][et_pb_fullwidth_header title=&#8221;Dharma City Bed &#038; Breakfast&#8221; text_orientation=&#8221;center&#8221; header_fullscreen=&#8221;on&#8221; header_scroll_down=&#8221;on&#8221; scroll_down_icon=&#8221;%%8%%&#8221; scroll_down_icon_color=&#8221;#FFFFFF&#8221; disabled_on=&#8221;off|on|on&#8221; _builder_version=&#8221;4.17.4&#8243; _module_preset=&#8221;default&#8221; title_level=&#8221;h4&#8243; title_font=&#8221;|||on|||||&#8221; title_font_size=&#8221;66px&#8221; background_enable_color=&#8221;off&#8221; background_image=&#8221;http:\/\/www.patrulrinpoche.net\/wp-content\/uploads\/2022\/06\/Bed-Breakfast_Dharma-City.jpg&#8221; title_font_size_tablet=&#8221;66px&#8221; title_font_size_phone=&#8221;35px&#8221; title_font_size_last_edited=&#8221;on|phone&#8221; title_text_shadow_style=&#8221;preset1&#8243; global_colors_info=&#8221;{}&#8221;][\/et_pb_fullwidth_header][\/et_pb_section][et_pb_section fb_built=&#8221;1&#8243; _builder_version=&#8221;4.17.4&#8243; _module_preset=&#8221;default&#8221; da_disable_devices=&#8221;off|off|off&#8221; global_colors_info=&#8221;{}&#8221; da_is_popup=&#8221;off&#8221; da_exit_intent=&#8221;off&#8221; da_has_close=&#8221;on&#8221; da_alt_close=&#8221;off&#8221; da_dark_close=&#8221;off&#8221; da_not_modal=&#8221;on&#8221; da_is_singular=&#8221;off&#8221; da_with_loader=&#8221;off&#8221; da_has_shadow=&#8221;on&#8221;][et_pb_row _builder_version=&#8221;4.17.4&#8243; _module_preset=&#8221;default&#8221; global_colors_info=&#8221;{}&#8221;][et_pb_column type=&#8221;4_4&#8243; _builder_version=&#8221;4.17.4&#8243; _module_preset=&#8221;default&#8221; global_colors_info=&#8221;{}&#8221;][et_pb_text _builder_version=&#8221;4.19.4&#8243; _module_preset=&#8221;default&#8221; header_3_font=&#8221;EB Garamond|600|||||||&#8221; header_3_font_size=&#8221;28px&#8221; header_4_font=&#8221;EB Garamond|600|||||||&#8221; header_4_font_size=&#8221;22px&#8221; global_colors_info=&#8221;{}&#8221;]<\/p>\n<h3 style=\"text-align: center;\">Saisissez l&#8217;occasion de s\u00e9journer dans le lieu merveilleux qu&#8217;est Dharma City !<\/h3>\n<p>[\/et_pb_text][et_pb_divider color=&#8221;#f6a241&#8243; divider_weight=&#8221;2px&#8221; _builder_version=&#8221;4.17.4&#8243; _module_preset=&#8221;default&#8221; width=&#8221;16%&#8221; module_alignment=&#8221;center&#8221; min_height=&#8221;100px&#8221; custom_margin=&#8221;||-50px||false|false&#8221; global_colors_info=&#8221;{}&#8221;][\/et_pb_divider][et_pb_text _builder_version=&#8221;4.19.4&#8243; _module_preset=&#8221;default&#8221; header_4_font_size=&#8221;22px&#8221; global_colors_info=&#8221;{}&#8221;]<\/p>\n<h4 style=\"text-align: center;\"><strong>Dharma City B&amp;B est disponible sur <a href=\"https:\/\/www.booking.com\/hotel\/be\/dharma-city.en-gb.html?aid=304142&amp;label=gen173nr-1FCAsoFUILZGhhcm1hLWNpdHlIM1gEaBWIAQGYAQ24ARjIAQ3YAQHoAQH4AQKIAgGoAgS4AuqT9Z0GwAIB0gIkNDU1MDY2MGYtZmNmMS00ZWNhLWI1ZjMtNjk5MGM1Y2Q3Y2Y32AIF4AIB&amp;sid=6595c7bb4bb4a3da552d1e57e0ba2ebc&amp;dest_id=2140235&amp;dest_type=hotel&amp;dist=0&amp;group_adults=2&amp;group_children=0&amp;hapos=1&amp;hpos=1&amp;lang=en-gb&amp;no_rooms=1&amp;req_adults=2&amp;req_children=0&amp;room1=A%2CA&amp;sb_price_type=total&amp;soz=1&amp;sr_order=popularity&amp;srepoch=1673349620&amp;srpvid=f3ab4fb9f91c048c&amp;type=total&amp;ucfs=1&amp;lang_click=other&amp;cdl=fr&amp;lang_changed=1\" target=\"_blank\" rel=\"noopener\">booking.com<\/a><\/strong><\/h4>\n<p>[\/et_pb_text][\/et_pb_column][\/et_pb_row][et_pb_row column_structure=&#8221;2_5,3_5&#8243; _builder_version=&#8221;4.17.4&#8243; _module_preset=&#8221;default&#8221; global_colors_info=&#8221;{}&#8221;][et_pb_column type=&#8221;2_5&#8243; _builder_version=&#8221;4.17.4&#8243; _module_preset=&#8221;default&#8221; global_colors_info=&#8221;{}&#8221;][et_pb_image src=&#8221;http:\/\/www.patrulrinpoche.net\/wp-content\/uploads\/2022\/06\/Bed-Breakfast-in-Dharma-City-1.jpg&#8221; alt=&#8221;Bed &#038; Breakfast \u00e0 Dharma City&#8221; title_text=&#8221;Bed &#038; Breakfast \u00e0 Dharma City (1)&#8221; align=&#8221;center&#8221; _builder_version=&#8221;4.17.4&#8243; _module_preset=&#8221;default&#8221; width=&#8221;89%&#8221; width_tablet=&#8221;89%&#8221; width_phone=&#8221;89%&#8221; width_last_edited=&#8221;on|phone&#8221; global_colors_info=&#8221;{}&#8221;][\/et_pb_image][\/et_pb_column][et_pb_column type=&#8221;3_5&#8243; _builder_version=&#8221;4.17.4&#8243; _module_preset=&#8221;default&#8221; global_colors_info=&#8221;{}&#8221;][et_pb_image src=&#8221;http:\/\/www.patrulrinpoche.net\/wp-content\/uploads\/2022\/06\/Bed-Breakfast-in-Dharma-City-2.jpg&#8221; alt=&#8221;Bed &#038; Breakfast \u00e0 Dharma City&#8221; title_text=&#8221;Bed &#038; Breakfast \u00e0 Dharma City (2)&#8221; align=&#8221;center&#8221; _builder_version=&#8221;4.17.4&#8243; _module_preset=&#8221;default&#8221; width=&#8221;100%&#8221; global_colors_info=&#8221;{}&#8221;][\/et_pb_image][\/et_pb_column][\/et_pb_row][et_pb_row _builder_version=&#8221;4.17.4&#8243; _module_preset=&#8221;default&#8221; global_colors_info=&#8221;{}&#8221;][et_pb_column type=&#8221;4_4&#8243; _builder_version=&#8221;4.17.4&#8243; _module_preset=&#8221;default&#8221; global_colors_info=&#8221;{}&#8221;][et_pb_blurb title=&#8221;Vous pouvez \u00eatre s\u00fbrs d&#8217;un s\u00e9jour agr\u00e9able et d&#8217;une bonne nuit de repos ;&#8221; use_icon=&#8221;on&#8221; font_icon=&#8221;&#xe089;||divi||400&#8243; icon_color=&#8221;#f6a241&#8243; image_icon_background_color=&#8221;#FFFFFF&#8221; icon_placement=&#8221;left&#8221; content_max_width=&#8221;730px&#8221; _builder_version=&#8221;4.17.4&#8243; _module_preset=&#8221;default&#8221; header_font_size=&#8221;22px&#8221; text_orientation=&#8221;justified&#8221; global_colors_info=&#8221;{}&#8221;]<\/p>\n<p>nous avons les lits les plus confortables que vous puissiez imaginer. Une fois que vous \u00eates bien repos\u00e9, vous pouvez descendre \u00e0 notre salon de th\u00e9 et prendre un petit d\u00e9jeuner sain, rassasiant et super savoureux !<\/p>\n<p>[\/et_pb_blurb][et_pb_blurb title=&#8221;Pour le petit-d\u00e9jeuner, nous servons&#8221; use_icon=&#8221;on&#8221; font_icon=&#8221;&#xe0dc;||divi||400&#8243; icon_color=&#8221;#f6a241&#8243; image_icon_background_color=&#8221;#FFFFFF&#8221; icon_placement=&#8221;left&#8221; content_max_width=&#8221;730px&#8221; _builder_version=&#8221;4.17.4&#8243; _module_preset=&#8221;default&#8221; header_font_size=&#8221;22px&#8221; text_orientation=&#8221;justified&#8221; global_colors_info=&#8221;{}&#8221;]<\/p>\n<p>du pain frais avec les garnitures de votre choix, des \u0153ufs, du muesli avec du yaourt et bien s\u00fbr du bon th\u00e9 ou du caf\u00e9 !<\/p>\n<p>[\/et_pb_blurb][et_pb_blurb title=&#8221;Nos chambres ont \u00e9t\u00e9 r\u00e9cemment r\u00e9nov\u00e9es et toujours fra\u00eeches et propres.&#8221; use_icon=&#8221;on&#8221; font_icon=&#8221;&#xf236;||fa||900&#8243; icon_color=&#8221;#f6a241&#8243; image_icon_background_color=&#8221;#FFFFFF&#8221; icon_placement=&#8221;left&#8221; content_max_width=&#8221;730px&#8221; _builder_version=&#8221;4.17.4&#8243; _module_preset=&#8221;default&#8221; header_font_size=&#8221;22px&#8221; text_orientation=&#8221;justified&#8221; global_colors_info=&#8221;{}&#8221;]<\/p>\n<p>Il est interdit de fumer ici, d\u00e9sol\u00e9 ! Dharma City est un endroit calme et paisible qui vous garantit un s\u00e9jour agr\u00e9able.<\/p>\n<p>[\/et_pb_blurb][\/et_pb_column][\/et_pb_row][et_pb_row column_structure=&#8221;1_2,1_2&#8243; _builder_version=&#8221;4.17.4&#8243; _module_preset=&#8221;default&#8221; global_colors_info=&#8221;{}&#8221;][et_pb_column type=&#8221;1_2&#8243; _builder_version=&#8221;4.17.4&#8243; _module_preset=&#8221;default&#8221; global_colors_info=&#8221;{}&#8221;][et_pb_image src=&#8221;http:\/\/www.patrulrinpoche.net\/wp-content\/uploads\/2022\/06\/BB-in-Dharma-City.png&#8221; alt=&#8221;B&#038;B \u00e0 Dharma City&#8221; title_text=&#8221;B&#038;B \u00e0 Dharma City&#8221; align=&#8221;center&#8221; _builder_version=&#8221;4.17.4&#8243; _module_preset=&#8221;default&#8221; width=&#8221;100%&#8221; global_colors_info=&#8221;{}&#8221;][\/et_pb_image][\/et_pb_column][et_pb_column type=&#8221;1_2&#8243; _builder_version=&#8221;4.17.4&#8243; _module_preset=&#8221;default&#8221; global_colors_info=&#8221;{}&#8221;][et_pb_image src=&#8221;http:\/\/www.patrulrinpoche.net\/wp-content\/uploads\/2022\/06\/B-B-Dharma-City_Patrul-Rinpoche.jpg&#8221; alt=&#8221;B &#038; B Dharma City_Patrul Rinpoche&#8221; title_text=&#8221;B &#038; B Dharma City_Patrul Rinpoche&#8221; align=&#8221;center&#8221; _builder_version=&#8221;4.17.4&#8243; _module_preset=&#8221;default&#8221; width=&#8221;100%&#8221; global_colors_info=&#8221;{}&#8221;][\/et_pb_image][\/et_pb_column][\/et_pb_row][et_pb_row _builder_version=&#8221;4.17.4&#8243; _module_preset=&#8221;default&#8221; global_colors_info=&#8221;{}&#8221;][et_pb_column type=&#8221;4_4&#8243; _builder_version=&#8221;4.17.4&#8243; _module_preset=&#8221;default&#8221; global_colors_info=&#8221;{}&#8221;][et_pb_text _builder_version=&#8221;4.19.4&#8243; _module_preset=&#8221;default&#8221; header_3_font=&#8221;EB Garamond|600|||||||&#8221; header_3_font_size=&#8221;28px&#8221; header_4_font=&#8221;EB Garamond|600|||||||&#8221; header_4_font_size=&#8221;22px&#8221; text_orientation=&#8221;justified&#8221; global_colors_info=&#8221;{}&#8221;]<\/p>\n<p>Dharma City est un endroit parfait pour ceux qui voyagent et ont besoin de reprendre des forces pour les futures aventures qui les attendent.<\/p>\n<p>Profitez de l&#8217;occasion pour r\u00e9approvisionner votre garde-manger et visitez notre bio-SHOP.<\/p>\n<p>Pourquoi ne pas rester quelques jours pour d\u00e9couvrir les magnifiques environs, ou simplement prendre une minute pour vous arr\u00eater et d\u00e9tendre votre esprit \u00e0 Dharma City.<\/p>\n<p>D\u00e9gustez un jus de fruits frais accompagn\u00e9 de g\u00e2teaux faits maison dans la cour int\u00e9rieure. Le soir, vous pouvez savourer un merveilleux d\u00eener compos\u00e9 avec soin, accompagn\u00e9 d&#8217;une s\u00e9lection de vins naturels biologiques ou de bi\u00e8res.<\/p>\n<p>[\/et_pb_text][et_pb_blurb title=&#8221;Nous ne servons que des plats v\u00e9g\u00e9tariens et vegans.&#8221; use_icon=&#8221;on&#8221; font_icon=&#8221;&#xe061;||divi||400&#8243; icon_color=&#8221;#f6a241&#8243; image_icon_background_color=&#8221;#FFFFFF&#8221; icon_placement=&#8221;left&#8221; content_max_width=&#8221;487px&#8221; content_max_width_tablet=&#8221;487px&#8221; content_max_width_phone=&#8221;487px&#8221; content_max_width_last_edited=&#8221;on|phone&#8221; _builder_version=&#8221;4.17.4&#8243; _module_preset=&#8221;default&#8221; header_font_size=&#8221;22px&#8221; text_orientation=&#8221;justified&#8221; global_colors_info=&#8221;{}&#8221;][\/et_pb_blurb][\/et_pb_column][\/et_pb_row][et_pb_row _builder_version=&#8221;4.17.4&#8243; _module_preset=&#8221;default&#8221; global_colors_info=&#8221;{}&#8221;][et_pb_column type=&#8221;4_4&#8243; _builder_version=&#8221;4.17.4&#8243; _module_preset=&#8221;default&#8221; global_colors_info=&#8221;{}&#8221;][et_pb_text _builder_version=&#8221;4.17.4&#8243; _module_preset=&#8221;default&#8221; header_3_font=&#8221;EB Garamond|600|||||||&#8221; header_3_font_size=&#8221;28px&#8221; header_4_font=&#8221;EB Garamond|600|||||||&#8221; header_4_font_size=&#8221;22px&#8221; global_colors_info=&#8221;{}&#8221;]<\/p>\n<h3 style=\"text-align: center;\">Notre adresse e-mail et notre num\u00e9ro de t\u00e9l\u00e9phone pour r\u00e9server une chambre :<\/h3>\n<p>[\/et_pb_text][\/et_pb_column][\/et_pb_row][et_pb_row column_structure=&#8221;1_3,1_3,1_3&#8243; _builder_version=&#8221;4.17.4&#8243; _module_preset=&#8221;default&#8221; global_colors_info=&#8221;{}&#8221;][et_pb_column type=&#8221;1_3&#8243; _builder_version=&#8221;4.17.4&#8243; _module_preset=&#8221;default&#8221; global_colors_info=&#8221;{}&#8221;][et_pb_blurb title=&#8221;info@dharmacity.net&#8221; url=&#8221;http:\/\/info@dharmacity.net&#8221; use_icon=&#8221;on&#8221; font_icon=&#8221;&#xe076;||divi||400&#8243; icon_color=&#8221;#f6a241&#8243; image_icon_background_color=&#8221;#FFFFFF&#8221; image_icon_width=&#8221;97px&#8221; content_max_width=&#8221;487px&#8221; image_icon_width_tablet=&#8221;97px&#8221; image_icon_width_phone=&#8221;97px&#8221; image_icon_width_last_edited=&#8221;on|phone&#8221; content_max_width_tablet=&#8221;487px&#8221; content_max_width_phone=&#8221;487px&#8221; content_max_width_last_edited=&#8221;on|phone&#8221; _builder_version=&#8221;4.17.4&#8243; _module_preset=&#8221;default&#8221; header_font=&#8221;|600|||||||&#8221; header_text_align=&#8221;center&#8221; header_font_size=&#8221;22px&#8221; text_orientation=&#8221;center&#8221; link_option_url=&#8221;info@dharmacity.net&#8221; hover_enabled=&#8221;0&#8243; global_colors_info=&#8221;{}&#8221; sticky_enabled=&#8221;0&#8243;][\/et_pb_blurb][\/et_pb_column][et_pb_column type=&#8221;1_3&#8243; _builder_version=&#8221;4.17.4&#8243; _module_preset=&#8221;default&#8221; global_colors_info=&#8221;{}&#8221;][et_pb_blurb url=&#8221;https:\/\/www.facebook.com\/TibetanConventionTeaHouse&#8221; url_new_window=&#8221;on&#8221; use_icon=&#8221;on&#8221; font_icon=&#8221;&#xe090;||divi||400&#8243; icon_color=&#8221;#f6a241&#8243; image_icon_background_color=&#8221;#FFFFFF&#8221; image_icon_width=&#8221;97px&#8221; content_max_width=&#8221;487px&#8221; image_icon_width_tablet=&#8221;97px&#8221; image_icon_width_phone=&#8221;97px&#8221; image_icon_width_last_edited=&#8221;on|phone&#8221; content_max_width_tablet=&#8221;487px&#8221; content_max_width_phone=&#8221;487px&#8221; content_max_width_last_edited=&#8221;on|phone&#8221; admin_label=&#8221;Blurb&#8221; _builder_version=&#8221;4.27.5&#8243; _module_preset=&#8221;default&#8221; header_font=&#8221;|600|||||||&#8221; header_text_align=&#8221;center&#8221; header_font_size=&#8221;22px&#8221; body_font=&#8221;EB Garamond|600|||||||&#8221; body_letter_spacing=&#8221;2px&#8221; text_orientation=&#8221;center&#8221; link_option_url=&#8221;https:\/\/www.facebook.com\/TibetanConventionTeaHouse&#8221; link_option_url_new_window=&#8221;on&#8221; hover_enabled=&#8221;0&#8243; global_colors_info=&#8221;{}&#8221; sticky_enabled=&#8221;0&#8243;]<\/p>\n<p><span style=\"color: #333333;\"><strong>+32 472 61 62 01<\/strong><\/span><\/p>\n<p>[\/et_pb_blurb][\/et_pb_column][et_pb_column type=&#8221;1_3&#8243; _builder_version=&#8221;4.17.4&#8243; _module_preset=&#8221;default&#8221; global_colors_info=&#8221;{}&#8221;][et_pb_blurb title=&#8221;Suivez-nous sur Facebook&#8221; url=&#8221;https:\/\/www.facebook.com\/TibetanConventionTeaHouse&#8221; url_new_window=&#8221;on&#8221; use_icon=&#8221;on&#8221; font_icon=&#8221;&#xe0aa;||divi||400&#8243; icon_color=&#8221;#f6a241&#8243; image_icon_background_color=&#8221;#FFFFFF&#8221; image_icon_width=&#8221;97px&#8221; content_max_width=&#8221;487px&#8221; image_icon_width_tablet=&#8221;97px&#8221; image_icon_width_phone=&#8221;97px&#8221; image_icon_width_last_edited=&#8221;on|phone&#8221; content_max_width_tablet=&#8221;487px&#8221; content_max_width_phone=&#8221;487px&#8221; content_max_width_last_edited=&#8221;on|phone&#8221; _builder_version=&#8221;4.17.4&#8243; _module_preset=&#8221;default&#8221; header_font=&#8221;|600|||||||&#8221; header_text_align=&#8221;center&#8221; header_font_size=&#8221;22px&#8221; text_orientation=&#8221;center&#8221; link_option_url=&#8221;https:\/\/www.facebook.com\/TibetanConventionTeaHouse&#8221; link_option_url_new_window=&#8221;on&#8221; global_colors_info=&#8221;{}&#8221;][\/et_pb_blurb][\/et_pb_column][\/et_pb_row][et_pb_row column_structure=&#8221;1_5,3_5,1_5&#8243; _builder_version=&#8221;4.17.4&#8243; _module_preset=&#8221;default&#8221; global_colors_info=&#8221;{}&#8221;][et_pb_column type=&#8221;1_5&#8243; _builder_version=&#8221;4.17.4&#8243; _module_preset=&#8221;default&#8221; global_colors_info=&#8221;{}&#8221;][\/et_pb_column][et_pb_column type=&#8221;3_5&#8243; _builder_version=&#8221;4.17.4&#8243; _module_preset=&#8221;default&#8221; global_colors_info=&#8221;{}&#8221;][et_pb_image src=&#8221;http:\/\/www.patrulrinpoche.net\/wp-content\/uploads\/2022\/06\/Dharma-City-BB.jpg&#8221; alt=&#8221;Dharma City B&#038;B&#8221; title_text=&#8221;Dharma City B&#038;B&#8221; _builder_version=&#8221;4.17.4&#8243; _module_preset=&#8221;default&#8221; hover_enabled=&#8221;0&#8243; global_colors_info=&#8221;{}&#8221; sticky_enabled=&#8221;0&#8243;][\/et_pb_image][et_pb_button button_text=&#8221;R\u00e9servez maintenant&#8221; button_alignment=&#8221;center&#8221; _builder_version=&#8221;4.19.4&#8243; _module_preset=&#8221;default&#8221; global_colors_info=&#8221;{}&#8221;][\/et_pb_button][\/et_pb_column][et_pb_column type=&#8221;1_5&#8243; _builder_version=&#8221;4.17.4&#8243; _module_preset=&#8221;default&#8221; global_colors_info=&#8221;{}&#8221;][\/et_pb_column][\/et_pb_row][\/et_pb_section]<\/p>\n","protected":false},"excerpt":{"rendered":"<p>Dharma City &nbsp; Bed &amp; BreakfastSaisissez l&#8217;occasion de s\u00e9journer dans le lieu merveilleux qu&#8217;est Dharma City !Dharma City B&amp;B est disponible sur booking.comnous avons les lits les plus confortables que vous puissiez imaginer. Une fois que vous \u00eates bien repos\u00e9, vous pouvez descendre \u00e0 notre salon de th\u00e9 et prendre un petit d\u00e9jeuner sain, rassasiant [&hellip;]<\/p>\n","protected":false},"author":1,"featured_media":0,"parent":7871,"menu_order":7,"comment_status":"closed","ping_status":"closed","template":"","meta":{"_et_pb_use_builder":"on","_et_pb_old_content":"","_et_gb_content_width":"","footnotes":""},"class_list":["post-8823","page","type-page","status-publish","hentry"],"_links":{"self":[{"href":"https:\/\/www.patrulrinpoche.net\/fr\/wp-json\/wp\/v2\/pages\/8823","targetHints":{"allow":["GET"]}}],"collection":[{"href":"https:\/\/www.patrulrinpoche.net\/fr\/wp-json\/wp\/v2\/pages"}],"about":[{"href":"https:\/\/www.patrulrinpoche.net\/fr\/wp-json\/wp\/v2\/types\/page"}],"author":[{"embeddable":true,"href":"https:\/\/www.patrulrinpoche.net\/fr\/wp-json\/wp\/v2\/users\/1"}],"replies":[{"embeddable":true,"href":"https:\/\/www.patrulrinpoche.net\/fr\/wp-json\/wp\/v2\/comments?post=8823"}],"version-history":[{"count":0,"href":"https:\/\/www.patrulrinpoche.net\/fr\/wp-json\/wp\/v2\/pages\/8823\/revisions"}],"up":[{"embeddable":true,"href":"https:\/\/www.patrulrinpoche.net\/fr\/wp-json\/wp\/v2\/pages\/7871"}],"wp:attachment":[{"href":"https:\/\/www.patrulrinpoche.net\/fr\/wp-json\/wp\/v2\/media?parent=8823"}],"curies":[{"name":"wp","href":"https:\/\/api.w.org\/{rel}","templated":true}]}}