{"id":8924,"date":"2022-08-21T01:22:48","date_gmt":"2022-08-20T23:22:48","guid":{"rendered":"https:\/\/www.patrulrinpoche.net\/dharma-city\/temple\/"},"modified":"2022-08-21T01:22:48","modified_gmt":"2022-08-20T23:22:48","slug":"temple","status":"publish","type":"page","link":"https:\/\/www.patrulrinpoche.net\/fr\/dharma-city\/temple\/","title":{"rendered":"Temple"},"content":{"rendered":"<p>[et_pb_section fb_built=&#8221;1&#8243; _builder_version=&#8221;4.17.4&#8243; _module_preset=&#8221;default&#8221; da_disable_devices=&#8221;off|off|off&#8221; global_colors_info=&#8221;{}&#8221; da_is_popup=&#8221;off&#8221; da_exit_intent=&#8221;off&#8221; da_has_close=&#8221;on&#8221; da_alt_close=&#8221;off&#8221; da_dark_close=&#8221;off&#8221; da_not_modal=&#8221;on&#8221; da_is_singular=&#8221;off&#8221; da_with_loader=&#8221;off&#8221; da_has_shadow=&#8221;on&#8221;][et_pb_row column_structure=&#8221;1_2,1_2&#8243; _builder_version=&#8221;4.17.4&#8243; _module_preset=&#8221;default&#8221; global_colors_info=&#8221;{}&#8221;][et_pb_column type=&#8221;1_2&#8243; _builder_version=&#8221;4.17.4&#8243; _module_preset=&#8221;default&#8221; global_colors_info=&#8221;{}&#8221;][et_pb_image src=&#8221;http:\/\/www.patrulrinpoche.net\/wp-content\/uploads\/2022\/06\/Buddhist-temple-in-Dharma-City.jpg&#8221; alt=&#8221;Le temple bouddhiste \u00e0 Dharma City&#8221; title_text=&#8221;Le temple bouddhiste \u00e0 Dharma City&#8221; _builder_version=&#8221;4.17.4&#8243; _module_preset=&#8221;default&#8221; global_colors_info=&#8221;{}&#8221;][\/et_pb_image][et_pb_blurb title=&#8221;Le temple \u00e0 Dharma City&#8221; alt=&#8221;Le temple bouddhiste \u00e0 Dharma City&#8221; _builder_version=&#8221;4.17.4&#8243; _module_preset=&#8221;default&#8221; header_text_align=&#8221;center&#8221; header_font_size=&#8221;30px&#8221; background_color=&#8221;#faf6ed&#8221; text_orientation=&#8221;justified&#8221; custom_margin=&#8221;-30px||||false|false&#8221; custom_padding=&#8221;15px|15px|10px|15px|false|false&#8221; custom_padding_tablet=&#8221;15px|15px|10px|15px|false|false&#8221; custom_padding_phone=&#8221;15px|15px|10px|15px|false|false&#8221; custom_padding_last_edited=&#8221;on|phone&#8221; hover_enabled=&#8221;0&#8243; global_colors_info=&#8221;{}&#8221; sticky_enabled=&#8221;0&#8243;]<\/p>\n<p>\u00ab Temple \u00bb est le mot d\u00e9signant le lieu de rassemblement, et il signifie \u00e9galement \u00ab la maison des divinit\u00e9s \u00bb. Traditionnellement, ces deux fonctions sont souvent combin\u00e9es dans une m\u00eame pi\u00e8ce, mais pas toujours.<\/p>\n<p>C&#8217;est la plus grande pi\u00e8ce du centre et aussi la plus belle. Elle est d\u00e9cor\u00e9e de peintures, de statues et d&#8217;ornements traditionnels. Elle est utilis\u00e9e comme salle de conf\u00e9rence et comme salle de m\u00e9ditation.<\/p>\n<p>Les peintures d\u00e9peignent l&#8217;histoire du Bouddha ou pr\u00e9sentent des d\u00e9it\u00e9s ou des m\u00e9ditants c\u00e9l\u00e8bres.<\/p>\n<p>La m\u00e9ditation sur les d\u00e9it\u00e9s est l&#8217;une des m\u00e9thodes utilis\u00e9es dans le bouddhisme tib\u00e9tain pour d\u00e9velopper nos qualit\u00e9s int\u00e9rieures. La plupart de ces d\u00e9it\u00e9s ont commenc\u00e9 comme des humains et sont devenues des \u2018d\u00e9it\u00e9s\u2019 apr\u00e8s s&#8217;\u00eatre engag\u00e9es et avoir perfectionn\u00e9 la voie trac\u00e9e par le Bouddha. Elles sont une source d&#8217;inspiration et une repr\u00e9sentation de notre propre potentiel.<\/p>\n<p>Elles sont \u00e9galement le support de nombreuses visualisations que nous pratiquons. Les ornements et attributs des d\u00e9it\u00e9s ont une signification profonde et symbolique. Les contempler aide \u00e0 comprendre le sens profond des textes bouddhistes.<\/p>\n<p><a href=\"http:\/\/www.patrulrinpoche.net\/wp-content\/uploads\/2022\/06\/Temple-1.jpg\" target=\"_blank\" rel=\"noopener\"><img loading=\"lazy\" decoding=\"async\" src=\"http:\/\/www.patrulrinpoche.net\/wp-content\/uploads\/2022\/06\/Temple-1-300x168.jpg\" width=\"300\" height=\"168\" alt=\"Temple 1\" class=\"wp-image-5445 alignnone size-medium\" style=\"display: block; margin-left: auto; margin-right: auto;\"><\/a><\/p>\n<p>La grande statue de Guru Rinpoche a une histoire unique. Elle a \u00e9t\u00e9 fabriqu\u00e9e en 2008 par un artisan renomm\u00e9 du N\u00e9pal pour \u00eatre la statue principale d&#8217;un temple \u00e0 Dzogchen au Tibet. En raison de la situation des Jeux olympiques cette ann\u00e9e-l\u00e0, il \u00e9tait impossible d&#8217;envoyer la statue au Tibet, et il a \u00e9t\u00e9 d\u00e9cid\u00e9 de l&#8217;amener en Belgique. Une vid\u00e9o de cet \u00e9v\u00e9nement est disponible sur <a href=\"https:\/\/www.youtube.com\/watch?v=didPElQaOsk\" target=\"_blank\" rel=\"noopener\"><strong>Youtube<\/strong><\/a>.<\/p>\n<p>Il est important que le temple soit aussi beau que possible, afin que toute personne qui y entre se sente en paix et \u00e9panouie.<\/p>\n<p>Le temple contient \u00e9galement de nombreux textes philosophiques. Il y a le Kangyur (100 volumes de 400-500 pages contenant les enseignements donn\u00e9s par le Bouddha et traduits en tib\u00e9tain), le Tengyur (commentaires de grands philosophes en sanskrit et traduits en tib\u00e9tain), et aussi de nombreux textes de c\u00e9l\u00e8bres \u00e9rudits tib\u00e9tains.<\/p>\n<p>Le temple est un bon r\u00e9sum\u00e9 de l&#8217;approche de la voie bouddhiste : \u00e9tude, r\u00e9flexion et m\u00e9ditation.<\/p>\n<p>Le temple est ouvert aux visiteurs en de nombreuses occasions. Les visiteurs sont les bienvenus, mais il est demand\u00e9 de consulter d&#8217;abord les organisateurs. Les visiteurs sont admis dans le temple avec un guide qui peut leur fournir une br\u00e8ve introduction.<\/p>\n<p>[\/et_pb_blurb][\/et_pb_column][et_pb_column type=&#8221;1_2&#8243; _builder_version=&#8221;4.17.4&#8243; _module_preset=&#8221;default&#8221; global_colors_info=&#8221;{}&#8221;][et_pb_image src=&#8221;http:\/\/www.patrulrinpoche.net\/wp-content\/uploads\/2022\/06\/Buddhist-ceremonies.jpg&#8221; alt=&#8221;C\u00e9r\u00e9monies bouddhistes&#8221; title_text=&#8221;C\u00e9r\u00e9monies bouddhistes&#8221; _builder_version=&#8221;4.17.4&#8243; _module_preset=&#8221;default&#8221; global_colors_info=&#8221;{}&#8221;][\/et_pb_image][et_pb_blurb title=&#8221;C\u00e9r\u00e9monies sp\u00e9ciales et soutien spirituel&#8221; alt=&#8221;C\u00e9r\u00e9monies bouddhistes&#8221; disabled_on=&#8221;on|off|off&#8221; _builder_version=&#8221;4.17.4&#8243; _module_preset=&#8221;default&#8221; header_text_align=&#8221;center&#8221; header_font_size=&#8221;30px&#8221; background_color=&#8221;#faf6ed&#8221; text_orientation=&#8221;justified&#8221; custom_margin=&#8221;-30px||||false|false&#8221; custom_padding=&#8221;15px|15px|10px|15px|false|false&#8221; custom_padding_tablet=&#8221;15px|15px|10px|15px|false|false&#8221; custom_padding_phone=&#8221;15px|15px|10px|15px|false|false&#8221; custom_padding_last_edited=&#8221;on|phone&#8221; global_colors_info=&#8221;{}&#8221;]<\/p>\n<p>Il y a des moments dans la vie o\u00f9 beaucoup d&#8217;entre nous ont besoin d&#8217;un soutien spirituel. Selon la tradition tib\u00e9taine, ces services sont assur\u00e9s par les lamas pour les pratiquants qui en font la demande.<\/p>\n<p>&nbsp;<\/p>\n<p>Il peut y avoir des moments de joie et de bonheur que vous souhaitez renforcer ou des moments de tristesse o\u00f9 vous avez besoin d&#8217;aide et de conseils. Il peut s&#8217;agir d&#8217;une c\u00e9r\u00e9monie de mariage, de la naissance d&#8217;un enfant ou d&#8217;un d\u00e9part de cette vie.<\/p>\n<p>&nbsp;<\/p>\n<p>Selon vos souhaits, nous pouvons assurer la pr\u00e9sence d&#8217;un enseignant bouddhiste. Il peut s&#8217;agir d&#8217;un entretien et de conseils ou, si vous le souhaitez, de la r\u00e9citation de pri\u00e8res bouddhistes. N&#8217;h\u00e9sitez pas \u00e0 nous contacter et nous serons heureux de vous aider.<\/p>\n<p>&nbsp;<\/p>\n<p>&nbsp;<\/p>\n<p>&nbsp;<\/p>\n<p><img loading=\"lazy\" decoding=\"async\" src=\"http:\/\/www.patrulrinpoche.net\/wp-content\/uploads\/2022\/06\/ceremonies-251x300.png\" width=\"251\" height=\"300\" alt=\"ceremonies\" class=\"wp-image-5450 alignnone size-medium\" style=\"display: block; margin-left: auto; margin-right: auto;\"><\/p>\n<p>[\/et_pb_blurb][et_pb_blurb title=&#8221;C\u00e9r\u00e9monies sp\u00e9ciales et soutien spirituel&#8221; alt=&#8221;C\u00e9r\u00e9monies bouddhistes&#8221; disabled_on=&#8221;off|on|on&#8221; _builder_version=&#8221;4.17.4&#8243; _module_preset=&#8221;default&#8221; header_text_align=&#8221;center&#8221; header_font_size=&#8221;30px&#8221; background_color=&#8221;#faf6ed&#8221; text_orientation=&#8221;justified&#8221; custom_margin=&#8221;-30px||||false|false&#8221; custom_padding=&#8221;15px|15px|10px|15px|false|false&#8221; global_colors_info=&#8221;{}&#8221;]<\/p>\n<p>Il y a des moments dans la vie o\u00f9 beaucoup d&#8217;entre nous ont besoin d&#8217;un soutien spirituel. Selon la tradition tib\u00e9taine, ces services sont assur\u00e9s par les lamas pour les pratiquants qui en font la demande.<\/p>\n<p>Il peut y avoir des moments de joie et de bonheur que vous souhaitez renforcer ou des moments de tristesse o\u00f9 vous avez besoin d&#8217;aide et de conseils. Il peut s&#8217;agir d&#8217;une c\u00e9r\u00e9monie de mariage, de la naissance d&#8217;un enfant ou d&#8217;un d\u00e9part de cette vie.<\/p>\n<p>Selon vos souhaits, nous pouvons assurer la pr\u00e9sence d&#8217;un enseignant bouddhiste. Il peut s&#8217;agir d&#8217;un entretien et de conseils ou, si vous le souhaitez, de la r\u00e9citation de pri\u00e8res bouddhistes. N&#8217;h\u00e9sitez pas \u00e0 nous contacter et nous serons heureux de vous aider.<\/p>\n<p>&nbsp;<\/p>\n<p><img loading=\"lazy\" decoding=\"async\" src=\"http:\/\/www.patrulrinpoche.net\/wp-content\/uploads\/2022\/06\/ceremonies-251x300.png\" width=\"251\" height=\"300\" alt=\"ceremonies\" class=\"wp-image-5450 alignnone size-medium\" style=\"display: block; margin-left: auto; margin-right: auto;\"><\/p>\n<p>[\/et_pb_blurb][\/et_pb_column][\/et_pb_row][\/et_pb_section]<\/p>\n","protected":false},"excerpt":{"rendered":"<p>\u00ab Temple \u00bb est le mot d\u00e9signant le lieu de rassemblement, et il signifie \u00e9galement \u00ab la maison des divinit\u00e9s \u00bb. Traditionnellement, ces deux fonctions sont souvent combin\u00e9es dans une m\u00eame pi\u00e8ce, mais pas toujours. C&#8217;est la plus grande pi\u00e8ce du centre et aussi la plus belle. Elle est d\u00e9cor\u00e9e de peintures, de statues et [&hellip;]<\/p>\n","protected":false},"author":1,"featured_media":0,"parent":7871,"menu_order":4,"comment_status":"closed","ping_status":"closed","template":"","meta":{"_et_pb_use_builder":"on","_et_pb_old_content":"","_et_gb_content_width":"","footnotes":""},"class_list":["post-8924","page","type-page","status-publish","hentry"],"_links":{"self":[{"href":"https:\/\/www.patrulrinpoche.net\/fr\/wp-json\/wp\/v2\/pages\/8924","targetHints":{"allow":["GET"]}}],"collection":[{"href":"https:\/\/www.patrulrinpoche.net\/fr\/wp-json\/wp\/v2\/pages"}],"about":[{"href":"https:\/\/www.patrulrinpoche.net\/fr\/wp-json\/wp\/v2\/types\/page"}],"author":[{"embeddable":true,"href":"https:\/\/www.patrulrinpoche.net\/fr\/wp-json\/wp\/v2\/users\/1"}],"replies":[{"embeddable":true,"href":"https:\/\/www.patrulrinpoche.net\/fr\/wp-json\/wp\/v2\/comments?post=8924"}],"version-history":[{"count":0,"href":"https:\/\/www.patrulrinpoche.net\/fr\/wp-json\/wp\/v2\/pages\/8924\/revisions"}],"up":[{"embeddable":true,"href":"https:\/\/www.patrulrinpoche.net\/fr\/wp-json\/wp\/v2\/pages\/7871"}],"wp:attachment":[{"href":"https:\/\/www.patrulrinpoche.net\/fr\/wp-json\/wp\/v2\/media?parent=8924"}],"curies":[{"name":"wp","href":"https:\/\/api.w.org\/{rel}","templated":true}]}}