{"id":8989,"date":"2022-08-26T22:05:12","date_gmt":"2022-08-26T20:05:12","guid":{"rendered":"https:\/\/www.patrulrinpoche.net\/chod\/"},"modified":"2022-08-26T22:10:03","modified_gmt":"2022-08-26T20:10:03","slug":"chod","status":"publish","type":"page","link":"https:\/\/www.patrulrinpoche.net\/fr\/etude-pratique\/pratique\/drupchen\/chod\/","title":{"rendered":"Ch\u00f6d"},"content":{"rendered":"<p>[et_pb_section fb_built=&#8221;1&#8243; _builder_version=&#8221;4.17.4&#8243; _module_preset=&#8221;default&#8221; da_disable_devices=&#8221;off|off|off&#8221; global_colors_info=&#8221;{}&#8221; da_is_popup=&#8221;off&#8221; da_exit_intent=&#8221;off&#8221; da_has_close=&#8221;on&#8221; da_alt_close=&#8221;off&#8221; da_dark_close=&#8221;off&#8221; da_not_modal=&#8221;on&#8221; da_is_singular=&#8221;off&#8221; da_with_loader=&#8221;off&#8221; da_has_shadow=&#8221;on&#8221;][et_pb_row _builder_version=&#8221;4.17.4&#8243; _module_preset=&#8221;default&#8221; global_colors_info=&#8221;{}&#8221;][et_pb_column type=&#8221;4_4&#8243; _builder_version=&#8221;4.17.4&#8243; _module_preset=&#8221;default&#8221; global_colors_info=&#8221;{}&#8221;][et_pb_text _builder_version=&#8221;4.17.4&#8243; _module_preset=&#8221;default&#8221; header_3_font_size=&#8221;50px&#8221; hover_enabled=&#8221;0&#8243; header_3_font_size_tablet=&#8221;50px&#8221; header_3_font_size_phone=&#8221;36px&#8221; header_3_font_size_last_edited=&#8221;on|phone&#8221; global_colors_info=&#8221;{}&#8221; sticky_enabled=&#8221;0&#8243;]<\/p>\n<h3>Drupchen de ch\u00f6d<\/h3>\n<p>[\/et_pb_text][et_pb_text _builder_version=&#8221;4.17.4&#8243; _module_preset=&#8221;default&#8221; header_4_font=&#8221;EB Garamond|600|||||||&#8221; header_4_font_size=&#8221;22px&#8221; text_orientation=&#8221;justified&#8221; global_colors_info=&#8221;{}&#8221;]<\/p>\n<h4>Drupchen bas\u00e9 sur la sadhana du ch\u00f6d du cycle Dzinpa Rangdrol (Autolib\u00e9ration de l&#8217;attachement) de Do Khyentse, et sur les Tr\u00e9sors du Longchen Nyingthik. Patrul Rinpoche a re\u00e7u la transmission du cycle complet du Dzinpa Rangdrol de Khandro Dazal Wangmo, l&#8217;arri\u00e8re petite-fille de Do Khyentse, et de Kyabje Alak Zenkar Rinpoche, la r\u00e9incarnation de Do Khyentse.<\/h4>\n<p>[\/et_pb_text][et_pb_text disabled_on=&#8221;on|off|off&#8221; _builder_version=&#8221;4.17.4&#8243; _module_preset=&#8221;default&#8221; header_4_text_align=&#8221;justify&#8221; header_4_font_size=&#8221;20px&#8221; global_colors_info=&#8221;{}&#8221;]<\/p>\n<h4>Lorsque nous pratiquons le ch\u00f6d, nous offrons notre corps aux parfaits objets de refuge<\/h4>\n<h4>et nous invitons tous les \u00eatres envers lesquels nous avons des dettes karmiques \u00e0 prendre ce qu&#8217;ils veulent de notre corps.<\/h4>\n<h4>Offrir ce que nous avons de plus pr\u00e9cieux purifie nos obscurcissements et d\u00e9veloppe notre sagesse.<\/h4>\n<p>[\/et_pb_text][et_pb_text disabled_on=&#8221;off|on|on&#8221; _builder_version=&#8221;4.17.4&#8243; _module_preset=&#8221;default&#8221; header_4_text_align=&#8221;justify&#8221; header_4_font_size=&#8221;20px&#8221; global_colors_info=&#8221;{}&#8221;]<\/p>\n<h4>Lorsque nous pratiquons le ch\u00f6d, nous offrons notre corps aux parfaits objets de refuge, et nous invitons tous les \u00eatres envers lesquels nous avons des dettes karmiques \u00e0 prendre ce qu&#8217;ils veulent de notre corps. Offrir ce que nous avons de plus pr\u00e9cieux purifie nos obscurcissements et d\u00e9veloppe notre sagesse.<\/h4>\n<p>[\/et_pb_text][\/et_pb_column][\/et_pb_row][et_pb_row column_structure=&#8221;1_2,1_2&#8243; _builder_version=&#8221;4.17.4&#8243; _module_preset=&#8221;default&#8221; global_colors_info=&#8221;{}&#8221;][et_pb_column type=&#8221;1_2&#8243; _builder_version=&#8221;4.17.4&#8243; _module_preset=&#8221;default&#8221; global_colors_info=&#8221;{}&#8221;][et_pb_image src=&#8221;http:\/\/www.patrulrinpoche.net\/wp-content\/uploads\/2022\/06\/chod.jpg&#8221; alt=&#8221;ch\u00f6d&#8221; title_text=&#8221;ch\u00f6d&#8221; _builder_version=&#8221;4.17.4&#8243; _module_preset=&#8221;default&#8221; global_colors_info=&#8221;{}&#8221;][\/et_pb_image][\/et_pb_column][et_pb_column type=&#8221;1_2&#8243; _builder_version=&#8221;4.17.4&#8243; _module_preset=&#8221;default&#8221; global_colors_info=&#8221;{}&#8221;][et_pb_text _builder_version=&#8221;4.17.4&#8243; _module_preset=&#8221;default&#8221; header_3_font=&#8221;EB Garamond|600|||||||&#8221; header_3_font_size=&#8221;37px&#8221; header_3_font_size_tablet=&#8221;37px&#8221; header_3_font_size_phone=&#8221;30px&#8221; header_3_font_size_last_edited=&#8221;on|phone&#8221; global_colors_info=&#8221;{}&#8221;]<\/p>\n<h3>Comment cela a-t-il commenc\u00e9 ?<\/h3>\n<p>[\/et_pb_text][et_pb_text _builder_version=&#8221;4.17.4&#8243; _module_preset=&#8221;default&#8221; text_orientation=&#8221;justified&#8221; global_colors_info=&#8221;{}&#8221;]<\/p>\n<p>En avril 2012, Patrul Rinpoche a guid\u00e9 un drupchen de ch\u00f6d pour la premi\u00e8re fois en Occident, \u00e0 Dhumatala \u2014 la maison de Rinpoche en G\u00e9orgie, impr\u00e9gn\u00e9e de la bont\u00e9 et de la compassion de Rinpoche. Un cours pr\u00e9paratoire de trois jours a permis \u00e0 chacun d&#8217;apprendre la mani\u00e8re parfaite d&#8217;ex\u00e9cuter ce drupchen, et le drupchen s&#8217;est d\u00e9roul\u00e9 pendant sept jours complets. C&#8217;\u00e9tait une occasion extraordinaire pour chacun de maintenir vivantes les traditions de sa lign\u00e9e et de cr\u00e9er une cause pour le bien-\u00eatre et le bonheur futurs pour soi-m\u00eame et pour tous les \u00eatres.<\/p>\n<p>[\/et_pb_text][\/et_pb_column][\/et_pb_row][et_pb_row _builder_version=&#8221;4.17.4&#8243; _module_preset=&#8221;default&#8221; global_colors_info=&#8221;{}&#8221;][et_pb_column type=&#8221;4_4&#8243; _builder_version=&#8221;4.17.4&#8243; _module_preset=&#8221;default&#8221; global_colors_info=&#8221;{}&#8221;][et_pb_text _builder_version=&#8221;4.17.4&#8243; _module_preset=&#8221;default&#8221; header_3_font=&#8221;EB Garamond|600|||||||&#8221; header_3_font_size=&#8221;37px&#8221; header_3_font_size_tablet=&#8221;37px&#8221; header_3_font_size_phone=&#8221;30px&#8221; header_3_font_size_last_edited=&#8221;on|phone&#8221; global_colors_info=&#8221;{}&#8221;]<\/p>\n<h3>De quoi s&#8217;agit-il ?<\/h3>\n<p>[\/et_pb_text][et_pb_text _builder_version=&#8221;4.17.4&#8243; _module_preset=&#8221;default&#8221; text_orientation=&#8221;justified&#8221; global_colors_info=&#8221;{}&#8221;]<\/p>\n<p>Lorsque nous pratiquons le ch\u00f6d, nous offrons notre corps aux parfaits objets de refuge, les Trois Joyaux &#8211; Bouddha, Dharma et Sangha -, les trois racines &#8211; lama, yidam et dakinis -, et tous les protecteurs du Dharma. Nous imaginons \u00e9galement que tous les \u00eatres sensibles envers lesquels nous avons des dettes karmiques sont invit\u00e9s \u00e0 prendre ce qu&#8217;ils veulent de notre corps. De cette fa\u00e7on, nous accumulons d&#8217;\u00e9normes quantit\u00e9s de m\u00e9rites, purifions les obscurcissements et d\u00e9veloppons notre sagesse en offrant la chose la plus pr\u00e9cieuse qui existe pour nous dans ce monde : notre corps.<\/p>\n<p>La participation \u00e0 cette pratique puissante est consid\u00e9r\u00e9e comme apportant le m\u00eame b\u00e9n\u00e9fice que la pratique pendant plusieurs ann\u00e9es en retraite solitaire. Les pratiquants s&#8217;entra\u00eenent \u00e0 la perception pure et aiguisent leur capacit\u00e9 \u00e0 percevoir leur environnement comme un royaume de bouddha.<\/p>\n<p>Comme il n&#8217;y a pas de r\u00e9citation nocturne dans ce drupchen, il diff\u00e8re des autres drupchens que Rinpoche dirige habituellement. De plus, Rinpoche offre souvent quelques heures d&#8217;enseignements par jour pendant ce drupchen. Ces enseignements portent sur des sujets li\u00e9s au ch\u00f6d, comme la Prajnaparamita.<\/p>\n<p>[\/et_pb_text][et_pb_text _builder_version=&#8221;4.17.4&#8243; _module_preset=&#8221;default&#8221; header_3_font=&#8221;EB Garamond|600|||||||&#8221; header_3_font_size=&#8221;37px&#8221; header_3_font_size_tablet=&#8221;37px&#8221; header_3_font_size_phone=&#8221;30px&#8221; header_3_font_size_last_edited=&#8221;on|phone&#8221; global_colors_info=&#8221;{}&#8221;]<\/p>\n<h3>Apprendre \u00e0 pratiquer<\/h3>\n<p>[\/et_pb_text][et_pb_text _builder_version=&#8221;4.17.4&#8243; _module_preset=&#8221;default&#8221; text_orientation=&#8221;justified&#8221; global_colors_info=&#8221;{}&#8221;]<\/p>\n<p>La particularit\u00e9 de ces drupchens est que Patrul Rinpoche a \u00e9t\u00e9 le premier \u00e0 enseigner aux Occidentaux, ann\u00e9e apr\u00e8s ann\u00e9e, comment r\u00e9aliser tous les aspects d&#8217;une sadhana de drupchen. Patrul Rinpoche est le ma\u00eetre vajra, parfois assist\u00e9 de Lop\u00f6n Tsering G\u00f6npo comme assistant vajra, et ses \u00e9tudiants accomplissent toutes les t\u00e2ches n\u00e9cessaires \u00e0 la r\u00e9alisation de la sadhana : chef de chant (umze), instruments, service rituel (chop\u00f6n), tormas, etc.<\/p>\n<p>[\/et_pb_text][et_pb_button button_url=&#8221;https:\/\/www.patrulrinpoche.net\/study-practice\/practice\/drupchen\/&#8221; button_text=&#8221;PLUS DE D\u00c9TAILS ICI&#8221; button_alignment=&#8221;center&#8221; _builder_version=&#8221;4.17.4&#8243; _module_preset=&#8221;default&#8221; global_colors_info=&#8221;{}&#8221;][\/et_pb_button][\/et_pb_column][\/et_pb_row][et_pb_row _builder_version=&#8221;4.17.4&#8243; _module_preset=&#8221;default&#8221; global_colors_info=&#8221;{}&#8221;][et_pb_column type=&#8221;4_4&#8243; _builder_version=&#8221;4.17.4&#8243; _module_preset=&#8221;default&#8221; global_colors_info=&#8221;{}&#8221;][et_pb_text _builder_version=&#8221;4.17.4&#8243; _module_preset=&#8221;default&#8221; header_3_font=&#8221;EB Garamond|600|||||||&#8221; header_3_font_size=&#8221;37px&#8221; header_3_font_size_tablet=&#8221;37px&#8221; header_3_font_size_phone=&#8221;30px&#8221; header_3_font_size_last_edited=&#8221;on|phone&#8221; global_colors_info=&#8221;{}&#8221;]<\/p>\n<h3>Histoire<\/h3>\n<p>[\/et_pb_text][et_pb_text _builder_version=&#8221;4.17.4&#8243; _module_preset=&#8221;default&#8221; text_orientation=&#8221;justified&#8221; global_colors_info=&#8221;{}&#8221;]<\/p>\n<p>Jusqu&#8217;\u00e0 pr\u00e9sent, les drupchens de ch\u00f6d ont eu lieu \u00e0 :<\/p>\n<p>\u2022 Palg\u00e9 Nyishar Ling, Portugal, mars-avril 2019<br \/>\u2022 Dhumatala, G\u00e9orgie, avril 2018<br \/>\u2022 Dhumatala, G\u00e9orgie, avril 2017<br \/>\u2022 Dhumatala, G\u00e9orgie, avril 2016<br \/>\u2022 Dhumatala, G\u00e9orgie, avril 2015<br \/>\u2022 Dhumatala, G\u00e9orgie, avril 2014<br \/>\u2022 Dharma City, Belgique, avril 2013<br \/>\u2022 Dhumatala, G\u00e9orgie, avril 2012<\/p>\n<p>[\/et_pb_text][\/et_pb_column][\/et_pb_row][et_pb_row _builder_version=&#8221;4.17.4&#8243; _module_preset=&#8221;default&#8221; global_colors_info=&#8221;{}&#8221;][et_pb_column type=&#8221;4_4&#8243; _builder_version=&#8221;4.17.4&#8243; _module_preset=&#8221;default&#8221; global_colors_info=&#8221;{}&#8221;][et_pb_text _builder_version=&#8221;4.17.4&#8243; _module_preset=&#8221;default&#8221; header_3_font_size=&#8221;38px&#8221; header_3_font_size_tablet=&#8221;38px&#8221; header_3_font_size_phone=&#8221;30px&#8221; header_3_font_size_last_edited=&#8221;on|phone&#8221; global_colors_info=&#8221;{}&#8221;]<\/p>\n<h3 style=\"text-align: center;\">Retourner vers les autres cours <a href=\"https:\/\/www.patrulrinpoche.net\/fr\/etude-pratique\/pratique\/drupchen\/\"><span style=\"color: #ff9900;\">DRUPCHEN<\/span><\/a><\/h3>\n<p>[\/et_pb_text][\/et_pb_column][\/et_pb_row][et_pb_row column_structure=&#8221;1_5,1_5,1_5,1_5,1_5&#8243; _builder_version=&#8221;4.17.4&#8243; _module_preset=&#8221;default&#8221; global_colors_info=&#8221;{}&#8221;][et_pb_column type=&#8221;1_5&#8243; _builder_version=&#8221;4.17.4&#8243; _module_preset=&#8221;default&#8221; global_colors_info=&#8221;{}&#8221;][et_pb_blurb title=&#8221;RIGDZIN D\u00fcPA&#8221; url=&#8221;https:\/\/www.patrulrinpoche.net\/study-practice\/practice\/drupchen\/rigdzin-dupa\/&#8221; image=&#8221;http:\/\/www.patrulrinpoche.net\/wp-content\/uploads\/2022\/06\/1-Rigdzin-Dupa.jpg&#8221; alt=&#8221;1 Rigdzin Dupa&#8221; _builder_version=&#8221;4.17.4&#8243; _module_preset=&#8221;default&#8221; header_font=&#8221;EB Garamond|600||on|||||&#8221; header_text_align=&#8221;center&#8221; header_font_size=&#8221;22px&#8221; text_orientation=&#8221;justified&#8221; link_option_url=&#8221;https:\/\/www.patrulrinpoche.net\/study-practice\/practice\/drupchen\/rigdzin-dupa\/&#8221; header_text_align_tablet=&#8221;center&#8221; header_text_align_phone=&#8221;center&#8221; header_text_align_last_edited=&#8221;on|phone&#8221; global_colors_info=&#8221;{}&#8221; filter_brightness__hover_enabled=&#8221;on|hover&#8221; filter_brightness__hover=&#8221;60%&#8221; transform_styles__hover_enabled=&#8221;on|hover&#8221; transform_scale__hover_enabled=&#8221;on|hover&#8221; transform_translate__hover_enabled=&#8221;on|desktop&#8221; transform_rotate__hover_enabled=&#8221;on|desktop&#8221; transform_skew__hover_enabled=&#8221;on|desktop&#8221; transform_origin__hover_enabled=&#8221;on|desktop&#8221; transform_scale__hover=&#8221;110%|110%&#8221;][\/et_pb_blurb][\/et_pb_column][et_pb_column type=&#8221;1_5&#8243; _builder_version=&#8221;4.17.4&#8243; _module_preset=&#8221;default&#8221; global_colors_info=&#8221;{}&#8221;][et_pb_blurb title=&#8221;Dugngal Rangdrol&#8221; url=&#8221;https:\/\/www.patrulrinpoche.net\/dugngal-rangdrol\/&#8221; image=&#8221;http:\/\/www.patrulrinpoche.net\/wp-content\/uploads\/2022\/06\/2-dugngal-rangdrol-buddhism.jpg&#8221; alt=&#8221;dugngal rangdrol&#8221; _builder_version=&#8221;4.17.4&#8243; _module_preset=&#8221;default&#8221; header_font=&#8221;EB Garamond|600||on|||||&#8221; header_text_align=&#8221;center&#8221; header_font_size=&#8221;22px&#8221; text_orientation=&#8221;justified&#8221; link_option_url=&#8221;https:\/\/www.patrulrinpoche.net\/dugngal-rangdrol\/&#8221; header_text_align_tablet=&#8221;center&#8221; header_text_align_phone=&#8221;center&#8221; header_text_align_last_edited=&#8221;on|phone&#8221; global_colors_info=&#8221;{}&#8221; filter_brightness__hover_enabled=&#8221;on|hover&#8221; filter_brightness__hover=&#8221;60%&#8221; transform_styles__hover_enabled=&#8221;on|hover&#8221; transform_scale__hover_enabled=&#8221;on|hover&#8221; transform_translate__hover_enabled=&#8221;on|desktop&#8221; transform_rotate__hover_enabled=&#8221;on|desktop&#8221; transform_skew__hover_enabled=&#8221;on|desktop&#8221; transform_origin__hover_enabled=&#8221;on|desktop&#8221; transform_scale__hover=&#8221;110%|110%&#8221;][\/et_pb_blurb][\/et_pb_column][et_pb_column type=&#8221;1_5&#8243; _builder_version=&#8221;4.17.4&#8243; _module_preset=&#8221;default&#8221; global_colors_info=&#8221;{}&#8221;][et_pb_blurb title=&#8221;Vajrasattva&#8221; url=&#8221;https:\/\/www.patrulrinpoche.net\/study-practice\/practice\/drupchen\/vajrasattva\/&#8221; image=&#8221;http:\/\/www.patrulrinpoche.net\/wp-content\/uploads\/2022\/06\/3-vajrasattva-yab-yum.jpg&#8221; alt=&#8221;3 vajrasattva yab yum&#8221; disabled_on=&#8221;off|off|off&#8221; _builder_version=&#8221;4.17.4&#8243; _module_preset=&#8221;default&#8221; header_font=&#8221;EB Garamond|600||on|||||&#8221; header_text_align=&#8221;center&#8221; header_font_size=&#8221;22px&#8221; text_orientation=&#8221;justified&#8221; link_option_url=&#8221;https:\/\/www.patrulrinpoche.net\/study-practice\/practice\/drupchen\/vajrasattva\/&#8221; header_text_align_tablet=&#8221;center&#8221; header_text_align_phone=&#8221;center&#8221; header_text_align_last_edited=&#8221;on|phone&#8221; global_colors_info=&#8221;{}&#8221; filter_brightness__hover_enabled=&#8221;on|hover&#8221; filter_brightness__hover=&#8221;60%&#8221; transform_styles__hover_enabled=&#8221;on|hover&#8221; transform_scale__hover_enabled=&#8221;on|hover&#8221; transform_translate__hover_enabled=&#8221;on|desktop&#8221; transform_rotate__hover_enabled=&#8221;on|desktop&#8221; transform_skew__hover_enabled=&#8221;on|desktop&#8221; transform_origin__hover_enabled=&#8221;on|desktop&#8221; transform_scale__hover=&#8221;110%|110%&#8221;][\/et_pb_blurb][\/et_pb_column][et_pb_column type=&#8221;1_5&#8243; _builder_version=&#8221;4.17.4&#8243; _module_preset=&#8221;default&#8221; global_colors_info=&#8221;{}&#8221;][et_pb_blurb title=&#8221;Yumka Dechen&#8221; url=&#8221;https:\/\/www.patrulrinpoche.net\/yumka-dechen\/&#8221; image=&#8221;http:\/\/www.patrulrinpoche.net\/wp-content\/uploads\/2022\/06\/4-Yumka-Dechen-Gyalmo.jpg&#8221; alt=&#8221;4 Yumka Dechen Gyalmo&#8221; _builder_version=&#8221;4.17.4&#8243; _module_preset=&#8221;default&#8221; header_font=&#8221;EB Garamond|600||on|||||&#8221; header_text_align=&#8221;center&#8221; header_font_size=&#8221;22px&#8221; text_orientation=&#8221;justified&#8221; link_option_url=&#8221;https:\/\/www.patrulrinpoche.net\/yumka-dechen\/&#8221; header_text_align_tablet=&#8221;center&#8221; header_text_align_phone=&#8221;center&#8221; header_text_align_last_edited=&#8221;on|phone&#8221; global_colors_info=&#8221;{}&#8221; filter_brightness__hover_enabled=&#8221;on|hover&#8221; filter_brightness__hover=&#8221;60%&#8221; transform_styles__hover_enabled=&#8221;on|hover&#8221; transform_scale__hover_enabled=&#8221;on|hover&#8221; transform_translate__hover_enabled=&#8221;on|desktop&#8221; transform_rotate__hover_enabled=&#8221;on|desktop&#8221; transform_skew__hover_enabled=&#8221;on|desktop&#8221; transform_origin__hover_enabled=&#8221;on|desktop&#8221; transform_scale__hover=&#8221;110%|110%&#8221;][\/et_pb_blurb][\/et_pb_column][et_pb_column type=&#8221;1_5&#8243; _builder_version=&#8221;4.17.4&#8243; _module_preset=&#8221;default&#8221; global_colors_info=&#8221;{}&#8221;][et_pb_blurb title=&#8221;Singha Mukha&#8221; url=&#8221;https:\/\/www.patrulrinpoche.net\/study-practice\/practice\/drupchen\/singhamukha\/&#8221; image=&#8221;http:\/\/www.patrulrinpoche.net\/wp-content\/uploads\/2022\/06\/5-Simhamukha01_big.jpg&#8221; alt=&#8221;5 Simhamukha&#8221; _builder_version=&#8221;4.17.4&#8243; _module_preset=&#8221;default&#8221; header_font=&#8221;EB Garamond|600||on|||||&#8221; header_text_align=&#8221;center&#8221; header_font_size=&#8221;22px&#8221; text_orientation=&#8221;justified&#8221; link_option_url=&#8221;https:\/\/www.patrulrinpoche.net\/study-practice\/practice\/drupchen\/singhamukha\/&#8221; header_text_align_tablet=&#8221;center&#8221; header_text_align_phone=&#8221;center&#8221; header_text_align_last_edited=&#8221;on|phone&#8221; global_colors_info=&#8221;{}&#8221; filter_brightness__hover_enabled=&#8221;on|hover&#8221; filter_brightness__hover=&#8221;60%&#8221; transform_styles__hover_enabled=&#8221;on|hover&#8221; transform_scale__hover_enabled=&#8221;on|hover&#8221; transform_translate__hover_enabled=&#8221;on|desktop&#8221; transform_rotate__hover_enabled=&#8221;on|desktop&#8221; transform_skew__hover_enabled=&#8221;on|desktop&#8221; transform_origin__hover_enabled=&#8221;on|desktop&#8221; transform_scale__hover=&#8221;110%|110%&#8221;][\/et_pb_blurb][\/et_pb_column][\/et_pb_row][\/et_pb_section]<\/p>\n","protected":false},"excerpt":{"rendered":"<p>Drupchen de ch\u00f6dDrupchen bas\u00e9 sur la sadhana du ch\u00f6d du cycle Dzinpa Rangdrol (Autolib\u00e9ration de l&#8217;attachement) de Do Khyentse, et sur les Tr\u00e9sors du Longchen Nyingthik. Patrul Rinpoche a re\u00e7u la transmission du cycle complet du Dzinpa Rangdrol de Khandro Dazal Wangmo, l&#8217;arri\u00e8re petite-fille de Do Khyentse, et de Kyabje Alak Zenkar Rinpoche, la r\u00e9incarnation [&hellip;]<\/p>\n","protected":false},"author":1,"featured_media":0,"parent":9044,"menu_order":4,"comment_status":"closed","ping_status":"closed","template":"","meta":{"_et_pb_use_builder":"on","_et_pb_old_content":"","_et_gb_content_width":"","footnotes":""},"class_list":["post-8989","page","type-page","status-publish","hentry"],"_links":{"self":[{"href":"https:\/\/www.patrulrinpoche.net\/fr\/wp-json\/wp\/v2\/pages\/8989","targetHints":{"allow":["GET"]}}],"collection":[{"href":"https:\/\/www.patrulrinpoche.net\/fr\/wp-json\/wp\/v2\/pages"}],"about":[{"href":"https:\/\/www.patrulrinpoche.net\/fr\/wp-json\/wp\/v2\/types\/page"}],"author":[{"embeddable":true,"href":"https:\/\/www.patrulrinpoche.net\/fr\/wp-json\/wp\/v2\/users\/1"}],"replies":[{"embeddable":true,"href":"https:\/\/www.patrulrinpoche.net\/fr\/wp-json\/wp\/v2\/comments?post=8989"}],"version-history":[{"count":0,"href":"https:\/\/www.patrulrinpoche.net\/fr\/wp-json\/wp\/v2\/pages\/8989\/revisions"}],"up":[{"embeddable":true,"href":"https:\/\/www.patrulrinpoche.net\/fr\/wp-json\/wp\/v2\/pages\/9044"}],"wp:attachment":[{"href":"https:\/\/www.patrulrinpoche.net\/fr\/wp-json\/wp\/v2\/media?parent=8989"}],"curies":[{"name":"wp","href":"https:\/\/api.w.org\/{rel}","templated":true}]}}