{"id":8994,"date":"2022-08-27T22:29:56","date_gmt":"2022-08-27T20:29:56","guid":{"rendered":"https:\/\/www.patrulrinpoche.net\/singhamukha\/"},"modified":"2024-01-03T14:33:13","modified_gmt":"2024-01-03T13:33:13","slug":"singhamukha","status":"publish","type":"page","link":"https:\/\/www.patrulrinpoche.net\/fr\/etude-pratique\/pratique\/drupchen\/singhamukha\/","title":{"rendered":"Singhamukha"},"content":{"rendered":"<p>[et_pb_section fb_built=&#8221;1&#8243; _builder_version=&#8221;4.17.4&#8243; _module_preset=&#8221;default&#8221; da_disable_devices=&#8221;off|off|off&#8221; global_colors_info=&#8221;{}&#8221; da_is_popup=&#8221;off&#8221; da_exit_intent=&#8221;off&#8221; da_has_close=&#8221;on&#8221; da_alt_close=&#8221;off&#8221; da_dark_close=&#8221;off&#8221; da_not_modal=&#8221;on&#8221; da_is_singular=&#8221;off&#8221; da_with_loader=&#8221;off&#8221; da_has_shadow=&#8221;on&#8221;][et_pb_row _builder_version=&#8221;4.17.4&#8243; _module_preset=&#8221;default&#8221; global_colors_info=&#8221;{}&#8221;][et_pb_column type=&#8221;4_4&#8243; _builder_version=&#8221;4.17.4&#8243; _module_preset=&#8221;default&#8221; global_colors_info=&#8221;{}&#8221;][et_pb_text _builder_version=&#8221;4.17.4&#8243; _module_preset=&#8221;default&#8221; header_3_font_size=&#8221;50px&#8221; header_3_font_size_tablet=&#8221;50px&#8221; header_3_font_size_phone=&#8221;36px&#8221; header_3_font_size_last_edited=&#8221;on|phone&#8221; global_colors_info=&#8221;{}&#8221;]<\/p>\n<h3><strong>Drupchen de Singhamukha<\/strong><\/h3>\n<p>[\/et_pb_text][et_pb_text _builder_version=&#8221;4.17.4&#8243; _module_preset=&#8221;default&#8221; header_4_font=&#8221;EB Garamond|600|||||||&#8221; header_4_font_size=&#8221;22px&#8221; text_orientation=&#8221;justified&#8221; global_colors_info=&#8221;{}&#8221;]<\/p>\n<h4>Drupchen de la d\u00e9it\u00e9 f\u00e9minine \u00e0 t\u00eate de lion des tr\u00e9sors du Longchen Nyingthik. Ranyak Patrul Rinpoche a re\u00e7u la transmission du cycle Longchen Nyingthik principalement de Kyabje Drukpa Tulku Rinpoche.<\/h4>\n<p>[\/et_pb_text][\/et_pb_column][\/et_pb_row][et_pb_row column_structure=&#8221;1_2,1_2&#8243; _builder_version=&#8221;4.17.4&#8243; _module_preset=&#8221;default&#8221; global_colors_info=&#8221;{}&#8221;][et_pb_column type=&#8221;1_2&#8243; _builder_version=&#8221;4.17.4&#8243; _module_preset=&#8221;default&#8221; global_colors_info=&#8221;{}&#8221;][et_pb_image src=&#8221;http:\/\/www.patrulrinpoche.net\/wp-content\/uploads\/2022\/06\/singha.jpg&#8221; alt=&#8221;singha&#8221; title_text=&#8221;singha&#8221; _builder_version=&#8221;4.17.4&#8243; _module_preset=&#8221;default&#8221; global_colors_info=&#8221;{}&#8221;][\/et_pb_image][\/et_pb_column][et_pb_column type=&#8221;1_2&#8243; _builder_version=&#8221;4.17.4&#8243; _module_preset=&#8221;default&#8221; global_colors_info=&#8221;{}&#8221;][et_pb_text _builder_version=&#8221;4.17.4&#8243; _module_preset=&#8221;default&#8221; header_3_font=&#8221;EB Garamond|600|||||||&#8221; header_3_font_size=&#8221;37px&#8221; header_3_font_size_tablet=&#8221;37px&#8221; header_3_font_size_phone=&#8221;30px&#8221; header_3_font_size_last_edited=&#8221;on|phone&#8221; global_colors_info=&#8221;{}&#8221;]<\/p>\n<h3>Comment cela a-t-il commenc\u00e9 ?<\/h3>\n<p>[\/et_pb_text][et_pb_text _builder_version=&#8221;4.17.4&#8243; _module_preset=&#8221;default&#8221; text_orientation=&#8221;justified&#8221; global_colors_info=&#8221;{}&#8221;]<\/p>\n<p>En 2019, Ranyak Patrul Rinpoche a introduit trois retraites de drupchen suppl\u00e9mentaires. Singhamukha est l&#8217;une des pratiques profondes qu&#8217;il a initi\u00e9es. Le premier drupchen de Singhamukha a eu lieu en octobre 2019 dans le centre portugais de Rinpoche, Palgue Nyishar Ling.<\/p>\n<p>[\/et_pb_text][\/et_pb_column][\/et_pb_row][et_pb_row _builder_version=&#8221;4.17.4&#8243; _module_preset=&#8221;default&#8221; global_colors_info=&#8221;{}&#8221;][et_pb_column type=&#8221;4_4&#8243; _builder_version=&#8221;4.17.4&#8243; _module_preset=&#8221;default&#8221; global_colors_info=&#8221;{}&#8221;][et_pb_text _builder_version=&#8221;4.17.4&#8243; _module_preset=&#8221;default&#8221; text_orientation=&#8221;justified&#8221; global_colors_info=&#8221;{}&#8221;]<\/p>\n<p>Pour la premi\u00e8re fois, le co\u00fbt du drupchen au Portugal a \u00e9t\u00e9 presque enti\u00e8rement couvert par des sponsors. Au Tibet, il est courant qu&#8217;une personne, une famille ou une organisation demande un enseignement particulier et prenne en charge les frais d&#8217;organisation, ce qui permet \u00e0 de nombreuses personnes d&#8217;y assister. Les participants doivent souvent se charger eux-m\u00eames de leur h\u00e9bergement et de leur nourriture, mais il arrive aussi que ces services soient offerts. Rinpoche souhaite depuis longtemps organiser des retraites et des cours de cette mani\u00e8re en Occident \u00e9galement. Si vous souhaitez parrainer le drupchen, veuillez voir <a href=\"https:\/\/www.patrulrinpoche.net\/fr\/connexion-soutien\/dons\/\"><span style=\"color: #ff9900;\"><strong>ICI<\/strong><\/span><\/a>.<\/p>\n<p>[\/et_pb_text][\/et_pb_column][\/et_pb_row][et_pb_row _builder_version=&#8221;4.17.4&#8243; _module_preset=&#8221;default&#8221; global_colors_info=&#8221;{}&#8221;][et_pb_column type=&#8221;4_4&#8243; _builder_version=&#8221;4.17.4&#8243; _module_preset=&#8221;default&#8221; global_colors_info=&#8221;{}&#8221;][et_pb_text _builder_version=&#8221;4.17.4&#8243; _module_preset=&#8221;default&#8221; header_3_font=&#8221;EB Garamond|600|||||||&#8221; header_3_font_size=&#8221;37px&#8221; header_3_font_size_tablet=&#8221;37px&#8221; header_3_font_size_phone=&#8221;30px&#8221; header_3_font_size_last_edited=&#8221;on|phone&#8221; global_colors_info=&#8221;{}&#8221;]<\/p>\n<h3>De quoi s&#8217;agit-il ?<\/h3>\n<p>[\/et_pb_text][et_pb_text _builder_version=&#8221;4.17.4&#8243; _module_preset=&#8221;default&#8221; text_orientation=&#8221;justified&#8221; global_colors_info=&#8221;{}&#8221;]<\/p>\n<p>Singhamukha est une divinit\u00e9 f\u00e9minine courrouc\u00e9e \u00e0 visage de lion. Au niveau du dharmakaya, elle est Samantabhadri ; au niveau du sambkogakaya, elle est Vajravarahi ; au niveau du nirmanakaya, elle est Singhamukha. Elle est entour\u00e9e d&#8217;un mandala de dakinis. Dans les cercles int\u00e9rieurs se trouvent six &#8216;tramens&#8217;, divinit\u00e9s f\u00e9minines \u00e0 t\u00eate d&#8217;animal (ici, diff\u00e9rentes t\u00eates d&#8217;oiseaux). Dans le cercle ext\u00e9rieur, trente-deux dakinis sont debout sur des p\u00e9tales de lotus. Il y a des \u00eatres diff\u00e9rents et puissants tout autour. Cette pratique de drupchen est une m\u00e9thode profonde pour d\u00e9truire l&#8217;attachement au soi, \u00e9liminer l&#8217;attachement et l&#8217;aversion, purifier les perceptions impures et cultiver la non-dualit\u00e9. <\/p>\n<p>La sadhana de Singhamukha pr\u00e9sente de nombreux points communs avec Yumka Dechen Gyalmo : sa partie finale (l&#8217;offrande de tsok) est identique \u00e0 la liturgie de Yumka. De plus, pendant le drupchen, les branches et les ajouts aux sadhanas du Longchen Nyinthik (<a href=\"https:\/\/www.patrulrinpoche.net\/fr\/yumka-dechen\/\"><span style=\"color: #ff9900;\"><strong>Yumka<\/strong><\/span><\/a>, <a href=\"https:\/\/www.patrulrinpoche.net\/study-practice\/practice\/drupchen\/rigdzin-dupa\/\"><span style=\"color: #ff9900;\"><strong>Rigdzin D\u00fcpa<\/strong><\/span><\/a> et Singhamukha) sont les m\u00eames.<\/p>\n<p>[\/et_pb_text][et_pb_text _builder_version=&#8221;4.17.4&#8243; _module_preset=&#8221;default&#8221; header_3_font=&#8221;EB Garamond|600|||||||&#8221; header_3_font_size=&#8221;37px&#8221; header_3_font_size_tablet=&#8221;37px&#8221; header_3_font_size_phone=&#8221;30px&#8221; header_3_font_size_last_edited=&#8221;on|phone&#8221; global_colors_info=&#8221;{}&#8221;]<\/p>\n<h3>Apprendre \u00e0 pratiquer<\/h3>\n<p>[\/et_pb_text][et_pb_text _builder_version=&#8221;4.17.4&#8243; _module_preset=&#8221;default&#8221; text_orientation=&#8221;justified&#8221; global_colors_info=&#8221;{}&#8221;]<\/p>\n<p>La particularit\u00e9 de ces drupchens est que Patrul Rinpoche a \u00e9t\u00e9 le premier qui, ann\u00e9e apr\u00e8s ann\u00e9e, a enseign\u00e9 aux Occidentaux comment r\u00e9aliser tous les aspects d&#8217;une sadhana de drupchen. Patrul Rinpoche est le ma\u00eetre vajra, parfois assist\u00e9 de Lop\u00f6n Tsering G\u00f6npo comme assistant vajra, tandis que ses \u00e9tudiants accomplissent toutes les t\u00e2ches n\u00e9cessaires \u00e0 la r\u00e9alisation de la sadhana : chef de chant (umze), instruments, service rituel (ch\u00f6p\u00f6n), tormas, etc.<\/p>\n<p>[\/et_pb_text][et_pb_button button_url=&#8221;https:\/\/www.patrulrinpoche.net\/study-practice\/practice\/drupchen\/&#8221; button_text=&#8221;PLUS DE D\u00c9TAILS ici&#8221; button_alignment=&#8221;center&#8221; _builder_version=&#8221;4.17.4&#8243; _module_preset=&#8221;default&#8221; global_colors_info=&#8221;{}&#8221;][\/et_pb_button][\/et_pb_column][\/et_pb_row][et_pb_row _builder_version=&#8221;4.17.4&#8243; _module_preset=&#8221;default&#8221; global_colors_info=&#8221;{}&#8221;][et_pb_column type=&#8221;4_4&#8243; _builder_version=&#8221;4.17.4&#8243; _module_preset=&#8221;default&#8221; global_colors_info=&#8221;{}&#8221;][et_pb_text _builder_version=&#8221;4.17.4&#8243; _module_preset=&#8221;default&#8221; header_3_font=&#8221;EB Garamond|600|||||||&#8221; header_3_font_size=&#8221;37px&#8221; header_3_font_size_tablet=&#8221;37px&#8221; header_3_font_size_phone=&#8221;30px&#8221; header_3_font_size_last_edited=&#8221;on|phone&#8221; global_colors_info=&#8221;{}&#8221;]<\/p>\n<h3>Histoire<\/h3>\n<p>[\/et_pb_text][et_pb_text _builder_version=&#8221;4.17.4&#8243; _module_preset=&#8221;default&#8221; text_orientation=&#8221;justified&#8221; global_colors_info=&#8221;{}&#8221;]<\/p>\n<p>Le drupchen de Singhamukha a eu lieu \u00e0 :<\/p>\n<p>\u2022 Palgue Nyishar Ling, Portugal, octobre 2019<\/p>\n<p>[\/et_pb_text][\/et_pb_column][\/et_pb_row][et_pb_row _builder_version=&#8221;4.17.4&#8243; _module_preset=&#8221;default&#8221; global_colors_info=&#8221;{}&#8221;][et_pb_column type=&#8221;4_4&#8243; _builder_version=&#8221;4.17.4&#8243; _module_preset=&#8221;default&#8221; global_colors_info=&#8221;{}&#8221;][et_pb_text _builder_version=&#8221;4.17.4&#8243; _module_preset=&#8221;default&#8221; header_3_font_size=&#8221;38px&#8221; header_3_font_size_tablet=&#8221;38px&#8221; header_3_font_size_phone=&#8221;30px&#8221; header_3_font_size_last_edited=&#8221;on|phone&#8221; global_colors_info=&#8221;{}&#8221;]<\/p>\n<h3 style=\"text-align: center;\">Retourner aux autres cours <a href=\"https:\/\/www.patrulrinpoche.net\/study-practice\/practice\/drupchen\/\"><span style=\"color: #ff9900;\">DRUPCHEN<\/span><\/a><\/h3>\n<p>[\/et_pb_text][\/et_pb_column][\/et_pb_row][et_pb_row column_structure=&#8221;1_5,1_5,1_5,1_5,1_5&#8243; _builder_version=&#8221;4.17.4&#8243; _module_preset=&#8221;default&#8221; global_colors_info=&#8221;{}&#8221;][et_pb_column type=&#8221;1_5&#8243; _builder_version=&#8221;4.17.4&#8243; _module_preset=&#8221;default&#8221; global_colors_info=&#8221;{}&#8221;][et_pb_blurb title=&#8221;RIGDZIN D\u00fcPA&#8221; url=&#8221;https:\/\/www.patrulrinpoche.net\/study-practice\/practice\/drupchen\/rigdzin-dupa\/&#8221; image=&#8221;http:\/\/www.patrulrinpoche.net\/wp-content\/uploads\/2022\/06\/1-Rigdzin-Dupa.jpg&#8221; alt=&#8221;1 Rigdzin Dupa&#8221; _builder_version=&#8221;4.17.4&#8243; _module_preset=&#8221;default&#8221; header_font=&#8221;EB Garamond|600||on|||||&#8221; header_text_align=&#8221;center&#8221; header_font_size=&#8221;22px&#8221; text_orientation=&#8221;justified&#8221; link_option_url=&#8221;https:\/\/www.patrulrinpoche.net\/study-practice\/practice\/drupchen\/rigdzin-dupa\/&#8221; header_text_align_tablet=&#8221;center&#8221; header_text_align_phone=&#8221;center&#8221; header_text_align_last_edited=&#8221;on|phone&#8221; global_colors_info=&#8221;{}&#8221; filter_brightness__hover_enabled=&#8221;on|hover&#8221; filter_brightness__hover=&#8221;60%&#8221; transform_styles__hover_enabled=&#8221;on|hover&#8221; transform_scale__hover_enabled=&#8221;on|hover&#8221; transform_translate__hover_enabled=&#8221;on|desktop&#8221; transform_rotate__hover_enabled=&#8221;on|desktop&#8221; transform_skew__hover_enabled=&#8221;on|desktop&#8221; transform_origin__hover_enabled=&#8221;on|desktop&#8221; transform_scale__hover=&#8221;110%|110%&#8221;][\/et_pb_blurb][\/et_pb_column][et_pb_column type=&#8221;1_5&#8243; _builder_version=&#8221;4.17.4&#8243; _module_preset=&#8221;default&#8221; global_colors_info=&#8221;{}&#8221;][et_pb_blurb title=&#8221;Dugngal Rangdrol&#8221; url=&#8221;https:\/\/www.patrulrinpoche.net\/fr\/dugngal-rangdrol\/&#8221; image=&#8221;http:\/\/www.patrulrinpoche.net\/wp-content\/uploads\/2022\/06\/2-dugngal-rangdrol-buddhism.jpg&#8221; alt=&#8221;dugngal rangdrol&#8221; _builder_version=&#8221;4.17.4&#8243; _module_preset=&#8221;default&#8221; header_font=&#8221;EB Garamond|600||on|||||&#8221; header_text_align=&#8221;center&#8221; header_font_size=&#8221;22px&#8221; text_orientation=&#8221;justified&#8221; link_option_url=&#8221;https:\/\/www.patrulrinpoche.net\/fr\/dugngal-rangdrol\/&#8221; hover_enabled=&#8221;0&#8243; header_text_align_tablet=&#8221;center&#8221; header_text_align_phone=&#8221;center&#8221; header_text_align_last_edited=&#8221;on|phone&#8221; global_colors_info=&#8221;{}&#8221; filter_brightness__hover_enabled=&#8221;on|hover&#8221; filter_brightness__hover=&#8221;60%&#8221; transform_styles__hover_enabled=&#8221;on|hover&#8221; transform_scale__hover_enabled=&#8221;on|hover&#8221; transform_translate__hover_enabled=&#8221;on|desktop&#8221; transform_rotate__hover_enabled=&#8221;on|desktop&#8221; transform_skew__hover_enabled=&#8221;on|desktop&#8221; transform_origin__hover_enabled=&#8221;on|desktop&#8221; transform_scale__hover=&#8221;110%|110%&#8221; title_text=&#8221;2 dugngal rangdrol buddhism&#8221; sticky_enabled=&#8221;0&#8243;][\/et_pb_blurb][\/et_pb_column][et_pb_column type=&#8221;1_5&#8243; _builder_version=&#8221;4.17.4&#8243; _module_preset=&#8221;default&#8221; global_colors_info=&#8221;{}&#8221;][et_pb_blurb title=&#8221;Vajrasattva&#8221; url=&#8221;https:\/\/www.patrulrinpoche.net\/study-practice\/practice\/drupchen\/vajrasattva\/&#8221; image=&#8221;http:\/\/www.patrulrinpoche.net\/wp-content\/uploads\/2022\/06\/3-vajrasattva-yab-yum.jpg&#8221; alt=&#8221;3 vajrasattva yab yum&#8221; disabled_on=&#8221;off|off|off&#8221; _builder_version=&#8221;4.17.4&#8243; _module_preset=&#8221;default&#8221; header_font=&#8221;EB Garamond|600||on|||||&#8221; header_text_align=&#8221;center&#8221; header_font_size=&#8221;22px&#8221; text_orientation=&#8221;justified&#8221; link_option_url=&#8221;https:\/\/www.patrulrinpoche.net\/study-practice\/practice\/drupchen\/vajrasattva\/&#8221; header_text_align_tablet=&#8221;center&#8221; header_text_align_phone=&#8221;center&#8221; header_text_align_last_edited=&#8221;on|phone&#8221; global_colors_info=&#8221;{}&#8221; filter_brightness__hover_enabled=&#8221;on|hover&#8221; filter_brightness__hover=&#8221;60%&#8221; transform_styles__hover_enabled=&#8221;on|hover&#8221; transform_scale__hover_enabled=&#8221;on|hover&#8221; transform_translate__hover_enabled=&#8221;on|desktop&#8221; transform_rotate__hover_enabled=&#8221;on|desktop&#8221; transform_skew__hover_enabled=&#8221;on|desktop&#8221; transform_origin__hover_enabled=&#8221;on|desktop&#8221; transform_scale__hover=&#8221;110%|110%&#8221;][\/et_pb_blurb][\/et_pb_column][et_pb_column type=&#8221;1_5&#8243; _builder_version=&#8221;4.17.4&#8243; _module_preset=&#8221;default&#8221; global_colors_info=&#8221;{}&#8221;][et_pb_blurb title=&#8221;Yumka Dechen&#8221; url=&#8221;https:\/\/www.patrulrinpoche.net\/fr\/yumka-dechen\/&#8221; image=&#8221;http:\/\/www.patrulrinpoche.net\/wp-content\/uploads\/2022\/06\/4-Yumka-Dechen-Gyalmo.jpg&#8221; alt=&#8221;4 Yumka Dechen Gyalmo&#8221; _builder_version=&#8221;4.17.4&#8243; _module_preset=&#8221;default&#8221; header_font=&#8221;EB Garamond|600||on|||||&#8221; header_text_align=&#8221;center&#8221; header_font_size=&#8221;22px&#8221; text_orientation=&#8221;justified&#8221; link_option_url=&#8221;https:\/\/www.patrulrinpoche.net\/fr\/yumka-dechen\/&#8221; header_text_align_tablet=&#8221;center&#8221; header_text_align_phone=&#8221;center&#8221; header_text_align_last_edited=&#8221;on|phone&#8221; global_colors_info=&#8221;{}&#8221; filter_brightness__hover_enabled=&#8221;on|hover&#8221; filter_brightness__hover=&#8221;60%&#8221; transform_styles__hover_enabled=&#8221;on|hover&#8221; transform_scale__hover_enabled=&#8221;on|hover&#8221; transform_translate__hover_enabled=&#8221;on|desktop&#8221; transform_rotate__hover_enabled=&#8221;on|desktop&#8221; transform_skew__hover_enabled=&#8221;on|desktop&#8221; transform_origin__hover_enabled=&#8221;on|desktop&#8221; transform_scale__hover=&#8221;110%|110%&#8221;][\/et_pb_blurb][\/et_pb_column][et_pb_column type=&#8221;1_5&#8243; _builder_version=&#8221;4.17.4&#8243; _module_preset=&#8221;default&#8221; global_colors_info=&#8221;{}&#8221;][et_pb_blurb title=&#8221;Ch\u00f6d&#8221; url=&#8221;https:\/\/www.patrulrinpoche.net\/fr\/chod-2\/&#8221; image=&#8221;http:\/\/www.patrulrinpoche.net\/wp-content\/uploads\/2022\/06\/6-chod-machig_labdron.jpg&#8221; alt=&#8221;6 chod machig_labdron&#8221; _builder_version=&#8221;4.17.4&#8243; _module_preset=&#8221;default&#8221; header_font=&#8221;EB Garamond|600||on|||||&#8221; header_text_align=&#8221;center&#8221; header_font_size=&#8221;22px&#8221; text_orientation=&#8221;justified&#8221; link_option_url=&#8221;https:\/\/www.patrulrinpoche.net\/fr\/chod-2\/&#8221; header_text_align_tablet=&#8221;center&#8221; header_text_align_phone=&#8221;center&#8221; header_text_align_last_edited=&#8221;on|phone&#8221; global_colors_info=&#8221;{}&#8221; filter_brightness__hover_enabled=&#8221;on|hover&#8221; filter_brightness__hover=&#8221;60%&#8221; transform_styles__hover_enabled=&#8221;on|hover&#8221; transform_scale__hover_enabled=&#8221;on|hover&#8221; transform_translate__hover_enabled=&#8221;on|desktop&#8221; transform_rotate__hover_enabled=&#8221;on|desktop&#8221; transform_skew__hover_enabled=&#8221;on|desktop&#8221; transform_origin__hover_enabled=&#8221;on|desktop&#8221; transform_scale__hover=&#8221;110%|110%&#8221;][\/et_pb_blurb][\/et_pb_column][\/et_pb_row][\/et_pb_section]<\/p>\n","protected":false},"excerpt":{"rendered":"<p>Drupchen de SinghamukhaDrupchen de la d\u00e9it\u00e9 f\u00e9minine \u00e0 t\u00eate de lion des tr\u00e9sors du Longchen Nyingthik. Ranyak Patrul Rinpoche a re\u00e7u la transmission du cycle Longchen Nyingthik principalement de Kyabje Drukpa Tulku Rinpoche.Comment cela a-t-il commenc\u00e9 ?En 2019, Ranyak Patrul Rinpoche a introduit trois retraites de drupchen suppl\u00e9mentaires. Singhamukha est l&#8217;une des pratiques profondes qu&#8217;il [&hellip;]<\/p>\n","protected":false},"author":1,"featured_media":0,"parent":9044,"menu_order":6,"comment_status":"closed","ping_status":"closed","template":"","meta":{"_et_pb_use_builder":"on","_et_pb_old_content":"","_et_gb_content_width":"","footnotes":""},"class_list":["post-8994","page","type-page","status-publish","hentry"],"_links":{"self":[{"href":"https:\/\/www.patrulrinpoche.net\/fr\/wp-json\/wp\/v2\/pages\/8994","targetHints":{"allow":["GET"]}}],"collection":[{"href":"https:\/\/www.patrulrinpoche.net\/fr\/wp-json\/wp\/v2\/pages"}],"about":[{"href":"https:\/\/www.patrulrinpoche.net\/fr\/wp-json\/wp\/v2\/types\/page"}],"author":[{"embeddable":true,"href":"https:\/\/www.patrulrinpoche.net\/fr\/wp-json\/wp\/v2\/users\/1"}],"replies":[{"embeddable":true,"href":"https:\/\/www.patrulrinpoche.net\/fr\/wp-json\/wp\/v2\/comments?post=8994"}],"version-history":[{"count":0,"href":"https:\/\/www.patrulrinpoche.net\/fr\/wp-json\/wp\/v2\/pages\/8994\/revisions"}],"up":[{"embeddable":true,"href":"https:\/\/www.patrulrinpoche.net\/fr\/wp-json\/wp\/v2\/pages\/9044"}],"wp:attachment":[{"href":"https:\/\/www.patrulrinpoche.net\/fr\/wp-json\/wp\/v2\/media?parent=8994"}],"curies":[{"name":"wp","href":"https:\/\/api.w.org\/{rel}","templated":true}]}}