{"id":9092,"date":"2022-09-03T21:54:41","date_gmt":"2022-09-03T19:54:41","guid":{"rendered":"https:\/\/www.patrulrinpoche.net\/drupchen\/rigdzin-dupa\/"},"modified":"2025-01-21T22:35:08","modified_gmt":"2025-01-21T21:35:08","slug":"rigdzin-dupa","status":"publish","type":"page","link":"https:\/\/www.patrulrinpoche.net\/fr\/etude-pratique\/pratique\/drupchen\/rigdzin-dupa\/","title":{"rendered":"Rigdzin D\u00fcpa"},"content":{"rendered":"<p>[et_pb_section fb_built=&#8221;1&#8243; _builder_version=&#8221;4.17.4&#8243; _module_preset=&#8221;default&#8221; da_disable_devices=&#8221;off|off|off&#8221; global_colors_info=&#8221;{}&#8221; da_is_popup=&#8221;off&#8221; da_exit_intent=&#8221;off&#8221; da_has_close=&#8221;on&#8221; da_alt_close=&#8221;off&#8221; da_dark_close=&#8221;off&#8221; da_not_modal=&#8221;on&#8221; da_is_singular=&#8221;off&#8221; da_with_loader=&#8221;off&#8221; da_has_shadow=&#8221;on&#8221;][et_pb_row _builder_version=&#8221;4.17.4&#8243; _module_preset=&#8221;default&#8221; global_colors_info=&#8221;{}&#8221;][et_pb_column type=&#8221;4_4&#8243; _builder_version=&#8221;4.17.4&#8243; _module_preset=&#8221;default&#8221; global_colors_info=&#8221;{}&#8221;][et_pb_text _builder_version=&#8221;4.17.4&#8243; _module_preset=&#8221;default&#8221; header_3_font_size=&#8221;50px&#8221; header_3_font_size_tablet=&#8221;50px&#8221; header_3_font_size_phone=&#8221;36px&#8221; header_3_font_size_last_edited=&#8221;on|phone&#8221; global_colors_info=&#8221;{}&#8221;]<\/p>\n<h3><strong>Drupchen de Rigdzin D\u00fcpa<\/strong><\/h3>\n<p>[\/et_pb_text][et_pb_text _builder_version=&#8221;4.17.4&#8243; _module_preset=&#8221;default&#8221; header_4_font=&#8221;EB Garamond|600|||||||&#8221; header_4_font_size=&#8221;22px&#8221; text_orientation=&#8221;justified&#8221; global_colors_info=&#8221;{}&#8221;]<\/p>\n<h4>Rigdzin D\u00fcpa (l\u2019assembl\u00e9e des vidyadharas) est une pratique de Guru Rinpoche du cycle de terma du Longchen Nyingthik. Patrul Rinpoche a re\u00e7u la transmission du cycle du Longchen Nyingthik principalement de Kyabje Drukpa Tulku Rinpoche.<\/h4>\n<p>[\/et_pb_text][\/et_pb_column][\/et_pb_row][et_pb_row column_structure=&#8221;1_2,1_2&#8243; _builder_version=&#8221;4.17.4&#8243; _module_preset=&#8221;default&#8221; global_colors_info=&#8221;{}&#8221;][et_pb_column type=&#8221;1_2&#8243; _builder_version=&#8221;4.17.4&#8243; _module_preset=&#8221;default&#8221; global_colors_info=&#8221;{}&#8221;][et_pb_image src=&#8221;http:\/\/www.patrulrinpoche.net\/wp-content\/uploads\/2022\/06\/rigdzin-dupa.jpg&#8221; alt=&#8221;rigdzin dupa&#8221; title_text=&#8221;rigdzin dupa&#8221; _builder_version=&#8221;4.17.4&#8243; _module_preset=&#8221;default&#8221; global_colors_info=&#8221;{}&#8221;][\/et_pb_image][\/et_pb_column][et_pb_column type=&#8221;1_2&#8243; _builder_version=&#8221;4.17.4&#8243; _module_preset=&#8221;default&#8221; global_colors_info=&#8221;{}&#8221;][et_pb_text _builder_version=&#8221;4.17.4&#8243; _module_preset=&#8221;default&#8221; header_3_font=&#8221;EB Garamond|600|||||||&#8221; header_3_font_size=&#8221;37px&#8221; header_3_font_size_tablet=&#8221;37px&#8221; header_3_font_size_phone=&#8221;30px&#8221; header_3_font_size_last_edited=&#8221;on|phone&#8221; global_colors_info=&#8221;{}&#8221;]<\/p>\n<h3>Comment cela a-t-il commenc\u00e9 ?<\/h3>\n<p>[\/et_pb_text][et_pb_text _builder_version=&#8221;4.17.4&#8243; _module_preset=&#8221;default&#8221; text_orientation=&#8221;justified&#8221; global_colors_info=&#8221;{}&#8221;]<\/p>\n<p>Au monast\u00e8re Dzogchen, la pratique de Guru Rinpoche qui est traditionnellement pratiqu\u00e9e chaque ann\u00e9e apr\u00e8s le losar (Nouvel An tib\u00e9tain) provient du cycle terma K\u00f6nchok Chid\u00fc, du tert\u00f6n Jats\u00f6n Nyingpo. Cette tradition a d\u00e9but\u00e9 avec le troisi\u00e8me Dzogchen Rinpoche.<\/p>\n<p>Avec le quatri\u00e8me Dzogchen Rinpoche, le Longchen Nyingthik a commenc\u00e9 \u00e0 \u00eatre pratiqu\u00e9 \u00e0 Dzogchen. En particulier, Gyalse Zhenpen Thaye a apport\u00e9 tout le Longchen Nyingthik \u00e0 l&#8217;Universit\u00e9 Shri Singha. Apr\u00e8s lui, il y a eu de nombreux d\u00e9tenteurs de lign\u00e9es et de ma\u00eetres, comme le 5e Dzogchen Rinpoche, Dza Patrul Rinpoche et bien d&#8217;autres. Le Longchen Nyingthik s&#8217;est r\u00e9pandu dans cette r\u00e9gion.<br \/>Le drupchen du Longchen Nyingthik Rigdzin D\u00fcpa s&#8217;est d\u00e9roul\u00e9 pour la premi\u00e8re fois en \u00e0 <a href=\"https:\/\/web.archive.org\/web\/20210328175812if_\/https:\/\/www.youtube.com\/watch?v=didPElQaOsk\" target=\"_blank\" rel=\"noopener\"><span style=\"color: #ff9900;\"><strong>Dharma City (Belgique)<\/strong><\/span><\/a>, en \u00e9t\u00e9 2008. <\/p>\n<p>[\/et_pb_text][\/et_pb_column][\/et_pb_row][et_pb_row _builder_version=&#8221;4.17.4&#8243; _module_preset=&#8221;default&#8221; global_colors_info=&#8221;{}&#8221;][et_pb_column type=&#8221;4_4&#8243; _builder_version=&#8221;4.17.4&#8243; _module_preset=&#8221;default&#8221; global_colors_info=&#8221;{}&#8221;][et_pb_text _builder_version=&#8221;4.17.4&#8243; _module_preset=&#8221;default&#8221; text_orientation=&#8221;justified&#8221; global_colors_info=&#8221;{}&#8221;]<\/p>\n<p>C&#8217;\u00e9tait une \u2018premi\u00e8re mondiale\u2019 de pratiquer Rigdzin D\u00fcpa sous la forme d&#8217;une retraite intensive de <a href=\"https:\/\/www.patrulrinpoche.net\/fr\/etude-pratique\/pratique\/drupchen\/\"><span style=\"color: #ff9900;\"><strong>drupchen<\/strong><\/span><\/a>, et c&#8217;\u00e9tait aussi le premier drupchen \u00e0 avoir lieu au centre international d&#8217;\u00e9tude et de pratique de Dharma City. Le drupchen a \u00e9t\u00e9 pr\u00e9sid\u00e9 par Dzogchen Ranyak Patrul Rinpoche en tant que ma\u00eetre vajra, avec le soutien de Lop\u00f6n Tsering G\u00f6npo en tant qu&#8217;assistant vajra. Seuls les disciples occidentaux ont accompli les diff\u00e9rentes t\u00e2ches liturgiques et ont maintenu la r\u00e9citation continue du mantra 24\/24. Le cinqui\u00e8me jour du drupchen, la statue colossale de Guru Rinpoche est arriv\u00e9e apr\u00e8s un long voyage depuis l&#8217;Asie. <a href=\"https:\/\/web.archive.org\/web\/20210328175812if_\/https:\/\/www.youtube.com\/watch?v=didPElQaOsk\" target=\"_blank\" rel=\"noopener\"><span style=\"color: #ff9900;\"><strong>(Voir sur youtube)<\/strong><\/span><\/a> ainsi que de nombreux autres signes prometteurs.<\/p>\n<p>[\/et_pb_text][et_pb_text _builder_version=&#8221;4.17.4&#8243; _module_preset=&#8221;default&#8221; header_3_font=&#8221;EB Garamond|600|||||||&#8221; header_3_font_size=&#8221;37px&#8221; header_3_font_size_tablet=&#8221;37px&#8221; header_3_font_size_phone=&#8221;30px&#8221; header_3_font_size_last_edited=&#8221;on|phone&#8221; global_colors_info=&#8221;{}&#8221;]<\/p>\n<h3>De quoi s&#8217;agit-il ?<\/h3>\n<p>[\/et_pb_text][et_pb_text _builder_version=&#8221;4.17.4&#8243; _module_preset=&#8221;default&#8221; text_orientation=&#8221;justified&#8221; global_colors_info=&#8221;{}&#8221;]<\/p>\n<p>Comme l&#8217;a dit Ranyak Patrul Rinpoche dans un message envoy\u00e9 peu avant le premier drupchen, en avril 2008 :<br \/><em>\u00ab Au cours de la premi\u00e8re semaine, nous \u00e9tudierons comment faire la paix \u00e0 l&#8217;ext\u00e9rieur, \u00e0 l&#8217;int\u00e9rieur et en secret et, au cours de la deuxi\u00e8me semaine, il y aura des pri\u00e8res de drupchen, qui sont les pri\u00e8res souhaitant que le monde soit en paix. Ce drupchen est tr\u00e8s b\u00e9n\u00e9fique pour tous les \u00eatres sensibles : ceux qui ont \u00e9t\u00e9 tu\u00e9s par les \u00e9motions agressives des autres, et aussi ceux qui sont morts non naturellement, non pacifiquement. Mais pas seulement pour eux : il sera b\u00e9n\u00e9fique \u00e0 tous les \u00eatres sensibles. <\/em><br \/><em>Cette ann\u00e9e est un peu difficile et \u00e9trange. C&#8217;est pourquoi nous voulons faire ces pri\u00e8res de paix. Pour ceux qui participent \u00e0 ce cours et aux pri\u00e8res de paix du drupchen, qui qu&#8217;ils soient, ce cours apportera certainement des b\u00e9n\u00e9fices &#8211; presque comme une retraite de trois ans. \u00bb<\/em><\/p>\n<p>Rigdzin D\u00fcpa est une sadhana cl\u00e9 du Longchen Nyingthik. L&#8217;aspect int\u00e9rieur du guru Padmasambhava est entour\u00e9 de huit vidyadharas (rigdzin), de vingt-cinq disciples et d&#8217;une vaste suite de dakas, dakinis et protecteurs.<\/p>\n<p>En 2008, Rinpoche a plac\u00e9 des pilules du Dharma dans le sanctuaire du mandala pendant le drupchen, et il a dit que l&#8217;une d&#8217;entre elles \u00e9tait devenue une relique blanche (riksel). Rinpoche a dit que si la relique est bonne, elle se multipliera, et que si cela arrive, il nous les donnera. Ce fut une exp\u00e9rience extraordinaire, et tous les \u00e9tudiants \u00e9taient tr\u00e8s heureux d&#8217;avoir pu y participer. Avec leurs propres mots : \u00ab Nous aimerions tous remercier notre guide parfait pour sa gentillesse et ses b\u00e9n\u00e9dictions, et pour avoir rendu cette exp\u00e9rience possible. Nous permettre de prendre part \u00e0 ce drupchen pour la paix dans le monde et aider \u00e0 maintenir en vie les traditions de notre lign\u00e9e a \u00e9t\u00e9 un privil\u00e8ge et une cause de beaucoup de bonheur dans le futur. \u00bb<\/p>\n<p>[\/et_pb_text][et_pb_text _builder_version=&#8221;4.17.4&#8243; _module_preset=&#8221;default&#8221; header_3_font=&#8221;EB Garamond|600|||||||&#8221; header_3_font_size=&#8221;37px&#8221; header_3_font_size_tablet=&#8221;37px&#8221; header_3_font_size_phone=&#8221;30px&#8221; header_3_font_size_last_edited=&#8221;on|phone&#8221; global_colors_info=&#8221;{}&#8221;]<\/p>\n<h3>Apprendre \u00e0 pratiquer<\/h3>\n<p>[\/et_pb_text][et_pb_text _builder_version=&#8221;4.17.4&#8243; _module_preset=&#8221;default&#8221; text_orientation=&#8221;justified&#8221; global_colors_info=&#8221;{}&#8221;]<\/p>\n<p>La particularit\u00e9 de ces drupchens est que Patrul Rinpoche a \u00e9t\u00e9 le premier qui, ann\u00e9e apr\u00e8s ann\u00e9e, a enseign\u00e9 aux Occidentaux comment r\u00e9aliser tous les aspects d&#8217;une sadhana de drupchen. Patrul Rinpoche est le ma\u00eetre vajra, souvent assist\u00e9 de Lop\u00f6n Tsering G\u00f6npo en tant qu&#8217;assistant vajra, tandis que ses \u00e9tudiants accomplissent toutes les t\u00e2ches n\u00e9cessaires \u00e0 la r\u00e9alisation de la sadhana : chef de chant (umze), instruments, service rituel (chop\u00f6n), mise en place du mandala, r\u00e9alisation des tormas, etc.<\/p>\n<p>[\/et_pb_text][\/et_pb_column][\/et_pb_row][et_pb_row column_structure=&#8221;1_2,1_2&#8243; _builder_version=&#8221;4.17.4&#8243; _module_preset=&#8221;default&#8221; global_colors_info=&#8221;{}&#8221;][et_pb_column type=&#8221;1_2&#8243; _builder_version=&#8221;4.17.4&#8243; _module_preset=&#8221;default&#8221; global_colors_info=&#8221;{}&#8221;][et_pb_button button_url=&#8221;https:\/\/web.archive.org\/web\/20210328175812if_\/https:\/\/www.youtube.com\/watch?v=didPElQaOsk&#8221; url_new_window=&#8221;on&#8221; button_text=&#8221;PLUS DE D\u00c9TAILS ici&#8221; button_alignment=&#8221;center&#8221; _builder_version=&#8221;4.17.4&#8243; _module_preset=&#8221;default&#8221; global_colors_info=&#8221;{}&#8221;][\/et_pb_button][\/et_pb_column][et_pb_column type=&#8221;1_2&#8243; _builder_version=&#8221;4.17.4&#8243; _module_preset=&#8221;default&#8221; global_colors_info=&#8221;{}&#8221;][et_pb_button button_url=&#8221;https:\/\/www.patrulrinpoche.net\/fr\/etude-pratique\/pratique\/drupchen\/&#8221; button_text=&#8221;aller vers &apos;drupchen&apos;&#8221; button_alignment=&#8221;center&#8221; _builder_version=&#8221;4.17.4&#8243; _module_preset=&#8221;default&#8221; global_colors_info=&#8221;{}&#8221;][\/et_pb_button][\/et_pb_column][\/et_pb_row][et_pb_row _builder_version=&#8221;4.17.4&#8243; _module_preset=&#8221;default&#8221; global_colors_info=&#8221;{}&#8221;][et_pb_column type=&#8221;4_4&#8243; _builder_version=&#8221;4.17.4&#8243; _module_preset=&#8221;default&#8221; global_colors_info=&#8221;{}&#8221;][et_pb_text _builder_version=&#8221;4.17.4&#8243; _module_preset=&#8221;default&#8221; header_3_font=&#8221;EB Garamond|600|||||||&#8221; header_3_font_size=&#8221;37px&#8221; header_3_font_size_tablet=&#8221;37px&#8221; header_3_font_size_phone=&#8221;30px&#8221; header_3_font_size_last_edited=&#8221;on|phone&#8221; global_colors_info=&#8221;{}&#8221;]<\/p>\n<h3>Histoire<\/h3>\n<p>[\/et_pb_text][et_pb_text _builder_version=&#8221;4.27.4&#8243; _module_preset=&#8221;default&#8221; text_orientation=&#8221;justified&#8221; hover_enabled=&#8221;0&#8243; global_colors_info=&#8221;{}&#8221; sticky_enabled=&#8221;0&#8243;]<\/p>\n<p>Depuis 2008, le drupchen Rigdzin D\u00fcpa a lieu \u00e0 Dharma City, en Belgique.<\/p>\n<ul>\n<li>Dharma City, Belgique, f\u00e9vrier 2019<\/li>\n<li>Dharma City, Belgique, mars 2018<\/li>\n<li>Dharma City, Belgique, mars 2017<\/li>\n<li>Dharma City, Belgique, f\u00e9vrier 2016<\/li>\n<li>Dharma City, Belgique, f\u00e9vrier\u2013mars 2015<\/li>\n<li>Dharma City, Belgique, mars 2014<\/li>\n<li>Dharma City, Belgique, f\u00e9vrier 2013<\/li>\n<li>Dharma City, Belgique, mars 2012<\/li>\n<li>Dharma City, Belgique, mars 2011<\/li>\n<li> Dharma City, Belgique, ao\u00fbt 2008<\/li>\n<li>Dharma City, Belgique, f\u00e9vrier-mars 2023<\/li>\n<li>Dharma City, Belgique, f\u00e9vrier 2024<\/li>\n<li>Dharma City, Belgique, mars 2025<\/li>\n<\/ul>\n<p>&nbsp;<\/p>\n<p>&nbsp;<\/p>\n<p>&nbsp;<\/p>\n<p>[\/et_pb_text][\/et_pb_column][\/et_pb_row][et_pb_row _builder_version=&#8221;4.17.4&#8243; _module_preset=&#8221;default&#8221; global_colors_info=&#8221;{}&#8221;][et_pb_column type=&#8221;4_4&#8243; _builder_version=&#8221;4.17.4&#8243; _module_preset=&#8221;default&#8221; global_colors_info=&#8221;{}&#8221;][et_pb_text _builder_version=&#8221;4.17.4&#8243; _module_preset=&#8221;default&#8221; header_3_font_size=&#8221;38px&#8221; header_3_font_size_tablet=&#8221;38px&#8221; header_3_font_size_phone=&#8221;30px&#8221; header_3_font_size_last_edited=&#8221;on|phone&#8221; global_colors_info=&#8221;{}&#8221;]<\/p>\n<h3 style=\"text-align: center;\">Retourner aux autres cours <a href=\"https:\/\/www.patrulrinpoche.net\/fr\/etude-pratique\/pratique\/drupchen\/\"><span style=\"color: #ff9900;\">DRUPCHEN<\/span><\/a><\/h3>\n<p>[\/et_pb_text][\/et_pb_column][\/et_pb_row][et_pb_row column_structure=&#8221;1_5,1_5,1_5,1_5,1_5&#8243; _builder_version=&#8221;4.17.4&#8243; _module_preset=&#8221;default&#8221; global_colors_info=&#8221;{}&#8221;][et_pb_column type=&#8221;1_5&#8243; _builder_version=&#8221;4.17.4&#8243; _module_preset=&#8221;default&#8221; global_colors_info=&#8221;{}&#8221;][et_pb_blurb title=&#8221;Dugngal Rangdrol&#8221; url=&#8221;https:\/\/www.patrulrinpoche.net\/fr\/dugngal-rangdrol\/&#8221; image=&#8221;http:\/\/www.patrulrinpoche.net\/wp-content\/uploads\/2022\/06\/2-dugngal-rangdrol-buddhism.jpg&#8221; alt=&#8221;dugngal rangdrol&#8221; _builder_version=&#8221;4.17.4&#8243; _module_preset=&#8221;default&#8221; header_font=&#8221;EB Garamond|600||on|||||&#8221; header_text_align=&#8221;center&#8221; header_font_size=&#8221;22px&#8221; text_orientation=&#8221;justified&#8221; link_option_url=&#8221;https:\/\/www.patrulrinpoche.net\/fr\/dugngal-rangdrol\/&#8221; header_text_align_tablet=&#8221;center&#8221; header_text_align_phone=&#8221;center&#8221; header_text_align_last_edited=&#8221;on|phone&#8221; global_colors_info=&#8221;{}&#8221; filter_brightness__hover_enabled=&#8221;on|hover&#8221; filter_brightness__hover=&#8221;60%&#8221; transform_styles__hover_enabled=&#8221;on|hover&#8221; transform_scale__hover_enabled=&#8221;on|hover&#8221; transform_translate__hover_enabled=&#8221;on|desktop&#8221; transform_rotate__hover_enabled=&#8221;on|desktop&#8221; transform_skew__hover_enabled=&#8221;on|desktop&#8221; transform_origin__hover_enabled=&#8221;on|desktop&#8221; transform_scale__hover=&#8221;110%|110%&#8221;][\/et_pb_blurb][\/et_pb_column][et_pb_column type=&#8221;1_5&#8243; _builder_version=&#8221;4.17.4&#8243; _module_preset=&#8221;default&#8221; global_colors_info=&#8221;{}&#8221;][et_pb_blurb title=&#8221;Vajrasattva&#8221; url=&#8221;https:\/\/www.patrulrinpoche.net\/fr\/etude-pratique\/pratique\/drupchen\/vajrasattva\/&#8221; image=&#8221;http:\/\/www.patrulrinpoche.net\/wp-content\/uploads\/2022\/06\/3-vajrasattva-yab-yum.jpg&#8221; alt=&#8221;3 vajrasattva yab yum&#8221; disabled_on=&#8221;off|off|off&#8221; _builder_version=&#8221;4.17.4&#8243; _module_preset=&#8221;default&#8221; header_font=&#8221;EB Garamond|600||on|||||&#8221; header_text_align=&#8221;center&#8221; header_font_size=&#8221;22px&#8221; text_orientation=&#8221;justified&#8221; link_option_url=&#8221;https:\/\/www.patrulrinpoche.net\/fr\/etude-pratique\/pratique\/drupchen\/vajrasattva\/&#8221; header_text_align_tablet=&#8221;center&#8221; header_text_align_phone=&#8221;center&#8221; header_text_align_last_edited=&#8221;on|phone&#8221; global_colors_info=&#8221;{}&#8221; filter_brightness__hover_enabled=&#8221;on|hover&#8221; filter_brightness__hover=&#8221;60%&#8221; transform_styles__hover_enabled=&#8221;on|hover&#8221; transform_scale__hover_enabled=&#8221;on|hover&#8221; transform_translate__hover_enabled=&#8221;on|desktop&#8221; transform_rotate__hover_enabled=&#8221;on|desktop&#8221; transform_skew__hover_enabled=&#8221;on|desktop&#8221; transform_origin__hover_enabled=&#8221;on|desktop&#8221; transform_scale__hover=&#8221;110%|110%&#8221;][\/et_pb_blurb][\/et_pb_column][et_pb_column type=&#8221;1_5&#8243; _builder_version=&#8221;4.17.4&#8243; _module_preset=&#8221;default&#8221; global_colors_info=&#8221;{}&#8221;][et_pb_blurb title=&#8221;Yumka Dechen&#8221; url=&#8221;https:\/\/www.patrulrinpoche.net\/fr\/yumka-dechen\/&#8221; image=&#8221;http:\/\/www.patrulrinpoche.net\/wp-content\/uploads\/2022\/06\/4-Yumka-Dechen-Gyalmo.jpg&#8221; alt=&#8221;4 Yumka Dechen Gyalmo&#8221; _builder_version=&#8221;4.17.4&#8243; _module_preset=&#8221;default&#8221; header_font=&#8221;EB Garamond|600||on|||||&#8221; header_text_align=&#8221;center&#8221; header_font_size=&#8221;22px&#8221; text_orientation=&#8221;justified&#8221; link_option_url=&#8221;https:\/\/www.patrulrinpoche.net\/fr\/yumka-dechen\/&#8221; header_text_align_tablet=&#8221;center&#8221; header_text_align_phone=&#8221;center&#8221; header_text_align_last_edited=&#8221;on|phone&#8221; global_colors_info=&#8221;{}&#8221; filter_brightness__hover_enabled=&#8221;on|hover&#8221; filter_brightness__hover=&#8221;60%&#8221; transform_styles__hover_enabled=&#8221;on|hover&#8221; transform_scale__hover_enabled=&#8221;on|hover&#8221; transform_translate__hover_enabled=&#8221;on|desktop&#8221; transform_rotate__hover_enabled=&#8221;on|desktop&#8221; transform_skew__hover_enabled=&#8221;on|desktop&#8221; transform_origin__hover_enabled=&#8221;on|desktop&#8221; transform_scale__hover=&#8221;110%|110%&#8221;][\/et_pb_blurb][\/et_pb_column][et_pb_column type=&#8221;1_5&#8243; _builder_version=&#8221;4.17.4&#8243; _module_preset=&#8221;default&#8221; global_colors_info=&#8221;{}&#8221;][et_pb_blurb title=&#8221;Singha Mukha&#8221; url=&#8221;https:\/\/www.patrulrinpoche.net\/fr\/etude-pratique\/pratique\/drupchen\/singhamukha\/&#8221; image=&#8221;http:\/\/www.patrulrinpoche.net\/wp-content\/uploads\/2022\/06\/5-Simhamukha01_big.jpg&#8221; alt=&#8221;5 Simhamukha&#8221; _builder_version=&#8221;4.17.4&#8243; _module_preset=&#8221;default&#8221; header_font=&#8221;EB Garamond|600||on|||||&#8221; header_text_align=&#8221;center&#8221; header_font_size=&#8221;22px&#8221; text_orientation=&#8221;justified&#8221; link_option_url=&#8221;https:\/\/www.patrulrinpoche.net\/fr\/etude-pratique\/pratique\/drupchen\/singhamukha\/&#8221; header_text_align_tablet=&#8221;center&#8221; header_text_align_phone=&#8221;center&#8221; header_text_align_last_edited=&#8221;on|phone&#8221; global_colors_info=&#8221;{}&#8221; filter_brightness__hover_enabled=&#8221;on|hover&#8221; filter_brightness__hover=&#8221;60%&#8221; transform_styles__hover_enabled=&#8221;on|hover&#8221; transform_scale__hover_enabled=&#8221;on|hover&#8221; transform_translate__hover_enabled=&#8221;on|desktop&#8221; transform_rotate__hover_enabled=&#8221;on|desktop&#8221; transform_skew__hover_enabled=&#8221;on|desktop&#8221; transform_origin__hover_enabled=&#8221;on|desktop&#8221; transform_scale__hover=&#8221;110%|110%&#8221;][\/et_pb_blurb][\/et_pb_column][et_pb_column type=&#8221;1_5&#8243; _builder_version=&#8221;4.17.4&#8243; _module_preset=&#8221;default&#8221; global_colors_info=&#8221;{}&#8221;][et_pb_blurb title=&#8221;Ch\u00f6d&#8221; url=&#8221;https:\/\/www.patrulrinpoche.net\/fr\/etude-pratique\/pratique\/drupchen\/chod\/&#8221; image=&#8221;http:\/\/www.patrulrinpoche.net\/wp-content\/uploads\/2022\/06\/6-chod-machig_labdron.jpg&#8221; alt=&#8221;6 chod machig_labdron&#8221; _builder_version=&#8221;4.17.4&#8243; _module_preset=&#8221;default&#8221; header_font=&#8221;EB Garamond|600||on|||||&#8221; header_text_align=&#8221;center&#8221; header_font_size=&#8221;22px&#8221; text_orientation=&#8221;justified&#8221; link_option_url=&#8221;https:\/\/www.patrulrinpoche.net\/fr\/etude-pratique\/pratique\/drupchen\/chod\/&#8221; header_text_align_tablet=&#8221;center&#8221; header_text_align_phone=&#8221;center&#8221; header_text_align_last_edited=&#8221;on|phone&#8221; global_colors_info=&#8221;{}&#8221; filter_brightness__hover_enabled=&#8221;on|hover&#8221; filter_brightness__hover=&#8221;60%&#8221; transform_styles__hover_enabled=&#8221;on|hover&#8221; transform_scale__hover_enabled=&#8221;on|hover&#8221; transform_translate__hover_enabled=&#8221;on|desktop&#8221; transform_rotate__hover_enabled=&#8221;on|desktop&#8221; transform_skew__hover_enabled=&#8221;on|desktop&#8221; transform_origin__hover_enabled=&#8221;on|desktop&#8221; transform_scale__hover=&#8221;110%|110%&#8221;][\/et_pb_blurb][\/et_pb_column][\/et_pb_row][\/et_pb_section]<\/p>\n","protected":false},"excerpt":{"rendered":"<p>Drupchen de Rigdzin D\u00fcpaRigdzin D\u00fcpa (l\u2019assembl\u00e9e des vidyadharas) est une pratique de Guru Rinpoche du cycle de terma du Longchen Nyingthik. Patrul Rinpoche a re\u00e7u la transmission du cycle du Longchen Nyingthik principalement de Kyabje Drukpa Tulku Rinpoche.Comment cela a-t-il commenc\u00e9 ?Au monast\u00e8re Dzogchen, la pratique de Guru Rinpoche qui est traditionnellement pratiqu\u00e9e chaque ann\u00e9e [&hellip;]<\/p>\n","protected":false},"author":1,"featured_media":0,"parent":9044,"menu_order":1,"comment_status":"closed","ping_status":"closed","template":"","meta":{"_et_pb_use_builder":"on","_et_pb_old_content":"","_et_gb_content_width":"","footnotes":""},"class_list":["post-9092","page","type-page","status-publish","hentry"],"_links":{"self":[{"href":"https:\/\/www.patrulrinpoche.net\/fr\/wp-json\/wp\/v2\/pages\/9092","targetHints":{"allow":["GET"]}}],"collection":[{"href":"https:\/\/www.patrulrinpoche.net\/fr\/wp-json\/wp\/v2\/pages"}],"about":[{"href":"https:\/\/www.patrulrinpoche.net\/fr\/wp-json\/wp\/v2\/types\/page"}],"author":[{"embeddable":true,"href":"https:\/\/www.patrulrinpoche.net\/fr\/wp-json\/wp\/v2\/users\/1"}],"replies":[{"embeddable":true,"href":"https:\/\/www.patrulrinpoche.net\/fr\/wp-json\/wp\/v2\/comments?post=9092"}],"version-history":[{"count":0,"href":"https:\/\/www.patrulrinpoche.net\/fr\/wp-json\/wp\/v2\/pages\/9092\/revisions"}],"up":[{"embeddable":true,"href":"https:\/\/www.patrulrinpoche.net\/fr\/wp-json\/wp\/v2\/pages\/9044"}],"wp:attachment":[{"href":"https:\/\/www.patrulrinpoche.net\/fr\/wp-json\/wp\/v2\/media?parent=9092"}],"curies":[{"name":"wp","href":"https:\/\/api.w.org\/{rel}","templated":true}]}}