{"id":9193,"date":"2022-09-05T21:26:18","date_gmt":"2022-09-05T19:26:18","guid":{"rendered":"https:\/\/www.patrulrinpoche.net\/etude-pratique\/pratique\/"},"modified":"2024-02-05T18:00:52","modified_gmt":"2024-02-05T17:00:52","slug":"pratique","status":"publish","type":"page","link":"https:\/\/www.patrulrinpoche.net\/fr\/etude-pratique\/pratique\/","title":{"rendered":"Pratique"},"content":{"rendered":"<p>[et_pb_section fb_built=&#8221;1&#8243; disabled_on=&#8221;off|off|off&#8221; _builder_version=&#8221;4.17.4&#8243; _module_preset=&#8221;default&#8221; background_image=&#8221;http:\/\/www.patrulrinpoche.net\/wp-content\/uploads\/2022\/06\/Patrul-Rinpoche-engaging-students.jpg&#8221; custom_padding=&#8221;0px||0px||false|false&#8221; da_disable_devices=&#8221;off|off|off&#8221; global_colors_info=&#8221;{}&#8221; da_is_popup=&#8221;off&#8221; da_exit_intent=&#8221;off&#8221; da_has_close=&#8221;on&#8221; da_alt_close=&#8221;off&#8221; da_dark_close=&#8221;off&#8221; da_not_modal=&#8221;on&#8221; da_is_singular=&#8221;off&#8221; da_with_loader=&#8221;off&#8221; da_has_shadow=&#8221;on&#8221;][et_pb_row _builder_version=&#8221;4.17.3&#8243; _module_preset=&#8221;default&#8221; global_colors_info=&#8221;{}&#8221;][et_pb_column type=&#8221;4_4&#8243; _builder_version=&#8221;4.17.3&#8243; _module_preset=&#8221;default&#8221; global_colors_info=&#8221;{}&#8221;][et_pb_divider show_divider=&#8221;off&#8221; _builder_version=&#8221;4.17.4&#8243; _module_preset=&#8221;default&#8221; custom_margin=&#8221;0px||||false|false&#8221; global_colors_info=&#8221;{}&#8221;][\/et_pb_divider][et_pb_text _builder_version=&#8221;4.17.4&#8243; _module_preset=&#8221;default&#8221; header_4_font=&#8221;EB Garamond|600|||||||&#8221; header_4_text_align=&#8221;left&#8221; header_4_text_color=&#8221;#FFFFFF&#8221; header_4_font_size=&#8221;66px&#8221; background_enable_image=&#8221;off&#8221; custom_padding=&#8221;430px||40px|0px|false|false&#8221; custom_padding_tablet=&#8221;430px||40px|0px|false|false&#8221; custom_padding_phone=&#8221;330px||||false|false&#8221; custom_padding_last_edited=&#8221;on|phone&#8221; header_4_font_size_tablet=&#8221;66px&#8221; header_4_font_size_phone=&#8221;36px&#8221; header_4_font_size_last_edited=&#8221;on|phone&#8221; header_4_text_shadow_style=&#8221;preset1&#8243; border_width_bottom=&#8221;2px&#8221; border_color_bottom=&#8221;#FFFFFF&#8221; global_colors_info=&#8221;{}&#8221;]<\/p>\n<h4 style=\"text-align: left;\">Pratique<\/h4>\n<p>[\/et_pb_text][\/et_pb_column][\/et_pb_row][et_pb_row column_structure=&#8221;1_6,1_6,1_6,1_6,1_6,1_6&#8243; _builder_version=&#8221;4.17.4&#8243; _module_preset=&#8221;default&#8221; global_colors_info=&#8221;{}&#8221;][et_pb_column type=&#8221;1_6&#8243; _builder_version=&#8221;4.17.4&#8243; _module_preset=&#8221;default&#8221; global_colors_info=&#8221;{}&#8221;][et_pb_text _builder_version=&#8221;4.17.4&#8243; _module_preset=&#8221;default&#8221; header_5_text_color=&#8221;#FFFFFF&#8221; header_5_font_size=&#8221;20px&#8221; custom_margin=&#8221;-30px||||false|false&#8221; link_option_url=&#8221;https:\/\/www.patrulrinpoche.net\/fr\/etude-pratique\/pratique\/pratiques-quotidiennes\/&#8221; header_5_text_shadow_style=&#8221;preset3&#8243; global_colors_info=&#8221;{}&#8221;]<\/p>\n<h5>PRATIQUES QUOTIDIENNES<\/h5>\n<p>[\/et_pb_text][\/et_pb_column][et_pb_column type=&#8221;1_6&#8243; _builder_version=&#8221;4.17.4&#8243; _module_preset=&#8221;default&#8221; global_colors_info=&#8221;{}&#8221;][et_pb_text _builder_version=&#8221;4.17.4&#8243; _module_preset=&#8221;default&#8221; header_5_text_color=&#8221;#FFFFFF&#8221; header_5_font_size=&#8221;20px&#8221; custom_margin=&#8221;-30px||||false|false&#8221; link_option_url=&#8221;https:\/\/www.patrulrinpoche.net\/fr\/etude-pratique\/pratique\/tsok-sojong\/&#8221; header_5_text_shadow_style=&#8221;preset3&#8243; global_colors_info=&#8221;{}&#8221;]<\/p>\n<h5>TSOG &amp; SOJONG<\/h5>\n<p>[\/et_pb_text][\/et_pb_column][et_pb_column type=&#8221;1_6&#8243; _builder_version=&#8221;4.17.4&#8243; _module_preset=&#8221;default&#8221; global_colors_info=&#8221;{}&#8221;][et_pb_text _builder_version=&#8221;4.17.4&#8243; _module_preset=&#8221;default&#8221; header_5_text_color=&#8221;#FFFFFF&#8221; header_5_font_size=&#8221;20px&#8221; text_orientation=&#8221;center&#8221; custom_margin=&#8221;-30px||||false|false&#8221; link_option_url=&#8221;https:\/\/www.patrulrinpoche.net\/fr\/etude-pratique\/pratique\/prieres-de-longue-vie\/&#8221; text_orientation_tablet=&#8221;center&#8221; text_orientation_phone=&#8221;left&#8221; text_orientation_last_edited=&#8221;on|phone&#8221; header_5_text_shadow_style=&#8221;preset3&#8243; global_colors_info=&#8221;{}&#8221;]<\/p>\n<h5>LONGUE VIE<\/h5>\n<h5>PRI\u00c8RES<\/h5>\n<p>[\/et_pb_text][\/et_pb_column][et_pb_column type=&#8221;1_6&#8243; _builder_version=&#8221;4.17.4&#8243; _module_preset=&#8221;default&#8221; global_colors_info=&#8221;{}&#8221;][et_pb_text _builder_version=&#8221;4.17.4&#8243; _module_preset=&#8221;default&#8221; header_5_text_color=&#8221;#FFFFFF&#8221; header_5_font_size=&#8221;20px&#8221; custom_margin=&#8221;-30px||||false|false&#8221; link_option_url=&#8221;https:\/\/www.patrulrinpoche.net\/fr\/etude-pratique\/pratique\/drupchen\/&#8221; header_5_text_shadow_style=&#8221;preset3&#8243; global_colors_info=&#8221;{}&#8221;]<\/p>\n<h5>DRUPCHENS<\/h5>\n<p>[\/et_pb_text][\/et_pb_column][et_pb_column type=&#8221;1_6&#8243; _builder_version=&#8221;4.17.4&#8243; _module_preset=&#8221;default&#8221; global_colors_info=&#8221;{}&#8221;][et_pb_text _builder_version=&#8221;4.22.1&#8243; _module_preset=&#8221;default&#8221; header_5_text_color=&#8221;#FFFFFF&#8221; header_5_font_size=&#8221;20px&#8221; custom_margin=&#8221;-30px||||false|false&#8221; link_option_url=&#8221;https:\/\/www.patrulrinpoche.net\/fr\/etude-pratique\/pratique\/retraites-de-weekend\/&#8221; hover_enabled=&#8221;0&#8243; header_5_text_shadow_style=&#8221;preset3&#8243; global_colors_info=&#8221;{}&#8221; sticky_enabled=&#8221;0&#8243;]<\/p>\n<h5>M\u00c9DITATION<\/h5>\n<p>[\/et_pb_text][\/et_pb_column][et_pb_column type=&#8221;1_6&#8243; _builder_version=&#8221;4.19.4&#8243; _module_preset=&#8221;default&#8221; global_colors_info=&#8221;{}&#8221;][et_pb_text _builder_version=&#8221;4.19.4&#8243; _module_preset=&#8221;default&#8221; header_5_text_color=&#8221;#FFFFFF&#8221; header_5_font_size=&#8221;20px&#8221; custom_margin=&#8221;-30px||||false|false&#8221; link_option_url=&#8221;https:\/\/www.patrulrinpoche.net\/fr\/monlam-%e0%bd%a6%e0%be%a8%e0%bd%bc%e0%bd%93%e0%bc%8b%e0%bd%a3%e0%bd%98%e0%bc%8d\/&#8221; header_5_text_shadow_style=&#8221;preset3&#8243; global_colors_info=&#8221;{}&#8221;]<\/p>\n<h5>M\u00d6NLAM<\/h5>\n<p>[\/et_pb_text][\/et_pb_column][\/et_pb_row][\/et_pb_section][et_pb_section fb_built=&#8221;1&#8243; _builder_version=&#8221;4.17.4&#8243; _module_preset=&#8221;default&#8221; da_disable_devices=&#8221;off|off|off&#8221; global_colors_info=&#8221;{}&#8221; da_is_popup=&#8221;off&#8221; da_exit_intent=&#8221;off&#8221; da_has_close=&#8221;on&#8221; da_alt_close=&#8221;off&#8221; da_dark_close=&#8221;off&#8221; da_not_modal=&#8221;on&#8221; da_is_singular=&#8221;off&#8221; da_with_loader=&#8221;off&#8221; da_has_shadow=&#8221;on&#8221;][et_pb_row _builder_version=&#8221;4.17.4&#8243; _module_preset=&#8221;default&#8221; global_colors_info=&#8221;{}&#8221;][et_pb_column type=&#8221;4_4&#8243; _builder_version=&#8221;4.17.4&#8243; _module_preset=&#8221;default&#8221; global_colors_info=&#8221;{}&#8221;][et_pb_text _builder_version=&#8221;4.17.4&#8243; _module_preset=&#8221;default&#8221; global_colors_info=&#8221;{}&#8221;]<\/p>\n<p>Une fois que vous \u00eates familiaris\u00e9 avec la philosophie, il est bon de rejoindre la pratique. Les cours de Zangdok Palri enseignent aux adeptes, \u00e9tape par \u00e9tape, comment pratiquer.<\/p>\n<p>[\/et_pb_text][\/et_pb_column][\/et_pb_row][et_pb_row column_structure=&#8221;2_5,3_5&#8243; _builder_version=&#8221;4.17.4&#8243; _module_preset=&#8221;default&#8221; global_colors_info=&#8221;{}&#8221;][et_pb_column type=&#8221;2_5&#8243; _builder_version=&#8221;4.17.4&#8243; _module_preset=&#8221;default&#8221; global_colors_info=&#8221;{}&#8221;][et_pb_image src=&#8221;http:\/\/www.patrulrinpoche.net\/wp-content\/uploads\/2022\/06\/mudra-buddhism.png&#8221; alt=&#8221;mudra bouddhisme&#8221; title_text=&#8221;mudra bouddhisme&#8221; align=&#8221;center&#8221; _builder_version=&#8221;4.17.4&#8243; _module_preset=&#8221;default&#8221; global_colors_info=&#8221;{}&#8221;][\/et_pb_image][\/et_pb_column][et_pb_column type=&#8221;3_5&#8243; _builder_version=&#8221;4.17.4&#8243; _module_preset=&#8221;default&#8221; global_colors_info=&#8221;{}&#8221;][et_pb_text _builder_version=&#8221;4.17.4&#8243; _module_preset=&#8221;default&#8221; header_5_font_size=&#8221;25px&#8221; global_colors_info=&#8221;{}&#8221;]<\/p>\n<h5>Qu&#8217;est-ce que les sadhanas et quel est l&#8217;int\u00e9r\u00eat de<\/h5>\n<h5><\/h5>\n<h5>les pratiquer ?<\/h5>\n<p>[\/et_pb_text][\/et_pb_column][\/et_pb_row][et_pb_row _builder_version=&#8221;4.17.4&#8243; _module_preset=&#8221;default&#8221; global_colors_info=&#8221;{}&#8221;][et_pb_column type=&#8221;4_4&#8243; _builder_version=&#8221;4.17.4&#8243; _module_preset=&#8221;default&#8221; global_colors_info=&#8221;{}&#8221;][et_pb_text _builder_version=&#8221;4.17.4&#8243; _module_preset=&#8221;default&#8221; text_orientation=&#8221;justified&#8221; global_colors_info=&#8221;{}&#8221;]<\/p>\n<p>DE MANI\u00c8RE G\u00c9N\u00c9RALE, L&#8217;ID\u00c9E EST DE D\u00c9VELOPPER UNE NOUVELLE PERSPECTIVE OU UNE NOUVELLE FA\u00c7ON DE VOIR LES CHOSES QUI NOUS ENTOURENT.<\/p>\n<p>VOUS APPRENEZ \u00c0 VISUALISER, M\u00c9DITER, CHANTER ET BOUGER. LE CORPS, LA PAROLE ET L&#8217;ESPRIT DOIVENT \u00caTRE IMPLIQU\u00c9S ET OCCUP\u00c9S.<\/p>\n<p>GR\u00c2CE \u00c0 CES MOYENS HABILES, LA PERCEPTION PURE PEUT \u00caTRE D\u00c9VELOPP\u00c9E AVEC LE TEMPS. LE BUT ET LES TECHNIQUES DE LA PRATIQUE SONT CLAIREMENT EXPLIQU\u00c9S PENDANT LE COURS. <\/p>\n<p>[\/et_pb_text][\/et_pb_column][\/et_pb_row][\/et_pb_section][et_pb_section fb_built=&#8221;1&#8243; fullwidth=&#8221;on&#8221; _builder_version=&#8221;4.17.4&#8243; _module_preset=&#8221;default&#8221; da_disable_devices=&#8221;off|off|off&#8221; global_colors_info=&#8221;{}&#8221; da_is_popup=&#8221;off&#8221; da_exit_intent=&#8221;off&#8221; da_has_close=&#8221;on&#8221; da_alt_close=&#8221;off&#8221; da_dark_close=&#8221;off&#8221; da_not_modal=&#8221;on&#8221; da_is_singular=&#8221;off&#8221; da_with_loader=&#8221;off&#8221; da_has_shadow=&#8221;on&#8221;][et_pb_fullwidth_slider _builder_version=&#8221;4.17.4&#8243; _module_preset=&#8221;default&#8221; global_colors_info=&#8221;{}&#8221;][et_pb_slide _builder_version=&#8221;4.17.4&#8243; _module_preset=&#8221;default&#8221; background_enable_color=&#8221;off&#8221; background_image=&#8221;http:\/\/www.patrulrinpoche.net\/wp-content\/uploads\/2022\/06\/Temple-3_Patrul-Rinpoche.jpg&#8221; background_enable_image=&#8221;on&#8221; parallax=&#8221;on&#8221; custom_padding_tablet=&#8221;&#8221; custom_padding_phone=&#8221;150px||150px||false|false&#8221; custom_padding_last_edited=&#8221;on|desktop&#8221; global_colors_info=&#8221;{}&#8221; sticky_transition=&#8221;on&#8221;][\/et_pb_slide][\/et_pb_fullwidth_slider][\/et_pb_section][et_pb_section fb_built=&#8221;1&#8243; _builder_version=&#8221;4.17.4&#8243; _module_preset=&#8221;default&#8221; da_disable_devices=&#8221;off|off|off&#8221; global_colors_info=&#8221;{}&#8221; da_is_popup=&#8221;off&#8221; da_exit_intent=&#8221;off&#8221; da_has_close=&#8221;on&#8221; da_alt_close=&#8221;off&#8221; da_dark_close=&#8221;off&#8221; da_not_modal=&#8221;on&#8221; da_is_singular=&#8221;off&#8221; da_with_loader=&#8221;off&#8221; da_has_shadow=&#8221;on&#8221;][et_pb_row _builder_version=&#8221;4.17.4&#8243; _module_preset=&#8221;default&#8221; global_colors_info=&#8221;{}&#8221;][et_pb_column type=&#8221;4_4&#8243; _builder_version=&#8221;4.17.4&#8243; _module_preset=&#8221;default&#8221; global_colors_info=&#8221;{}&#8221;][et_pb_text _builder_version=&#8221;4.17.4&#8243; _module_preset=&#8221;default&#8221; header_3_font_size=&#8221;37px&#8221; global_colors_info=&#8221;{}&#8221;]<\/p>\n<h3>Le vrai sujet <\/h3>\n<p>[\/et_pb_text][et_pb_text _builder_version=&#8221;4.17.4&#8243; _module_preset=&#8221;default&#8221; text_orientation=&#8221;justified&#8221; global_colors_info=&#8221;{}&#8221;]<\/p>\n<p>Quel que soit l&#8217;objectif de la retraite, quel que soit le texte ou la pratique concern\u00e9s, le v\u00e9ritable sujet de toute philosophie et pratique bouddhiste est toujours le m\u00eame : <strong>la compassion<\/strong>.<\/p>\n<p><strong>L\u2019essence de tout enseignement, pratique, retraite ou rituel bouddhistes est toujours la compassion. <\/strong>M\u00eame lorsque vous \u00e9tudiez des aspects tr\u00e8s profonds de la philosophie bouddhiste, cette philosophie porte essentiellement sur la compassion : comment vous aider vous-m\u00eame et les \u00eatres qui vous entourent de la mani\u00e8re la plus appropri\u00e9e.<\/p>\n<p>AU FIL DES ANN\u00c9ES, LA STRUCTURE DES COURS EST DEVENUE CLAIRE, MONTRANT QU\u2019\u00c0 L\u2019\u00c9VIDENCE RINPOCHE A CR\u00c9\u00c9 UN SYST\u00c8ME COMPLEXE ET HOLISTIQUE D&#8217;\u00c9DUCATION BOUDDHISTE.<\/p>\n<p>[\/et_pb_text][\/et_pb_column][\/et_pb_row][et_pb_row column_structure=&#8221;2_5,3_5&#8243; _builder_version=&#8221;4.17.4&#8243; _module_preset=&#8221;default&#8221; global_colors_info=&#8221;{}&#8221;][et_pb_column type=&#8221;2_5&#8243; _builder_version=&#8221;4.17.4&#8243; _module_preset=&#8221;default&#8221; global_colors_info=&#8221;{}&#8221;][et_pb_image src=&#8221;http:\/\/www.patrulrinpoche.net\/wp-content\/uploads\/2022\/06\/practice-buddhism.png&#8221; alt=&#8221;pratique bouddhiste&#8221; title_text=&#8221;pratique bouddhiste&#8221; align=&#8221;center&#8221; _builder_version=&#8221;4.17.4&#8243; _module_preset=&#8221;default&#8221; global_colors_info=&#8221;{}&#8221;][\/et_pb_image][\/et_pb_column][et_pb_column type=&#8221;3_5&#8243; _builder_version=&#8221;4.17.4&#8243; _module_preset=&#8221;default&#8221; global_colors_info=&#8221;{}&#8221;][et_pb_text _builder_version=&#8221;4.17.4&#8243; _module_preset=&#8221;default&#8221; header_5_font_size=&#8221;25px&#8221; global_colors_info=&#8221;{}&#8221;]<\/p>\n<h5>Que se passe-t-il exactement lors d&#8217;une telle retraite ?<\/h5>\n<h5> <\/h5>\n<h5>Qu&#8217;est-ce qui pousse les gens \u00e0 y participer ?<\/h5>\n<h5> <\/h5>\n<h5>Et quel est l&#8217;int\u00e9r\u00eat d&#8217;une retraite ?<\/h5>\n<h5><\/h5>\n<p>[\/et_pb_text][et_pb_button button_url=&#8221;https:\/\/www.patrulrinpoche.net\/fr\/etude-pratique-suite\/?et_fb=1&amp;PageSpeed=off&#8221; button_text=&#8221;EN SAVOIR PLUS&#8221; _builder_version=&#8221;4.19.4&#8243; _module_preset=&#8221;default&#8221; global_colors_info=&#8221;{}&#8221;][\/et_pb_button][\/et_pb_column][\/et_pb_row][\/et_pb_section]<\/p>\n","protected":false},"excerpt":{"rendered":"<p>PratiquePRATIQUES QUOTIDIENNESTSOG &amp; SOJONGLONGUE VIE PRI\u00c8RESDRUPCHENSM\u00c9DITATIONM\u00d6NLAMUne fois que vous \u00eates familiaris\u00e9 avec la philosophie, il est bon de rejoindre la pratique. Les cours de Zangdok Palri enseignent aux adeptes, \u00e9tape par \u00e9tape, comment pratiquer.Qu&#8217;est-ce que les sadhanas et quel est l&#8217;int\u00e9r\u00eat de les pratiquer ?DE MANI\u00c8RE G\u00c9N\u00c9RALE, L&#8217;ID\u00c9E EST DE D\u00c9VELOPPER UNE NOUVELLE PERSPECTIVE OU [&hellip;]<\/p>\n","protected":false},"author":1,"featured_media":0,"parent":8682,"menu_order":4,"comment_status":"closed","ping_status":"closed","template":"","meta":{"_et_pb_use_builder":"on","_et_pb_old_content":"","_et_gb_content_width":"","footnotes":""},"class_list":["post-9193","page","type-page","status-publish","hentry"],"_links":{"self":[{"href":"https:\/\/www.patrulrinpoche.net\/fr\/wp-json\/wp\/v2\/pages\/9193","targetHints":{"allow":["GET"]}}],"collection":[{"href":"https:\/\/www.patrulrinpoche.net\/fr\/wp-json\/wp\/v2\/pages"}],"about":[{"href":"https:\/\/www.patrulrinpoche.net\/fr\/wp-json\/wp\/v2\/types\/page"}],"author":[{"embeddable":true,"href":"https:\/\/www.patrulrinpoche.net\/fr\/wp-json\/wp\/v2\/users\/1"}],"replies":[{"embeddable":true,"href":"https:\/\/www.patrulrinpoche.net\/fr\/wp-json\/wp\/v2\/comments?post=9193"}],"version-history":[{"count":0,"href":"https:\/\/www.patrulrinpoche.net\/fr\/wp-json\/wp\/v2\/pages\/9193\/revisions"}],"up":[{"embeddable":true,"href":"https:\/\/www.patrulrinpoche.net\/fr\/wp-json\/wp\/v2\/pages\/8682"}],"wp:attachment":[{"href":"https:\/\/www.patrulrinpoche.net\/fr\/wp-json\/wp\/v2\/media?parent=9193"}],"curies":[{"name":"wp","href":"https:\/\/api.w.org\/{rel}","templated":true}]}}