{"id":9196,"date":"2022-09-06T00:01:09","date_gmt":"2022-09-05T22:01:09","guid":{"rendered":"https:\/\/www.patrulrinpoche.net\/etude-pratique\/pratique\/pratiques-quotidiennes\/"},"modified":"2022-09-06T00:01:10","modified_gmt":"2022-09-05T22:01:10","slug":"pratiques-quotidiennes","status":"publish","type":"page","link":"https:\/\/www.patrulrinpoche.net\/fr\/etude-pratique\/pratique\/pratiques-quotidiennes\/","title":{"rendered":"Pratiques quotidiennes"},"content":{"rendered":"<p>[et_pb_section fb_built=&#8221;1&#8243; _builder_version=&#8221;4.17.4&#8243; _module_preset=&#8221;default&#8221; da_disable_devices=&#8221;off|off|off&#8221; global_colors_info=&#8221;{}&#8221; da_is_popup=&#8221;off&#8221; da_exit_intent=&#8221;off&#8221; da_has_close=&#8221;on&#8221; da_alt_close=&#8221;off&#8221; da_dark_close=&#8221;off&#8221; da_not_modal=&#8221;on&#8221; da_is_singular=&#8221;off&#8221; da_with_loader=&#8221;off&#8221; da_has_shadow=&#8221;on&#8221;][et_pb_row _builder_version=&#8221;4.17.4&#8243; _module_preset=&#8221;default&#8221; global_colors_info=&#8221;{}&#8221;][et_pb_column type=&#8221;4_4&#8243; _builder_version=&#8221;4.17.4&#8243; _module_preset=&#8221;default&#8221; global_colors_info=&#8221;{}&#8221;][et_pb_text _builder_version=&#8221;4.17.4&#8243; _module_preset=&#8221;default&#8221; header_3_font_size=&#8221;40px&#8221; global_colors_info=&#8221;{}&#8221;]<\/p>\n<h3>Pratiques quotidiennes<\/h3>\n<p>[\/et_pb_text][et_pb_text _builder_version=&#8221;4.17.4&#8243; _module_preset=&#8221;default&#8221; text_font=&#8221;EB Garamond||||||||&#8221; header_4_font=&#8221;EB Garamond|600|||||||&#8221; header_4_font_size=&#8221;24px&#8221; global_colors_info=&#8221;{}&#8221;]<\/p>\n<h4>Domptez votre esprit, domptez votre esprit, domptez votre esprit avec le Dharma !<\/h4>\n<h4>Si l&#8217;on dompte son esprit avec les quatre pens\u00e9es qui d\u00e9tournent l&#8217;esprit,<\/h4>\n<h4>Alors m\u00eame sans vue, sans m\u00e9ditation, sans r\u00e9citation de mantras, sans \u00e9tapes de cr\u00e9ation et d&#8217;ach\u00e8vement,<\/h4>\n<h4>On ne peut pas confondre le chemin de la libert\u00e9 avec un autre.<\/h4>\n<p>[\/et_pb_text][et_pb_text _builder_version=&#8221;4.17.4&#8243; _module_preset=&#8221;default&#8221; header_5_font_size=&#8221;19px&#8221; global_colors_info=&#8221;{}&#8221;]<\/p>\n<h5 style=\"text-align: right;\">DZA PATRUL RINPOCHE,<em> Conseil \u00e0 Kunzang Ch\u00f6gyal<\/em><\/h5>\n<p>[\/et_pb_text][\/et_pb_column][\/et_pb_row][et_pb_row column_structure=&#8221;1_2,1_2&#8243; _builder_version=&#8221;4.17.4&#8243; _module_preset=&#8221;default&#8221; global_colors_info=&#8221;{}&#8221;][et_pb_column type=&#8221;1_2&#8243; _builder_version=&#8221;4.17.4&#8243; _module_preset=&#8221;default&#8221; global_colors_info=&#8221;{}&#8221;][et_pb_image src=&#8221;http:\/\/www.patrulrinpoche.net\/wp-content\/uploads\/2022\/06\/ngondro-field-of-refuge.jpg&#8221; alt=&#8221;ng\u00f6ndro champ de refuge&#8221; title_text=&#8221;ng\u00f6ndro champ de refuge&#8221; _builder_version=&#8221;4.17.4&#8243; _module_preset=&#8221;default&#8221; global_colors_info=&#8221;{}&#8221;][\/et_pb_image][\/et_pb_column][et_pb_column type=&#8221;1_2&#8243; _builder_version=&#8221;4.17.4&#8243; _module_preset=&#8221;default&#8221; global_colors_info=&#8221;{}&#8221;][et_pb_text _builder_version=&#8221;4.17.4&#8243; _module_preset=&#8221;default&#8221; header_3_font_size=&#8221;35px&#8221; global_colors_info=&#8221;{}&#8221;]<\/p>\n<h3>Ng\u00f6ndro<\/h3>\n<p>[\/et_pb_text][et_pb_text _builder_version=&#8221;4.17.4&#8243; _module_preset=&#8221;default&#8221; text_orientation=&#8221;justified&#8221; global_colors_info=&#8221;{}&#8221;]<\/p>\n<p><strong>Le NG\u00f6NDRO (PR\u00c9LIMINAIRES)<\/strong> est une pratique commune \u00e0 toutes les \u00e9coles du bouddhisme tib\u00e9tain, comme pr\u00e9paration \u00e0 la pratique de la sadhana. On peut penser que les \u2018pr\u00e9liminaires\u2019 ne sont pas aussi importants que la pratique principale. Cependant, il a \u00e9t\u00e9 soulign\u00e9 par les plus grands ma\u00eetres que le ng\u00f6ndro est un entra\u00eenement extr\u00eamement profond. Il est indispensable d&#8217;assouplir l&#8217;esprit et de le pr\u00e9parer \u00e0 voir sa vraie nature, un peu comme un agriculteur qui laboure son champ. Comment une graine pourrait-elle germer et prendre racine dans une terre dure et s\u00e8che ? De la m\u00eame fa\u00e7on, la pratique du ng\u00f6ndro rend l&#8217;esprit exploitable, gr\u00e2ce aux m\u00e9ditations pr\u00e9liminaires ext\u00e9rieures et int\u00e9rieures. Les pratiquants les plus accomplis ont maintenu leur pratique ng\u00f6ndro de fa\u00e7on continue. Le tr\u00e8s accompli Dza Patrul Rinpoche a re\u00e7u vingt-cinq fois les instructions sur le ng\u00f6ndro de son ma\u00eetre Jigme Gyalwe Nyugu et l&#8217;a pratiqu\u00e9 toute sa vie. Cela montre l&#8217;importance et la profondeur de cette pratique. Il a compos\u00e9 le c\u00e9l\u00e8bre manuel d&#8217;instruction <span style=\"color: #ff9900;\"><strong><a href=\"https:\/\/www.patrulrinpoche.net\/fr\/etude-pratique\/programmes-detudes\/cours-detudes-bouddhistes-generales\/\" style=\"color: #ff9900;\"><em>Le chemin de la grande perfection<\/em><\/a><\/strong><\/span>, un guide des pr\u00e9liminaires du <a href=\"https:\/\/www.patrulrinpoche.net\/fr\/patrul-rinpoche\/lignee-longchen-nyingthig\/\"><span style=\"color: #ff9900;\"><strong>Longchen Nyingthik<\/strong><\/span><\/a>, qui est la pratique ng\u00f6ndro de notre lign\u00e9e.<\/p>\n<p>[\/et_pb_text][\/et_pb_column][\/et_pb_row][et_pb_row _builder_version=&#8221;4.17.4&#8243; _module_preset=&#8221;default&#8221; global_colors_info=&#8221;{}&#8221;][et_pb_column type=&#8221;4_4&#8243; _builder_version=&#8221;4.17.4&#8243; _module_preset=&#8221;default&#8221; global_colors_info=&#8221;{}&#8221;][et_pb_text _builder_version=&#8221;4.17.4&#8243; _module_preset=&#8221;default&#8221; text_orientation=&#8221;justified&#8221; global_colors_info=&#8221;{}&#8221;]<\/p>\n<p><strong>LES PR\u00c9LIMINAIRES EXT\u00c9RIEURS<\/strong>sont une suite de contemplations communes \u00e0 toutes les \u00e9coles bouddhistes, qui renforcent la d\u00e9termination \u00e0 pratiquer. Elles ne sont pas difficiles \u00e0 comprendre, mais nous aimons nous divertir avec des id\u00e9es incoh\u00e9rentes&#8230; Dans la terminologie bouddhiste, ces contemplations sont commun\u00e9ment appel\u00e9es &#8216;les quatre pens\u00e9es qui d\u00e9tournent l&#8217;esprit du samsara&#8217; : 1) la difficult\u00e9 d&#8217;obtenir les libert\u00e9s et les avantages d&#8217;une vie humaine pr\u00e9cieuse, 2) l&#8217;impermanence de la vie, 3) les d\u00e9fauts du samsara, et 4) le principe de cause \u00e0 effet. Avec la certitude qui s&#8217;ensuit que trouver la lib\u00e9ration est bien l&#8217;entreprise la plus importante, on s&#8217;en remet \u00e0 un ma\u00eetre spirituel qui montre le chemin sans d\u00e9tours et qui a la comp\u00e9tence n\u00e9cessaire pour nous aider \u00e0 l&#8217;accomplir.<\/p>\n<p>[\/et_pb_text][\/et_pb_column][\/et_pb_row][et_pb_row column_structure=&#8221;2_3,1_3&#8243; _builder_version=&#8221;4.17.4&#8243; _module_preset=&#8221;default&#8221; global_colors_info=&#8221;{}&#8221;][et_pb_column type=&#8221;2_3&#8243; _builder_version=&#8221;4.17.4&#8243; _module_preset=&#8221;default&#8221; global_colors_info=&#8221;{}&#8221;][et_pb_text _builder_version=&#8221;4.17.4&#8243; _module_preset=&#8221;default&#8221; text_orientation=&#8221;justified&#8221; global_colors_info=&#8221;{}&#8221;]<\/p>\n<p><strong>LES PR\u00c9LIMINAIRES INT\u00c9RIEURS <\/strong>sont sp\u00e9cifiques au Vajrayana, la branche du bouddhisme qui s&#8217;est \u00e9panouie au Tibet. Dans notre tradition, il s&#8217;agit d&#8217;une s\u00e9quence de six pratiques (ou m\u00e9ditations) comprenant des visualisations, des r\u00e9citations de versets ou de mantras, une \u00e9tape de cr\u00e9ation et une \u00e9tape d&#8217;ach\u00e8vement.<\/p>\n<p>[\/et_pb_text][\/et_pb_column][et_pb_column type=&#8221;1_3&#8243; _builder_version=&#8221;4.17.4&#8243; _module_preset=&#8221;default&#8221; global_colors_info=&#8221;{}&#8221;][et_pb_image src=&#8221;http:\/\/www.patrulrinpoche.net\/wp-content\/uploads\/2022\/06\/buddhist-mudra.png&#8221; alt=&#8221;mudra bouddhiste&#8221; title_text=&#8221;mudra bouddhiste&#8221; _builder_version=&#8221;4.17.4&#8243; _module_preset=&#8221;default&#8221; global_colors_info=&#8221;{}&#8221;][\/et_pb_image][\/et_pb_column][\/et_pb_row][et_pb_row _builder_version=&#8221;4.17.4&#8243; _module_preset=&#8221;default&#8221; global_colors_info=&#8221;{}&#8221;][et_pb_column type=&#8221;4_4&#8243; _builder_version=&#8221;4.17.4&#8243; _module_preset=&#8221;default&#8221; global_colors_info=&#8221;{}&#8221;][et_pb_text _builder_version=&#8221;4.17.4&#8243; _module_preset=&#8221;default&#8221; text_orientation=&#8221;justified&#8221; global_colors_info=&#8221;{}&#8221;]<\/p>\n<p>Ces cinq pratiques sont : 1) Prise de refuge, 2) Bodhichitta, 3) Vajrasattva, 4) Mandala et 5) Prosternations sur la pri\u00e8re \u00e0 sept branches. Traditionnellement, les pratiquants accumulent 100 000 r\u00e9citations pour chacune d&#8217;elles, soit 500 000 au total. La pratique du guru yoga consiste en une accumulation distincte de 1 200 000 mantras du guru (12 fois 100 000). Certains m\u00e9ditants les accumulent lentement et r\u00e9guli\u00e8rement, tandis que d&#8217;autres font des retraites intensives avec plusieurs s\u00e9ances de pratique par Les grands ma\u00eetres et pratiquants accumulent le ng\u00f6ndro plusieurs fois, par exemple 10, 15 ou 20 fois l&#8217;accumulation de 500 000 et 1 200 000. Le but est de cultiver les pr\u00e9liminaires ext\u00e9rieurs et int\u00e9rieurs jusqu&#8217;\u00e0 ce que l&#8217;esprit en soit profond\u00e9ment impr\u00e9gn\u00e9.<\/p>\n<p>[\/et_pb_text][et_pb_image src=&#8221;http:\/\/www.patrulrinpoche.net\/wp-content\/uploads\/2022\/06\/ngondro-refuge-tree_with-names.jpg&#8221; alt=&#8221;ng\u00f6ndro arbre de refuge avec noms&#8221; title_text=&#8221;ng\u00f6ndro arbre de refuge avec noms&#8221; _builder_version=&#8221;4.17.4&#8243; _module_preset=&#8221;default&#8221; global_colors_info=&#8221;{}&#8221;][\/et_pb_image][\/et_pb_column][\/et_pb_row][et_pb_row _builder_version=&#8221;4.17.4&#8243; _module_preset=&#8221;default&#8221; global_colors_info=&#8221;{}&#8221;][et_pb_column type=&#8221;4_4&#8243; _builder_version=&#8221;4.17.4&#8243; _module_preset=&#8221;default&#8221; global_colors_info=&#8221;{}&#8221;][et_pb_text _builder_version=&#8221;4.17.4&#8243; _module_preset=&#8221;default&#8221; text_orientation=&#8221;justified&#8221; global_colors_info=&#8221;{}&#8221;]<\/p>\n<p><strong>RANYAK PATRUL RINPOCHE<\/strong> enseigne depuis des d\u00e9cennies le guide des pr\u00e9liminaires du Longchen Nyingthik, <a href=\"https:\/\/www.patrulrinpoche.net\/fr\/etude-pratique\/programmes-detudes\/cours-detudes-bouddhistes-generales\/\"><span style=\"color: #ff9900;\"><strong><em>Le chemin de la grande perfection<\/em><\/strong><\/span><\/a>. Ses enseignements les plus r\u00e9cents ont \u00e9t\u00e9 diffus\u00e9s en ligne et sont accessibles sur sa <a href=\"https:\/\/www.youtube.com\/playlist?list=PLBS54w9itguXowfehksusE8lKvI2MIH1O\" target=\"_blank\" rel=\"noopener\"><span style=\"color: #ff9900;\"><strong>cha\u00eene YouTube <\/strong><\/span><\/a>.<\/p>\n<p>[\/et_pb_text][\/et_pb_column][\/et_pb_row][et_pb_row _builder_version=&#8221;4.17.4&#8243; _module_preset=&#8221;default&#8221; global_colors_info=&#8221;{}&#8221;][et_pb_column type=&#8221;4_4&#8243; _builder_version=&#8221;4.17.4&#8243; _module_preset=&#8221;default&#8221; global_colors_info=&#8221;{}&#8221;][et_pb_text _builder_version=&#8221;4.17.4&#8243; _module_preset=&#8221;default&#8221; header_5_font_size=&#8221;20px&#8221; global_colors_info=&#8221;{}&#8221;]<\/p>\n<h5 style=\"text-align: center;\">Si vous souhaitez rejoindre notre ng\u00f6ndro du matin en ligne,<\/h5>\n<p>[\/et_pb_text][et_pb_button button_url=&#8221;https:\/\/www.patrulrinpoche.net\/fr\/connexion-soutien\/contact\/&#8221; button_text=&#8221;contactez-nous&#8221; button_alignment=&#8221;center&#8221; _builder_version=&#8221;4.17.4&#8243; _module_preset=&#8221;default&#8221; global_colors_info=&#8221;{}&#8221;][\/et_pb_button][\/et_pb_column][\/et_pb_row][et_pb_row _builder_version=&#8221;4.17.4&#8243; _module_preset=&#8221;default&#8221; global_colors_info=&#8221;{}&#8221;][et_pb_column type=&#8221;4_4&#8243; _builder_version=&#8221;4.17.4&#8243; _module_preset=&#8221;default&#8221; global_colors_info=&#8221;{}&#8221;][et_pb_text _builder_version=&#8221;4.17.4&#8243; _module_preset=&#8221;default&#8221; header_3_font_size=&#8221;35px&#8221; global_colors_info=&#8221;{}&#8221;]<\/p>\n<h3>Sur blanc<\/h3>\n<p>[\/et_pb_text][\/et_pb_column][\/et_pb_row][et_pb_row column_structure=&#8221;1_2,1_2&#8243; _builder_version=&#8221;4.17.4&#8243; _module_preset=&#8221;default&#8221; global_colors_info=&#8221;{}&#8221;][et_pb_column type=&#8221;1_2&#8243; _builder_version=&#8221;4.17.4&#8243; _module_preset=&#8221;default&#8221; global_colors_info=&#8221;{}&#8221;][et_pb_image src=&#8221;http:\/\/www.patrulrinpoche.net\/wp-content\/uploads\/2022\/06\/daily-Smoke-puja-3.jpg&#8221; alt=&#8221;puja de fum\u00e9e quotidienne 3&#8243; title_text=&#8221;puja de fum\u00e9e quotidienne 3&#8243; disabled_on=&#8221;off|on|on&#8221; _builder_version=&#8221;4.17.4&#8243; _module_preset=&#8221;default&#8221; global_colors_info=&#8221;{}&#8221;][\/et_pb_image][et_pb_text _builder_version=&#8221;4.17.4&#8243; _module_preset=&#8221;default&#8221; text_orientation=&#8221;justified&#8221; global_colors_info=&#8221;{}&#8221;]<\/p>\n<p><span style=\"color: #333333;\"><strong>LE SUR BLANC <\/strong><\/span> est une pratique du soir o\u00f9 l&#8217;on offre de la fum\u00e9e, avec l&#8217;aspiration d&#8217;exaucer les souhaits de tous les \u00eatres et de soulager leurs souffrances. C&#8217;est une m\u00e9thode pour cultiver la bodhicitta, la bont\u00e9 du c\u0153ur, la g\u00e9n\u00e9rosit\u00e9 et l&#8217;altruisme. Les b\u00e9n\u00e9ficiaires sont traditionnellement class\u00e9s en quatre cat\u00e9gories : les deux classes d&#8217;invit\u00e9s d&#8217;en haut, dont 1) les bouddhas, bodhisattvas, ma\u00eetres spirituels et 2) les protecteurs des enseignements du Dharma, et les deux classes d&#8217;invit\u00e9s d&#8217;en bas, notamment 3) les esprits nuisibles, les cr\u00e9anciers karmiques et 4) tous les \u00eatres sensibles qui souffrent, et tout particuli\u00e8rement les esprits avides (pretas).<\/p>\n<p>[\/et_pb_text][\/et_pb_column][et_pb_column type=&#8221;1_2&#8243; _builder_version=&#8221;4.17.4&#8243; _module_preset=&#8221;default&#8221; global_colors_info=&#8221;{}&#8221;][et_pb_image src=&#8221;http:\/\/www.patrulrinpoche.net\/wp-content\/uploads\/2022\/06\/daily-Smoke-puja-3.jpg&#8221; alt=&#8221;puja de fum\u00e9e quotidienne 3&#8243; title_text=&#8221;puja de fum\u00e9e quotidienne 3&#8243; disabled_on=&#8221;on|off|off&#8221; _builder_version=&#8221;4.17.4&#8243; _module_preset=&#8221;default&#8221; global_colors_info=&#8221;{}&#8221;][\/et_pb_image][\/et_pb_column][\/et_pb_row][et_pb_row column_structure=&#8221;1_2,1_2&#8243; _builder_version=&#8221;4.17.4&#8243; _module_preset=&#8221;default&#8221; global_colors_info=&#8221;{}&#8221;][et_pb_column type=&#8221;1_2&#8243; _builder_version=&#8221;4.17.4&#8243; _module_preset=&#8221;default&#8221; global_colors_info=&#8221;{}&#8221;][et_pb_image src=&#8221;http:\/\/www.patrulrinpoche.net\/wp-content\/uploads\/2022\/06\/daily-smoke-puja.jpg&#8221; alt=&#8221;puja quotidienne de fum\u00e9e&#8221; title_text=&#8221;puja quotidienne de fum\u00e9e&#8221; _builder_version=&#8221;4.17.4&#8243; _module_preset=&#8221;default&#8221; global_colors_info=&#8221;{}&#8221;][\/et_pb_image][\/et_pb_column][et_pb_column type=&#8221;1_2&#8243; _builder_version=&#8221;4.17.4&#8243; _module_preset=&#8221;default&#8221; global_colors_info=&#8221;{}&#8221;][et_pb_text _builder_version=&#8221;4.17.4&#8243; _module_preset=&#8221;default&#8221; text_orientation=&#8221;justified&#8221; global_colors_info=&#8221;{}&#8221;]<\/p>\n<p><span style=\"color: #333333;\"><strong>QUE SE PASSE-T-IL PENDANT LA PRATIQUE ?<\/strong><\/span> La pratique est pr\u00e9c\u00e9d\u00e9e de la r\u00e9citation du Sutra des trois monceaux et suivie des Pri\u00e8res du Roi de l&#8217;Aspiration : &#8216;L&#8217;aspiration aux bonnes actions&#8217; de Samantabhadra et parfois d&#8217;autres aspirations. Pendant la pratique elle-m\u00eame, un m\u00e9lange de diff\u00e9rentes substances est r\u00e9pandu sur des braises incandescentes, produisant une \u00e9paisse fum\u00e9e blanche parfum\u00e9e. Ces substances comprennent de la farine d&#8217;orge, du beurre, du th\u00e9, du miel, etc. \u00c0 <a href=\"https:\/\/www.patrulrinpoche.net\/fr\/dharma-city\/\"><span style=\"color: #ff9900;\"><strong>Dharma City<\/strong><\/span><\/a>, cette offrande a lieu tous les jours. Si vous vous participez en ligne, il n&#8217;est pas n\u00e9cessaire de faire l&#8217;offrande de fum\u00e9e chez vous, car cela peut \u00eatre difficile \u00e0 organiser dans un appartement. Vous pouvez n\u00e9anmoins faire votre propre offrande, si vous le souhaitez.<\/p>\n<p>[\/et_pb_text][\/et_pb_column][\/et_pb_row][et_pb_row _builder_version=&#8221;4.17.4&#8243; _module_preset=&#8221;default&#8221; global_colors_info=&#8221;{}&#8221;][et_pb_column type=&#8221;4_4&#8243; _builder_version=&#8221;4.17.4&#8243; _module_preset=&#8221;default&#8221; global_colors_info=&#8221;{}&#8221;][et_pb_text _builder_version=&#8221;4.17.4&#8243; _module_preset=&#8221;default&#8221; header_5_font_size=&#8221;20px&#8221; global_colors_info=&#8221;{}&#8221;]<\/p>\n<h5 style=\"text-align: center;\">Si vous souhaitez vous joindre \u00e0 notre Sur du soir en ligne,<\/h5>\n<p>[\/et_pb_text][et_pb_button button_url=&#8221;https:\/\/www.patrulrinpoche.net\/fr\/connexion-soutien\/contact\/&#8221; button_text=&#8221;contactez-nous&#8221; button_alignment=&#8221;center&#8221; _builder_version=&#8221;4.17.4&#8243; _module_preset=&#8221;default&#8221; hover_enabled=&#8221;0&#8243; global_colors_info=&#8221;{}&#8221; sticky_enabled=&#8221;0&#8243;][\/et_pb_button][\/et_pb_column][\/et_pb_row][et_pb_row _builder_version=&#8221;4.17.4&#8243; _module_preset=&#8221;default&#8221; global_colors_info=&#8221;{}&#8221;][et_pb_column type=&#8221;4_4&#8243; _builder_version=&#8221;4.17.4&#8243; _module_preset=&#8221;default&#8221; global_colors_info=&#8221;{}&#8221;][et_pb_text _builder_version=&#8221;4.17.4&#8243; _module_preset=&#8221;default&#8221; header_3_font_size=&#8221;35px&#8221; global_colors_info=&#8221;{}&#8221;]<\/p>\n<h3>Ch\u00f6d<\/h3>\n<p>[\/et_pb_text][\/et_pb_column][\/et_pb_row][et_pb_row column_structure=&#8221;1_2,1_2&#8243; _builder_version=&#8221;4.17.4&#8243; _module_preset=&#8221;default&#8221; global_colors_info=&#8221;{}&#8221;][et_pb_column type=&#8221;1_2&#8243; _builder_version=&#8221;4.17.4&#8243; _module_preset=&#8221;default&#8221; global_colors_info=&#8221;{}&#8221;][et_pb_image src=&#8221;http:\/\/www.patrulrinpoche.net\/wp-content\/uploads\/2022\/06\/chod-labdron.png&#8221; alt=&#8221;ch\u00f6d labdron&#8221; title_text=&#8221;ch\u00f6d labdron&#8221; disabled_on=&#8221;off|on|on&#8221; _builder_version=&#8221;4.17.4&#8243; _module_preset=&#8221;default&#8221; global_colors_info=&#8221;{}&#8221;][\/et_pb_image][et_pb_text _builder_version=&#8221;4.17.4&#8243; _module_preset=&#8221;default&#8221; text_orientation=&#8221;justified&#8221; global_colors_info=&#8221;{}&#8221;]<\/p>\n<p><strong>LA PRATIQUE DU TRANCHER<\/strong>, que le nom tib\u00e9tain \u2018ch\u00f6d\u2019 signifie, est une pratique profonde pour trancher l&#8217;ego. Pratiqu\u00e9e partout au Tibet, elle poss\u00e8de de nombreuses lign\u00e9es de transmission qui ont \u00e9t\u00e9 initi\u00e9es par le Siddha indien Pa-Dampa Sangye et sa disciple f\u00e9minine tib\u00e9taine Machig Labdr\u00f6n. Le ch\u00f6d s&#8217;enracine dans les enseignements de la Prajnaparamita, la Perfection de la Sagesse. Comme la pratique du Sur, le ch\u00f6d implique une offrande aux quatre classes d&#8217;h\u00f4tes. Mais cette fois, il s&#8217;agit de l&#8217;offrande visualis\u00e9e de son propre corps, transform\u00e9 en substances les plus pr\u00e9cieuses et les plus d\u00e9sirables. C&#8217;est une excellente m\u00e9thode pour \u00e9liminer l&#8217;attachement au soi. Le ch\u00f6d que nous pratiquons est L\u2019\u00e9clat de rire de la dakini (Khandro Kejang). Traditionnellement, le ch\u00f6d est pratiqu\u00e9 avec des instruments rituels et les airs des chants de la liturgie sont tr\u00e8s m\u00e9lodieux.<\/p>\n<p>Nous ne nous r\u00e9unissons pas en ligne pour cette pratique. Si vous voulez en savoir plus sur le ch\u00f6d, vous pouvez visiter notre <a href=\"https:\/\/www.patrulrinpoche.net\/fr\/etude-pratique\/pratique\/drupchen\/\"><strong><span style=\"color: #ff9900;\">page du drupchen de ch\u00f6d<\/span><\/strong><\/a>.<\/p>\n<p>[\/et_pb_text][\/et_pb_column][et_pb_column type=&#8221;1_2&#8243; _builder_version=&#8221;4.17.4&#8243; _module_preset=&#8221;default&#8221; global_colors_info=&#8221;{}&#8221;][et_pb_image src=&#8221;http:\/\/www.patrulrinpoche.net\/wp-content\/uploads\/2022\/06\/chod-labdron.png&#8221; alt=&#8221;ch\u00f6d labdron&#8221; title_text=&#8221;ch\u00f6d labdron&#8221; disabled_on=&#8221;on|off|off&#8221; _builder_version=&#8221;4.17.4&#8243; _module_preset=&#8221;default&#8221; global_colors_info=&#8221;{}&#8221;][\/et_pb_image][\/et_pb_column][\/et_pb_row][et_pb_row column_structure=&#8221;1_3,1_3,1_3&#8243; _builder_version=&#8221;4.17.4&#8243; _module_preset=&#8221;default&#8221; global_colors_info=&#8221;{}&#8221;][et_pb_column type=&#8221;1_3&#8243; _builder_version=&#8221;4.17.4&#8243; _module_preset=&#8221;default&#8221; global_colors_info=&#8221;{}&#8221;][et_pb_image src=&#8221;http:\/\/www.patrulrinpoche.net\/wp-content\/uploads\/2022\/06\/daily-chod-prajnaparamita.jpg&#8221; alt=&#8221;ch\u00f6d quotidien prajnaparamita&#8221; title_text=&#8221;ch\u00f6d quotidien prajnaparamita&#8221; align=&#8221;center&#8221; _builder_version=&#8221;4.17.4&#8243; _module_preset=&#8221;default&#8221; global_colors_info=&#8221;{}&#8221;][\/et_pb_image][\/et_pb_column][et_pb_column type=&#8221;1_3&#8243; _builder_version=&#8221;4.17.4&#8243; _module_preset=&#8221;default&#8221; global_colors_info=&#8221;{}&#8221;][et_pb_image src=&#8221;http:\/\/www.patrulrinpoche.net\/wp-content\/uploads\/2022\/06\/daily-chod-five-senses-offering.jpg&#8221; alt=&#8221;ch\u00f6d quotidien offrande des cinq sens&#8221; title_text=&#8221;ch\u00f6d quotidien offrande des cinq sens&#8221; align=&#8221;center&#8221; _builder_version=&#8221;4.17.4&#8243; _module_preset=&#8221;default&#8221; global_colors_info=&#8221;{}&#8221;][\/et_pb_image][\/et_pb_column][et_pb_column type=&#8221;1_3&#8243; _builder_version=&#8221;4.17.4&#8243; _module_preset=&#8221;default&#8221; global_colors_info=&#8221;{}&#8221;][et_pb_image src=&#8221;http:\/\/www.patrulrinpoche.net\/wp-content\/uploads\/2022\/06\/daily-chod-prajnaparamita-2.jpg&#8221; alt=&#8221;ch\u00f6d quotidien prajnaparamita-2&#8243; title_text=&#8221;ch\u00f6d quotidien prajnaparamita-2&#8243; align=&#8221;center&#8221; _builder_version=&#8221;4.17.4&#8243; _module_preset=&#8221;default&#8221; global_colors_info=&#8221;{}&#8221;][\/et_pb_image][\/et_pb_column][\/et_pb_row][et_pb_row _builder_version=&#8221;4.17.4&#8243; _module_preset=&#8221;default&#8221; global_colors_info=&#8221;{}&#8221;][et_pb_column type=&#8221;4_4&#8243; _builder_version=&#8221;4.17.4&#8243; _module_preset=&#8221;default&#8221; global_colors_info=&#8221;{}&#8221;][et_pb_button button_url=&#8221;https:\/\/www.patrulrinpoche.net\/fr\/connexion-soutien\/contact\/&#8221; button_text=&#8221;NOUS CONTACTER&#8221; button_alignment=&#8221;center&#8221; _builder_version=&#8221;4.17.4&#8243; _module_preset=&#8221;default&#8221; hover_enabled=&#8221;0&#8243; global_colors_info=&#8221;{}&#8221; sticky_enabled=&#8221;0&#8243;][\/et_pb_button][\/et_pb_column][\/et_pb_row][\/et_pb_section]<\/p>\n","protected":false},"excerpt":{"rendered":"<p>Pratiques quotidiennesDomptez votre esprit, domptez votre esprit, domptez votre esprit avec le Dharma ! Si l&#8217;on dompte son esprit avec les quatre pens\u00e9es qui d\u00e9tournent l&#8217;esprit, Alors m\u00eame sans vue, sans m\u00e9ditation, sans r\u00e9citation de mantras, sans \u00e9tapes de cr\u00e9ation et d&#8217;ach\u00e8vement, On ne peut pas confondre le chemin de la libert\u00e9 avec un autre.DZA [&hellip;]<\/p>\n","protected":false},"author":1,"featured_media":0,"parent":9193,"menu_order":0,"comment_status":"closed","ping_status":"closed","template":"","meta":{"_et_pb_use_builder":"on","_et_pb_old_content":"","_et_gb_content_width":"","footnotes":""},"class_list":["post-9196","page","type-page","status-publish","hentry"],"_links":{"self":[{"href":"https:\/\/www.patrulrinpoche.net\/fr\/wp-json\/wp\/v2\/pages\/9196","targetHints":{"allow":["GET"]}}],"collection":[{"href":"https:\/\/www.patrulrinpoche.net\/fr\/wp-json\/wp\/v2\/pages"}],"about":[{"href":"https:\/\/www.patrulrinpoche.net\/fr\/wp-json\/wp\/v2\/types\/page"}],"author":[{"embeddable":true,"href":"https:\/\/www.patrulrinpoche.net\/fr\/wp-json\/wp\/v2\/users\/1"}],"replies":[{"embeddable":true,"href":"https:\/\/www.patrulrinpoche.net\/fr\/wp-json\/wp\/v2\/comments?post=9196"}],"version-history":[{"count":0,"href":"https:\/\/www.patrulrinpoche.net\/fr\/wp-json\/wp\/v2\/pages\/9196\/revisions"}],"up":[{"embeddable":true,"href":"https:\/\/www.patrulrinpoche.net\/fr\/wp-json\/wp\/v2\/pages\/9193"}],"wp:attachment":[{"href":"https:\/\/www.patrulrinpoche.net\/fr\/wp-json\/wp\/v2\/media?parent=9196"}],"curies":[{"name":"wp","href":"https:\/\/api.w.org\/{rel}","templated":true}]}}