{"id":9973,"date":"2022-10-23T00:20:24","date_gmt":"2022-10-22T22:20:24","guid":{"rendered":"https:\/\/www.patrulrinpoche.net\/informations-de-paiement\/"},"modified":"2024-08-24T17:52:48","modified_gmt":"2024-08-24T15:52:48","slug":"informations-de-paiement","status":"publish","type":"page","link":"https:\/\/www.patrulrinpoche.net\/fr\/infos\/informations-de-paiement\/","title":{"rendered":"Informations de paiement"},"content":{"rendered":"<p>[et_pb_section fb_built=&#8221;1&#8243; disabled_on=&#8221;on|off|off&#8221; _builder_version=&#8221;4.18.0&#8243; _module_preset=&#8221;default&#8221; background_image=&#8221;http:\/\/www.patrulrinpoche.net\/wp-content\/uploads\/2022\/10\/Dharma-City-2022-small-and-light-scaled.jpg&#8221; custom_padding=&#8221;0px||0px||false|false&#8221; da_disable_devices=&#8221;off|off|off&#8221; global_colors_info=&#8221;{}&#8221; da_is_popup=&#8221;off&#8221; da_exit_intent=&#8221;off&#8221; da_has_close=&#8221;on&#8221; da_alt_close=&#8221;off&#8221; da_dark_close=&#8221;off&#8221; da_not_modal=&#8221;on&#8221; da_is_singular=&#8221;off&#8221; da_with_loader=&#8221;off&#8221; da_has_shadow=&#8221;on&#8221;][et_pb_row _builder_version=&#8221;4.17.3&#8243; _module_preset=&#8221;default&#8221; global_colors_info=&#8221;{}&#8221;][et_pb_column type=&#8221;4_4&#8243; _builder_version=&#8221;4.17.3&#8243; _module_preset=&#8221;default&#8221; global_colors_info=&#8221;{}&#8221;][et_pb_text _builder_version=&#8221;4.18.0&#8243; _module_preset=&#8221;default&#8221; header_4_font=&#8221;EB Garamond|600||on|||||&#8221; header_4_text_color=&#8221;#FFFFFF&#8221; header_4_font_size=&#8221;66px&#8221; background_enable_image=&#8221;off&#8221; custom_padding=&#8221;300px||300px|0px|false|false&#8221; header_4_font_size_tablet=&#8221;66px&#8221; header_4_font_size_phone=&#8221;36px&#8221; header_4_font_size_last_edited=&#8221;on|phone&#8221; header_4_text_shadow_style=&#8221;preset1&#8243; global_colors_info=&#8221;{}&#8221;]<\/p>\n<h4 style=\"text-align: center;\">Informations de paiement<\/h4>\n<p>[\/et_pb_text][\/et_pb_column][\/et_pb_row][\/et_pb_section][et_pb_section fb_built=&#8221;1&#8243; fullwidth=&#8221;on&#8221; _builder_version=&#8221;4.17.3&#8243; _module_preset=&#8221;default&#8221; da_disable_devices=&#8221;off|off|off&#8221; global_colors_info=&#8221;{}&#8221; da_is_popup=&#8221;off&#8221; da_exit_intent=&#8221;off&#8221; da_has_close=&#8221;on&#8221; da_alt_close=&#8221;off&#8221; da_dark_close=&#8221;off&#8221; da_not_modal=&#8221;on&#8221; da_is_singular=&#8221;off&#8221; da_with_loader=&#8221;off&#8221; da_has_shadow=&#8221;on&#8221;][et_pb_fullwidth_header title=&#8221;PAIEMENTS&#8221; text_orientation=&#8221;center&#8221; header_fullscreen=&#8221;on&#8221; header_scroll_down=&#8221;on&#8221; scroll_down_icon=&#8221;%%8%%&#8221; scroll_down_icon_color=&#8221;#FFFFFF&#8221; disabled_on=&#8221;off|on|on&#8221; _builder_version=&#8221;4.18.0&#8243; _module_preset=&#8221;default&#8221; title_level=&#8221;h4&#8243; title_font=&#8221;|||on|||||&#8221; title_font_size=&#8221;66px&#8221; background_enable_color=&#8221;off&#8221; background_image=&#8221;http:\/\/www.patrulrinpoche.net\/wp-content\/uploads\/2022\/10\/Dharma-City-2022-small-and-light-scaled.jpg&#8221; title_font_size_tablet=&#8221;66px&#8221; title_font_size_phone=&#8221;35px&#8221; title_font_size_last_edited=&#8221;on|phone&#8221; title_text_shadow_style=&#8221;preset1&#8243; global_colors_info=&#8221;{}&#8221;][\/et_pb_fullwidth_header][\/et_pb_section][et_pb_section fb_built=&#8221;1&#8243; _builder_version=&#8221;4.17.4&#8243; _module_preset=&#8221;default&#8221; da_disable_devices=&#8221;off|off|off&#8221; global_colors_info=&#8221;{}&#8221; da_is_popup=&#8221;off&#8221; da_exit_intent=&#8221;off&#8221; da_has_close=&#8221;on&#8221; da_alt_close=&#8221;off&#8221; da_dark_close=&#8221;off&#8221; da_not_modal=&#8221;on&#8221; da_is_singular=&#8221;off&#8221; da_with_loader=&#8221;off&#8221; da_has_shadow=&#8221;on&#8221;][et_pb_row _builder_version=&#8221;4.17.4&#8243; _module_preset=&#8221;default&#8221; global_colors_info=&#8221;{}&#8221;][et_pb_column type=&#8221;4_4&#8243; _builder_version=&#8221;4.17.4&#8243; _module_preset=&#8221;default&#8221; global_colors_info=&#8221;{}&#8221;][et_pb_text _builder_version=&#8221;4.18.0&#8243; _module_preset=&#8221;default&#8221; header_3_font_size=&#8221;30px&#8221; text_orientation=&#8221;center&#8221; header_3_font_size_tablet=&#8221;30px&#8221; header_3_font_size_phone=&#8221;26px&#8221; header_3_font_size_last_edited=&#8221;on|phone&#8221; global_colors_info=&#8221;{}&#8221;]<\/p>\n<h3>Voici les informations de paiement pour Dharma City<\/h3>\n<p>[\/et_pb_text][et_pb_text _builder_version=&#8221;4.18.0&#8243; _module_preset=&#8221;default&#8221; text_orientation=&#8221;justified&#8221; global_colors_info=&#8221;{}&#8221;]<\/p>\n<p style=\"text-align: center;\">Nous faisons de notre mieux pour rendre votre s\u00e9jour agr\u00e9able et abordable.<br \/>Merci de respecter les r\u00e8gles et les prix de Dharma City.<\/p>\n<p>[\/et_pb_text][et_pb_text _builder_version=&#8221;4.18.0&#8243; _module_preset=&#8221;default&#8221; header_3_font_size=&#8221;30px&#8221; header_3_font_size_tablet=&#8221;30px&#8221; header_3_font_size_phone=&#8221;26px&#8221; header_3_font_size_last_edited=&#8221;on|phone&#8221; global_colors_info=&#8221;{}&#8221;]<\/p>\n<h3>Afin de pr\u00e9server la clart\u00e9 des finances, nous vous prions de payer sur le compte bancaire d\u00e9di\u00e9 :<\/h3>\n<p>[\/et_pb_text][et_pb_blurb title=&#8221;Compte principal&#8221; use_icon=&#8221;on&#8221; font_icon=&#8221;&#xe046;||divi||400&#8243; icon_color=&#8221;#f6a240&#8243; icon_placement=&#8221;left&#8221; _builder_version=&#8221;4.18.0&#8243; _module_preset=&#8221;default&#8221; header_font=&#8221;EB Garamond|600|||||||&#8221; header_text_align=&#8221;center&#8221; header_font_size=&#8221;24px&#8221; text_orientation=&#8221;justified&#8221; header_text_align_tablet=&#8221;center&#8221; header_text_align_phone=&#8221;left&#8221; header_text_align_last_edited=&#8221;on|phone&#8221; global_colors_info=&#8221;{}&#8221;]<\/p>\n<p>Compte bancaire principal de Dharma City &#8211; pour les paiements suivants : h\u00e9bergement, tous les paiements li\u00e9s aux shedras, drubchens, etc., dons, cotisations, requ\u00eates de pri\u00e8res, articles achet\u00e9s dans le magasin de Dharma City :<\/p>\n<p>DZOGCHEN GELEK PALBAR LING ASBL<\/p>\n<p> BE50 0682 2863 7818<\/p>\n<p>[\/et_pb_blurb][et_pb_blurb title=&#8221;Repas (entre les cours) :&#8221; use_icon=&#8221;on&#8221; font_icon=&#8221;&#xe046;||divi||400&#8243; icon_color=&#8221;#f6a240&#8243; icon_placement=&#8221;left&#8221; _builder_version=&#8221;4.18.0&#8243; _module_preset=&#8221;default&#8221; header_font=&#8221;EB Garamond|600|||||||&#8221; header_text_align=&#8221;center&#8221; header_font_size=&#8221;24px&#8221; header_line_height=&#8221;1.3em&#8221; text_orientation=&#8221;justified&#8221; header_text_align_tablet=&#8221;center&#8221; header_text_align_phone=&#8221;left&#8221; header_text_align_last_edited=&#8221;on|phone&#8221; global_colors_info=&#8221;{}&#8221;]<\/p>\n<p>Paiement des repas \u00e0 Dharma City (entre les cours) :<\/p>\n<p>DZOGCHEN GELEK PALBAR LING ASBL<\/p>\n<p>BE48 0688 9319 5427<\/p>\n<p>[\/et_pb_blurb][et_pb_blurb title=&#8221;Tea House&#8221; use_icon=&#8221;on&#8221; font_icon=&#8221;&#xe046;||divi||400&#8243; icon_color=&#8221;#f6a240&#8243; icon_placement=&#8221;left&#8221; _builder_version=&#8221;4.18.0&#8243; _module_preset=&#8221;default&#8221; header_font=&#8221;EB Garamond|600|||||||&#8221; header_text_align=&#8221;center&#8221; header_font_size=&#8221;24px&#8221; header_line_height=&#8221;1.3em&#8221; text_orientation=&#8221;justified&#8221; header_text_align_tablet=&#8221;center&#8221; header_text_align_phone=&#8221;left&#8221; header_text_align_last_edited=&#8221;on|phone&#8221; global_colors_info=&#8221;{}&#8221;]<\/p>\n<p>Tibetan Convention TEA HOUSE<\/p>\n<p>DZOGCHEN GELEK PALBAR LING ASBL<\/p>\n<p>BE81 0682 4912 4824<\/p>\n<p>[\/et_pb_blurb][\/et_pb_column][\/et_pb_row][et_pb_row _builder_version=&#8221;4.17.4&#8243; _module_preset=&#8221;default&#8221; global_colors_info=&#8221;{}&#8221;][et_pb_column type=&#8221;4_4&#8243; _builder_version=&#8221;4.17.4&#8243; _module_preset=&#8221;default&#8221; global_colors_info=&#8221;{}&#8221;][et_pb_blurb title=&#8221;Magasin bio&#8221; use_icon=&#8221;on&#8221; font_icon=&#8221;&#xe046;||divi||400&#8243; icon_color=&#8221;#f6a240&#8243; icon_placement=&#8221;left&#8221; _builder_version=&#8221;4.18.0&#8243; _module_preset=&#8221;default&#8221; header_font=&#8221;EB Garamond|600|||||||&#8221; header_text_align=&#8221;center&#8221; header_font_size=&#8221;24px&#8221; header_line_height=&#8221;1.3em&#8221; text_orientation=&#8221;justified&#8221; header_text_align_tablet=&#8221;center&#8221; header_text_align_phone=&#8221;left&#8221; header_text_align_last_edited=&#8221;on|phone&#8221; global_colors_info=&#8221;{}&#8221;]<\/p>\n<p>MAGASIN BIO<\/p>\n<p>DZOGCHEN GELEK PALBAR LING ASBL<\/p>\n<p>BE48 0682 4322 7527<\/p>\n<p>[\/et_pb_blurb][et_pb_blurb title=&#8221;Fondation Drupchen&#8221; use_icon=&#8221;on&#8221; font_icon=&#8221;&#xe046;||divi||400&#8243; icon_color=&#8221;#f6a240&#8243; icon_placement=&#8221;left&#8221; _builder_version=&#8221;4.25.1&#8243; _module_preset=&#8221;default&#8221; header_font=&#8221;EB Garamond|600|||||||&#8221; header_text_align=&#8221;center&#8221; header_font_size=&#8221;24px&#8221; header_line_height=&#8221;1.3em&#8221; text_orientation=&#8221;justified&#8221; hover_enabled=&#8221;0&#8243; header_text_align_tablet=&#8221;center&#8221; header_text_align_phone=&#8221;left&#8221; header_text_align_last_edited=&#8221;on|phone&#8221; global_colors_info=&#8221;{}&#8221; sticky_enabled=&#8221;0&#8243;]<\/p>\n<p>&nbsp;<\/p>\n<p>IBAN: BE50 0682 2863 7818<br \/>SWIFT: GKCCBEBB<\/p>\n<p>B\u00c9N\u00c9FICIAIRE : Dzogchen Gelek Palbar Ling ASBL<\/p>\n<p>COMMUNICATION: Fondation Drupchen + &lt;votre nom&gt;<\/p>\n<p>[\/et_pb_blurb][\/et_pb_column][\/et_pb_row][et_pb_row _builder_version=&#8221;4.17.4&#8243; _module_preset=&#8221;default&#8221; global_colors_info=&#8221;{}&#8221;][et_pb_column type=&#8221;4_4&#8243; _builder_version=&#8221;4.17.4&#8243; _module_preset=&#8221;default&#8221; global_colors_info=&#8221;{}&#8221;][et_pb_button button_url=&#8221;https:\/\/www.patrulrinpoche.net\/fr\/infos\/dons\/&#8221; button_text=&#8221;DONS&#8221; button_alignment=&#8221;center&#8221; _builder_version=&#8221;4.18.0&#8243; _module_preset=&#8221;default&#8221; global_colors_info=&#8221;{}&#8221;][\/et_pb_button][\/et_pb_column][\/et_pb_row][\/et_pb_section][et_pb_section fb_built=&#8221;1&#8243; fullwidth=&#8221;on&#8221; _builder_version=&#8221;4.18.0&#8243; _module_preset=&#8221;default&#8221; background_image=&#8221;http:\/\/www.patrulrinpoche.net\/wp-content\/uploads\/2022\/10\/statue-small.jpeg&#8221; da_disable_devices=&#8221;off|off|off&#8221; global_colors_info=&#8221;{}&#8221; da_is_popup=&#8221;off&#8221; da_exit_intent=&#8221;off&#8221; da_has_close=&#8221;on&#8221; da_alt_close=&#8221;off&#8221; da_dark_close=&#8221;off&#8221; da_not_modal=&#8221;on&#8221; da_is_singular=&#8221;off&#8221; da_with_loader=&#8221;off&#8221; da_has_shadow=&#8221;on&#8221;][et_pb_fullwidth_slider _builder_version=&#8221;4.18.0&#8243; _module_preset=&#8221;default&#8221; background_image=&#8221;http:\/\/www.patrulrinpoche.net\/wp-content\/uploads\/2022\/10\/statue-A.jpeg&#8221; parallax=&#8221;on&#8221; custom_padding=&#8221;||184px|||&#8221; global_colors_info=&#8221;{}&#8221;][et_pb_slide _builder_version=&#8221;4.18.0&#8243; _module_preset=&#8221;default&#8221; background_enable_color=&#8221;off&#8221; background_image=&#8221;http:\/\/www.patrulrinpoche.net\/wp-content\/uploads\/2022\/10\/statue-small.jpeg&#8221; background_enable_image=&#8221;on&#8221; parallax=&#8221;on&#8221; custom_padding_tablet=&#8221;&#8221; custom_padding_phone=&#8221;150px||150px||false|false&#8221; custom_padding_last_edited=&#8221;on|desktop&#8221; global_colors_info=&#8221;{}&#8221; sticky_transition=&#8221;on&#8221;][\/et_pb_slide][\/et_pb_fullwidth_slider][\/et_pb_section][et_pb_section fb_built=&#8221;1&#8243; _builder_version=&#8221;4.17.4&#8243; _module_preset=&#8221;default&#8221; da_disable_devices=&#8221;off|off|off&#8221; global_colors_info=&#8221;{}&#8221; da_is_popup=&#8221;off&#8221; da_exit_intent=&#8221;off&#8221; da_has_close=&#8221;on&#8221; da_alt_close=&#8221;off&#8221; da_dark_close=&#8221;off&#8221; da_not_modal=&#8221;on&#8221; da_is_singular=&#8221;off&#8221; da_with_loader=&#8221;off&#8221; da_has_shadow=&#8221;on&#8221;][et_pb_row _builder_version=&#8221;4.17.4&#8243; _module_preset=&#8221;default&#8221; global_colors_info=&#8221;{}&#8221;][et_pb_column type=&#8221;4_4&#8243; _builder_version=&#8221;4.17.4&#8243; _module_preset=&#8221;default&#8221; global_colors_info=&#8221;{}&#8221;][et_pb_text _builder_version=&#8221;4.18.0&#8243; _module_preset=&#8221;default&#8221; text_orientation=&#8221;justified&#8221; global_colors_info=&#8221;{}&#8221;]<\/p>\n<p>Vous avez des doutes sur les paiements ? Merci de nous contacter <strong><a href=\"mailto:info@dharmacity.net\">info@patrulrinpoche.net<\/a><\/strong><\/p>\n<p>[\/et_pb_text][\/et_pb_column][\/et_pb_row][et_pb_row _builder_version=&#8221;4.17.4&#8243; _module_preset=&#8221;default&#8221; global_colors_info=&#8221;{}&#8221;][et_pb_column type=&#8221;4_4&#8243; _builder_version=&#8221;4.17.4&#8243; _module_preset=&#8221;default&#8221; global_colors_info=&#8221;{}&#8221;][et_pb_text _builder_version=&#8221;4.17.4&#8243; _module_preset=&#8221;default&#8221; header_3_font_size=&#8221;30px&#8221; header_3_font_size_tablet=&#8221;30px&#8221; header_3_font_size_phone=&#8221;26px&#8221; header_3_font_size_last_edited=&#8221;on|phone&#8221; global_colors_info=&#8221;{}&#8221;]<\/p>\n<h3>S\u00e9jour \u00e0 Dharma City<\/h3>\n<p>[\/et_pb_text][\/et_pb_column][\/et_pb_row][et_pb_row column_structure=&#8221;1_2,1_2&#8243; _builder_version=&#8221;4.17.4&#8243; _module_preset=&#8221;default&#8221; custom_margin=&#8221;-20px||||false|false&#8221; global_colors_info=&#8221;{}&#8221;][et_pb_column type=&#8221;1_2&#8243; _builder_version=&#8221;4.17.4&#8243; _module_preset=&#8221;default&#8221; global_colors_info=&#8221;{}&#8221;][et_pb_image src=&#8221;http:\/\/www.patrulrinpoche.net\/wp-content\/uploads\/2022\/10\/DC-FLOWERS-A.jpg&#8221; alt=&#8221;Groupe de traduction Sambhota&#8221; title_text=&#8221;DC FLEURS A&#8221; _builder_version=&#8221;4.18.0&#8243; _module_preset=&#8221;default&#8221; global_colors_info=&#8221;{}&#8221;][\/et_pb_image][\/et_pb_column][et_pb_column type=&#8221;1_2&#8243; _builder_version=&#8221;4.17.4&#8243; _module_preset=&#8221;default&#8221; global_colors_info=&#8221;{}&#8221;][et_pb_text _builder_version=&#8221;4.18.0&#8243; _module_preset=&#8221;default&#8221; text_orientation=&#8221;justified&#8221; global_colors_info=&#8221;{}&#8221;]<\/p>\n<p>Dharma City est un lieu o\u00f9 les gens peuvent apprendre le bouddhisme aupr\u00e8s d&#8217;enseignants authentiques et o\u00f9 les pratiques bouddhistes sont expliqu\u00e9es et effectu\u00e9es. Vous pouvez participer \u00e0 nos cours et rester quelques jours avant et apr\u00e8s les cours.<\/p>\n<p>Les frais pour les cours et entre les cours peuvent varier, il est donc pr\u00e9f\u00e9rable de nous contacter avant de payer.<\/p>\n<p>[\/et_pb_text][et_pb_button button_url=&#8221;https:\/\/www.patrulrinpoche.net\/fr\/infos\/contact\/&#8221; button_text=&#8221;Nous contacter :&#8221; button_alignment=&#8221;center&#8221; _builder_version=&#8221;4.18.0&#8243; _module_preset=&#8221;default&#8221; global_colors_info=&#8221;{}&#8221;][\/et_pb_button][\/et_pb_column][\/et_pb_row][\/et_pb_section]<\/p>\n","protected":false},"excerpt":{"rendered":"<p>Informations de paiementVoici les informations de paiement pour Dharma CityNous faisons de notre mieux pour rendre votre s\u00e9jour agr\u00e9able et abordable.Merci de respecter les r\u00e8gles et les prix de Dharma City.Afin de pr\u00e9server la clart\u00e9 des finances, nous vous prions de payer sur le compte bancaire d\u00e9di\u00e9 :Compte bancaire principal de Dharma City &#8211; pour [&hellip;]<\/p>\n","protected":false},"author":3,"featured_media":0,"parent":8163,"menu_order":0,"comment_status":"closed","ping_status":"closed","template":"","meta":{"_et_pb_use_builder":"on","_et_pb_old_content":"","_et_gb_content_width":"","footnotes":""},"class_list":["post-9973","page","type-page","status-publish","hentry"],"_links":{"self":[{"href":"https:\/\/www.patrulrinpoche.net\/fr\/wp-json\/wp\/v2\/pages\/9973","targetHints":{"allow":["GET"]}}],"collection":[{"href":"https:\/\/www.patrulrinpoche.net\/fr\/wp-json\/wp\/v2\/pages"}],"about":[{"href":"https:\/\/www.patrulrinpoche.net\/fr\/wp-json\/wp\/v2\/types\/page"}],"author":[{"embeddable":true,"href":"https:\/\/www.patrulrinpoche.net\/fr\/wp-json\/wp\/v2\/users\/3"}],"replies":[{"embeddable":true,"href":"https:\/\/www.patrulrinpoche.net\/fr\/wp-json\/wp\/v2\/comments?post=9973"}],"version-history":[{"count":0,"href":"https:\/\/www.patrulrinpoche.net\/fr\/wp-json\/wp\/v2\/pages\/9973\/revisions"}],"up":[{"embeddable":true,"href":"https:\/\/www.patrulrinpoche.net\/fr\/wp-json\/wp\/v2\/pages\/8163"}],"wp:attachment":[{"href":"https:\/\/www.patrulrinpoche.net\/fr\/wp-json\/wp\/v2\/media?parent=9973"}],"curies":[{"name":"wp","href":"https:\/\/api.w.org\/{rel}","templated":true}]}}