{"id":10719,"date":"2022-12-09T21:49:26","date_gmt":"2022-12-09T20:49:26","guid":{"rendered":"https:\/\/www.patrulrinpoche.net\/lopon-jampa-norgyal\/"},"modified":"2025-05-19T22:08:29","modified_gmt":"2025-05-19T20:08:29","slug":"zapraszani-nauczyciele","status":"publish","type":"page","link":"https:\/\/www.patrulrinpoche.net\/pl\/zapraszani-nauczyciele\/","title":{"rendered":"Zapraszani nauczyciele"},"content":{"rendered":"<p>[et_pb_section fb_built=&#8221;1&#8243; _builder_version=&#8221;4.27.4&#8243; _module_preset=&#8221;default&#8221; link_option_url=&#8221;https:\/\/www.patrulrinpoche.net\/pl\/lopon-dziampa-norgyal\/&#8221; da_disable_devices=&#8221;off|off|off&#8221; global_colors_info=&#8221;{}&#8221; da_is_popup=&#8221;off&#8221; da_exit_intent=&#8221;off&#8221; da_has_close=&#8221;on&#8221; da_alt_close=&#8221;off&#8221; da_dark_close=&#8221;off&#8221; da_not_modal=&#8221;on&#8221; da_is_singular=&#8221;off&#8221; da_with_loader=&#8221;off&#8221; da_has_shadow=&#8221;on&#8221;][et_pb_row column_structure=&#8221;2_5,3_5&#8243; _builder_version=&#8221;4.27.4&#8243; _module_preset=&#8221;default&#8221; global_colors_info=&#8221;{}&#8221;][et_pb_column type=&#8221;2_5&#8243; _builder_version=&#8221;4.17.3&#8243; _module_preset=&#8221;default&#8221; global_colors_info=&#8221;{}&#8221;][et_pb_image src=&#8221;http:\/\/www.patrulrinpoche.net\/wp-content\/uploads\/2025\/05\/teachers-cut.jpg&#8221; alt=&#8221;Lopon Jampa&#8221; title_text=&#8221;teachers cut&#8221; _builder_version=&#8221;4.27.4&#8243; _module_preset=&#8221;default&#8221; global_colors_info=&#8221;{}&#8221;][\/et_pb_image][\/et_pb_column][et_pb_column type=&#8221;3_5&#8243; _builder_version=&#8221;4.17.3&#8243; _module_preset=&#8221;default&#8221; global_colors_info=&#8221;{}&#8221;][et_pb_text _builder_version=&#8221;4.27.4&#8243; _module_preset=&#8221;default&#8221; header_4_font=&#8221;EB Garamond|600|||||||&#8221; header_4_font_size=&#8221;36px&#8221; custom_margin=&#8221;||20px||false|false&#8221; custom_padding=&#8221;0px|||0px|false|false&#8221; header_4_font_size_tablet=&#8221;36px&#8221; header_4_font_size_phone=&#8221;29px&#8221; header_4_font_size_last_edited=&#8221;on|phone&#8221; global_colors_info=&#8221;{}&#8221;]<\/p>\n<h4><span style=\"color: #1e242e;\"><span lang=\"en-GB\">Zapraszani nauczyciele<\/span><\/span><\/h4>\n<p>[\/et_pb_text][et_pb_divider color=&#8221;#881719&#8243; divider_weight=&#8221;2px&#8221; _builder_version=&#8221;4.27.4&#8243; _module_preset=&#8221;default&#8221; width=&#8221;12%&#8221; custom_padding=&#8221;||||false|false&#8221; global_colors_info=&#8221;{}&#8221;][\/et_pb_divider][et_pb_text _builder_version=&#8221;4.27.4&#8243; _module_preset=&#8221;default&#8221; text_orientation=&#8221;justified&#8221; global_colors_info=&#8221;{}&#8221;]<\/p>\n<p>Wielu wspania\u0142ych lam\u00f3w odwiedza Dharma City z okazji mynlam\u00f3w, drubczen\u00f3w i innych uroczysto\u015bci. Czasami zgadzaj\u0105 si\u0119 udziela\u0107 nauk lub asystowa\u0107 Patrulowi Rinpocze podczas rytua\u0142\u00f3w. Jest to zawsze radosna okazja do wsp\u00f3lnego s\u0142uchania i praktykowania Dharmy.<\/p>\n<p>[\/et_pb_text][\/et_pb_column][\/et_pb_row][et_pb_row _builder_version=&#8221;4.27.4&#8243; _module_preset=&#8221;default&#8221; custom_margin=&#8221;-5px||||false|false&#8221; global_colors_info=&#8221;{}&#8221;][et_pb_column type=&#8221;4_4&#8243; _builder_version=&#8221;4.17.3&#8243; _module_preset=&#8221;default&#8221; global_colors_info=&#8221;{}&#8221;][et_pb_divider color=&#8221;#881719&#8243; divider_weight=&#8221;2px&#8221; _builder_version=&#8221;4.27.4&#8243; _module_preset=&#8221;default&#8221; width=&#8221;12%&#8221; custom_padding=&#8221;||||false|false&#8221; global_colors_info=&#8221;{}&#8221;][\/et_pb_divider][\/et_pb_column][\/et_pb_row][\/et_pb_section]<\/p>\n","protected":false},"excerpt":{"rendered":"<p>Zapraszani nauczycieleWielu wspania\u0142ych lam\u00f3w odwiedza Dharma City z okazji mynlam\u00f3w, drubczen\u00f3w i innych uroczysto\u015bci. Czasami zgadzaj\u0105 si\u0119 udziela\u0107 nauk lub asystowa\u0107 Patrulowi Rinpocze podczas rytua\u0142\u00f3w. Jest to zawsze radosna okazja do wsp\u00f3lnego s\u0142uchania i praktykowania Dharmy.<\/p>\n","protected":false},"author":3,"featured_media":0,"parent":0,"menu_order":0,"comment_status":"closed","ping_status":"closed","template":"","meta":{"_et_pb_use_builder":"on","_et_pb_old_content":"","_et_gb_content_width":"","footnotes":""},"class_list":["post-10719","page","type-page","status-publish","hentry"],"_links":{"self":[{"href":"https:\/\/www.patrulrinpoche.net\/pl\/wp-json\/wp\/v2\/pages\/10719","targetHints":{"allow":["GET"]}}],"collection":[{"href":"https:\/\/www.patrulrinpoche.net\/pl\/wp-json\/wp\/v2\/pages"}],"about":[{"href":"https:\/\/www.patrulrinpoche.net\/pl\/wp-json\/wp\/v2\/types\/page"}],"author":[{"embeddable":true,"href":"https:\/\/www.patrulrinpoche.net\/pl\/wp-json\/wp\/v2\/users\/3"}],"replies":[{"embeddable":true,"href":"https:\/\/www.patrulrinpoche.net\/pl\/wp-json\/wp\/v2\/comments?post=10719"}],"version-history":[{"count":0,"href":"https:\/\/www.patrulrinpoche.net\/pl\/wp-json\/wp\/v2\/pages\/10719\/revisions"}],"wp:attachment":[{"href":"https:\/\/www.patrulrinpoche.net\/pl\/wp-json\/wp\/v2\/media?parent=10719"}],"curies":[{"name":"wp","href":"https:\/\/api.w.org\/{rel}","templated":true}]}}