{"id":12838,"date":"2023-10-03T12:46:09","date_gmt":"2023-10-03T10:46:09","guid":{"rendered":"https:\/\/www.patrulrinpoche.net\/cwiczenie-naszego-umyslu\/"},"modified":"2025-01-07T21:59:18","modified_gmt":"2025-01-07T20:59:18","slug":"cwiczenie-naszego-umyslu","status":"publish","type":"page","link":"https:\/\/www.patrulrinpoche.net\/pl\/cwiczenie-naszego-umyslu\/","title":{"rendered":"\u0106wiczenie naszego umys\u0142u"},"content":{"rendered":"<p>[et_pb_section fb_built=&#8221;1&#8243; _builder_version=&#8221;4.17.4&#8243; _module_preset=&#8221;default&#8221; da_disable_devices=&#8221;off|off|off&#8221; global_colors_info=&#8221;{}&#8221; da_is_popup=&#8221;off&#8221; da_exit_intent=&#8221;off&#8221; da_has_close=&#8221;on&#8221; da_alt_close=&#8221;off&#8221; da_dark_close=&#8221;off&#8221; da_not_modal=&#8221;on&#8221; da_is_singular=&#8221;off&#8221; da_with_loader=&#8221;off&#8221; da_has_shadow=&#8221;on&#8221;][et_pb_row column_structure=&#8221;2_5,3_5&#8243; _builder_version=&#8221;4.16&#8243; background_size=&#8221;initial&#8221; background_position=&#8221;top_left&#8221; background_repeat=&#8221;repeat&#8221; global_colors_info=&#8221;{}&#8221;][et_pb_column type=&#8221;2_5&#8243; _builder_version=&#8221;4.16&#8243; custom_padding=&#8221;|||&#8221; global_colors_info=&#8221;{}&#8221; custom_padding__hover=&#8221;|||&#8221;][et_pb_image src=&#8221;http:\/\/www.patrulrinpoche.net\/wp-content\/uploads\/2022\/06\/Mind-Training.jpg&#8221; alt=&#8221;Mind Training&#8221; title_text=&#8221;Mind Training&#8221; _builder_version=&#8221;4.17.4&#8243; _module_preset=&#8221;default&#8221; global_colors_info=&#8221;{}&#8221;][\/et_pb_image][\/et_pb_column][et_pb_column type=&#8221;3_5&#8243; _builder_version=&#8221;4.16&#8243; custom_padding=&#8221;|||&#8221; global_colors_info=&#8221;{}&#8221; custom_padding__hover=&#8221;|||&#8221;][et_pb_text _builder_version=&#8221;4.27.4&#8243; header_3_font_size=&#8221;36px&#8221; background_size=&#8221;initial&#8221; background_position=&#8221;top_left&#8221; background_repeat=&#8221;repeat&#8221; hover_enabled=&#8221;0&#8243; header_3_font_size_tablet=&#8221;36px&#8221; header_3_font_size_phone=&#8221;30px&#8221; header_3_font_size_last_edited=&#8221;on|phone&#8221; global_colors_info=&#8221;{}&#8221; header_3_font_size__hover_enabled=&#8221;on|desktop&#8221; header_3_font_size__hover=&#8221;36px&#8221; sticky_enabled=&#8221;0&#8243;]<\/p>\n<h3><strong>\u0106wiczenie umys\u0142u \u2013 Lodziong<br \/><\/strong><\/h3>\n<h3><strong>Siedmiopunktowe cwiczenie umys\u0142u<\/strong><\/h3>\n<p>[\/et_pb_text][et_pb_text _builder_version=&#8221;4.27.4&#8243; header_3_font_size=&#8221;36px&#8221; background_size=&#8221;initial&#8221; background_position=&#8221;top_left&#8221; background_repeat=&#8221;repeat&#8221; text_orientation=&#8221;justified&#8221; hover_enabled=&#8221;0&#8243; header_3_font_size_tablet=&#8221;36px&#8221; header_3_font_size_phone=&#8221;30px&#8221; header_3_font_size_last_edited=&#8221;on|phone&#8221; global_colors_info=&#8221;{}&#8221; header_3_font_size__hover_enabled=&#8221;on|desktop&#8221; header_3_font_size__hover=&#8221;36px&#8221; sticky_enabled=&#8221;0&#8243;]<\/p>\n<p><strong>Przypisywany wielkiemu nauczycielowi Ati\u015bi<\/strong> (XIw.) i opracowany przez tybeta\u0144skiego mistrza Gesze Chekaw\u0119, ten tekst nale\u017c\u0105cy do kategorii &#8220;lodziong&#8221; przedstawia doskonale uporz\u0105dkowany system, \u0142\u0105cz\u0105cy g\u0142\u0119boki wgl\u0105d z bardzo praktycznymi radami jak praktykowa\u0107 wsp\u00f3\u0142czucie i dokona\u0107 przekszta\u0142cania naszego umys\u0142u.<\/p>\n<p>59 tzw. \u201eaforyzm\u00f3w\u201d lub \u201eslogan\u00f3w\u201d, wyszczeg\u00f3lnionych w 7 punktach, nie jest jedynie og\u00f3lnymi wskaz\u00f3wkami; w rzeczywisto\u015bci odnosz\u0105 si\u0119 one do naszego codziennego \u017cycia,\u00a0 \u0142\u0105cz\u0105c pragmatyczne podej\u015bcie z przenikliwo\u015bci\u0105, rozwijaj\u0105c nasz\u0105 m\u0105dro\u015b\u0107 i zr\u0119czne \u015brodki mahajany, czyli w\u0142a\u015bciwo\u015bci niezb\u0119dne do pod\u0105\u017cania t\u0105 \u015bcie\u017ck\u0105.<\/p>\n<p>[\/et_pb_text][\/et_pb_column][\/et_pb_row][et_pb_row _builder_version=&#8221;4.17.4&#8243; _module_preset=&#8221;default&#8221; global_colors_info=&#8221;{}&#8221;][et_pb_column type=&#8221;4_4&#8243; _builder_version=&#8221;4.17.4&#8243; _module_preset=&#8221;default&#8221; global_colors_info=&#8221;{}&#8221;][et_pb_text _builder_version=&#8221;4.27.4&#8243; _module_preset=&#8221;default&#8221; hover_enabled=&#8221;0&#8243; global_colors_info=&#8221;{}&#8221; sticky_enabled=&#8221;0&#8243;]<\/p>\n<p>Ten cotygodniowy kurs prowadzony by\u0142 przez\u00a0 <a href=\"https:\/\/www.patrulrinpoche.net\/pl\/lopon-jampa-norgyal\/\"><span style=\"color: #ff9900;\"><strong>Lop\u00f6n Jampa Norgyal<\/strong><\/span><\/a>, kt\u00f3rego wywa\u017cone i szczeg\u00f3\u0142owe wyja\u015bnienia u\u0142atwiaj\u0105 zrozumienie istoty \u0107wiczenia umys\u0142u (lodziong) zar\u00f3wno pocz\u0105tkuj\u0105cym, jak i zaawansowanym uczniom.<\/p>\n<p>[\/et_pb_text][et_pb_text _builder_version=&#8221;4.17.4&#8243; _module_preset=&#8221;default&#8221; header_4_font=&#8221;EB Garamond|600|||||||&#8221; header_4_font_size=&#8221;21px&#8221; text_orientation=&#8221;justified&#8221; custom_padding=&#8221;50px||0px|0px|false|false&#8221; custom_padding_tablet=&#8221;50px||0px|0px|false|false&#8221; custom_padding_phone=&#8221;40px||||false|false&#8221; custom_padding_last_edited=&#8221;on|phone&#8221; global_colors_info=&#8221;{}&#8221;]<\/p>\n<h4>Lop\u00f6n Jampa la teaches in Tibetan, with translations being provided to <span style=\"color: #ff9900;\"><a href=\"https:\/\/www.youtube.com\/ZangdokPalri\" target=\"_blank\" rel=\"noopener\" style=\"color: #ff9900;\"><strong>English<\/strong><\/a><\/span>, <a href=\"https:\/\/mixlr.com\/patrulrinpoche-ru\" target=\"_blank\" rel=\"noopener\"><span style=\"color: #ff9900;\"><strong>Russian<\/strong><\/span><\/a>, <a href=\"https:\/\/mixlr.com\/patrulrinpoche-pl\" target=\"_blank\" rel=\"noopener\"><strong><span style=\"color: #ff9900;\">Polish<\/span><\/strong><\/a>, <a href=\"https:\/\/mixlr.com\/patrulrinpoche-fr\" target=\"_blank\" rel=\"noopener\"><strong><span style=\"color: #ff9900;\">French<\/span><\/strong><\/a>, <a href=\"https:\/\/mixlr.com\/patrulrinpoche-pt\" target=\"_blank\" rel=\"noopener\"><span style=\"color: #ff9900;\"><strong>Portuguese<\/strong><\/span><\/a> and <a href=\"https:\/\/www.youtube.com\/SemrigTV\" target=\"_blank\" rel=\"noopener\"><span style=\"color: #ff9900;\"><strong>Japanese<\/strong><\/span><\/a>.<\/h4>\n<h4><\/h4>\n<h4>The text on which the course is based can be found <a href=\"https:\/\/www.lotsawahouse.org\/tibetan-masters\/geshe-chekhawa-yeshe-dorje\/seven-points-mind-training\" target=\"_blank\" rel=\"noopener\"><strong><span style=\"color: #ff9900;\">HERE<\/span><\/strong><\/a>, and the recordings of the previous lojong courses are archived <a href=\"https:\/\/www.youtube.com\/watch?v=i07c4CrOLSA&amp;list=PLBS54w9itguVsg0ogDVyFkgF92mlwQvWO\" target=\"_blank\" rel=\"noopener\"><strong><span style=\"color: #ff9900;\">HERE<\/span><\/strong><\/a>.<\/h4>\n<h4><\/h4>\n<h4>For the dates of upcoming courses, please see <a href=\"https:\/\/www.patrulrinpoche.net\/pl\/kalendarz\/\"><span style=\"color: #ff9900;\"><strong>CALENDAR<\/strong><\/span><\/a>.<\/h4>\n<p>&nbsp;<\/p>\n<p>&nbsp;<\/p>\n<h4>If you are interested in exploring this text further, the video archives of a two weeks seminar given by <a href=\"https:\/\/www.patrulrinpoche.net\/pl\/lopon-tsering-gonpo\/\"><strong><span style=\"color: #ff9900;\">Lop\u00f6n Tsering <\/span><\/strong><\/a><a href=\"https:\/\/www.patrulrinpoche.net\/pl\/lopon-tsering-gonpo\/\"><strong><span style=\"color: #ff9900;\">G\u00f6npo<\/span><\/strong><\/a> on the<\/h4>\n<h4><a href=\"https:\/\/www.lotsawahouse.org\/tibetan-masters\/gyalse-thogme-zangpo\/commentary-on-seven-points-mind-training\" target=\"_blank\" rel=\"noopener\"><strong><span style=\"color: #ff9900;\">Commentary on the Seven Points of Mind Training<\/span><\/strong><\/a> by the renowned Kadampa master Gyalse Togme Zangpo (English translation)<\/h4>\n<h4>are accessible <a href=\"https:\/\/www.youtube.com\/playlist?list=PLBS54w9itguXSuzOwQWENAK6YnNVxHpbe\" target=\"_blank\" rel=\"noopener\"><span style=\"color: #ff9900;\"><strong>HERE<\/strong><\/span><\/a>, as well as a <a href=\"https:\/\/www.youtube.com\/watch?v=Kd85TMOj4WQ\" target=\"_blank\" rel=\"noopener\"><span style=\"color: #ff9900;\"><strong>video-conference<\/strong><\/span><\/a> on the <em><a href=\"https:\/\/www.lotsawahouse.org\/tibetan-masters\/geshe-langri-thangpa\/eight-verses-training-mind\" target=\"_blank\" rel=\"noopener\"><span style=\"color: #ff9900;\"><strong>Eight Verses of Training the <\/strong><\/span><\/a> <a href=\"https:\/\/www.lotsawahouse.org\/tibetan-masters\/geshe-langri-thangpa\/eight-verses-training-mind\" target=\"_blank\" rel=\"noopener\"><span style=\"color: #ff9900;\"><strong>Mind<\/strong><\/span><\/a><\/em>, by Langripa.<\/h4>\n<p>[\/et_pb_text][\/et_pb_column][\/et_pb_row][\/et_pb_section][et_pb_section fb_built=&#8221;1&#8243; _builder_version=&#8221;4.17.4&#8243; _module_preset=&#8221;default&#8221; da_disable_devices=&#8221;off|off|off&#8221; global_colors_info=&#8221;{}&#8221; da_is_popup=&#8221;off&#8221; da_exit_intent=&#8221;off&#8221; da_has_close=&#8221;on&#8221; da_alt_close=&#8221;off&#8221; da_dark_close=&#8221;off&#8221; da_not_modal=&#8221;on&#8221; da_is_singular=&#8221;off&#8221; da_with_loader=&#8221;off&#8221; da_has_shadow=&#8221;on&#8221;][et_pb_row _builder_version=&#8221;4.17.4&#8243; _module_preset=&#8221;default&#8221; global_colors_info=&#8221;{}&#8221;][et_pb_column type=&#8221;4_4&#8243; _builder_version=&#8221;4.17.4&#8243; _module_preset=&#8221;default&#8221; global_colors_info=&#8221;{}&#8221;][et_pb_text _builder_version=&#8221;4.17.4&#8243; _module_preset=&#8221;default&#8221; header_3_font=&#8221;EB Garamond|600|||||||&#8221; header_3_font_size=&#8221;36px&#8221; header_3_font_size_tablet=&#8221;&#8221; header_3_font_size_phone=&#8221;30px&#8221; header_3_font_size_last_edited=&#8221;on|phone&#8221; global_colors_info=&#8221;{}&#8221;]<\/p>\n<h3 style=\"text-align: center;\">MORE WEEKLY COURSES<\/h3>\n<p>[\/et_pb_text][\/et_pb_column][\/et_pb_row][et_pb_row column_structure=&#8221;1_3,1_3,1_3&#8243; _builder_version=&#8221;4.17.4&#8243; _module_preset=&#8221;default&#8221; global_colors_info=&#8221;{}&#8221;][et_pb_column type=&#8221;1_3&#8243; _builder_version=&#8221;4.17.4&#8243; _module_preset=&#8221;default&#8221; global_colors_info=&#8221;{}&#8221;][et_pb_blurb title=&#8221;MEDITATION&#8221; url=&#8221;https:\/\/www.patrulrinpoche.net\/study-practice\/study-programs\/weekly-studies\/meditation\/&#8221; image=&#8221;http:\/\/www.patrulrinpoche.net\/wp-content\/uploads\/2022\/06\/Meditation.jpg&#8221; alt=&#8221;Meditation&#8221; _builder_version=&#8221;4.17.4&#8243; _module_preset=&#8221;default&#8221; header_font=&#8221;EB Garamond|600|||||||&#8221; header_text_align=&#8221;center&#8221; header_font_size=&#8221;24px&#8221; text_orientation=&#8221;justified&#8221; link_option_url=&#8221;https:\/\/www.patrulrinpoche.net\/study-practice\/study-programs\/weekly-studies\/meditation\/&#8221; header_text_align_tablet=&#8221;center&#8221; header_text_align_phone=&#8221;center&#8221; header_text_align_last_edited=&#8221;on|phone&#8221; global_colors_info=&#8221;{}&#8221; filter_brightness__hover_enabled=&#8221;on|hover&#8221; filter_brightness__hover=&#8221;60%&#8221; transform_styles__hover_enabled=&#8221;on|hover&#8221; transform_scale__hover_enabled=&#8221;on|hover&#8221; transform_translate__hover_enabled=&#8221;on|desktop&#8221; transform_rotate__hover_enabled=&#8221;on|desktop&#8221; transform_skew__hover_enabled=&#8221;on|desktop&#8221; transform_origin__hover_enabled=&#8221;on|desktop&#8221; transform_scale__hover=&#8221;110%|110%&#8221;][\/et_pb_blurb][\/et_pb_column][et_pb_column type=&#8221;1_3&#8243; _builder_version=&#8221;4.17.4&#8243; _module_preset=&#8221;default&#8221; global_colors_info=&#8221;{}&#8221;][et_pb_blurb title=&#8221;RIGDZIN D\u00fcPA&#8221; url=&#8221;https:\/\/www.patrulrinpoche.net\/rigdzin-dupa\/&#8221; image=&#8221;http:\/\/www.patrulrinpoche.net\/wp-content\/uploads\/2022\/06\/Rigdzin-Dupa-1.jpg&#8221; alt=&#8221;Rigdzin D\u00fcpa&#8221; _builder_version=&#8221;4.17.4&#8243; _module_preset=&#8221;default&#8221; header_font=&#8221;EB Garamond|600||on|||||&#8221; header_text_align=&#8221;center&#8221; header_font_size=&#8221;24px&#8221; text_orientation=&#8221;justified&#8221; link_option_url=&#8221;https:\/\/www.patrulrinpoche.net\/rigdzin-dupa\/&#8221; header_text_align_tablet=&#8221;center&#8221; header_text_align_phone=&#8221;center&#8221; header_text_align_last_edited=&#8221;on|phone&#8221; global_colors_info=&#8221;{}&#8221; filter_brightness__hover_enabled=&#8221;on|hover&#8221; filter_brightness__hover=&#8221;60%&#8221; transform_styles__hover_enabled=&#8221;on|hover&#8221; transform_scale__hover_enabled=&#8221;on|hover&#8221; transform_translate__hover_enabled=&#8221;on|desktop&#8221; transform_rotate__hover_enabled=&#8221;on|desktop&#8221; transform_skew__hover_enabled=&#8221;on|desktop&#8221; transform_origin__hover_enabled=&#8221;on|desktop&#8221; transform_scale__hover=&#8221;110%|110%&#8221;][\/et_pb_blurb][\/et_pb_column][et_pb_column type=&#8221;1_3&#8243; _builder_version=&#8221;4.17.4&#8243; _module_preset=&#8221;default&#8221; global_colors_info=&#8221;{}&#8221;][et_pb_blurb title=&#8221;WORDS OF MY PERFECT TEACHER&#8221; url=&#8221;https:\/\/www.patrulrinpoche.net\/words-of-my-perfect-teacher\/&#8221; image=&#8221;http:\/\/www.patrulrinpoche.net\/wp-content\/uploads\/2022\/06\/Words-of-My-Perfect-Teacher.jpg&#8221; alt=&#8221;Words of My Perfect Teacher&#8221; _builder_version=&#8221;4.17.4&#8243; _module_preset=&#8221;default&#8221; header_font=&#8221;EB Garamond|600||on|||||&#8221; header_text_align=&#8221;center&#8221; header_font_size=&#8221;24px&#8221; header_line_height=&#8221;1.2em&#8221; text_orientation=&#8221;justified&#8221; link_option_url=&#8221;https:\/\/www.patrulrinpoche.net\/words-of-my-perfect-teacher\/&#8221; header_text_align_tablet=&#8221;center&#8221; header_text_align_phone=&#8221;center&#8221; header_text_align_last_edited=&#8221;on|phone&#8221; global_colors_info=&#8221;{}&#8221; filter_brightness__hover_enabled=&#8221;on|hover&#8221; filter_brightness__hover=&#8221;60%&#8221; filter_invert__hover_enabled=&#8221;on|hover&#8221; filter_invert__hover=&#8221;0%&#8221; filter_opacity__hover_enabled=&#8221;on|hover&#8221; filter_opacity__hover=&#8221;100%&#8221; transform_styles__hover_enabled=&#8221;on|hover&#8221; transform_scale__hover_enabled=&#8221;on|hover&#8221; transform_translate__hover_enabled=&#8221;on|hover&#8221; transform_rotate__hover_enabled=&#8221;on|hover&#8221; transform_skew__hover_enabled=&#8221;on|hover&#8221; transform_origin__hover_enabled=&#8221;on|hover&#8221; transform_scale__hover=&#8221;110%|110%&#8221;][\/et_pb_blurb][\/et_pb_column][\/et_pb_row][\/et_pb_section]<\/p>\n","protected":false},"excerpt":{"rendered":"<p>\u0106wiczenie umys\u0142u \u2013 Lodziong Siedmiopunktowe cwiczenie umys\u0142uPrzypisywany wielkiemu nauczycielowi Ati\u015bi (XIw.) i opracowany przez tybeta\u0144skiego mistrza Gesze Chekaw\u0119, ten tekst nale\u017c\u0105cy do kategorii &#8220;lodziong&#8221; przedstawia doskonale uporz\u0105dkowany system, \u0142\u0105cz\u0105cy g\u0142\u0119boki wgl\u0105d z bardzo praktycznymi radami jak praktykowa\u0107 wsp\u00f3\u0142czucie i dokona\u0107 przekszta\u0142cania naszego umys\u0142u. 59 tzw. \u201eaforyzm\u00f3w\u201d lub \u201eslogan\u00f3w\u201d, wyszczeg\u00f3lnionych w 7 punktach, nie jest jedynie [&hellip;]<\/p>\n","protected":false},"author":3,"featured_media":0,"parent":0,"menu_order":0,"comment_status":"closed","ping_status":"closed","template":"","meta":{"_et_pb_use_builder":"on","_et_pb_old_content":"","_et_gb_content_width":"","footnotes":""},"class_list":["post-12838","page","type-page","status-publish","hentry"],"_links":{"self":[{"href":"https:\/\/www.patrulrinpoche.net\/pl\/wp-json\/wp\/v2\/pages\/12838","targetHints":{"allow":["GET"]}}],"collection":[{"href":"https:\/\/www.patrulrinpoche.net\/pl\/wp-json\/wp\/v2\/pages"}],"about":[{"href":"https:\/\/www.patrulrinpoche.net\/pl\/wp-json\/wp\/v2\/types\/page"}],"author":[{"embeddable":true,"href":"https:\/\/www.patrulrinpoche.net\/pl\/wp-json\/wp\/v2\/users\/3"}],"replies":[{"embeddable":true,"href":"https:\/\/www.patrulrinpoche.net\/pl\/wp-json\/wp\/v2\/comments?post=12838"}],"version-history":[{"count":0,"href":"https:\/\/www.patrulrinpoche.net\/pl\/wp-json\/wp\/v2\/pages\/12838\/revisions"}],"wp:attachment":[{"href":"https:\/\/www.patrulrinpoche.net\/pl\/wp-json\/wp\/v2\/media?parent=12838"}],"curies":[{"name":"wp","href":"https:\/\/api.w.org\/{rel}","templated":true}]}}