{"id":13412,"date":"2024-01-21T11:57:14","date_gmt":"2024-01-21T10:57:14","guid":{"rendered":"https:\/\/www.patrulrinpoche.net\/studiowanie-praktyki\/"},"modified":"2024-03-17T20:38:28","modified_gmt":"2024-03-17T19:38:28","slug":"studiowanie-praktyki","status":"publish","type":"page","link":"https:\/\/www.patrulrinpoche.net\/pl\/studiowanie-praktyki\/","title":{"rendered":"Nauki &amp; Praktyki"},"content":{"rendered":"<p>[et_pb_section fb_built=&#8221;1&#8243; fullwidth=&#8221;on&#8221; _builder_version=&#8221;4.17.4&#8243; _module_preset=&#8221;default&#8221; da_disable_devices=&#8221;off|off|off&#8221; global_colors_info=&#8221;{}&#8221; da_is_popup=&#8221;off&#8221; da_exit_intent=&#8221;off&#8221; da_has_close=&#8221;on&#8221; da_alt_close=&#8221;off&#8221; da_dark_close=&#8221;off&#8221; da_not_modal=&#8221;on&#8221; da_is_singular=&#8221;off&#8221; da_with_loader=&#8221;off&#8221; da_has_shadow=&#8221;on&#8221;][et_pb_fullwidth_image src=&#8221;http:\/\/www.patrulrinpoche.net\/wp-content\/uploads\/2022\/06\/Study-and-practice.png&#8221; alt=&#8221;Nauki i praktyki Dharmy&#8221; title_text=&#8221;Nauki i praktyki Dharmy&#8221; _builder_version=&#8221;4.17.4&#8243; _module_preset=&#8221;default&#8221; global_colors_info=&#8221;{}&#8221;][\/et_pb_fullwidth_image][\/et_pb_section][et_pb_section fb_built=&#8221;1&#8243; _builder_version=&#8221;4.16&#8243; _module_preset=&#8221;default&#8221; height=&#8221;0px&#8221; custom_margin=&#8221;0px||0px||false|false&#8221; custom_padding=&#8221;0px||0px||false|false&#8221; bottom_divider_color=&#8221;#FFFFFF&#8221; bottom_divider_height=&#8221;175px&#8221; bottom_divider_arrangement=&#8221;above_content&#8221; da_disable_devices=&#8221;off|off|off&#8221; global_colors_info=&#8221;{}&#8221; da_is_popup=&#8221;off&#8221; da_exit_intent=&#8221;off&#8221; da_has_close=&#8221;on&#8221; da_alt_close=&#8221;off&#8221; da_dark_close=&#8221;off&#8221; da_not_modal=&#8221;on&#8221; da_is_singular=&#8221;off&#8221; da_with_loader=&#8221;off&#8221; da_has_shadow=&#8221;on&#8221;][et_pb_row column_structure=&#8221;2_3,1_3&#8243; _builder_version=&#8221;4.17.3&#8243; _module_preset=&#8221;default&#8221; custom_padding=&#8221;||50px||false|false&#8221; global_colors_info=&#8221;{}&#8221;][et_pb_column type=&#8221;2_3&#8243; _builder_version=&#8221;4.16&#8243; _module_preset=&#8221;default&#8221; global_colors_info=&#8221;{}&#8221;][\/et_pb_column][et_pb_column type=&#8221;1_3&#8243; _builder_version=&#8221;4.16&#8243; _module_preset=&#8221;default&#8221; global_colors_info=&#8221;{}&#8221;][et_pb_image src=&#8221;http:\/\/www.patrulrinpoche.net\/wp-content\/uploads\/2021\/06\/ZPI-logotype.svg&#8221; title_text=&#8221;logo ZPI&#8221; module_class=&#8221;sm-height-hidden&#8221; _builder_version=&#8221;4.17.4&#8243; _module_preset=&#8221;default&#8221; custom_margin=&#8221;|||-10px|false|false&#8221; global_colors_info=&#8221;{}&#8221;][\/et_pb_image][et_pb_text _builder_version=&#8221;4.17.4&#8243; _module_preset=&#8221;default&#8221; text_font_size=&#8221;24px&#8221; link_option_url=&#8221;https:\/\/www.patrulrinpoche.net\/pl\/patrul-rinpocze\/&#8221; global_colors_info=&#8221;{}&#8221; text_text_color__hover_enabled=&#8221;on|hover&#8221; text_text_color__hover=&#8221;#f6a240&#8243;]<\/p>\n<p><strong>NASI NAUCZYCIELE<\/strong><\/p>\n<p>[\/et_pb_text][et_pb_blurb url=&#8221;https:\/\/www.patrulrinpoche.net\/pl\/patrul-rinpocze\/biography\/&#8221; use_icon=&#8221;on&#8221; font_icon=&#8221;&#x45;||divi||400&#8243; icon_color=&#8221;#f6a240&#8243; icon_placement=&#8221;left&#8221; _builder_version=&#8221;4.17.4&#8243; _module_preset=&#8221;default&#8221; body_font_size=&#8221;14px&#8221; custom_margin=&#8221;||||false|false&#8221; link_option_url=&#8221;https:\/\/www.patrulrinpoche.net\/pl\/patrul-rinpocze\/biography\/&#8221; global_colors_info=&#8221;{}&#8221; body_text_color__hover_enabled=&#8221;on|hover&#8221; body_text_color__hover=&#8221;#f6a240&#8243; transform_styles__hover_enabled=&#8221;on|hover&#8221; transform_scale__hover_enabled=&#8221;on|hover&#8221; transform_translate__hover_enabled=&#8221;on|hover&#8221; transform_rotate__hover_enabled=&#8221;on|hover&#8221; transform_skew__hover_enabled=&#8221;on|hover&#8221; transform_origin__hover_enabled=&#8221;on|hover&#8221; transform_scale__hover=&#8221;110%|110%&#8221;]<\/p>\n<p><strong>BIOGRAPHY<\/strong><\/p>\n<p>[\/et_pb_blurb][et_pb_text _builder_version=&#8221;4.17.4&#8243; _module_preset=&#8221;default&#8221; text_font_size=&#8221;24px&#8221; link_option_url=&#8221;https:\/\/www.patrulrinpoche.net\/patrul-rinpoche\/activities\/&#8221; global_colors_info=&#8221;{}&#8221; text_text_color__hover_enabled=&#8221;on|hover&#8221; text_text_color__hover=&#8221;#f6a240&#8243;]<\/p>\n<p><strong>STUDIA<\/strong><\/p>\n<p>[\/et_pb_text][et_pb_blurb url=&#8221;https:\/\/www.patrulrinpoche.net\/vision\/&#8221; use_icon=&#8221;on&#8221; font_icon=&#8221;&#x45;||divi||400&#8243; icon_color=&#8221;#f6a240&#8243; icon_placement=&#8221;left&#8221; _builder_version=&#8221;4.17.4&#8243; _module_preset=&#8221;default&#8221; body_font_size=&#8221;14px&#8221; custom_margin=&#8221;||||false|false&#8221; link_option_url=&#8221;https:\/\/www.patrulrinpoche.net\/vision\/&#8221; global_colors_info=&#8221;{}&#8221; transform_styles__hover_enabled=&#8221;on|hover&#8221; transform_scale__hover_enabled=&#8221;on|hover&#8221; transform_translate__hover_enabled=&#8221;on|desktop&#8221; transform_rotate__hover_enabled=&#8221;on|desktop&#8221; transform_skew__hover_enabled=&#8221;on|desktop&#8221; transform_origin__hover_enabled=&#8221;on|desktop&#8221; transform_scale__hover=&#8221;110%|110%&#8221; body_text_color__hover_enabled=&#8221;on|hover&#8221; body_text_color__hover=&#8221;#f6a240&#8243;]<\/p>\n<p><strong>Wizja<\/strong><\/p>\n<p>[\/et_pb_blurb][et_pb_text _builder_version=&#8221;4.17.4&#8243; _module_preset=&#8221;default&#8221; text_font_size=&#8221;24px&#8221; link_option_url=&#8221;https:\/\/www.patrulrinpoche.net\/patrul-rinpoche\/longchen-nyingthik-lineage\/&#8221; global_colors_info=&#8221;{}&#8221; text_text_color__hover_enabled=&#8221;on|hover&#8221; text_text_color__hover=&#8221;#f6a240&#8243;]<\/p>\n<p><strong>PRAKTYKI<\/strong><\/p>\n<p>[\/et_pb_text][\/et_pb_column][\/et_pb_row][\/et_pb_section][et_pb_section fb_built=&#8221;1&#8243; module_class=&#8221;normal-width-section&#8221; _builder_version=&#8221;4.16&#8243; _module_preset=&#8221;default&#8221; width=&#8221;100%&#8221; max_width=&#8221;1366px&#8221; custom_margin=&#8221;100px||||false|false&#8221; custom_padding=&#8221;0px|40px||40px|false|false&#8221; da_disable_devices=&#8221;off|off|off&#8221; global_colors_info=&#8221;{}&#8221; da_is_popup=&#8221;off&#8221; da_exit_intent=&#8221;off&#8221; da_has_close=&#8221;on&#8221; da_alt_close=&#8221;off&#8221; da_dark_close=&#8221;off&#8221; da_not_modal=&#8221;on&#8221; da_is_singular=&#8221;off&#8221; da_with_loader=&#8221;off&#8221; da_has_shadow=&#8221;on&#8221;][et_pb_row column_structure=&#8221;1_2,1_2&#8243; use_custom_gutter=&#8221;on&#8221; _builder_version=&#8221;4.16&#8243; _module_preset=&#8221;default&#8221; width=&#8221;100%&#8221; module_alignment=&#8221;center&#8221; custom_margin=&#8221;0px|0px|0px|0px|false|false&#8221; custom_padding=&#8221;0px|0px||0px|false|false&#8221; global_colors_info=&#8221;{}&#8221;][et_pb_column type=&#8221;1_2&#8243; _builder_version=&#8221;4.16&#8243; _module_preset=&#8221;default&#8221; global_colors_info=&#8221;{}&#8221;][et_pb_image src=&#8221;http:\/\/www.patrulrinpoche.net\/wp-content\/uploads\/2021\/06\/Bell-Mudra.png&#8221; title_text=&#8221;Mudra: dzwonek&#8221; align=&#8221;right&#8221; _builder_version=&#8221;4.16&#8243; _module_preset=&#8221;default&#8221; max_width=&#8221;350px&#8221; global_colors_info=&#8221;{}&#8221;][\/et_pb_image][\/et_pb_column][et_pb_column type=&#8221;1_2&#8243; _builder_version=&#8221;4.16&#8243; _module_preset=&#8221;default&#8221; custom_padding=&#8221;0px|0px|0px||false|false&#8221; global_colors_info=&#8221;{}&#8221;][et_pb_text _builder_version=&#8221;4.16&#8243; _module_preset=&#8221;default&#8221; text_font=&#8221;EB Garamond||||||||&#8221; text_text_color=&#8221;#000000&#8243; text_line_height=&#8221;2em&#8221; custom_css_main_element=&#8221;font-weight: 400;&#8221; global_colors_info=&#8221;{}&#8221;]<\/p>\n<hr style=\"height:2px;border-width:0;color:#202020;background-color:#202020;width:100px;margin-left:0px;\">\n<\/p>\n<p>Gdy kto\u015b pragnie aby jego dzia\u0142ania, \u015bwiatowe lub Dharmiczne przynios\u0142y dobre rezultaty, najpierw powinien w\u0142o\u017cy\u0107 wysi\u0142ek w uzyskanie m\u0105dro\u015bci p\u0142yn\u0105cych ze s\u0142uchania i rozmy\u015bla\u0144. W szczeg\u00f3lno\u015bci, m\u0105dro\u015b\u0107 p\u0142yn\u0105ca z medytacji nie zostanie w ca\u0142o\u015bci osi\u0105gni\u0119ta je\u015bli nie mamy ju\u017c m\u0105dro\u015bci p\u0142yn\u0105ccyh ze s\u0142uchania i rozmy\u015blania nad autentyczn\u0105 Dharm\u0105.<\/p>\n<p>[\/et_pb_text][\/et_pb_column][\/et_pb_row][et_pb_row use_custom_gutter=&#8221;on&#8221; _builder_version=&#8221;4.16&#8243; _module_preset=&#8221;default&#8221; width=&#8221;100%&#8221; module_alignment=&#8221;center&#8221; custom_margin=&#8221;0px|0px|0px|0px|false|false&#8221; custom_padding=&#8221;0px|0px||0px|false|false&#8221; custom_css_main_element=&#8221;display:flex;&#8221; global_colors_info=&#8221;{}&#8221;][et_pb_column type=&#8221;4_4&#8243; _builder_version=&#8221;4.16&#8243; _module_preset=&#8221;default&#8221; global_colors_info=&#8221;{}&#8221;][et_pb_testimonial author=&#8221;Patrul Rinpocze \u2018Poszukuj\u0105c samo-wyzwolenia\u2019&#8221; quote_icon_color=&#8221;RGBA(0,0,0,0)&#8221; quote_icon_background_color=&#8221;RGBA(0,0,0,0)&#8221; content_tablet=&#8221;<\/p>\n<h2 style=%22width:100%;margin:auto;%22>Kto oddaje si\u0119 medytacji bez uprzedniego s\u0142uchania i rozmy\u015blania, jest jak osoba, kt\u00f3ra nie posiadaj\u0105c ramion usi\u0142uje wspi\u0105\u0107 si\u0119 na ska\u0142\u0119.<\/h2>\n<p>&#8221; content_phone=&#8221;<\/p>\n<h2 style=%22width:100%;margin:auto;%22>Kto oddaje si\u0119 medytacji bez uprzedniego s\u0142uchania i rozmy\u015blania, jest jak osoba, kt\u00f3ra nie posiadaj\u0105c ramion usi\u0142uje wspi\u0105\u0107 si\u0119 na ska\u0142\u0119.<\/h2>\n<p>&#8221; content_last_edited=&#8221;on|phone&#8221; _builder_version=&#8221;4.17.4&#8243; _module_preset=&#8221;default&#8221; body_font=&#8221;EB Garamond||||||||&#8221; body_text_align=&#8221;center&#8221; body_font_size=&#8221;45px&#8221; body_line_height=&#8221;75px&#8221; author_font=&#8221;EB Garamond|500|||||||&#8221; author_text_align=&#8221;center&#8221; author_text_color=&#8221;#f6a240&#8243; author_font_size=&#8221;24px&#8221; author_line_height=&#8221;1em&#8221; position_text_color=&#8221;#E02B20&#8243; background_color=&#8221;RGBA(0,0,0,0)&#8221; text_orientation=&#8221;center&#8221; custom_padding=&#8221;100px||120px||false|false&#8221; body_font_size_tablet=&#8221;32px&#8221; body_font_size_phone=&#8221;28px&#8221; body_font_size_last_edited=&#8221;on|phone&#8221; author_font_size_tablet=&#8221;&#8221; author_font_size_phone=&#8221;18px&#8221; author_font_size_last_edited=&#8221;on|desktop&#8221; border_color_all=&#8221;#f7f7f7&#8243; border_width_top=&#8221;3px&#8221; border_width_bottom=&#8221;3px&#8221; global_colors_info=&#8221;{}&#8221; border_width_bottom__hover_enabled=&#8221;on|desktop&#8221; border_width_bottom__hover=&#8221;3px&#8221;]<\/p>\n<h2 style=\"width: 80%; margin: auto;\">Kto oddaje si\u0119 medytacji bez uprzedniego s\u0142uchania i rozmy\u015blania, jest jak osoba, kt\u00f3ra nie posiadaj\u0105c ramion usi\u0142uje wspi\u0105\u0107 si\u0119 na ska\u0142\u0119.<\/h2>\n<p>[\/et_pb_testimonial][\/et_pb_column][\/et_pb_row][et_pb_row column_structure=&#8221;1_2,1_2&#8243; use_custom_gutter=&#8221;on&#8221; gutter_width=&#8221;1&#8243; make_equal=&#8221;on&#8221; custom_padding_last_edited=&#8221;on|tablet&#8221; _builder_version=&#8221;4.16&#8243; _module_preset=&#8221;default&#8221; background_color=&#8221;#f7f7f7&#8243; width=&#8221;100%&#8221; min_height=&#8221;600px&#8221; min_height_tablet=&#8221;100px&#8221; min_height_phone=&#8221;&#8221; min_height_last_edited=&#8221;on|tablet&#8221; custom_margin=&#8221;|0px||0px|false|false&#8221; custom_padding=&#8221;25px|0px|25px|25px|false|false&#8221; custom_padding_tablet=&#8221;0px|25px|25px|25px|false|true&#8221; custom_padding_phone=&#8221;&#8221; custom_css_main_element=&#8221;display:flex;||flex-direction:row;&#8221; global_colors_info=&#8221;{}&#8221; custom_css_main_element_last_edited=&#8221;on|tablet&#8221; custom_css_main_element_tablet=&#8221;display:flex;||flex-direction:column-reverse;&#8221; custom_css_main_element_phone=&#8221;display:flex;||flex-direction:column-reverse;&#8221;][et_pb_column type=&#8221;1_2&#8243; _builder_version=&#8221;4.16&#8243; _module_preset=&#8221;default&#8221; custom_css_main_element=&#8221;width:25%!important;&#8221; global_colors_info=&#8221;{}&#8221; custom_css_main_element_last_edited=&#8221;on|desktop&#8221; custom_css_main_element_tablet=&#8221;width: 100%&#8221; custom_css_main_element_phone=&#8221;width: 100%&#8221;][et_pb_text _builder_version=&#8221;4.17.4&#8243; _module_preset=&#8221;default&#8221; header_2_font_size=&#8221;30px&#8221; custom_margin=&#8221;|25px|0px||false|false&#8221; locked=&#8221;off&#8221; global_colors_info=&#8221;{}&#8221;]<\/p>\n<h2>We wsp\u00f3\u0142czesnym \u015bwiecie \u0142atwo jest zgubi\u0107 si\u0119 w g\u0119stym lesie rozmaitych duchowych \u015bcie\u017cek.<\/h2>\n<hr style=\"height: 2px; border-width: 0; color: #f7bb38; background-color: #f7bb38; width: 100px; margin-left: 0px; margin-top: -5px; margin-bottom: 15px;\">[\/et_pb_text][et_pb_text _builder_version=&#8221;4.16&#8243; _module_preset=&#8221;default&#8221; text_font_size=&#8221;16px&#8221; custom_margin=&#8221;|25px|||false|false&#8221; global_colors_info=&#8221;{}&#8221;]<\/p>\n<p>Dostrzegaj\u0105c, \u017ce wielu ludzi na zachodzie zmaga si\u0119 z tym problemem, Patrul Rinpocze zorganizowa\u0142 system studiowania maj\u0105cy na celu dostarczenie jasnych i bezpo\u015brednich wskaz\u00f3wek na drodze do o\u015bwiecenia.<\/p>\n<p>[\/et_pb_text][\/et_pb_column][et_pb_column type=&#8221;1_2&#8243; module_class=&#8221;full-height-image-column&#8221; _builder_version=&#8221;4.16&#8243; _module_preset=&#8221;default&#8221; custom_css_main_element=&#8221;width: 75%!important;||min-height: 100%;&#8221; global_colors_info=&#8221;{}&#8221; custom_css_main_element_last_edited=&#8221;on|desktop&#8221; custom_css_main_element_tablet=&#8221;width: 100%;||height: 300px;&#8221; custom_css_main_element_phone=&#8221;width: 100%;||height: 300px;&#8221;][et_pb_text _builder_version=&#8221;4.16&#8243; _module_preset=&#8221;default&#8221; background_image=&#8221;http:\/\/www.patrulrinpoche.net\/wp-content\/uploads\/2021\/06\/Patrul-Rinpoche.png&#8221; custom_margin=&#8221;-25px||-25px||false|false&#8221; custom_margin_tablet=&#8221;0px|-25px|0px|-25px|false|false&#8221; custom_margin_phone=&#8221;&#8221; custom_margin_last_edited=&#8221;on|tablet&#8221; custom_css_main_element=&#8221;height: calc(100% + 50px);&#8221; global_colors_info=&#8221;{}&#8221; custom_css_main_element_last_edited=&#8221;on|tablet&#8221; custom_css_main_element_tablet=&#8221;height: 300px;&#8221; custom_css_main_element_phone=&#8221;height: 300px;&#8221;][\/et_pb_text][\/et_pb_column][\/et_pb_row][et_pb_row _builder_version=&#8221;4.16&#8243; _module_preset=&#8221;default&#8221; width=&#8221;100%&#8221; custom_margin=&#8221;60px||60px||false|false&#8221; custom_padding=&#8221;20px||20px||false|false&#8221; global_colors_info=&#8221;{}&#8221;][et_pb_column type=&#8221;4_4&#8243; _builder_version=&#8221;4.16&#8243; _module_preset=&#8221;default&#8221; global_colors_info=&#8221;{}&#8221;][et_pb_text _builder_version=&#8221;4.16&#8243; _module_preset=&#8221;default&#8221; global_colors_info=&#8221;{}&#8221;]<\/p>\n<hr style=\"height: 2px; border-width: 0; color: #f7bb38; background-color: #EBEBEB; width: 100%; margin-left: 0px;\">[\/et_pb_text][\/et_pb_column][\/et_pb_row][et_pb_row column_structure=&#8221;1_3,1_3,1_3&#8243; use_custom_gutter=&#8221;on&#8221; gutter_width=&#8221;2&#8243; _builder_version=&#8221;4.16&#8243; _module_preset=&#8221;default&#8221; width=&#8221;100%&#8221; custom_margin=&#8221;0px||||false|false&#8221; custom_padding=&#8221;0px||||false|false&#8221; global_colors_info=&#8221;{}&#8221;][et_pb_column type=&#8221;1_3&#8243; _builder_version=&#8221;4.16&#8243; _module_preset=&#8221;default&#8221; global_colors_info=&#8221;{}&#8221;][et_pb_image src=&#8221;http:\/\/www.patrulrinpoche.net\/wp-content\/uploads\/2021\/06\/study-practice-drupchen-2.png&#8221; title_text=&#8221;studia-praktyka-drupczen-2&#8243; _builder_version=&#8221;4.16&#8243; _module_preset=&#8221;default&#8221; global_colors_info=&#8221;{}&#8221;][\/et_pb_image][\/et_pb_column][et_pb_column type=&#8221;1_3&#8243; _builder_version=&#8221;4.16&#8243; _module_preset=&#8221;default&#8221; global_colors_info=&#8221;{}&#8221;][et_pb_image src=&#8221;http:\/\/www.patrulrinpoche.net\/wp-content\/uploads\/2021\/06\/study-practice-drupchen-1.png&#8221; title_text=&#8221;studia-praktyka-drupczen-1&#8243; _builder_version=&#8221;4.16&#8243; _module_preset=&#8221;default&#8221; global_colors_info=&#8221;{}&#8221;][\/et_pb_image][\/et_pb_column][et_pb_column type=&#8221;1_3&#8243; _builder_version=&#8221;4.16&#8243; _module_preset=&#8221;default&#8221; global_colors_info=&#8221;{}&#8221;][et_pb_image src=&#8221;http:\/\/www.patrulrinpoche.net\/wp-content\/uploads\/2021\/06\/study-practice-drupchen-3.png&#8221; title_text=&#8221;studia-praktyka-drupczen-3&#8243; _builder_version=&#8221;4.16&#8243; _module_preset=&#8221;default&#8221; global_colors_info=&#8221;{}&#8221;][\/et_pb_image][\/et_pb_column][\/et_pb_row][et_pb_row _builder_version=&#8221;4.16&#8243; _module_preset=&#8221;default&#8221; width=&#8221;100%&#8221; global_colors_info=&#8221;{}&#8221;][et_pb_column type=&#8221;4_4&#8243; _builder_version=&#8221;4.16&#8243; _module_preset=&#8221;default&#8221; global_colors_info=&#8221;{}&#8221;][et_pb_text _builder_version=&#8221;4.16&#8243; _module_preset=&#8221;default&#8221; header_2_text_align=&#8221;center&#8221; global_colors_info=&#8221;{}&#8221;]<\/p>\n<h2>Mo\u017ce to wygl\u0105da\u0107 jak co\u015b bardzo powa\u017cnego, ale mo\u017ce dostarczy\u0107 wiele rado\u015bci!<\/h2>\n<p>[\/et_pb_text][\/et_pb_column][\/et_pb_row][et_pb_row _builder_version=&#8221;4.16&#8243; _module_preset=&#8221;default&#8221; width=&#8221;100%&#8221; custom_margin=&#8221;||0px||false|false&#8221; custom_padding=&#8221;||0px||false|false&#8221; global_colors_info=&#8221;{}&#8221;][et_pb_column type=&#8221;4_4&#8243; _builder_version=&#8221;4.16&#8243; _module_preset=&#8221;default&#8221; global_colors_info=&#8221;{}&#8221;][et_pb_text _builder_version=&#8221;4.16&#8243; _module_preset=&#8221;default&#8221; text_line_height=&#8221;40px&#8221; global_colors_info=&#8221;{}&#8221;]<\/p>\n<p>Rinpocze powo\u0142a\u0142 do \u017cycia Instytut Zangdok Palri, kilka osobnych program\u00f3w studi\u00f3w oraz grupowych praktyk; te rozmaite kursy i zgromadzenia po\u015bwi\u0119cone praktyce zwane s\u0105 odosobnieniami (retritami). Niekt\u00f3re koncentruj\u0105 si\u0119 na filozofii, za\u015b inne dostarczaj\u0105 precyzyjnych wskaz\u00f3wek jak nale\u017cy praktykowa\u0107. Maj\u0105 miejsce r\u00f3wnie\u017c pojedyncze kursy\/nauki i sesje grupowych praktyk.<\/p>\n<p>[\/et_pb_text][\/et_pb_column][\/et_pb_row][et_pb_row _builder_version=&#8221;4.16&#8243; _module_preset=&#8221;default&#8221; width=&#8221;100%&#8221; custom_margin=&#8221;80px||60px||false|false&#8221; custom_padding=&#8221;20px||20px||false|false&#8221; global_colors_info=&#8221;{}&#8221;][et_pb_column type=&#8221;4_4&#8243; _builder_version=&#8221;4.16&#8243; _module_preset=&#8221;default&#8221; global_colors_info=&#8221;{}&#8221;][et_pb_text _builder_version=&#8221;4.16&#8243; _module_preset=&#8221;default&#8221; global_colors_info=&#8221;{}&#8221;]<\/p>\n<hr style=\"height: 2px; border-width: 0; color: #f7bb38; background-color: #F6A240; width: 100%; margin-left: 0px;\">[\/et_pb_text][\/et_pb_column][\/et_pb_row][et_pb_row column_structure=&#8221;1_2,1_2&#8243; use_custom_gutter=&#8221;on&#8221; make_equal=&#8221;on&#8221; _builder_version=&#8221;4.16&#8243; _module_preset=&#8221;default&#8221; width=&#8221;100%&#8221; module_alignment=&#8221;center&#8221; custom_margin=&#8221;0px|0px|0px|0px|false|false&#8221; custom_padding=&#8221;0px|0px||0px|false|false&#8221; global_colors_info=&#8221;{}&#8221;][et_pb_column type=&#8221;1_2&#8243; _builder_version=&#8221;4.16&#8243; _module_preset=&#8221;default&#8221; global_colors_info=&#8221;{}&#8221;][et_pb_image src=&#8221;http:\/\/www.patrulrinpoche.net\/wp-content\/uploads\/2021\/06\/Dorje-Mudra.png&#8221; title_text=&#8221;Mudra Wad\u017cry&#8221; _builder_version=&#8221;4.16&#8243; _module_preset=&#8221;default&#8221; max_width=&#8221;300px&#8221; module_alignment=&#8221;center&#8221; global_colors_info=&#8221;{}&#8221;][\/et_pb_image][\/et_pb_column][et_pb_column type=&#8221;1_2&#8243; _builder_version=&#8221;4.16&#8243; _module_preset=&#8221;default&#8221; custom_padding=&#8221;0px|0px|0px||false|false&#8221; custom_css_main_element=&#8221;margin-top: auto;||margin-bottom: auto;&#8221; global_colors_info=&#8221;{}&#8221;][et_pb_text _builder_version=&#8221;4.16&#8243; _module_preset=&#8221;default&#8221; text_font=&#8221;EB Garamond||||||||&#8221; text_text_color=&#8221;#000000&#8243; text_line_height=&#8221;2em&#8221; header_4_font_size=&#8221;19px&#8221; header_4_letter_spacing=&#8221;0.76px&#8221; header_4_line_height=&#8221;34px&#8221; custom_css_main_element=&#8221;font-weight: 400;&#8221; global_colors_info=&#8221;{}&#8221;]<\/p>\n<h4>Co w\u0142a\u015bciwie dzieje si\u0119 podczas takich odosobnie\u0144?<\/h4>\n<h4>Dlaczego ludzie bior\u0105 w nich udzia\u0142?<\/h4>\n<h4>I w og\u00f3le po co s\u0105 te odosobnienia?<\/h4>\n<p>[\/et_pb_text][et_pb_button button_url=&#8221;https:\/\/duck.com&#8221; button_text=&#8221;Czytaj wi\u0119cej&#8221; _builder_version=&#8221;4.16&#8243; _module_preset=&#8221;default&#8221; custom_button=&#8221;on&#8221; button_text_size=&#8221;14px&#8221; button_bg_color=&#8221;#f6a240&#8243; button_border_width=&#8221;0px&#8221; custom_margin=&#8221;||||false|false&#8221; custom_padding=&#8221;||||false|false&#8221; global_colors_info=&#8221;{}&#8221; custom_css_main_element__hover_enabled=&#8221;off|hover&#8221; custom_css_main_element__hover=&#8221;background-color: var(&#8211;secondary-color);||text-transform: uppercase;||letter-spacing: 0.56px;||font-weight: 600;||color: black;||bottom: 25px;||padding: 14px 45px 14px 45px!important;||margin-left: -5px;||margin-right: -5px;&#8221; button_bg_color__hover_enabled=&#8221;off|hover&#8221; button_bg_enable_color__hover=&#8221;off&#8221;][\/et_pb_button][\/et_pb_column][\/et_pb_row][et_pb_row _builder_version=&#8221;4.16&#8243; _module_preset=&#8221;default&#8221; width=&#8221;100%&#8221; global_colors_info=&#8221;{}&#8221;][et_pb_column type=&#8221;4_4&#8243; _builder_version=&#8221;4.16&#8243; _module_preset=&#8221;default&#8221; global_colors_info=&#8221;{}&#8221;][et_pb_text _builder_version=&#8221;4.16&#8243; _module_preset=&#8221;default&#8221; header_2_text_align=&#8221;center&#8221; global_colors_info=&#8221;{}&#8221;]<\/p>\n<h2>Czy chcesz wiedzie\u0107 wi\u0119cej <span style=\"color:#F6A240\">o nadchodz\u0105cych wydarzeniach?<\/span><\/h2>\n<p>[\/et_pb_text][\/et_pb_column][\/et_pb_row][et_pb_row _builder_version=&#8221;4.16&#8243; _module_preset=&#8221;default&#8221; global_colors_info=&#8221;{}&#8221;][et_pb_column type=&#8221;4_4&#8243; _builder_version=&#8221;4.16&#8243; _module_preset=&#8221;default&#8221; global_colors_info=&#8221;{}&#8221;][\/et_pb_column][\/et_pb_row][\/et_pb_section]<\/p>\n","protected":false},"excerpt":{"rendered":"<p>NASI NAUCZYCIELEBIOGRAPHYSTUDIAWizjaPRAKTYKI Gdy kto\u015b pragnie aby jego dzia\u0142ania, \u015bwiatowe lub Dharmiczne przynios\u0142y dobre rezultaty, najpierw powinien w\u0142o\u017cy\u0107 wysi\u0142ek w uzyskanie m\u0105dro\u015bci p\u0142yn\u0105cych ze s\u0142uchania i rozmy\u015bla\u0144. W szczeg\u00f3lno\u015bci, m\u0105dro\u015b\u0107 p\u0142yn\u0105ca z medytacji nie zostanie w ca\u0142o\u015bci osi\u0105gni\u0119ta je\u015bli nie mamy ju\u017c m\u0105dro\u015bci p\u0142yn\u0105ccyh ze s\u0142uchania i rozmy\u015blania nad autentyczn\u0105 Dharm\u0105.Kto oddaje si\u0119 medytacji bez uprzedniego [&hellip;]<\/p>\n","protected":false},"author":1,"featured_media":0,"parent":0,"menu_order":1,"comment_status":"closed","ping_status":"closed","template":"","meta":{"_et_pb_use_builder":"on","_et_pb_old_content":"","_et_gb_content_width":"","footnotes":""},"class_list":["post-13412","page","type-page","status-publish","hentry"],"_links":{"self":[{"href":"https:\/\/www.patrulrinpoche.net\/pl\/wp-json\/wp\/v2\/pages\/13412","targetHints":{"allow":["GET"]}}],"collection":[{"href":"https:\/\/www.patrulrinpoche.net\/pl\/wp-json\/wp\/v2\/pages"}],"about":[{"href":"https:\/\/www.patrulrinpoche.net\/pl\/wp-json\/wp\/v2\/types\/page"}],"author":[{"embeddable":true,"href":"https:\/\/www.patrulrinpoche.net\/pl\/wp-json\/wp\/v2\/users\/1"}],"replies":[{"embeddable":true,"href":"https:\/\/www.patrulrinpoche.net\/pl\/wp-json\/wp\/v2\/comments?post=13412"}],"version-history":[{"count":0,"href":"https:\/\/www.patrulrinpoche.net\/pl\/wp-json\/wp\/v2\/pages\/13412\/revisions"}],"wp:attachment":[{"href":"https:\/\/www.patrulrinpoche.net\/pl\/wp-json\/wp\/v2\/media?parent=13412"}],"curies":[{"name":"wp","href":"https:\/\/api.w.org\/{rel}","templated":true}]}}