{"id":13422,"date":"2024-01-21T12:41:18","date_gmt":"2024-01-21T11:41:18","guid":{"rendered":"https:\/\/www.patrulrinpoche.net\/studiowanie-praktyki\/programy-studiowania\/"},"modified":"2024-02-01T18:52:32","modified_gmt":"2024-02-01T17:52:32","slug":"programy-studiowania","status":"publish","type":"page","link":"https:\/\/www.patrulrinpoche.net\/pl\/studiowanie-praktyki\/programy-studiowania\/","title":{"rendered":"Programy studiowania"},"content":{"rendered":"<p>[et_pb_section fb_built=&#8221;1&#8243; disabled_on=&#8221;off|off|off&#8221; _builder_version=&#8221;4.17.4&#8243; _module_preset=&#8221;default&#8221; background_image=&#8221;http:\/\/www.patrulrinpoche.net\/wp-content\/uploads\/2022\/06\/Study-and-practice_Patrul-Rinpoche.jpg&#8221; custom_padding=&#8221;0px||0px||false|false&#8221; da_disable_devices=&#8221;off|off|off&#8221; global_colors_info=&#8221;{}&#8221; da_is_popup=&#8221;off&#8221; da_exit_intent=&#8221;off&#8221; da_has_close=&#8221;on&#8221; da_alt_close=&#8221;off&#8221; da_dark_close=&#8221;off&#8221; da_not_modal=&#8221;on&#8221; da_is_singular=&#8221;off&#8221; da_with_loader=&#8221;off&#8221; da_has_shadow=&#8221;on&#8221;][et_pb_row _builder_version=&#8221;4.17.3&#8243; _module_preset=&#8221;default&#8221; global_colors_info=&#8221;{}&#8221;][et_pb_column type=&#8221;4_4&#8243; _builder_version=&#8221;4.17.3&#8243; _module_preset=&#8221;default&#8221; global_colors_info=&#8221;{}&#8221;][et_pb_divider show_divider=&#8221;off&#8221; _builder_version=&#8221;4.17.4&#8243; _module_preset=&#8221;default&#8221; custom_margin=&#8221;0px||||false|false&#8221; global_colors_info=&#8221;{}&#8221;][\/et_pb_divider][et_pb_text _builder_version=&#8221;4.17.4&#8243; _module_preset=&#8221;default&#8221; header_4_font=&#8221;EB Garamond|600|||||||&#8221; header_4_text_align=&#8221;left&#8221; header_4_text_color=&#8221;#FFFFFF&#8221; header_4_font_size=&#8221;66px&#8221; background_enable_image=&#8221;off&#8221; custom_padding=&#8221;380px||40px|0px|false|false&#8221; custom_padding_tablet=&#8221;430px||40px|0px|false|false&#8221; custom_padding_phone=&#8221;330px||||false|false&#8221; custom_padding_last_edited=&#8221;on|phone&#8221; hover_enabled=&#8221;0&#8243; header_4_font_size_tablet=&#8221;66px&#8221; header_4_font_size_phone=&#8221;36px&#8221; header_4_font_size_last_edited=&#8221;on|phone&#8221; header_4_text_shadow_style=&#8221;preset1&#8243; border_width_bottom=&#8221;2px&#8221; border_color_bottom=&#8221;#FFFFFF&#8221; global_colors_info=&#8221;{}&#8221; sticky_enabled=&#8221;0&#8243;]<\/p>\n<h4 style=\"text-align: left;\">Studiowanie Dharmy<\/h4>\n<p>[\/et_pb_text][\/et_pb_column][\/et_pb_row][et_pb_row column_structure=&#8221;1_5,1_5,1_5,1_5,1_5&#8243; _builder_version=&#8221;4.17.4&#8243; _module_preset=&#8221;default&#8221; global_colors_info=&#8221;{}&#8221;][et_pb_column type=&#8221;1_5&#8243; _builder_version=&#8221;4.17.4&#8243; _module_preset=&#8221;default&#8221; global_colors_info=&#8221;{}&#8221;][et_pb_text _builder_version=&#8221;4.17.4&#8243; _module_preset=&#8221;default&#8221; header_5_text_color=&#8221;#FFFFFF&#8221; header_5_font_size=&#8221;20px&#8221; custom_margin=&#8221;-30px||||false|false&#8221; link_option_url=&#8221;https:\/\/www.patrulrinpoche.net\/study-practice\/study-programs\/general-study-courses\/&#8221; header_5_text_shadow_style=&#8221;preset3&#8243; global_colors_info=&#8221;{}&#8221;]<\/p>\n<h5>OG\u00d3LNE NAUCZANIE<\/h5>\n<p>[\/et_pb_text][\/et_pb_column][et_pb_column type=&#8221;1_5&#8243; _builder_version=&#8221;4.17.4&#8243; _module_preset=&#8221;default&#8221; global_colors_info=&#8221;{}&#8221;][et_pb_text _builder_version=&#8221;4.17.4&#8243; _module_preset=&#8221;default&#8221; header_5_text_color=&#8221;#FFFFFF&#8221; header_5_font_size=&#8221;20px&#8221; custom_margin=&#8221;-30px||||false|false&#8221; link_option_url=&#8221;https:\/\/www.patrulrinpoche.net\/pl\/studiowanie-praktyki\/programy-studiowania\/cykle-szedry\/&#8221; header_5_text_shadow_style=&#8221;preset3&#8243; global_colors_info=&#8221;{}&#8221;]<\/p>\n<h5>SHEDRA<\/h5>\n<p>[\/et_pb_text][\/et_pb_column][et_pb_column type=&#8221;1_5&#8243; _builder_version=&#8221;4.17.4&#8243; _module_preset=&#8221;default&#8221; global_colors_info=&#8221;{}&#8221;][et_pb_text _builder_version=&#8221;4.17.4&#8243; _module_preset=&#8221;default&#8221; header_5_text_color=&#8221;#FFFFFF&#8221; header_5_font_size=&#8221;20px&#8221; custom_margin=&#8221;-30px||||false|false&#8221; link_option_url=&#8221;https:\/\/www.patrulrinpoche.net\/pl\/studiowanie-praktyki\/programy-studiowania\/kursy-cotygodniowe\/&#8221; header_5_text_shadow_style=&#8221;preset3&#8243; global_colors_info=&#8221;{}&#8221;]<\/p>\n<h5>KURSY WEEKENDOWE<\/h5>\n<p>[\/et_pb_text][\/et_pb_column][et_pb_column type=&#8221;1_5&#8243; _builder_version=&#8221;4.17.4&#8243; _module_preset=&#8221;default&#8221; global_colors_info=&#8221;{}&#8221;][et_pb_text _builder_version=&#8221;4.17.4&#8243; _module_preset=&#8221;default&#8221; header_5_text_color=&#8221;#FFFFFF&#8221; header_5_font_size=&#8221;20px&#8221; custom_margin=&#8221;-30px||||false|false&#8221; link_option_url=&#8221;https:\/\/www.patrulrinpoche.net\/pl\/nauki-online\/&#8221; header_5_text_shadow_style=&#8221;preset3&#8243; global_colors_info=&#8221;{}&#8221;]<\/p>\n<h5>KURSY ONLINE<\/h5>\n<p>[\/et_pb_text][\/et_pb_column][et_pb_column type=&#8221;1_5&#8243; _builder_version=&#8221;4.17.4&#8243; _module_preset=&#8221;default&#8221; global_colors_info=&#8221;{}&#8221;][et_pb_text _builder_version=&#8221;4.17.4&#8243; _module_preset=&#8221;default&#8221; header_5_text_color=&#8221;#FFFFFF&#8221; header_5_font_size=&#8221;20px&#8221; custom_margin=&#8221;-30px||||false|false&#8221; link_option_url=&#8221;https:\/\/www.patrulrinpoche.net\/pl\/studiowanie-praktyki\/programy-studiowania\/pozostale-kursy\/&#8221; header_5_text_shadow_style=&#8221;preset3&#8243; global_colors_info=&#8221;{}&#8221;]<\/p>\n<h5>POZOSTA\u0141E<\/h5>\n<p>[\/et_pb_text][\/et_pb_column][\/et_pb_row][\/et_pb_section][et_pb_section fb_built=&#8221;1&#8243; _builder_version=&#8221;4.17.4&#8243; _module_preset=&#8221;default&#8221; da_disable_devices=&#8221;off|off|off&#8221; global_colors_info=&#8221;{}&#8221; da_is_popup=&#8221;off&#8221; da_exit_intent=&#8221;off&#8221; da_has_close=&#8221;on&#8221; da_alt_close=&#8221;off&#8221; da_dark_close=&#8221;off&#8221; da_not_modal=&#8221;on&#8221; da_is_singular=&#8221;off&#8221; da_with_loader=&#8221;off&#8221; da_has_shadow=&#8221;on&#8221;][et_pb_row _builder_version=&#8221;4.17.4&#8243; _module_preset=&#8221;default&#8221; global_colors_info=&#8221;{}&#8221;][et_pb_column type=&#8221;4_4&#8243; _builder_version=&#8221;4.17.4&#8243; _module_preset=&#8221;default&#8221; global_colors_info=&#8221;{}&#8221;][et_pb_text _builder_version=&#8221;4.17.4&#8243; _module_preset=&#8221;default&#8221; text_orientation=&#8221;justified&#8221; global_colors_info=&#8221;{}&#8221;]<\/p>\n<p>Aby rozwin\u0105\u0107 w sobie m\u0105dro\u015b\u0107, musimy s\u0142ucha\u0107, rozmy\u015bla\u0107 i medytowa\u0107. Kursy stwarzaj\u0105 mo\u017cliwo\u015b\u0107 s\u0142uchania nauk Dharmy. Jest to pierwszym krokiem oraz podstaw\u0105 do rozwa\u017ca\u0144 i medytacji.<\/p>\n<p>[\/et_pb_text][et_pb_text _builder_version=&#8221;4.17.4&#8243; _module_preset=&#8221;default&#8221; header_5_font=&#8221;Source Sans Pro|700||on|||||&#8221; header_5_font_size=&#8221;18px&#8221; custom_margin=&#8221;30px||||false|false&#8221; custom_padding=&#8221;20px||0px|0px|false|false&#8221; global_colors_info=&#8221;{}&#8221;]<\/p>\n<h5>Dzi\u0119ki s\u0142uchaniu nauk, poznajemy zjawiska.<\/h5>\n<h5> <\/h5>\n<h5>Poprzez s\u0142uchanie, odwracamy si\u0119 od niew\u0142a\u015bciwych czyn\u00f3w. .<\/h5>\n<h5> <\/h5>\n<h5>Poprzez s\u0142uchanie, porzucamy wszystko to, co pozbawione jest znaczenia.<\/h5>\n<h5> <\/h5>\n<h5>Poprzez s\u0142uchanie, osi\u0105gamy ca\u0142kowite wyzwolenie.<\/h5>\n<p>[\/et_pb_text][et_pb_text _builder_version=&#8221;4.17.4&#8243; _module_preset=&#8221;default&#8221; header_5_font=&#8221;Source Sans Pro|||on|||||&#8221; header_5_font_size=&#8221;17px&#8221; custom_margin=&#8221;0px||||false|false&#8221; global_colors_info=&#8221;{}&#8221;]<\/p>\n<h5>BODHISATTVAPI\u1e6cAKASUTRA<\/h5>\n<p>[\/et_pb_text][\/et_pb_column][\/et_pb_row][\/et_pb_section][et_pb_section fb_built=&#8221;1&#8243; fullwidth=&#8221;on&#8221; _builder_version=&#8221;4.17.4&#8243; _module_preset=&#8221;default&#8221; background_color=&#8221;#FFFFFF&#8221; da_disable_devices=&#8221;off|off|off&#8221; global_colors_info=&#8221;{}&#8221; da_is_popup=&#8221;off&#8221; da_exit_intent=&#8221;off&#8221; da_has_close=&#8221;on&#8221; da_alt_close=&#8221;off&#8221; da_dark_close=&#8221;off&#8221; da_not_modal=&#8221;on&#8221; da_is_singular=&#8221;off&#8221; da_with_loader=&#8221;off&#8221; da_has_shadow=&#8221;on&#8221;][et_pb_fullwidth_slider _builder_version=&#8221;4.17.4&#8243; _module_preset=&#8221;default&#8221; background_color=&#8221;#FFFFFF&#8221; custom_button=&#8221;on&#8221; button_bg_color=&#8221;#FFFFFF&#8221; custom_padding=&#8221;92px||92px|||&#8221; auto=&#8221;on&#8221; auto_speed=&#8221;4500&#8243; auto_ignore_hover=&#8221;on&#8221; body_font_size_tablet=&#8221;&#8221; body_font_size_phone=&#8221;19px&#8221; body_font_size_last_edited=&#8221;on|phone&#8221; global_colors_info=&#8221;{}&#8221;][et_pb_slide heading=&#8221;Kursy Og\u00f3lnobuddyjskie &#8221; button_text=&#8221;DODATKOWE INFORMACJE&#8221; button_link=&#8221;https:\/\/www.patrulrinpoche.net\/study-practice\/study-programs\/general-study-courses\/&#8221; image=&#8221;http:\/\/www.patrulrinpoche.net\/wp-content\/uploads\/2022\/06\/Buddhist-Studies_general-studies.jpg&#8221; _builder_version=&#8221;4.17.4&#8243; _module_preset=&#8221;default&#8221; header_level=&#8221;h3&#8243; header_font=&#8221;EB Garamond||||||||&#8221; header_text_align=&#8221;center&#8221; background_enable_color=&#8221;off&#8221; custom_button=&#8221;on&#8221; button_text_color=&#8221;#202020&#8243; button_bg_color=&#8221;#FFFFFF&#8221; button_font=&#8221;|600|||||||&#8221; button_alignment=&#8221;center&#8221; text_orientation=&#8221;center&#8221; background_layout=&#8221;light&#8221; link_option_url=&#8221;https:\/\/www.patrulrinpoche.net\/study-practice\/study-programs\/general-study-courses\/&#8221; global_colors_info=&#8221;{}&#8221; sticky_transition=&#8221;on&#8221;]<\/p>\n<p><strong>Kursy Og\u00f3lnobuddyjskie<\/strong> oraz <strong>Odosobnienia Zimowe<\/strong> powsta\u0142y z my\u015bla o tych, kt\u00f3rzy pragn\u0105 studiowa\u0107 pod kierunkiem nauczycieli oraz zyska\u0107 og\u00f3ln\u0105 wiedz\u0119.<br \/>Oba s\u0105 otwarte dla wszystkich chetnych. Podczas tych kurs\u00f3w Patrul Rinpocze naucza na temat wa\u017cnych aspekt\u00f3w buddyjskiej filozofii i praktyki.<\/p>\n<p>[\/et_pb_slide][et_pb_slide heading=&#8221;Dla zaawansowanych -&#8221; button_text=&#8221;DODATKOWE INFORMACJE&#8221; button_link=&#8221;https:\/\/www.patrulrinpoche.net\/pl\/studiowanie-praktyki\/programy-studiowania\/cykle-szedry\/&#8221; image=&#8221;http:\/\/www.patrulrinpoche.net\/wp-content\/uploads\/2022\/06\/Buddhist-Studies_advanced-studies.jpg&#8221; _builder_version=&#8221;4.17.4&#8243; _module_preset=&#8221;default&#8221; header_level=&#8221;h3&#8243; header_font=&#8221;EB Garamond||||||||&#8221; header_text_align=&#8221;center&#8221; background_enable_color=&#8221;off&#8221; custom_button=&#8221;on&#8221; button_text_color=&#8221;#202020&#8243; button_bg_color=&#8221;#FFFFFF&#8221; button_font=&#8221;|600|||||||&#8221; button_alignment=&#8221;center&#8221; text_orientation=&#8221;center&#8221; background_layout=&#8221;light&#8221; link_option_url=&#8221;https:\/\/www.patrulrinpoche.net\/pl\/studiowanie-praktyki\/programy-studiowania\/cykle-szedry\/&#8221; global_colors_info=&#8221;{}&#8221; sticky_transition=&#8221;on&#8221;]<\/p>\n<p>Sze\u015bcioletni Kurs dla Praktykujacych Dzogczen zosta\u0142 opracowany dla tych, kt\u00f3rzy pragn\u0105 pog\u0142\u0119bi\u0107 i rozszerzy\u0107 zakres swoich studi\u00f3w i praktyki; kt\u00f3rzy chc\u0105 powa\u017cnie zaanga\u017cowa\u0107 si\u0119 w program intensywnej nauki i praktyki.<\/p>\n<p>[\/et_pb_slide][et_pb_slide heading=&#8221;Kursy cotygodniowe&#8221; button_text=&#8221;DODATKOWE INFORMACJE&#8221; button_link=&#8221;https:\/\/www.patrulrinpoche.net\/pl\/studiowanie-praktyki\/programy-studiowania\/kursy-cotygodniowe\/&#8221; image=&#8221;http:\/\/www.patrulrinpoche.net\/wp-content\/uploads\/2022\/06\/Buddhist-Studies_weekly-courses.jpg&#8221; _builder_version=&#8221;4.17.4&#8243; _module_preset=&#8221;default&#8221; header_level=&#8221;h3&#8243; header_font=&#8221;EB Garamond||||||||&#8221; header_text_align=&#8221;center&#8221; background_enable_color=&#8221;off&#8221; custom_button=&#8221;on&#8221; button_text_color=&#8221;#202020&#8243; button_bg_color=&#8221;#FFFFFF&#8221; button_font=&#8221;|600|||||||&#8221; button_alignment=&#8221;center&#8221; text_orientation=&#8221;center&#8221; background_layout=&#8221;light&#8221; link_option_url=&#8221;https:\/\/www.patrulrinpoche.net\/pl\/studiowanie-praktyki\/programy-studiowania\/kursy-cotygodniowe\/&#8221; global_colors_info=&#8221;{}&#8221; sticky_transition=&#8221;on&#8221;]<\/p>\n<p>Instytut Zangdok Palri proponuje szereg cotygodniowych nauk, kt\u00f3rych s\u0142ucha\u0107 mo\u017cna w czasie rzeczywistym, lub zapozna\u0107 si\u0119 z nimi p\u00f3\u017cniej poprzez ods\u0142uchiwanie nagra\u0144. Nauki otwarte s\u0105 dla wszystkich tych, kt\u00f3rzy &#8211;<br \/>posiadaj\u0105c rodzinne i zawodowe zobowi\u0105zania &#8211; szukaj\u0105 autentycznej \u015bcie\u017cki duchowej, niezale\u017cnie od tego czy sa pocz\u0105tkuj\u0105cy czy te\u017c s\u0105 do\u015bwiadczonymi medytuj\u0105cymi i praktykuj\u0105cymi.<\/p>\n<p>[\/et_pb_slide][et_pb_slide heading=&#8221;Nauki online&#8221; button_text=&#8221;DODATKOWE INFORMACJE&#8221; button_link=&#8221;https:\/\/www.patrulrinpoche.net\/pl\/nauki-online\/&#8221; image=&#8221;http:\/\/www.patrulrinpoche.net\/wp-content\/uploads\/2022\/06\/Buddhist-Studies_online-courses.jpg&#8221; _builder_version=&#8221;4.17.4&#8243; _module_preset=&#8221;default&#8221; header_level=&#8221;h3&#8243; header_font=&#8221;EB Garamond||||||||&#8221; header_text_align=&#8221;center&#8221; background_enable_color=&#8221;off&#8221; custom_button=&#8221;on&#8221; button_text_color=&#8221;#202020&#8243; button_bg_color=&#8221;#FFFFFF&#8221; button_font=&#8221;|600|||||||&#8221; button_alignment=&#8221;center&#8221; text_orientation=&#8221;center&#8221; background_layout=&#8221;light&#8221; link_option_url=&#8221;https:\/\/www.patrulrinpoche.net\/pl\/nauki-online\/&#8221; global_colors_info=&#8221;{}&#8221; sticky_transition=&#8221;on&#8221;]<\/p>\n<p>Wraz z pocz\u0105tkiem epidemii Covid Patrul Ripocze rozpocz\u0105\u0142 udzielanie nauk online, i pragnie kontynuowa\u0107 to r\u00f3wnie\u017c w przysz\u0142o\u015bci. Nauki s\u0105 dost\u0119pne dla ka\u017cdego, bezp\u0142atne i t\u0142umaczone na kilka j\u0119zyk\u00f3w.<\/p>\n<p>[\/et_pb_slide][et_pb_slide heading=&#8221;Dodatkowe kursy.&#8221; button_text=&#8221;DODATKOWE INFORMACJE&#8221; button_link=&#8221;https:\/\/www.patrulrinpoche.net\/pl\/studiowanie-praktyki\/programy-studiowania\/pozostale-kursy\/&#8221; image=&#8221;http:\/\/www.patrulrinpoche.net\/wp-content\/uploads\/2022\/06\/Buddhist-Studies_additional-courses.jpg&#8221; _builder_version=&#8221;4.17.4&#8243; _module_preset=&#8221;default&#8221; header_level=&#8221;h3&#8243; header_font=&#8221;EB Garamond||||||||&#8221; header_text_align=&#8221;center&#8221; background_enable_color=&#8221;off&#8221; custom_button=&#8221;on&#8221; button_text_color=&#8221;#202020&#8243; button_bg_color=&#8221;#FFFFFF&#8221; button_font=&#8221;|600|||||||&#8221; button_alignment=&#8221;center&#8221; text_orientation=&#8221;center&#8221; background_layout=&#8221;light&#8221; link_option_url=&#8221;https:\/\/www.patrulrinpoche.net\/pl\/studiowanie-praktyki\/programy-studiowania\/pozostale-kursy\/&#8221; global_colors_info=&#8221;{}&#8221; sticky_transition=&#8221;on&#8221;]<\/p>\n<p>Odosobnienie altruistyczne, kursy j\u0119zyka tybeta\u0144skiego i inne.<\/p>\n<p>[\/et_pb_slide][\/et_pb_fullwidth_slider][\/et_pb_section][et_pb_section fb_built=&#8221;1&#8243; _builder_version=&#8221;4.17.4&#8243; _module_preset=&#8221;default&#8221; da_disable_devices=&#8221;off|off|off&#8221; global_colors_info=&#8221;{}&#8221; da_is_popup=&#8221;off&#8221; da_exit_intent=&#8221;off&#8221; da_has_close=&#8221;on&#8221; da_alt_close=&#8221;off&#8221; da_dark_close=&#8221;off&#8221; da_not_modal=&#8221;on&#8221; da_is_singular=&#8221;off&#8221; da_with_loader=&#8221;off&#8221; da_has_shadow=&#8221;on&#8221;][et_pb_row _builder_version=&#8221;4.17.4&#8243; _module_preset=&#8221;default&#8221; global_colors_info=&#8221;{}&#8221;][et_pb_column type=&#8221;4_4&#8243; _builder_version=&#8221;4.17.4&#8243; _module_preset=&#8221;default&#8221; global_colors_info=&#8221;{}&#8221;][et_pb_text _builder_version=&#8221;4.17.4&#8243; _module_preset=&#8221;default&#8221; header_3_font=&#8221;EB Garamond|600|||||||&#8221; header_3_font_size=&#8221;38px&#8221; header_3_font_size_tablet=&#8221;38px&#8221; header_3_font_size_phone=&#8221;30px&#8221; header_3_font_size_last_edited=&#8221;on|phone&#8221; global_colors_info=&#8221;{}&#8221;]<\/p>\n<h3>Jakim kursem by\u0142bys zainteresowany?<\/h3>\n<p>[\/et_pb_text][et_pb_text _builder_version=&#8221;4.17.4&#8243; _module_preset=&#8221;default&#8221; header_3_font=&#8221;EB Garamond|600|||||||&#8221; header_3_font_size=&#8221;38px&#8221; header_4_font_size=&#8221;21px&#8221; text_orientation=&#8221;justified&#8221; header_3_font_size_tablet=&#8221;38px&#8221; header_3_font_size_phone=&#8221;30px&#8221; header_3_font_size_last_edited=&#8221;on|phone&#8221; global_colors_info=&#8221;{}&#8221;]<\/p>\n<h4 style=\"text-align: left;\"><strong>PODCZAS NAUCZANIA<\/strong><\/h4>\n<p>Podczas nauczania, w trakcie kilku sesji Nauczyciel wyja\u015bnia znaczenie tekstu linijka po linijce. Co wi\u0119cej, wskazuje w jaki spos\u00f3b tekst mo\u017ce byc pomocny w medytacji i \u017cyciu wsp\u00f3\u0142czesnego cz\u0142owieka \u017cyj\u0105cego na Zachodzie Zazwczaj na ko\u0144cu sesji przewidziany jest czas na pytania uczestnik\u00f3w. Ka\u017cdy mo\u017ce uzyska\u0107 pomoc w zrozumieniu tekstu i zada\u0107 dalsze pytania.<\/p>\n<p>W centrum buddyjskim Patrula Rinpocze dawne teksty nie sa studiowanie z uwagi na ich walory literackie, historyczne czy te\u017c kulturowe. <strong>M\u0105dro\u015b\u0107 tych tekst\u00f3w jest analizowana i dyskutowana aby pom\u00f3c zwyk\u0142ym ludziom, takim jak Ty czy ja &#8211; aby stali si\u0119 szcz\u0119\u015bliwsi, spokojniejsi i bardziej uzyteczni dla innych.<\/strong><\/p>\n<p>[\/et_pb_text][\/et_pb_column][\/et_pb_row][et_pb_row column_structure=&#8221;1_2,1_2&#8243; _builder_version=&#8221;4.17.4&#8243; _module_preset=&#8221;default&#8221; global_colors_info=&#8221;{}&#8221;][et_pb_column type=&#8221;1_2&#8243; _builder_version=&#8221;4.17.4&#8243; _module_preset=&#8221;default&#8221; global_colors_info=&#8221;{}&#8221;][et_pb_text _builder_version=&#8221;4.17.4&#8243; _module_preset=&#8221;default&#8221; header_3_font_size=&#8221;40px&#8221; header_3_font_size_tablet=&#8221;40px&#8221; header_3_font_size_phone=&#8221;30px&#8221; header_3_font_size_last_edited=&#8221;on|phone&#8221; global_colors_info=&#8221;{}&#8221;]<\/p>\n<h3>Gotowy na wi\u0119cej?<\/h3>\n<p>[\/et_pb_text][\/et_pb_column][et_pb_column type=&#8221;1_2&#8243; _builder_version=&#8221;4.17.4&#8243; _module_preset=&#8221;default&#8221; global_colors_info=&#8221;{}&#8221;][et_pb_button button_url=&#8221;https:\/\/www.patrulrinpoche.net\/study-practice\/practice\/&#8221; button_text=&#8221;PRAKTYKI&#8221; _builder_version=&#8221;4.17.4&#8243; _module_preset=&#8221;default&#8221; global_colors_info=&#8221;{}&#8221;][\/et_pb_button][\/et_pb_column][\/et_pb_row][\/et_pb_section]<\/p>\n","protected":false},"excerpt":{"rendered":"<p>Studiowanie DharmyOG\u00d3LNE NAUCZANIESHEDRAKURSY WEEKENDOWEKURSY ONLINEPOZOSTA\u0141EAby rozwin\u0105\u0107 w sobie m\u0105dro\u015b\u0107, musimy s\u0142ucha\u0107, rozmy\u015bla\u0107 i medytowa\u0107. Kursy stwarzaj\u0105 mo\u017cliwo\u015b\u0107 s\u0142uchania nauk Dharmy. Jest to pierwszym krokiem oraz podstaw\u0105 do rozwa\u017ca\u0144 i medytacji.Dzi\u0119ki s\u0142uchaniu nauk, poznajemy zjawiska. Poprzez s\u0142uchanie, odwracamy si\u0119 od niew\u0142a\u015bciwych czyn\u00f3w. . Poprzez s\u0142uchanie, porzucamy wszystko to, co pozbawione jest znaczenia. Poprzez s\u0142uchanie, osi\u0105gamy ca\u0142kowite [&hellip;]<\/p>\n","protected":false},"author":1,"featured_media":0,"parent":13412,"menu_order":3,"comment_status":"closed","ping_status":"closed","template":"","meta":{"_et_pb_use_builder":"on","_et_pb_old_content":"","_et_gb_content_width":"","footnotes":""},"class_list":["post-13422","page","type-page","status-publish","hentry"],"_links":{"self":[{"href":"https:\/\/www.patrulrinpoche.net\/pl\/wp-json\/wp\/v2\/pages\/13422","targetHints":{"allow":["GET"]}}],"collection":[{"href":"https:\/\/www.patrulrinpoche.net\/pl\/wp-json\/wp\/v2\/pages"}],"about":[{"href":"https:\/\/www.patrulrinpoche.net\/pl\/wp-json\/wp\/v2\/types\/page"}],"author":[{"embeddable":true,"href":"https:\/\/www.patrulrinpoche.net\/pl\/wp-json\/wp\/v2\/users\/1"}],"replies":[{"embeddable":true,"href":"https:\/\/www.patrulrinpoche.net\/pl\/wp-json\/wp\/v2\/comments?post=13422"}],"version-history":[{"count":0,"href":"https:\/\/www.patrulrinpoche.net\/pl\/wp-json\/wp\/v2\/pages\/13422\/revisions"}],"up":[{"embeddable":true,"href":"https:\/\/www.patrulrinpoche.net\/pl\/wp-json\/wp\/v2\/pages\/13412"}],"wp:attachment":[{"href":"https:\/\/www.patrulrinpoche.net\/pl\/wp-json\/wp\/v2\/media?parent=13422"}],"curies":[{"name":"wp","href":"https:\/\/api.w.org\/{rel}","templated":true}]}}