{"id":13629,"date":"2024-01-23T22:33:16","date_gmt":"2024-01-23T21:33:16","guid":{"rendered":"https:\/\/www.patrulrinpoche.net\/centra\/"},"modified":"2024-03-03T11:58:36","modified_gmt":"2024-03-03T10:58:36","slug":"centra","status":"publish","type":"page","link":"https:\/\/www.patrulrinpoche.net\/pl\/centra\/","title":{"rendered":"O\u015brodki"},"content":{"rendered":"<p>[et_pb_section fb_built=&#8221;1&#8243; _builder_version=&#8221;4.17.4&#8243; _module_preset=&#8221;default&#8221; da_disable_devices=&#8221;off|off|off&#8221; global_colors_info=&#8221;{}&#8221; da_is_popup=&#8221;off&#8221; da_exit_intent=&#8221;off&#8221; da_has_close=&#8221;on&#8221; da_alt_close=&#8221;off&#8221; da_dark_close=&#8221;off&#8221; da_not_modal=&#8221;on&#8221; da_is_singular=&#8221;off&#8221; da_with_loader=&#8221;off&#8221; da_has_shadow=&#8221;on&#8221;][et_pb_row column_structure=&#8221;1_2,1_2&#8243; _builder_version=&#8221;4.17.4&#8243; _module_preset=&#8221;default&#8221; global_colors_info=&#8221;{}&#8221;][et_pb_column type=&#8221;1_2&#8243; _builder_version=&#8221;4.17.4&#8243; _module_preset=&#8221;default&#8221; global_colors_info=&#8221;{}&#8221;][et_pb_image src=&#8221;http:\/\/www.patrulrinpoche.net\/wp-content\/uploads\/2022\/06\/centres.png&#8221; alt=&#8221;o\u015brodki&#8221; title_text=&#8221;o\u015brodki&#8221; _builder_version=&#8221;4.17.4&#8243; _module_preset=&#8221;default&#8221; global_colors_info=&#8221;{}&#8221;][\/et_pb_image][\/et_pb_column][et_pb_column type=&#8221;1_2&#8243; _builder_version=&#8221;4.17.4&#8243; _module_preset=&#8221;default&#8221; global_colors_info=&#8221;{}&#8221;][et_pb_text _builder_version=&#8221;4.17.4&#8243; _module_preset=&#8221;default&#8221; header_3_font=&#8221;EB Garamond|600|||||||&#8221; custom_padding=&#8221;60px||0px|0px|false|false&#8221; custom_padding_tablet=&#8221;70px||0px|0px|false|false&#8221; custom_padding_phone=&#8221;0px||||false|false&#8221; custom_padding_last_edited=&#8221;on|phone&#8221; header_3_font_size_tablet=&#8221;&#8221; header_3_font_size_phone=&#8221;21px&#8221; header_3_font_size_last_edited=&#8221;on|phone&#8221; global_colors_info=&#8221;{}&#8221;]<\/p>\n<h3>\u201cTo nie jest tak, \u017ce Buddowie nauczaj\u0105 na p\u00f3\u0142nocy, a nie na po\u0142udniu.<\/h3>\n<h3>I nie jest tak, \u017ce wysy\u0142aj\u0105 swoje b\u0142ogos\u0142awie\u0144stwa tylko na zach\u00f3d, ale nie na wsch\u00f3d.<\/h3>\n<h3>Tak jak s\u0142o\u0144ce, kt\u00f3re \u015bwieci jednakowo na wszystkie ro\u015bliny,<\/h3>\n<h3>Buddowie przynosz\u0105 taki sam po\u017cytek wszystkim istotom.\u201d<\/h3>\n<p>[\/et_pb_text][et_pb_text disabled_on=&#8221;on|off|off&#8221; _builder_version=&#8221;4.17.4&#8243; _module_preset=&#8221;default&#8221; header_5_font_size=&#8221;20px&#8221; global_colors_info=&#8221;{}&#8221;]<\/p>\n<h5>dzogczien ranjak Patrul Rinpocze,<\/h5>\n<h5><\/h5>\n<h5>komentarz do \u201cs\u0142\u00f3w mistrza samantabhadry\u201d<\/h5>\n<p>[\/et_pb_text][et_pb_text disabled_on=&#8221;off|on|on&#8221; _builder_version=&#8221;4.17.4&#8243; _module_preset=&#8221;default&#8221; header_5_text_align=&#8221;justify&#8221; header_5_font_size=&#8221;20px&#8221; global_colors_info=&#8221;{}&#8221;]<\/p>\n<h5 style=\"text-align: justify;\">dzogczien ranjak Patrul<\/h5>\n<h5 style=\"text-align: justify;\"><\/h5>\n<h5 style=\"text-align: justify;\">Rinpocze, komentarz do<\/h5>\n<h5 style=\"text-align: justify;\"><\/h5>\n<h5 style=\"text-align: justify;\">\u201cs\u0142\u00f3w mistrza<\/h5>\n<h5><\/h5>\n<h5>samanthabadry\u201d<\/h5>\n<p>[\/et_pb_text][\/et_pb_column][\/et_pb_row][et_pb_row _builder_version=&#8221;4.17.4&#8243; _module_preset=&#8221;default&#8221; custom_margin=&#8221;30px||||false|false&#8221; global_colors_info=&#8221;{}&#8221;][et_pb_column type=&#8221;4_4&#8243; _builder_version=&#8221;4.17.4&#8243; _module_preset=&#8221;default&#8221; global_colors_info=&#8221;{}&#8221;][et_pb_divider color=&#8221;#202020&#8243; divider_weight=&#8221;2px&#8221; _builder_version=&#8221;4.17.4&#8243; _module_preset=&#8221;default&#8221; global_colors_info=&#8221;{}&#8221;][\/et_pb_divider][et_pb_text _builder_version=&#8221;4.17.4&#8243; _module_preset=&#8221;default&#8221; header_3_font_size=&#8221;46px&#8221; header_3_font_size_tablet=&#8221;46px&#8221; header_3_font_size_phone=&#8221;30px&#8221; header_3_font_size_last_edited=&#8221;on|phone&#8221; global_colors_info=&#8221;{}&#8221;]<\/p>\n<h3 style=\"text-align: center;\">G\u0141\u00d3WNE O\u015aRODKI<\/h3>\n<p>[\/et_pb_text][et_pb_text _builder_version=&#8221;4.17.4&#8243; _module_preset=&#8221;default&#8221; text_orientation=&#8221;justified&#8221; global_colors_info=&#8221;{}&#8221;]<\/p>\n<p>Odk\u0105d Rinpocze przyby\u0142 do Europy, by\u0142 zapraszany do wielu miejsc, aby udziela\u0107 nauk. <\/p>\n<p>W niekt\u00f3rych z nich zosta\u0142y utworzone sta\u0142e o\u015brodki.<\/p>\n<p>[\/et_pb_text][\/et_pb_column][\/et_pb_row][et_pb_row column_structure=&#8221;1_2,1_2&#8243; _builder_version=&#8221;4.17.4&#8243; _module_preset=&#8221;default&#8221; global_colors_info=&#8221;{}&#8221;][et_pb_column type=&#8221;1_2&#8243; _builder_version=&#8221;4.17.4&#8243; _module_preset=&#8221;default&#8221; global_colors_info=&#8221;{}&#8221;][et_pb_blurb title=&#8221;Dharma City Belgia &#8221; use_icon=&#8221;on&#8221; font_icon=&#8221;&#xe081;||divi||400&#8243; icon_color=&#8221;#881719&#8243; image_icon_width=&#8221;70px&#8221; _builder_version=&#8221;4.17.4&#8243; _module_preset=&#8221;default&#8221; header_font=&#8221;|600|||||||&#8221; header_text_align=&#8221;center&#8221; header_font_size=&#8221;26px&#8221; text_orientation=&#8221;center&#8221; global_colors_info=&#8221;{}&#8221;]<\/p>\n<p>Dzogchen Gelek Palhar Ling<br \/>dharmacity.net<br \/><strong><span style=\"color: #ff9900;\"><a href=\"mailto:info@patrulrinpoche.net\" target=\"_blank\" rel=\"noopener\" style=\"color: #ff9900;\">info@patrulrinpoche.net<\/a><\/span><\/strong><br \/><span style=\"color: #ff9900;\"><strong><a href=\"tel:+32-493-94-95-02\" style=\"color: #ff9900;\">+<span>32 493 94 95 02<\/span><\/a><\/strong><\/span><br \/>300 Rue de Mettet, 5620<br \/>Florennes, Belgia<\/p>\n<p>[\/et_pb_blurb][\/et_pb_column][et_pb_column type=&#8221;1_2&#8243; _builder_version=&#8221;4.17.4&#8243; _module_preset=&#8221;default&#8221; global_colors_info=&#8221;{}&#8221;][et_pb_blurb title=&#8221;Portugalia, Lizbona &#8221; use_icon=&#8221;on&#8221; font_icon=&#8221;&#xe081;||divi||400&#8243; icon_color=&#8221;#881719&#8243; image_icon_width=&#8221;70px&#8221; _builder_version=&#8221;4.17.4&#8243; _module_preset=&#8221;default&#8221; header_font=&#8221;|600|||||||&#8221; header_text_align=&#8221;center&#8221; header_font_size=&#8221;26px&#8221; text_orientation=&#8221;center&#8221; global_colors_info=&#8221;{}&#8221;]<\/p>\n<p>Palgue Nyishar Ling<br \/><a href=\"mailto:Palgue%20Nyishar%20Ling%20info@portugal.patrulrinpoche.net\"><span style=\"color: #ff9900;\"><strong>info@portugal.patrulrinpoche.net<\/strong><\/span><\/a><br \/><a href=\"tel:+351-935-610-893\"><span style=\"color: #ff9900;\"><strong>+351 935 610 893<\/strong><\/span><\/a><\/p>\n<p>[\/et_pb_blurb][et_pb_button button_url=&#8221;https:\/\/www.patrulrinpoche.net\/portugal-centre\/&#8221; button_text=&#8221;Czytaj wi\u0119cej&#8221; button_alignment=&#8221;center&#8221; _builder_version=&#8221;4.17.4&#8243; _module_preset=&#8221;default&#8221; global_colors_info=&#8221;{}&#8221;][\/et_pb_button][\/et_pb_column][\/et_pb_row][et_pb_row column_structure=&#8221;1_3,1_3,1_3&#8243; _builder_version=&#8221;4.17.4&#8243; _module_preset=&#8221;default&#8221; global_colors_info=&#8221;{}&#8221;][et_pb_column type=&#8221;1_3&#8243; _builder_version=&#8221;4.17.4&#8243; _module_preset=&#8221;default&#8221; global_colors_info=&#8221;{}&#8221;][et_pb_blurb title=&#8221;Polska, Srebrna G\u00f3ra &#8221; use_icon=&#8221;on&#8221; font_icon=&#8221;&#xe081;||divi||400&#8243; icon_color=&#8221;#881719&#8243; image_icon_width=&#8221;70px&#8221; _builder_version=&#8221;4.17.4&#8243; _module_preset=&#8221;default&#8221; header_font=&#8221;|600|||||||&#8221; header_text_align=&#8221;center&#8221; header_font_size=&#8221;26px&#8221; text_orientation=&#8221;center&#8221; global_colors_info=&#8221;{}&#8221;]<\/p>\n<p>Dzogczien Kunzang Cziuling<br \/><a href=\"mailto:sangapatrularinpocze@gmail.com\"><span style=\"color: #ff9900;\"><strong>sangapatrularinpocze@gmail.com<\/strong><\/span><\/a><br \/><a href=\"tel:+32-471-825-675\"><span style=\"color: #ff9900;\"><strong>+48 601365194<\/strong><\/span><\/a>, <a href=\"+48-601-365-194\"><span style=\"color: #ff9900;\"><strong>+48 601365194<\/strong><\/span><\/a><\/p>\n<p>[\/et_pb_blurb][et_pb_button button_url=&#8221;https:\/\/www.patrulrinpoche.net\/pl\/polska\/&#8221; button_text=&#8221;Czytaj wi\u0119cej&#8221; button_alignment=&#8221;center&#8221; _builder_version=&#8221;4.22.1&#8243; _module_preset=&#8221;default&#8221; hover_enabled=&#8221;0&#8243; global_colors_info=&#8221;{}&#8221; sticky_enabled=&#8221;0&#8243;][\/et_pb_button][\/et_pb_column][et_pb_column type=&#8221;1_3&#8243; _builder_version=&#8221;4.17.4&#8243; _module_preset=&#8221;default&#8221; global_colors_info=&#8221;{}&#8221;][et_pb_blurb title=&#8221;Japonia, Tokio &#8221; use_icon=&#8221;on&#8221; font_icon=&#8221;&#xe081;||divi||400&#8243; icon_color=&#8221;#881719&#8243; image_icon_width=&#8221;70px&#8221; _builder_version=&#8221;4.17.4&#8243; _module_preset=&#8221;default&#8221; header_font=&#8221;|600|||||||&#8221; header_text_align=&#8221;center&#8221; header_font_size=&#8221;26px&#8221; text_orientation=&#8221;center&#8221; global_colors_info=&#8221;{}&#8221;]<\/p>\n<p>Dzogchen Dohngak Darje Ling<br \/><a href=\"https:\/\/www.patrulrinpoche.jp\/\"><span style=\"color: #ff9900;\"><strong>www.patrulrinpoche.jp<\/strong><\/span><\/a><br \/><a href=\"mailto:tokyo@dzogchencentre.org\"><span style=\"color: #ff9900;\"><strong>tokyo@dzogchencentre.org<\/strong><\/span><\/a><br \/><a href=\"tel:+81-50-7570-0102\"><span style=\"color: #ff9900;\"><strong>+81 (50) 7570 0102<\/strong><\/span><\/a><\/p>\n<p>[\/et_pb_blurb][\/et_pb_column][et_pb_column type=&#8221;1_3&#8243; _builder_version=&#8221;4.17.4&#8243; _module_preset=&#8221;default&#8221; global_colors_info=&#8221;{}&#8221;][et_pb_blurb title=&#8221;Gruzja, Tibilisi &#8221; use_icon=&#8221;on&#8221; font_icon=&#8221;&#xe081;||divi||400&#8243; icon_color=&#8221;#881719&#8243; image_icon_width=&#8221;70px&#8221; _builder_version=&#8221;4.17.4&#8243; _module_preset=&#8221;default&#8221; header_font=&#8221;|600|||||||&#8221; header_text_align=&#8221;center&#8221; header_font_size=&#8221;26px&#8221; text_orientation=&#8221;center&#8221; global_colors_info=&#8221;{}&#8221;]<\/p>\n<p>Dhumathala<br \/>Dzogchen Urgyen Shedrup Dudul Ling<br \/>dhumathala.ge<br \/><a href=\"mailto:dhumathala@gmail.com\"><span style=\"color: #ff9900;\"><strong>dhumathala@gmail.com<\/strong><\/span><\/a><br \/><a href=\"tel:+995-599-922-189\"><span style=\"color: #ff9900;\"><strong>+995 599 922 189<\/strong><\/span><\/a><\/p>\n<p>[\/et_pb_blurb][\/et_pb_column][\/et_pb_row][et_pb_row _builder_version=&#8221;4.17.4&#8243; _module_preset=&#8221;default&#8221; global_colors_info=&#8221;{}&#8221;][et_pb_column type=&#8221;4_4&#8243; _builder_version=&#8221;4.17.4&#8243; _module_preset=&#8221;default&#8221; global_colors_info=&#8221;{}&#8221;][et_pb_text _builder_version=&#8221;4.17.4&#8243; _module_preset=&#8221;default&#8221; text_orientation=&#8221;justified&#8221; global_colors_info=&#8221;{}&#8221;]<\/p>\n<p>Regularne kursy odbywaj\u0105 si\u0119 tak\u017ce w lokalnych o\u015brodkach, aby dowiedzie\u0107 si\u0119 wi\u0119cej skontaktuj si\u0119 z centrum na swoim terenie.<\/p>\n<p>[\/et_pb_text][\/et_pb_column][\/et_pb_row][et_pb_row column_structure=&#8221;1_2,1_2&#8243; _builder_version=&#8221;4.17.4&#8243; _module_preset=&#8221;default&#8221; custom_margin=&#8221;-20px||||false|false&#8221; global_colors_info=&#8221;{}&#8221;][et_pb_column type=&#8221;1_2&#8243; _builder_version=&#8221;4.17.4&#8243; _module_preset=&#8221;default&#8221; global_colors_info=&#8221;{}&#8221;][et_pb_text _builder_version=&#8221;4.17.4&#8243; _module_preset=&#8221;default&#8221; text_orientation=&#8221;justified&#8221; global_colors_info=&#8221;{}&#8221;]<\/p>\n<p>Rinpocze udziela wielu nauk online.<\/p>\n<p>[\/et_pb_text][\/et_pb_column][et_pb_column type=&#8221;1_2&#8243; _builder_version=&#8221;4.17.4&#8243; _module_preset=&#8221;default&#8221; global_colors_info=&#8221;{}&#8221;][et_pb_button button_url=&#8221;https:\/\/www.patrulrinpoche.net\/pl\/nauki-online\/&#8221; button_text=&#8221;czytaj dalej&#8221; _builder_version=&#8221;4.17.4&#8243; _module_preset=&#8221;default&#8221; global_colors_info=&#8221;{}&#8221;][\/et_pb_button][\/et_pb_column][\/et_pb_row][et_pb_row _builder_version=&#8221;4.17.4&#8243; _module_preset=&#8221;default&#8221; global_colors_info=&#8221;{}&#8221;][et_pb_column type=&#8221;4_4&#8243; _builder_version=&#8221;4.17.4&#8243; _module_preset=&#8221;default&#8221; global_colors_info=&#8221;{}&#8221;][et_pb_text _builder_version=&#8221;4.17.4&#8243; _module_preset=&#8221;default&#8221; text_orientation=&#8221;justified&#8221; custom_margin=&#8221;-20px||||false|false&#8221; global_colors_info=&#8221;{}&#8221;]<\/p>\n<p>Nauki t\u0142umaczone s\u0105 na j\u0119zyki; francuski, rosyjski, polski, japo\u0144ski i portugalski.<\/p>\n<p>[\/et_pb_text][\/et_pb_column][\/et_pb_row][et_pb_row _builder_version=&#8221;4.17.4&#8243; _module_preset=&#8221;default&#8221; custom_padding=&#8221;||||false|false&#8221; global_colors_info=&#8221;{}&#8221;][et_pb_column type=&#8221;4_4&#8243; _builder_version=&#8221;4.17.4&#8243; _module_preset=&#8221;default&#8221; global_colors_info=&#8221;{}&#8221;][et_pb_text _builder_version=&#8221;4.17.4&#8243; _module_preset=&#8221;default&#8221; global_colors_info=&#8221;{}&#8221;]<\/p>\n<h3><strong>Je\u015bli chcesz pos\u0142ucha\u0107 nauk z t\u0142umaczeniem na inne j\u0119zyki:<\/strong><\/h3>\n<p>[\/et_pb_text][\/et_pb_column][\/et_pb_row][et_pb_row column_structure=&#8221;1_5,1_5,1_5,1_5,1_5&#8243; _builder_version=&#8221;4.17.4&#8243; _module_preset=&#8221;default&#8221; global_colors_info=&#8221;{}&#8221;][et_pb_column type=&#8221;1_5&#8243; _builder_version=&#8221;4.17.4&#8243; _module_preset=&#8221;default&#8221; global_colors_info=&#8221;{}&#8221;][et_pb_button button_url=&#8221;https:\/\/www.youtube.com\/user\/DzogchenCentre&#8221; url_new_window=&#8221;on&#8221; button_text=&#8221;Francuski &#8221; button_alignment=&#8221;center&#8221; _builder_version=&#8221;4.17.4&#8243; _module_preset=&#8221;default&#8221; global_colors_info=&#8221;{}&#8221;][\/et_pb_button][\/et_pb_column][et_pb_column type=&#8221;1_5&#8243; _builder_version=&#8221;4.17.4&#8243; _module_preset=&#8221;default&#8221; global_colors_info=&#8221;{}&#8221;][et_pb_button button_url=&#8221;https:\/\/www.youtube.com\/channel\/UC5nKbukHXlg5la5hJ-JxbBA&#8221; url_new_window=&#8221;on&#8221; button_text=&#8221;Polski&#8221; button_alignment=&#8221;center&#8221; _builder_version=&#8221;4.17.4&#8243; _module_preset=&#8221;default&#8221; global_colors_info=&#8221;{}&#8221;][\/et_pb_button][\/et_pb_column][et_pb_column type=&#8221;1_5&#8243; _builder_version=&#8221;4.17.4&#8243; _module_preset=&#8221;default&#8221; global_colors_info=&#8221;{}&#8221;][et_pb_button button_url=&#8221;https:\/\/www.youtube.com\/c\/Semrig\/&#8221; url_new_window=&#8221;on&#8221; button_text=&#8221;Rosyjski&#8221; button_alignment=&#8221;center&#8221; _builder_version=&#8221;4.17.4&#8243; _module_preset=&#8221;default&#8221; global_colors_info=&#8221;{}&#8221;][\/et_pb_button][\/et_pb_column][et_pb_column type=&#8221;1_5&#8243; _builder_version=&#8221;4.17.4&#8243; _module_preset=&#8221;default&#8221; global_colors_info=&#8221;{}&#8221;][et_pb_button button_url=&#8221;https:\/\/www.youtube.com\/user\/SemrigTV\/&#8221; url_new_window=&#8221;on&#8221; button_text=&#8221;Japo\u0144ski&#8221; button_alignment=&#8221;center&#8221; _builder_version=&#8221;4.17.4&#8243; _module_preset=&#8221;default&#8221; global_colors_info=&#8221;{}&#8221;][\/et_pb_button][\/et_pb_column][et_pb_column type=&#8221;1_5&#8243; _builder_version=&#8221;4.17.4&#8243; _module_preset=&#8221;default&#8221; global_colors_info=&#8221;{}&#8221;][et_pb_button button_url=&#8221;https:\/\/mixlr.com\/patrulrinpoche-pt\/showreel&#8221; url_new_window=&#8221;on&#8221; button_text=&#8221;Portugalski&#8221; button_alignment=&#8221;center&#8221; _builder_version=&#8221;4.17.4&#8243; _module_preset=&#8221;default&#8221; global_colors_info=&#8221;{}&#8221;][\/et_pb_button][\/et_pb_column][\/et_pb_row][et_pb_row _builder_version=&#8221;4.17.4&#8243; _module_preset=&#8221;default&#8221; global_colors_info=&#8221;{}&#8221;][et_pb_column type=&#8221;4_4&#8243; _builder_version=&#8221;4.17.4&#8243; _module_preset=&#8221;default&#8221; global_colors_info=&#8221;{}&#8221;][et_pb_image src=&#8221;http:\/\/www.patrulrinpoche.net\/wp-content\/uploads\/2022\/06\/Patrul-Rinpoche_Shedra2007.jpg&#8221; alt=&#8221;Patrul Rinpocze_Szedra2007&#8243; title_text=&#8221;Patrul Rinpocze_Szedra2007&#8243; _builder_version=&#8221;4.17.4&#8243; _module_preset=&#8221;default&#8221; global_colors_info=&#8221;{}&#8221;][\/et_pb_image][et_pb_text _builder_version=&#8221;4.17.4&#8243; _module_preset=&#8221;default&#8221; global_colors_info=&#8221;{}&#8221;]<\/p>\n<p><span lang=\"en-US\">Kurs Szedry 2007<\/span><\/p>\n<p>[\/et_pb_text][\/et_pb_column][\/et_pb_row][et_pb_row _builder_version=&#8221;4.17.4&#8243; _module_preset=&#8221;default&#8221; global_colors_info=&#8221;{}&#8221;][et_pb_column type=&#8221;4_4&#8243; _builder_version=&#8221;4.17.4&#8243; _module_preset=&#8221;default&#8221; global_colors_info=&#8221;{}&#8221;][et_pb_text _builder_version=&#8221;4.17.4&#8243; _module_preset=&#8221;default&#8221; header_3_font_size=&#8221;41px&#8221; header_3_font_size_tablet=&#8221;41px&#8221; header_3_font_size_phone=&#8221;30px&#8221; header_3_font_size_last_edited=&#8221;on|phone&#8221; global_colors_info=&#8221;{}&#8221;]<\/p>\n<h3 style=\"text-align: center;\">INNE O\u015aRODKI<\/h3>\n<p>[\/et_pb_text][et_pb_blurb title=&#8221;Rosja, St-Petersburg &#8221; use_icon=&#8221;on&#8221; font_icon=&#8221;&#xe081;||divi||400&#8243; icon_color=&#8221;#881719&#8243; image_icon_width=&#8221;70px&#8221; _builder_version=&#8221;4.17.4&#8243; _module_preset=&#8221;default&#8221; header_font=&#8221;|600|||||||&#8221; header_text_align=&#8221;center&#8221; header_font_size=&#8221;26px&#8221; text_orientation=&#8221;center&#8221; global_colors_info=&#8221;{}&#8221;]<\/p>\n<p>Dzogchen Dudul Chiiling<br \/>www.nyingmapa.ru<br \/><span style=\"color: #ff9900;\"><a href=\"mailto:kaya@pditgroup.com\" style=\"color: #ff9900;\"><strong>kaya@pditgroup.com<\/strong><\/a><\/span><br \/><a href=\"tel:+7-812-589-23-18\"><strong><span style=\"color: #ff9900;\">+7 (812) 589 23 18<\/span><\/strong><\/a><br \/>fax <a href=\"tel:+7-812-320-00-31\"><strong><span style=\"color: #ff9900;\">+7 (812) 320 00 31<\/span><\/strong><\/a> Rosja, Czeliabi\u0144sk<br \/>Nyingma Sheddrub Dargyiling<br \/><a href=\"mailto:vadimpitanie@mail.ru\"><span style=\"color: #ff9900;\"><strong>vadimpitanie@mail.ru<\/strong><\/span><\/a> Rosja, Moskwa<br \/>Dzogchen Jigme Choling<br \/>patrulrinpoche.ru<br \/><a href=\"mailto:a@bugaev.net\"><span style=\"color: #ff9900;\"><strong>a@bugaev.net<\/strong><\/span><\/a>,<br \/><a href=\"mailto:pemarig.ga@gmail.com\"><span style=\"color: #ff9900;\"><strong>pemarig.ga@gmail.com<\/strong><\/span><\/a><\/p>\n<p>[\/et_pb_blurb][et_pb_image src=&#8221;http:\/\/www.patrulrinpoche.net\/wp-content\/uploads\/2022\/06\/buddhist-whell.png&#8221; alt=&#8221;ko\u0142o buddyjskie&#8221; title_text=&#8221;ko\u0142o buddyjskie&#8221; align=&#8221;center&#8221; _builder_version=&#8221;4.17.4&#8243; _module_preset=&#8221;default&#8221; global_colors_info=&#8221;{}&#8221;][\/et_pb_image][\/et_pb_column][\/et_pb_row][\/et_pb_section]<\/p>\n","protected":false},"excerpt":{"rendered":"<p>\u201cTo nie jest tak, \u017ce Buddowie nauczaj\u0105 na p\u00f3\u0142nocy, a nie na po\u0142udniu. I nie jest tak, \u017ce wysy\u0142aj\u0105 swoje b\u0142ogos\u0142awie\u0144stwa tylko na zach\u00f3d, ale nie na wsch\u00f3d. Tak jak s\u0142o\u0144ce, kt\u00f3re \u015bwieci jednakowo na wszystkie ro\u015bliny, Buddowie przynosz\u0105 taki sam po\u017cytek wszystkim istotom.\u201ddzogczien ranjak Patrul Rinpocze, komentarz do \u201cs\u0142\u00f3w mistrza samantabhadry\u201ddzogczien ranjak Patrul Rinpocze, [&hellip;]<\/p>\n","protected":false},"author":1,"featured_media":0,"parent":0,"menu_order":4,"comment_status":"closed","ping_status":"closed","template":"","meta":{"_et_pb_use_builder":"on","_et_pb_old_content":"<!-- wp:paragraph -->\r\n<p>coming soon...<\/p>\r\n<!-- \/wp:paragraph -->","_et_gb_content_width":"","footnotes":""},"class_list":["post-13629","page","type-page","status-publish","hentry"],"_links":{"self":[{"href":"https:\/\/www.patrulrinpoche.net\/pl\/wp-json\/wp\/v2\/pages\/13629","targetHints":{"allow":["GET"]}}],"collection":[{"href":"https:\/\/www.patrulrinpoche.net\/pl\/wp-json\/wp\/v2\/pages"}],"about":[{"href":"https:\/\/www.patrulrinpoche.net\/pl\/wp-json\/wp\/v2\/types\/page"}],"author":[{"embeddable":true,"href":"https:\/\/www.patrulrinpoche.net\/pl\/wp-json\/wp\/v2\/users\/1"}],"replies":[{"embeddable":true,"href":"https:\/\/www.patrulrinpoche.net\/pl\/wp-json\/wp\/v2\/comments?post=13629"}],"version-history":[{"count":0,"href":"https:\/\/www.patrulrinpoche.net\/pl\/wp-json\/wp\/v2\/pages\/13629\/revisions"}],"wp:attachment":[{"href":"https:\/\/www.patrulrinpoche.net\/pl\/wp-json\/wp\/v2\/media?parent=13629"}],"curies":[{"name":"wp","href":"https:\/\/api.w.org\/{rel}","templated":true}]}}