{"id":13652,"date":"2024-01-25T17:19:32","date_gmt":"2024-01-25T16:19:32","guid":{"rendered":"https:\/\/www.patrulrinpoche.net\/kontakt-i-wsparcie\/wolontariat\/"},"modified":"2024-01-25T17:30:53","modified_gmt":"2024-01-25T16:30:53","slug":"wolontariat","status":"publish","type":"page","link":"https:\/\/www.patrulrinpoche.net\/pl\/kontakt-i-wsparcie\/wolontariat\/","title":{"rendered":"Wolontariat"},"content":{"rendered":"<p>[et_pb_section fb_built=&#8221;1&#8243; disabled_on=&#8221;on|off|off&#8221; _builder_version=&#8221;4.17.4&#8243; _module_preset=&#8221;default&#8221; background_image=&#8221;http:\/\/www.patrulrinpoche.net\/wp-content\/uploads\/2022\/06\/Volunteer_Patrul-Rinpoche.jpg&#8221; custom_padding=&#8221;0px||0px||false|false&#8221; da_disable_devices=&#8221;off|off|off&#8221; global_colors_info=&#8221;{}&#8221; da_is_popup=&#8221;off&#8221; da_exit_intent=&#8221;off&#8221; da_has_close=&#8221;on&#8221; da_alt_close=&#8221;off&#8221; da_dark_close=&#8221;off&#8221; da_not_modal=&#8221;on&#8221; da_is_singular=&#8221;off&#8221; da_with_loader=&#8221;off&#8221; da_has_shadow=&#8221;on&#8221;][et_pb_row _builder_version=&#8221;4.17.3&#8243; _module_preset=&#8221;default&#8221; global_colors_info=&#8221;{}&#8221;][et_pb_column type=&#8221;4_4&#8243; _builder_version=&#8221;4.17.3&#8243; _module_preset=&#8221;default&#8221; global_colors_info=&#8221;{}&#8221;][et_pb_text _builder_version=&#8221;4.17.4&#8243; _module_preset=&#8221;default&#8221; header_4_font=&#8221;EB Garamond|600||on|||||&#8221; header_4_text_color=&#8221;#FFFFFF&#8221; header_4_font_size=&#8221;66px&#8221; background_enable_image=&#8221;off&#8221; custom_padding=&#8221;300px||300px|0px|false|false&#8221; header_4_font_size_tablet=&#8221;66px&#8221; header_4_font_size_phone=&#8221;36px&#8221; header_4_font_size_last_edited=&#8221;on|phone&#8221; header_4_text_shadow_style=&#8221;preset1&#8243; global_colors_info=&#8221;{}&#8221;]<\/p>\n<h4 style=\"text-align: center;\">WOLONTARIAT<\/h4>\n<p>[\/et_pb_text][\/et_pb_column][\/et_pb_row][\/et_pb_section][et_pb_section fb_built=&#8221;1&#8243; fullwidth=&#8221;on&#8221; _builder_version=&#8221;4.17.3&#8243; _module_preset=&#8221;default&#8221; da_disable_devices=&#8221;off|off|off&#8221; global_colors_info=&#8221;{}&#8221; da_is_popup=&#8221;off&#8221; da_exit_intent=&#8221;off&#8221; da_has_close=&#8221;on&#8221; da_alt_close=&#8221;off&#8221; da_dark_close=&#8221;off&#8221; da_not_modal=&#8221;on&#8221; da_is_singular=&#8221;off&#8221; da_with_loader=&#8221;off&#8221; da_has_shadow=&#8221;on&#8221;][et_pb_fullwidth_header title=&#8221;WOLONTARIAT&#8221; text_orientation=&#8221;center&#8221; header_fullscreen=&#8221;on&#8221; header_scroll_down=&#8221;on&#8221; scroll_down_icon=&#8221;%%8%%&#8221; scroll_down_icon_color=&#8221;#FFFFFF&#8221; disabled_on=&#8221;off|on|on&#8221; _builder_version=&#8221;4.17.4&#8243; _module_preset=&#8221;default&#8221; title_level=&#8221;h4&#8243; title_font=&#8221;|||on|||||&#8221; title_font_size=&#8221;66px&#8221; background_enable_color=&#8221;off&#8221; background_image=&#8221;http:\/\/www.patrulrinpoche.net\/wp-content\/uploads\/2022\/06\/Volunteer_Patrul-Rinpoche.jpg&#8221; title_font_size_tablet=&#8221;66px&#8221; title_font_size_phone=&#8221;35px&#8221; title_font_size_last_edited=&#8221;on|phone&#8221; title_text_shadow_style=&#8221;preset1&#8243; global_colors_info=&#8221;{}&#8221;][\/et_pb_fullwidth_header][\/et_pb_section][et_pb_section fb_built=&#8221;1&#8243; _builder_version=&#8221;4.17.4&#8243; _module_preset=&#8221;default&#8221; da_disable_devices=&#8221;off|off|off&#8221; global_colors_info=&#8221;{}&#8221; da_is_popup=&#8221;off&#8221; da_exit_intent=&#8221;off&#8221; da_has_close=&#8221;on&#8221; da_alt_close=&#8221;off&#8221; da_dark_close=&#8221;off&#8221; da_not_modal=&#8221;on&#8221; da_is_singular=&#8221;off&#8221; da_with_loader=&#8221;off&#8221; da_has_shadow=&#8221;on&#8221;][et_pb_row _builder_version=&#8221;4.17.4&#8243; _module_preset=&#8221;default&#8221; global_colors_info=&#8221;{}&#8221;][et_pb_column type=&#8221;4_4&#8243; _builder_version=&#8221;4.17.4&#8243; _module_preset=&#8221;default&#8221; global_colors_info=&#8221;{}&#8221;][et_pb_text _builder_version=&#8221;4.17.4&#8243; _module_preset=&#8221;default&#8221; header_3_font_size=&#8221;40px&#8221; header_3_font_size_tablet=&#8221;40px&#8221; header_3_font_size_phone=&#8221;30px&#8221; header_3_font_size_last_edited=&#8221;on|phone&#8221; global_colors_info=&#8221;{}&#8221;]<\/p>\n<h3>Kr\u00f3tko o nas&#8230;<\/h3>\n<p>[\/et_pb_text][et_pb_text _builder_version=&#8221;4.17.4&#8243; _module_preset=&#8221;default&#8221; text_orientation=&#8221;justified&#8221; global_colors_info=&#8221;{}&#8221;]<\/p>\n<p>Dzogczen Gelek Palbar Ling to organizacja non-profit za\u0142o\u017cona przez Ranjaka Patrula Rinpocze i jego uczni\u00f3w, kt\u00f3rej celem jest umo\u017cliwienie dost\u0119pu do cennej skarbnicy wiedzy i m\u0105dro\u015bci Buddy \u2013 a w szczeg\u00f3lno\u015bci dziedzictwa buddyzmu tybeta\u0144skiego. Metody kt\u00f3re by\u0142y przekazywane przez ostatnie 2500 lat mog\u0105 pom\u00f3c ka\u017cdemu \u2014 niezale\u017cnie od kultury i religii \u2014 poczu\u0107 si\u0119 bardziej zrelaksowanym, szcz\u0119\u015bliwym i spokojnym.<\/p>\n<p>DGPL ro\u015bnie i rozwija si\u0119 dzi\u0119ki wolontariuszom. To niesamowite gdy spojrzy si\u0119 wstecz i zobaczy, jak wiele uda\u0142o si\u0119 osi\u0105gn\u0105\u0107 tylko dzi\u0119ki dzieleniu si\u0119 swoj\u0105 wiedz\u0105 i umiej\u0119tno\u015bciami. W zespole wolontariuszy mamy wiele utalentowanych os\u00f3b! S\u0105 tu specjali\u015bci IT, ogrodnicy, webmasterzy, budowla\u0144cy, nauczyciele, stolarze, menad\u017cerowie, kucharze, t\u0142umacze, projektanci i tak dalej\u2026 Remonty o\u015brodk\u00f3w buddyjskich i organizacja seminari\u00f3w, s\u0105 wy\u0142\u0105cznie rezultatem dekad ci\u0119\u017ckiej pracy woluntariuszy. Dharma City (Belgia) to najwi\u0119ksze mi\u0119dzynarodowe centrum dharmy za\u0142o\u017cone przez Patrula Rinpocze, kt\u00f3re stale potrzebuje pomocy i jest otwarte dla wolontariuszy. Sw\u00f3j wk\u0142ad wnosz\u0105 tu ludzie z ca\u0142ego \u015awiata. Og\u00f3lnie u\u017cywanym j\u0119zykiem jest angielski, ale w naszym zespole m\u00f3wi si\u0119 tak\u017ce po: francusku, rosyjsku, polsku, portugalsku, japo\u0144sku itd.<\/p>\n<p>[\/et_pb_text][\/et_pb_column][\/et_pb_row][\/et_pb_section][et_pb_section fb_built=&#8221;1&#8243; fullwidth=&#8221;on&#8221; _builder_version=&#8221;4.17.4&#8243; _module_preset=&#8221;default&#8221; da_disable_devices=&#8221;off|off|off&#8221; global_colors_info=&#8221;{}&#8221; da_is_popup=&#8221;off&#8221; da_exit_intent=&#8221;off&#8221; da_has_close=&#8221;on&#8221; da_alt_close=&#8221;off&#8221; da_dark_close=&#8221;off&#8221; da_not_modal=&#8221;on&#8221; da_is_singular=&#8221;off&#8221; da_with_loader=&#8221;off&#8221; da_has_shadow=&#8221;on&#8221;][et_pb_fullwidth_slider _builder_version=&#8221;4.17.4&#8243; _module_preset=&#8221;default&#8221; global_colors_info=&#8221;{}&#8221;][et_pb_slide _builder_version=&#8221;4.17.4&#8243; _module_preset=&#8221;default&#8221; background_enable_color=&#8221;off&#8221; background_image=&#8221;http:\/\/www.patrulrinpoche.net\/wp-content\/uploads\/2022\/06\/Volunteers_Patrul-Rinpoche.jpg&#8221; background_enable_image=&#8221;on&#8221; parallax=&#8221;on&#8221; custom_padding_tablet=&#8221;&#8221; custom_padding_phone=&#8221;150px||150px||false|false&#8221; custom_padding_last_edited=&#8221;on|desktop&#8221; global_colors_info=&#8221;{}&#8221; sticky_transition=&#8221;on&#8221;][\/et_pb_slide][\/et_pb_fullwidth_slider][\/et_pb_section][et_pb_section fb_built=&#8221;1&#8243; _builder_version=&#8221;4.17.4&#8243; _module_preset=&#8221;default&#8221; da_disable_devices=&#8221;off|off|off&#8221; global_colors_info=&#8221;{}&#8221; da_is_popup=&#8221;off&#8221; da_exit_intent=&#8221;off&#8221; da_has_close=&#8221;on&#8221; da_alt_close=&#8221;off&#8221; da_dark_close=&#8221;off&#8221; da_not_modal=&#8221;on&#8221; da_is_singular=&#8221;off&#8221; da_with_loader=&#8221;off&#8221; da_has_shadow=&#8221;on&#8221;][et_pb_row _builder_version=&#8221;4.17.4&#8243; _module_preset=&#8221;default&#8221; global_colors_info=&#8221;{}&#8221;][et_pb_column type=&#8221;4_4&#8243; _builder_version=&#8221;4.17.4&#8243; _module_preset=&#8221;default&#8221; global_colors_info=&#8221;{}&#8221;][et_pb_text _builder_version=&#8221;4.17.4&#8243; _module_preset=&#8221;default&#8221; header_3_font_size=&#8221;40px&#8221; header_3_font_size_tablet=&#8221;40px&#8221; header_3_font_size_phone=&#8221;30px&#8221; header_3_font_size_last_edited=&#8221;on|phone&#8221; global_colors_info=&#8221;{}&#8221;]<\/p>\n<h3>Czy to co\u015b dla mnie?<\/h3>\n<p>[\/et_pb_text][et_pb_text _builder_version=&#8221;4.17.4&#8243; _module_preset=&#8221;default&#8221; text_orientation=&#8221;justified&#8221; global_colors_info=&#8221;{}&#8221;]<\/p>\n<p>Wolontariat jest przejawem altruizmu i wszyscy cz\u0142onkowie zespo\u0142u dok\u0142adaj\u0105 wszelkich stara\u0144, aby wspiera\u0107 sprawny rozw\u00f3j dzia\u0142alno\u015bci DGPL. Nie jest wymagane bycie pe\u0142noprawnym cz\u0142onkiem organizacji, liczy si\u0119 g\u0142\u00f3wnie wola wniesienia w\u0142asnego wk\u0142adu i wej\u015bcia w sk\u0142ad zespo\u0142u. Wolontariat jest dobrowolny i nie przynosi wynagrodzenia. W ramach czasowej i pe\u0142noetatowej dzia\u0142alno\u015bci wolontariackiej, czasami istnieje mo\u017cliwo\u015b\u0107 otrzymania bezp\u0142atnego pobytu i wy\u017cywienia. Lecz jest to uzale\u017cnione od jej rodzaju oraz d\u0142ugo\u015bci pobytu. By\u0107 mo\u017ce pomocne by\u0142oby odpowiedzenie sobie na kilka praktycznych pyta\u0144?<\/p>\n<p>[\/et_pb_text][\/et_pb_column][\/et_pb_row][et_pb_row _builder_version=&#8221;4.17.4&#8243; _module_preset=&#8221;default&#8221; custom_margin=&#8221;-20px||||false|false&#8221; global_colors_info=&#8221;{}&#8221;][et_pb_column type=&#8221;4_4&#8243; _builder_version=&#8221;4.17.4&#8243; _module_preset=&#8221;default&#8221; global_colors_info=&#8221;{}&#8221;][et_pb_blurb use_icon=&#8221;on&#8221; font_icon=&#8221;&#x45;||divi||400&#8243; icon_color=&#8221;#f6a240&#8243; icon_placement=&#8221;left&#8221; content_max_width=&#8221;790px&#8221; content_max_width_tablet=&#8221;790px&#8221; content_max_width_phone=&#8221;550px&#8221; content_max_width_last_edited=&#8221;on|phone&#8221; _builder_version=&#8221;4.17.4&#8243; _module_preset=&#8221;default&#8221; body_font=&#8221;|600|||||||&#8221; module_alignment=&#8221;center&#8221; global_colors_info=&#8221;{}&#8221;]<\/p>\n<p>Czemu chc\u0119 zosta\u0107 wolontariuszem?<\/p>\n<p>[\/et_pb_blurb][et_pb_blurb use_icon=&#8221;on&#8221; font_icon=&#8221;&#x45;||divi||400&#8243; icon_color=&#8221;#f6a240&#8243; icon_placement=&#8221;left&#8221; content_max_width=&#8221;790px&#8221; content_max_width_tablet=&#8221;790px&#8221; content_max_width_phone=&#8221;550px&#8221; content_max_width_last_edited=&#8221;on|phone&#8221; _builder_version=&#8221;4.17.4&#8243; _module_preset=&#8221;default&#8221; body_font=&#8221;|600|||||||&#8221; custom_margin=&#8221;-20px||||false|false&#8221; global_colors_info=&#8221;{}&#8221;]<\/p>\n<p>Co b\u0119d\u0119 robi\u0107?<\/p>\n<p>[\/et_pb_blurb][et_pb_blurb use_icon=&#8221;on&#8221; font_icon=&#8221;&#x45;||divi||400&#8243; icon_color=&#8221;#f6a240&#8243; icon_placement=&#8221;left&#8221; content_max_width=&#8221;790px&#8221; content_max_width_tablet=&#8221;790px&#8221; content_max_width_phone=&#8221;550px&#8221; content_max_width_last_edited=&#8221;on|phone&#8221; _builder_version=&#8221;4.17.4&#8243; _module_preset=&#8221;default&#8221; body_font=&#8221;|600|||||||&#8221; custom_margin=&#8221;-20px||||false|false&#8221; global_colors_info=&#8221;{}&#8221;]<\/p>\n<p>Jak d\u0142ugo?<\/p>\n<p>[\/et_pb_blurb][et_pb_blurb use_icon=&#8221;on&#8221; font_icon=&#8221;&#x45;||divi||400&#8243; icon_color=&#8221;#f6a240&#8243; icon_placement=&#8221;left&#8221; content_max_width=&#8221;790px&#8221; content_max_width_tablet=&#8221;790px&#8221; content_max_width_phone=&#8221;550px&#8221; content_max_width_last_edited=&#8221;on|phone&#8221; _builder_version=&#8221;4.17.4&#8243; _module_preset=&#8221;default&#8221; body_font=&#8221;|600|||||||&#8221; custom_margin=&#8221;-20px||||false|false&#8221; global_colors_info=&#8221;{}&#8221;]<\/p>\n<p>Jakiego rodzaju &#8220;warunk\u00f3w finansowych&#8221; oczekuje?<\/p>\n<p>[\/et_pb_blurb][\/et_pb_column][\/et_pb_row][et_pb_row _builder_version=&#8221;4.17.4&#8243; _module_preset=&#8221;default&#8221; global_colors_info=&#8221;{}&#8221;][et_pb_column type=&#8221;4_4&#8243; _builder_version=&#8221;4.17.4&#8243; _module_preset=&#8221;default&#8221; global_colors_info=&#8221;{}&#8221;][et_pb_text _builder_version=&#8221;4.17.4&#8243; _module_preset=&#8221;default&#8221; header_3_font_size=&#8221;40px&#8221; header_3_font_size_tablet=&#8221;40px&#8221; header_3_font_size_phone=&#8221;30px&#8221; header_3_font_size_last_edited=&#8221;on|phone&#8221; global_colors_info=&#8221;{}&#8221;]<\/p>\n<h3>Chc\u0119 zosta\u0107 wolontariuszem<\/h3>\n<p>[\/et_pb_text][et_pb_text _builder_version=&#8221;4.17.4&#8243; _module_preset=&#8221;default&#8221; text_orientation=&#8221;justified&#8221; global_colors_info=&#8221;{}&#8221;]<\/p>\n<p>Je\u015bli uwa\u017casz, \u017ce wolontariat to co\u015b dla Ciebie, to prze\u015blij prosz\u0119 poni\u017cszy formularz zg\u0142oszeniowy. Pomo\u017ce on nam pozna\u0107 si\u0119 i om\u00f3wi\u0107 powy\u017csze punkty, tak aby\u015bmy mogli zrozumie\u0107 jakiego rodzaju wk\u0142ad chcia\u0142by\u015b wnie\u015b\u0107. Je\u015bli umiej\u0119tno\u015bci, kt\u00f3rymi chcia\u0142by\u015b si\u0119 podzieli\u0107, b\u0119d\u0105 mog\u0142y si\u0119 przyda\u0107, ch\u0119tnie om\u00f3wimy warunki Twojego zaanga\u017cowania. Wa\u017cne jest aby wolontariusze posiadali prywatne <span style=\"color: #333333;\"><strong>ubezpieczenie koszt\u00f3w<\/strong><\/span> leczenia. Aby unikn\u0119ci\u0105\u0107 zb\u0119dnych nieporozumie\u0144 wolontariusze podpisuj\u0105 <span style=\"color: #333333;\"><strong>Umow\u0119 Wolontariatu<\/strong><\/span>. W wypadku ch\u0119ci wzi\u0119cia udzia\u0142 w kursach lub odosobnieniach, wolontariusze proszeni s\u0105 o wype\u0142nienie formularza zg\u0142oszeniowego.<\/p>\n<p>[\/et_pb_text][\/et_pb_column][\/et_pb_row][et_pb_row _builder_version=&#8221;4.17.4&#8243; _module_preset=&#8221;default&#8221; global_colors_info=&#8221;{}&#8221;][et_pb_column type=&#8221;4_4&#8243; _builder_version=&#8221;4.17.4&#8243; _module_preset=&#8221;default&#8221; global_colors_info=&#8221;{}&#8221;][et_pb_text _builder_version=&#8221;4.17.4&#8243; _module_preset=&#8221;default&#8221; header_3_font_size=&#8221;40px&#8221; header_3_font_size_tablet=&#8221;40px&#8221; header_3_font_size_phone=&#8221;30px&#8221; header_3_font_size_last_edited=&#8221;on|phone&#8221; global_colors_info=&#8221;{}&#8221;]<\/p>\n<h3 style=\"text-align: center;\">Zg\u0142o\u015b si\u0119:<\/h3>\n<p>[\/et_pb_text][\/et_pb_column][\/et_pb_row][et_pb_row column_structure=&#8221;1_2,1_2&#8243; _builder_version=&#8221;4.17.4&#8243; _module_preset=&#8221;default&#8221; global_colors_info=&#8221;{}&#8221;][et_pb_column type=&#8221;1_2&#8243; _builder_version=&#8221;4.17.4&#8243; _module_preset=&#8221;default&#8221; global_colors_info=&#8221;{}&#8221;][et_pb_button button_url=&#8221;https:\/\/www.patrulrinpoche.net\/voluunteer-application-form\/&#8221; button_text=&#8221;FORMULARZ ZG\u0141OSZENIOWY WOLONTARIATU&#8221; button_alignment=&#8221;center&#8221; _builder_version=&#8221;4.17.4&#8243; _module_preset=&#8221;default&#8221; hover_enabled=&#8221;0&#8243; global_colors_info=&#8221;{}&#8221; sticky_enabled=&#8221;0&#8243;][\/et_pb_button][\/et_pb_column][et_pb_column type=&#8221;1_2&#8243; _builder_version=&#8221;4.17.4&#8243; _module_preset=&#8221;default&#8221; global_colors_info=&#8221;{}&#8221;][et_pb_button button_url=&#8221;http:\/\/www.patrulrinpoche.net\/wp-content\/uploads\/2022\/06\/3b.-DC-2022_volunteer-agreement_CC1-AK.CD_.pdf&#8221; url_new_window=&#8221;on&#8221; button_text=&#8221;UMOWA WOLONTARIATU&#8221; button_alignment=&#8221;center&#8221; _builder_version=&#8221;4.17.4&#8243; _module_preset=&#8221;default&#8221; global_colors_info=&#8221;{}&#8221;][\/et_pb_button][\/et_pb_column][\/et_pb_row][et_pb_row _builder_version=&#8221;4.17.4&#8243; _module_preset=&#8221;default&#8221; global_colors_info=&#8221;{}&#8221;][et_pb_column type=&#8221;4_4&#8243; _builder_version=&#8221;4.17.4&#8243; _module_preset=&#8221;default&#8221; global_colors_info=&#8221;{}&#8221;][et_pb_image src=&#8221;http:\/\/www.patrulrinpoche.net\/wp-content\/uploads\/2022\/06\/Volunteering_buddhist-centre.jpg&#8221; alt=&#8221;Volunteering_buddhist centre&#8221; title_text=&#8221;Volunteering_buddhist centre&#8221; _builder_version=&#8221;4.17.4&#8243; _module_preset=&#8221;default&#8221; global_colors_info=&#8221;{}&#8221;][\/et_pb_image][\/et_pb_column][\/et_pb_row][\/et_pb_section]<\/p>\n","protected":false},"excerpt":{"rendered":"<p>WOLONTARIATKr\u00f3tko o nas&#8230;Dzogczen Gelek Palbar Ling to organizacja non-profit za\u0142o\u017cona przez Ranjaka Patrula Rinpocze i jego uczni\u00f3w, kt\u00f3rej celem jest umo\u017cliwienie dost\u0119pu do cennej skarbnicy wiedzy i m\u0105dro\u015bci Buddy \u2013 a w szczeg\u00f3lno\u015bci dziedzictwa buddyzmu tybeta\u0144skiego. Metody kt\u00f3re by\u0142y przekazywane przez ostatnie 2500 lat mog\u0105 pom\u00f3c ka\u017cdemu \u2014 niezale\u017cnie od kultury i religii \u2014 poczu\u0107 [&hellip;]<\/p>\n","protected":false},"author":1,"featured_media":0,"parent":8351,"menu_order":3,"comment_status":"closed","ping_status":"closed","template":"","meta":{"_et_pb_use_builder":"on","_et_pb_old_content":"","_et_gb_content_width":"","footnotes":""},"class_list":["post-13652","page","type-page","status-publish","hentry"],"_links":{"self":[{"href":"https:\/\/www.patrulrinpoche.net\/pl\/wp-json\/wp\/v2\/pages\/13652","targetHints":{"allow":["GET"]}}],"collection":[{"href":"https:\/\/www.patrulrinpoche.net\/pl\/wp-json\/wp\/v2\/pages"}],"about":[{"href":"https:\/\/www.patrulrinpoche.net\/pl\/wp-json\/wp\/v2\/types\/page"}],"author":[{"embeddable":true,"href":"https:\/\/www.patrulrinpoche.net\/pl\/wp-json\/wp\/v2\/users\/1"}],"replies":[{"embeddable":true,"href":"https:\/\/www.patrulrinpoche.net\/pl\/wp-json\/wp\/v2\/comments?post=13652"}],"version-history":[{"count":0,"href":"https:\/\/www.patrulrinpoche.net\/pl\/wp-json\/wp\/v2\/pages\/13652\/revisions"}],"up":[{"embeddable":true,"href":"https:\/\/www.patrulrinpoche.net\/pl\/wp-json\/wp\/v2\/pages\/8351"}],"wp:attachment":[{"href":"https:\/\/www.patrulrinpoche.net\/pl\/wp-json\/wp\/v2\/media?parent=13652"}],"curies":[{"name":"wp","href":"https:\/\/api.w.org\/{rel}","templated":true}]}}