{"id":13661,"date":"2024-01-25T22:12:55","date_gmt":"2024-01-25T21:12:55","guid":{"rendered":"https:\/\/www.patrulrinpoche.net\/kontakt-i-wsparcie\/prosby-o-modlitwe\/"},"modified":"2024-01-26T14:46:52","modified_gmt":"2024-01-26T13:46:52","slug":"prosby-o-modlitwe","status":"publish","type":"page","link":"https:\/\/www.patrulrinpoche.net\/pl\/kontakt-i-wsparcie\/prosby-o-modlitwe\/","title":{"rendered":"Pro\u015bby o modlitw\u0119"},"content":{"rendered":"<p>[et_pb_section fb_built=&#8221;1&#8243; disabled_on=&#8221;on|off|off&#8221; _builder_version=&#8221;4.17.4&#8243; _module_preset=&#8221;default&#8221; background_image=&#8221;http:\/\/www.patrulrinpoche.net\/wp-content\/uploads\/2022\/06\/prayer-flags-lake-mountains.jpg&#8221; custom_padding=&#8221;0px||0px||false|false&#8221; da_disable_devices=&#8221;off|off|off&#8221; global_colors_info=&#8221;{}&#8221; da_is_popup=&#8221;off&#8221; da_exit_intent=&#8221;off&#8221; da_has_close=&#8221;on&#8221; da_alt_close=&#8221;off&#8221; da_dark_close=&#8221;off&#8221; da_not_modal=&#8221;on&#8221; da_is_singular=&#8221;off&#8221; da_with_loader=&#8221;off&#8221; da_has_shadow=&#8221;on&#8221;][et_pb_row _builder_version=&#8221;4.17.3&#8243; _module_preset=&#8221;default&#8221; global_colors_info=&#8221;{}&#8221;][et_pb_column type=&#8221;4_4&#8243; _builder_version=&#8221;4.17.3&#8243; _module_preset=&#8221;default&#8221; global_colors_info=&#8221;{}&#8221;][et_pb_text _builder_version=&#8221;4.17.4&#8243; _module_preset=&#8221;default&#8221; header_4_font=&#8221;EB Garamond|600||on|||||&#8221; header_4_text_color=&#8221;#FFFFFF&#8221; header_4_font_size=&#8221;66px&#8221; background_enable_image=&#8221;off&#8221; custom_padding=&#8221;300px||300px|0px|false|false&#8221; header_4_font_size_tablet=&#8221;66px&#8221; header_4_font_size_phone=&#8221;36px&#8221; header_4_font_size_last_edited=&#8221;on|phone&#8221; header_4_text_shadow_style=&#8221;preset1&#8243; global_colors_info=&#8221;{}&#8221;]<\/p>\n<h4 style=\"text-align: center;\">PRO\u015aBY O MODLITW\u0118<\/h4>\n<p>[\/et_pb_text][\/et_pb_column][\/et_pb_row][\/et_pb_section][et_pb_section fb_built=&#8221;1&#8243; fullwidth=&#8221;on&#8221; _builder_version=&#8221;4.17.3&#8243; _module_preset=&#8221;default&#8221; da_disable_devices=&#8221;off|off|off&#8221; global_colors_info=&#8221;{}&#8221; da_is_popup=&#8221;off&#8221; da_exit_intent=&#8221;off&#8221; da_has_close=&#8221;on&#8221; da_alt_close=&#8221;off&#8221; da_dark_close=&#8221;off&#8221; da_not_modal=&#8221;on&#8221; da_is_singular=&#8221;off&#8221; da_with_loader=&#8221;off&#8221; da_has_shadow=&#8221;on&#8221;][et_pb_fullwidth_header title=&#8221;PRO\u015aBY O MODLITW\u0118&#8221; text_orientation=&#8221;center&#8221; header_fullscreen=&#8221;on&#8221; header_scroll_down=&#8221;on&#8221; scroll_down_icon=&#8221;%%8%%&#8221; scroll_down_icon_color=&#8221;#FFFFFF&#8221; disabled_on=&#8221;off|on|on&#8221; _builder_version=&#8221;4.17.4&#8243; _module_preset=&#8221;default&#8221; title_level=&#8221;h4&#8243; title_font=&#8221;|||on|||||&#8221; title_font_size=&#8221;66px&#8221; background_enable_color=&#8221;off&#8221; background_image=&#8221;http:\/\/www.patrulrinpoche.net\/wp-content\/uploads\/2022\/06\/prayer-flags-lake-mountains.jpg&#8221; title_font_size_tablet=&#8221;66px&#8221; title_font_size_phone=&#8221;35px&#8221; title_font_size_last_edited=&#8221;on|phone&#8221; title_text_shadow_style=&#8221;preset1&#8243; global_colors_info=&#8221;{}&#8221;][\/et_pb_fullwidth_header][\/et_pb_section][et_pb_section fb_built=&#8221;1&#8243; _builder_version=&#8221;4.17.4&#8243; _module_preset=&#8221;default&#8221; da_disable_devices=&#8221;off|off|off&#8221; global_colors_info=&#8221;{}&#8221; da_is_popup=&#8221;off&#8221; da_exit_intent=&#8221;off&#8221; da_has_close=&#8221;on&#8221; da_alt_close=&#8221;off&#8221; da_dark_close=&#8221;off&#8221; da_not_modal=&#8221;on&#8221; da_is_singular=&#8221;off&#8221; da_with_loader=&#8221;off&#8221; da_has_shadow=&#8221;on&#8221;][et_pb_row _builder_version=&#8221;4.17.4&#8243; _module_preset=&#8221;default&#8221; global_colors_info=&#8221;{}&#8221;][et_pb_column type=&#8221;4_4&#8243; _builder_version=&#8221;4.17.4&#8243; _module_preset=&#8221;default&#8221; global_colors_info=&#8221;{}&#8221;][et_pb_text _builder_version=&#8221;4.17.4&#8243; _module_preset=&#8221;default&#8221; header_4_font=&#8221;EB Garamond|600|||||||&#8221; header_4_text_align=&#8221;center&#8221; header_4_font_size=&#8221;30px&#8221; header_4_font_size_tablet=&#8221;30px&#8221; header_4_font_size_phone=&#8221;24px&#8221; header_4_font_size_last_edited=&#8221;on|phone&#8221; global_colors_info=&#8221;{}&#8221;]<\/p>\n<h4>M\u00f3wi si\u0119, \u017ce gdy gromadzi si\u0119 Sanga<\/h4>\n<h4><\/h4>\n<h4>to si\u0142a jej modlitw zostaje zwielokrotniona<\/h4>\n<h4><\/h4>\n<h4>staje si\u0119 niezwykle pot\u0119\u017cna.<\/h4>\n<h4><\/h4>\n<h4>I mo\u017ce przynie\u015b\u0107 ogromny po\u017cytek.<\/h4>\n<p>[\/et_pb_text][\/et_pb_column][\/et_pb_row][et_pb_row _builder_version=&#8221;4.17.4&#8243; _module_preset=&#8221;default&#8221; global_colors_info=&#8221;{}&#8221;][et_pb_column type=&#8221;4_4&#8243; _builder_version=&#8221;4.17.4&#8243; _module_preset=&#8221;default&#8221; global_colors_info=&#8221;{}&#8221;][et_pb_text _builder_version=&#8221;4.17.4&#8243; _module_preset=&#8221;default&#8221; header_5_font_size=&#8221;29px&#8221; header_5_font_size_tablet=&#8221;29px&#8221; header_5_font_size_phone=&#8221;25px&#8221; header_5_font_size_last_edited=&#8221;on|phone&#8221; global_colors_info=&#8221;{}&#8221;]<\/p>\n<h5>CO TO ZA TRADYCJA?<\/h5>\n<p>[\/et_pb_text][et_pb_text _builder_version=&#8221;4.17.4&#8243; _module_preset=&#8221;default&#8221; text_orientation=&#8221;justified&#8221; global_colors_info=&#8221;{}&#8221;]<\/p>\n<p>Czasem mo\u017cesz do\u015bwiadcza\u0107 (ty sam lub inna osoba) trudno\u015bci lub przeszk\u00f3d takich jak problemy zdrowotne etc., lub pragniesz otrzyma\u0107 wsparcie w jakim\u015b konkretnym projekcie lub dzia\u0142alno\u015bci. W takim przypadku mo\u017cesz poprosi\u0107 o modlitw\u0119 zgromadzonych cz\u0142onk\u00f3w Sangi \u2014 w tym przypadku grup\u0119 uczni\u00f3w Ranjak Patrula Rinpocze, kt\u00f3rzy regularnie gromadz\u0105 si\u0119 podczas grupowych praktyk z Jego udzia\u0142em (czasem bez Jego udzia\u0142u). W naszej tradycji modlitwy te zwykle maj\u0105 miejsce w czasie dni <a href=\"https:\/\/www.patrulrinpoche.net\/study-practice\/practice\/tsok-sojong\/\"><span style=\"color: #ff9900;\"><strong>tsoku<\/strong><\/span><\/a> (dwa razy w miesi\u0105cu) oraz ka\u017cdego dnia w czasie odosobnienie zwanego <a href=\"https:\/\/www.patrulrinpoche.net\/study-practice\/practice\/drupchen\/\"><span style=\"color: #ff9900;\"><strong>drupczenem<\/strong><\/span><\/a>. Jest przyj\u0119te, aby uczyni\u0107 darowizn\u0119 na rzecz Sangi. Darowizna mo\u017ce by\u0107 bardzo niewielka i stanowi spos\u00f3b utworzenia symbolicznego zwi\u0105zku z Sang\u0105 praktykuj\u0105cych. Proszenie Sangi o modlitwy jest szeroko rozpowszechnion\u0105 praktyk\u0105 we wszystkich buddyjskich tradycjach, i posiada wielk\u0105 moc.<\/p>\n<p>[\/et_pb_text][\/et_pb_column][\/et_pb_row][et_pb_row _builder_version=&#8221;4.17.4&#8243; _module_preset=&#8221;default&#8221; global_colors_info=&#8221;{}&#8221;][et_pb_column type=&#8221;4_4&#8243; _builder_version=&#8221;4.17.4&#8243; _module_preset=&#8221;default&#8221; global_colors_info=&#8221;{}&#8221;][et_pb_text disabled_on=&#8221;on|off|off&#8221; _builder_version=&#8221;4.17.4&#8243; _module_preset=&#8221;default&#8221; header_5_font_size=&#8221;29px&#8221; header_5_font_size_tablet=&#8221;29px&#8221; header_5_font_size_phone=&#8221;25px&#8221; header_5_font_size_last_edited=&#8221;on|phone&#8221; global_colors_info=&#8221;{}&#8221;]<\/p>\n<h5>W jaki spos\u00f3b nale\u017cy wys\u0142a\u0107 pro\u015bb\u0119 o modlitw\u0119?<\/h5>\n<p>[\/et_pb_text][et_pb_text disabled_on=&#8221;off|on|on&#8221; _builder_version=&#8221;4.17.4&#8243; _module_preset=&#8221;default&#8221; header_5_font_size=&#8221;29px&#8221; header_5_font_size_tablet=&#8221;29px&#8221; header_5_font_size_phone=&#8221;25px&#8221; header_5_font_size_last_edited=&#8221;on|phone&#8221; global_colors_info=&#8221;{}&#8221;]<\/p>\n<h5>W jaki spos\u00f3b wys\u0142a\u0107 pro\u015bb\u0119<\/h5>\n<h5><\/h5>\n<h5>o modlitw\u0119?<\/h5>\n<p>[\/et_pb_text][et_pb_text _builder_version=&#8221;4.17.4&#8243; _module_preset=&#8221;default&#8221; text_orientation=&#8221;justified&#8221; global_colors_info=&#8221;{}&#8221;]<\/p>\n<p><a href=\"mailto:info@zpi.patrulrinpoche.net\"><span style=\"color: #ff9900;\">Mo\u017cesz wys\u0142a\u0107 emaila na adres<strong>@zpi.patrulrinpoche.net<\/strong><\/span><\/a> przed 12.00 dnia, w kt\u00f3rym odbywa si\u0119 praktyka (patrz wy\u017cej). W przypadku ostatniego dnia drubczenu, Twoja pro\u015bba musi do nas dotrze\u0107 wieczorem w poprzedzaj\u0105cego dnia. <\/p>\n<p>Prosimy o zawarcie nast\u0119puj\u0105cych informacji:<\/p>\n<p>1. imi\u0119 osoby, kt\u00f3rej dotyczy\u0107 ma modlitwa<br \/>2. cel modlitwy, lub okoliczno\u015bci, w kt\u00f3rych znajduje si\u0119 ta osoba<br \/>3. wielko\u015b\u0107 Twojej darowizny<br \/>4. spos\u00f3b przekazania pieni\u0119dzy<br \/>5. zaznaczenie, \u017ce dane osobiste (Twoje lub osoby, kt\u00f3rej dotyczy modlitwa) nie powinny byc ujawnione<\/p>\n<p>[\/et_pb_text][\/et_pb_column][\/et_pb_row][et_pb_row _builder_version=&#8221;4.17.4&#8243; _module_preset=&#8221;default&#8221; global_colors_info=&#8221;{}&#8221;][et_pb_column type=&#8221;4_4&#8243; _builder_version=&#8221;4.17.4&#8243; _module_preset=&#8221;default&#8221; global_colors_info=&#8221;{}&#8221;][et_pb_text disabled_on=&#8221;on|off|off&#8221; _builder_version=&#8221;4.17.4&#8243; _module_preset=&#8221;default&#8221; header_5_font_size=&#8221;29px&#8221; header_5_font_size_tablet=&#8221;29px&#8221; header_5_font_size_phone=&#8221;25px&#8221; header_5_font_size_last_edited=&#8221;on|phone&#8221; global_colors_info=&#8221;{}&#8221;]<\/p>\n<h5>Co si\u0119 b\u0119dzie dzia\u0142o, gdy otrzymamy Twoj\u0105 pro\u015bb\u0119?<\/h5>\n<p>[\/et_pb_text][et_pb_text disabled_on=&#8221;off|on|on&#8221; _builder_version=&#8221;4.17.4&#8243; _module_preset=&#8221;default&#8221; header_5_font_size=&#8221;29px&#8221; header_5_font_size_tablet=&#8221;29px&#8221; header_5_font_size_phone=&#8221;25px&#8221; header_5_font_size_last_edited=&#8221;on|phone&#8221; global_colors_info=&#8221;{}&#8221;]<\/p>\n<h5>Co si\u0119 b\u0119dzie dzia\u0142o<\/h5>\n<h5><\/h5>\n<h5>gdy Twoja pro\u015bba<\/h5>\n<h5><\/h5>\n<h5>do nas dotrze?<\/h5>\n<p>[\/et_pb_text][et_pb_text _builder_version=&#8221;4.17.4&#8243; _module_preset=&#8221;default&#8221; text_orientation=&#8221;justified&#8221; global_colors_info=&#8221;{}&#8221;]<\/p>\n<p>Kiedy Geku (czyli osoba odpowiedzialna za otrzymane pro\u015bby) stwierdzi, \u017ce darowizna zosta\u0142a otrzymana, zwr\u00f3ci si\u0119 tego samego lub nast\u0119pnego dnia do Zgromadzenia o dodatkowe modlitwy, og\u0142aszaj\u0105c zarazem imi\u0119 darczy\u0144cy, cel modlitwy oraz kwot\u0119 darowizny.<br \/>Nast\u0119pnie wszyscy cz\u0142onkowie zgromadzenia modl\u0105 si\u0119 &#8211; w\u0142\u0105czaj\u0105c w to Mistrza Wad\u017cry (kt\u00f3rym zazwyczaj jest Patrul Rinpocze). Prosimy o zaznaczenie, je\u015bli kt\u00f3rakolwiek z powy\u017cszych informacji nie powinna by\u0107 ujawniona; w takim przypadku Geku og\u0142osi jedynie kwot\u0119 oraz cel modlitwy, nie wymieniaj\u0105c imion os\u00f3b, kt\u00f3rych ona dotyczy.<\/p>\n<p>Mistrz Wad\u017cry zdecyduje o czasie recytacji, o tym jakie mantry b\u0119d\u0105 recytowane i w jakiej liczbie.<\/p>\n<p>Podczas drubczenu pierwszym dniem kiedy dodatkowe modlitwy mog\u0105 mie\u0107 miejsce jest pierwszy pe\u0142en dzie\u0144 tej praktyki, za\u015b ostatnim dniem jest wczesny ranek ostatniego dnia.<\/p>\n<p>Po ich wykonaniu wy\u015blemy Ci email potwierdzaj\u0105cy, z zaznaczeniem daty recytacji.<\/p>\n<p>[\/et_pb_text][\/et_pb_column][\/et_pb_row][et_pb_row _builder_version=&#8221;4.17.4&#8243; _module_preset=&#8221;default&#8221; global_colors_info=&#8221;{}&#8221;][et_pb_column type=&#8221;4_4&#8243; _builder_version=&#8221;4.17.4&#8243; _module_preset=&#8221;default&#8221; global_colors_info=&#8221;{}&#8221;][et_pb_text _builder_version=&#8221;4.17.4&#8243; _module_preset=&#8221;default&#8221; header_3_font_size=&#8221;45px&#8221; header_5_font_size=&#8221;29px&#8221; header_5_font_size_tablet=&#8221;29px&#8221; header_5_font_size_phone=&#8221;25px&#8221; header_5_font_size_last_edited=&#8221;on|phone&#8221; global_colors_info=&#8221;{}&#8221;]<\/p>\n<h3 style=\"text-align: center;\">W jaki spos\u00f3b dokona\u0107 darowizny<\/h3>\n<p>[\/et_pb_text][et_pb_button button_url=&#8221;https:\/\/docs.google.com\/forms\/d\/e\/1FAIpQLSfvrXYlX5LnWU4z8bDGoQmErj5ri3KZ5d1Reg90ay00b41wfA\/viewform&#8221; button_text=&#8221;FORMULARZ PRO\u015aBY O MODLITW\u0118&#8221; button_alignment=&#8221;center&#8221; _builder_version=&#8221;4.17.4&#8243; _module_preset=&#8221;default&#8221; hover_enabled=&#8221;0&#8243; global_colors_info=&#8221;{}&#8221; sticky_enabled=&#8221;0&#8243;][\/et_pb_button][et_pb_blurb title=&#8221;Przelew bankowy&#8221; use_icon=&#8221;on&#8221; font_icon=&#8221;&#xe046;||divi||400&#8243; icon_color=&#8221;#f6a240&#8243; icon_placement=&#8221;left&#8221; _builder_version=&#8221;4.17.4&#8243; _module_preset=&#8221;default&#8221; header_font=&#8221;EB Garamond|600|||||||&#8221; header_text_align=&#8221;center&#8221; header_font_size=&#8221;24px&#8221; text_orientation=&#8221;justified&#8221; header_text_align_tablet=&#8221;center&#8221; header_text_align_phone=&#8221;left&#8221; header_text_align_last_edited=&#8221;on|phone&#8221; global_colors_info=&#8221;{}&#8221;]<\/p>\n<p>Dzogchen Gelek Palbar Ling asbl<br \/>IBAN: BE50 0682 2863 7818<br \/>SWIFT: GKCCBEBB<br \/>W tre\u015bci przelewu prosimy o wpisanie: Prayer on request<\/p>\n<p>[\/et_pb_blurb][et_pb_blurb title=&#8221;Przesy\u0142anie pieni\u0119dzy online&#8221; use_icon=&#8221;on&#8221; font_icon=&#8221;&#xe046;||divi||400&#8243; icon_color=&#8221;#f6a240&#8243; icon_placement=&#8221;left&#8221; _builder_version=&#8221;4.17.4&#8243; _module_preset=&#8221;default&#8221; header_font=&#8221;EB Garamond|600|||||||&#8221; header_text_align=&#8221;center&#8221; header_font_size=&#8221;24px&#8221; header_line_height=&#8221;1.3em&#8221; text_orientation=&#8221;justified&#8221; header_text_align_tablet=&#8221;center&#8221; header_text_align_phone=&#8221;left&#8221; header_text_align_last_edited=&#8221;on|phone&#8221; global_colors_info=&#8221;{}&#8221;]<\/p>\n<p>Je\u015bli nie mo\u017cesz dokona\u0107 przelewu bezpo\u015brednio na nasze konto bankowe, mo\u017cesz u\u017cy\u0107 us\u0142ugi oferowanej przez platformy walutowe takie jak <a href=\"https:\/\/wise.com\/\" target=\"_blank\" rel=\"noopener\"><span style=\"color: #ff9900;\"><strong>Transferwise<\/strong><\/span><\/a>.<\/p>\n<p>[\/et_pb_blurb][et_pb_blurb title=&#8221;Za pomoc\u0105 PayPal&#8221; use_icon=&#8221;on&#8221; font_icon=&#8221;&#xe046;||divi||400&#8243; icon_color=&#8221;#f6a240&#8243; icon_placement=&#8221;left&#8221; _builder_version=&#8221;4.17.4&#8243; _module_preset=&#8221;default&#8221; header_font=&#8221;EB Garamond|600|||||||&#8221; header_text_align=&#8221;center&#8221; header_font_size=&#8221;24px&#8221; header_line_height=&#8221;1.3em&#8221; text_orientation=&#8221;justified&#8221; header_text_align_tablet=&#8221;center&#8221; header_text_align_phone=&#8221;left&#8221; header_text_align_last_edited=&#8221;on|phone&#8221; global_colors_info=&#8221;{}&#8221;]<\/p>\n<p>Mo\u017cesz zap\u0142aci\u0107 za pomoc\u0105 PayPal (+ 4% dodatkowej prowizji na rzecz PayPal):<\/p>\n<p>[\/et_pb_blurb][et_pb_image src=&#8221;http:\/\/www.patrulrinpoche.net\/wp-content\/uploads\/2022\/06\/paypal.png&#8221; alt=&#8221;paypal&#8221; title_text=&#8221;paypal&#8221; url=&#8221;http:\/\/patrulrinpoche.us\/donations.html&#8221; align=&#8221;center&#8221; _builder_version=&#8221;4.17.4&#8243; _module_preset=&#8221;default&#8221; width=&#8221;26%&#8221; min_height=&#8221;9.9px&#8221; global_colors_info=&#8221;{}&#8221;][\/et_pb_image][\/et_pb_column][\/et_pb_row][et_pb_row _builder_version=&#8221;4.17.4&#8243; _module_preset=&#8221;default&#8221; global_colors_info=&#8221;{}&#8221;][et_pb_column type=&#8221;4_4&#8243; _builder_version=&#8221;4.17.4&#8243; _module_preset=&#8221;default&#8221; global_colors_info=&#8221;{}&#8221;][et_pb_blurb title=&#8221;Skanowanie kodu QR&#8221; use_icon=&#8221;on&#8221; font_icon=&#8221;&#xe046;||divi||400&#8243; icon_color=&#8221;#f6a240&#8243; icon_placement=&#8221;left&#8221; _builder_version=&#8221;4.17.4&#8243; _module_preset=&#8221;default&#8221; header_font=&#8221;EB Garamond|600|||||||&#8221; header_text_align=&#8221;center&#8221; header_font_size=&#8221;24px&#8221; header_line_height=&#8221;1.3em&#8221; text_orientation=&#8221;justified&#8221; header_text_align_tablet=&#8221;center&#8221; header_text_align_phone=&#8221;left&#8221; header_text_align_last_edited=&#8221;on|phone&#8221; global_colors_info=&#8221;{}&#8221;]<\/p>\n<p>Wykonaj darowizn\u0119 za pomoc\u0105 PayPal skanuj\u0105c kod QR lub klikaj\u0105c na link poni\u017cej*:<\/p>\n<p>[\/et_pb_blurb][et_pb_image src=&#8221;http:\/\/www.patrulrinpoche.net\/wp-content\/uploads\/2022\/06\/code.png&#8221; alt=&#8221;kod&#8221; title_text=&#8221;kod&#8221; align=&#8221;center&#8221; _builder_version=&#8221;4.17.4&#8243; _module_preset=&#8221;default&#8221; width=&#8221;24%&#8221; width_tablet=&#8221;24%&#8221; width_phone=&#8221;24%&#8221; width_last_edited=&#8221;on|phone&#8221; global_colors_info=&#8221;{}&#8221;][\/et_pb_image][et_pb_text _builder_version=&#8221;4.17.4&#8243; _module_preset=&#8221;default&#8221; text_orientation=&#8221;center&#8221; border_width_top=&#8221;2px&#8221; global_colors_info=&#8221;{}&#8221;]<\/p>\n<p style=\"text-align: center;\">u do\u0142u formularza<br \/>*dodaj 4% celem pokrycia koszt\u00f3w przekazu<br \/>*Rejestracja na stronie PayPal website nie jest wymagana.<\/p>\n<p>[\/et_pb_text][et_pb_blurb title=&#8221;Prosz\u0105c przyjaciela&#8230;&#8221; use_icon=&#8221;on&#8221; font_icon=&#8221;&#xe046;||divi||400&#8243; icon_color=&#8221;#f6a240&#8243; icon_placement=&#8221;left&#8221; _builder_version=&#8221;4.17.4&#8243; _module_preset=&#8221;default&#8221; header_font=&#8221;EB Garamond|600|||||||&#8221; header_text_align=&#8221;center&#8221; header_font_size=&#8221;24px&#8221; header_line_height=&#8221;1.3em&#8221; text_orientation=&#8221;justified&#8221; header_text_align_tablet=&#8221;center&#8221; header_text_align_phone=&#8221;left&#8221; header_text_align_last_edited=&#8221;on|phone&#8221; global_colors_info=&#8221;{}&#8221;]<\/p>\n<p>&#8230;kt\u00f3ry wybiera si\u0119 na drubczen aby przywi\u00f3z\u0142 ze sob\u0105 Twoj\u0105 darowizn\u0119.<\/p>\n<p>[\/et_pb_blurb][\/et_pb_column][\/et_pb_row][et_pb_row _builder_version=&#8221;4.17.4&#8243; _module_preset=&#8221;default&#8221; custom_margin=&#8221;-30px||||false|false&#8221; global_colors_info=&#8221;{}&#8221;][et_pb_column type=&#8221;4_4&#8243; _builder_version=&#8221;4.17.4&#8243; _module_preset=&#8221;default&#8221; global_colors_info=&#8221;{}&#8221;][et_pb_text _builder_version=&#8221;4.17.4&#8243; _module_preset=&#8221;default&#8221; text_orientation=&#8221;justified&#8221; global_colors_info=&#8221;{}&#8221;]<\/p>\n<p><em><strong>NOTE:<\/strong> Nie jeste\u015bmy w stanie zaakceptowa\u0107 innych metod dokonywania darowizn &#8211; w szczeg\u00f3lno\u015bci polegaj\u0105cych na obietnicy dokonania darowizny w przysz\u0142o\u015bci &#8211; z uwagi na fakt, \u017ce wa\u017cne jest nawi\u0105zanie bezpo\u015bredniego zwi\u0105zku z Sang\u0105 oraz drubczeniem (praktyk\u0105 ofiarowania tsoku). Bardzo dzi\u0119kujemy za okazane zrozumienie.<\/em><\/p>\n<p>[\/et_pb_text][\/et_pb_column][\/et_pb_row][et_pb_row _builder_version=&#8221;4.17.4&#8243; _module_preset=&#8221;default&#8221; global_colors_info=&#8221;{}&#8221;][et_pb_column type=&#8221;4_4&#8243; _builder_version=&#8221;4.17.4&#8243; _module_preset=&#8221;default&#8221; global_colors_info=&#8221;{}&#8221;][et_pb_image src=&#8221;http:\/\/www.patrulrinpoche.net\/wp-content\/uploads\/2021\/06\/Prayers-on-request_buddhist-center-Patrul-Rinpoche.jpg&#8221; alt=&#8221;Pro\u015bby o modlitw\u0119&#8221; title_text=&#8221;Pro\u015bby o modlitw\u0119_centrum buddyjskie Patrula Rinpocze&#8221; _builder_version=&#8221;4.17.4&#8243; _module_preset=&#8221;default&#8221; global_colors_info=&#8221;{}&#8221;][\/et_pb_image][\/et_pb_column][\/et_pb_row][\/et_pb_section]<\/p>\n","protected":false},"excerpt":{"rendered":"<p>PRO\u015aBY O MODLITW\u0118M\u00f3wi si\u0119, \u017ce gdy gromadzi si\u0119 Sanga to si\u0142a jej modlitw zostaje zwielokrotniona staje si\u0119 niezwykle pot\u0119\u017cna. I mo\u017ce przynie\u015b\u0107 ogromny po\u017cytek.CO TO ZA TRADYCJA?Czasem mo\u017cesz do\u015bwiadcza\u0107 (ty sam lub inna osoba) trudno\u015bci lub przeszk\u00f3d takich jak problemy zdrowotne etc., lub pragniesz otrzyma\u0107 wsparcie w jakim\u015b konkretnym projekcie lub dzia\u0142alno\u015bci. W takim przypadku [&hellip;]<\/p>\n","protected":false},"author":1,"featured_media":0,"parent":8351,"menu_order":4,"comment_status":"closed","ping_status":"closed","template":"","meta":{"_et_pb_use_builder":"on","_et_pb_old_content":"","_et_gb_content_width":"","footnotes":""},"class_list":["post-13661","page","type-page","status-publish","hentry"],"_links":{"self":[{"href":"https:\/\/www.patrulrinpoche.net\/pl\/wp-json\/wp\/v2\/pages\/13661","targetHints":{"allow":["GET"]}}],"collection":[{"href":"https:\/\/www.patrulrinpoche.net\/pl\/wp-json\/wp\/v2\/pages"}],"about":[{"href":"https:\/\/www.patrulrinpoche.net\/pl\/wp-json\/wp\/v2\/types\/page"}],"author":[{"embeddable":true,"href":"https:\/\/www.patrulrinpoche.net\/pl\/wp-json\/wp\/v2\/users\/1"}],"replies":[{"embeddable":true,"href":"https:\/\/www.patrulrinpoche.net\/pl\/wp-json\/wp\/v2\/comments?post=13661"}],"version-history":[{"count":0,"href":"https:\/\/www.patrulrinpoche.net\/pl\/wp-json\/wp\/v2\/pages\/13661\/revisions"}],"up":[{"embeddable":true,"href":"https:\/\/www.patrulrinpoche.net\/pl\/wp-json\/wp\/v2\/pages\/8351"}],"wp:attachment":[{"href":"https:\/\/www.patrulrinpoche.net\/pl\/wp-json\/wp\/v2\/media?parent=13661"}],"curies":[{"name":"wp","href":"https:\/\/api.w.org\/{rel}","templated":true}]}}