{"id":13717,"date":"2024-01-27T11:43:49","date_gmt":"2024-01-27T10:43:49","guid":{"rendered":"https:\/\/www.patrulrinpoche.net\/rdzenni-nauczyciele\/"},"modified":"2024-02-08T08:25:44","modified_gmt":"2024-02-08T07:25:44","slug":"rdzenni-nauczyciele","status":"publish","type":"page","link":"https:\/\/www.patrulrinpoche.net\/pl\/rdzenni-nauczyciele\/","title":{"rendered":"Rdzenni nauczyciele"},"content":{"rendered":"<p>[et_pb_section fb_built=&#8221;1&#8243; _builder_version=&#8221;4.17.3&#8243; _module_preset=&#8221;default&#8221; da_disable_devices=&#8221;off|off|off&#8221; global_colors_info=&#8221;{}&#8221; da_is_popup=&#8221;off&#8221; da_exit_intent=&#8221;off&#8221; da_has_close=&#8221;on&#8221; da_alt_close=&#8221;off&#8221; da_dark_close=&#8221;off&#8221; da_not_modal=&#8221;on&#8221; da_is_singular=&#8221;off&#8221; da_with_loader=&#8221;off&#8221; da_has_shadow=&#8221;on&#8221;][et_pb_row _builder_version=&#8221;4.17.3&#8243; _module_preset=&#8221;default&#8221; global_colors_info=&#8221;{}&#8221;][et_pb_column type=&#8221;4_4&#8243; _builder_version=&#8221;4.17.3&#8243; _module_preset=&#8221;default&#8221; global_colors_info=&#8221;{}&#8221;][et_pb_text _builder_version=&#8221;4.17.3&#8243; _module_preset=&#8221;default&#8221; header_3_font_size=&#8221;64px&#8221; header_3_font_size_tablet=&#8221;64px&#8221; header_3_font_size_phone=&#8221;32px&#8221; header_3_font_size_last_edited=&#8221;on|phone&#8221; global_colors_info=&#8221;{}&#8221;]<\/p>\n<p id=\"root\">\n<h3 align=\"LEFT\" style=\"text-align: center;\"><strong>Rdzenni nauczyciele<\/strong><\/h3>\n<p>[\/et_pb_text][\/et_pb_column][\/et_pb_row][et_pb_row column_structure=&#8221;1_5,3_5,1_5&#8243; _builder_version=&#8221;4.17.3&#8243; _module_preset=&#8221;default&#8221; custom_margin=&#8221;-15px||||false|false&#8221; global_colors_info=&#8221;{}&#8221;][et_pb_column type=&#8221;1_5&#8243; _builder_version=&#8221;4.17.3&#8243; _module_preset=&#8221;default&#8221; global_colors_info=&#8221;{}&#8221;][\/et_pb_column][et_pb_column type=&#8221;3_5&#8243; _builder_version=&#8221;4.17.3&#8243; _module_preset=&#8221;default&#8221; global_colors_info=&#8221;{}&#8221;][et_pb_text _builder_version=&#8221;4.17.4&#8243; _module_preset=&#8221;default&#8221; header_4_font=&#8221;EB Garamond|500|||||||&#8221; header_4_text_align=&#8221;center&#8221; header_4_font_size=&#8221;27px&#8221; custom_padding=&#8221;20px||20px|0px|false|false&#8221; hover_enabled=&#8221;0&#8243; header_4_font_size_tablet=&#8221;34px&#8221; header_4_font_size_phone=&#8221;26px&#8221; header_4_font_size_last_edited=&#8221;on|desktop&#8221; border_width_top=&#8221;1px&#8221; border_color_top=&#8221;#881719&#8243; border_width_bottom=&#8221;1px&#8221; border_color_bottom=&#8221;#881719&#8243; global_colors_info=&#8221;{}&#8221; sticky_enabled=&#8221;0&#8243;]<\/p>\n<h4>&#8220;Nie spos\u00f3b przywie\u017a\u0107 klejnoty z wyspy skarb\u00f3w<\/h4>\n<h4>bez wsparcia do\u015bwiadczonego przewodnika&#8221;<\/h4>\n<p>[\/et_pb_text][et_pb_text _builder_version=&#8221;4.17.4&#8243; _module_preset=&#8221;default&#8221; header_4_font=&#8221;EB Garamond|600|||||||&#8221; header_4_font_size=&#8221;20px&#8221; global_colors_info=&#8221;{}&#8221;]<\/p>\n<h4 style=\"text-align: right;\">Patrul Rinpocze<\/h4>\n<h4 style=\"text-align: right;\"><em>S\u0142owa Mistrza Samantabhadry<\/em><\/h4>\n<p>[\/et_pb_text][\/et_pb_column][et_pb_column type=&#8221;1_5&#8243; _builder_version=&#8221;4.17.3&#8243; _module_preset=&#8221;default&#8221; global_colors_info=&#8221;{}&#8221;][\/et_pb_column][\/et_pb_row][et_pb_row _builder_version=&#8221;4.17.4&#8243; _module_preset=&#8221;default&#8221; global_colors_info=&#8221;{}&#8221;][et_pb_column type=&#8221;4_4&#8243; _builder_version=&#8221;4.17.4&#8243; _module_preset=&#8221;default&#8221; global_colors_info=&#8221;{}&#8221;][et_pb_text _builder_version=&#8221;4.17.4&#8243; _module_preset=&#8221;default&#8221; header_4_font=&#8221;EB Garamond|600|||||||&#8221; header_4_text_align=&#8221;center&#8221; header_4_font_size=&#8221;28px&#8221; global_colors_info=&#8221;{}&#8221;]<\/p>\n<h4 style=\"text-align: center;\">Oto kr\u00f3tki wywiad z Raniakiem Patrulem Rinpocze na temat jego g\u0142\u00f3wnych rdzennych nauczycieli<\/h4>\n<p>[\/et_pb_text][\/et_pb_column][\/et_pb_row][et_pb_row column_structure=&#8221;1_4,3_4&#8243; _builder_version=&#8221;4.17.4&#8243; _module_preset=&#8221;default&#8221; global_colors_info=&#8221;{}&#8221;][et_pb_column type=&#8221;1_4&#8243; _builder_version=&#8221;4.17.4&#8243; _module_preset=&#8221;default&#8221; global_colors_info=&#8221;{}&#8221;][et_pb_image src=&#8221;http:\/\/www.patrulrinpoche.net\/wp-content\/uploads\/2022\/06\/1-root-teacher-scaled.jpg&#8221; alt=&#8221;1 Rdzenny Nauczyciel&#8221; title_text=&#8221;1 Rdzenny Nauczyciel&#8221; _builder_version=&#8221;4.17.4&#8243; _module_preset=&#8221;default&#8221; width=&#8221;80%&#8221; width_tablet=&#8221;80%&#8221; width_phone=&#8221;80%&#8221; width_last_edited=&#8221;on|phone&#8221; global_colors_info=&#8221;{}&#8221;][\/et_pb_image][\/et_pb_column][et_pb_column type=&#8221;3_4&#8243; _builder_version=&#8221;4.17.4&#8243; _module_preset=&#8221;default&#8221; global_colors_info=&#8221;{}&#8221;][et_pb_text _builder_version=&#8221;4.17.4&#8243; _module_preset=&#8221;default&#8221; header_4_font=&#8221;EB Garamond|600|||||||&#8221; header_4_font_size=&#8221;20px&#8221; text_orientation=&#8221;justified&#8221; global_colors_info=&#8221;{}&#8221;]<\/p>\n<p>-Od Drukpy Rinpocze, mojego g\u0142\u00f3wnego nauczyciela, otrzyma\u0142em wszystkie podstawowe inicjacje, na przyk\u0142ad Rinczen Terdz\u00f6 i Longczien Ningthik Tsa P\u00f6, nazywany zwykle Dum Nyi (tyb. dwa du\u017ce tomy pecia) Otrzyma\u0142em inicjacje i przekazy wszystkich tych pi\u0119ciu tom\u00f3w.<\/p>\n<p>Od Drukpy Rinpocze otrzyma\u0142em tak\u017ce przekaz i inicjacj\u0119 bardzo wa\u017cnego tekstu &#8211; Ningthik Jabzhi.<br \/>A tak\u017ce wszystkich tekst\u00f3w praktykowanych w Klasztorze Dzogczien.<\/p>\n<p>[\/et_pb_text][\/et_pb_column][\/et_pb_row][et_pb_row column_structure=&#8221;1_2,1_2&#8243; _builder_version=&#8221;4.17.4&#8243; _module_preset=&#8221;default&#8221; global_colors_info=&#8221;{}&#8221;][et_pb_column type=&#8221;1_2&#8243; _builder_version=&#8221;4.17.4&#8243; _module_preset=&#8221;default&#8221; global_colors_info=&#8221;{}&#8221;][et_pb_image src=&#8221;http:\/\/www.patrulrinpoche.net\/wp-content\/uploads\/2022\/06\/2.-root-teachers.jpg&#8221; alt=&#8221;2. rdzenni nauczyciele&#8221; title_text=&#8221;2. rdzenni nauczyciele&#8221; _builder_version=&#8221;4.17.4&#8243; _module_preset=&#8221;default&#8221; global_colors_info=&#8221;{}&#8221;][\/et_pb_image][\/et_pb_column][et_pb_column type=&#8221;1_2&#8243; _builder_version=&#8221;4.17.4&#8243; _module_preset=&#8221;default&#8221; global_colors_info=&#8221;{}&#8221;][et_pb_image src=&#8221;http:\/\/www.patrulrinpoche.net\/wp-content\/uploads\/2022\/06\/3.jpg&#8221; alt=&#8221;rdzenny nauczyciel&#8221; title_text=&#8221;3&#8243; _builder_version=&#8221;4.17.4&#8243; _module_preset=&#8221;default&#8221; global_colors_info=&#8221;{}&#8221;][\/et_pb_image][\/et_pb_column][\/et_pb_row][et_pb_row column_structure=&#8221;1_2,1_2&#8243; _builder_version=&#8221;4.17.4&#8243; _module_preset=&#8221;default&#8221; global_colors_info=&#8221;{}&#8221;][et_pb_column type=&#8221;1_2&#8243; _builder_version=&#8221;4.17.4&#8243; _module_preset=&#8221;default&#8221; global_colors_info=&#8221;{}&#8221;][et_pb_blurb image=&#8221;http:\/\/www.patrulrinpoche.net\/wp-content\/uploads\/2022\/06\/root-teacher-2.1.jpg&#8221; alt=&#8221;Rdzenny Nauczyciel 2.1&#8243; _builder_version=&#8221;4.17.4&#8243; _module_preset=&#8221;default&#8221; header_font=&#8221;EB Garamond|600|||||||&#8221; header_text_align=&#8221;center&#8221; header_font_size=&#8221;22px&#8221; text_orientation=&#8221;justified&#8221; global_colors_info=&#8221;{}&#8221;]<\/p>\n<p>W tym samym czasie otrzyma\u0142em wszystkie te przekazy od Tulku Orgjena Rinpocze. Otrzyma\u0142em od niego tak\u017ce przekaz Tercz\u00f6, Tertona Njimy Drakpy, kt\u00f3ry nie zosta\u0142 zawarty w Rinczen Terdz\u00f6. To odr\u0119bny tekst i inicjacja, kt\u00f3re otrzyma\u0142em od Drukpy Rinpocze.<\/p>\n<p>[\/et_pb_blurb][\/et_pb_column][et_pb_column type=&#8221;1_2&#8243; _builder_version=&#8221;4.17.4&#8243; _module_preset=&#8221;default&#8221; global_colors_info=&#8221;{}&#8221;][et_pb_blurb image=&#8221;http:\/\/www.patrulrinpoche.net\/wp-content\/uploads\/2022\/06\/Patrul-Rinpoche-and-Kyabje.jpg&#8221; alt=&#8221;Patrul Rinpocze i Kjabdzie&#8221; _builder_version=&#8221;4.17.4&#8243; _module_preset=&#8221;default&#8221; header_font=&#8221;EB Garamond|600|||||||&#8221; header_text_align=&#8221;center&#8221; header_font_size=&#8221;22px&#8221; text_orientation=&#8221;justified&#8221; global_colors_info=&#8221;{}&#8221;]<\/p>\n<p>Kjabdzie Pema Kalzang Rinpocze udzieli\u0142 mi nauk na temat \u201eS\u0142\u00f3w Mistrza Samantabhadry\u201d, ca\u0142ej Kamy itd.<\/p>\n<p>[\/et_pb_blurb][\/et_pb_column][\/et_pb_row][et_pb_row column_structure=&#8221;1_5,3_5,1_5&#8243; _builder_version=&#8221;4.17.3&#8243; _module_preset=&#8221;default&#8221; custom_margin=&#8221;-15px||||false|false&#8221; global_colors_info=&#8221;{}&#8221;][et_pb_column type=&#8221;1_5&#8243; _builder_version=&#8221;4.17.3&#8243; _module_preset=&#8221;default&#8221; global_colors_info=&#8221;{}&#8221;][\/et_pb_column][et_pb_column type=&#8221;3_5&#8243; _builder_version=&#8221;4.17.3&#8243; _module_preset=&#8221;default&#8221; global_colors_info=&#8221;{}&#8221;][et_pb_image src=&#8221;http:\/\/www.patrulrinpoche.net\/wp-content\/uploads\/2022\/06\/7.-Kyabje-Zenkar-Rinpoche.jpg&#8221; alt=&#8221;Kjabdzie Zenkar Rinpoche&#8221; title_text=&#8221;7. Kjabdzie Zenkar Rinpoche&#8221; _builder_version=&#8221;4.17.4&#8243; _module_preset=&#8221;default&#8221; global_colors_info=&#8221;{}&#8221;][\/et_pb_image][\/et_pb_column][et_pb_column type=&#8221;1_5&#8243; _builder_version=&#8221;4.17.3&#8243; _module_preset=&#8221;default&#8221; global_colors_info=&#8221;{}&#8221;][\/et_pb_column][\/et_pb_row][et_pb_row _builder_version=&#8221;4.17.4&#8243; _module_preset=&#8221;default&#8221; global_colors_info=&#8221;{}&#8221;][et_pb_column type=&#8221;4_4&#8243; _builder_version=&#8221;4.17.4&#8243; _module_preset=&#8221;default&#8221; global_colors_info=&#8221;{}&#8221;][et_pb_text _builder_version=&#8221;4.17.4&#8243; _module_preset=&#8221;default&#8221; header_4_font=&#8221;EB Garamond|500|||||||&#8221; header_4_text_align=&#8221;center&#8221; header_4_font_size=&#8221;27px&#8221; custom_margin=&#8221;0px||||false|false&#8221; custom_margin_tablet=&#8221;0px||||false|false&#8221; custom_margin_phone=&#8221;0px||||false|false&#8221; custom_margin_last_edited=&#8221;on|phone&#8221; custom_padding=&#8221;20px||20px|0px|false|false&#8221; hover_enabled=&#8221;0&#8243; header_4_font_size_tablet=&#8221;34px&#8221; header_4_font_size_phone=&#8221;20px&#8221; header_4_font_size_last_edited=&#8221;on|desktop&#8221; border_width_top=&#8221;1px&#8221; border_color_top=&#8221;#881719&#8243; border_width_bottom=&#8221;1px&#8221; border_color_bottom=&#8221;#881719&#8243; global_colors_info=&#8221;{}&#8221; sticky_enabled=&#8221;0&#8243;]<\/p>\n<h4>Bardzo wiele przekaz\u00f3w otrzyma\u0142em od Kjabdzie Zenkara Rinpocze.<\/h4>\n<h4>Chcia\u0142bym tu zaznaczy\u0107, \u017ce Kjabdzie Zenkar Rinpocze jest bardzo drogi mojemu sercu\u201d.<\/h4>\n<p>[\/et_pb_text][\/et_pb_column][\/et_pb_row][et_pb_row column_structure=&#8221;1_3,1_3,1_3&#8243; _builder_version=&#8221;4.17.4&#8243; _module_preset=&#8221;default&#8221; global_colors_info=&#8221;{}&#8221;][et_pb_column type=&#8221;1_3&#8243; _builder_version=&#8221;4.17.4&#8243; _module_preset=&#8221;default&#8221; global_colors_info=&#8221;{}&#8221;][et_pb_image src=&#8221;http:\/\/www.patrulrinpoche.net\/wp-content\/uploads\/2022\/06\/9.-Khangsar-Tenpe-Ongshuk.jpeg&#8221; alt=&#8221;Khangsar Tenpe Ongszuk&#8221; title_text=&#8221;9. Khangsar Tenpe Ongszuk&#8221; align=&#8221;center&#8221; _builder_version=&#8221;4.17.4&#8243; _module_preset=&#8221;default&#8221; global_colors_info=&#8221;{}&#8221;][\/et_pb_image][\/et_pb_column][et_pb_column type=&#8221;1_3&#8243; _builder_version=&#8221;4.17.4&#8243; _module_preset=&#8221;default&#8221; global_colors_info=&#8221;{}&#8221;][et_pb_text _builder_version=&#8221;4.17.4&#8243; _module_preset=&#8221;default&#8221; header_4_font=&#8221;EB Garamond|600|||||||&#8221; header_4_font_size=&#8221;20px&#8221; text_orientation=&#8221;justified&#8221; global_colors_info=&#8221;{}&#8221;]<\/p>\n<p><span style=\"font-family: Shippori Mincho, serif;\">-Drugim jest <strong>Penak Wangtrul Rinpoche (Khangsar Tenpe Wangszuk, Khangsar Wangtrul)<\/strong>. Od niego otrzyma\u0142em bardziej tajemne nauki: Jesze Lama, Tsik Sum Ne Dek, Munsal Dr\u00f6nme (Lampa rozpraszaj\u0105ca ciemno\u015b\u0107) i Namke Trindral (nam mkha&#8217; sprin bral, Bezchmurne niebo). Udzieli\u0142 mi te\u017c inicjacji prawdziwej natury i wprowadzenia do natury umys\u0142u. Otrzyma\u0142em je tak\u017ce od Drukpy Rinpoche.<\/span><\/p>\n<p>[\/et_pb_text][\/et_pb_column][et_pb_column type=&#8221;1_3&#8243; _builder_version=&#8221;4.17.4&#8243; _module_preset=&#8221;default&#8221; global_colors_info=&#8221;{}&#8221;][et_pb_image src=&#8221;http:\/\/www.patrulrinpoche.net\/wp-content\/uploads\/2022\/06\/10.-Khangsar-Tenpe-Ongshuk.jpg&#8221; alt=&#8221;10. Khangsar Tenpe Ongszuk&#8221; title_text=&#8221;10. Khangsar Tenpe Ongszuk&#8221; align=&#8221;center&#8221; _builder_version=&#8221;4.17.4&#8243; _module_preset=&#8221;default&#8221; global_colors_info=&#8221;{}&#8221;][\/et_pb_image][\/et_pb_column][\/et_pb_row][et_pb_row column_structure=&#8221;1_3,2_3&#8243; _builder_version=&#8221;4.17.4&#8243; _module_preset=&#8221;default&#8221; global_colors_info=&#8221;{}&#8221;][et_pb_column type=&#8221;1_3&#8243; _builder_version=&#8221;4.17.4&#8243; _module_preset=&#8221;default&#8221; global_colors_info=&#8221;{}&#8221;][et_pb_image src=&#8221;http:\/\/www.patrulrinpoche.net\/wp-content\/uploads\/2022\/06\/11.-Ani-Dasal.jpeg&#8221; alt=&#8221;Ani Dasal&#8221; title_text=&#8221;11. Ani Dasal&#8221; align=&#8221;center&#8221; _builder_version=&#8221;4.17.4&#8243; _module_preset=&#8221;default&#8221; global_colors_info=&#8221;{}&#8221;][\/et_pb_image][\/et_pb_column][et_pb_column type=&#8221;2_3&#8243; _builder_version=&#8221;4.17.4&#8243; _module_preset=&#8221;default&#8221; global_colors_info=&#8221;{}&#8221;][et_pb_text _builder_version=&#8221;4.17.4&#8243; _module_preset=&#8221;default&#8221; header_4_font=&#8221;EB Garamond|600|||||||&#8221; header_4_font_size=&#8221;20px&#8221; text_orientation=&#8221;justified&#8221; global_colors_info=&#8221;{}&#8221;]<\/p>\n<p>&#8211; Od Khandro Dazer \u0141angmo, otrzyma\u0142em wszystkie inicjacje i przekazy Dzinpa Rangdrol,<br \/>linii Khjentse Sze\u0142e Jesze Dord\u017ce. Ich inicjacje i przekazy, otrzyma\u0142em od Ani Dasal, a przekaz zbioru tekst\u00f3w Do Khjentse otrzyma\u0142em oczywi\u015bcie od Kjabdzie Zenkara Rinpocze.<\/p>\n<p>[\/et_pb_text][et_pb_text _builder_version=&#8221;4.17.4&#8243; _module_preset=&#8221;default&#8221; header_4_font=&#8221;EB Garamond|500|||||||&#8221; header_4_text_align=&#8221;center&#8221; header_4_font_size=&#8221;27px&#8221; custom_padding=&#8221;20px||20px|0px|false|false&#8221; hover_enabled=&#8221;0&#8243; header_4_font_size_tablet=&#8221;34px&#8221; header_4_font_size_phone=&#8221;26px&#8221; header_4_font_size_last_edited=&#8221;on|desktop&#8221; border_width_top=&#8221;1px&#8221; border_color_top=&#8221;#881719&#8243; border_width_bottom=&#8221;1px&#8221; border_color_bottom=&#8221;#881719&#8243; global_colors_info=&#8221;{}&#8221; sticky_enabled=&#8221;0&#8243;]<\/p>\n<h4>\u201eJest on wielkim statkiem przewo\u017c\u0105cym nas<\/h4>\n<h4>poza morza samsarycznej egzystencji,<\/h4>\n<h4>Prawdziwy nawigator, bezb\u0142\u0119dnie<\/h4>\n<h4>wytyczaj\u0105cy wspania\u0142\u0105 \u015bcie\u017ck\u0119.\u201d<\/h4>\n<p>[\/et_pb_text][et_pb_text _builder_version=&#8221;4.17.4&#8243; _module_preset=&#8221;default&#8221; header_4_font=&#8221;Source Code Pro|600|||||||&#8221; header_4_font_size=&#8221;19px&#8221; header_4_letter_spacing=&#8221;0px&#8221; text_orientation=&#8221;justified&#8221; hover_enabled=&#8221;0&#8243; global_colors_info=&#8221;{}&#8221; header_4_text_align=&#8221;center&#8221; sticky_enabled=&#8221;0&#8243;]<\/p>\n<h4 style=\"text-align: center;\">JIGME LINGPA, SKARBNICA CENNYCH W\u0141A\u015aCIWO\u015aCI<\/h4>\n<p>[\/et_pb_text][\/et_pb_column][\/et_pb_row][et_pb_row column_structure=&#8221;1_2,1_4,1_4&#8243; _builder_version=&#8221;4.17.3&#8243; _module_preset=&#8221;default&#8221; custom_margin=&#8221;-15px||||false|false&#8221; global_colors_info=&#8221;{}&#8221;][et_pb_column type=&#8221;1_2&#8243; _builder_version=&#8221;4.17.3&#8243; _module_preset=&#8221;default&#8221; global_colors_info=&#8221;{}&#8221;][et_pb_text _builder_version=&#8221;4.17.4&#8243; _module_preset=&#8221;default&#8221; header_4_font=&#8221;EB Garamond|600|||||||&#8221; header_4_font_size=&#8221;20px&#8221; text_orientation=&#8221;justified&#8221; global_colors_info=&#8221;{}&#8221;]<\/p>\n<p>\u2013 Kiedy wst\u0105pi\u0142em na uniwersytet, otrzyma\u0142em wiele \u015blubwa\u0144 od Khenpo Da\u0142e \u00d6zera i mojego pierwszego nauczyciela, Khenpo Pema Tse\u0142anga Rinpocze. A tak\u017ce od bardzo znanego Khenpo Gedzi. (Gedzing Dzogczen Gompa)<br \/>Nast\u0119pnie otrzyma\u0142em \u015blubowania Bodhisattwy w tradycji Asangi i Nagard\u017cuny, oba od Khenpo Kunona \u00d6zera<\/p>\n<p>[\/et_pb_text][\/et_pb_column][et_pb_column type=&#8221;1_4&#8243; _builder_version=&#8221;4.17.3&#8243; _module_preset=&#8221;default&#8221; global_colors_info=&#8221;{}&#8221;][et_pb_image src=&#8221;http:\/\/www.patrulrinpoche.net\/wp-content\/uploads\/2022\/06\/Dazer-2.jpg&#8221; alt=&#8221;Dazer 2&#8243; title_text=&#8221;Dazer 2&#8243; align=&#8221;center&#8221; _builder_version=&#8221;4.17.4&#8243; _module_preset=&#8221;default&#8221; global_colors_info=&#8221;{}&#8221;][\/et_pb_image][\/et_pb_column][et_pb_column type=&#8221;1_4&#8243; _builder_version=&#8221;4.17.3&#8243; _module_preset=&#8221;default&#8221; global_colors_info=&#8221;{}&#8221;][et_pb_image src=&#8221;http:\/\/www.patrulrinpoche.net\/wp-content\/uploads\/2022\/06\/13.-Khenpo-Petse-Rinpoche.jpg&#8221; alt=&#8221;13. Khenpo Petse Rinpocze&#8221; title_text=&#8221;13. Khenpo Petse Rinpocze&#8221; align=&#8221;center&#8221; _builder_version=&#8221;4.17.4&#8243; _module_preset=&#8221;default&#8221; global_colors_info=&#8221;{}&#8221;][\/et_pb_image][\/et_pb_column][\/et_pb_row][et_pb_row column_structure=&#8221;1_2,1_2&#8243; _builder_version=&#8221;4.17.3&#8243; _module_preset=&#8221;default&#8221; custom_margin=&#8221;-15px||||false|false&#8221; global_colors_info=&#8221;{}&#8221;][et_pb_column type=&#8221;1_2&#8243; _builder_version=&#8221;4.17.3&#8243; _module_preset=&#8221;default&#8221; global_colors_info=&#8221;{}&#8221;][et_pb_text _builder_version=&#8221;4.17.4&#8243; _module_preset=&#8221;default&#8221; header_4_font=&#8221;EB Garamond|600|||||||&#8221; header_4_font_size=&#8221;20px&#8221; text_orientation=&#8221;justified&#8221; global_colors_info=&#8221;{}&#8221;]<\/p>\n<p>\u2013 Jest jeszcze na przyk\u0142ad J.H. Taklung Tsetrul Rinpocze i wielu innych wielkich lam\u00f3w, od kt\u00f3rych mia\u0142em szcz\u0119\u015bcie otrzyma\u0107 nieco nauk.<\/p>\n<p>Tak\u017ce wielu innych lam\u00f3w okaza\u0142o mi swoj\u0105 dobro\u0107. Spotka\u0142em i otrzyma\u0142em nauki od tak wielu wspania\u0142ych nauczycieli. Jestem im wszystkim niezmiernie wdzi\u0119czny.<\/p>\n<p>[\/et_pb_text][\/et_pb_column][et_pb_column type=&#8221;1_2&#8243; _builder_version=&#8221;4.17.3&#8243; _module_preset=&#8221;default&#8221; global_colors_info=&#8221;{}&#8221;][et_pb_image src=&#8221;http:\/\/www.patrulrinpoche.net\/wp-content\/uploads\/2022\/06\/14.-Taklung-Tsetrul-Rinpoche-Tulku-Drakpa-Dzogchen-Ranyak-Patrul-Rinpoche.jpg&#8221; alt=&#8221;Taklung Tsetrul Rinpocze Tulku Dakpa Dzogczien Raniak Patrul Rinpocze&#8221; title_text=&#8221;14. Taklung Tsetrul Rinpocze Tulku Dakpa Dzogczien Raniak Patrul Rinpocze&#8221; align=&#8221;center&#8221; _builder_version=&#8221;4.17.4&#8243; _module_preset=&#8221;default&#8221; global_colors_info=&#8221;{}&#8221;][\/et_pb_image][\/et_pb_column][\/et_pb_row][\/et_pb_section]<\/p>\n","protected":false},"excerpt":{"rendered":"<p>Rdzenni nauczyciele&#8221;Nie spos\u00f3b przywie\u017a\u0107 klejnoty z wyspy skarb\u00f3w bez wsparcia do\u015bwiadczonego przewodnika&#8221;Patrul Rinpocze S\u0142owa Mistrza SamantabhadryOto kr\u00f3tki wywiad z Raniakiem Patrulem Rinpocze na temat jego g\u0142\u00f3wnych rdzennych nauczycieli-Od Drukpy Rinpocze, mojego g\u0142\u00f3wnego nauczyciela, otrzyma\u0142em wszystkie podstawowe inicjacje, na przyk\u0142ad Rinczen Terdz\u00f6 i Longczien Ningthik Tsa P\u00f6, nazywany zwykle Dum Nyi (tyb. dwa du\u017ce tomy pecia) [&hellip;]<\/p>\n","protected":false},"author":3,"featured_media":0,"parent":0,"menu_order":0,"comment_status":"closed","ping_status":"closed","template":"","meta":{"_et_pb_use_builder":"on","_et_pb_old_content":"","_et_gb_content_width":"","footnotes":""},"class_list":["post-13717","page","type-page","status-publish","hentry"],"_links":{"self":[{"href":"https:\/\/www.patrulrinpoche.net\/pl\/wp-json\/wp\/v2\/pages\/13717","targetHints":{"allow":["GET"]}}],"collection":[{"href":"https:\/\/www.patrulrinpoche.net\/pl\/wp-json\/wp\/v2\/pages"}],"about":[{"href":"https:\/\/www.patrulrinpoche.net\/pl\/wp-json\/wp\/v2\/types\/page"}],"author":[{"embeddable":true,"href":"https:\/\/www.patrulrinpoche.net\/pl\/wp-json\/wp\/v2\/users\/3"}],"replies":[{"embeddable":true,"href":"https:\/\/www.patrulrinpoche.net\/pl\/wp-json\/wp\/v2\/comments?post=13717"}],"version-history":[{"count":0,"href":"https:\/\/www.patrulrinpoche.net\/pl\/wp-json\/wp\/v2\/pages\/13717\/revisions"}],"wp:attachment":[{"href":"https:\/\/www.patrulrinpoche.net\/pl\/wp-json\/wp\/v2\/media?parent=13717"}],"curies":[{"name":"wp","href":"https:\/\/api.w.org\/{rel}","templated":true}]}}