{"id":13840,"date":"2024-02-01T18:41:35","date_gmt":"2024-02-01T17:41:35","guid":{"rendered":"https:\/\/www.patrulrinpoche.net\/studiowanie-praktyki\/programy-studiowania\/pozostale-kursy\/"},"modified":"2024-02-01T20:07:54","modified_gmt":"2024-02-01T19:07:54","slug":"pozostale-kursy","status":"publish","type":"page","link":"https:\/\/www.patrulrinpoche.net\/pl\/studiowanie-praktyki\/programy-studiowania\/pozostale-kursy\/","title":{"rendered":"Pozosta\u0142e Kursy"},"content":{"rendered":"<p>[et_pb_section fb_built=&#8221;1&#8243; _builder_version=&#8221;4.16&#8243; da_disable_devices=&#8221;off|off|off&#8221; global_colors_info=&#8221;{}&#8221; da_is_popup=&#8221;off&#8221; da_exit_intent=&#8221;off&#8221; da_has_close=&#8221;on&#8221; da_alt_close=&#8221;off&#8221; da_dark_close=&#8221;off&#8221; da_not_modal=&#8221;on&#8221; da_is_singular=&#8221;off&#8221; da_with_loader=&#8221;off&#8221; da_has_shadow=&#8221;on&#8221;][et_pb_row column_structure=&#8221;1_4,1_4,1_4,1_4&#8243; _builder_version=&#8221;4.17.4&#8243; background_size=&#8221;initial&#8221; background_position=&#8221;top_left&#8221; background_repeat=&#8221;repeat&#8221; custom_margin_tablet=&#8221;&#8221; custom_margin_phone=&#8221;-50px||||false|false&#8221; custom_margin_last_edited=&#8221;on|phone&#8221; global_colors_info=&#8221;{}&#8221;][et_pb_column type=&#8221;1_4&#8243; _builder_version=&#8221;4.16&#8243; custom_padding=&#8221;|||&#8221; global_colors_info=&#8221;{}&#8221; custom_padding__hover=&#8221;|||&#8221;][et_pb_text _builder_version=&#8221;4.17.4&#8243; background_image=&#8221;http:\/\/www.patrulrinpoche.net\/wp-content\/uploads\/2022\/06\/Buddhist-Studies_student-drawing.jpg&#8221; background_position=&#8221;top_left&#8221; background_repeat=&#8221;repeat&#8221; custom_margin=&#8221;|-30px||-30px|false|false&#8221; custom_margin_tablet=&#8221;|-30px||-30px|false|false&#8221; custom_margin_phone=&#8221;|0px|-15px|0px|false|false&#8221; custom_margin_last_edited=&#8221;on|phone&#8221; custom_padding=&#8221;90px|10px|90px|10px|false|false&#8221; custom_padding_tablet=&#8221;90px|10px|90px|10px|false|false&#8221; custom_padding_phone=&#8221;90px|10px|90px|10px|false|false&#8221; custom_padding_last_edited=&#8221;on|phone&#8221; global_colors_info=&#8221;{}&#8221;][\/et_pb_text][\/et_pb_column][et_pb_column type=&#8221;1_4&#8243; _builder_version=&#8221;4.16&#8243; custom_padding=&#8221;|||&#8221; global_colors_info=&#8221;{}&#8221; custom_padding__hover=&#8221;|||&#8221;][et_pb_text _builder_version=&#8221;4.17.4&#8243; background_image=&#8221;http:\/\/www.patrulrinpoche.net\/wp-content\/uploads\/2022\/06\/Other-buddhist-courses.jpg&#8221; background_position=&#8221;top_left&#8221; background_repeat=&#8221;repeat&#8221; custom_margin=&#8221;|-30px||-30px|false|false&#8221; custom_margin_tablet=&#8221;|-30px||-30px|false|false&#8221; custom_margin_phone=&#8221;-15px|0px|-15px|0px|false|false&#8221; custom_margin_last_edited=&#8221;on|phone&#8221; custom_padding=&#8221;90px|10px|90px|10px|false|false&#8221; global_colors_info=&#8221;{}&#8221;][\/et_pb_text][\/et_pb_column][et_pb_column type=&#8221;1_4&#8243; _builder_version=&#8221;4.16&#8243; custom_padding=&#8221;|||&#8221; global_colors_info=&#8221;{}&#8221; custom_padding__hover=&#8221;|||&#8221;][et_pb_text _builder_version=&#8221;4.17.4&#8243; background_image=&#8221;http:\/\/www.patrulrinpoche.net\/wp-content\/uploads\/2022\/06\/Other-buddhist-courses_Patrul-Rinpoche.jpg&#8221; background_position=&#8221;top_left&#8221; background_repeat=&#8221;repeat&#8221; custom_margin=&#8221;|-30px||-30px|false|false&#8221; custom_margin_tablet=&#8221;|-30px||-30px|false|false&#8221; custom_margin_phone=&#8221;-15px|0px|-15px|0px|false|false&#8221; custom_margin_last_edited=&#8221;on|phone&#8221; custom_padding=&#8221;90px|10px|90px|10px|false|false&#8221; global_colors_info=&#8221;{}&#8221;][\/et_pb_text][\/et_pb_column][et_pb_column type=&#8221;1_4&#8243; _builder_version=&#8221;4.16&#8243; custom_padding=&#8221;|||&#8221; global_colors_info=&#8221;{}&#8221; custom_padding__hover=&#8221;|||&#8221;][et_pb_text _builder_version=&#8221;4.17.4&#8243; background_image=&#8221;http:\/\/www.patrulrinpoche.net\/wp-content\/uploads\/2022\/06\/2008-July-Belgium-AltruisticActivityRetreat-luk-15.jpg&#8221; background_position=&#8221;top_left&#8221; background_repeat=&#8221;repeat&#8221; custom_margin=&#8221;|-30px||-30px|false|false&#8221; custom_margin_tablet=&#8221;|-30px||-30px|false|false&#8221; custom_margin_phone=&#8221;-15px|0px|-15px|0px|false|false&#8221; custom_margin_last_edited=&#8221;on|phone&#8221; custom_padding=&#8221;90px|10px|90px|10px|false|false&#8221; global_colors_info=&#8221;{}&#8221;][\/et_pb_text][\/et_pb_column][\/et_pb_row][et_pb_row _builder_version=&#8221;4.17.4&#8243; _module_preset=&#8221;default&#8221; global_colors_info=&#8221;{}&#8221;][et_pb_column type=&#8221;4_4&#8243; _builder_version=&#8221;4.17.4&#8243; _module_preset=&#8221;default&#8221; global_colors_info=&#8221;{}&#8221;][et_pb_text _builder_version=&#8221;4.17.4&#8243; _module_preset=&#8221;default&#8221; text_orientation=&#8221;justified&#8221; global_colors_info=&#8221;{}&#8221;]<\/p>\n<p>W zale\u017cno\u015bci od sytuacji organizowane s\u0105 kolejne kursy. Do tej pory mia\u0142y miejsce:<\/p>\n<p>[\/et_pb_text][\/et_pb_column][\/et_pb_row][et_pb_row column_structure=&#8221;1_3,1_3,1_3&#8243; _builder_version=&#8221;4.17.4&#8243; _module_preset=&#8221;default&#8221; global_colors_info=&#8221;{}&#8221;][et_pb_column type=&#8221;1_3&#8243; _builder_version=&#8221;4.17.4&#8243; _module_preset=&#8221;default&#8221; global_colors_info=&#8221;{}&#8221;][et_pb_button button_url=&#8221;#volunteer&#8221; button_text=&#8221;KURS WOLONTARIUSZY&#8221; button_alignment=&#8221;center&#8221; _builder_version=&#8221;4.17.4&#8243; _module_preset=&#8221;default&#8221; global_colors_info=&#8221;{}&#8221;][\/et_pb_button][\/et_pb_column][et_pb_column type=&#8221;1_3&#8243; _builder_version=&#8221;4.17.4&#8243; _module_preset=&#8221;default&#8221; global_colors_info=&#8221;{}&#8221;][et_pb_button button_url=&#8221;#tibetan&#8221; button_text=&#8221;KURS J.TYBETA\u0143SKIEGO&#8221; button_alignment=&#8221;center&#8221; _builder_version=&#8221;4.17.4&#8243; _module_preset=&#8221;default&#8221; global_colors_info=&#8221;{}&#8221;][\/et_pb_button][\/et_pb_column][et_pb_column type=&#8221;1_3&#8243; _builder_version=&#8221;4.17.4&#8243; _module_preset=&#8221;default&#8221; global_colors_info=&#8221;{}&#8221;][et_pb_button button_url=&#8221;#others&#8221; button_text=&#8221;INNE&#8221; button_alignment=&#8221;center&#8221; _builder_version=&#8221;4.17.4&#8243; _module_preset=&#8221;default&#8221; global_colors_info=&#8221;{}&#8221;][\/et_pb_button][\/et_pb_column][\/et_pb_row][\/et_pb_section][et_pb_section fb_built=&#8221;1&#8243; fullwidth=&#8221;on&#8221; _builder_version=&#8221;4.17.4&#8243; _module_preset=&#8221;default&#8221; da_disable_devices=&#8221;off|off|off&#8221; global_colors_info=&#8221;{}&#8221; da_is_popup=&#8221;off&#8221; da_exit_intent=&#8221;off&#8221; da_has_close=&#8221;on&#8221; da_alt_close=&#8221;off&#8221; da_dark_close=&#8221;off&#8221; da_not_modal=&#8221;on&#8221; da_is_singular=&#8221;off&#8221; da_with_loader=&#8221;off&#8221; da_has_shadow=&#8221;on&#8221;][et_pb_fullwidth_slider _builder_version=&#8221;4.17.4&#8243; _module_preset=&#8221;default&#8221; global_colors_info=&#8221;{}&#8221;][et_pb_slide _builder_version=&#8221;4.17.4&#8243; _module_preset=&#8221;default&#8221; background_enable_color=&#8221;off&#8221; background_image=&#8221;http:\/\/www.patrulrinpoche.net\/wp-content\/uploads\/2022\/05\/Buddhist-temple_Patrul-Rinpoche.jpg&#8221; background_enable_image=&#8221;on&#8221; parallax=&#8221;on&#8221; custom_padding_tablet=&#8221;&#8221; custom_padding_phone=&#8221;150px||150px||false|false&#8221; custom_padding_last_edited=&#8221;on|desktop&#8221; global_colors_info=&#8221;{}&#8221; sticky_transition=&#8221;on&#8221;][\/et_pb_slide][\/et_pb_fullwidth_slider][\/et_pb_section][et_pb_section fb_built=&#8221;1&#8243; _builder_version=&#8221;4.17.4&#8243; _module_preset=&#8221;default&#8221; da_disable_devices=&#8221;off|off|off&#8221; global_colors_info=&#8221;{}&#8221; da_is_popup=&#8221;off&#8221; da_exit_intent=&#8221;off&#8221; da_has_close=&#8221;on&#8221; da_alt_close=&#8221;off&#8221; da_dark_close=&#8221;off&#8221; da_not_modal=&#8221;on&#8221; da_is_singular=&#8221;off&#8221; da_with_loader=&#8221;off&#8221; da_has_shadow=&#8221;on&#8221;][et_pb_row _builder_version=&#8221;4.17.4&#8243; _module_preset=&#8221;default&#8221; global_colors_info=&#8221;{}&#8221;][et_pb_column type=&#8221;4_4&#8243; _builder_version=&#8221;4.17.4&#8243; _module_preset=&#8221;default&#8221; global_colors_info=&#8221;{}&#8221;][et_pb_text _builder_version=&#8221;4.17.4&#8243; _module_preset=&#8221;default&#8221; header_3_font_size=&#8221;40px&#8221; header_3_font_size_tablet=&#8221;40px&#8221; header_3_font_size_phone=&#8221;30px&#8221; header_3_font_size_last_edited=&#8221;on|phone&#8221; global_colors_info=&#8221;{}&#8221;]<\/p>\n<p id=\"volunteer\">\n<h3><strong>Kurs Wolontariuszy<\/strong><\/h3>\n<p>[\/et_pb_text][et_pb_text _builder_version=&#8221;4.17.4&#8243; _module_preset=&#8221;default&#8221; text_orientation=&#8221;justified&#8221; global_colors_info=&#8221;{}&#8221;]<\/p>\n<p>to kurs pracy i studi\u00f3w. Jego ide\u0105 jest wniesienie swojego wk\u0142adu w prace na rzecz o\u015brodka. Dzie\u0144 rozpoczyna si\u0119 od porannego Nyndro, po kt\u00f3rym nast\u0119puj\u0105 praca i studia. Rinpocze jest zwykle obecny podczas kurs\u00f3w, dzi\u0119ki czemu uczestnicy mog\u0105 go lepiej pozna\u0107, a tak\u017ce dobrze si\u0119 bawi\u0107. Ta nieformalna sytuacja sprzyja wi\u0119kszej otwarto\u015b\u0107 pomi\u0119dzy nauczycielem a uczniami. Praca wolontariuszy jest nieoceniona dla o\u015brodka i przynosi ogromne korzy\u015bci wszystkim czuj\u0105cym istotom.<\/p>\n<p>[\/et_pb_text][\/et_pb_column][\/et_pb_row][et_pb_row column_structure=&#8221;1_2,1_2&#8243; _builder_version=&#8221;4.17.4&#8243; _module_preset=&#8221;default&#8221; global_colors_info=&#8221;{}&#8221;][et_pb_column type=&#8221;1_2&#8243; _builder_version=&#8221;4.17.4&#8243; _module_preset=&#8221;default&#8221; global_colors_info=&#8221;{}&#8221;][et_pb_image src=&#8221;http:\/\/www.patrulrinpoche.net\/wp-content\/uploads\/2022\/06\/Patrul-Rinpoche-2008-July-Belgium-AltruisticActivityRetreat.jpg&#8221; alt=&#8221;Patrul Rinpocze 2008&#8243; title_text=&#8221;Patrul Rinpocze 2008 lipiec Belgia OdosobnienieAltruistycznejAktywno\u015bci&#8221; align=&#8221;center&#8221; _builder_version=&#8221;4.17.4&#8243; _module_preset=&#8221;default&#8221; global_colors_info=&#8221;{}&#8221;][\/et_pb_image][\/et_pb_column][et_pb_column type=&#8221;1_2&#8243; _builder_version=&#8221;4.17.4&#8243; _module_preset=&#8221;default&#8221; global_colors_info=&#8221;{}&#8221;][et_pb_image src=&#8221;http:\/\/www.patrulrinpoche.net\/wp-content\/uploads\/2022\/06\/18.-2008-July-Belgium-AltruisticActivityRetreat.jpg&#8221; alt=&#8221;dharma city&#8221; title_text=&#8221;18. 2008-July-Belgium-AltruisticActivityRetreat&#8221; align=&#8221;center&#8221; _builder_version=&#8221;4.17.4&#8243; _module_preset=&#8221;default&#8221; global_colors_info=&#8221;{}&#8221;][\/et_pb_image][\/et_pb_column][\/et_pb_row][et_pb_row column_structure=&#8221;1_2,1_2&#8243; _builder_version=&#8221;4.17.4&#8243; _module_preset=&#8221;default&#8221; global_colors_info=&#8221;{}&#8221;][et_pb_column type=&#8221;1_2&#8243; _builder_version=&#8221;4.17.4&#8243; _module_preset=&#8221;default&#8221; global_colors_info=&#8221;{}&#8221;][et_pb_image src=&#8221;http:\/\/www.patrulrinpoche.net\/wp-content\/uploads\/2022\/06\/17.-2008-July-Belgium-AltruisticActivityRetreat.jpg&#8221; alt=&#8221;prace w Dharma City&#8221; title_text=&#8221;17. 2008 lipiec Belgia OdosobnienieAltruistycznejAktywno\u015bci&#8221; align=&#8221;center&#8221; _builder_version=&#8221;4.17.4&#8243; _module_preset=&#8221;default&#8221; global_colors_info=&#8221;{}&#8221;][\/et_pb_image][\/et_pb_column][et_pb_column type=&#8221;1_2&#8243; _builder_version=&#8221;4.17.4&#8243; _module_preset=&#8221;default&#8221; global_colors_info=&#8221;{}&#8221;][et_pb_image src=&#8221;http:\/\/www.patrulrinpoche.net\/wp-content\/uploads\/2022\/06\/2008-July-Belgium-Altruistic-Activity-Retreat.jpg&#8221; alt=&#8221;2008 lipiec Belgia Odosobnienie Altruistycznej Aktywno\u015bci&#8221; title_text=&#8221;2008 lipiec Belgia Odosobnienie Altruistycznej Aktywno\u015bci&#8221; align=&#8221;center&#8221; _builder_version=&#8221;4.17.4&#8243; _module_preset=&#8221;default&#8221; global_colors_info=&#8221;{}&#8221;][\/et_pb_image][\/et_pb_column][\/et_pb_row][et_pb_row column_structure=&#8221;1_2,1_2&#8243; _builder_version=&#8221;4.17.4&#8243; _module_preset=&#8221;default&#8221; global_colors_info=&#8221;{}&#8221;][et_pb_column type=&#8221;1_2&#8243; _builder_version=&#8221;4.17.4&#8243; _module_preset=&#8221;default&#8221; global_colors_info=&#8221;{}&#8221;][et_pb_text _builder_version=&#8221;4.17.4&#8243; _module_preset=&#8221;default&#8221; header_3_font_size=&#8221;37px&#8221; header_3_font_size_tablet=&#8221;40px&#8221; header_3_font_size_phone=&#8221;30px&#8221; header_3_font_size_last_edited=&#8221;on|phone&#8221; global_colors_info=&#8221;{}&#8221;]<\/p>\n<h3>Czy chcia\u0142by\u015b si\u0119 przy\u0142\u0105czy\u0107?<\/h3>\n<p>[\/et_pb_text][et_pb_button button_url=&#8221;https:\/\/www.patrulrinpoche.net\/pl\/studiowanie-praktyki\/kalendarz\/&#8221; button_text=&#8221;SPRAWD\u0179 KALENDARZ&#8221; _builder_version=&#8221;4.17.4&#8243; _module_preset=&#8221;default&#8221; global_colors_info=&#8221;{}&#8221;][\/et_pb_button][\/et_pb_column][et_pb_column type=&#8221;1_2&#8243; _builder_version=&#8221;4.17.4&#8243; _module_preset=&#8221;default&#8221; global_colors_info=&#8221;{}&#8221;][\/et_pb_column][\/et_pb_row][et_pb_row _builder_version=&#8221;4.17.4&#8243; _module_preset=&#8221;default&#8221; global_colors_info=&#8221;{}&#8221;][et_pb_column type=&#8221;4_4&#8243; _builder_version=&#8221;4.17.4&#8243; _module_preset=&#8221;default&#8221; global_colors_info=&#8221;{}&#8221;][et_pb_text _builder_version=&#8221;4.17.4&#8243; _module_preset=&#8221;default&#8221; header_3_font_size=&#8221;40px&#8221; header_3_font_size_tablet=&#8221;40px&#8221; header_3_font_size_phone=&#8221;30px&#8221; header_3_font_size_last_edited=&#8221;on|phone&#8221; global_colors_info=&#8221;{}&#8221;]<\/p>\n<p id=\"tibetan\">\n<h3>Lekcje J\u0119zyka Tybeta\u0144skiego<\/h3>\n<p>[\/et_pb_text][\/et_pb_column][\/et_pb_row][et_pb_row column_structure=&#8221;1_2,1_2&#8243; _builder_version=&#8221;4.17.4&#8243; _module_preset=&#8221;default&#8221; global_colors_info=&#8221;{}&#8221;][et_pb_column type=&#8221;1_2&#8243; _builder_version=&#8221;4.17.4&#8243; _module_preset=&#8221;default&#8221; global_colors_info=&#8221;{}&#8221;][et_pb_image src=&#8221;http:\/\/www.patrulrinpoche.net\/wp-content\/uploads\/2022\/06\/Buddha-Manjushri.jpg&#8221; alt=&#8221;Budda-Mandziu\u015bri&#8221; title_text=&#8221;Budda-Mandziu\u015bri&#8221; _builder_version=&#8221;4.17.4&#8243; _module_preset=&#8221;default&#8221; global_colors_info=&#8221;{}&#8221;][\/et_pb_image][\/et_pb_column][et_pb_column type=&#8221;1_2&#8243; _builder_version=&#8221;4.17.4&#8243; _module_preset=&#8221;default&#8221; global_colors_info=&#8221;{}&#8221;][et_pb_text _builder_version=&#8221;4.17.4&#8243; _module_preset=&#8221;default&#8221; header_3_font_size=&#8221;32px&#8221; header_3_font_size_tablet=&#8221;40px&#8221; header_3_font_size_phone=&#8221;30px&#8221; header_3_font_size_last_edited=&#8221;on|phone&#8221; global_colors_info=&#8221;{}&#8221;]<\/p>\n<h3>Po co studiowa\u0107 j\u0119zyk tybeta\u0144ski?<\/h3>\n<p>[\/et_pb_text][et_pb_text _builder_version=&#8221;4.17.4&#8243; _module_preset=&#8221;default&#8221; text_orientation=&#8221;justified&#8221; global_colors_info=&#8221;{}&#8221;]<\/p>\n<p>Wiele tekst\u00f3w buddyjskich zapisanych w sanskrycie zagin\u0119\u0142o lub zosta\u0142o zniszczonych. Na szcz\u0119\u015bcie znaczna cz\u0119\u015b\u0107 tych staro\u017cytnych manuskrypt\u00f3w zachowa\u0142a si\u0119 w przek\u0142adzie na j\u0119zyk tybeta\u0144ski, jako \u017ce to w Tybecie mia\u0142 miejsce niesamowity rozkwit literatury buddyjskiej i \u015bwieckiej. Nauka klasycznego j\u0119zyka tybeta\u0144skiego jest wi\u0119c kluczem do zbioru niezwyk\u0142ych i pe\u0142nych m\u0105dro\u015bci tekst\u00f3w w ich wersji oryginalnej. Z kolei znajomo\u015b\u0107 &#8220;codziennego&#8221; j\u0119zyka tybeta\u0144skiego otwiera drzwi do wyj\u0105tkowej tradycji kultywowanej przez tybeta\u0144czyk\u00f3w.<\/p>\n<p>Instytut Zangdok Palri pragnie pom\u00f3c uczniom w zdobyciu umiej\u0119tno\u015bci czytania po tybeta\u0144sku i posi\u0105\u015b\u0107 podstawowe zrozumienie tego j\u0119zyka. Pomaga w tym dw\u00f3ch wysoko wykwalifikowanych nauczycieli j\u0119zyka tybeta\u0144skiego i kilku t\u0142umaczy. Od czasu do czasu organizowane s\u0105 tak\u017ce seminaria po\u015bwi\u0119cone j\u0119zykowi tybeta\u0144skiemu.<\/p>\n<p>[\/et_pb_text][\/et_pb_column][\/et_pb_row][et_pb_row column_structure=&#8221;1_5,3_5,1_5&#8243; _builder_version=&#8221;4.17.4&#8243; _module_preset=&#8221;default&#8221; global_colors_info=&#8221;{}&#8221;][et_pb_column type=&#8221;1_5&#8243; _builder_version=&#8221;4.17.4&#8243; _module_preset=&#8221;default&#8221; global_colors_info=&#8221;{}&#8221;][\/et_pb_column][et_pb_column type=&#8221;3_5&#8243; _builder_version=&#8221;4.17.4&#8243; _module_preset=&#8221;default&#8221; global_colors_info=&#8221;{}&#8221;][et_pb_blurb title=&#8221;Je\u015bli chcesz dowiedzie\u0107 si\u0119 wi\u0119cej, skontaktuj si\u0119 z nami.&#8221; url=&#8221;https:\/\/www.patrulrinpoche.net\/pl\/kontakt-i-wsparcie\/kontakt\/&#8221; use_icon=&#8221;on&#8221; font_icon=&#8221;&#xf274;||fa||400&#8243; icon_color=&#8221;#f6a240&#8243; image_icon_width=&#8221;88px&#8221; _builder_version=&#8221;4.17.4&#8243; _module_preset=&#8221;default&#8221; header_font=&#8221;EB Garamond|600|||||||&#8221; header_text_align=&#8221;center&#8221; header_font_size=&#8221;24px&#8221; header_line_height=&#8221;1.3em&#8221; text_orientation=&#8221;justified&#8221; link_option_url=&#8221;https:\/\/www.patrulrinpoche.net\/pl\/kontakt-i-wsparcie\/kontakt\/&#8221; hover_enabled=&#8221;0&#8243; header_text_align_tablet=&#8221;center&#8221; header_text_align_phone=&#8221;left&#8221; header_text_align_last_edited=&#8221;on|phone&#8221; global_colors_info=&#8221;{}&#8221; sticky_enabled=&#8221;0&#8243;]<\/p>\n<p style=\"text-align: center;\"><span style=\"color: #ff9900;\"><a href=\"mailto:info@zpi.patrulrinpoche.net\" style=\"color: #ff9900;\"><strong>info@zpi.patrulrinpoche.net<\/strong><\/a><\/span><\/p>\n<p>[\/et_pb_blurb][\/et_pb_column][et_pb_column type=&#8221;1_5&#8243; _builder_version=&#8221;4.17.4&#8243; _module_preset=&#8221;default&#8221; global_colors_info=&#8221;{}&#8221;][\/et_pb_column][\/et_pb_row][et_pb_row _builder_version=&#8221;4.17.4&#8243; _module_preset=&#8221;default&#8221; global_colors_info=&#8221;{}&#8221;][et_pb_column type=&#8221;4_4&#8243; _builder_version=&#8221;4.17.4&#8243; _module_preset=&#8221;default&#8221; global_colors_info=&#8221;{}&#8221;][et_pb_text _builder_version=&#8221;4.17.4&#8243; _module_preset=&#8221;default&#8221; header_3_font_size=&#8221;32px&#8221; header_3_font_size_tablet=&#8221;40px&#8221; header_3_font_size_phone=&#8221;30px&#8221; header_3_font_size_last_edited=&#8221;on|phone&#8221; global_colors_info=&#8221;{}&#8221;]<\/p>\n<h3>Nasi nauczyciele<\/h3>\n<p>[\/et_pb_text][\/et_pb_column][\/et_pb_row][et_pb_row column_structure=&#8221;1_2,1_2&#8243; _builder_version=&#8221;4.17.4&#8243; _module_preset=&#8221;default&#8221; global_colors_info=&#8221;{}&#8221;][et_pb_column type=&#8221;1_2&#8243; _builder_version=&#8221;4.17.4&#8243; _module_preset=&#8221;default&#8221; global_colors_info=&#8221;{}&#8221;][et_pb_blurb title=&#8221;Lop\u00f6n Dziampa Norgjal&#8221; use_icon=&#8221;on&#8221; font_icon=&#8221;&#xe08a;||divi||400&#8243; icon_color=&#8221;#f6a240&#8243; icon_placement=&#8221;left&#8221; _builder_version=&#8221;4.17.4&#8243; _module_preset=&#8221;default&#8221; header_font=&#8221;EB Garamond|600|||||||&#8221; header_text_align=&#8221;center&#8221; header_font_size=&#8221;24px&#8221; text_orientation=&#8221;justified&#8221; header_text_align_tablet=&#8221;center&#8221; header_text_align_phone=&#8221;left&#8221; header_text_align_last_edited=&#8221;on|phone&#8221; global_colors_info=&#8221;{}&#8221;]<\/p>\n<p>urodzi\u0142 si\u0119 w Tybecie. Kierowa\u0142 i bra\u0142 udzia\u0142 w kilku projektach zwi\u0105zanych z ochron\u0105 i nauczaniem j\u0119zyka tybeta\u0144skiego dla organizacji Esukhia w Indiach i Instytutu Zangdok Palri. Jego wiedza zar\u00f3wno na temat buddyzmu tybeta\u0144skiego, jak i j\u0119zyka jest znakomita, Dziampa Norgjal jest te\u017c autorem komentarzy do tekst\u00f3w Dharmy i poezji. Studenci doceniaj\u0105 delikatne i cierpliwe podej\u015bcie Dziampy.<\/p>\n<p>[\/et_pb_blurb][\/et_pb_column][et_pb_column type=&#8221;1_2&#8243; _builder_version=&#8221;4.17.4&#8243; _module_preset=&#8221;default&#8221; global_colors_info=&#8221;{}&#8221;][et_pb_blurb title=&#8221;Lop\u00f6n Tsering G\u00f6npo&#8221; use_icon=&#8221;on&#8221; font_icon=&#8221;&#xe08a;||divi||400&#8243; icon_color=&#8221;#f6a240&#8243; icon_placement=&#8221;left&#8221; _builder_version=&#8221;4.17.4&#8243; _module_preset=&#8221;default&#8221; header_font=&#8221;EB Garamond|600|||||||&#8221; header_text_align=&#8221;center&#8221; header_font_size=&#8221;24px&#8221; text_orientation=&#8221;justified&#8221; header_text_align_tablet=&#8221;center&#8221; header_text_align_phone=&#8221;left&#8221; header_text_align_last_edited=&#8221;on|phone&#8221; global_colors_info=&#8221;{}&#8221;]<\/p>\n<p>urodzi\u0142 si\u0119 w Tybecie w rodzinie nomad\u00f3w. Czyta\u0107 i pisa\u0107 nauczy\u0142 go ojciec. W wieku szesnastu lat wst\u0105pi\u0142 na Uniwersytet Dzogczien Shri Singha w Kham we wschodnim Tybecie i w ci\u0105gu pi\u0119tnastu lat uko\u0144czy\u0142 kolegium klasztorne (shedra), uzyskuj\u0105c tytu\u0142 \u201eKhenpo\u201d \u2013 odpowiednik zachodniego doktoratu. Khenpo Thupten z \u017cyczliwo\u015bci\u0105 i precyzj\u0105 naucza Dharmy i j\u0119zyka tybeta\u0144skiego mieszka\u0144c\u00f3w Zachodu.<\/p>\n<p>[\/et_pb_blurb][\/et_pb_column][\/et_pb_row][et_pb_row column_structure=&#8221;1_5,1_5,3_5&#8243; _builder_version=&#8221;4.17.4&#8243; _module_preset=&#8221;default&#8221; global_colors_info=&#8221;{}&#8221;][et_pb_column type=&#8221;1_5&#8243; _builder_version=&#8221;4.17.4&#8243; _module_preset=&#8221;default&#8221; global_colors_info=&#8221;{}&#8221;][\/et_pb_column][et_pb_column type=&#8221;1_5&#8243; _builder_version=&#8221;4.17.4&#8243; _module_preset=&#8221;default&#8221; global_colors_info=&#8221;{}&#8221;][et_pb_text _builder_version=&#8221;4.17.4&#8243; _module_preset=&#8221;default&#8221; header_3_font_size=&#8221;37px&#8221; header_3_font_size_tablet=&#8221;40px&#8221; header_3_font_size_phone=&#8221;30px&#8221; header_3_font_size_last_edited=&#8221;on|phone&#8221; global_colors_info=&#8221;{}&#8221;]<\/p>\n<p id=\"others\">\n<h3>Inne:<\/h3>\n<p>[\/et_pb_text][\/et_pb_column][et_pb_column type=&#8221;3_5&#8243; _builder_version=&#8221;4.17.4&#8243; _module_preset=&#8221;default&#8221; global_colors_info=&#8221;{}&#8221;][et_pb_text _builder_version=&#8221;4.17.4&#8243; _module_preset=&#8221;default&#8221; header_3_font_size=&#8221;32px&#8221; header_3_font_size_tablet=&#8221;40px&#8221; header_3_font_size_phone=&#8221;30px&#8221; header_3_font_size_last_edited=&#8221;on|phone&#8221; global_colors_info=&#8221;{}&#8221;]<\/p>\n<p>Zaj\u0119cia z nauki ta\u0144ca tybeta\u0144skiego, \u0107wicze\u0144 tybeta\u0144skich itp.<\/p>\n<p>[\/et_pb_text][\/et_pb_column][\/et_pb_row][et_pb_row _builder_version=&#8221;4.17.4&#8243; _module_preset=&#8221;default&#8221; global_colors_info=&#8221;{}&#8221;][et_pb_column type=&#8221;4_4&#8243; _builder_version=&#8221;4.17.4&#8243; _module_preset=&#8221;default&#8221; global_colors_info=&#8221;{}&#8221;][et_pb_button button_url=&#8221;https:\/\/www.patrulrinpoche.net\/study-practice\/practice\/&#8221; button_text=&#8221;PRAKTYKI&#8221; button_alignment=&#8221;center&#8221; _builder_version=&#8221;4.17.4&#8243; _module_preset=&#8221;default&#8221; global_colors_info=&#8221;{}&#8221;][\/et_pb_button][\/et_pb_column][\/et_pb_row][\/et_pb_section]<\/p>\n","protected":false},"excerpt":{"rendered":"<p>W zale\u017cno\u015bci od sytuacji organizowane s\u0105 kolejne kursy. Do tej pory mia\u0142y miejsce:Kurs Wolontariuszyto kurs pracy i studi\u00f3w. Jego ide\u0105 jest wniesienie swojego wk\u0142adu w prace na rzecz o\u015brodka. Dzie\u0144 rozpoczyna si\u0119 od porannego Nyndro, po kt\u00f3rym nast\u0119puj\u0105 praca i studia. Rinpocze jest zwykle obecny podczas kurs\u00f3w, dzi\u0119ki czemu uczestnicy mog\u0105 go lepiej pozna\u0107, a [&hellip;]<\/p>\n","protected":false},"author":1,"featured_media":0,"parent":13422,"menu_order":6,"comment_status":"closed","ping_status":"closed","template":"","meta":{"_et_pb_use_builder":"on","_et_pb_old_content":"","_et_gb_content_width":"","footnotes":""},"class_list":["post-13840","page","type-page","status-publish","hentry"],"_links":{"self":[{"href":"https:\/\/www.patrulrinpoche.net\/pl\/wp-json\/wp\/v2\/pages\/13840","targetHints":{"allow":["GET"]}}],"collection":[{"href":"https:\/\/www.patrulrinpoche.net\/pl\/wp-json\/wp\/v2\/pages"}],"about":[{"href":"https:\/\/www.patrulrinpoche.net\/pl\/wp-json\/wp\/v2\/types\/page"}],"author":[{"embeddable":true,"href":"https:\/\/www.patrulrinpoche.net\/pl\/wp-json\/wp\/v2\/users\/1"}],"replies":[{"embeddable":true,"href":"https:\/\/www.patrulrinpoche.net\/pl\/wp-json\/wp\/v2\/comments?post=13840"}],"version-history":[{"count":0,"href":"https:\/\/www.patrulrinpoche.net\/pl\/wp-json\/wp\/v2\/pages\/13840\/revisions"}],"up":[{"embeddable":true,"href":"https:\/\/www.patrulrinpoche.net\/pl\/wp-json\/wp\/v2\/pages\/13422"}],"wp:attachment":[{"href":"https:\/\/www.patrulrinpoche.net\/pl\/wp-json\/wp\/v2\/media?parent=13840"}],"curies":[{"name":"wp","href":"https:\/\/api.w.org\/{rel}","templated":true}]}}