{"id":14714,"date":"2024-03-07T22:11:06","date_gmt":"2024-03-07T21:11:06","guid":{"rendered":"https:\/\/www.patrulrinpoche.net\/studiowanie-praktyki\/praktyka\/tsok-sodziong\/"},"modified":"2024-03-07T22:11:11","modified_gmt":"2024-03-07T21:11:11","slug":"tsok-sodziong","status":"publish","type":"page","link":"https:\/\/www.patrulrinpoche.net\/pl\/studiowanie-praktyki\/praktyka\/tsok-sodziong\/","title":{"rendered":"Tsok &amp; Sodziong"},"content":{"rendered":"<p>[et_pb_section fb_built=&#8221;1&#8243; disabled_on=&#8221;on|off|off&#8221; _builder_version=&#8221;4.17.4&#8243; _module_preset=&#8221;default&#8221; use_background_color_gradient=&#8221;on&#8221; background_color_gradient_type=&#8221;circular&#8221; background_color_gradient_stops=&#8221;rgba(68,68,68,0.51) 0%|rgba(32,32,32,0.14) 100%&#8221; background_color_gradient_overlays_image=&#8221;on&#8221; background_image=&#8221;http:\/\/www.patrulrinpoche.net\/wp-content\/uploads\/2022\/05\/Buddhist-temple_Patrul-Rinpoche.jpg&#8221; custom_padding=&#8221;0px||0px||false|false&#8221; da_disable_devices=&#8221;off|off|off&#8221; global_colors_info=&#8221;{}&#8221; da_is_popup=&#8221;off&#8221; da_exit_intent=&#8221;off&#8221; da_has_close=&#8221;on&#8221; da_alt_close=&#8221;off&#8221; da_dark_close=&#8221;off&#8221; da_not_modal=&#8221;on&#8221; da_is_singular=&#8221;off&#8221; da_with_loader=&#8221;off&#8221; da_has_shadow=&#8221;on&#8221;][et_pb_row _builder_version=&#8221;4.17.3&#8243; _module_preset=&#8221;default&#8221; global_colors_info=&#8221;{}&#8221;][et_pb_column type=&#8221;4_4&#8243; _builder_version=&#8221;4.17.3&#8243; _module_preset=&#8221;default&#8221; global_colors_info=&#8221;{}&#8221;][et_pb_text _builder_version=&#8221;4.17.4&#8243; _module_preset=&#8221;default&#8221; header_4_font=&#8221;EB Garamond|600||on|||||&#8221; header_4_text_color=&#8221;#FFFFFF&#8221; header_4_font_size=&#8221;66px&#8221; background_enable_image=&#8221;off&#8221; custom_padding=&#8221;300px||300px|0px|false|false&#8221; header_4_font_size_tablet=&#8221;66px&#8221; header_4_font_size_phone=&#8221;36px&#8221; header_4_font_size_last_edited=&#8221;on|phone&#8221; header_4_text_shadow_style=&#8221;preset1&#8243; global_colors_info=&#8221;{}&#8221;]<\/p>\n<h4 style=\"text-align: center;\">TSOK &amp; SODZIONG<\/h4>\n<p>[\/et_pb_text][\/et_pb_column][\/et_pb_row][\/et_pb_section][et_pb_section fb_built=&#8221;1&#8243; fullwidth=&#8221;on&#8221; _builder_version=&#8221;4.17.3&#8243; _module_preset=&#8221;default&#8221; da_disable_devices=&#8221;off|off|off&#8221; global_colors_info=&#8221;{}&#8221; da_is_popup=&#8221;off&#8221; da_exit_intent=&#8221;off&#8221; da_has_close=&#8221;on&#8221; da_alt_close=&#8221;off&#8221; da_dark_close=&#8221;off&#8221; da_not_modal=&#8221;on&#8221; da_is_singular=&#8221;off&#8221; da_with_loader=&#8221;off&#8221; da_has_shadow=&#8221;on&#8221;][et_pb_fullwidth_header title=&#8221;TSOK &amp; SODZIONG&#8221; text_orientation=&#8221;center&#8221; header_fullscreen=&#8221;on&#8221; header_scroll_down=&#8221;on&#8221; scroll_down_icon=&#8221;%%8%%&#8221; scroll_down_icon_color=&#8221;#FFFFFF&#8221; disabled_on=&#8221;off|on|on&#8221; _builder_version=&#8221;4.17.4&#8243; _module_preset=&#8221;default&#8221; title_level=&#8221;h4&#8243; title_font=&#8221;|||on|||||&#8221; title_font_size=&#8221;66px&#8221; background_enable_color=&#8221;off&#8221; use_background_color_gradient=&#8221;on&#8221; background_color_gradient_type=&#8221;circular&#8221; background_color_gradient_stops=&#8221;rgba(38,38,38,0.48) 0%|rgba(158,158,158,0.2) 100%&#8221; background_color_gradient_overlays_image=&#8221;on&#8221; background_image=&#8221;http:\/\/www.patrulrinpoche.net\/wp-content\/uploads\/2022\/05\/Buddhist-temple_Patrul-Rinpoche.jpg&#8221; title_font_size_tablet=&#8221;66px&#8221; title_font_size_phone=&#8221;35px&#8221; title_font_size_last_edited=&#8221;on|phone&#8221; title_text_shadow_style=&#8221;preset1&#8243; global_colors_info=&#8221;{}&#8221;][\/et_pb_fullwidth_header][\/et_pb_section][et_pb_section fb_built=&#8221;1&#8243; _builder_version=&#8221;4.17.4&#8243; _module_preset=&#8221;default&#8221; da_disable_devices=&#8221;off|off|off&#8221; global_colors_info=&#8221;{}&#8221; da_is_popup=&#8221;off&#8221; da_exit_intent=&#8221;off&#8221; da_has_close=&#8221;on&#8221; da_alt_close=&#8221;off&#8221; da_dark_close=&#8221;off&#8221; da_not_modal=&#8221;on&#8221; da_is_singular=&#8221;off&#8221; da_with_loader=&#8221;off&#8221; da_has_shadow=&#8221;on&#8221;][et_pb_row _builder_version=&#8221;4.17.4&#8243; _module_preset=&#8221;default&#8221; global_colors_info=&#8221;{}&#8221;][et_pb_column type=&#8221;4_4&#8243; _builder_version=&#8221;4.17.4&#8243; _module_preset=&#8221;default&#8221; global_colors_info=&#8221;{}&#8221;][et_pb_text _builder_version=&#8221;4.17.4&#8243; _module_preset=&#8221;default&#8221; text_line_height=&#8221;2em&#8221; header_3_font_size=&#8221;35px&#8221; header_4_font=&#8221;EB Garamond|600|||||||&#8221; header_4_text_align=&#8221;justify&#8221; header_4_font_size=&#8221;25px&#8221; text_orientation=&#8221;justified&#8221; global_colors_info=&#8221;{}&#8221;]<\/p>\n<h4 style=\"text-align: center;\">Na pocz\u0105tku, przyjmij mi\u0142o\u015b\u0107 i wsp\u00f3\u0142czucie bodhiczitty jako podstaw\u0119 .<\/h4>\n<h4 style=\"text-align: center;\">Nigdy nie rezygnuj z ch\u0119ci pomagania innym.<\/h4>\n<h4 style=\"text-align: center;\">Podejmij szczery wysi\u0142ek, aby jak najlepiej potrafisz, wprowadzi\u0107 wszystko,<\/h4>\n<h4 style=\"text-align: center;\">co wiesz o fazach budowania i doskonalenia w praktyk\u0119<\/h4>\n<p>[\/et_pb_text][et_pb_text _builder_version=&#8221;4.17.4&#8243; _module_preset=&#8221;default&#8221; header_5_font_size=&#8221;20px&#8221; global_colors_info=&#8221;{}&#8221;]<\/p>\n<h5 style=\"text-align: right;\">Dza Patrul Rinpocze, <em>&#8220;S\u0142owa Mistrza Samantabhadry&#8221;<\/em><\/h5>\n<p>[\/et_pb_text][\/et_pb_column][\/et_pb_row][et_pb_row _builder_version=&#8221;4.17.4&#8243; _module_preset=&#8221;default&#8221; global_colors_info=&#8221;{}&#8221;][et_pb_column type=&#8221;4_4&#8243; _builder_version=&#8221;4.17.4&#8243; _module_preset=&#8221;default&#8221; global_colors_info=&#8221;{}&#8221;][et_pb_text _builder_version=&#8221;4.17.4&#8243; _module_preset=&#8221;default&#8221; text_orientation=&#8221;justified&#8221; global_colors_info=&#8221;{}&#8221;]<\/p>\n<p>Tsok i Sodziong to praktyki, kt\u00f3re maj\u0105 szczeg\u00f3ln\u0105 moc, gdy wykonywane s\u0105 w okre\u015blone dni tybeta\u0144skiego kalendarza ksi\u0119\u017cycowego. Tsok odbywa si\u0119 10 i 25 dnia kalendarza ksi\u0119\u017cycowego, a Sojong 15 (pe\u0142nia) i 30 (n\u00f3w).<\/p>\n<p>[\/et_pb_text][\/et_pb_column][\/et_pb_row][et_pb_row column_structure=&#8221;1_2,1_2&#8243; _builder_version=&#8221;4.17.4&#8243; _module_preset=&#8221;default&#8221; global_colors_info=&#8221;{}&#8221;][et_pb_column type=&#8221;1_2&#8243; _builder_version=&#8221;4.17.4&#8243; _module_preset=&#8221;default&#8221; global_colors_info=&#8221;{}&#8221;][et_pb_image src=&#8221;http:\/\/www.patrulrinpoche.net\/wp-content\/uploads\/2021\/06\/tsok_buddhist-practice.jpg&#8221; alt=&#8221;tsok_buddhist practice&#8221; title_text=&#8221;tsok_buddhist practice&#8221; _builder_version=&#8221;4.17.4&#8243; _module_preset=&#8221;default&#8221; global_colors_info=&#8221;{}&#8221;][\/et_pb_image][et_pb_blurb title=&#8221;Tsok&#8221; alt=&#8221;Tsok i sodziong&#8221; image_icon_width=&#8221;100%&#8221; _builder_version=&#8221;4.17.4&#8243; _module_preset=&#8221;default&#8221; header_font=&#8221;EB Garamond|600|||||||&#8221; header_text_align=&#8221;center&#8221; header_font_size=&#8221;32px&#8221; background_color=&#8221;#faf6ed&#8221; text_orientation=&#8221;justified&#8221; custom_margin=&#8221;-35px||||false|false&#8221; custom_padding=&#8221;20px|15px|15px|15px|false|false&#8221; header_text_align_tablet=&#8221;center&#8221; header_text_align_phone=&#8221;left&#8221; header_text_align_last_edited=&#8221;on|phone&#8221; header_font_size_tablet=&#8221;32px&#8221; header_font_size_phone=&#8221;29px&#8221; header_font_size_last_edited=&#8221;on|phone&#8221; global_colors_info=&#8221;{}&#8221; filter_brightness__hover_enabled=&#8221;on|hover&#8221; filter_brightness__hover=&#8221;100%&#8221; transform_styles__hover_enabled=&#8221;on|hover&#8221; transform_scale__hover_enabled=&#8221;on|hover&#8221; transform_translate__hover_enabled=&#8221;on|desktop&#8221; transform_rotate__hover_enabled=&#8221;on|desktop&#8221; transform_skew__hover_enabled=&#8221;on|desktop&#8221; transform_origin__hover_enabled=&#8221;on|desktop&#8221;]<\/p>\n<p><span style=\"color: #333333;\"><strong>TSOK JEST PRAKTYK\u0104 MEDYTACYJN\u0104<\/strong><\/span> fazy budowania i doskonalenia. Innymi s\u0142owy, umys\u0142 i wszystkie zmys\u0142y skupiaj\u0105 si\u0119 na \u017cywej wizualizacji mandali b\u00f3stw, ze jedoczesnym rozumieniem, \u017ce nie posiada ona samoistnej egzystencji. Na koniec rozpuszcza si\u0119 i w pe\u0142ni wtapia si\u0119 w mandal\u0119. W naszej tradycji wykonujemy liturgie Tsok wg tradycji Longczien Ningthik. Dziesi\u0105tego dnia kalendarza ksi\u0119\u017cycowego, kt\u00f3ry sprzyja m\u0119skim b\u00f3stwom, praktykujemy Rigdzin Dypa, Zgromadzenie Widjadhar\u00f3w otaczaj\u0105cych Padmasambhaw\u0119, rdzennego lam\u0119. Dwudziestego pi\u0105tego dnia, sprzyjaj\u0105cego \u017ce\u0144skim b\u00f3stwom, praktykujemy rdzenn\u0105 dakini\u0119, Jumk\u0119 Deczien Gjalmo.<\/p>\n<p>Czy chcia\u0142by\u015b dowiedzie\u0107 si\u0119 wi\u0119cej o Rigdzin Dypa i Jumce Deczien Gjalmo?<\/p>\n<p>[\/et_pb_blurb][et_pb_button button_url=&#8221;https:\/\/www.patrulrinpoche.net\/pl\/kontakt-i-wsparcie\/kontakt\/&#8221; button_text=&#8221;Je\u015bli chcesz do\u0142\u0105czy\u0107 do Tsoku online, skontaktuj si\u0119 prosze z nami&#8221; button_alignment=&#8221;center&#8221; _builder_version=&#8221;4.17.4&#8243; _module_preset=&#8221;default&#8221; custom_margin=&#8221;|40px||40px|false|false&#8221; custom_margin_tablet=&#8221;|25px||25px|false|false&#8221; custom_margin_phone=&#8221;|0px||0px|false|false&#8221; custom_margin_last_edited=&#8221;on|phone&#8221; global_colors_info=&#8221;{}&#8221;][\/et_pb_button][\/et_pb_column][et_pb_column type=&#8221;1_2&#8243; _builder_version=&#8221;4.17.4&#8243; _module_preset=&#8221;default&#8221; global_colors_info=&#8221;{}&#8221;][et_pb_image src=&#8221;http:\/\/www.patrulrinpoche.net\/wp-content\/uploads\/2021\/06\/sojong_buddhist-practice.jpg&#8221; alt=&#8221;sojong_buddhist practice&#8221; title_text=&#8221;sojong_buddhist practice&#8221; _builder_version=&#8221;4.17.4&#8243; _module_preset=&#8221;default&#8221; global_colors_info=&#8221;{}&#8221;][\/et_pb_image][et_pb_blurb title=&#8221;Sodziong&#8221; alt=&#8221;Tsok i sodziong&#8221; image_icon_width=&#8221;100%&#8221; _builder_version=&#8221;4.17.4&#8243; _module_preset=&#8221;default&#8221; header_font=&#8221;EB Garamond|600|||||||&#8221; header_text_align=&#8221;center&#8221; header_font_size=&#8221;32px&#8221; background_color=&#8221;#faf6ed&#8221; text_orientation=&#8221;justified&#8221; custom_margin=&#8221;-35px||||false|false&#8221; custom_padding=&#8221;20px|15px|15px|15px|false|false&#8221; header_text_align_tablet=&#8221;center&#8221; header_text_align_phone=&#8221;left&#8221; header_text_align_last_edited=&#8221;on|phone&#8221; header_font_size_tablet=&#8221;32px&#8221; header_font_size_phone=&#8221;29px&#8221; header_font_size_last_edited=&#8221;on|phone&#8221; global_colors_info=&#8221;{}&#8221; filter_brightness__hover_enabled=&#8221;on|hover&#8221; filter_brightness__hover=&#8221;100%&#8221; transform_styles__hover_enabled=&#8221;on|hover&#8221; transform_scale__hover_enabled=&#8221;on|hover&#8221; transform_translate__hover_enabled=&#8221;on|desktop&#8221; transform_rotate__hover_enabled=&#8221;on|desktop&#8221; transform_skew__hover_enabled=&#8221;on|desktop&#8221; transform_origin__hover_enabled=&#8221;on|desktop&#8221;]<\/p>\n<p><span style=\"color: #333333;\"><span style=\"font-family: Source Sans Pro Semibold, serif;\"><span lang=\"en-US\">ODNOWIENIE \u015aLUB\u00d3W BODHISATTWY<\/span><\/span><\/span> nazywane jest po tybeta\u0144sku &#8220;sodziong&#8221;. Buddyzm tybeta\u0144ski nale\u017cy do Wielkiego Pojazdu (mahajana). Jego cech\u0105 wyr\u00f3\u017cniaj\u0105c\u0105 jest pragnienie osi\u0105gni\u0119cia stanu buddy nie tylko dla siebie samego, ale tak\u017ce ustanowienie wszystkich, bez wyj\u0105tku, czuj\u0105cych istot w tym o\u015bwieconym stanie. Jest to bezgraniczny i bezstronny zakres altruizmu. Jednak nawet je\u015bli nasze aspiracje s\u0105 szczere, trudno jest tak od razu zmieni\u0107 swoje egoistyczne nawyki. Dlatego te\u017c te \u015blubowania s\u0105 regularnie odnawiane, a ich naruszenia wyznawane. Sodziong to kr\u00f3tka praktyka, kt\u00f3r\u0105 zwykle wykonujemy pod koniec <a href=\"https:\/\/www.patrulrinpoche.net\/pl\/studiowanie-praktyki\/praktyka\/praktyka-codzienna\/\"><span style=\"color: #ff9900;\"><strong>codziennej praktyki wieczornej<\/strong><\/span><\/a> 15 i 30 dnia miesi\u0105ca ksi\u0119\u017cycowego.<\/p>\n<p>[\/et_pb_blurb][et_pb_button button_url=&#8221;https:\/\/www.patrulrinpoche.net\/pl\/kontakt-i-wsparcie\/kontakt\/&#8221; button_text=&#8221;Je\u015bli chcesz do\u0142\u0105czy\u0107 do praktyki Sodziong online, skontaktuj si\u0119 z nami&#8221; button_alignment=&#8221;center&#8221; _builder_version=&#8221;4.17.4&#8243; _module_preset=&#8221;default&#8221; custom_margin=&#8221;|40px||40px|false|false&#8221; custom_margin_tablet=&#8221;|||25px|false|false&#8221; custom_margin_phone=&#8221;|0px||0px|false|false&#8221; custom_margin_last_edited=&#8221;on|phone&#8221; global_colors_info=&#8221;{}&#8221;][\/et_pb_button][\/et_pb_column][\/et_pb_row][et_pb_row _builder_version=&#8221;4.17.4&#8243; _module_preset=&#8221;default&#8221; global_colors_info=&#8221;{}&#8221;][et_pb_column type=&#8221;4_4&#8243; _builder_version=&#8221;4.17.4&#8243; _module_preset=&#8221;default&#8221; global_colors_info=&#8221;{}&#8221;][et_pb_image src=&#8221;http:\/\/www.patrulrinpoche.net\/wp-content\/uploads\/2022\/06\/Tsok-and-Sojong.jpg&#8221; alt=&#8221;Tsok i Sodziong&#8221; title_text=&#8221;Tsok i Sodziong&#8221; align=&#8221;center&#8221; _builder_version=&#8221;4.17.4&#8243; _module_preset=&#8221;default&#8221; global_colors_info=&#8221;{}&#8221;][\/et_pb_image][\/et_pb_column][\/et_pb_row][et_pb_row column_structure=&#8221;1_3,1_3,1_3&#8243; _builder_version=&#8221;4.17.4&#8243; _module_preset=&#8221;default&#8221; global_colors_info=&#8221;{}&#8221;][et_pb_column type=&#8221;1_3&#8243; _builder_version=&#8221;4.17.4&#8243; _module_preset=&#8221;default&#8221; global_colors_info=&#8221;{}&#8221;][et_pb_text _builder_version=&#8221;4.17.4&#8243; _module_preset=&#8221;default&#8221; header_3_font_size=&#8221;40px&#8221; header_3_font_size_tablet=&#8221;40px&#8221; header_3_font_size_phone=&#8221;30px&#8221; header_3_font_size_last_edited=&#8221;on|phone&#8221; global_colors_info=&#8221;{}&#8221;]<\/p>\n<h3>Chcesz wi\u0119cej?<\/h3>\n<p>[\/et_pb_text][\/et_pb_column][et_pb_column type=&#8221;1_3&#8243; _builder_version=&#8221;4.17.4&#8243; _module_preset=&#8221;default&#8221; global_colors_info=&#8221;{}&#8221;][et_pb_button button_url=&#8221;https:\/\/www.patrulrinpoche.net\/study-practice\/practice\/drupchen\/&#8221; button_text=&#8221;PRZEJD\u0179 DO DRUPCZIEN&#8221; _builder_version=&#8221;4.18.0&#8243; _module_preset=&#8221;default&#8221; hover_enabled=&#8221;0&#8243; global_colors_info=&#8221;{}&#8221; sticky_enabled=&#8221;0&#8243;][\/et_pb_button][\/et_pb_column][et_pb_column type=&#8221;1_3&#8243; _builder_version=&#8221;4.17.4&#8243; _module_preset=&#8221;default&#8221; global_colors_info=&#8221;{}&#8221;][\/et_pb_column][\/et_pb_row][\/et_pb_section]<\/p>\n","protected":false},"excerpt":{"rendered":"<p>TSOK &amp; SODZIONGNa pocz\u0105tku, przyjmij mi\u0142o\u015b\u0107 i wsp\u00f3\u0142czucie bodhiczitty jako podstaw\u0119 . Nigdy nie rezygnuj z ch\u0119ci pomagania innym. Podejmij szczery wysi\u0142ek, aby jak najlepiej potrafisz, wprowadzi\u0107 wszystko, co wiesz o fazach budowania i doskonalenia w praktyk\u0119Dza Patrul Rinpocze, &#8220;S\u0142owa Mistrza Samantabhadry&#8221;Tsok i Sodziong to praktyki, kt\u00f3re maj\u0105 szczeg\u00f3ln\u0105 moc, gdy wykonywane s\u0105 w okre\u015blone [&hellip;]<\/p>\n","protected":false},"author":1,"featured_media":0,"parent":14092,"menu_order":1,"comment_status":"closed","ping_status":"closed","template":"","meta":{"_et_pb_use_builder":"on","_et_pb_old_content":"","_et_gb_content_width":"","footnotes":""},"class_list":["post-14714","page","type-page","status-publish","hentry"],"_links":{"self":[{"href":"https:\/\/www.patrulrinpoche.net\/pl\/wp-json\/wp\/v2\/pages\/14714","targetHints":{"allow":["GET"]}}],"collection":[{"href":"https:\/\/www.patrulrinpoche.net\/pl\/wp-json\/wp\/v2\/pages"}],"about":[{"href":"https:\/\/www.patrulrinpoche.net\/pl\/wp-json\/wp\/v2\/types\/page"}],"author":[{"embeddable":true,"href":"https:\/\/www.patrulrinpoche.net\/pl\/wp-json\/wp\/v2\/users\/1"}],"replies":[{"embeddable":true,"href":"https:\/\/www.patrulrinpoche.net\/pl\/wp-json\/wp\/v2\/comments?post=14714"}],"version-history":[{"count":0,"href":"https:\/\/www.patrulrinpoche.net\/pl\/wp-json\/wp\/v2\/pages\/14714\/revisions"}],"up":[{"embeddable":true,"href":"https:\/\/www.patrulrinpoche.net\/pl\/wp-json\/wp\/v2\/pages\/14092"}],"wp:attachment":[{"href":"https:\/\/www.patrulrinpoche.net\/pl\/wp-json\/wp\/v2\/media?parent=14714"}],"curies":[{"name":"wp","href":"https:\/\/api.w.org\/{rel}","templated":true}]}}