{"id":14769,"date":"2024-03-10T17:20:35","date_gmt":"2024-03-10T16:20:35","guid":{"rendered":"https:\/\/www.patrulrinpoche.net\/studiowanie-praktyki\/praktyka\/drupczien\/simhamukha\/"},"modified":"2024-03-11T17:07:15","modified_gmt":"2024-03-11T16:07:15","slug":"simhamukha","status":"publish","type":"page","link":"https:\/\/www.patrulrinpoche.net\/pl\/studiowanie-praktyki\/praktyka\/drupczien\/simhamukha\/","title":{"rendered":"Simhamukha"},"content":{"rendered":"<p>[et_pb_section fb_built=&#8221;1&#8243; _builder_version=&#8221;4.17.4&#8243; _module_preset=&#8221;default&#8221; da_disable_devices=&#8221;off|off|off&#8221; global_colors_info=&#8221;{}&#8221; da_is_popup=&#8221;off&#8221; da_exit_intent=&#8221;off&#8221; da_has_close=&#8221;on&#8221; da_alt_close=&#8221;off&#8221; da_dark_close=&#8221;off&#8221; da_not_modal=&#8221;on&#8221; da_is_singular=&#8221;off&#8221; da_with_loader=&#8221;off&#8221; da_has_shadow=&#8221;on&#8221;][et_pb_row _builder_version=&#8221;4.17.4&#8243; _module_preset=&#8221;default&#8221; global_colors_info=&#8221;{}&#8221;][et_pb_column type=&#8221;4_4&#8243; _builder_version=&#8221;4.17.4&#8243; _module_preset=&#8221;default&#8221; global_colors_info=&#8221;{}&#8221;][et_pb_text _builder_version=&#8221;4.17.4&#8243; _module_preset=&#8221;default&#8221; header_3_font_size=&#8221;50px&#8221; header_3_font_size_tablet=&#8221;50px&#8221; header_3_font_size_phone=&#8221;36px&#8221; header_3_font_size_last_edited=&#8221;on|phone&#8221; global_colors_info=&#8221;{}&#8221;]<\/p>\n<h3><strong>Drupczien Simhamukhi<\/strong><\/h3>\n<p>[\/et_pb_text][et_pb_text _builder_version=&#8221;4.17.4&#8243; _module_preset=&#8221;default&#8221; header_4_font=&#8221;EB Garamond|600|||||||&#8221; header_4_font_size=&#8221;22px&#8221; text_orientation=&#8221;justified&#8221; global_colors_info=&#8221;{}&#8221;]<\/p>\n<h4>Drupczien \u017ce\u0144skiego b\u00f3stwa o lwiej g\u0142owie jest praktyk\u0105 pochodz\u0105c\u0105 z cyklu term Longczien Njingthik. Ranjak Patrul Rinpocze otrzyma\u0142 przekaz cyklu Longczien Ningthik g\u0142\u00f3wnie od Kjabdzie Drukpy Tulku Rinpocze.<\/h4>\n<p>[\/et_pb_text][\/et_pb_column][\/et_pb_row][et_pb_row column_structure=&#8221;1_2,1_2&#8243; _builder_version=&#8221;4.17.4&#8243; _module_preset=&#8221;default&#8221; global_colors_info=&#8221;{}&#8221;][et_pb_column type=&#8221;1_2&#8243; _builder_version=&#8221;4.17.4&#8243; _module_preset=&#8221;default&#8221; global_colors_info=&#8221;{}&#8221;][et_pb_image src=&#8221;http:\/\/www.patrulrinpoche.net\/wp-content\/uploads\/2022\/06\/singha.jpg&#8221; alt=&#8221;singha&#8221; title_text=&#8221;singha&#8221; _builder_version=&#8221;4.17.4&#8243; _module_preset=&#8221;default&#8221; global_colors_info=&#8221;{}&#8221;][\/et_pb_image][\/et_pb_column][et_pb_column type=&#8221;1_2&#8243; _builder_version=&#8221;4.17.4&#8243; _module_preset=&#8221;default&#8221; global_colors_info=&#8221;{}&#8221;][et_pb_text _builder_version=&#8221;4.17.4&#8243; _module_preset=&#8221;default&#8221; header_3_font=&#8221;EB Garamond|600|||||||&#8221; header_3_font_size=&#8221;37px&#8221; header_3_font_size_tablet=&#8221;37px&#8221; header_3_font_size_phone=&#8221;30px&#8221; header_3_font_size_last_edited=&#8221;on|phone&#8221; global_colors_info=&#8221;{}&#8221;]<\/p>\n<h3>Od czego to si\u0119 zacz\u0119\u0142o?<\/h3>\n<p>[\/et_pb_text][et_pb_text _builder_version=&#8221;4.17.4&#8243; _module_preset=&#8221;default&#8221; text_orientation=&#8221;justified&#8221; global_colors_info=&#8221;{}&#8221;]<\/p>\n<p>W 2019 roku Ranjak Patrul Rinpocze wprowadzi\u0142 trzy dodatkowe odosobnienia drupczien. Simhamukha by\u0142a jedn\u0105 z g\u0142\u0119bokich praktyk, kt\u00f3re zainicjowa\u0142. Pierwsze drupczien Simhamukhi odby\u0142 si\u0119 w pa\u017adzierniku 2019 r. w jego portugalskim o\u015brodku Palgue Njishar Ling.<\/p>\n<p>[\/et_pb_text][\/et_pb_column][\/et_pb_row][et_pb_row _builder_version=&#8221;4.17.4&#8243; _module_preset=&#8221;default&#8221; global_colors_info=&#8221;{}&#8221;][et_pb_column type=&#8221;4_4&#8243; _builder_version=&#8221;4.17.4&#8243; _module_preset=&#8221;default&#8221; global_colors_info=&#8221;{}&#8221;][et_pb_text _builder_version=&#8221;4.17.4&#8243; _module_preset=&#8221;default&#8221; text_orientation=&#8221;justified&#8221; global_colors_info=&#8221;{}&#8221;]<\/p>\n<p>Po raz pierwszy koszt drupczienu w Portugalii zosta\u0142 prawie w ca\u0142o\u015bci pokryty przez sponsor\u00f3w. W Tybecie powszechn\u0105 praktyk\u0105 jest to, \u017ce osoba, rodzina lub organizacja prosi o konkretne nauki i pokrywa koszty ich organizacji, daj\u0105c w ten spos\u00f3b mo\u017cliwo\u015b\u0107 uczestnictwa wielu osobom. Uczestnicy cz\u0119sto musz\u0105 sami zadba\u0107 o swoje zakwaterowanie i wy\u017cywienie, ale czasami nawet to jest gwarantowane. Od dawna pragnieniem Rinpocze by\u0142o organizowanie odosobnie\u0144 i kurs\u00f3w w ten spos\u00f3b r\u00f3wnie\u017c na Zachodzie. Je\u015bli chcesz zosta\u0107 sponsorem Drupczienu, zajrzyj <a href=\"https:\/\/www.patrulrinpoche.net\/pl\/kontakt-i-wsparcie\/darowizny\/\"><span style=\"color: #ff9900;\"><strong>TUTAJ<\/strong><\/span><\/a>.<\/p>\n<p>[\/et_pb_text][\/et_pb_column][\/et_pb_row][et_pb_row _builder_version=&#8221;4.17.4&#8243; _module_preset=&#8221;default&#8221; global_colors_info=&#8221;{}&#8221;][et_pb_column type=&#8221;4_4&#8243; _builder_version=&#8221;4.17.4&#8243; _module_preset=&#8221;default&#8221; global_colors_info=&#8221;{}&#8221;][et_pb_text _builder_version=&#8221;4.17.4&#8243; _module_preset=&#8221;default&#8221; header_3_font=&#8221;EB Garamond|600|||||||&#8221; header_3_font_size=&#8221;37px&#8221; header_3_font_size_tablet=&#8221;37px&#8221; header_3_font_size_phone=&#8221;30px&#8221; header_3_font_size_last_edited=&#8221;on|phone&#8221; global_colors_info=&#8221;{}&#8221;]<\/p>\n<h3>O co w tym chodzi?<\/h3>\n<p>[\/et_pb_text][et_pb_text _builder_version=&#8221;4.17.4&#8243; _module_preset=&#8221;default&#8221; text_orientation=&#8221;justified&#8221; global_colors_info=&#8221;{}&#8221;]<\/p>\n<p>Simhamukha jest lwiog\u0142owym gniewnym \u017ce\u0144skim b\u00f3stwem. Na poziomie dharmakaji jest ona Samantabhadri; na poziomie sambkogakaji jest Wad\u017crawarahi; na poziomie nirmanakaji jest ona Simhamukh\u0105. Jest otoczona mandal\u0105 daki\u0144. W jej wewn\u0119trznych kr\u0119gach znajduje si\u0119 sze\u015b\u0107 &#8220;tramen&#8221;, \u017ce\u0144skich b\u00f3stw z g\u0142owami zwierz\u0105t (tutaj s\u0105 to r\u00f3\u017cne g\u0142owy ptak\u00f3w). W zewn\u0119trznym kr\u0119gu znajduj\u0105 si\u0119 trzydzie\u015bci dwie dakinie stoj\u0105ce na p\u0142atkach lotosu. Wok\u00f3\u0142 znajduj\u0105 si\u0119 r\u00f3\u017cne, pot\u0119\u017cne istoty. Ta praktyka drupczien jest g\u0142\u0119bok\u0105 metod\u0105 niszczenia lgni\u0119cia do swego &#8220;ja&#8221;, eliminowania przywi\u0105zania i niech\u0119ci, oczyszczania nieczystego postrzegania i kultywowania niedualno\u015bci. <\/p>\n<p>Sadhana Simhamukha ma wiele cech wsp\u00f3lnych z Jumk\u0105 Deczien Gjalmo: jej cz\u0119\u015b\u0107 ko\u0144cowa (ofiara tsok) jest taka sama jak liturgia Jumki. Co wi\u0119cej, podczas drupczien rozwini\u0119cia i dodatki do sadhan Longchen Njinthik (<a href=\"https:\/\/www.patrulrinpoche.net\/pl\/jumka-deczien\/\"><span style=\"color: #ff9900;\"><strong>&#8220;Jumka&#8221;<\/strong><\/span><\/a>, <a href=\"https:\/\/www.patrulrinpoche.net\/pl\/studiowanie-praktyki\/praktyka\/drupczien\/rigdzin-dypa\/\"><span style=\"color: #ff9900;\"><strong>&#8220;Rigdzin Dypa&#8221;<\/strong><\/span><\/a> i &#8220;Simhamukha&#8221;) s\u0105 tak\u017ce takie same.<\/p>\n<p>[\/et_pb_text][et_pb_text _builder_version=&#8221;4.17.4&#8243; _module_preset=&#8221;default&#8221; header_3_font=&#8221;EB Garamond|600|||||||&#8221; header_3_font_size=&#8221;37px&#8221; header_3_font_size_tablet=&#8221;37px&#8221; header_3_font_size_phone=&#8221;30px&#8221; header_3_font_size_last_edited=&#8221;on|phone&#8221; global_colors_info=&#8221;{}&#8221;]<\/p>\n<h3>Nauka praktyki<\/h3>\n<p>[\/et_pb_text][et_pb_text _builder_version=&#8221;4.17.4&#8243; _module_preset=&#8221;default&#8221; text_orientation=&#8221;justified&#8221; global_colors_info=&#8221;{}&#8221;]<\/p>\n<p>Szczeg\u00f3ln\u0105 cech\u0105 tych drupczien\u00f3w jest to, \u017ce Patrul Rinpocze by\u0142 pierwszym, kt\u00f3ry rok po roku uczy\u0142 ludzi Zachodu, jak przeprowadza\u0107 wszystkie aspekty sadhany drupczien. Patrul Rinpocze jest Mistrzem Wad\u017cry, czasami wspomaganym przez Lopona Tseringa Gonpo jako Asystenta Wad\u017cry, podczas gdy jego uczniowie wykonuj\u0105 wszystkie zadania niezb\u0119dne do wykonania sadhany: prowadz\u0105 melodi\u0119 recytacji (umze), graj\u0105 na rytualnych instrumentach, prowadz\u0105 rytua\u0142y, wykonuj\u0105 tormy (chopon) itp.<\/p>\n<p>[\/et_pb_text][et_pb_button button_url=&#8221;https:\/\/www.patrulrinpoche.net\/pl\/studiowanie-praktyki\/praktyka\/drupczien\/&#8221; button_text=&#8221;WI\u0118CEJ SZCZEG\u00d3\u0141\u00d3W tutaj&#8221; button_alignment=&#8221;center&#8221; _builder_version=&#8221;4.17.4&#8243; _module_preset=&#8221;default&#8221; global_colors_info=&#8221;{}&#8221;][\/et_pb_button][\/et_pb_column][\/et_pb_row][et_pb_row _builder_version=&#8221;4.17.4&#8243; _module_preset=&#8221;default&#8221; global_colors_info=&#8221;{}&#8221;][et_pb_column type=&#8221;4_4&#8243; _builder_version=&#8221;4.17.4&#8243; _module_preset=&#8221;default&#8221; global_colors_info=&#8221;{}&#8221;][et_pb_text _builder_version=&#8221;4.17.4&#8243; _module_preset=&#8221;default&#8221; header_3_font=&#8221;EB Garamond|600|||||||&#8221; header_3_font_size=&#8221;37px&#8221; header_3_font_size_tablet=&#8221;37px&#8221; header_3_font_size_phone=&#8221;30px&#8221; header_3_font_size_last_edited=&#8221;on|phone&#8221; global_colors_info=&#8221;{}&#8221;]<\/p>\n<h3>Historia<\/h3>\n<p>[\/et_pb_text][et_pb_text _builder_version=&#8221;4.17.4&#8243; _module_preset=&#8221;default&#8221; text_orientation=&#8221;justified&#8221; global_colors_info=&#8221;{}&#8221;]<\/p>\n<p>Drupczien Simhamukhi odby\u0142a si\u0119 w:<\/p>\n<p>\u2022 Palgue Njishar Ling, Portugala, Pa\u017adziernik 2019<\/p>\n<p>[\/et_pb_text][\/et_pb_column][\/et_pb_row][et_pb_row _builder_version=&#8221;4.17.4&#8243; _module_preset=&#8221;default&#8221; global_colors_info=&#8221;{}&#8221;][et_pb_column type=&#8221;4_4&#8243; _builder_version=&#8221;4.17.4&#8243; _module_preset=&#8221;default&#8221; global_colors_info=&#8221;{}&#8221;][et_pb_text _builder_version=&#8221;4.17.4&#8243; _module_preset=&#8221;default&#8221; header_3_font_size=&#8221;38px&#8221; header_3_font_size_tablet=&#8221;38px&#8221; header_3_font_size_phone=&#8221;30px&#8221; header_3_font_size_last_edited=&#8221;on|phone&#8221; global_colors_info=&#8221;{}&#8221;]<\/p>\n<h3 style=\"text-align: center;\">Powr\u00f3t do innych kurs\u00f3w <a href=\"https:\/\/www.patrulrinpoche.net\/pl\/studiowanie-praktyki\/praktyka\/drupczien\/\"><span style=\"color: #ff9900;\">DRUBCHEN<\/span><\/a><\/h3>\n<p>[\/et_pb_text][\/et_pb_column][\/et_pb_row][et_pb_row column_structure=&#8221;1_5,1_5,1_5,1_5,1_5&#8243; _builder_version=&#8221;4.17.4&#8243; _module_preset=&#8221;default&#8221; global_colors_info=&#8221;{}&#8221;][et_pb_column type=&#8221;1_5&#8243; _builder_version=&#8221;4.17.4&#8243; _module_preset=&#8221;default&#8221; global_colors_info=&#8221;{}&#8221;][et_pb_blurb title=&#8221;RIGDZIN DYPA&#8221; url=&#8221;https:\/\/www.patrulrinpoche.net\/pl\/studiowanie-praktyki\/praktyka\/drupczien\/rigdzin-dypa\/&#8221; image=&#8221;http:\/\/www.patrulrinpoche.net\/wp-content\/uploads\/2022\/06\/1-Rigdzin-Dupa.jpg&#8221; alt=&#8221;1 Rigdzin Dypa&#8221; _builder_version=&#8221;4.17.4&#8243; _module_preset=&#8221;default&#8221; header_font=&#8221;EB Garamond|600||on|||||&#8221; header_text_align=&#8221;center&#8221; header_font_size=&#8221;22px&#8221; text_orientation=&#8221;justified&#8221; link_option_url=&#8221;https:\/\/www.patrulrinpoche.net\/pl\/studiowanie-praktyki\/praktyka\/drupczien\/rigdzin-dypa\/&#8221; header_text_align_tablet=&#8221;center&#8221; header_text_align_phone=&#8221;center&#8221; header_text_align_last_edited=&#8221;on|phone&#8221; global_colors_info=&#8221;{}&#8221; filter_brightness__hover_enabled=&#8221;on|hover&#8221; filter_brightness__hover=&#8221;60%&#8221; transform_styles__hover_enabled=&#8221;on|hover&#8221; transform_scale__hover_enabled=&#8221;on|hover&#8221; transform_translate__hover_enabled=&#8221;on|desktop&#8221; transform_rotate__hover_enabled=&#8221;on|desktop&#8221; transform_skew__hover_enabled=&#8221;on|desktop&#8221; transform_origin__hover_enabled=&#8221;on|desktop&#8221; transform_scale__hover=&#8221;110%|110%&#8221;][\/et_pb_blurb][\/et_pb_column][et_pb_column type=&#8221;1_5&#8243; _builder_version=&#8221;4.17.4&#8243; _module_preset=&#8221;default&#8221; global_colors_info=&#8221;{}&#8221;][et_pb_blurb title=&#8221;Dugngal Rangdrol&#8221; url=&#8221;https:\/\/www.patrulrinpoche.net\/pl\/dugngal-rangdrol\/&#8221; image=&#8221;http:\/\/www.patrulrinpoche.net\/wp-content\/uploads\/2022\/06\/2-dugngal-rangdrol-buddhism.jpg&#8221; alt=&#8221;dugngal rangdrol&#8221; _builder_version=&#8221;4.17.4&#8243; _module_preset=&#8221;default&#8221; header_font=&#8221;EB Garamond|600||on|||||&#8221; header_text_align=&#8221;center&#8221; header_font_size=&#8221;22px&#8221; text_orientation=&#8221;justified&#8221; link_option_url=&#8221;https:\/\/www.patrulrinpoche.net\/pl\/dugngal-rangdrol\/&#8221; hover_enabled=&#8221;0&#8243; header_text_align_tablet=&#8221;center&#8221; header_text_align_phone=&#8221;center&#8221; header_text_align_last_edited=&#8221;on|phone&#8221; global_colors_info=&#8221;{}&#8221; filter_brightness__hover_enabled=&#8221;on|hover&#8221; filter_brightness__hover=&#8221;60%&#8221; transform_styles__hover_enabled=&#8221;on|hover&#8221; transform_scale__hover_enabled=&#8221;on|hover&#8221; transform_translate__hover_enabled=&#8221;on|desktop&#8221; transform_rotate__hover_enabled=&#8221;on|desktop&#8221; transform_skew__hover_enabled=&#8221;on|desktop&#8221; transform_origin__hover_enabled=&#8221;on|desktop&#8221; transform_scale__hover=&#8221;110%|110%&#8221; title_text=&#8221;2 dugngal rangdrol buddhism&#8221; sticky_enabled=&#8221;0&#8243;][\/et_pb_blurb][\/et_pb_column][et_pb_column type=&#8221;1_5&#8243; _builder_version=&#8221;4.17.4&#8243; _module_preset=&#8221;default&#8221; global_colors_info=&#8221;{}&#8221;][et_pb_blurb title=&#8221;Wad\u017crasattwa&#8221; url=&#8221;https:\/\/www.patrulrinpoche.net\/pl\/studiowanie-praktyki\/praktyka\/drupczien\/wadzrasattwa\/&#8221; image=&#8221;http:\/\/www.patrulrinpoche.net\/wp-content\/uploads\/2022\/06\/3-vajrasattva-yab-yum.jpg&#8221; alt=&#8221;3 vajrasattva yab yum&#8221; disabled_on=&#8221;off|off|off&#8221; _builder_version=&#8221;4.17.4&#8243; _module_preset=&#8221;default&#8221; header_font=&#8221;EB Garamond|600||on|||||&#8221; header_text_align=&#8221;center&#8221; header_font_size=&#8221;22px&#8221; text_orientation=&#8221;justified&#8221; link_option_url=&#8221;https:\/\/www.patrulrinpoche.net\/pl\/studiowanie-praktyki\/praktyka\/drupczien\/wadzrasattwa\/&#8221; header_text_align_tablet=&#8221;center&#8221; header_text_align_phone=&#8221;center&#8221; header_text_align_last_edited=&#8221;on|phone&#8221; global_colors_info=&#8221;{}&#8221; filter_brightness__hover_enabled=&#8221;on|hover&#8221; filter_brightness__hover=&#8221;60%&#8221; transform_styles__hover_enabled=&#8221;on|hover&#8221; transform_scale__hover_enabled=&#8221;on|hover&#8221; transform_translate__hover_enabled=&#8221;on|desktop&#8221; transform_rotate__hover_enabled=&#8221;on|desktop&#8221; transform_skew__hover_enabled=&#8221;on|desktop&#8221; transform_origin__hover_enabled=&#8221;on|desktop&#8221; transform_scale__hover=&#8221;110%|110%&#8221;][\/et_pb_blurb][\/et_pb_column][et_pb_column type=&#8221;1_5&#8243; _builder_version=&#8221;4.17.4&#8243; _module_preset=&#8221;default&#8221; global_colors_info=&#8221;{}&#8221;][et_pb_blurb title=&#8221;Jumka Deczien&#8221; url=&#8221;https:\/\/www.patrulrinpoche.net\/pl\/jumka-deczien\/&#8221; image=&#8221;http:\/\/www.patrulrinpoche.net\/wp-content\/uploads\/2022\/06\/4-Yumka-Dechen-Gyalmo.jpg&#8221; alt=&#8221;4 Yumka Dechen Gyalmo&#8221; _builder_version=&#8221;4.17.4&#8243; _module_preset=&#8221;default&#8221; header_font=&#8221;EB Garamond|600||on|||||&#8221; header_text_align=&#8221;center&#8221; header_font_size=&#8221;22px&#8221; text_orientation=&#8221;justified&#8221; link_option_url=&#8221;https:\/\/www.patrulrinpoche.net\/pl\/jumka-deczien\/&#8221; header_text_align_tablet=&#8221;center&#8221; header_text_align_phone=&#8221;center&#8221; header_text_align_last_edited=&#8221;on|phone&#8221; global_colors_info=&#8221;{}&#8221; filter_brightness__hover_enabled=&#8221;on|hover&#8221; filter_brightness__hover=&#8221;60%&#8221; transform_styles__hover_enabled=&#8221;on|hover&#8221; transform_scale__hover_enabled=&#8221;on|hover&#8221; transform_translate__hover_enabled=&#8221;on|desktop&#8221; transform_rotate__hover_enabled=&#8221;on|desktop&#8221; transform_skew__hover_enabled=&#8221;on|desktop&#8221; transform_origin__hover_enabled=&#8221;on|desktop&#8221; transform_scale__hover=&#8221;110%|110%&#8221;][\/et_pb_blurb][\/et_pb_column][et_pb_column type=&#8221;1_5&#8243; _builder_version=&#8221;4.17.4&#8243; _module_preset=&#8221;default&#8221; global_colors_info=&#8221;{}&#8221;][et_pb_blurb title=&#8221;Czod&#8221; url=&#8221;https:\/\/www.patrulrinpoche.net\/pl\/studiowanie-praktyki\/praktyka\/drupczien\/czod\/&#8221; image=&#8221;http:\/\/www.patrulrinpoche.net\/wp-content\/uploads\/2022\/06\/6-chod-machig_labdron.jpg&#8221; alt=&#8221;6 chod machig_labdron&#8221; _builder_version=&#8221;4.17.4&#8243; _module_preset=&#8221;default&#8221; header_font=&#8221;EB Garamond|600||on|||||&#8221; header_text_align=&#8221;center&#8221; header_font_size=&#8221;22px&#8221; text_orientation=&#8221;justified&#8221; link_option_url=&#8221;https:\/\/www.patrulrinpoche.net\/pl\/studiowanie-praktyki\/praktyka\/drupczien\/czod\/&#8221; header_text_align_tablet=&#8221;center&#8221; header_text_align_phone=&#8221;center&#8221; header_text_align_last_edited=&#8221;on|phone&#8221; global_colors_info=&#8221;{}&#8221; filter_brightness__hover_enabled=&#8221;on|hover&#8221; filter_brightness__hover=&#8221;60%&#8221; transform_styles__hover_enabled=&#8221;on|hover&#8221; transform_scale__hover_enabled=&#8221;on|hover&#8221; transform_translate__hover_enabled=&#8221;on|desktop&#8221; transform_rotate__hover_enabled=&#8221;on|desktop&#8221; transform_skew__hover_enabled=&#8221;on|desktop&#8221; transform_origin__hover_enabled=&#8221;on|desktop&#8221; transform_scale__hover=&#8221;110%|110%&#8221;][\/et_pb_blurb][\/et_pb_column][\/et_pb_row][\/et_pb_section]<\/p>\n","protected":false},"excerpt":{"rendered":"<p>Drupczien SimhamukhiDrupczien \u017ce\u0144skiego b\u00f3stwa o lwiej g\u0142owie jest praktyk\u0105 pochodz\u0105c\u0105 z cyklu term Longczien Njingthik. Ranjak Patrul Rinpocze otrzyma\u0142 przekaz cyklu Longczien Ningthik g\u0142\u00f3wnie od Kjabdzie Drukpy Tulku Rinpocze.Od czego to si\u0119 zacz\u0119\u0142o?W 2019 roku Ranjak Patrul Rinpocze wprowadzi\u0142 trzy dodatkowe odosobnienia drupczien. Simhamukha by\u0142a jedn\u0105 z g\u0142\u0119bokich praktyk, kt\u00f3re zainicjowa\u0142. Pierwsze drupczien Simhamukhi odby\u0142 [&hellip;]<\/p>\n","protected":false},"author":1,"featured_media":0,"parent":14720,"menu_order":6,"comment_status":"closed","ping_status":"closed","template":"","meta":{"_et_pb_use_builder":"on","_et_pb_old_content":"","_et_gb_content_width":"","footnotes":""},"class_list":["post-14769","page","type-page","status-publish","hentry"],"_links":{"self":[{"href":"https:\/\/www.patrulrinpoche.net\/pl\/wp-json\/wp\/v2\/pages\/14769","targetHints":{"allow":["GET"]}}],"collection":[{"href":"https:\/\/www.patrulrinpoche.net\/pl\/wp-json\/wp\/v2\/pages"}],"about":[{"href":"https:\/\/www.patrulrinpoche.net\/pl\/wp-json\/wp\/v2\/types\/page"}],"author":[{"embeddable":true,"href":"https:\/\/www.patrulrinpoche.net\/pl\/wp-json\/wp\/v2\/users\/1"}],"replies":[{"embeddable":true,"href":"https:\/\/www.patrulrinpoche.net\/pl\/wp-json\/wp\/v2\/comments?post=14769"}],"version-history":[{"count":0,"href":"https:\/\/www.patrulrinpoche.net\/pl\/wp-json\/wp\/v2\/pages\/14769\/revisions"}],"up":[{"embeddable":true,"href":"https:\/\/www.patrulrinpoche.net\/pl\/wp-json\/wp\/v2\/pages\/14720"}],"wp:attachment":[{"href":"https:\/\/www.patrulrinpoche.net\/pl\/wp-json\/wp\/v2\/media?parent=14769"}],"curies":[{"name":"wp","href":"https:\/\/api.w.org\/{rel}","templated":true}]}}