{"id":14794,"date":"2024-03-10T20:28:45","date_gmt":"2024-03-10T19:28:45","guid":{"rendered":"https:\/\/www.patrulrinpoche.net\/dugngal-rangdrol\/"},"modified":"2024-03-11T17:08:38","modified_gmt":"2024-03-11T16:08:38","slug":"dugngal-rangdrol","status":"publish","type":"page","link":"https:\/\/www.patrulrinpoche.net\/pl\/dugngal-rangdrol\/","title":{"rendered":"Dugngal Rangdrol"},"content":{"rendered":"<p>[et_pb_section fb_built=&#8221;1&#8243; _builder_version=&#8221;4.17.4&#8243; _module_preset=&#8221;default&#8221; da_disable_devices=&#8221;off|off|off&#8221; global_colors_info=&#8221;{}&#8221; da_is_popup=&#8221;off&#8221; da_exit_intent=&#8221;off&#8221; da_has_close=&#8221;on&#8221; da_alt_close=&#8221;off&#8221; da_dark_close=&#8221;off&#8221; da_not_modal=&#8221;on&#8221; da_is_singular=&#8221;off&#8221; da_with_loader=&#8221;off&#8221; da_has_shadow=&#8221;on&#8221;][et_pb_row _builder_version=&#8221;4.17.4&#8243; _module_preset=&#8221;default&#8221; global_colors_info=&#8221;{}&#8221;][et_pb_column type=&#8221;4_4&#8243; _builder_version=&#8221;4.17.4&#8243; _module_preset=&#8221;default&#8221; global_colors_info=&#8221;{}&#8221;][et_pb_text _builder_version=&#8221;4.17.4&#8243; _module_preset=&#8221;default&#8221; header_3_font_size=&#8221;50px&#8221; hover_enabled=&#8221;0&#8243; header_3_font_size_tablet=&#8221;50px&#8221; header_3_font_size_phone=&#8221;36px&#8221; header_3_font_size_last_edited=&#8221;on|phone&#8221; global_colors_info=&#8221;{}&#8221; sticky_enabled=&#8221;0&#8243;]<\/p>\n<h3><strong>Drupczien Dugngal Rangdrol<\/strong><\/h3>\n<p>[\/et_pb_text][et_pb_text _builder_version=&#8221;4.17.4&#8243; _module_preset=&#8221;default&#8221; header_4_font=&#8221;EB Garamond|600|||||||&#8221; header_4_font_size=&#8221;22px&#8221; text_orientation=&#8221;justified&#8221; hover_enabled=&#8221;0&#8243; global_colors_info=&#8221;{}&#8221; sticky_enabled=&#8221;0&#8243;]<\/p>\n<h4>Drupczien oparty na sadhanie Dugngal Rangdrol z pochodz\u0105cej z cyklu term Longczien Njingthik.<\/h4>\n<h4>Ranjak Patrul Rinpocze otrzyma\u0142 przekaz cyklu Longczien Ningthik g\u0142\u00f3wnie od Kjabdzie Drukpy Tulku Rinpocze.<\/h4>\n<p>[\/et_pb_text][\/et_pb_column][\/et_pb_row][et_pb_row column_structure=&#8221;1_2,1_2&#8243; _builder_version=&#8221;4.17.4&#8243; _module_preset=&#8221;default&#8221; global_colors_info=&#8221;{}&#8221;][et_pb_column type=&#8221;1_2&#8243; _builder_version=&#8221;4.17.4&#8243; _module_preset=&#8221;default&#8221; global_colors_info=&#8221;{}&#8221;][et_pb_image src=&#8221;http:\/\/www.patrulrinpoche.net\/wp-content\/uploads\/2022\/06\/dugngal.jpg&#8221; alt=&#8221;dugngal&#8221; title_text=&#8221;dugngal&#8221; _builder_version=&#8221;4.17.4&#8243; _module_preset=&#8221;default&#8221; global_colors_info=&#8221;{}&#8221;][\/et_pb_image][\/et_pb_column][et_pb_column type=&#8221;1_2&#8243; _builder_version=&#8221;4.17.4&#8243; _module_preset=&#8221;default&#8221; global_colors_info=&#8221;{}&#8221;][et_pb_text _builder_version=&#8221;4.17.4&#8243; _module_preset=&#8221;default&#8221; header_3_font=&#8221;EB Garamond|600|||||||&#8221; header_3_font_size=&#8221;37px&#8221; header_3_font_size_tablet=&#8221;37px&#8221; header_3_font_size_phone=&#8221;30px&#8221; header_3_font_size_last_edited=&#8221;on|phone&#8221; global_colors_info=&#8221;{}&#8221;]<\/p>\n<h3>Od czego to si\u0119 zacz\u0119\u0142o?<\/h3>\n<p>[\/et_pb_text][et_pb_text _builder_version=&#8221;4.17.4&#8243; _module_preset=&#8221;default&#8221; text_orientation=&#8221;justified&#8221; global_colors_info=&#8221;{}&#8221;]<\/p>\n<p>Pierwszy drupczin Dugngal Rangdr\u00f6l odby\u0142 si\u0119 w Tokio (Japonia) wiosn\u0105 2019 roku. Poprowadzi\u0142 go Dzogczien Ranjak Patrul Rinpocze, przy udziale Lopona Tseringa Gonpo.<br \/>Patrul Rinpocze og\u0142osi\u0142, \u017ce w przysz\u0142o\u015bci b\u0119dzie regularnie prowadzi\u0142 drupcziny w oparciu o sadhan\u0119 Dugngal Rangdrol.<\/p>\n<p>[\/et_pb_text][\/et_pb_column][\/et_pb_row][et_pb_row _builder_version=&#8221;4.17.4&#8243; _module_preset=&#8221;default&#8221; global_colors_info=&#8221;{}&#8221;][et_pb_column type=&#8221;4_4&#8243; _builder_version=&#8221;4.17.4&#8243; _module_preset=&#8221;default&#8221; global_colors_info=&#8221;{}&#8221;][et_pb_text _builder_version=&#8221;4.17.4&#8243; _module_preset=&#8221;default&#8221; header_3_font=&#8221;EB Garamond|600|||||||&#8221; header_3_font_size=&#8221;37px&#8221; header_3_font_size_tablet=&#8221;37px&#8221; header_3_font_size_phone=&#8221;30px&#8221; header_3_font_size_last_edited=&#8221;on|phone&#8221; global_colors_info=&#8221;{}&#8221;]<\/p>\n<h3>O co w tym chodzi?<\/h3>\n<p>[\/et_pb_text][et_pb_text _builder_version=&#8221;4.17.4&#8243; _module_preset=&#8221;default&#8221; text_orientation=&#8221;justified&#8221; global_colors_info=&#8221;{}&#8221;]<\/p>\n<p><em>Odosobnienie drupczien &#8220;Dugngal Rangdrol&#8221; (Samowyzwolenie z Cierpienia) jest zwi\u0105zane z Awalokite\u015bwar\u0105, budd\u0105 wsp\u00f3\u0142czucia.<\/em><\/p>\n<p><em>Tym razem w Japonii mamy wspania\u0142\u0105 okazj\u0119 do osi\u0105gni\u0119cia \u017ar\u00f3d\u0142a wszystkich b\u0142ogos\u0142awie\u0144stw, kt\u00f3rym jest Drupczien Dugngal Rangdrol. Spo\u015br\u00f3d trzech korzeni: lamy, jidama i khandro, Dugngal Rangdrol nale\u017cy do praktyki lamy w jej tajemnym aspekcie. Na poziomie dharmakaji Dugngal Rangdrol jest Budd\u0105 Amitabh\u0105, na poziomie sambhogakaji &#8211; Awalokite\u015bwar\u0105, a na poziomie nirmanakaji &#8211; Guru Padmasambhaw\u0105. Znaczenie trzech korzeni jest nast\u0119puj\u0105ce: \u017ar\u00f3d\u0142em b\u0142ogos\u0142awie\u0144stw jest lama (guru); \u017ar\u00f3d\u0142em wszystkich siddhis jest jidam (b\u00f3stwo opieku\u0144cze); \u017ar\u00f3d\u0142em wszystkich o\u015bwieconych aktywno\u015bci jest khandro (dakini). Z tego powodu w tym roku pierwsze osi\u0105gni\u0119cie b\u0142ogos\u0142awie\u0144stw wewn\u0119trznego lamy (Rigdzin Dypa) odbywa si\u0119 w Dharma City, a drugie osi\u0105gni\u0119cie b\u0142ogos\u0142awie\u0144stw tajemnego lamy (Dugngal Rangdrol) ma miejsce w Japonii.<\/em><\/p>\n<p><em>Z perspektywy medytacji, w tego rodzaju g\u0142\u0119bokiej sadhanie, jest ona g\u0142\u0119boka i bardziej skuteczna, przynosz\u0105c wi\u0119cej korzy\u015bci naszemu umys\u0142owi.<\/em><\/p>\n<p><em>Podczas tych siedmiodniowych odosobnie\u0144 praktykuj\u0105cy nieustannie wykonuj\u0105 praktyk\u0119 sadhany Dugngal Rangdrol (sadhana), wykonuj\u0105 ofiarowanie (tsok) oraz recytuj\u0105 modlitwy i mantry drupczien. Recytacja mantr odbywa si\u0119 w systemie rotacyjnym, aby ka\u017cdy m\u00f3g\u0142 odpocz\u0105\u0107 mi\u0119dzy recytacjami.<\/em><\/p>\n<p><em>Drupczen w Japonii odbywa si\u0119 w cudownym miejscu Sherab Getse Ling, kt\u00f3re zosta\u0142o pob\u0142ogos\u0142awione przez Jego \u015awi\u0105tobliwo\u015b\u0107 Dalajlam\u0119, kt\u00f3ry jest postrzegany przez Tybeta\u0144czyk\u00f3w jako uciele\u015bnienie Awalokite\u015bwary&#8221;.<\/em><\/p>\n<p>[\/et_pb_text][et_pb_text _builder_version=&#8221;4.17.4&#8243; _module_preset=&#8221;default&#8221; header_5_font_size=&#8221;19px&#8221; global_colors_info=&#8221;{}&#8221;]<\/p>\n<h5 style=\"text-align: right;\">Ranjak Patrul Rinpocze, 2019<\/h5>\n<p>[\/et_pb_text][et_pb_text _builder_version=&#8221;4.17.4&#8243; _module_preset=&#8221;default&#8221; header_3_font=&#8221;EB Garamond|600|||||||&#8221; header_3_font_size=&#8221;37px&#8221; header_3_font_size_tablet=&#8221;37px&#8221; header_3_font_size_phone=&#8221;30px&#8221; header_3_font_size_last_edited=&#8221;on|phone&#8221; global_colors_info=&#8221;{}&#8221;]<\/p>\n<h3>Nauka praktyki<\/h3>\n<p>[\/et_pb_text][et_pb_text _builder_version=&#8221;4.17.4&#8243; _module_preset=&#8221;default&#8221; text_orientation=&#8221;justified&#8221; global_colors_info=&#8221;{}&#8221;]<\/p>\n<p>Szczeg\u00f3ln\u0105 cech\u0105 tych drupczien\u00f3w jest to, \u017ce Patrul Rinpocze by\u0142 pierwszym, kt\u00f3ry rok po roku uczy\u0142 ludzi Zachodu, jak przeprowadza\u0107 wszystkie aspekty sadhany drupczien. Patrul Rinpocze jest Mistrzem Wad\u017cry, czasami wspomaganym przez Lopona Tseringa Gonpo jako Asystenta Wad\u017cry, podczas gdy jego uczniowie wykonuj\u0105 wszystkie zadania niezb\u0119dne do wykonania sadhany: prowadz\u0105 melodi\u0119 recytacji (umze), graj\u0105 na rytualnych instrumentach, prowadz\u0105 rytua\u0142y, wykonuj\u0105 tormy (chopon) itp.<\/p>\n<p>[\/et_pb_text][et_pb_button button_url=&#8221;https:\/\/www.patrulrinpoche.net\/pl\/studiowanie-praktyki\/praktyka\/drupczien\/&#8221; button_text=&#8221;WI\u0118CEJ SZCZEG\u00d3\u0141\u00d3W tutaj&#8221; button_alignment=&#8221;center&#8221; _builder_version=&#8221;4.17.4&#8243; _module_preset=&#8221;default&#8221; hover_enabled=&#8221;0&#8243; global_colors_info=&#8221;{}&#8221; sticky_enabled=&#8221;0&#8243;][\/et_pb_button][\/et_pb_column][\/et_pb_row][et_pb_row _builder_version=&#8221;4.17.4&#8243; _module_preset=&#8221;default&#8221; global_colors_info=&#8221;{}&#8221;][et_pb_column type=&#8221;4_4&#8243; _builder_version=&#8221;4.17.4&#8243; _module_preset=&#8221;default&#8221; global_colors_info=&#8221;{}&#8221;][et_pb_text _builder_version=&#8221;4.17.4&#8243; _module_preset=&#8221;default&#8221; header_3_font=&#8221;EB Garamond|600|||||||&#8221; header_3_font_size=&#8221;37px&#8221; header_3_font_size_tablet=&#8221;37px&#8221; header_3_font_size_phone=&#8221;30px&#8221; header_3_font_size_last_edited=&#8221;on|phone&#8221; global_colors_info=&#8221;{}&#8221;]<\/p>\n<h3>Historia<\/h3>\n<p>[\/et_pb_text][et_pb_text _builder_version=&#8221;4.17.4&#8243; _module_preset=&#8221;default&#8221; text_orientation=&#8221;justified&#8221; global_colors_info=&#8221;{}&#8221;]<\/p>\n<p>Do tej pory drupczieny Dugngal Rangdrol odbywa\u0142y si\u0119 w:<\/p>\n<p>&#8211; Szerab Getse Ling (Tokio), Japonia, 26 kwietnia &#8211; 6 maja 2019 r.<\/p>\n<p>[\/et_pb_text][\/et_pb_column][\/et_pb_row][et_pb_row _builder_version=&#8221;4.17.4&#8243; _module_preset=&#8221;default&#8221; global_colors_info=&#8221;{}&#8221;][et_pb_column type=&#8221;4_4&#8243; _builder_version=&#8221;4.17.4&#8243; _module_preset=&#8221;default&#8221; global_colors_info=&#8221;{}&#8221;][et_pb_text _builder_version=&#8221;4.17.4&#8243; _module_preset=&#8221;default&#8221; header_3_font_size=&#8221;38px&#8221; header_3_font_size_tablet=&#8221;38px&#8221; header_3_font_size_phone=&#8221;30px&#8221; header_3_font_size_last_edited=&#8221;on|phone&#8221; global_colors_info=&#8221;{}&#8221;]<\/p>\n<h3 style=\"text-align: center;\">Powr\u00f3t do innych kurs\u00f3w <a href=\"https:\/\/www.patrulrinpoche.net\/pl\/studiowanie-praktyki\/praktyka\/drupczien\/\"><span style=\"color: #ff9900;\">DRUBCZIEN<\/span><\/a><\/h3>\n<p>[\/et_pb_text][\/et_pb_column][\/et_pb_row][et_pb_row column_structure=&#8221;1_5,1_5,1_5,1_5,1_5&#8243; _builder_version=&#8221;4.17.4&#8243; _module_preset=&#8221;default&#8221; global_colors_info=&#8221;{}&#8221;][et_pb_column type=&#8221;1_5&#8243; _builder_version=&#8221;4.17.4&#8243; _module_preset=&#8221;default&#8221; global_colors_info=&#8221;{}&#8221;][et_pb_blurb title=&#8221;RIGDZIN DYPA&#8221; url=&#8221;https:\/\/www.patrulrinpoche.net\/pl\/studiowanie-praktyki\/praktyka\/drupczien\/rigdzin-dypa\/&#8221; image=&#8221;http:\/\/www.patrulrinpoche.net\/wp-content\/uploads\/2022\/06\/1-Rigdzin-Dupa.jpg&#8221; alt=&#8221;1 Rigdzin Dypa&#8221; _builder_version=&#8221;4.17.4&#8243; _module_preset=&#8221;default&#8221; header_font=&#8221;EB Garamond|600||on|||||&#8221; header_text_align=&#8221;center&#8221; header_font_size=&#8221;22px&#8221; text_orientation=&#8221;justified&#8221; link_option_url=&#8221;https:\/\/www.patrulrinpoche.net\/pl\/studiowanie-praktyki\/praktyka\/drupczien\/rigdzin-dypa\/&#8221; header_text_align_tablet=&#8221;center&#8221; header_text_align_phone=&#8221;center&#8221; header_text_align_last_edited=&#8221;on|phone&#8221; global_colors_info=&#8221;{}&#8221; filter_brightness__hover_enabled=&#8221;on|hover&#8221; filter_brightness__hover=&#8221;60%&#8221; transform_styles__hover_enabled=&#8221;on|hover&#8221; transform_scale__hover_enabled=&#8221;on|hover&#8221; transform_translate__hover_enabled=&#8221;on|desktop&#8221; transform_rotate__hover_enabled=&#8221;on|desktop&#8221; transform_skew__hover_enabled=&#8221;on|desktop&#8221; transform_origin__hover_enabled=&#8221;on|desktop&#8221; transform_scale__hover=&#8221;110%|110%&#8221;][\/et_pb_blurb][\/et_pb_column][et_pb_column type=&#8221;1_5&#8243; _builder_version=&#8221;4.17.4&#8243; _module_preset=&#8221;default&#8221; global_colors_info=&#8221;{}&#8221;][et_pb_blurb title=&#8221;Wad\u017crasattwa&#8221; url=&#8221;https:\/\/www.patrulrinpoche.net\/pl\/studiowanie-praktyki\/praktyka\/drupczien\/wadzrasattwa\/&#8221; image=&#8221;http:\/\/www.patrulrinpoche.net\/wp-content\/uploads\/2022\/06\/3-vajrasattva-yab-yum.jpg&#8221; alt=&#8221;3 vajrasattva yab yum&#8221; disabled_on=&#8221;off|off|off&#8221; _builder_version=&#8221;4.17.4&#8243; _module_preset=&#8221;default&#8221; header_font=&#8221;EB Garamond|600||on|||||&#8221; header_text_align=&#8221;center&#8221; header_font_size=&#8221;22px&#8221; text_orientation=&#8221;justified&#8221; link_option_url=&#8221;https:\/\/www.patrulrinpoche.net\/pl\/studiowanie-praktyki\/praktyka\/drupczien\/wadzrasattwa\/&#8221; header_text_align_tablet=&#8221;center&#8221; header_text_align_phone=&#8221;center&#8221; header_text_align_last_edited=&#8221;on|phone&#8221; global_colors_info=&#8221;{}&#8221; filter_brightness__hover_enabled=&#8221;on|hover&#8221; filter_brightness__hover=&#8221;60%&#8221; transform_styles__hover_enabled=&#8221;on|hover&#8221; transform_scale__hover_enabled=&#8221;on|hover&#8221; transform_translate__hover_enabled=&#8221;on|desktop&#8221; transform_rotate__hover_enabled=&#8221;on|desktop&#8221; transform_skew__hover_enabled=&#8221;on|desktop&#8221; transform_origin__hover_enabled=&#8221;on|desktop&#8221; transform_scale__hover=&#8221;110%|110%&#8221;][\/et_pb_blurb][\/et_pb_column][et_pb_column type=&#8221;1_5&#8243; _builder_version=&#8221;4.17.4&#8243; _module_preset=&#8221;default&#8221; global_colors_info=&#8221;{}&#8221;][et_pb_blurb title=&#8221;Jumka Deczien&#8221; url=&#8221;https:\/\/www.patrulrinpoche.net\/pl\/jumka-deczien\/&#8221; image=&#8221;http:\/\/www.patrulrinpoche.net\/wp-content\/uploads\/2022\/06\/4-Yumka-Dechen-Gyalmo.jpg&#8221; alt=&#8221;4 Yumka Dechen Gyalmo&#8221; _builder_version=&#8221;4.17.4&#8243; _module_preset=&#8221;default&#8221; header_font=&#8221;EB Garamond|600||on|||||&#8221; header_text_align=&#8221;center&#8221; header_font_size=&#8221;22px&#8221; text_orientation=&#8221;justified&#8221; link_option_url=&#8221;https:\/\/www.patrulrinpoche.net\/pl\/jumka-deczien\/&#8221; header_text_align_tablet=&#8221;center&#8221; header_text_align_phone=&#8221;center&#8221; header_text_align_last_edited=&#8221;on|phone&#8221; global_colors_info=&#8221;{}&#8221; filter_brightness__hover_enabled=&#8221;on|hover&#8221; filter_brightness__hover=&#8221;60%&#8221; transform_styles__hover_enabled=&#8221;on|hover&#8221; transform_scale__hover_enabled=&#8221;on|hover&#8221; transform_translate__hover_enabled=&#8221;on|desktop&#8221; transform_rotate__hover_enabled=&#8221;on|desktop&#8221; transform_skew__hover_enabled=&#8221;on|desktop&#8221; transform_origin__hover_enabled=&#8221;on|desktop&#8221; transform_scale__hover=&#8221;110%|110%&#8221;][\/et_pb_blurb][\/et_pb_column][et_pb_column type=&#8221;1_5&#8243; _builder_version=&#8221;4.17.4&#8243; _module_preset=&#8221;default&#8221; global_colors_info=&#8221;{}&#8221;][et_pb_blurb title=&#8221;Simhamukha&#8221; url=&#8221;https:\/\/www.patrulrinpoche.net\/pl\/studiowanie-praktyki\/praktyka\/drupczien\/simhamukha\/&#8221; image=&#8221;http:\/\/www.patrulrinpoche.net\/wp-content\/uploads\/2022\/06\/5-Simhamukha01_big.jpg&#8221; alt=&#8221;5 Simhamukha&#8221; _builder_version=&#8221;4.17.4&#8243; _module_preset=&#8221;default&#8221; header_font=&#8221;EB Garamond|600||on|||||&#8221; header_text_align=&#8221;center&#8221; header_font_size=&#8221;22px&#8221; text_orientation=&#8221;justified&#8221; link_option_url=&#8221;https:\/\/www.patrulrinpoche.net\/pl\/studiowanie-praktyki\/praktyka\/drupczien\/simhamukha\/&#8221; header_text_align_tablet=&#8221;center&#8221; header_text_align_phone=&#8221;center&#8221; header_text_align_last_edited=&#8221;on|phone&#8221; global_colors_info=&#8221;{}&#8221; filter_brightness__hover_enabled=&#8221;on|hover&#8221; filter_brightness__hover=&#8221;60%&#8221; transform_styles__hover_enabled=&#8221;on|hover&#8221; transform_scale__hover_enabled=&#8221;on|hover&#8221; transform_translate__hover_enabled=&#8221;on|desktop&#8221; transform_rotate__hover_enabled=&#8221;on|desktop&#8221; transform_skew__hover_enabled=&#8221;on|desktop&#8221; transform_origin__hover_enabled=&#8221;on|desktop&#8221; transform_scale__hover=&#8221;110%|110%&#8221;][\/et_pb_blurb][\/et_pb_column][et_pb_column type=&#8221;1_5&#8243; _builder_version=&#8221;4.17.4&#8243; _module_preset=&#8221;default&#8221; global_colors_info=&#8221;{}&#8221;][et_pb_blurb title=&#8221;Czod&#8221; url=&#8221;https:\/\/www.patrulrinpoche.net\/pl\/studiowanie-praktyki\/praktyka\/drupczien\/czod\/&#8221; image=&#8221;http:\/\/www.patrulrinpoche.net\/wp-content\/uploads\/2022\/06\/6-chod-machig_labdron.jpg&#8221; alt=&#8221;6 chod machig_labdron&#8221; _builder_version=&#8221;4.17.4&#8243; _module_preset=&#8221;default&#8221; header_font=&#8221;EB Garamond|600||on|||||&#8221; header_text_align=&#8221;center&#8221; header_font_size=&#8221;22px&#8221; text_orientation=&#8221;justified&#8221; link_option_url=&#8221;https:\/\/www.patrulrinpoche.net\/pl\/studiowanie-praktyki\/praktyka\/drupczien\/czod\/&#8221; header_text_align_tablet=&#8221;center&#8221; header_text_align_phone=&#8221;center&#8221; header_text_align_last_edited=&#8221;on|phone&#8221; global_colors_info=&#8221;{}&#8221; filter_brightness__hover_enabled=&#8221;on|hover&#8221; filter_brightness__hover=&#8221;60%&#8221; transform_styles__hover_enabled=&#8221;on|hover&#8221; transform_scale__hover_enabled=&#8221;on|hover&#8221; transform_translate__hover_enabled=&#8221;on|desktop&#8221; transform_rotate__hover_enabled=&#8221;on|desktop&#8221; transform_skew__hover_enabled=&#8221;on|desktop&#8221; transform_origin__hover_enabled=&#8221;on|desktop&#8221; transform_scale__hover=&#8221;110%|110%&#8221;][\/et_pb_blurb][\/et_pb_column][\/et_pb_row][\/et_pb_section]<\/p>\n","protected":false},"excerpt":{"rendered":"<p>Drupczien Dugngal RangdrolDrupczien oparty na sadhanie Dugngal Rangdrol z pochodz\u0105cej z cyklu term Longczien Njingthik. Ranjak Patrul Rinpocze otrzyma\u0142 przekaz cyklu Longczien Ningthik g\u0142\u00f3wnie od Kjabdzie Drukpy Tulku Rinpocze.Od czego to si\u0119 zacz\u0119\u0142o?Pierwszy drupczin Dugngal Rangdr\u00f6l odby\u0142 si\u0119 w Tokio (Japonia) wiosn\u0105 2019 roku. Poprowadzi\u0142 go Dzogczien Ranjak Patrul Rinpocze, przy udziale Lopona Tseringa Gonpo.Patrul [&hellip;]<\/p>\n","protected":false},"author":3,"featured_media":0,"parent":0,"menu_order":0,"comment_status":"closed","ping_status":"closed","template":"","meta":{"_et_pb_use_builder":"on","_et_pb_old_content":"","_et_gb_content_width":"","footnotes":""},"class_list":["post-14794","page","type-page","status-publish","hentry"],"_links":{"self":[{"href":"https:\/\/www.patrulrinpoche.net\/pl\/wp-json\/wp\/v2\/pages\/14794","targetHints":{"allow":["GET"]}}],"collection":[{"href":"https:\/\/www.patrulrinpoche.net\/pl\/wp-json\/wp\/v2\/pages"}],"about":[{"href":"https:\/\/www.patrulrinpoche.net\/pl\/wp-json\/wp\/v2\/types\/page"}],"author":[{"embeddable":true,"href":"https:\/\/www.patrulrinpoche.net\/pl\/wp-json\/wp\/v2\/users\/3"}],"replies":[{"embeddable":true,"href":"https:\/\/www.patrulrinpoche.net\/pl\/wp-json\/wp\/v2\/comments?post=14794"}],"version-history":[{"count":0,"href":"https:\/\/www.patrulrinpoche.net\/pl\/wp-json\/wp\/v2\/pages\/14794\/revisions"}],"wp:attachment":[{"href":"https:\/\/www.patrulrinpoche.net\/pl\/wp-json\/wp\/v2\/media?parent=14794"}],"curies":[{"name":"wp","href":"https:\/\/api.w.org\/{rel}","templated":true}]}}