{"id":14814,"date":"2024-03-11T10:39:13","date_gmt":"2024-03-11T09:39:13","guid":{"rendered":"https:\/\/www.patrulrinpoche.net\/studiowanie-praktyki\/praktyka\/drupczien\/wadzrasattwa\/"},"modified":"2024-03-11T10:39:19","modified_gmt":"2024-03-11T09:39:19","slug":"wadzrasattwa","status":"publish","type":"page","link":"https:\/\/www.patrulrinpoche.net\/pl\/studiowanie-praktyki\/praktyka\/drupczien\/wadzrasattwa\/","title":{"rendered":"Wad\u017crasattwa"},"content":{"rendered":"<p>[et_pb_section fb_built=&#8221;1&#8243; _builder_version=&#8221;4.17.4&#8243; _module_preset=&#8221;default&#8221; da_disable_devices=&#8221;off|off|off&#8221; global_colors_info=&#8221;{}&#8221; da_is_popup=&#8221;off&#8221; da_exit_intent=&#8221;off&#8221; da_has_close=&#8221;on&#8221; da_alt_close=&#8221;off&#8221; da_dark_close=&#8221;off&#8221; da_not_modal=&#8221;on&#8221; da_is_singular=&#8221;off&#8221; da_with_loader=&#8221;off&#8221; da_has_shadow=&#8221;on&#8221;][et_pb_row _builder_version=&#8221;4.17.4&#8243; _module_preset=&#8221;default&#8221; global_colors_info=&#8221;{}&#8221;][et_pb_column type=&#8221;4_4&#8243; _builder_version=&#8221;4.17.4&#8243; _module_preset=&#8221;default&#8221; global_colors_info=&#8221;{}&#8221;][et_pb_text _builder_version=&#8221;4.17.4&#8243; _module_preset=&#8221;default&#8221; header_3_font_size=&#8221;50px&#8221; header_3_font_size_tablet=&#8221;50px&#8221; header_3_font_size_phone=&#8221;36px&#8221; header_3_font_size_last_edited=&#8221;on|phone&#8221; global_colors_info=&#8221;{}&#8221;]<\/p>\n<h3>Drupczien Wad\u017crasattwy<\/h3>\n<p>[\/et_pb_text][et_pb_text _builder_version=&#8221;4.17.4&#8243; _module_preset=&#8221;default&#8221; header_4_font=&#8221;EB Garamond|600|||||||&#8221; header_4_font_size=&#8221;22px&#8221; text_orientation=&#8221;justified&#8221; global_colors_info=&#8221;{}&#8221;]<\/p>\n<h4>Ranjak Patrul Rinpocze otrzyma\u0142 przekaz sadhany drupczienu Minling Dorsem w Klasztorze Dzogczien (Tybet) od Kjabdzie Drukpy Tulku Rinpocze. <\/h4>\n<p>[\/et_pb_text][\/et_pb_column][\/et_pb_row][et_pb_row column_structure=&#8221;1_2,1_2&#8243; _builder_version=&#8221;4.17.4&#8243; _module_preset=&#8221;default&#8221; global_colors_info=&#8221;{}&#8221;][et_pb_column type=&#8221;1_2&#8243; _builder_version=&#8221;4.17.4&#8243; _module_preset=&#8221;default&#8221; global_colors_info=&#8221;{}&#8221;][et_pb_image src=&#8221;http:\/\/www.patrulrinpoche.net\/wp-content\/uploads\/2022\/06\/vajrasattva.jpg&#8221; alt=&#8221;vajrasattva&#8221; title_text=&#8221;vajrasattva&#8221; _builder_version=&#8221;4.17.4&#8243; _module_preset=&#8221;default&#8221; global_colors_info=&#8221;{}&#8221;][\/et_pb_image][\/et_pb_column][et_pb_column type=&#8221;1_2&#8243; _builder_version=&#8221;4.17.4&#8243; _module_preset=&#8221;default&#8221; global_colors_info=&#8221;{}&#8221;][et_pb_text _builder_version=&#8221;4.17.4&#8243; _module_preset=&#8221;default&#8221; header_3_font=&#8221;EB Garamond|600|||||||&#8221; header_3_font_size=&#8221;37px&#8221; header_3_font_size_tablet=&#8221;37px&#8221; header_3_font_size_phone=&#8221;30px&#8221; header_3_font_size_last_edited=&#8221;on|phone&#8221; global_colors_info=&#8221;{}&#8221;]<\/p>\n<h3>Jak to si\u0119 zacz\u0119\u0142o?<\/h3>\n<p>[\/et_pb_text][et_pb_text _builder_version=&#8221;4.17.4&#8243; _module_preset=&#8221;default&#8221; text_orientation=&#8221;justified&#8221; global_colors_info=&#8221;{}&#8221;]<\/p>\n<p>Rdzenny nauczyciel Ranjaka Patrula Rinpocze, Kjabdzie Drukpa Tulku Rinpocze, otoczy\u0142 Minling Dorsem szczeg\u00f3ln\u0105 trosk\u0105. W okolicach Dzogczien, gdy kto\u015b umiera, po dw\u00f3ch dniach zaprasza si\u0119 dziesi\u0119ciu mnich\u00f3w, by praktykowali Minling Dorsem. To przynosi ogromny po\u017cytek chorym, umieraj\u0105cym i zmar\u0142ym. W klasztorze Dzogczien sadhana Minling Dorsem nie jest tak naprawd\u0119 praktykowana w formie drupczienu.<\/p>\n<p>[\/et_pb_text][\/et_pb_column][\/et_pb_row][et_pb_row _builder_version=&#8221;4.17.4&#8243; _module_preset=&#8221;default&#8221; global_colors_info=&#8221;{}&#8221;][et_pb_column type=&#8221;4_4&#8243; _builder_version=&#8221;4.17.4&#8243; _module_preset=&#8221;default&#8221; global_colors_info=&#8221;{}&#8221;][et_pb_text _builder_version=&#8221;4.17.4&#8243; _module_preset=&#8221;default&#8221; text_orientation=&#8221;justified&#8221; global_colors_info=&#8221;{}&#8221;]<\/p>\n<p>Jednak Ranjak Patrul Rinpocze uzna\u0142, \u017ce praktykowanie jej w tej postaci by\u0142oby wa\u017cne i korzystne. Drukpa Rinpocze zwyk\u0142 mawia\u0107, \u017ce je\u015bli dziesi\u0119ciu mnich\u00f3w wykona t\u0119 praktyk\u0119 Wad\u017crasattwy w intencji kogo\u015b, kto odszed\u0142 i zgromadzi 100 000 mantr Wad\u017crasattwy, osoba ta na 100% zostanie wyzwolona. Dlatego sadhana Minling Dorsem jest bardzo wa\u017cna, szczeg\u00f3lnie je\u015bli jest praktykowana jako intensywny siedmiodniowy drupczien. Pierwszy drupczien Wad\u017crasattwy odby\u0142 si\u0119 w 2010 roku w Tbilisi w Gruzji i pojawi\u0142y si\u0119 na nim cudowne znaki. Nast\u0119pnie odbywa\u0142y si\u0119 one co roku w Dharma City w Belgii.<\/p>\n<p>[\/et_pb_text][\/et_pb_column][\/et_pb_row][et_pb_row _builder_version=&#8221;4.17.4&#8243; _module_preset=&#8221;default&#8221; global_colors_info=&#8221;{}&#8221;][et_pb_column type=&#8221;4_4&#8243; _builder_version=&#8221;4.17.4&#8243; _module_preset=&#8221;default&#8221; global_colors_info=&#8221;{}&#8221;][et_pb_text _builder_version=&#8221;4.17.4&#8243; _module_preset=&#8221;default&#8221; header_3_font=&#8221;EB Garamond|600|||||||&#8221; header_3_font_size=&#8221;37px&#8221; header_3_font_size_tablet=&#8221;37px&#8221; header_3_font_size_phone=&#8221;30px&#8221; header_3_font_size_last_edited=&#8221;on|phone&#8221; global_colors_info=&#8221;{}&#8221;]<\/p>\n<h3>O co w tym chodzi?<\/h3>\n<p>[\/et_pb_text][et_pb_text _builder_version=&#8221;4.17.4&#8243; _module_preset=&#8221;default&#8221; text_orientation=&#8221;justified&#8221; global_colors_info=&#8221;{}&#8221;]<\/p>\n<p>Wykonywana zgodnie z sadhan\u0105 Minling Dorsem Terczena Terdaka Lingpy, drupczien Wad\u017crasattwy jest najlepszym \u015brodkiem oczyszczenia ze wszystkich przeszk\u00f3d, najlepszym antidotum na ignorancj\u0119 i choroby oraz najlepsz\u0105 \u015bcie\u017ck\u0105 do szybkiego osi\u0105gni\u0119cia o\u015bwiecenia.<\/p>\n<p>Jeden z organizator\u00f3w pierwszego drupczien Wad\u017crasattwy w Gruzji opowiada\u0142 o tym niezwyk\u0142ym do\u015bwiadczeniu:<\/p>\n<p><em>By\u0142 to nasz pierwszy drupczien po Rigdzin Dypa w Belgii. Przyjecha\u0142em tam na tydzie\u0144 przed rozpocz\u0119ciem drupchienu. Nic nie by\u0142o jeszcze gotowe. Planowali\u015bmy przeprowadzi\u0107 drupczien w pewnym konkretnym miejscu (przysz\u0142ym Centrum Dharmy w Tbilisi), ale pojawi\u0142y si\u0119 pewne przeszkody i musieli\u015bmy znale\u017a\u0107 inn\u0105 lokalizacj\u0119.<\/em><\/p>\n<p><em>Znale\u017ali\u015bmy miejsce w pobli\u017cu miasta, kt\u00f3re by\u0142o dawn\u0105 baz\u0105 wojskow\u0105. Wygl\u0105da\u0142o to jak brudny plac gier pokryty asfaltem i ruiny dawnych budynk\u00f3w wojskowych. To by\u0142o tydzie\u0144 przed rozpocz\u0119ciem drupczienu i nikt nie m\u00f3g\u0142 uwierzy\u0107, \u017ce w tak kr\u00f3tkim czasie uda nam si\u0119 zbudowa\u0107 \u015bwi\u0105tyni\u0119, kuchni\u0119 i zaplecze sanitarne. Kupili\u015bmy u\u017cywany namiot z czerwonego krzy\u017ca, kilka s\u0142up\u00f3w i drewno, aby stworzy\u0107 konstrukcj\u0119 przykryt\u0105 plastikowymi plandekami. Jadalnia i zaplecze sanitarne zosta\u0142y pospiesznie zaaran\u017cowane w namiotach i tymczasowych kabinach.<\/em><\/p>\n<p><em>Gdy do gompy zacz\u0119li przybywa\u0107 pierwsi uczestnicy, wci\u0105\u017c przykr\u0119cali\u015bmy drewniane deski &#8211; pod\u0142og\u0119 \u015bwi\u0105tyni. Zacz\u0119\u0142o nieustannie la\u0107 i musieli\u015bmy szybko zorganizowa\u0107 ewakuacj\u0119 wody z namiot\u00f3w. Pierwszej nocy deszcz pada\u0142 tak mocno, \u017ce woda zacz\u0119\u0142a zalewa\u0107 o\u0142tarz-mandali. Nie znale\u017ali\u015bmy innego sposobu na jej powstrzymanie ni\u017c stanie z plandek\u0105 nad mandal\u0105 w charakterze s\u0142up\u00f3w, aby przekierowa\u0107 wod\u0119. W nocy by\u0142o bardzo zimno, ale grupy recytuj\u0105ce siedzia\u0142y pod kilkoma kocami i nadal kontynuowa\u0142y recytacj\u0119. Ale wszyscy byli pe\u0142ni entuzjazmu i praktykowali z ogromn\u0105 pilno\u015bci\u0105.<\/em><\/p>\n<p><em>Rinpocze kilkakrotnie m\u00f3wi\u0142, \u017ce w dawnych czasach grupy praktykuj\u0105cych robi\u0142y w\u0142a\u015bnie w ten spos\u00f3b: urz\u0105dza\u0142y miejsce na drupczien od zera i niszczy\u0142y je po zako\u0144czeniu praktyki, jak gdyby nigdy nic si\u0119 w tym miejscu nie wydarzy\u0142o. I dok\u0142adnie to wydarzy\u0142o si\u0119 w Tbilisi: kiedy wyje\u017cd\u017cali\u015bmy, by\u0142 tam tylko pusty plac gier, dok\u0142adnie taki sam jak przed drupczien. Rinpocze powtarza\u0142 te\u017c, \u017ce czasami potrzebujemy ci\u0119\u017ckich warunk\u00f3w. Wszyscy uczestnicy wci\u0105\u017c maj\u0105 \u017cywe wspomnienia z tego konkretnego drupczien i powiedzieli, \u017ce mieli niezwyk\u0142e do\u015bwiadczenia, takie jak nag\u0142e i ca\u0142kowite ustanie chronicznego b\u00f3lu, czy dzwi\u0119k mantry nieustannie rozbrzmiewaj\u0105cy w ich uszach itp. Do\u015bwiadczenie tego drupczien by\u0142o naprawd\u0119 g\u0142\u0119bokim oczyszczeniem i pozytywnym do\u015bwiadczeniem wyj\u015bcia poza w\u0142asne ograniczenia. W cudowny spos\u00f3b wszystko uda\u0142o si\u0119 bardzo dobrze i o czasie.<\/em><\/p>\n<p><em>Gdy tylko drupczien si\u0119 sko\u0144czy\u0142, niebo si\u0119 przeja\u015bni\u0142o i pojawi\u0142o si\u0119 wiele t\u0119cz. Poniewa\u017c Patrul Rinpocze w\u0142o\u017cy\u0142 tak wiele energii w przygotowanie i przeprowadzenie drupczienu, \u017ce po jego zako\u0144czeniu by\u0142 kompletnie wyczerpany.<\/em><\/p>\n<p><em>By\u0142 to r\u00f3wnie\u017c moment erupcji wulkanu na Islandii, przez co wiele os\u00f3b nie mog\u0142o przez kilka dni wylecie\u0107 z Tbilisi. Dlatego te\u017c wiele os\u00f3b tam pozosta\u0142o, a Rinpocze udzieli\u0142 im nauk &#8220;Aspiracji Samantabhadry&#8221;, co by\u0142o niesamowitym b\u0142ogos\u0142awie\u0144stwem.<\/em><\/p>\n<p>[\/et_pb_text][et_pb_text _builder_version=&#8221;4.17.4&#8243; _module_preset=&#8221;default&#8221; header_3_font=&#8221;EB Garamond|600|||||||&#8221; header_3_font_size=&#8221;37px&#8221; header_3_font_size_tablet=&#8221;37px&#8221; header_3_font_size_phone=&#8221;30px&#8221; header_3_font_size_last_edited=&#8221;on|phone&#8221; global_colors_info=&#8221;{}&#8221;]<\/p>\n<h3>Nauka praktyki<\/h3>\n<p>[\/et_pb_text][et_pb_text _builder_version=&#8221;4.17.4&#8243; _module_preset=&#8221;default&#8221; text_orientation=&#8221;justified&#8221; global_colors_info=&#8221;{}&#8221;]<\/p>\n<p>Szczeg\u00f3ln\u0105 cech\u0105 tych drupczien\u00f3w jest to, \u017ce Patrul Rinpocze by\u0142 pierwszym, kt\u00f3ry rok po roku uczy\u0142 ludzi Zachodu, jak przeprowadza\u0107 wszystkie aspekty sadhany drupczien. Patrul Rinpocze jest Mistrzem Wad\u017cry, czasami wspomaganym przez Lopona Tseringa Gonpo jako Asystenta Wad\u017cry, podczas gdy jego uczniowie wykonuj\u0105 wszystkie zadania niezb\u0119dne do wykonania sadhany: prowadz\u0105 melodi\u0119 recytacji (umze), graj\u0105 na rytualnych instrumentach, prowadz\u0105 rytua\u0142y, wykonuj\u0105 tormy (chopon) itp.<\/p>\n<p>[\/et_pb_text][et_pb_button button_url=&#8221;https:\/\/www.patrulrinpoche.net\/pl\/studiowanie-praktyki\/praktyka\/drupczien\/&#8221; button_text=&#8221;WI\u0118CEJ SZCZEG\u00d3\u0141\u00d3W Tutaj&#8221; button_alignment=&#8221;center&#8221; _builder_version=&#8221;4.17.4&#8243; _module_preset=&#8221;default&#8221; global_colors_info=&#8221;{}&#8221;][\/et_pb_button][\/et_pb_column][\/et_pb_row][et_pb_row _builder_version=&#8221;4.17.4&#8243; _module_preset=&#8221;default&#8221; global_colors_info=&#8221;{}&#8221;][et_pb_column type=&#8221;4_4&#8243; _builder_version=&#8221;4.17.4&#8243; _module_preset=&#8221;default&#8221; global_colors_info=&#8221;{}&#8221;][et_pb_text _builder_version=&#8221;4.17.4&#8243; _module_preset=&#8221;default&#8221; header_3_font=&#8221;EB Garamond|600|||||||&#8221; header_3_font_size=&#8221;37px&#8221; header_3_font_size_tablet=&#8221;37px&#8221; header_3_font_size_phone=&#8221;30px&#8221; header_3_font_size_last_edited=&#8221;on|phone&#8221; global_colors_info=&#8221;{}&#8221;]<\/p>\n<h3>Historia<\/h3>\n<p>[\/et_pb_text][et_pb_text _builder_version=&#8221;4.17.4&#8243; _module_preset=&#8221;default&#8221; text_orientation=&#8221;justified&#8221; global_colors_info=&#8221;{}&#8221;]<\/p>\n<p>Z wyj\u0105tkiem pierwszego, wszystkie drupczieny Wad\u017crasattwy mia\u0142y miejsce w Dharma City w Belgii.<\/p>\n<p>\u2022 Dharma City, Belgia, lipiec 2019<br \/>\u2022 Dharma City, Belgia, lipiec 2018 <br \/>\u2022 Dharma City, Belgia, lipiec 2017 <br \/>\u2022 Dharma City, Belgia, lipiec 2016 <br \/>\u2022 Dharma City, Belgia, lipiec 2015 <br \/>\u2022 Dharma City, Belgia, lipiec 2014<br \/>\u2022 Dharma City, Belgia, lipiec 2013<br \/>\u2022 Dharma City, Belgia, lipiec 2012<br \/>\u2022 Dharma City, Belgia, lipiec 2011<br \/>\u2022 Tibilisi, Gruzja, kwiecie\u0144 2010<\/p>\n<p>[\/et_pb_text][\/et_pb_column][\/et_pb_row][et_pb_row _builder_version=&#8221;4.17.4&#8243; _module_preset=&#8221;default&#8221; global_colors_info=&#8221;{}&#8221;][et_pb_column type=&#8221;4_4&#8243; _builder_version=&#8221;4.17.4&#8243; _module_preset=&#8221;default&#8221; global_colors_info=&#8221;{}&#8221;][et_pb_text _builder_version=&#8221;4.17.4&#8243; _module_preset=&#8221;default&#8221; header_3_font_size=&#8221;38px&#8221; header_3_font_size_tablet=&#8221;38px&#8221; header_3_font_size_phone=&#8221;30px&#8221; header_3_font_size_last_edited=&#8221;on|phone&#8221; global_colors_info=&#8221;{}&#8221;]<\/p>\n<h3 style=\"text-align: center;\">Wr\u00f3\u0107 do innych kurs\u00f3w <a href=\"https:\/\/www.patrulrinpoche.net\/pl\/studiowanie-praktyki\/praktyka\/drupczien\/\"><span style=\"color: #ff9900;\">DRUPCZIEN<\/span><\/a><\/h3>\n<p>[\/et_pb_text][\/et_pb_column][\/et_pb_row][et_pb_row column_structure=&#8221;1_5,1_5,1_5,1_5,1_5&#8243; _builder_version=&#8221;4.17.4&#8243; _module_preset=&#8221;default&#8221; global_colors_info=&#8221;{}&#8221;][et_pb_column type=&#8221;1_5&#8243; _builder_version=&#8221;4.17.4&#8243; _module_preset=&#8221;default&#8221; global_colors_info=&#8221;{}&#8221;][et_pb_blurb title=&#8221;RIGDZIN DYPA&#8221; url=&#8221;https:\/\/www.patrulrinpoche.net\/pl\/studiowanie-praktyki\/praktyka\/drupczien\/rigdzin-dypa\/&#8221; image=&#8221;http:\/\/www.patrulrinpoche.net\/wp-content\/uploads\/2022\/06\/1-Rigdzin-Dupa.jpg&#8221; alt=&#8221;1 Rigdzin Dypa&#8221; _builder_version=&#8221;4.17.4&#8243; _module_preset=&#8221;default&#8221; header_font=&#8221;EB Garamond|600||on|||||&#8221; header_text_align=&#8221;center&#8221; header_font_size=&#8221;22px&#8221; text_orientation=&#8221;justified&#8221; link_option_url=&#8221;https:\/\/www.patrulrinpoche.net\/pl\/studiowanie-praktyki\/praktyka\/drupczien\/rigdzin-dypa\/&#8221; header_text_align_tablet=&#8221;center&#8221; header_text_align_phone=&#8221;center&#8221; header_text_align_last_edited=&#8221;on|phone&#8221; global_colors_info=&#8221;{}&#8221; filter_brightness__hover_enabled=&#8221;on|hover&#8221; filter_brightness__hover=&#8221;60%&#8221; transform_styles__hover_enabled=&#8221;on|hover&#8221; transform_scale__hover_enabled=&#8221;on|hover&#8221; transform_translate__hover_enabled=&#8221;on|desktop&#8221; transform_rotate__hover_enabled=&#8221;on|desktop&#8221; transform_skew__hover_enabled=&#8221;on|desktop&#8221; transform_origin__hover_enabled=&#8221;on|desktop&#8221; transform_scale__hover=&#8221;110%|110%&#8221;][\/et_pb_blurb][\/et_pb_column][et_pb_column type=&#8221;1_5&#8243; _builder_version=&#8221;4.17.4&#8243; _module_preset=&#8221;default&#8221; global_colors_info=&#8221;{}&#8221;][et_pb_blurb title=&#8221;Dugngal Rangdrol&#8221; url=&#8221;https:\/\/www.patrulrinpoche.net\/pl\/dugngal-rangdrol\/&#8221; image=&#8221;http:\/\/www.patrulrinpoche.net\/wp-content\/uploads\/2022\/06\/2-dugngal-rangdrol-buddhism.jpg&#8221; alt=&#8221;dugngal rangdrol&#8221; _builder_version=&#8221;4.17.4&#8243; _module_preset=&#8221;default&#8221; header_font=&#8221;EB Garamond|600||on|||||&#8221; header_text_align=&#8221;center&#8221; header_font_size=&#8221;22px&#8221; text_orientation=&#8221;justified&#8221; link_option_url=&#8221;https:\/\/www.patrulrinpoche.net\/pl\/dugngal-rangdrol\/&#8221; hover_enabled=&#8221;0&#8243; header_text_align_tablet=&#8221;center&#8221; header_text_align_phone=&#8221;center&#8221; header_text_align_last_edited=&#8221;on|phone&#8221; global_colors_info=&#8221;{}&#8221; filter_brightness__hover_enabled=&#8221;on|hover&#8221; filter_brightness__hover=&#8221;60%&#8221; transform_styles__hover_enabled=&#8221;on|hover&#8221; transform_scale__hover_enabled=&#8221;on|hover&#8221; transform_translate__hover_enabled=&#8221;on|desktop&#8221; transform_rotate__hover_enabled=&#8221;on|desktop&#8221; transform_skew__hover_enabled=&#8221;on|desktop&#8221; transform_origin__hover_enabled=&#8221;on|desktop&#8221; transform_scale__hover=&#8221;110%|110%&#8221; title_text=&#8221;2 dugngal rangdrol buddhism&#8221; sticky_enabled=&#8221;0&#8243;][\/et_pb_blurb][\/et_pb_column][et_pb_column type=&#8221;1_5&#8243; _builder_version=&#8221;4.17.4&#8243; _module_preset=&#8221;default&#8221; global_colors_info=&#8221;{}&#8221;][et_pb_blurb title=&#8221;Jumka Deczien&#8221; url=&#8221;https:\/\/www.patrulrinpoche.net\/pl\/jumka-deczien\/&#8221; image=&#8221;http:\/\/www.patrulrinpoche.net\/wp-content\/uploads\/2022\/06\/4-Yumka-Dechen-Gyalmo.jpg&#8221; alt=&#8221;4 Yumka Dechen Gyalmo&#8221; _builder_version=&#8221;4.17.4&#8243; _module_preset=&#8221;default&#8221; header_font=&#8221;EB Garamond|600||on|||||&#8221; header_text_align=&#8221;center&#8221; header_font_size=&#8221;22px&#8221; text_orientation=&#8221;justified&#8221; link_option_url=&#8221;https:\/\/www.patrulrinpoche.net\/pl\/jumka-deczien\/&#8221; header_text_align_tablet=&#8221;center&#8221; header_text_align_phone=&#8221;center&#8221; header_text_align_last_edited=&#8221;on|phone&#8221; global_colors_info=&#8221;{}&#8221; filter_brightness__hover_enabled=&#8221;on|hover&#8221; filter_brightness__hover=&#8221;60%&#8221; transform_styles__hover_enabled=&#8221;on|hover&#8221; transform_scale__hover_enabled=&#8221;on|hover&#8221; transform_translate__hover_enabled=&#8221;on|desktop&#8221; transform_rotate__hover_enabled=&#8221;on|desktop&#8221; transform_skew__hover_enabled=&#8221;on|desktop&#8221; transform_origin__hover_enabled=&#8221;on|desktop&#8221; transform_scale__hover=&#8221;110%|110%&#8221;][\/et_pb_blurb][\/et_pb_column][et_pb_column type=&#8221;1_5&#8243; _builder_version=&#8221;4.17.4&#8243; _module_preset=&#8221;default&#8221; global_colors_info=&#8221;{}&#8221;][et_pb_blurb title=&#8221;Simhamukha&#8221; url=&#8221;https:\/\/www.patrulrinpoche.net\/pl\/studiowanie-praktyki\/praktyka\/drupczien\/simhamukha\/&#8221; image=&#8221;http:\/\/www.patrulrinpoche.net\/wp-content\/uploads\/2022\/06\/5-Simhamukha01_big.jpg&#8221; alt=&#8221;5 Simhamukha&#8221; _builder_version=&#8221;4.17.4&#8243; _module_preset=&#8221;default&#8221; header_font=&#8221;EB Garamond|600||on|||||&#8221; header_text_align=&#8221;center&#8221; header_font_size=&#8221;22px&#8221; text_orientation=&#8221;justified&#8221; link_option_url=&#8221;https:\/\/www.patrulrinpoche.net\/pl\/studiowanie-praktyki\/praktyka\/drupczien\/simhamukha\/&#8221; header_text_align_tablet=&#8221;center&#8221; header_text_align_phone=&#8221;center&#8221; header_text_align_last_edited=&#8221;on|phone&#8221; global_colors_info=&#8221;{}&#8221; filter_brightness__hover_enabled=&#8221;on|hover&#8221; filter_brightness__hover=&#8221;60%&#8221; transform_styles__hover_enabled=&#8221;on|hover&#8221; transform_scale__hover_enabled=&#8221;on|hover&#8221; transform_translate__hover_enabled=&#8221;on|desktop&#8221; transform_rotate__hover_enabled=&#8221;on|desktop&#8221; transform_skew__hover_enabled=&#8221;on|desktop&#8221; transform_origin__hover_enabled=&#8221;on|desktop&#8221; transform_scale__hover=&#8221;110%|110%&#8221;][\/et_pb_blurb][\/et_pb_column][et_pb_column type=&#8221;1_5&#8243; _builder_version=&#8221;4.17.4&#8243; _module_preset=&#8221;default&#8221; global_colors_info=&#8221;{}&#8221;][et_pb_blurb title=&#8221;Czod&#8221; url=&#8221;https:\/\/www.patrulrinpoche.net\/study-practice\/practice\/drupchen\/chod\/&#8221; image=&#8221;http:\/\/www.patrulrinpoche.net\/wp-content\/uploads\/2022\/06\/6-chod-machig_labdron.jpg&#8221; alt=&#8221;6 chod machig_labdron&#8221; _builder_version=&#8221;4.17.4&#8243; _module_preset=&#8221;default&#8221; header_font=&#8221;EB Garamond|600||on|||||&#8221; header_text_align=&#8221;center&#8221; header_font_size=&#8221;22px&#8221; text_orientation=&#8221;justified&#8221; link_option_url=&#8221;https:\/\/www.patrulrinpoche.net\/study-practice\/practice\/drupchen\/chod\/&#8221; header_text_align_tablet=&#8221;center&#8221; header_text_align_phone=&#8221;center&#8221; header_text_align_last_edited=&#8221;on|phone&#8221; global_colors_info=&#8221;{}&#8221; filter_brightness__hover_enabled=&#8221;on|hover&#8221; filter_brightness__hover=&#8221;60%&#8221; transform_styles__hover_enabled=&#8221;on|hover&#8221; transform_scale__hover_enabled=&#8221;on|hover&#8221; transform_translate__hover_enabled=&#8221;on|desktop&#8221; transform_rotate__hover_enabled=&#8221;on|desktop&#8221; transform_skew__hover_enabled=&#8221;on|desktop&#8221; transform_origin__hover_enabled=&#8221;on|desktop&#8221; transform_scale__hover=&#8221;110%|110%&#8221;][\/et_pb_blurb][\/et_pb_column][\/et_pb_row][\/et_pb_section]<\/p>\n","protected":false},"excerpt":{"rendered":"<p>Drupczien Wad\u017crasattwyRanjak Patrul Rinpocze otrzyma\u0142 przekaz sadhany drupczienu Minling Dorsem w Klasztorze Dzogczien (Tybet) od Kjabdzie Drukpy Tulku Rinpocze. Jak to si\u0119 zacz\u0119\u0142o?Rdzenny nauczyciel Ranjaka Patrula Rinpocze, Kjabdzie Drukpa Tulku Rinpocze, otoczy\u0142 Minling Dorsem szczeg\u00f3ln\u0105 trosk\u0105. W okolicach Dzogczien, gdy kto\u015b umiera, po dw\u00f3ch dniach zaprasza si\u0119 dziesi\u0119ciu mnich\u00f3w, by praktykowali Minling Dorsem. To przynosi [&hellip;]<\/p>\n","protected":false},"author":1,"featured_media":0,"parent":14720,"menu_order":3,"comment_status":"closed","ping_status":"closed","template":"","meta":{"_et_pb_use_builder":"on","_et_pb_old_content":"","_et_gb_content_width":"","footnotes":""},"class_list":["post-14814","page","type-page","status-publish","hentry"],"_links":{"self":[{"href":"https:\/\/www.patrulrinpoche.net\/pl\/wp-json\/wp\/v2\/pages\/14814","targetHints":{"allow":["GET"]}}],"collection":[{"href":"https:\/\/www.patrulrinpoche.net\/pl\/wp-json\/wp\/v2\/pages"}],"about":[{"href":"https:\/\/www.patrulrinpoche.net\/pl\/wp-json\/wp\/v2\/types\/page"}],"author":[{"embeddable":true,"href":"https:\/\/www.patrulrinpoche.net\/pl\/wp-json\/wp\/v2\/users\/1"}],"replies":[{"embeddable":true,"href":"https:\/\/www.patrulrinpoche.net\/pl\/wp-json\/wp\/v2\/comments?post=14814"}],"version-history":[{"count":0,"href":"https:\/\/www.patrulrinpoche.net\/pl\/wp-json\/wp\/v2\/pages\/14814\/revisions"}],"up":[{"embeddable":true,"href":"https:\/\/www.patrulrinpoche.net\/pl\/wp-json\/wp\/v2\/pages\/14720"}],"wp:attachment":[{"href":"https:\/\/www.patrulrinpoche.net\/pl\/wp-json\/wp\/v2\/media?parent=14814"}],"curies":[{"name":"wp","href":"https:\/\/api.w.org\/{rel}","templated":true}]}}