{"id":14891,"date":"2024-03-12T21:55:57","date_gmt":"2024-03-12T20:55:57","guid":{"rendered":"https:\/\/www.patrulrinpoche.net\/wizja\/"},"modified":"2024-03-19T12:12:21","modified_gmt":"2024-03-19T11:12:21","slug":"wizja","status":"publish","type":"page","link":"https:\/\/www.patrulrinpoche.net\/pl\/wizja\/","title":{"rendered":"Wizja"},"content":{"rendered":"<p>[et_pb_section fb_built=&#8221;1&#8243; fullwidth=&#8221;on&#8221; _builder_version=&#8221;4.17.3&#8243; _module_preset=&#8221;default&#8221; da_disable_devices=&#8221;off|off|off&#8221; global_colors_info=&#8221;{}&#8221; da_is_popup=&#8221;off&#8221; da_exit_intent=&#8221;off&#8221; da_has_close=&#8221;on&#8221; da_alt_close=&#8221;off&#8221; da_dark_close=&#8221;off&#8221; da_not_modal=&#8221;on&#8221; da_is_singular=&#8221;off&#8221; da_with_loader=&#8221;off&#8221; da_has_shadow=&#8221;on&#8221;][et_pb_fullwidth_header title=&#8221;Wizja&#8221; text_orientation=&#8221;center&#8221; header_fullscreen=&#8221;on&#8221; header_scroll_down=&#8221;on&#8221; scroll_down_icon=&#8221;%%8%%&#8221; scroll_down_icon_color=&#8221;#FFFFFF&#8221; disabled_on=&#8221;off|on|on&#8221; _builder_version=&#8221;4.17.4&#8243; _module_preset=&#8221;default&#8221; title_level=&#8221;h4&#8243; title_font=&#8221;|||on|||||&#8221; title_text_align=&#8221;left&#8221; title_font_size=&#8221;66px&#8221; background_enable_color=&#8221;off&#8221; background_image=&#8221;http:\/\/www.patrulrinpoche.net\/wp-content\/uploads\/2022\/05\/Georgia_PatrulRinpoche.jpg&#8221; title_font_size_tablet=&#8221;66px&#8221; title_font_size_phone=&#8221;35px&#8221; title_font_size_last_edited=&#8221;on|phone&#8221; title_text_shadow_style=&#8221;preset1&#8243; global_colors_info=&#8221;{}&#8221;][\/et_pb_fullwidth_header][\/et_pb_section][et_pb_section fb_built=&#8221;1&#8243; _builder_version=&#8221;4.17.4&#8243; _module_preset=&#8221;default&#8221; da_disable_devices=&#8221;off|off|off&#8221; global_colors_info=&#8221;{}&#8221; da_is_popup=&#8221;off&#8221; da_exit_intent=&#8221;off&#8221; da_has_close=&#8221;on&#8221; da_alt_close=&#8221;off&#8221; da_dark_close=&#8221;off&#8221; da_not_modal=&#8221;on&#8221; da_is_singular=&#8221;off&#8221; da_with_loader=&#8221;off&#8221; da_has_shadow=&#8221;on&#8221;][et_pb_row column_structure=&#8221;2_5,3_5&#8243; _builder_version=&#8221;4.17.4&#8243; _module_preset=&#8221;default&#8221; global_colors_info=&#8221;{}&#8221;][et_pb_column type=&#8221;2_5&#8243; _builder_version=&#8221;4.17.4&#8243; _module_preset=&#8221;default&#8221; global_colors_info=&#8221;{}&#8221;][et_pb_text _builder_version=&#8221;4.17.4&#8243; _module_preset=&#8221;default&#8221; header_3_font_size=&#8221;54px&#8221; header_4_font=&#8221;Source Sans Pro|600|||||||&#8221; header_4_font_size=&#8221;26px&#8221; text_orientation=&#8221;justified&#8221; header_3_font_size_tablet=&#8221;54px&#8221; header_3_font_size_phone=&#8221;32px&#8221; header_3_font_size_last_edited=&#8221;on|phone&#8221; global_colors_info=&#8221;{}&#8221;]<\/p>\n<h3 style=\"text-align: left;\"><strong>Trwa\u0142o\u015b\u0107<\/strong><\/h3>\n<p>&nbsp;<\/p>\n<p>Wyj\u0105tkow\u0105 cech\u0105 dzia\u0142alno\u015bci Patrula Rinpocze jest samowystarczalno\u015b\u0107 na r\u00f3\u017cnych poziomach. Opiera si\u0119 na <strong>szerokiej wizji dzia\u0142ania, kt\u00f3re generuje zyski przynosz\u0105ce korzy\u015bci innym.<\/strong><\/p>\n<h4><strong> <\/strong><\/h4>\n<h4><strong>Dlaczego jest ona wyj\u0105tkowa?<\/strong><\/h4>\n<p>Poniewa\u017c umo\u017cliwia niesienie pomocy bez ci\u0105g\u0142ego proszenia innych o datki.<\/p>\n<p>[\/et_pb_text][\/et_pb_column][et_pb_column type=&#8221;3_5&#8243; _builder_version=&#8221;4.17.4&#8243; _module_preset=&#8221;default&#8221; global_colors_info=&#8221;{}&#8221;][et_pb_image src=&#8221;http:\/\/www.patrulrinpoche.net\/wp-content\/uploads\/2022\/05\/Georgia_PatrulRinpoche.jpg&#8221; alt=&#8221;Georgia_PatrulRinpoche&#8221; title_text=&#8221;Georgia_PatrulRinpoche&#8221; disabled_on=&#8221;on|off|off&#8221; _builder_version=&#8221;4.17.4&#8243; _module_preset=&#8221;default&#8221; global_colors_info=&#8221;{}&#8221;][\/et_pb_image][\/et_pb_column][\/et_pb_row][et_pb_row _builder_version=&#8221;4.17.4&#8243; _module_preset=&#8221;default&#8221; custom_margin=&#8221;-30px||||false|false&#8221; global_colors_info=&#8221;{}&#8221;][et_pb_column type=&#8221;4_4&#8243; _builder_version=&#8221;4.17.4&#8243; _module_preset=&#8221;default&#8221; global_colors_info=&#8221;{}&#8221;][et_pb_text _builder_version=&#8221;4.17.4&#8243; _module_preset=&#8221;default&#8221; header_3_font_size=&#8221;54px&#8221; header_4_font=&#8221;Source Sans Pro|600|||||||&#8221; header_4_font_size=&#8221;26px&#8221; text_orientation=&#8221;justified&#8221; header_3_font_size_tablet=&#8221;54px&#8221; header_3_font_size_phone=&#8221;32px&#8221; header_3_font_size_last_edited=&#8221;on|phone&#8221; global_colors_info=&#8221;{}&#8221;]<\/p>\n<p>Dzia\u0142aj\u0105c bardzo racjonalnie, <strong>Patrul Rinpocze i jego uczniowie stworzyli Dzogczen Gelek Palbar Ling, zr\u00f3wnowa\u017con\u0105 organizacj\u0119 non-profit, kt\u00f3rej g\u0142\u00f3wnym celem jest<\/strong> <strong>zachowanie drogocennych nauk Buddy. W <span style=\"color: #ffcc00;\"><a href=\"https:\/\/www.patrulrinpoche.net\/pl\/dharma-city\/\" style=\"color: #ffcc00;\">Dharma City<\/a><\/span> mo\u017cna wypi\u0107 fili\u017cank\u0119 kawy, zje\u015b\u0107 pyszny obiad w przyjemnym miejscu i nadal pomaga\u0107.<\/strong><\/p>\n<p>[\/et_pb_text][et_pb_text _builder_version=&#8221;4.17.4&#8243; _module_preset=&#8221;default&#8221; header_3_font_size=&#8221;47px&#8221; header_4_font=&#8221;Source Sans Pro|600|||||||&#8221; header_4_font_size=&#8221;26px&#8221; text_orientation=&#8221;justified&#8221; custom_margin=&#8221;25px||||false|false&#8221; custom_padding=&#8221;20px||0px|0px|false|false&#8221; header_3_font_size_tablet=&#8221;47px&#8221; header_3_font_size_phone=&#8221;32px&#8221; header_3_font_size_last_edited=&#8221;on|phone&#8221; global_colors_info=&#8221;{}&#8221;]<\/p>\n<h3 style=\"text-align: left;\"><strong>W jaki spos\u00f3b?<\/strong><\/h3>\n<p><strong> <\/strong><\/p>\n<p>Rinpocze wyszed\u0142 z pomys\u0142em stworzenia <span style=\"color: #ffcc00;\"><a href=\"https:\/\/www.patrulrinpoche.net\/pl\/dharma-city\/\" style=\"color: #ffcc00;\"><strong>&#8220;Miasta Dharmy&#8221;<\/strong><\/a><\/span> z otwart\u0105 dla og\u00f3\u0142u <span style=\"color: #ffcc00;\"><a href=\"https:\/\/www.patrulrinpoche.net\/dharma-city\/teahouse\/\" style=\"color: #ffcc00;\"><strong>herbaciarni\u0105<\/strong><\/a><\/span> i <span style=\"color: #ffcc00;\"><a href=\"https:\/\/www.patrulrinpoche.net\/dharma-city\/space-for-rent\/\" style=\"color: #ffcc00;\"><strong>wynajmem pokoi<\/strong><\/a><\/span>. P\u00f3\u017aniej Dzogczien Gelek Palbar Ling zacz\u0105\u0142 szereg inicjatyw, mi\u0119dzy innymi organizuj\u0105c szereg wydarze\u0144 kulturalnych i prowadz\u0105c <span style=\"color: #ffcc00;\"><a href=\"https:\/\/www.patrulrinpoche.net\/dharma-city\/bio-shop\/\" style=\"color: #ffcc00;\"><strong>sklep z produktami organicznymi<\/strong><\/a><\/span>. Dzia\u0142ania te wspieraj\u0105 o\u015brodek buddyjski. Na pocz\u0105tku pomog\u0142o to zapewi\u0107 kursantom lepsze ksi\u0105\u017cki i materace do spania &#8211; wielu z nich doceni\u0142o ten fakt. P\u00f3\u017aniej wspiera\u0142 budow\u0119 \u015bwi\u0105tyni, publikacje, coraz wi\u0119ksze i powa\u017cniejsze projekty. Obecnie pozwala to organizacji rozwija\u0107 si\u0119, dysponuj\u0105c w\u0142asnymi zasobami, maj\u0105c na celu udost\u0119pnienie nauk Dharmy ka\u017cdemu, niezale\u017cnie od jego sytuacji finansowej. Ten samowystarczalno\u015b\u0107 stwarza wyj\u0105tkowe mo\u017cliwo\u015bci.<\/p>\n<p>[\/et_pb_text][\/et_pb_column][\/et_pb_row][et_pb_row column_structure=&#8221;2_5,3_5&#8243; _builder_version=&#8221;4.17.4&#8243; _module_preset=&#8221;default&#8221; global_colors_info=&#8221;{}&#8221;][et_pb_column type=&#8221;2_5&#8243; _builder_version=&#8221;4.17.4&#8243; _module_preset=&#8221;default&#8221; global_colors_info=&#8221;{}&#8221;][et_pb_text _builder_version=&#8221;4.17.4&#8243; _module_preset=&#8221;default&#8221; header_3_font_size=&#8221;54px&#8221; header_4_font=&#8221;Source Sans Pro|600|||||||&#8221; header_4_font_size=&#8221;26px&#8221; text_orientation=&#8221;justified&#8221; header_3_font_size_tablet=&#8221;54px&#8221; header_3_font_size_phone=&#8221;32px&#8221; header_3_font_size_last_edited=&#8221;on|phone&#8221; global_colors_info=&#8221;{}&#8221;]<\/p>\n<p>Dzi\u0119ki wizji Rinpocze Dharma City jest dzi\u015b o\u015brodkiem w du\u017cej mierze niezale\u017cnym finansowo. Chcesz dowiedzie\u0107 si\u0119 wi\u0119cej o <span style=\"color: #ffcc00;\"><a href=\"https:\/\/www.patrulrinpoche.net\/pl\/dharma-city\/\" style=\"color: #ffcc00;\"><strong>Dharma City<\/strong><\/a><\/span>?<\/p>\n<p>Wszystkie dochody przeznaczane s\u0105 na rozwijanie Buddhadharmy w r\u00f3\u017cnych formach publikacji i t\u0142umacze\u0144, wspieranie intelektualnego i duchowego rozwoju uczni\u00f3w, a tak\u017ce zachowanie kultury tybeta\u0144skiej i wspieranie dzia\u0142alno\u015bci charytatywnej na rzecz spo\u0142eczno\u015bci tybeta\u0144skiej itp. Anga\u017cuje wielu ludzi i wielu osobom odmienia ich \u017cycie. <\/p>\n<p>[\/et_pb_text][\/et_pb_column][et_pb_column type=&#8221;3_5&#8243; _builder_version=&#8221;4.17.4&#8243; _module_preset=&#8221;default&#8221; global_colors_info=&#8221;{}&#8221;][et_pb_image src=&#8221;http:\/\/www.patrulrinpoche.net\/wp-content\/uploads\/2022\/06\/vision-Rinpoche.jpg&#8221; alt=&#8221;wizja Rinpocze&#8221; title_text=&#8221;wizja Rinpocze&#8221; disabled_on=&#8221;off|off|off&#8221; _builder_version=&#8221;4.17.4&#8243; _module_preset=&#8221;default&#8221; global_colors_info=&#8221;{}&#8221;][\/et_pb_image][\/et_pb_column][\/et_pb_row][et_pb_row _builder_version=&#8221;4.17.4&#8243; _module_preset=&#8221;default&#8221; custom_margin=&#8221;-40px||||false|false&#8221; global_colors_info=&#8221;{}&#8221;][et_pb_column type=&#8221;4_4&#8243; _builder_version=&#8221;4.17.4&#8243; _module_preset=&#8221;default&#8221; global_colors_info=&#8221;{}&#8221;][et_pb_text _builder_version=&#8221;4.17.4&#8243; _module_preset=&#8221;default&#8221; text_orientation=&#8221;justified&#8221; global_colors_info=&#8221;{}&#8221;]<\/p>\n<p>To faktycznie zmienia posta\u0107 rzeczy, poniewa\u017c w ostatecznym rozrachunku pomaga <strong>nie jednej, ale wielu osobom<\/strong>. Wszystko to by\u0142o mo\u017cliwe tylko dzi\u0119ki g\u0142\u0119bokiej motywacji Rinpocze do pomagania innym.<\/p>\n<p>By\u0142o to mo\u017cliwe, poniewa\u017c Rinpocze dostrzega\u0142 r\u00f3\u017cne problemy finansowe i niezaspokojone potrzeby wielu swoich uczni\u00f3w. Potrafi\u0142 dostrzec potencja\u0142 otaczaj\u0105cych go ludzi i mia\u0142 m\u0105dro\u015b\u0107, kt\u00f3ra pozwala\u0142a mu zintegrowa\u0107 ich talenty i entuzjazm. Zaanga\u017cowa\u0142 wiele os\u00f3b w dzia\u0142alno\u015b\u0107 altruistyczn\u0105.<\/p>\n<p>[\/et_pb_text][\/et_pb_column][\/et_pb_row][\/et_pb_section][et_pb_section fb_built=&#8221;1&#8243; _builder_version=&#8221;4.17.4&#8243; _module_preset=&#8221;default&#8221; custom_margin_tablet=&#8221;&#8221; custom_margin_phone=&#8221;||-80px||false|false&#8221; custom_margin_last_edited=&#8221;on|phone&#8221; custom_padding=&#8221;0px||||false|false&#8221; da_disable_devices=&#8221;off|off|off&#8221; global_colors_info=&#8221;{}&#8221; da_is_popup=&#8221;off&#8221; da_exit_intent=&#8221;off&#8221; da_has_close=&#8221;on&#8221; da_alt_close=&#8221;off&#8221; da_dark_close=&#8221;off&#8221; da_not_modal=&#8221;on&#8221; da_is_singular=&#8221;off&#8221; da_with_loader=&#8221;off&#8221; da_has_shadow=&#8221;on&#8221;][et_pb_row column_structure=&#8221;1_5,3_5,1_5&#8243; _builder_version=&#8221;4.17.4&#8243; _module_preset=&#8221;default&#8221; global_colors_info=&#8221;{}&#8221;][et_pb_column type=&#8221;1_5&#8243; _builder_version=&#8221;4.17.4&#8243; _module_preset=&#8221;default&#8221; global_colors_info=&#8221;{}&#8221;][\/et_pb_column][et_pb_column type=&#8221;3_5&#8243; _builder_version=&#8221;4.17.4&#8243; _module_preset=&#8221;default&#8221; global_colors_info=&#8221;{}&#8221;][et_pb_image src=&#8221;http:\/\/www.patrulrinpoche.net\/wp-content\/uploads\/2022\/05\/Patrul-Rinpoche_vision-activities.jpg&#8221; alt=&#8221;Patrul Rinpoche_vision activities&#8221; title_text=&#8221;Patrul Rinpoche_vision activities&#8221; _builder_version=&#8221;4.17.4&#8243; _module_preset=&#8221;default&#8221; custom_margin=&#8221;||||false|false&#8221; custom_margin_tablet=&#8221;-33px||||false|false&#8221; custom_margin_phone=&#8221;0px||||false|false&#8221; custom_margin_last_edited=&#8221;on|phone&#8221; animation_style=&#8221;fade&#8221; global_colors_info=&#8221;{}&#8221;][\/et_pb_image][\/et_pb_column][et_pb_column type=&#8221;1_5&#8243; _builder_version=&#8221;4.17.4&#8243; _module_preset=&#8221;default&#8221; global_colors_info=&#8221;{}&#8221;][\/et_pb_column][\/et_pb_row][\/et_pb_section][et_pb_section fb_built=&#8221;1&#8243; _builder_version=&#8221;4.17.3&#8243; _module_preset=&#8221;default&#8221; custom_padding=&#8221;0px||||false|false&#8221; da_disable_devices=&#8221;off|off|off&#8221; global_colors_info=&#8221;{}&#8221; da_is_popup=&#8221;off&#8221; da_exit_intent=&#8221;off&#8221; da_has_close=&#8221;on&#8221; da_alt_close=&#8221;off&#8221; da_dark_close=&#8221;off&#8221; da_not_modal=&#8221;on&#8221; da_is_singular=&#8221;off&#8221; da_with_loader=&#8221;off&#8221; da_has_shadow=&#8221;on&#8221;][et_pb_row _builder_version=&#8221;4.17.3&#8243; _module_preset=&#8221;default&#8221; custom_margin=&#8221;30px||||false|false&#8221; custom_padding=&#8221;||0px||false|false&#8221; global_colors_info=&#8221;{}&#8221;][et_pb_column type=&#8221;4_4&#8243; _builder_version=&#8221;4.17.3&#8243; _module_preset=&#8221;default&#8221; global_colors_info=&#8221;{}&#8221;][et_pb_text disabled_on=&#8221;on|off|off&#8221; _builder_version=&#8221;4.17.4&#8243; _module_preset=&#8221;default&#8221; header_4_font_size=&#8221;31px&#8221; header_4_line_height=&#8221;3.4px&#8221; custom_margin=&#8221;0px||||false|false&#8221; global_colors_info=&#8221;{}&#8221;]<\/p>\n<h4 style=\"text-align: center;\">Ta wielka wizja jest cenna.<\/h4>\n<p>&nbsp;<\/p>\n<h4 style=\"text-align: center;\">Po\u015br\u00f3d organizacji charytatywnych, samowystarczalno\u015b\u0107 jest czym\u015b wyj\u0105tkowym.<\/h4>\n<p>[\/et_pb_text][et_pb_text disabled_on=&#8221;off|on|on&#8221; _builder_version=&#8221;4.17.4&#8243; _module_preset=&#8221;default&#8221; header_4_font_size=&#8221;31px&#8221; header_4_line_height=&#8221;3.4px&#8221; custom_margin=&#8221;0px||||false|false&#8221; global_colors_info=&#8221;{}&#8221;]<\/p>\n<h4 style=\"text-align: center;\">WIelka wizja<\/h4>\n<h4 style=\"text-align: center;\"> <\/h4>\n<h4 style=\"text-align: center;\">jest cenna. Samowystarczalno\u015b\u0107<\/h4>\n<p>&nbsp;<\/p>\n<h4 style=\"text-align: center;\">organizacji<\/h4>\n<h4 style=\"text-align: center;\"><\/h4>\n<h4 style=\"text-align: center;\"><\/h4>\n<h4 style=\"text-align: center;\">charytatywnej<\/h4>\n<h4 style=\"text-align: center;\"><\/h4>\n<h4 style=\"text-align: center;\"><\/h4>\n<h4 style=\"text-align: center;\">jest<\/h4>\n<h4 style=\"text-align: center;\"> <\/h4>\n<h4 style=\"text-align: center;\">wyj\u0105tkowa<\/h4>\n<p>[\/et_pb_text][\/et_pb_column][\/et_pb_row][et_pb_row _builder_version=&#8221;4.17.4&#8243; _module_preset=&#8221;default&#8221; custom_margin=&#8221;20px||||false|false&#8221; global_colors_info=&#8221;{}&#8221;][et_pb_column type=&#8221;4_4&#8243; _builder_version=&#8221;4.17.3&#8243; _module_preset=&#8221;default&#8221; global_colors_info=&#8221;{}&#8221;][et_pb_text admin_label=&#8221;Text&#8221; _builder_version=&#8221;4.17.4&#8243; _module_preset=&#8221;default&#8221; header_4_font=&#8221;EB Garamond|500|||||||&#8221; header_4_font_size=&#8221;25px&#8221; custom_padding=&#8221;15px||15px|0px|false|false&#8221; border_width_top=&#8221;1px&#8221; border_color_top=&#8221;#881719&#8243; border_width_bottom=&#8221;1px&#8221; border_color_bottom=&#8221;#881719&#8243; global_colors_info=&#8221;{}&#8221;]<\/p>\n<h4 style=\"text-align: center;\">&#8220;Pocz\u0105wszy od dzisiaj, dla dobra wszystkich istot-naszych matek,<\/h4>\n<h4 style=\"text-align: center;\">Nigdy nie b\u0119d\u0105c oddzielonym od drogocennego umys\u0142u mi\u0142uj\u0105cej dobroci,<\/h4>\n<h4 style=\"text-align: center;\">I z niezachwian\u0105 gorliwo\u015bci\u0105 b\u0119d\u0119 rado\u015bnie i<\/h4>\n<h4 style=\"text-align: center;\">Z pilno\u015bci\u0105 zobowi\u0105zuj\u0119 si\u0119 do ich przestrzegania&#8221;.<\/h4>\n<p>[\/et_pb_text][et_pb_text _builder_version=&#8221;4.17.4&#8243; _module_preset=&#8221;default&#8221; header_5_font_size=&#8221;20px&#8221; hover_enabled=&#8221;0&#8243; global_colors_info=&#8221;{}&#8221; custom_padding=&#8221;0px||50px|0px|false|false&#8221; sticky_enabled=&#8221;0&#8243;]<\/p>\n<h5 style=\"text-align: right;\"><span style=\"font-family: Calibri, serif;\"><span style=\"font-size: small;\"><span lang=\"en-US\">&#8220;Poszukiwanie samowyzwolenia&#8221;, Patrul Rinpocze<\/span><\/span><\/span><\/h5>\n<p>[\/et_pb_text][\/et_pb_column][\/et_pb_row][et_pb_row _builder_version=&#8221;4.17.4&#8243; _module_preset=&#8221;default&#8221; custom_margin=&#8221;-40px||||false|false&#8221; global_colors_info=&#8221;{}&#8221;][et_pb_column type=&#8221;4_4&#8243; _builder_version=&#8221;4.17.3&#8243; _module_preset=&#8221;default&#8221; global_colors_info=&#8221;{}&#8221;][et_pb_image src=&#8221;http:\/\/www.patrulrinpoche.net\/wp-content\/uploads\/2022\/05\/Activity_Patrul-Rinpoche.jpg&#8221; alt=&#8221;Activity_Patrul Rinpoche&#8221; title_text=&#8221;Activity_Patrul Rinpoche&#8221; align=&#8221;center&#8221; admin_label=&#8221;Image&#8221; _builder_version=&#8221;4.17.4&#8243; _module_preset=&#8221;default&#8221; animation_style=&#8221;fade&#8221; global_colors_info=&#8221;{}&#8221;][\/et_pb_image][\/et_pb_column][\/et_pb_row][et_pb_row column_structure=&#8221;1_4,1_4,1_4,1_4&#8243; _builder_version=&#8221;4.17.3&#8243; _module_preset=&#8221;default&#8221; global_colors_info=&#8221;{}&#8221;][et_pb_column type=&#8221;1_4&#8243; _builder_version=&#8221;4.17.3&#8243; _module_preset=&#8221;default&#8221; global_colors_info=&#8221;{}&#8221;][et_pb_blurb title=&#8221;Zachowanie kultury i dziedzictwa&#8221; url=&#8221;https:\/\/www.patrulrinpoche.net\/pl\/zachowanie-kultury-i-dziedzictwa\/&#8221; image=&#8221;http:\/\/www.patrulrinpoche.net\/wp-content\/uploads\/2022\/05\/2.-pres.png&#8221; alt=&#8221;Zachowanie kultury i dziedzictwa&#8221; _builder_version=&#8221;4.17.4&#8243; _module_preset=&#8221;default&#8221; header_font=&#8221;|600||on|||||&#8221; header_text_align=&#8221;center&#8221; link_option_url=&#8221;https:\/\/www.patrulrinpoche.net\/pl\/zachowanie-kultury-i-dziedzictwa\/&#8221; global_colors_info=&#8221;{}&#8221; filter_sepia__hover_enabled=&#8221;on|desktop&#8221; filter_sepia__hover=&#8221;0%&#8221; filter_saturate__hover_enabled=&#8221;on|hover&#8221; filter_saturate__hover=&#8221;100%&#8221; filter_blur__hover_enabled=&#8221;on|hover&#8221; filter_blur__hover=&#8221;0px&#8221; filter_invert__hover_enabled=&#8221;on|hover&#8221; filter_invert__hover=&#8221;0%&#8221; child_filter_brightness__hover_enabled=&#8221;on|hover&#8221; child_filter_brightness__hover=&#8221;100%&#8221; child_filter_blur__hover_enabled=&#8221;on|hover&#8221; child_filter_blur__hover=&#8221;0px&#8221; header_text_color__hover_enabled=&#8221;on|hover&#8221; header_text_color__hover=&#8221;#881719&#8243; transform_styles__hover_enabled=&#8221;on|hover&#8221; transform_scale__hover_enabled=&#8221;on|hover&#8221; transform_translate__hover_enabled=&#8221;on|hover&#8221; transform_rotate__hover_enabled=&#8221;on|hover&#8221; transform_skew__hover_enabled=&#8221;on|hover&#8221; transform_origin__hover_enabled=&#8221;on|hover&#8221; transform_scale__hover=&#8221;110%|110%&#8221;][\/et_pb_blurb][\/et_pb_column][et_pb_column type=&#8221;1_4&#8243; _builder_version=&#8221;4.17.3&#8243; _module_preset=&#8221;default&#8221; global_colors_info=&#8221;{}&#8221;][et_pb_blurb title=&#8221;Nauczyciel&#8221; url=&#8221;https:\/\/www.patrulrinpoche.net\/pl\/nauczyciel\/&#8221; image=&#8221;http:\/\/www.patrulrinpoche.net\/wp-content\/uploads\/2022\/05\/3.-teach.png&#8221; alt=&#8221;nauczyciel&#8221; _builder_version=&#8221;4.17.4&#8243; _module_preset=&#8221;default&#8221; header_font=&#8221;|600||on|||||&#8221; header_text_align=&#8221;center&#8221; link_option_url=&#8221;https:\/\/www.patrulrinpoche.net\/pl\/nauczyciel\/&#8221; global_colors_info=&#8221;{}&#8221; filter_sepia__hover_enabled=&#8221;on|desktop&#8221; filter_sepia__hover=&#8221;0%&#8221; filter_saturate__hover_enabled=&#8221;on|hover&#8221; filter_saturate__hover=&#8221;100%&#8221; filter_blur__hover_enabled=&#8221;on|hover&#8221; filter_blur__hover=&#8221;0px&#8221; filter_invert__hover_enabled=&#8221;on|hover&#8221; filter_invert__hover=&#8221;0%&#8221; child_filter_brightness__hover_enabled=&#8221;on|hover&#8221; child_filter_brightness__hover=&#8221;100%&#8221; child_filter_blur__hover_enabled=&#8221;on|hover&#8221; child_filter_blur__hover=&#8221;0px&#8221; header_text_color__hover_enabled=&#8221;on|hover&#8221; header_text_color__hover=&#8221;#881719&#8243; transform_styles__hover_enabled=&#8221;on|hover&#8221; transform_scale__hover_enabled=&#8221;on|hover&#8221; transform_translate__hover_enabled=&#8221;on|hover&#8221; transform_rotate__hover_enabled=&#8221;on|hover&#8221; transform_skew__hover_enabled=&#8221;on|hover&#8221; transform_origin__hover_enabled=&#8221;on|hover&#8221; transform_scale__hover=&#8221;110%|110%&#8221;][\/et_pb_blurb][\/et_pb_column][et_pb_column type=&#8221;1_4&#8243; _builder_version=&#8221;4.17.3&#8243; _module_preset=&#8221;default&#8221; global_colors_info=&#8221;{}&#8221;][et_pb_blurb title=&#8221;Artysta&#8221; url=&#8221;https:\/\/www.patrulrinpoche.net\/pl\/artysta\/&#8221; image=&#8221;http:\/\/www.patrulrinpoche.net\/wp-content\/uploads\/2022\/05\/4-art.jpg&#8221; alt=&#8221;Artysta&#8221; _builder_version=&#8221;4.17.4&#8243; _module_preset=&#8221;default&#8221; header_font=&#8221;|600||on|||||&#8221; header_text_align=&#8221;center&#8221; link_option_url=&#8221;https:\/\/www.patrulrinpoche.net\/pl\/artysta\/&#8221; global_colors_info=&#8221;{}&#8221; filter_sepia__hover_enabled=&#8221;on|desktop&#8221; filter_sepia__hover=&#8221;0%&#8221; filter_saturate__hover_enabled=&#8221;on|hover&#8221; filter_saturate__hover=&#8221;100%&#8221; filter_blur__hover_enabled=&#8221;on|hover&#8221; filter_blur__hover=&#8221;0px&#8221; filter_invert__hover_enabled=&#8221;on|hover&#8221; filter_invert__hover=&#8221;0%&#8221; child_filter_brightness__hover_enabled=&#8221;on|hover&#8221; child_filter_brightness__hover=&#8221;100%&#8221; child_filter_blur__hover_enabled=&#8221;on|hover&#8221; child_filter_blur__hover=&#8221;0px&#8221; header_text_color__hover_enabled=&#8221;on|hover&#8221; header_text_color__hover=&#8221;#881719&#8243; transform_styles__hover_enabled=&#8221;on|hover&#8221; transform_scale__hover_enabled=&#8221;on|hover&#8221; transform_translate__hover_enabled=&#8221;on|hover&#8221; transform_rotate__hover_enabled=&#8221;on|hover&#8221; transform_skew__hover_enabled=&#8221;on|hover&#8221; transform_origin__hover_enabled=&#8221;on|hover&#8221; transform_scale__hover=&#8221;110%|110%&#8221;][\/et_pb_blurb][\/et_pb_column][et_pb_column type=&#8221;1_4&#8243; _builder_version=&#8221;4.17.3&#8243; _module_preset=&#8221;default&#8221; global_colors_info=&#8221;{}&#8221;][et_pb_blurb title=&#8221;Pisarz&#8221; url=&#8221;https:\/\/www.patrulrinpoche.net\/pl\/pisarz\/&#8221; image=&#8221;http:\/\/www.patrulrinpoche.net\/wp-content\/uploads\/2022\/05\/5.-writ.png&#8221; alt=&#8221;Pisarz&#8221; _builder_version=&#8221;4.17.4&#8243; _module_preset=&#8221;default&#8221; header_font=&#8221;|600||on|||||&#8221; header_text_align=&#8221;center&#8221; link_option_url=&#8221;https:\/\/www.patrulrinpoche.net\/pl\/pisarz\/&#8221; global_colors_info=&#8221;{}&#8221; filter_sepia__hover_enabled=&#8221;on|desktop&#8221; filter_sepia__hover=&#8221;0%&#8221; filter_saturate__hover_enabled=&#8221;on|hover&#8221; filter_saturate__hover=&#8221;100%&#8221; filter_blur__hover_enabled=&#8221;on|hover&#8221; filter_blur__hover=&#8221;0px&#8221; filter_invert__hover_enabled=&#8221;on|hover&#8221; filter_invert__hover=&#8221;0%&#8221; child_filter_brightness__hover_enabled=&#8221;on|hover&#8221; child_filter_brightness__hover=&#8221;100%&#8221; child_filter_blur__hover_enabled=&#8221;on|hover&#8221; child_filter_blur__hover=&#8221;0px&#8221; header_text_color__hover_enabled=&#8221;on|hover&#8221; header_text_color__hover=&#8221;#881719&#8243; transform_styles__hover_enabled=&#8221;on|hover&#8221; transform_scale__hover_enabled=&#8221;on|hover&#8221; transform_translate__hover_enabled=&#8221;on|hover&#8221; transform_rotate__hover_enabled=&#8221;on|hover&#8221; transform_skew__hover_enabled=&#8221;on|hover&#8221; transform_origin__hover_enabled=&#8221;on|hover&#8221; transform_scale__hover=&#8221;110%|110%&#8221;][\/et_pb_blurb][\/et_pb_column][\/et_pb_row][\/et_pb_section]<\/p>\n","protected":false},"excerpt":{"rendered":"<p>Trwa\u0142o\u015b\u0107 &nbsp; Wyj\u0105tkow\u0105 cech\u0105 dzia\u0142alno\u015bci Patrula Rinpocze jest samowystarczalno\u015b\u0107 na r\u00f3\u017cnych poziomach. Opiera si\u0119 na szerokiej wizji dzia\u0142ania, kt\u00f3re generuje zyski przynosz\u0105ce korzy\u015bci innym. Dlaczego jest ona wyj\u0105tkowa? Poniewa\u017c umo\u017cliwia niesienie pomocy bez ci\u0105g\u0142ego proszenia innych o datki.Dzia\u0142aj\u0105c bardzo racjonalnie, Patrul Rinpocze i jego uczniowie stworzyli Dzogczen Gelek Palbar Ling, zr\u00f3wnowa\u017con\u0105 organizacj\u0119 non-profit, kt\u00f3rej g\u0142\u00f3wnym [&hellip;]<\/p>\n","protected":false},"author":3,"featured_media":0,"parent":0,"menu_order":0,"comment_status":"closed","ping_status":"closed","template":"","meta":{"_et_pb_use_builder":"on","_et_pb_old_content":"","_et_gb_content_width":"","footnotes":""},"class_list":["post-14891","page","type-page","status-publish","hentry"],"_links":{"self":[{"href":"https:\/\/www.patrulrinpoche.net\/pl\/wp-json\/wp\/v2\/pages\/14891","targetHints":{"allow":["GET"]}}],"collection":[{"href":"https:\/\/www.patrulrinpoche.net\/pl\/wp-json\/wp\/v2\/pages"}],"about":[{"href":"https:\/\/www.patrulrinpoche.net\/pl\/wp-json\/wp\/v2\/types\/page"}],"author":[{"embeddable":true,"href":"https:\/\/www.patrulrinpoche.net\/pl\/wp-json\/wp\/v2\/users\/3"}],"replies":[{"embeddable":true,"href":"https:\/\/www.patrulrinpoche.net\/pl\/wp-json\/wp\/v2\/comments?post=14891"}],"version-history":[{"count":0,"href":"https:\/\/www.patrulrinpoche.net\/pl\/wp-json\/wp\/v2\/pages\/14891\/revisions"}],"wp:attachment":[{"href":"https:\/\/www.patrulrinpoche.net\/pl\/wp-json\/wp\/v2\/media?parent=14891"}],"curies":[{"name":"wp","href":"https:\/\/api.w.org\/{rel}","templated":true}]}}