{"id":18424,"date":"2026-02-15T09:18:10","date_gmt":"2026-02-15T08:18:10","guid":{"rendered":"https:\/\/www.patrulrinpoche.net\/?page_id=18424"},"modified":"2026-02-15T09:18:10","modified_gmt":"2026-02-15T08:18:10","slug":"prywatnosc","status":"publish","type":"page","link":"https:\/\/www.patrulrinpoche.net\/pl\/prywatnosc\/","title":{"rendered":"Prywatno\u015b\u0107"},"content":{"rendered":"<p>Prywatno\u015b\u0107<br \/>\nInformacja o ochronie prywatno\u015bci (RODO) \u2013 Formularze rejestracyjne<br \/>\nAdministrator: Dzogchen Gelek Palbar Ling, Rue de Mettet 300, 5620 Florennes, Namur, Belgia.<br \/>\nKontakt: info@dharmacity.net | +32 493 94 95 02.<\/p>\n<p>Gromadzone przez nas dane: imi\u0119 i nazwisko, adres e-mail, data urodzenia, p\u0142e\u0107, preferencje dotycz\u0105ce wydarzenia (t\u0142umaczenie, wyb\u00f3r miejsc), logistyka pobytu (zakwaterowanie, przyjazd\/wyjazd, preferencje dotycz\u0105ce wsp\u00f3\u0142lokator\u00f3w), posi\u0142ki, alergie pokarmowe, kontakt w nag\u0142ych wypadkach, zainteresowanie cz\u0142onkostwem oraz wszelkie dodane komentarze.<\/p>\n<p>Cele: zarz\u0105dzanie rejestracj\u0105 i komunikacj\u0105; organizacja zakwaterowania\/posi\u0142k\u00f3w\/miejsc\/t\u0142umacze\u0144; zapewnienie bezpiecze\u0144stwa i obs\u0142ugi sytuacji awaryjnych podczas wydarzenia. Organizatorzy i upowa\u017cnieni wolontariusze zaanga\u017cowani w administracj\u0119 wydarzenia mog\u0105 uzyska\u0107 dost\u0119p do danych rejestracyjnych.<\/p>\n<p>Podstawy prawne: wykonanie umowy \/ czynno\u015bci podejmowane na Pa\u0144stwa \u017cyczenie (rejestracja i udzia\u0142); uzasadnione interesy (praktyczna organizacja i bezpiecze\u0144stwo). Je\u015bli podasz informacje dotycz\u0105ce alergii\/stanu zdrowia, przetwarzamy je za Twoj\u0105 wyra\u017an\u0105 zgod\u0105 wy\u0142\u0105cznie w celu dostosowania si\u0119 do Twoich potrzeb dietetycznych.<\/p>\n<p>Odbiorcy\/podmioty przetwarzaj\u0105ce: dane s\u0105 przetwarzane przez Odoo (SaaS) we Francji i Belgii, a kopie zapasowe we Francji, Holandii i Szwecji. Odoo korzysta z podwykonawc\u00f3w OVH i Google w zakresie infrastruktury\/hostingu.<\/p>\n<p>Przechowywanie: Przechowujemy dane uczestnik\u00f3w przez maksymalnie 10 lat w oparciu o nasze uzasadnione interesy: w celu prowadzenia dok\u0142adnej historii obecno\u015bci, zarz\u0105dzania planowaniem i wszelkimi problemami\/sporami oraz uproszczenia przysz\u0142ych rejestracji. Mo\u017cesz sprzeciwi\u0107 si\u0119 temu przechowywaniu i w dowolnym momencie zrezygnowa\u0107 z otrzymywania e-maili z aktualizacjami dotycz\u0105cymi wydarze\u0144.<\/p>\n<p>Twoje prawa: dost\u0119p, sprostowanie, usuni\u0119cie, ograniczenie, przenoszenie, sprzeciw i cofni\u0119cie zgody w dowolnym momencie (bez wp\u0142ywu na wcze\u015bniejsze przetwarzanie). Mo\u017cesz z\u0142o\u017cy\u0107 skarg\u0119 do belgijskiego organu ochrony danych (APD\/GBA).<\/p>\n<p>Wa\u017cne: udost\u0119pniaj dane kontaktowe osoby kontaktowej w nag\u0142ych wypadkach tylko za jej zgod\u0105.<\/p>\n","protected":false},"excerpt":{"rendered":"<p>Prywatno\u015b\u0107 Informacja o ochronie prywatno\u015bci (RODO) \u2013 Formularze rejestracyjne Administrator: Dzogchen Gelek Palbar Ling, Rue de Mettet 300, 5620 Florennes, Namur, Belgia. Kontakt: info@dharmacity.net | +32 493 94 95 02. Gromadzone przez nas dane: imi\u0119 i nazwisko, adres e-mail, data urodzenia, p\u0142e\u0107, preferencje dotycz\u0105ce wydarzenia (t\u0142umaczenie, wyb\u00f3r miejsc), logistyka pobytu (zakwaterowanie, przyjazd\/wyjazd, preferencje dotycz\u0105ce wsp\u00f3\u0142lokator\u00f3w), [&hellip;]<\/p>\n","protected":false},"author":8,"featured_media":0,"parent":0,"menu_order":0,"comment_status":"closed","ping_status":"closed","template":"","meta":{"_et_pb_use_builder":"","_et_pb_old_content":"","_et_gb_content_width":"","footnotes":""},"class_list":["post-18424","page","type-page","status-publish","hentry"],"_links":{"self":[{"href":"https:\/\/www.patrulrinpoche.net\/pl\/wp-json\/wp\/v2\/pages\/18424","targetHints":{"allow":["GET"]}}],"collection":[{"href":"https:\/\/www.patrulrinpoche.net\/pl\/wp-json\/wp\/v2\/pages"}],"about":[{"href":"https:\/\/www.patrulrinpoche.net\/pl\/wp-json\/wp\/v2\/types\/page"}],"author":[{"embeddable":true,"href":"https:\/\/www.patrulrinpoche.net\/pl\/wp-json\/wp\/v2\/users\/8"}],"replies":[{"embeddable":true,"href":"https:\/\/www.patrulrinpoche.net\/pl\/wp-json\/wp\/v2\/comments?post=18424"}],"version-history":[{"count":0,"href":"https:\/\/www.patrulrinpoche.net\/pl\/wp-json\/wp\/v2\/pages\/18424\/revisions"}],"wp:attachment":[{"href":"https:\/\/www.patrulrinpoche.net\/pl\/wp-json\/wp\/v2\/media?parent=18424"}],"curies":[{"name":"wp","href":"https:\/\/api.w.org\/{rel}","templated":true}]}}